{"id":29198,"date":"2026-04-24T08:17:39","date_gmt":"2026-04-24T07:17:39","guid":{"rendered":"https:\/\/calerodiving.com\/advanced-wreck-diving\/"},"modified":"2026-04-24T08:34:07","modified_gmt":"2026-04-24T07:34:07","slug":"advanced-wreck-diving-3","status":"publish","type":"page","link":"https:\/\/calerodiving.com\/fr\/advanced-wreck-diving-3\/","title":{"rendered":"Advanced Wreck Diving"},"content":{"rendered":"\t\t<div data-elementor-type=\"wp-page\" data-elementor-id=\"29198\" class=\"elementor elementor-29198 elementor-29162\" data-elementor-post-type=\"page\">\n\t\t\t\t<div class=\"elementor-element elementor-element-3be2401 e-flex e-con-boxed e-con e-parent\" data-id=\"3be2401\" data-element_type=\"container\" data-e-type=\"container\">\n\t\t\t\t\t<div class=\"e-con-inner\">\n\t\t<div class=\"elementor-element elementor-element-ac05a8d e-con-full e-flex e-con e-child\" data-id=\"ac05a8d\" data-element_type=\"container\" data-e-type=\"container\">\n\t\t\t\t<div class=\"elementor-element elementor-element-c13a6c9 elementor-widget elementor-widget-image\" data-id=\"c13a6c9\" data-element_type=\"widget\" data-e-type=\"widget\" data-widget_type=\"image.default\">\n\t\t\t\t<div class=\"elementor-widget-container\">\n\t\t\t\t\t\t\t\t\t\t\t\t\t\t\t<img fetchpriority=\"high\" decoding=\"async\" width=\"690\" height=\"438\" src=\"https:\/\/calerodiving.com\/wp-content\/uploads\/2026\/04\/Advanced-Wreck-Diving_lanzarote_calero.jpg\" class=\"attachment-large size-large wp-image-29165\" alt=\"\" srcset=\"https:\/\/calerodiving.com\/wp-content\/uploads\/2026\/04\/Advanced-Wreck-Diving_lanzarote_calero.jpg 690w, https:\/\/calerodiving.com\/wp-content\/uploads\/2026\/04\/Advanced-Wreck-Diving_lanzarote_calero-300x190.jpg 300w\" sizes=\"(max-width: 690px) 100vw, 690px\" \/>\t\t\t\t\t\t\t\t\t\t\t\t\t\t\t<\/div>\n\t\t\t\t<\/div>\n\t\t\t\t<\/div>\n\t\t<div class=\"elementor-element elementor-element-157b33f e-con-full e-flex e-con e-child\" data-id=\"157b33f\" data-element_type=\"container\" data-e-type=\"container\">\n\t\t<div class=\"elementor-element elementor-element-d6cc48f e-con-full e-flex e-con e-child\" data-id=\"d6cc48f\" data-element_type=\"container\" data-e-type=\"container\">\n\t\t\t\t<div class=\"elementor-element elementor-element-c9bd462 elementor-widget elementor-widget-html\" data-id=\"c9bd462\" data-element_type=\"widget\" data-e-type=\"widget\" data-widget_type=\"html.default\">\n\t\t\t\t<div class=\"elementor-widget-container\">\n\t\t\t\t\t<a href=\"https:\/\/calerodiving.com\/fr\/cours-de-plongee-loisir\/#recreational\" class=\"tag-button\">recreational<\/a>\n\t\t\t\t<\/div>\n\t\t\t\t<\/div>\n\t\t\t\t<div class=\"elementor-element elementor-element-03d5541 elementor-widget elementor-widget-heading\" data-id=\"03d5541\" data-element_type=\"widget\" data-e-type=\"widget\" data-widget_type=\"heading.default\">\n\t\t\t\t<div class=\"elementor-widget-container\">\n\t\t\t\t\t<h2 class=\"elementor-heading-title elementor-size-default\">Advanced Wreck Diving<\/h2>\t\t\t\t<\/div>\n\t\t\t\t<\/div>\n\t\t\t\t<\/div>\n\t\t\t\t<\/div>\n\t\t\t\t\t<\/div>\n\t\t\t\t<\/div>\n\t\t<div class=\"elementor-element elementor-element-3755977 e-flex e-con-boxed e-con e-parent\" data-id=\"3755977\" data-element_type=\"container\" data-e-type=\"container\">\n\t\t\t\t\t<div class=\"e-con-inner\">\n\t\t<div class=\"elementor-element elementor-element-c22980e e-con-full e-flex e-con e-child\" data-id=\"c22980e\" data-element_type=\"container\" data-e-type=\"container\">\n\t\t<div class=\"elementor-element elementor-element-9fb93dc e-con-full e-flex e-con e-child\" data-id=\"9fb93dc\" data-element_type=\"container\" data-e-type=\"container\">\n\t\t\t\t<div class=\"elementor-element elementor-element-54f82d1 elementor-widget elementor-widget-heading\" data-id=\"54f82d1\" data-element_type=\"widget\" data-e-type=\"widget\" data-widget_type=\"heading.default\">\n\t\t\t\t<div class=\"elementor-widget-container\">\n\t\t\t\t\t<h2 class=\"elementor-heading-title elementor-size-default\">Explore les \u00e9paves avec confiance et ma\u00eetrise<\/h2>\t\t\t\t<\/div>\n\t\t\t\t<\/div>\n\t\t\t\t<div class=\"elementor-element elementor-element-b163460 elementor-widget elementor-widget-text-editor\" data-id=\"b163460\" data-element_type=\"widget\" data-e-type=\"widget\" data-widget_type=\"text-editor.default\">\n\t\t\t\t<div class=\"elementor-widget-container\">\n\t\t\t\t\t\t\t\t\t<div class=\"section-list\"><h3>Advanced Wreck Diving<\/h3><p>Va au-del\u00e0 de la plong\u00e9e sur \u00e9pave de base et explore des environnements d\u2019\u00e9paves plus avanc\u00e9s avec plus de contr\u00f4le et de confiance<\/p><p><span style=\"font-family: -apple-system, BlinkMacSystemFont, 'SF Pro Display', 'Helvetica Neue', sans-serif;\">La sp\u00e9cialit\u00e9 SSI Advanced Wreck Diving s\u2019adresse aux plongeurs qui appr\u00e9cient d\u00e9j\u00e0 la plong\u00e9e sur \u00e9pave et qui souhaitent d\u00e9velopper un niveau sup\u00e9rieur de confiance, de pr\u00e9cision et d\u2019attention dans des environnements d\u2019\u00e9paves plus avanc\u00e9s.<\/span><\/p><p><span style=\"font-family: -apple-system, BlinkMacSystemFont, 'SF Pro Display', 'Helvetica Neue', sans-serif;\">Les \u00e9paves font partie des sites de plong\u00e9e les plus fascinants de l\u2019oc\u00e9an, mais elles exigent aussi une approche plus rigoureuse. La structure, la profondeur, l\u2019orientation, la visibilit\u00e9 et les consid\u00e9rations li\u00e9es \u00e0 l\u2019environnement ferm\u00e9 font de la plong\u00e9e avanc\u00e9e sur \u00e9pave une sp\u00e9cialit\u00e9 o\u00f9 la formation, le contr\u00f4le et la prise de d\u00e9cision comptent r\u00e9ellement.<\/span><\/p><h3>D\u00e9veloppe plus d\u2019assurance autour de structures d\u2019\u00e9paves plus complexes<\/h3><p><span style=\"font-family: -apple-system, BlinkMacSystemFont, 'SF Pro Display', 'Helvetica Neue', sans-serif;\">Ce cours est id\u00e9al pour les plongeurs qui souhaitent aller au-del\u00e0 de la simple visite ext\u00e9rieure d\u2019une \u00e9pave et d\u00e9velopper les comp\u00e9tences n\u00e9cessaires pour aborder des sc\u00e9narios d\u2019\u00e9paves plus avanc\u00e9s de mani\u00e8re plus s\u00fbre, plus ma\u00eetris\u00e9e et plus r\u00e9fl\u00e9chie.<\/span><\/p><p><span style=\"font-family: -apple-system, BlinkMacSystemFont, 'SF Pro Display', 'Helvetica Neue', sans-serif;\">Au fil de plusieurs jours de formation, tu am\u00e9lioreras ta compr\u00e9hension de l\u2019utilisation des lignes, de la navigation, de la communication en \u00e9quipe, de la configuration de l\u2019\u00e9quipement et de la mani\u00e8re d\u2019\u00e9voluer autour des structures d\u2019\u00e9paves avec plus de confiance et de pr\u00e9cision.<\/span><\/p><h3>Que vas-tu apprendre ?<\/h3><ul><li>planification sp\u00e9cifique aux \u00e9paves<\/li><li>identification des dangers et gestion des risques<\/li><li>navigation autour et \u00e0 l\u2019int\u00e9rieur des structures d\u2019\u00e9paves<\/li><li>gestion des lignes et proc\u00e9dures avec d\u00e9vidoir<\/li><li>positionnement et communication en \u00e9quipe<\/li><li>flottabilit\u00e9, trim et techniques de propulsion en environnement d\u2019\u00e9pave<\/li><li>d\u00e9placement s\u00fbr dans des environnements de type overhead<\/li><li>prise de d\u00e9cision responsable et respect de ses limites personnelles<\/li><\/ul><h3>Remarque importante<\/h3><p><span style=\"font-family: -apple-system, BlinkMacSystemFont, 'SF Pro Display', 'Helvetica Neue', sans-serif;\">Ce cours est con\u00e7u pour faire \u00e9voluer tes comp\u00e9tences en plong\u00e9e sur \u00e9pave vers un niveau plus avanc\u00e9, mais toute la formation doit toujours rester dans les standards et limites de la certification enseign\u00e9e.<\/span><\/p><h3>Informations sur le cours<\/h3><ul><li>Dur\u00e9e : 3\u20134 jours<\/li><li>Comprend : 1 session \u00e0 sec \u00e0 terre, 4 plong\u00e9es en milieu naturel, supports num\u00e9riques et certification SSI Advanced Wreck Diving<\/li><li>Conditions requises : certification Wreck Diving ou exp\u00e9rience \u00e9quivalente, ainsi qu\u2019un niveau d\u2019exp\u00e9rience adapt\u00e9 \u00e0 une formation avanc\u00e9e<\/li><li>Non inclus : assurance plong\u00e9e, location d\u2019\u00e9quipement et tout \u00e9quipement sp\u00e9cifique \u00e0 la sp\u00e9cialit\u00e9 non express\u00e9ment inclus<\/li><\/ul><h3>Autres cours susceptibles de t\u2019int\u00e9resser<\/h3><ul><li>Perfect Buoyancy<\/li><li>Recreational Sidemount Diving<\/li><li>Independent Diving<\/li><li>Scooter \/ DPV Diving<\/li><\/ul><\/div>\t\t\t\t\t\t\t\t<\/div>\n\t\t\t\t<\/div>\n\t\t\t\t<\/div>\n\t\t\t\t<\/div>\n\t\t<div class=\"elementor-element elementor-element-7051abe e-con-full e-flex e-con e-child\" data-id=\"7051abe\" data-element_type=\"container\" data-e-type=\"container\">\n\t\t<div class=\"elementor-element elementor-element-5cd02d4 e-con-full course-sidebar-box e-flex e-con e-child\" data-id=\"5cd02d4\" data-element_type=\"container\" data-e-type=\"container\" data-settings=\"{&quot;sticky&quot;:&quot;top&quot;,&quot;sticky_offset&quot;:110,&quot;sticky_effects_offset&quot;:130,&quot;sticky_parent&quot;:&quot;yes&quot;,&quot;sticky_on&quot;:[&quot;desktop&quot;,&quot;tablet&quot;,&quot;mobile&quot;],&quot;sticky_anchor_link_offset&quot;:0}\">\n\t\t\t\t<div class=\"elementor-element elementor-element-c8ca203 elementor-widget elementor-widget-text-editor\" data-id=\"c8ca203\" data-element_type=\"widget\" data-e-type=\"widget\" data-widget_type=\"text-editor.default\">\n\t\t\t\t<div class=\"elementor-widget-container\">\n\t\t\t\t\t\t\t\t\t<div class=\"courses-info\"><h6 class=\"no-margin\">Dur\u00e9e:<\/h6><p class=\"no-margin\">3 &#8211; 4 jours<\/p><\/div><div class=\"courses-info\"><h6 class=\"no-margin\">Prix:<\/h6><p class=\"no-margin\">\u00c0 partir de\u00a0 \u20ac<\/p><\/div>\t\t\t\t\t\t\t\t<\/div>\n\t\t\t\t<\/div>\n\t\t\t\t<div class=\"elementor-element elementor-element-d2ab093 elementor-mobile-align-center elementor-widget elementor-widget-button\" data-id=\"d2ab093\" data-element_type=\"widget\" data-e-type=\"widget\" data-widget_type=\"button.default\">\n\t\t\t\t<div class=\"elementor-widget-container\">\n\t\t\t\t\t\t\t\t\t<div class=\"elementor-button-wrapper\">\n\t\t\t\t\t<a class=\"elementor-button elementor-button-link elementor-size-sm\" href=\"https:\/\/booking.calerodiving.com\/front\/6213b2319a1bbf005fa0b870\/product\/69eb1c50e8ef599459b7fc7a\" target=\"_blank\">\n\t\t\t\t\t\t<span class=\"elementor-button-content-wrapper\">\n\t\t\t\t\t\t\t\t\t<span class=\"elementor-button-text\">R\u00e9server le cours<\/span>\n\t\t\t\t\t<\/span>\n\t\t\t\t\t<\/a>\n\t\t\t\t<\/div>\n\t\t\t\t\t\t\t\t<\/div>\n\t\t\t\t<\/div>\n\t\t\t\t<\/div>\n\t\t\t\t<\/div>\n\t\t\t\t\t<\/div>\n\t\t\t\t<\/div>\n\t\t\t\t<\/div>\n\t\t","protected":false},"excerpt":{"rendered":"<p>recreational Advanced Wreck Diving Explore les \u00e9paves avec confiance et ma\u00eetrise Advanced Wreck Diving Va au-del\u00e0 de la plong\u00e9e sur \u00e9pave de base et explore des environnements d\u2019\u00e9paves plus avanc\u00e9s avec plus de contr\u00f4le et de confiance La sp\u00e9cialit\u00e9 SSI Advanced Wreck Diving s\u2019adresse aux plongeurs qui appr\u00e9cient d\u00e9j\u00e0 la plong\u00e9e sur \u00e9pave et qui [&hellip;]<\/p>\n","protected":false},"author":10,"featured_media":0,"parent":0,"menu_order":0,"comment_status":"closed","ping_status":"closed","template":"","meta":{"_acf_changed":false,"footnotes":""},"class_list":["post-29198","page","type-page","status-publish","hentry"],"acf":[],"yoast_head":"<!-- This site is optimized with the Yoast SEO plugin v27.5 - https:\/\/yoast.com\/product\/yoast-seo-wordpress\/ -->\n<title>Advanced Wreck Diving | Calero Diving Lanzarote<\/title>\n<meta name=\"robots\" content=\"index, follow, max-snippet:-1, max-image-preview:large, max-video-preview:-1\" \/>\n<link rel=\"canonical\" href=\"https:\/\/calerodiving.com\/advanced-wreck-diving\/\" \/>\n<meta property=\"og:locale\" content=\"fr_FR\" \/>\n<meta property=\"og:type\" content=\"article\" \/>\n<meta property=\"og:title\" content=\"Advanced Wreck Diving | Calero Diving Lanzarote\" \/>\n<meta property=\"og:description\" content=\"recreational Advanced Wreck Diving Explore les \u00e9paves avec confiance et ma\u00eetrise Advanced Wreck Diving Va au-del\u00e0 de la plong\u00e9e sur \u00e9pave de base et explore des environnements d\u2019\u00e9paves plus avanc\u00e9s avec plus de contr\u00f4le et de confiance La sp\u00e9cialit\u00e9 SSI Advanced Wreck Diving s\u2019adresse aux plongeurs qui appr\u00e9cient d\u00e9j\u00e0 la plong\u00e9e sur \u00e9pave et qui [&hellip;]\" \/>\n<meta property=\"og:url\" content=\"https:\/\/calerodiving.com\/advanced-wreck-diving\/\" \/>\n<meta property=\"og:site_name\" content=\"Calero Diving Lanzarote\" \/>\n<meta property=\"article:publisher\" content=\"https:\/\/www.facebook.com\/calerodiving\/\" \/>\n<meta property=\"article:modified_time\" content=\"2026-04-24T07:34:07+00:00\" \/>\n<meta property=\"og:image\" content=\"https:\/\/calerodiving.com\/wp-content\/uploads\/2026\/04\/Advanced-Wreck-Diving_lanzarote_calero.jpg\" \/>\n\t<meta property=\"og:image:width\" content=\"690\" \/>\n\t<meta property=\"og:image:height\" content=\"438\" \/>\n\t<meta property=\"og:image:type\" content=\"image\/jpeg\" \/>\n<meta name=\"twitter:card\" content=\"summary_large_image\" \/>\n<meta name=\"twitter:label1\" content=\"Dur\u00e9e de lecture estim\u00e9e\" \/>\n\t<meta name=\"twitter:data1\" content=\"3 minutes\" \/>\n<script type=\"application\/ld+json\" class=\"yoast-schema-graph\">{\"@context\":\"https:\\\/\\\/schema.org\",\"@graph\":[{\"@type\":\"WebPage\",\"@id\":\"https:\\\/\\\/calerodiving.com\\\/advanced-wreck-diving\\\/\",\"url\":\"https:\\\/\\\/calerodiving.com\\\/advanced-wreck-diving\\\/\",\"name\":\"Advanced Wreck Diving | Calero Diving Lanzarote\",\"isPartOf\":{\"@id\":\"https:\\\/\\\/calerodiving.com\\\/#website\"},\"primaryImageOfPage\":{\"@id\":\"https:\\\/\\\/calerodiving.com\\\/advanced-wreck-diving\\\/#primaryimage\"},\"image\":{\"@id\":\"https:\\\/\\\/calerodiving.com\\\/advanced-wreck-diving\\\/#primaryimage\"},\"thumbnailUrl\":\"https:\\\/\\\/calerodiving.com\\\/wp-content\\\/uploads\\\/2026\\\/04\\\/Advanced-Wreck-Diving_lanzarote_calero.jpg\",\"datePublished\":\"2026-04-24T07:17:39+00:00\",\"dateModified\":\"2026-04-24T07:34:07+00:00\",\"breadcrumb\":{\"@id\":\"https:\\\/\\\/calerodiving.com\\\/advanced-wreck-diving\\\/#breadcrumb\"},\"inLanguage\":\"fr-FR\",\"potentialAction\":[{\"@type\":\"ReadAction\",\"target\":[\"https:\\\/\\\/calerodiving.com\\\/advanced-wreck-diving\\\/\"]}]},{\"@type\":\"ImageObject\",\"inLanguage\":\"fr-FR\",\"@id\":\"https:\\\/\\\/calerodiving.com\\\/advanced-wreck-diving\\\/#primaryimage\",\"url\":\"https:\\\/\\\/calerodiving.com\\\/wp-content\\\/uploads\\\/2026\\\/04\\\/Advanced-Wreck-Diving_lanzarote_calero.jpg\",\"contentUrl\":\"https:\\\/\\\/calerodiving.com\\\/wp-content\\\/uploads\\\/2026\\\/04\\\/Advanced-Wreck-Diving_lanzarote_calero.jpg\"},{\"@type\":\"BreadcrumbList\",\"@id\":\"https:\\\/\\\/calerodiving.com\\\/advanced-wreck-diving\\\/#breadcrumb\",\"itemListElement\":[{\"@type\":\"ListItem\",\"position\":1,\"name\":\"Home\",\"item\":\"https:\\\/\\\/calerodiving.com\\\/es\\\/\"},{\"@type\":\"ListItem\",\"position\":2,\"name\":\"Advanced Wreck Diving\"}]},{\"@type\":\"WebSite\",\"@id\":\"https:\\\/\\\/calerodiving.com\\\/#website\",\"url\":\"https:\\\/\\\/calerodiving.com\\\/\",\"name\":\"Calero Diving Lanzarote\",\"description\":\"Dive Center - Marina Puerto Calero Lanzarote\",\"publisher\":{\"@id\":\"https:\\\/\\\/calerodiving.com\\\/#organization\"},\"alternateName\":\"Calero Diving\",\"potentialAction\":[{\"@type\":\"SearchAction\",\"target\":{\"@type\":\"EntryPoint\",\"urlTemplate\":\"https:\\\/\\\/calerodiving.com\\\/?s={search_term_string}\"},\"query-input\":{\"@type\":\"PropertyValueSpecification\",\"valueRequired\":true,\"valueName\":\"search_term_string\"}}],\"inLanguage\":\"fr-FR\"},{\"@type\":\"Organization\",\"@id\":\"https:\\\/\\\/calerodiving.com\\\/#organization\",\"name\":\"Calero Diving Lanzarote\",\"alternateName\":\"Calero Diving\",\"url\":\"https:\\\/\\\/calerodiving.com\\\/\",\"logo\":{\"@type\":\"ImageObject\",\"inLanguage\":\"fr-FR\",\"@id\":\"https:\\\/\\\/calerodiving.com\\\/#\\\/schema\\\/logo\\\/image\\\/\",\"url\":\"https:\\\/\\\/calerodiving.com\\\/wp-content\\\/uploads\\\/2025\\\/05\\\/Grupo.png\",\"contentUrl\":\"https:\\\/\\\/calerodiving.com\\\/wp-content\\\/uploads\\\/2025\\\/05\\\/Grupo.png\",\"width\":499,\"height\":590,\"caption\":\"Calero Diving Lanzarote\"},\"image\":{\"@id\":\"https:\\\/\\\/calerodiving.com\\\/#\\\/schema\\\/logo\\\/image\\\/\"},\"sameAs\":[\"https:\\\/\\\/www.facebook.com\\\/calerodiving\\\/\",\"https:\\\/\\\/www.instagram.com\\\/calerodiving\\\/\"]}]}<\/script>\n<!-- \/ Yoast SEO plugin. -->","yoast_head_json":{"title":"Advanced Wreck Diving | Calero Diving Lanzarote","robots":{"index":"index","follow":"follow","max-snippet":"max-snippet:-1","max-image-preview":"max-image-preview:large","max-video-preview":"max-video-preview:-1"},"canonical":"https:\/\/calerodiving.com\/advanced-wreck-diving\/","og_locale":"fr_FR","og_type":"article","og_title":"Advanced Wreck Diving | Calero Diving Lanzarote","og_description":"recreational Advanced Wreck Diving Explore les \u00e9paves avec confiance et ma\u00eetrise Advanced Wreck Diving Va au-del\u00e0 de la plong\u00e9e sur \u00e9pave de base et explore des environnements d\u2019\u00e9paves plus avanc\u00e9s avec plus de contr\u00f4le et de confiance La sp\u00e9cialit\u00e9 SSI Advanced Wreck Diving s\u2019adresse aux plongeurs qui appr\u00e9cient d\u00e9j\u00e0 la plong\u00e9e sur \u00e9pave et qui [&hellip;]","og_url":"https:\/\/calerodiving.com\/advanced-wreck-diving\/","og_site_name":"Calero Diving Lanzarote","article_publisher":"https:\/\/www.facebook.com\/calerodiving\/","article_modified_time":"2026-04-24T07:34:07+00:00","og_image":[{"width":690,"height":438,"url":"https:\/\/calerodiving.com\/wp-content\/uploads\/2026\/04\/Advanced-Wreck-Diving_lanzarote_calero.jpg","type":"image\/jpeg"}],"twitter_card":"summary_large_image","twitter_misc":{"Dur\u00e9e de lecture estim\u00e9e":"3 minutes"},"schema":{"@context":"https:\/\/schema.org","@graph":[{"@type":"WebPage","@id":"https:\/\/calerodiving.com\/advanced-wreck-diving\/","url":"https:\/\/calerodiving.com\/advanced-wreck-diving\/","name":"Advanced Wreck Diving | Calero Diving Lanzarote","isPartOf":{"@id":"https:\/\/calerodiving.com\/#website"},"primaryImageOfPage":{"@id":"https:\/\/calerodiving.com\/advanced-wreck-diving\/#primaryimage"},"image":{"@id":"https:\/\/calerodiving.com\/advanced-wreck-diving\/#primaryimage"},"thumbnailUrl":"https:\/\/calerodiving.com\/wp-content\/uploads\/2026\/04\/Advanced-Wreck-Diving_lanzarote_calero.jpg","datePublished":"2026-04-24T07:17:39+00:00","dateModified":"2026-04-24T07:34:07+00:00","breadcrumb":{"@id":"https:\/\/calerodiving.com\/advanced-wreck-diving\/#breadcrumb"},"inLanguage":"fr-FR","potentialAction":[{"@type":"ReadAction","target":["https:\/\/calerodiving.com\/advanced-wreck-diving\/"]}]},{"@type":"ImageObject","inLanguage":"fr-FR","@id":"https:\/\/calerodiving.com\/advanced-wreck-diving\/#primaryimage","url":"https:\/\/calerodiving.com\/wp-content\/uploads\/2026\/04\/Advanced-Wreck-Diving_lanzarote_calero.jpg","contentUrl":"https:\/\/calerodiving.com\/wp-content\/uploads\/2026\/04\/Advanced-Wreck-Diving_lanzarote_calero.jpg"},{"@type":"BreadcrumbList","@id":"https:\/\/calerodiving.com\/advanced-wreck-diving\/#breadcrumb","itemListElement":[{"@type":"ListItem","position":1,"name":"Home","item":"https:\/\/calerodiving.com\/es\/"},{"@type":"ListItem","position":2,"name":"Advanced Wreck Diving"}]},{"@type":"WebSite","@id":"https:\/\/calerodiving.com\/#website","url":"https:\/\/calerodiving.com\/","name":"Calero Diving Lanzarote","description":"Dive Center - Marina Puerto Calero Lanzarote","publisher":{"@id":"https:\/\/calerodiving.com\/#organization"},"alternateName":"Calero Diving","potentialAction":[{"@type":"SearchAction","target":{"@type":"EntryPoint","urlTemplate":"https:\/\/calerodiving.com\/?s={search_term_string}"},"query-input":{"@type":"PropertyValueSpecification","valueRequired":true,"valueName":"search_term_string"}}],"inLanguage":"fr-FR"},{"@type":"Organization","@id":"https:\/\/calerodiving.com\/#organization","name":"Calero Diving Lanzarote","alternateName":"Calero Diving","url":"https:\/\/calerodiving.com\/","logo":{"@type":"ImageObject","inLanguage":"fr-FR","@id":"https:\/\/calerodiving.com\/#\/schema\/logo\/image\/","url":"https:\/\/calerodiving.com\/wp-content\/uploads\/2025\/05\/Grupo.png","contentUrl":"https:\/\/calerodiving.com\/wp-content\/uploads\/2025\/05\/Grupo.png","width":499,"height":590,"caption":"Calero Diving Lanzarote"},"image":{"@id":"https:\/\/calerodiving.com\/#\/schema\/logo\/image\/"},"sameAs":["https:\/\/www.facebook.com\/calerodiving\/","https:\/\/www.instagram.com\/calerodiving\/"]}]}},"_links":{"self":[{"href":"https:\/\/calerodiving.com\/fr\/wp-json\/wp\/v2\/pages\/29198","targetHints":{"allow":["GET"]}}],"collection":[{"href":"https:\/\/calerodiving.com\/fr\/wp-json\/wp\/v2\/pages"}],"about":[{"href":"https:\/\/calerodiving.com\/fr\/wp-json\/wp\/v2\/types\/page"}],"author":[{"embeddable":true,"href":"https:\/\/calerodiving.com\/fr\/wp-json\/wp\/v2\/users\/10"}],"replies":[{"embeddable":true,"href":"https:\/\/calerodiving.com\/fr\/wp-json\/wp\/v2\/comments?post=29198"}],"version-history":[{"count":8,"href":"https:\/\/calerodiving.com\/fr\/wp-json\/wp\/v2\/pages\/29198\/revisions"}],"predecessor-version":[{"id":29231,"href":"https:\/\/calerodiving.com\/fr\/wp-json\/wp\/v2\/pages\/29198\/revisions\/29231"}],"wp:attachment":[{"href":"https:\/\/calerodiving.com\/fr\/wp-json\/wp\/v2\/media?parent=29198"}],"curies":[{"name":"wp","href":"https:\/\/api.w.org\/{rel}","templated":true}]}}