{"id":27055,"date":"2026-03-06T14:27:55","date_gmt":"2026-03-06T13:27:55","guid":{"rendered":"https:\/\/calerodiving.com\/ssi-master-diver\/"},"modified":"2026-04-23T12:51:06","modified_gmt":"2026-04-23T11:51:06","slug":"ssi-master-diver","status":"publish","type":"page","link":"https:\/\/calerodiving.com\/fr\/ssi-master-diver\/","title":{"rendered":"SSI Master Diver"},"content":{"rendered":"\t\t<div data-elementor-type=\"wp-page\" data-elementor-id=\"27055\" class=\"elementor elementor-27055 elementor-26971\" data-elementor-post-type=\"page\">\n\t\t\t\t<div class=\"elementor-element elementor-element-a673151 e-flex e-con-boxed e-con e-parent\" data-id=\"a673151\" data-element_type=\"container\" data-e-type=\"container\">\n\t\t\t\t\t<div class=\"e-con-inner\">\n\t\t<div class=\"elementor-element elementor-element-7773dff e-con-full e-flex e-con e-child\" data-id=\"7773dff\" data-element_type=\"container\" data-e-type=\"container\">\n\t\t\t\t<div class=\"elementor-element elementor-element-ff339f9 elementor-widget elementor-widget-image\" data-id=\"ff339f9\" data-element_type=\"widget\" data-e-type=\"widget\" data-widget_type=\"image.default\">\n\t\t\t\t<div class=\"elementor-widget-container\">\n\t\t\t\t\t\t\t\t\t\t\t\t\t\t\t<img fetchpriority=\"high\" decoding=\"async\" width=\"350\" height=\"222\" src=\"https:\/\/calerodiving.com\/wp-content\/uploads\/2026\/03\/Calero_diving_master_diver_curso_de_buceo_en_lanzarote_26b0e99816.jpg\" class=\"attachment-large size-large wp-image-26912\" alt=\"\" srcset=\"https:\/\/calerodiving.com\/wp-content\/uploads\/2026\/03\/Calero_diving_master_diver_curso_de_buceo_en_lanzarote_26b0e99816.jpg 350w, https:\/\/calerodiving.com\/wp-content\/uploads\/2026\/03\/Calero_diving_master_diver_curso_de_buceo_en_lanzarote_26b0e99816-300x190.jpg 300w\" sizes=\"(max-width: 350px) 100vw, 350px\" \/>\t\t\t\t\t\t\t\t\t\t\t\t\t\t\t<\/div>\n\t\t\t\t<\/div>\n\t\t\t\t<\/div>\n\t\t<div class=\"elementor-element elementor-element-f72eb71 e-con-full e-flex e-con e-child\" data-id=\"f72eb71\" data-element_type=\"container\" data-e-type=\"container\">\n\t\t<div class=\"elementor-element elementor-element-53d216a e-con-full e-flex e-con e-child\" data-id=\"53d216a\" data-element_type=\"container\" data-e-type=\"container\">\n\t\t\t\t<div class=\"elementor-element elementor-element-b9e4ea3 elementor-widget elementor-widget-html\" data-id=\"b9e4ea3\" data-element_type=\"widget\" data-e-type=\"widget\" data-widget_type=\"html.default\">\n\t\t\t\t<div class=\"elementor-widget-container\">\n\t\t\t\t\t<a href=\"https:\/\/calerodiving.com\/fr\/cours-de-plongee-loisir\/#recreational\" class=\"tag-button\">r\u00e9cr\u00e9atif<\/a>\n\t\t\t\t<\/div>\n\t\t\t\t<\/div>\n\t\t\t\t<div class=\"elementor-element elementor-element-bb30825 elementor-widget elementor-widget-heading\" data-id=\"bb30825\" data-element_type=\"widget\" data-e-type=\"widget\" data-widget_type=\"heading.default\">\n\t\t\t\t<div class=\"elementor-widget-container\">\n\t\t\t\t\t<h2 class=\"elementor-heading-title elementor-size-default\">SSI Master Diver\n<\/h2>\t\t\t\t<\/div>\n\t\t\t\t<\/div>\n\t\t\t\t<\/div>\n\t\t\t\t<\/div>\n\t\t\t\t\t<\/div>\n\t\t\t\t<\/div>\n\t\t<div class=\"elementor-element elementor-element-f9772ae e-flex e-con-boxed e-con e-parent\" data-id=\"f9772ae\" data-element_type=\"container\" data-e-type=\"container\">\n\t\t\t\t\t<div class=\"e-con-inner\">\n\t\t<div class=\"elementor-element elementor-element-9cf3943 e-con-full e-flex e-con e-child\" data-id=\"9cf3943\" data-element_type=\"container\" data-e-type=\"container\">\n\t\t<div class=\"elementor-element elementor-element-1cd1351 e-con-full e-flex e-con e-child\" data-id=\"1cd1351\" data-element_type=\"container\" data-e-type=\"container\">\n\t\t\t\t<div class=\"elementor-element elementor-element-19e8153 elementor-widget elementor-widget-text-editor\" data-id=\"19e8153\" data-element_type=\"widget\" data-e-type=\"widget\" data-widget_type=\"text-editor.default\">\n\t\t\t\t<div class=\"elementor-widget-container\">\n\t\t\t\t\t\t\t\t\t<div class=\"section-list\">\n<h3>Aper\u00e7u du programme :<\/h3>\nLe titre de Master Diver est la plus haute distinction en plong\u00e9e loisir. L&rsquo;obtention de cette certification requiert une combinaison d&rsquo;exp\u00e9rience, de comp\u00e9tences, de connaissances et la capacit\u00e9 d&rsquo;assister d&rsquo;autres plongeurs dans certaines situations.\n\nLes connaissances et les comp\u00e9tences s&rsquo;acqui\u00e8rent en compl\u00e9tant cinq sp\u00e9cialit\u00e9s, dont le cours SSI \u00ab\u00a0Gestion du stress et sauvetage en plong\u00e9e\u00a0\u00bb et la plong\u00e9e profonde. Il est \u00e9galement n\u00e9cessaire d&rsquo;avoir effectu\u00e9 un total de 50 plong\u00e9es enregistr\u00e9es.\n<h3>Dur\u00e9e<\/h3>\n<ul>\n \t<li>Variable<\/li>\n<\/ul>\n<h3>Comprend<\/h3>\n<ul>\n \t<li>Niveau de reconnaissance SSI Master Diver<\/li>\n \t<li>Excursions en bateau<\/li>\n<\/ul>\n<h3>Exigences<\/h3>\n<ul>\n \t<li>5 sp\u00e9cialit\u00e9s, dont deux doivent \u00eatre les cours SSI Plongeur Stress &#038; Sauvetage et Plong\u00e9e Profonde<\/li>\n \t<li>50 plong\u00e9es enregistr\u00e9es<\/li>\n<\/ul>\n<h3>N&rsquo;inclut pas<\/h3>\n<ul>\n \t<li>Assurance plong\u00e9e<\/li>\n \t<li>Location de mat\u00e9riel<\/li>\n<\/ul>\n<h3>Autres cours qui pourraient vous int\u00e9resser<\/h3>\n<ul>\n \t<li><a href=\"https:\/\/calerodiving.com\/fr\/ssi-open-water-diver\/\">Plongeur en eau libre<\/a><\/li>\n<\/ul>\n<\/div>\t\t\t\t\t\t\t\t<\/div>\n\t\t\t\t<\/div>\n\t\t\t\t<\/div>\n\t\t\t\t<\/div>\n\t\t<div class=\"elementor-element elementor-element-b797a79 e-con-full e-flex e-con e-child\" data-id=\"b797a79\" data-element_type=\"container\" data-e-type=\"container\">\n\t\t<div class=\"elementor-element elementor-element-a0bf681 e-con-full course-sidebar-box e-flex e-con e-child\" data-id=\"a0bf681\" data-element_type=\"container\" data-e-type=\"container\" data-settings=\"{&quot;sticky&quot;:&quot;top&quot;,&quot;sticky_offset&quot;:110,&quot;sticky_effects_offset&quot;:130,&quot;sticky_parent&quot;:&quot;yes&quot;,&quot;sticky_on&quot;:[&quot;desktop&quot;,&quot;tablet&quot;,&quot;mobile&quot;],&quot;sticky_anchor_link_offset&quot;:0}\">\n\t\t\t\t<div class=\"elementor-element elementor-element-bd2249d elementor-widget elementor-widget-text-editor\" data-id=\"bd2249d\" data-element_type=\"widget\" data-e-type=\"widget\" data-widget_type=\"text-editor.default\">\n\t\t\t\t<div class=\"elementor-widget-container\">\n\t\t\t\t\t\t\t\t\t<div class=\"courses-info\"><h6 class=\"no-margin\">Dur\u00e9e:<\/h6><p class=\"no-margin\">Variable<\/p><\/div><div class=\"courses-info\"><h6 class=\"no-margin\">Prix:<\/h6><p class=\"no-margin\">\u00c0 partir de 250 \u20ac<\/p><\/div>\t\t\t\t\t\t\t\t<\/div>\n\t\t\t\t<\/div>\n\t\t\t\t<div class=\"elementor-element elementor-element-5d735c8 elementor-mobile-align-center elementor-widget elementor-widget-button\" data-id=\"5d735c8\" data-element_type=\"widget\" data-e-type=\"widget\" data-widget_type=\"button.default\">\n\t\t\t\t<div class=\"elementor-widget-container\">\n\t\t\t\t\t\t\t\t\t<div class=\"elementor-button-wrapper\">\n\t\t\t\t\t<a class=\"elementor-button elementor-button-link elementor-size-sm\" href=\"#\" target=\"_blank\">\n\t\t\t\t\t\t<span class=\"elementor-button-content-wrapper\">\n\t\t\t\t\t\t\t\t\t<span class=\"elementor-button-text\">R\u00e9server le cours<\/span>\n\t\t\t\t\t<\/span>\n\t\t\t\t\t<\/a>\n\t\t\t\t<\/div>\n\t\t\t\t\t\t\t\t<\/div>\n\t\t\t\t<\/div>\n\t\t\t\t<\/div>\n\t\t\t\t<\/div>\n\t\t\t\t\t<\/div>\n\t\t\t\t<\/div>\n\t\t\t\t<\/div>\n\t\t","protected":false},"excerpt":{"rendered":"<p>r\u00e9cr\u00e9atif SSI Master Diver Aper\u00e7u du programme : Le titre de Master Diver est la plus haute distinction en plong\u00e9e loisir. L&rsquo;obtention de cette certification requiert une combinaison d&rsquo;exp\u00e9rience, de comp\u00e9tences, de connaissances et la capacit\u00e9 d&rsquo;assister d&rsquo;autres plongeurs dans certaines situations. Les connaissances et les comp\u00e9tences s&rsquo;acqui\u00e8rent en compl\u00e9tant cinq sp\u00e9cialit\u00e9s, dont le cours [&hellip;]<\/p>\n","protected":false},"author":10,"featured_media":0,"parent":0,"menu_order":0,"comment_status":"closed","ping_status":"closed","template":"","meta":{"_acf_changed":false,"footnotes":""},"class_list":["post-27055","page","type-page","status-publish","hentry"],"acf":[],"yoast_head":"<!-- This site is optimized with the Yoast SEO plugin v27.5 - https:\/\/yoast.com\/product\/yoast-seo-wordpress\/ -->\n<title>SSI Master Diver | Calero Diving Lanzarote<\/title>\n<meta name=\"robots\" content=\"index, follow, max-snippet:-1, max-image-preview:large, max-video-preview:-1\" \/>\n<link rel=\"canonical\" href=\"https:\/\/calerodiving.com\/master-diver\/\" \/>\n<meta property=\"og:locale\" content=\"fr_FR\" \/>\n<meta property=\"og:type\" content=\"article\" \/>\n<meta property=\"og:title\" content=\"SSI Master Diver | Calero Diving Lanzarote\" \/>\n<meta property=\"og:description\" content=\"r\u00e9cr\u00e9atif SSI Master Diver Aper\u00e7u du programme : Le titre de Master Diver est la plus haute distinction en plong\u00e9e loisir. L&rsquo;obtention de cette certification requiert une combinaison d&rsquo;exp\u00e9rience, de comp\u00e9tences, de connaissances et la capacit\u00e9 d&rsquo;assister d&rsquo;autres plongeurs dans certaines situations. Les connaissances et les comp\u00e9tences s&rsquo;acqui\u00e8rent en compl\u00e9tant cinq sp\u00e9cialit\u00e9s, dont le cours [&hellip;]\" \/>\n<meta property=\"og:url\" content=\"https:\/\/calerodiving.com\/master-diver\/\" \/>\n<meta property=\"og:site_name\" content=\"Calero Diving Lanzarote\" \/>\n<meta property=\"article:publisher\" content=\"https:\/\/www.facebook.com\/calerodiving\/\" \/>\n<meta property=\"article:modified_time\" content=\"2026-04-23T11:51:06+00:00\" \/>\n<meta property=\"og:image\" content=\"https:\/\/calerodiving.com\/wp-content\/uploads\/2026\/03\/Calero_diving_master_diver_curso_de_buceo_en_lanzarote_26b0e99816.jpg\" \/>\n\t<meta property=\"og:image:width\" content=\"350\" \/>\n\t<meta property=\"og:image:height\" content=\"222\" \/>\n\t<meta property=\"og:image:type\" content=\"image\/jpeg\" \/>\n<meta name=\"twitter:card\" content=\"summary_large_image\" \/>\n<meta name=\"twitter:label1\" content=\"Dur\u00e9e de lecture estim\u00e9e\" \/>\n\t<meta name=\"twitter:data1\" content=\"1 minute\" \/>\n<script type=\"application\/ld+json\" class=\"yoast-schema-graph\">{\"@context\":\"https:\\\/\\\/schema.org\",\"@graph\":[{\"@type\":\"WebPage\",\"@id\":\"https:\\\/\\\/calerodiving.com\\\/master-diver\\\/\",\"url\":\"https:\\\/\\\/calerodiving.com\\\/master-diver\\\/\",\"name\":\"SSI Master Diver | Calero Diving Lanzarote\",\"isPartOf\":{\"@id\":\"https:\\\/\\\/calerodiving.com\\\/#website\"},\"primaryImageOfPage\":{\"@id\":\"https:\\\/\\\/calerodiving.com\\\/master-diver\\\/#primaryimage\"},\"image\":{\"@id\":\"https:\\\/\\\/calerodiving.com\\\/master-diver\\\/#primaryimage\"},\"thumbnailUrl\":\"https:\\\/\\\/calerodiving.com\\\/wp-content\\\/uploads\\\/2026\\\/03\\\/Calero_diving_master_diver_curso_de_buceo_en_lanzarote_26b0e99816.jpg\",\"datePublished\":\"2026-03-06T13:27:55+00:00\",\"dateModified\":\"2026-04-23T11:51:06+00:00\",\"breadcrumb\":{\"@id\":\"https:\\\/\\\/calerodiving.com\\\/master-diver\\\/#breadcrumb\"},\"inLanguage\":\"fr-FR\",\"potentialAction\":[{\"@type\":\"ReadAction\",\"target\":[\"https:\\\/\\\/calerodiving.com\\\/master-diver\\\/\"]}]},{\"@type\":\"ImageObject\",\"inLanguage\":\"fr-FR\",\"@id\":\"https:\\\/\\\/calerodiving.com\\\/master-diver\\\/#primaryimage\",\"url\":\"https:\\\/\\\/calerodiving.com\\\/wp-content\\\/uploads\\\/2026\\\/03\\\/Calero_diving_master_diver_curso_de_buceo_en_lanzarote_26b0e99816.jpg\",\"contentUrl\":\"https:\\\/\\\/calerodiving.com\\\/wp-content\\\/uploads\\\/2026\\\/03\\\/Calero_diving_master_diver_curso_de_buceo_en_lanzarote_26b0e99816.jpg\"},{\"@type\":\"BreadcrumbList\",\"@id\":\"https:\\\/\\\/calerodiving.com\\\/master-diver\\\/#breadcrumb\",\"itemListElement\":[{\"@type\":\"ListItem\",\"position\":1,\"name\":\"Home\",\"item\":\"https:\\\/\\\/calerodiving.com\\\/es\\\/\"},{\"@type\":\"ListItem\",\"position\":2,\"name\":\"SSI Master Diver\"}]},{\"@type\":\"WebSite\",\"@id\":\"https:\\\/\\\/calerodiving.com\\\/#website\",\"url\":\"https:\\\/\\\/calerodiving.com\\\/\",\"name\":\"Calero Diving Lanzarote\",\"description\":\"Dive Center - Marina Puerto Calero Lanzarote\",\"publisher\":{\"@id\":\"https:\\\/\\\/calerodiving.com\\\/#organization\"},\"alternateName\":\"Calero Diving\",\"potentialAction\":[{\"@type\":\"SearchAction\",\"target\":{\"@type\":\"EntryPoint\",\"urlTemplate\":\"https:\\\/\\\/calerodiving.com\\\/?s={search_term_string}\"},\"query-input\":{\"@type\":\"PropertyValueSpecification\",\"valueRequired\":true,\"valueName\":\"search_term_string\"}}],\"inLanguage\":\"fr-FR\"},{\"@type\":\"Organization\",\"@id\":\"https:\\\/\\\/calerodiving.com\\\/#organization\",\"name\":\"Calero Diving Lanzarote\",\"alternateName\":\"Calero Diving\",\"url\":\"https:\\\/\\\/calerodiving.com\\\/\",\"logo\":{\"@type\":\"ImageObject\",\"inLanguage\":\"fr-FR\",\"@id\":\"https:\\\/\\\/calerodiving.com\\\/#\\\/schema\\\/logo\\\/image\\\/\",\"url\":\"https:\\\/\\\/calerodiving.com\\\/wp-content\\\/uploads\\\/2025\\\/05\\\/Grupo.png\",\"contentUrl\":\"https:\\\/\\\/calerodiving.com\\\/wp-content\\\/uploads\\\/2025\\\/05\\\/Grupo.png\",\"width\":499,\"height\":590,\"caption\":\"Calero Diving Lanzarote\"},\"image\":{\"@id\":\"https:\\\/\\\/calerodiving.com\\\/#\\\/schema\\\/logo\\\/image\\\/\"},\"sameAs\":[\"https:\\\/\\\/www.facebook.com\\\/calerodiving\\\/\",\"https:\\\/\\\/www.instagram.com\\\/calerodiving\\\/\"]}]}<\/script>\n<!-- \/ Yoast SEO plugin. -->","yoast_head_json":{"title":"SSI Master Diver | Calero Diving Lanzarote","robots":{"index":"index","follow":"follow","max-snippet":"max-snippet:-1","max-image-preview":"max-image-preview:large","max-video-preview":"max-video-preview:-1"},"canonical":"https:\/\/calerodiving.com\/master-diver\/","og_locale":"fr_FR","og_type":"article","og_title":"SSI Master Diver | Calero Diving Lanzarote","og_description":"r\u00e9cr\u00e9atif SSI Master Diver Aper\u00e7u du programme : Le titre de Master Diver est la plus haute distinction en plong\u00e9e loisir. L&rsquo;obtention de cette certification requiert une combinaison d&rsquo;exp\u00e9rience, de comp\u00e9tences, de connaissances et la capacit\u00e9 d&rsquo;assister d&rsquo;autres plongeurs dans certaines situations. Les connaissances et les comp\u00e9tences s&rsquo;acqui\u00e8rent en compl\u00e9tant cinq sp\u00e9cialit\u00e9s, dont le cours [&hellip;]","og_url":"https:\/\/calerodiving.com\/master-diver\/","og_site_name":"Calero Diving Lanzarote","article_publisher":"https:\/\/www.facebook.com\/calerodiving\/","article_modified_time":"2026-04-23T11:51:06+00:00","og_image":[{"width":350,"height":222,"url":"https:\/\/calerodiving.com\/wp-content\/uploads\/2026\/03\/Calero_diving_master_diver_curso_de_buceo_en_lanzarote_26b0e99816.jpg","type":"image\/jpeg"}],"twitter_card":"summary_large_image","twitter_misc":{"Dur\u00e9e de lecture estim\u00e9e":"1 minute"},"schema":{"@context":"https:\/\/schema.org","@graph":[{"@type":"WebPage","@id":"https:\/\/calerodiving.com\/master-diver\/","url":"https:\/\/calerodiving.com\/master-diver\/","name":"SSI Master Diver | Calero Diving Lanzarote","isPartOf":{"@id":"https:\/\/calerodiving.com\/#website"},"primaryImageOfPage":{"@id":"https:\/\/calerodiving.com\/master-diver\/#primaryimage"},"image":{"@id":"https:\/\/calerodiving.com\/master-diver\/#primaryimage"},"thumbnailUrl":"https:\/\/calerodiving.com\/wp-content\/uploads\/2026\/03\/Calero_diving_master_diver_curso_de_buceo_en_lanzarote_26b0e99816.jpg","datePublished":"2026-03-06T13:27:55+00:00","dateModified":"2026-04-23T11:51:06+00:00","breadcrumb":{"@id":"https:\/\/calerodiving.com\/master-diver\/#breadcrumb"},"inLanguage":"fr-FR","potentialAction":[{"@type":"ReadAction","target":["https:\/\/calerodiving.com\/master-diver\/"]}]},{"@type":"ImageObject","inLanguage":"fr-FR","@id":"https:\/\/calerodiving.com\/master-diver\/#primaryimage","url":"https:\/\/calerodiving.com\/wp-content\/uploads\/2026\/03\/Calero_diving_master_diver_curso_de_buceo_en_lanzarote_26b0e99816.jpg","contentUrl":"https:\/\/calerodiving.com\/wp-content\/uploads\/2026\/03\/Calero_diving_master_diver_curso_de_buceo_en_lanzarote_26b0e99816.jpg"},{"@type":"BreadcrumbList","@id":"https:\/\/calerodiving.com\/master-diver\/#breadcrumb","itemListElement":[{"@type":"ListItem","position":1,"name":"Home","item":"https:\/\/calerodiving.com\/es\/"},{"@type":"ListItem","position":2,"name":"SSI Master Diver"}]},{"@type":"WebSite","@id":"https:\/\/calerodiving.com\/#website","url":"https:\/\/calerodiving.com\/","name":"Calero Diving Lanzarote","description":"Dive Center - Marina Puerto Calero Lanzarote","publisher":{"@id":"https:\/\/calerodiving.com\/#organization"},"alternateName":"Calero Diving","potentialAction":[{"@type":"SearchAction","target":{"@type":"EntryPoint","urlTemplate":"https:\/\/calerodiving.com\/?s={search_term_string}"},"query-input":{"@type":"PropertyValueSpecification","valueRequired":true,"valueName":"search_term_string"}}],"inLanguage":"fr-FR"},{"@type":"Organization","@id":"https:\/\/calerodiving.com\/#organization","name":"Calero Diving Lanzarote","alternateName":"Calero Diving","url":"https:\/\/calerodiving.com\/","logo":{"@type":"ImageObject","inLanguage":"fr-FR","@id":"https:\/\/calerodiving.com\/#\/schema\/logo\/image\/","url":"https:\/\/calerodiving.com\/wp-content\/uploads\/2025\/05\/Grupo.png","contentUrl":"https:\/\/calerodiving.com\/wp-content\/uploads\/2025\/05\/Grupo.png","width":499,"height":590,"caption":"Calero Diving Lanzarote"},"image":{"@id":"https:\/\/calerodiving.com\/#\/schema\/logo\/image\/"},"sameAs":["https:\/\/www.facebook.com\/calerodiving\/","https:\/\/www.instagram.com\/calerodiving\/"]}]}},"_links":{"self":[{"href":"https:\/\/calerodiving.com\/fr\/wp-json\/wp\/v2\/pages\/27055","targetHints":{"allow":["GET"]}}],"collection":[{"href":"https:\/\/calerodiving.com\/fr\/wp-json\/wp\/v2\/pages"}],"about":[{"href":"https:\/\/calerodiving.com\/fr\/wp-json\/wp\/v2\/types\/page"}],"author":[{"embeddable":true,"href":"https:\/\/calerodiving.com\/fr\/wp-json\/wp\/v2\/users\/10"}],"replies":[{"embeddable":true,"href":"https:\/\/calerodiving.com\/fr\/wp-json\/wp\/v2\/comments?post=27055"}],"version-history":[{"count":22,"href":"https:\/\/calerodiving.com\/fr\/wp-json\/wp\/v2\/pages\/27055\/revisions"}],"predecessor-version":[{"id":28894,"href":"https:\/\/calerodiving.com\/fr\/wp-json\/wp\/v2\/pages\/27055\/revisions\/28894"}],"wp:attachment":[{"href":"https:\/\/calerodiving.com\/fr\/wp-json\/wp\/v2\/media?parent=27055"}],"curies":[{"name":"wp","href":"https:\/\/api.w.org\/{rel}","templated":true}]}}