{"id":27052,"date":"2026-03-06T14:25:59","date_gmt":"2026-03-06T13:25:59","guid":{"rendered":"https:\/\/calerodiving.com\/advanced-open-water-diver\/"},"modified":"2026-04-20T10:12:44","modified_gmt":"2026-04-20T09:12:44","slug":"plongeur-eau-libre-avance","status":"publish","type":"page","link":"https:\/\/calerodiving.com\/fr\/plongeur-eau-libre-avance\/","title":{"rendered":"Advanced Open Water Diver"},"content":{"rendered":"\t\t<div data-elementor-type=\"wp-page\" data-elementor-id=\"27052\" class=\"elementor elementor-27052 elementor-26962\" data-elementor-post-type=\"page\">\n\t\t\t\t<div class=\"elementor-element elementor-element-1476940 e-flex e-con-boxed e-con e-parent\" data-id=\"1476940\" data-element_type=\"container\" data-e-type=\"container\">\n\t\t\t\t\t<div class=\"e-con-inner\">\n\t\t<div class=\"elementor-element elementor-element-7831da6 e-con-full e-flex e-con e-child\" data-id=\"7831da6\" data-element_type=\"container\" data-e-type=\"container\">\n\t\t\t\t<div class=\"elementor-element elementor-element-6002560 elementor-widget elementor-widget-image\" data-id=\"6002560\" data-element_type=\"widget\" data-e-type=\"widget\" data-widget_type=\"image.default\">\n\t\t\t\t<div class=\"elementor-widget-container\">\n\t\t\t\t\t\t\t\t\t\t\t\t\t\t\t<img fetchpriority=\"high\" decoding=\"async\" width=\"700\" height=\"445\" src=\"https:\/\/calerodiving.com\/wp-content\/uploads\/2026\/03\/Calero_Diving_Advanced_Open_Water_Diver_course_5871b12716.jpg\" class=\"attachment-large size-large wp-image-26911\" alt=\"\" srcset=\"https:\/\/calerodiving.com\/wp-content\/uploads\/2026\/03\/Calero_Diving_Advanced_Open_Water_Diver_course_5871b12716.jpg 700w, https:\/\/calerodiving.com\/wp-content\/uploads\/2026\/03\/Calero_Diving_Advanced_Open_Water_Diver_course_5871b12716-300x191.jpg 300w\" sizes=\"(max-width: 700px) 100vw, 700px\" \/>\t\t\t\t\t\t\t\t\t\t\t\t\t\t\t<\/div>\n\t\t\t\t<\/div>\n\t\t\t\t<\/div>\n\t\t<div class=\"elementor-element elementor-element-d438362 e-con-full e-flex e-con e-child\" data-id=\"d438362\" data-element_type=\"container\" data-e-type=\"container\">\n\t\t<div class=\"elementor-element elementor-element-87fa662 e-con-full e-flex e-con e-child\" data-id=\"87fa662\" data-element_type=\"container\" data-e-type=\"container\">\n\t\t\t\t<div class=\"elementor-element elementor-element-f3c0797 elementor-widget elementor-widget-html\" data-id=\"f3c0797\" data-element_type=\"widget\" data-e-type=\"widget\" data-widget_type=\"html.default\">\n\t\t\t\t<div class=\"elementor-widget-container\">\n\t\t\t\t\t<a href=\"https:\/\/calerodiving.com\/fr\/cours-de-plongee-loisir\/#recreational\" class=\"tag-button\">r\u00e9cr\u00e9atif<\/a>\n\t\t\t\t<\/div>\n\t\t\t\t<\/div>\n\t\t\t\t<div class=\"elementor-element elementor-element-2dbc1b0 elementor-widget elementor-widget-heading\" data-id=\"2dbc1b0\" data-element_type=\"widget\" data-e-type=\"widget\" data-widget_type=\"heading.default\">\n\t\t\t\t<div class=\"elementor-widget-container\">\n\t\t\t\t\t<h2 class=\"elementor-heading-title elementor-size-default\">SSI Advanced Open Water Diver\n<\/h2>\t\t\t\t<\/div>\n\t\t\t\t<\/div>\n\t\t\t\t<\/div>\n\t\t\t\t<\/div>\n\t\t\t\t\t<\/div>\n\t\t\t\t<\/div>\n\t\t<div class=\"elementor-element elementor-element-2c4c379 e-flex e-con-boxed e-con e-parent\" data-id=\"2c4c379\" data-element_type=\"container\" data-e-type=\"container\">\n\t\t\t\t\t<div class=\"e-con-inner\">\n\t\t<div class=\"elementor-element elementor-element-13544bf e-con-full e-flex e-con e-child\" data-id=\"13544bf\" data-element_type=\"container\" data-e-type=\"container\">\n\t\t<div class=\"elementor-element elementor-element-c6a9ffb e-con-full e-flex e-con e-child\" data-id=\"c6a9ffb\" data-element_type=\"container\" data-e-type=\"container\">\n\t\t\t\t<div class=\"elementor-element elementor-element-5a38ee5 elementor-widget elementor-widget-text-editor\" data-id=\"5a38ee5\" data-element_type=\"widget\" data-e-type=\"widget\" data-widget_type=\"text-editor.default\">\n\t\t\t\t<div class=\"elementor-widget-container\">\n\t\t\t\t\t\t\t\t\t<div class=\"section-list\">\n  <h3>R\u00e9sum\u00e9 du programme.<\/h3>\n\n  <p>Si tu poss\u00e8des d\u00e9j\u00e0 ta certification Open Water Diver, le cours SSI Advanced Open Water Diver est l\u2019\u00e9tape id\u00e9ale pour poursuivre ta formation et gagner davantage d\u2019exp\u00e9rience r\u00e9elle sous l\u2019eau.<\/p>\n\n  <p>Au lieu de choisir directement une sp\u00e9cialit\u00e9 compl\u00e8te, ce cours te permet d\u2019essayer 5 Adventure Dives diff\u00e9rents afin de d\u00e9couvrir quel type de plong\u00e9e te pla\u00eet le plus.<\/p>\n\n  <p>Pendant le cours, tu effectueras 5 plong\u00e9es sous la supervision directe de l\u2019un de nos instructeurs.<\/p>\n\n  <p>Deux de ces plong\u00e9es \u2014 Deep Diving et Navigation \u2014 sont obligatoires.<\/p>\n\n  <p>Les trois plong\u00e9es restantes peuvent \u00eatre choisies parmi une s\u00e9lection d\u2019Adventure Dives propos\u00e9s au centre, notamment les options suivantes :<\/p>\n\n  <ul>\n    <li>Plong\u00e9e sur \u00e9pave<\/li>\n    <li>Plong\u00e9e bateau<\/li>\n    <li>Enriched Air Nitrox<\/li>\n    <li>Photo &amp; Video<\/li>\n    <li>Search &amp; Recovery<\/li>\n    <li>Vagues, mar\u00e9es &amp; courants<\/li>\n    <li>Identification des poissons<\/li>\n    <li>Ma\u00eetrise de la flottabilit\u00e9<\/li>\n  <\/ul>\n\n  <p>\u00c0 l\u2019issue du cours, tes limites de profondeur recommand\u00e9es seront augment\u00e9es comme suit :<\/p>\n\n  <p>Plongeurs de plus de 15 ans : 30 m<\/p>\n\n  <p>Enfants de 12 \u00e0 14 ans : 21 m<\/p>\n\n  <p>Ce cours t\u2019aidera \u00e0 gagner en confiance, \u00e0 d\u00e9velopper ton exp\u00e9rience de plongeur et \u00e0 d\u00e9couvrir quelles sp\u00e9cialit\u00e9s tu aimerais approfondir par la suite.<\/p>\n\n  <p>Le cours Advanced Open Water Diver est l\u2019un des meilleurs moyens de gagner rapidement en exp\u00e9rience tout en d\u00e9veloppant tes comp\u00e9tences avec un encadrement professionnel.<\/p>\n\n  <p>Chaque Adventure Dive r\u00e9alis\u00e9 pendant ce cours pourra ensuite \u00eatre valid\u00e9 pour compl\u00e9ter la sp\u00e9cialit\u00e9 SSI correspondante.<\/p>\n\n  <p>Par exemple, si tu r\u00e9alises la plong\u00e9e Deep Diving pendant ce cours, il ne te faudra ensuite que deux plong\u00e9es suppl\u00e9mentaires pour compl\u00e9ter la sp\u00e9cialit\u00e9 compl\u00e8te Deep Diving.<\/p>\n\n  <h3>Dur\u00e9e<\/h3>\n  <ul>\n    <li>2 jours<\/li>\n  <\/ul>\n\n  <h3>Comprend<\/h3>\n  <ul>\n    <li>5 plong\u00e9es de formation<\/li>\n  <\/ul>\n\n  <h3>Conditions requises<\/h3>\n  <ul>\n    <li>Certification Open Water Diver<\/li>\n  <\/ul>\n\n  <h3>Non inclus<\/h3>\n  <ul>\n    <li>Location de cam\u00e9ra (si tu choisis Photo &amp; Video)<\/li>\n    <li>Assurance plong\u00e9e<\/li>\n    <li>Location d\u2019\u00e9quipement<\/li>\n  <\/ul>\n\n<h3>Autres cours susceptibles de t\u2019int\u00e9resser<\/h3>\n<ul>\n  <li><a href=\"#\">SSI Advanced Specialty Diver<\/a><\/li>\n  <li><a href=\"#\">Deep Diving<\/a><\/li>\n  <li><a href=\"#\">Enriched Air Nitrox<\/a><\/li>\n  <li><a href=\"#\">Diver Stress and Rescue<\/a><\/li>\n<\/ul>\n\n<\/div>\t\t\t\t\t\t\t\t<\/div>\n\t\t\t\t<\/div>\n\t\t\t\t<\/div>\n\t\t\t\t<\/div>\n\t\t<div class=\"elementor-element elementor-element-c5cb778 e-con-full e-flex e-con e-child\" data-id=\"c5cb778\" data-element_type=\"container\" data-e-type=\"container\">\n\t\t<div class=\"elementor-element elementor-element-e114494 e-con-full course-sidebar-box e-flex e-con e-child\" data-id=\"e114494\" data-element_type=\"container\" data-e-type=\"container\" data-settings=\"{&quot;sticky&quot;:&quot;top&quot;,&quot;sticky_offset&quot;:110,&quot;sticky_effects_offset&quot;:130,&quot;sticky_parent&quot;:&quot;yes&quot;,&quot;sticky_on&quot;:[&quot;desktop&quot;,&quot;tablet&quot;,&quot;mobile&quot;],&quot;sticky_anchor_link_offset&quot;:0}\">\n\t\t\t\t<div class=\"elementor-element elementor-element-6afcb6d elementor-widget elementor-widget-text-editor\" data-id=\"6afcb6d\" data-element_type=\"widget\" data-e-type=\"widget\" data-widget_type=\"text-editor.default\">\n\t\t\t\t<div class=\"elementor-widget-container\">\n\t\t\t\t\t\t\t\t\t<div class=\"courses-info\"><h6 class=\"no-margin\">Dur\u00e9e:<\/h6><p>2 d\u00edas<\/p><\/div><div class=\"courses-info\"><h6 class=\"no-margin\">Prix:<\/h6><p class=\"no-margin\">\u00c0 partir de 475 \u20ac<\/p><\/div>\t\t\t\t\t\t\t\t<\/div>\n\t\t\t\t<\/div>\n\t\t\t\t<div class=\"elementor-element elementor-element-59f5ac9 elementor-mobile-align-center elementor-widget elementor-widget-button\" data-id=\"59f5ac9\" data-element_type=\"widget\" data-e-type=\"widget\" data-widget_type=\"button.default\">\n\t\t\t\t<div class=\"elementor-widget-container\">\n\t\t\t\t\t\t\t\t\t<div class=\"elementor-button-wrapper\">\n\t\t\t\t\t<a class=\"elementor-button elementor-button-link elementor-size-sm\" href=\"https:\/\/booking.calerodiving.com\/front\/6213b2319a1bbf005fa0b870\/product\/621f9b594db01a005f511146?lang=fr\" target=\"_blank\">\n\t\t\t\t\t\t<span class=\"elementor-button-content-wrapper\">\n\t\t\t\t\t\t\t\t\t<span class=\"elementor-button-text\">R\u00e9server le cours<\/span>\n\t\t\t\t\t<\/span>\n\t\t\t\t\t<\/a>\n\t\t\t\t<\/div>\n\t\t\t\t\t\t\t\t<\/div>\n\t\t\t\t<\/div>\n\t\t\t\t<\/div>\n\t\t\t\t<\/div>\n\t\t\t\t\t<\/div>\n\t\t\t\t<\/div>\n\t\t\t\t<\/div>\n\t\t","protected":false},"excerpt":{"rendered":"<p>r\u00e9cr\u00e9atif SSI Advanced Open Water Diver R\u00e9sum\u00e9 du programme. Si tu poss\u00e8des d\u00e9j\u00e0 ta certification Open Water Diver, le cours SSI Advanced Open Water Diver est l\u2019\u00e9tape id\u00e9ale pour poursuivre ta formation et gagner davantage d\u2019exp\u00e9rience r\u00e9elle sous l\u2019eau. Au lieu de choisir directement une sp\u00e9cialit\u00e9 compl\u00e8te, ce cours te permet d\u2019essayer 5 Adventure Dives [&hellip;]<\/p>\n","protected":false},"author":10,"featured_media":0,"parent":0,"menu_order":0,"comment_status":"closed","ping_status":"closed","template":"","meta":{"_acf_changed":false,"footnotes":""},"class_list":["post-27052","page","type-page","status-publish","hentry"],"acf":[],"yoast_head":"<!-- This site is optimized with the Yoast SEO plugin v27.5 - https:\/\/yoast.com\/product\/yoast-seo-wordpress\/ -->\n<title>Advanced Open Water Diver | Calero Diving Lanzarote<\/title>\n<meta name=\"robots\" content=\"index, follow, max-snippet:-1, max-image-preview:large, max-video-preview:-1\" \/>\n<link rel=\"canonical\" href=\"https:\/\/calerodiving.com\/advanced-open-water-diver\/\" \/>\n<meta property=\"og:locale\" content=\"fr_FR\" \/>\n<meta property=\"og:type\" content=\"article\" \/>\n<meta property=\"og:title\" content=\"Advanced Open Water Diver | Calero Diving Lanzarote\" \/>\n<meta property=\"og:description\" content=\"r\u00e9cr\u00e9atif SSI Advanced Open Water Diver R\u00e9sum\u00e9 du programme. Si tu poss\u00e8des d\u00e9j\u00e0 ta certification Open Water Diver, le cours SSI Advanced Open Water Diver est l\u2019\u00e9tape id\u00e9ale pour poursuivre ta formation et gagner davantage d\u2019exp\u00e9rience r\u00e9elle sous l\u2019eau. Au lieu de choisir directement une sp\u00e9cialit\u00e9 compl\u00e8te, ce cours te permet d\u2019essayer 5 Adventure Dives [&hellip;]\" \/>\n<meta property=\"og:url\" content=\"https:\/\/calerodiving.com\/advanced-open-water-diver\/\" \/>\n<meta property=\"og:site_name\" content=\"Calero Diving Lanzarote\" \/>\n<meta property=\"article:publisher\" content=\"https:\/\/www.facebook.com\/calerodiving\/\" \/>\n<meta property=\"article:modified_time\" content=\"2026-04-20T09:12:44+00:00\" \/>\n<meta property=\"og:image\" content=\"https:\/\/calerodiving.com\/wp-content\/uploads\/2026\/03\/Calero_Diving_Advanced_Open_Water_Diver_course_5871b12716.jpg\" \/>\n\t<meta property=\"og:image:width\" content=\"700\" \/>\n\t<meta property=\"og:image:height\" content=\"445\" \/>\n\t<meta property=\"og:image:type\" content=\"image\/jpeg\" \/>\n<meta name=\"twitter:card\" content=\"summary_large_image\" \/>\n<meta name=\"twitter:label1\" content=\"Dur\u00e9e de lecture estim\u00e9e\" \/>\n\t<meta name=\"twitter:data1\" content=\"2 minutes\" \/>\n<script type=\"application\/ld+json\" class=\"yoast-schema-graph\">{\"@context\":\"https:\\\/\\\/schema.org\",\"@graph\":[{\"@type\":\"WebPage\",\"@id\":\"https:\\\/\\\/calerodiving.com\\\/advanced-open-water-diver\\\/\",\"url\":\"https:\\\/\\\/calerodiving.com\\\/advanced-open-water-diver\\\/\",\"name\":\"Advanced Open Water Diver | Calero Diving Lanzarote\",\"isPartOf\":{\"@id\":\"https:\\\/\\\/calerodiving.com\\\/#website\"},\"primaryImageOfPage\":{\"@id\":\"https:\\\/\\\/calerodiving.com\\\/advanced-open-water-diver\\\/#primaryimage\"},\"image\":{\"@id\":\"https:\\\/\\\/calerodiving.com\\\/advanced-open-water-diver\\\/#primaryimage\"},\"thumbnailUrl\":\"https:\\\/\\\/calerodiving.com\\\/wp-content\\\/uploads\\\/2026\\\/03\\\/Calero_Diving_Advanced_Open_Water_Diver_course_5871b12716.jpg\",\"datePublished\":\"2026-03-06T13:25:59+00:00\",\"dateModified\":\"2026-04-20T09:12:44+00:00\",\"breadcrumb\":{\"@id\":\"https:\\\/\\\/calerodiving.com\\\/advanced-open-water-diver\\\/#breadcrumb\"},\"inLanguage\":\"fr-FR\",\"potentialAction\":[{\"@type\":\"ReadAction\",\"target\":[\"https:\\\/\\\/calerodiving.com\\\/advanced-open-water-diver\\\/\"]}]},{\"@type\":\"ImageObject\",\"inLanguage\":\"fr-FR\",\"@id\":\"https:\\\/\\\/calerodiving.com\\\/advanced-open-water-diver\\\/#primaryimage\",\"url\":\"https:\\\/\\\/calerodiving.com\\\/wp-content\\\/uploads\\\/2026\\\/03\\\/Calero_Diving_Advanced_Open_Water_Diver_course_5871b12716.jpg\",\"contentUrl\":\"https:\\\/\\\/calerodiving.com\\\/wp-content\\\/uploads\\\/2026\\\/03\\\/Calero_Diving_Advanced_Open_Water_Diver_course_5871b12716.jpg\"},{\"@type\":\"BreadcrumbList\",\"@id\":\"https:\\\/\\\/calerodiving.com\\\/advanced-open-water-diver\\\/#breadcrumb\",\"itemListElement\":[{\"@type\":\"ListItem\",\"position\":1,\"name\":\"Home\",\"item\":\"https:\\\/\\\/calerodiving.com\\\/es\\\/\"},{\"@type\":\"ListItem\",\"position\":2,\"name\":\"Advanced Open Water Diver\"}]},{\"@type\":\"WebSite\",\"@id\":\"https:\\\/\\\/calerodiving.com\\\/#website\",\"url\":\"https:\\\/\\\/calerodiving.com\\\/\",\"name\":\"Calero Diving Lanzarote\",\"description\":\"Dive Center - Marina Puerto Calero Lanzarote\",\"publisher\":{\"@id\":\"https:\\\/\\\/calerodiving.com\\\/#organization\"},\"alternateName\":\"Calero Diving\",\"potentialAction\":[{\"@type\":\"SearchAction\",\"target\":{\"@type\":\"EntryPoint\",\"urlTemplate\":\"https:\\\/\\\/calerodiving.com\\\/?s={search_term_string}\"},\"query-input\":{\"@type\":\"PropertyValueSpecification\",\"valueRequired\":true,\"valueName\":\"search_term_string\"}}],\"inLanguage\":\"fr-FR\"},{\"@type\":\"Organization\",\"@id\":\"https:\\\/\\\/calerodiving.com\\\/#organization\",\"name\":\"Calero Diving Lanzarote\",\"alternateName\":\"Calero Diving\",\"url\":\"https:\\\/\\\/calerodiving.com\\\/\",\"logo\":{\"@type\":\"ImageObject\",\"inLanguage\":\"fr-FR\",\"@id\":\"https:\\\/\\\/calerodiving.com\\\/#\\\/schema\\\/logo\\\/image\\\/\",\"url\":\"https:\\\/\\\/calerodiving.com\\\/wp-content\\\/uploads\\\/2025\\\/05\\\/Grupo.png\",\"contentUrl\":\"https:\\\/\\\/calerodiving.com\\\/wp-content\\\/uploads\\\/2025\\\/05\\\/Grupo.png\",\"width\":499,\"height\":590,\"caption\":\"Calero Diving Lanzarote\"},\"image\":{\"@id\":\"https:\\\/\\\/calerodiving.com\\\/#\\\/schema\\\/logo\\\/image\\\/\"},\"sameAs\":[\"https:\\\/\\\/www.facebook.com\\\/calerodiving\\\/\",\"https:\\\/\\\/www.instagram.com\\\/calerodiving\\\/\"]}]}<\/script>\n<!-- \/ Yoast SEO plugin. -->","yoast_head_json":{"title":"Advanced Open Water Diver | Calero Diving Lanzarote","robots":{"index":"index","follow":"follow","max-snippet":"max-snippet:-1","max-image-preview":"max-image-preview:large","max-video-preview":"max-video-preview:-1"},"canonical":"https:\/\/calerodiving.com\/advanced-open-water-diver\/","og_locale":"fr_FR","og_type":"article","og_title":"Advanced Open Water Diver | Calero Diving Lanzarote","og_description":"r\u00e9cr\u00e9atif SSI Advanced Open Water Diver R\u00e9sum\u00e9 du programme. Si tu poss\u00e8des d\u00e9j\u00e0 ta certification Open Water Diver, le cours SSI Advanced Open Water Diver est l\u2019\u00e9tape id\u00e9ale pour poursuivre ta formation et gagner davantage d\u2019exp\u00e9rience r\u00e9elle sous l\u2019eau. Au lieu de choisir directement une sp\u00e9cialit\u00e9 compl\u00e8te, ce cours te permet d\u2019essayer 5 Adventure Dives [&hellip;]","og_url":"https:\/\/calerodiving.com\/advanced-open-water-diver\/","og_site_name":"Calero Diving Lanzarote","article_publisher":"https:\/\/www.facebook.com\/calerodiving\/","article_modified_time":"2026-04-20T09:12:44+00:00","og_image":[{"width":700,"height":445,"url":"https:\/\/calerodiving.com\/wp-content\/uploads\/2026\/03\/Calero_Diving_Advanced_Open_Water_Diver_course_5871b12716.jpg","type":"image\/jpeg"}],"twitter_card":"summary_large_image","twitter_misc":{"Dur\u00e9e de lecture estim\u00e9e":"2 minutes"},"schema":{"@context":"https:\/\/schema.org","@graph":[{"@type":"WebPage","@id":"https:\/\/calerodiving.com\/advanced-open-water-diver\/","url":"https:\/\/calerodiving.com\/advanced-open-water-diver\/","name":"Advanced Open Water Diver | Calero Diving Lanzarote","isPartOf":{"@id":"https:\/\/calerodiving.com\/#website"},"primaryImageOfPage":{"@id":"https:\/\/calerodiving.com\/advanced-open-water-diver\/#primaryimage"},"image":{"@id":"https:\/\/calerodiving.com\/advanced-open-water-diver\/#primaryimage"},"thumbnailUrl":"https:\/\/calerodiving.com\/wp-content\/uploads\/2026\/03\/Calero_Diving_Advanced_Open_Water_Diver_course_5871b12716.jpg","datePublished":"2026-03-06T13:25:59+00:00","dateModified":"2026-04-20T09:12:44+00:00","breadcrumb":{"@id":"https:\/\/calerodiving.com\/advanced-open-water-diver\/#breadcrumb"},"inLanguage":"fr-FR","potentialAction":[{"@type":"ReadAction","target":["https:\/\/calerodiving.com\/advanced-open-water-diver\/"]}]},{"@type":"ImageObject","inLanguage":"fr-FR","@id":"https:\/\/calerodiving.com\/advanced-open-water-diver\/#primaryimage","url":"https:\/\/calerodiving.com\/wp-content\/uploads\/2026\/03\/Calero_Diving_Advanced_Open_Water_Diver_course_5871b12716.jpg","contentUrl":"https:\/\/calerodiving.com\/wp-content\/uploads\/2026\/03\/Calero_Diving_Advanced_Open_Water_Diver_course_5871b12716.jpg"},{"@type":"BreadcrumbList","@id":"https:\/\/calerodiving.com\/advanced-open-water-diver\/#breadcrumb","itemListElement":[{"@type":"ListItem","position":1,"name":"Home","item":"https:\/\/calerodiving.com\/es\/"},{"@type":"ListItem","position":2,"name":"Advanced Open Water Diver"}]},{"@type":"WebSite","@id":"https:\/\/calerodiving.com\/#website","url":"https:\/\/calerodiving.com\/","name":"Calero Diving Lanzarote","description":"Dive Center - Marina Puerto Calero Lanzarote","publisher":{"@id":"https:\/\/calerodiving.com\/#organization"},"alternateName":"Calero Diving","potentialAction":[{"@type":"SearchAction","target":{"@type":"EntryPoint","urlTemplate":"https:\/\/calerodiving.com\/?s={search_term_string}"},"query-input":{"@type":"PropertyValueSpecification","valueRequired":true,"valueName":"search_term_string"}}],"inLanguage":"fr-FR"},{"@type":"Organization","@id":"https:\/\/calerodiving.com\/#organization","name":"Calero Diving Lanzarote","alternateName":"Calero Diving","url":"https:\/\/calerodiving.com\/","logo":{"@type":"ImageObject","inLanguage":"fr-FR","@id":"https:\/\/calerodiving.com\/#\/schema\/logo\/image\/","url":"https:\/\/calerodiving.com\/wp-content\/uploads\/2025\/05\/Grupo.png","contentUrl":"https:\/\/calerodiving.com\/wp-content\/uploads\/2025\/05\/Grupo.png","width":499,"height":590,"caption":"Calero Diving Lanzarote"},"image":{"@id":"https:\/\/calerodiving.com\/#\/schema\/logo\/image\/"},"sameAs":["https:\/\/www.facebook.com\/calerodiving\/","https:\/\/www.instagram.com\/calerodiving\/"]}]}},"_links":{"self":[{"href":"https:\/\/calerodiving.com\/fr\/wp-json\/wp\/v2\/pages\/27052","targetHints":{"allow":["GET"]}}],"collection":[{"href":"https:\/\/calerodiving.com\/fr\/wp-json\/wp\/v2\/pages"}],"about":[{"href":"https:\/\/calerodiving.com\/fr\/wp-json\/wp\/v2\/types\/page"}],"author":[{"embeddable":true,"href":"https:\/\/calerodiving.com\/fr\/wp-json\/wp\/v2\/users\/10"}],"replies":[{"embeddable":true,"href":"https:\/\/calerodiving.com\/fr\/wp-json\/wp\/v2\/comments?post=27052"}],"version-history":[{"count":26,"href":"https:\/\/calerodiving.com\/fr\/wp-json\/wp\/v2\/pages\/27052\/revisions"}],"predecessor-version":[{"id":27817,"href":"https:\/\/calerodiving.com\/fr\/wp-json\/wp\/v2\/pages\/27052\/revisions\/27817"}],"wp:attachment":[{"href":"https:\/\/calerodiving.com\/fr\/wp-json\/wp\/v2\/media?parent=27052"}],"curies":[{"name":"wp","href":"https:\/\/api.w.org\/{rel}","templated":true}]}}