{"id":27048,"date":"2026-03-06T14:20:01","date_gmt":"2026-03-06T13:20:01","guid":{"rendered":"https:\/\/calerodiving.com\/advanced-specialty-diver\/"},"modified":"2026-04-20T12:57:30","modified_gmt":"2026-04-20T11:57:30","slug":"plongeur-specialise-avance","status":"publish","type":"page","link":"https:\/\/calerodiving.com\/fr\/plongeur-specialise-avance\/","title":{"rendered":"Advanced Specialty Diver"},"content":{"rendered":"\t\t<div data-elementor-type=\"wp-page\" data-elementor-id=\"27048\" class=\"elementor elementor-27048 elementor-26940\" data-elementor-post-type=\"page\">\n\t\t\t\t<div class=\"elementor-element elementor-element-41443a6 e-flex e-con-boxed e-con e-parent\" data-id=\"41443a6\" data-element_type=\"container\" data-e-type=\"container\">\n\t\t\t\t\t<div class=\"e-con-inner\">\n\t\t<div class=\"elementor-element elementor-element-22e1e6d e-con-full e-flex e-con e-child\" data-id=\"22e1e6d\" data-element_type=\"container\" data-e-type=\"container\">\n\t\t\t\t<div class=\"elementor-element elementor-element-b9dc8d4 elementor-widget elementor-widget-image\" data-id=\"b9dc8d4\" data-element_type=\"widget\" data-e-type=\"widget\" data-widget_type=\"image.default\">\n\t\t\t\t<div class=\"elementor-widget-container\">\n\t\t\t\t\t\t\t\t\t\t\t\t\t\t\t<img fetchpriority=\"high\" decoding=\"async\" width=\"800\" height=\"534\" src=\"https:\/\/calerodiving.com\/wp-content\/uploads\/2026\/03\/advanced_specialty_diver-1030x687.png\" class=\"attachment-large size-large wp-image-26910\" alt=\"\" srcset=\"https:\/\/calerodiving.com\/wp-content\/uploads\/2026\/03\/advanced_specialty_diver-1030x687.png 1030w, https:\/\/calerodiving.com\/wp-content\/uploads\/2026\/03\/advanced_specialty_diver-300x200.png 300w, https:\/\/calerodiving.com\/wp-content\/uploads\/2026\/03\/advanced_specialty_diver-768x512.png 768w, https:\/\/calerodiving.com\/wp-content\/uploads\/2026\/03\/advanced_specialty_diver.png 1536w\" sizes=\"(max-width: 800px) 100vw, 800px\" \/>\t\t\t\t\t\t\t\t\t\t\t\t\t\t\t<\/div>\n\t\t\t\t<\/div>\n\t\t\t\t<\/div>\n\t\t<div class=\"elementor-element elementor-element-1f923b1 e-con-full e-flex e-con e-child\" data-id=\"1f923b1\" data-element_type=\"container\" data-e-type=\"container\">\n\t\t<div class=\"elementor-element elementor-element-21653f0 e-con-full e-flex e-con e-child\" data-id=\"21653f0\" data-element_type=\"container\" data-e-type=\"container\">\n\t\t\t\t<div class=\"elementor-element elementor-element-43caa1f elementor-widget elementor-widget-html\" data-id=\"43caa1f\" data-element_type=\"widget\" data-e-type=\"widget\" data-widget_type=\"html.default\">\n\t\t\t\t<div class=\"elementor-widget-container\">\n\t\t\t\t\t<a href=\"https:\/\/calerodiving.com\/fr\/cours-de-plongee-loisir\/#recreational\" class=\"tag-button\">r\u00e9cr\u00e9atif<\/a>\n\t\t\t\t<\/div>\n\t\t\t\t<\/div>\n\t\t\t\t<div class=\"elementor-element elementor-element-822fd8f elementor-widget elementor-widget-heading\" data-id=\"822fd8f\" data-element_type=\"widget\" data-e-type=\"widget\" data-widget_type=\"heading.default\">\n\t\t\t\t<div class=\"elementor-widget-container\">\n\t\t\t\t\t<h2 class=\"elementor-heading-title elementor-size-default\">SSI Advanced Specialty Diver<\/h2>\t\t\t\t<\/div>\n\t\t\t\t<\/div>\n\t\t\t\t<\/div>\n\t\t\t\t<\/div>\n\t\t\t\t\t<\/div>\n\t\t\t\t<\/div>\n\t\t<div class=\"elementor-element elementor-element-90a1711 e-flex e-con-boxed e-con e-parent\" data-id=\"90a1711\" data-element_type=\"container\" data-e-type=\"container\">\n\t\t\t\t\t<div class=\"e-con-inner\">\n\t\t<div class=\"elementor-element elementor-element-6d53f70 e-con-full e-flex e-con e-child\" data-id=\"6d53f70\" data-element_type=\"container\" data-e-type=\"container\">\n\t\t<div class=\"elementor-element elementor-element-b4d51a5 e-con-full e-flex e-con e-child\" data-id=\"b4d51a5\" data-element_type=\"container\" data-e-type=\"container\">\n\t\t\t\t<div class=\"elementor-element elementor-element-1c30e5c elementor-widget elementor-widget-text-editor\" data-id=\"1c30e5c\" data-element_type=\"widget\" data-e-type=\"widget\" data-widget_type=\"text-editor.default\">\n\t\t\t\t<div class=\"elementor-widget-container\">\n\t\t\t\t\t\t\t\t\t<div class=\"section-list\"><h3>Pr\u00e9sentation du programme :<\/h3><p>Pour obtenir cette certification SSI, vous devez compl\u00e9ter 4 sp\u00e9cialit\u00e9s et avoir enregistr\u00e9 24 plong\u00e9es en eau libre dans votre carnet de plong\u00e9e. Le choix des sp\u00e9cialit\u00e9s peut varier selon vos pr\u00e9f\u00e9rences ou vos futures destinations de plong\u00e9e, mais certaines sont particuli\u00e8rement utiles pour tout plongeur.<\/p><p>Chez Calero Diving, nous proposons un pack de 4 sp\u00e9cialit\u00e9s, \u00e0 choisir parmi ces 5 options sugg\u00e9r\u00e9es, pour 650 \u20ac, \u00e0 r\u00e9aliser sur 3 jours cons\u00e9cutifs :<\/p><ul><li>Nitrox<\/li><li>Plong\u00e9e profonde<\/li><li>Flottabilit\u00e9 parfaite<\/li><li>Navigation<\/li><li>Plong\u00e9e sur \u00e9pave<\/li><\/ul><p>Si vous pr\u00e9f\u00e9rez choisir d&rsquo;autres sp\u00e9cialit\u00e9s, vous avez \u00e9galement des options comme Stress &amp; Rescue, Vid\u00e9o &amp; Photo ou Scooter Diving, parmi beaucoup d&rsquo;autres. Vous pouvez consulter la liste compl\u00e8te ici. Si vous avez des questions sur les sp\u00e9cialit\u00e9s SSI les plus adapt\u00e9es pour vous, n\u2019h\u00e9sitez pas \u00e0 nous contacter.<\/p><p>Une fois les 4 sp\u00e9cialit\u00e9s compl\u00e9t\u00e9es et 24 plong\u00e9es enregistr\u00e9es dans votre carnet de plong\u00e9e, vous recevrez votre certification SSI Advanced Open Water ainsi que les certifications des sp\u00e9cialit\u00e9s que vous aurez r\u00e9alis\u00e9es.<\/p><h3>Dur\u00e9e<\/h3><ul><li>Variable<\/li><\/ul><h3>Comprend<\/h3><ul><li>Plong\u00e9es depuis un bateau<\/li><li>Mat\u00e9riel p\u00e9dagogique num\u00e9rique<\/li><li>Plong\u00e9es de formation avec un instructeur sp\u00e9cialis\u00e9<\/li><\/ul><h3>Pr\u00e9requis<\/h3><ul><li>Open Water Diver<\/li><\/ul><h3>Non inclus<\/h3><ul><li>Location de cam\u00e9ra (si vous choisissez la sp\u00e9cialit\u00e9 Photo &amp; Vid\u00e9o)<\/li><li>Assurance plong\u00e9e<\/li><li>Location d\u2019\u00e9quipement<\/li><\/ul><h3>Autres cours qui peuvent vous int\u00e9resser<\/h3><ul><li><a href=\"https:\/\/calerodiving.com\/fr\/ssi-open-water-diver\/\">Open Water Diver<\/a><\/li><\/ul><\/div>\t\t\t\t\t\t\t\t<\/div>\n\t\t\t\t<\/div>\n\t\t\t\t<\/div>\n\t\t\t\t<\/div>\n\t\t<div class=\"elementor-element elementor-element-c5c4b8b e-con-full e-flex e-con e-child\" data-id=\"c5c4b8b\" data-element_type=\"container\" data-e-type=\"container\">\n\t\t<div class=\"elementor-element elementor-element-e44af9b e-con-full course-sidebar-box e-flex e-con e-child\" data-id=\"e44af9b\" data-element_type=\"container\" data-e-type=\"container\" data-settings=\"{&quot;sticky&quot;:&quot;top&quot;,&quot;sticky_offset&quot;:110,&quot;sticky_effects_offset&quot;:130,&quot;sticky_parent&quot;:&quot;yes&quot;,&quot;sticky_on&quot;:[&quot;desktop&quot;,&quot;tablet&quot;,&quot;mobile&quot;],&quot;sticky_anchor_link_offset&quot;:0}\">\n\t\t\t\t<div class=\"elementor-element elementor-element-25882c1 elementor-widget elementor-widget-text-editor\" data-id=\"25882c1\" data-element_type=\"widget\" data-e-type=\"widget\" data-widget_type=\"text-editor.default\">\n\t\t\t\t<div class=\"elementor-widget-container\">\n\t\t\t\t\t\t\t\t\t<div class=\"courses-info\"><h6 class=\"no-margin\">Dur\u00e9e:<\/h6><p class=\"no-margin\">Variable<\/p><\/div><div class=\"courses-info\"><h6 class=\"no-margin\">Prix:<\/h6><p class=\"no-margin\">\u00c0 partir de 650 \u20ac<\/p><\/div>\t\t\t\t\t\t\t\t<\/div>\n\t\t\t\t<\/div>\n\t\t\t\t<div class=\"elementor-element elementor-element-2f34d81 elementor-mobile-align-center elementor-widget elementor-widget-button\" data-id=\"2f34d81\" data-element_type=\"widget\" data-e-type=\"widget\" data-widget_type=\"button.default\">\n\t\t\t\t<div class=\"elementor-widget-container\">\n\t\t\t\t\t\t\t\t\t<div class=\"elementor-button-wrapper\">\n\t\t\t\t\t<a class=\"elementor-button elementor-button-link elementor-size-sm\" href=\"https:\/\/booking.calerodiving.com\/front\/6213b2319a1bbf005fa0b870\/product\/69e613a647e7e7c75aef16df\" target=\"_blank\">\n\t\t\t\t\t\t<span class=\"elementor-button-content-wrapper\">\n\t\t\t\t\t\t\t\t\t<span class=\"elementor-button-text\">R\u00e9server le cours<\/span>\n\t\t\t\t\t<\/span>\n\t\t\t\t\t<\/a>\n\t\t\t\t<\/div>\n\t\t\t\t\t\t\t\t<\/div>\n\t\t\t\t<\/div>\n\t\t\t\t<\/div>\n\t\t\t\t<\/div>\n\t\t\t\t\t<\/div>\n\t\t\t\t<\/div>\n\t\t\t\t<\/div>\n\t\t","protected":false},"excerpt":{"rendered":"<p>r\u00e9cr\u00e9atif SSI Advanced Specialty Diver Pr\u00e9sentation du programme : Pour obtenir cette certification SSI, vous devez compl\u00e9ter 4 sp\u00e9cialit\u00e9s et avoir enregistr\u00e9 24 plong\u00e9es en eau libre dans votre carnet de plong\u00e9e. Le choix des sp\u00e9cialit\u00e9s peut varier selon vos pr\u00e9f\u00e9rences ou vos futures destinations de plong\u00e9e, mais certaines sont particuli\u00e8rement utiles pour tout plongeur. [&hellip;]<\/p>\n","protected":false},"author":10,"featured_media":0,"parent":0,"menu_order":0,"comment_status":"closed","ping_status":"closed","template":"","meta":{"_acf_changed":false,"footnotes":""},"class_list":["post-27048","page","type-page","status-publish","hentry"],"acf":[],"yoast_head":"<!-- This site is optimized with the Yoast SEO plugin v27.5 - https:\/\/yoast.com\/product\/yoast-seo-wordpress\/ -->\n<title>Advanced Specialty Diver | Calero Diving Lanzarote<\/title>\n<meta name=\"robots\" content=\"index, follow, max-snippet:-1, max-image-preview:large, max-video-preview:-1\" \/>\n<link rel=\"canonical\" href=\"https:\/\/calerodiving.com\/advanced-specialty-diver\/\" \/>\n<meta property=\"og:locale\" content=\"fr_FR\" \/>\n<meta property=\"og:type\" content=\"article\" \/>\n<meta property=\"og:title\" content=\"Advanced Specialty Diver | Calero Diving Lanzarote\" \/>\n<meta property=\"og:description\" content=\"r\u00e9cr\u00e9atif SSI Advanced Specialty Diver Pr\u00e9sentation du programme : Pour obtenir cette certification SSI, vous devez compl\u00e9ter 4 sp\u00e9cialit\u00e9s et avoir enregistr\u00e9 24 plong\u00e9es en eau libre dans votre carnet de plong\u00e9e. Le choix des sp\u00e9cialit\u00e9s peut varier selon vos pr\u00e9f\u00e9rences ou vos futures destinations de plong\u00e9e, mais certaines sont particuli\u00e8rement utiles pour tout plongeur. [&hellip;]\" \/>\n<meta property=\"og:url\" content=\"https:\/\/calerodiving.com\/advanced-specialty-diver\/\" \/>\n<meta property=\"og:site_name\" content=\"Calero Diving Lanzarote\" \/>\n<meta property=\"article:publisher\" content=\"https:\/\/www.facebook.com\/calerodiving\/\" \/>\n<meta property=\"article:modified_time\" content=\"2026-04-20T11:57:30+00:00\" \/>\n<meta property=\"og:image\" content=\"https:\/\/calerodiving.com\/wp-content\/uploads\/2026\/03\/advanced_specialty_diver-1030x687.png\" \/>\n\t<meta property=\"og:image:width\" content=\"1030\" \/>\n\t<meta property=\"og:image:height\" content=\"687\" \/>\n\t<meta property=\"og:image:type\" content=\"image\/png\" \/>\n<meta name=\"twitter:card\" content=\"summary_large_image\" \/>\n<meta name=\"twitter:label1\" content=\"Dur\u00e9e de lecture estim\u00e9e\" \/>\n\t<meta name=\"twitter:data1\" content=\"2 minutes\" \/>\n<script type=\"application\/ld+json\" class=\"yoast-schema-graph\">{\"@context\":\"https:\\\/\\\/schema.org\",\"@graph\":[{\"@type\":\"WebPage\",\"@id\":\"https:\\\/\\\/calerodiving.com\\\/advanced-specialty-diver\\\/\",\"url\":\"https:\\\/\\\/calerodiving.com\\\/advanced-specialty-diver\\\/\",\"name\":\"Advanced Specialty Diver | Calero Diving Lanzarote\",\"isPartOf\":{\"@id\":\"https:\\\/\\\/calerodiving.com\\\/#website\"},\"primaryImageOfPage\":{\"@id\":\"https:\\\/\\\/calerodiving.com\\\/advanced-specialty-diver\\\/#primaryimage\"},\"image\":{\"@id\":\"https:\\\/\\\/calerodiving.com\\\/advanced-specialty-diver\\\/#primaryimage\"},\"thumbnailUrl\":\"https:\\\/\\\/calerodiving.com\\\/wp-content\\\/uploads\\\/2026\\\/03\\\/advanced_specialty_diver-1030x687.png\",\"datePublished\":\"2026-03-06T13:20:01+00:00\",\"dateModified\":\"2026-04-20T11:57:30+00:00\",\"breadcrumb\":{\"@id\":\"https:\\\/\\\/calerodiving.com\\\/advanced-specialty-diver\\\/#breadcrumb\"},\"inLanguage\":\"fr-FR\",\"potentialAction\":[{\"@type\":\"ReadAction\",\"target\":[\"https:\\\/\\\/calerodiving.com\\\/advanced-specialty-diver\\\/\"]}]},{\"@type\":\"ImageObject\",\"inLanguage\":\"fr-FR\",\"@id\":\"https:\\\/\\\/calerodiving.com\\\/advanced-specialty-diver\\\/#primaryimage\",\"url\":\"https:\\\/\\\/calerodiving.com\\\/wp-content\\\/uploads\\\/2026\\\/03\\\/advanced_specialty_diver-1030x687.png\",\"contentUrl\":\"https:\\\/\\\/calerodiving.com\\\/wp-content\\\/uploads\\\/2026\\\/03\\\/advanced_specialty_diver-1030x687.png\"},{\"@type\":\"BreadcrumbList\",\"@id\":\"https:\\\/\\\/calerodiving.com\\\/advanced-specialty-diver\\\/#breadcrumb\",\"itemListElement\":[{\"@type\":\"ListItem\",\"position\":1,\"name\":\"Home\",\"item\":\"https:\\\/\\\/calerodiving.com\\\/es\\\/\"},{\"@type\":\"ListItem\",\"position\":2,\"name\":\"Advanced Specialty Diver\"}]},{\"@type\":\"WebSite\",\"@id\":\"https:\\\/\\\/calerodiving.com\\\/#website\",\"url\":\"https:\\\/\\\/calerodiving.com\\\/\",\"name\":\"Calero Diving Lanzarote\",\"description\":\"Dive Center - Marina Puerto Calero Lanzarote\",\"publisher\":{\"@id\":\"https:\\\/\\\/calerodiving.com\\\/#organization\"},\"alternateName\":\"Calero Diving\",\"potentialAction\":[{\"@type\":\"SearchAction\",\"target\":{\"@type\":\"EntryPoint\",\"urlTemplate\":\"https:\\\/\\\/calerodiving.com\\\/?s={search_term_string}\"},\"query-input\":{\"@type\":\"PropertyValueSpecification\",\"valueRequired\":true,\"valueName\":\"search_term_string\"}}],\"inLanguage\":\"fr-FR\"},{\"@type\":\"Organization\",\"@id\":\"https:\\\/\\\/calerodiving.com\\\/#organization\",\"name\":\"Calero Diving Lanzarote\",\"alternateName\":\"Calero Diving\",\"url\":\"https:\\\/\\\/calerodiving.com\\\/\",\"logo\":{\"@type\":\"ImageObject\",\"inLanguage\":\"fr-FR\",\"@id\":\"https:\\\/\\\/calerodiving.com\\\/#\\\/schema\\\/logo\\\/image\\\/\",\"url\":\"https:\\\/\\\/calerodiving.com\\\/wp-content\\\/uploads\\\/2025\\\/05\\\/Grupo.png\",\"contentUrl\":\"https:\\\/\\\/calerodiving.com\\\/wp-content\\\/uploads\\\/2025\\\/05\\\/Grupo.png\",\"width\":499,\"height\":590,\"caption\":\"Calero Diving Lanzarote\"},\"image\":{\"@id\":\"https:\\\/\\\/calerodiving.com\\\/#\\\/schema\\\/logo\\\/image\\\/\"},\"sameAs\":[\"https:\\\/\\\/www.facebook.com\\\/calerodiving\\\/\",\"https:\\\/\\\/www.instagram.com\\\/calerodiving\\\/\"]}]}<\/script>\n<!-- \/ Yoast SEO plugin. -->","yoast_head_json":{"title":"Advanced Specialty Diver | Calero Diving Lanzarote","robots":{"index":"index","follow":"follow","max-snippet":"max-snippet:-1","max-image-preview":"max-image-preview:large","max-video-preview":"max-video-preview:-1"},"canonical":"https:\/\/calerodiving.com\/advanced-specialty-diver\/","og_locale":"fr_FR","og_type":"article","og_title":"Advanced Specialty Diver | Calero Diving Lanzarote","og_description":"r\u00e9cr\u00e9atif SSI Advanced Specialty Diver Pr\u00e9sentation du programme : Pour obtenir cette certification SSI, vous devez compl\u00e9ter 4 sp\u00e9cialit\u00e9s et avoir enregistr\u00e9 24 plong\u00e9es en eau libre dans votre carnet de plong\u00e9e. Le choix des sp\u00e9cialit\u00e9s peut varier selon vos pr\u00e9f\u00e9rences ou vos futures destinations de plong\u00e9e, mais certaines sont particuli\u00e8rement utiles pour tout plongeur. [&hellip;]","og_url":"https:\/\/calerodiving.com\/advanced-specialty-diver\/","og_site_name":"Calero Diving Lanzarote","article_publisher":"https:\/\/www.facebook.com\/calerodiving\/","article_modified_time":"2026-04-20T11:57:30+00:00","og_image":[{"width":1030,"height":687,"url":"https:\/\/calerodiving.com\/wp-content\/uploads\/2026\/03\/advanced_specialty_diver-1030x687.png","type":"image\/png"}],"twitter_card":"summary_large_image","twitter_misc":{"Dur\u00e9e de lecture estim\u00e9e":"2 minutes"},"schema":{"@context":"https:\/\/schema.org","@graph":[{"@type":"WebPage","@id":"https:\/\/calerodiving.com\/advanced-specialty-diver\/","url":"https:\/\/calerodiving.com\/advanced-specialty-diver\/","name":"Advanced Specialty Diver | Calero Diving Lanzarote","isPartOf":{"@id":"https:\/\/calerodiving.com\/#website"},"primaryImageOfPage":{"@id":"https:\/\/calerodiving.com\/advanced-specialty-diver\/#primaryimage"},"image":{"@id":"https:\/\/calerodiving.com\/advanced-specialty-diver\/#primaryimage"},"thumbnailUrl":"https:\/\/calerodiving.com\/wp-content\/uploads\/2026\/03\/advanced_specialty_diver-1030x687.png","datePublished":"2026-03-06T13:20:01+00:00","dateModified":"2026-04-20T11:57:30+00:00","breadcrumb":{"@id":"https:\/\/calerodiving.com\/advanced-specialty-diver\/#breadcrumb"},"inLanguage":"fr-FR","potentialAction":[{"@type":"ReadAction","target":["https:\/\/calerodiving.com\/advanced-specialty-diver\/"]}]},{"@type":"ImageObject","inLanguage":"fr-FR","@id":"https:\/\/calerodiving.com\/advanced-specialty-diver\/#primaryimage","url":"https:\/\/calerodiving.com\/wp-content\/uploads\/2026\/03\/advanced_specialty_diver-1030x687.png","contentUrl":"https:\/\/calerodiving.com\/wp-content\/uploads\/2026\/03\/advanced_specialty_diver-1030x687.png"},{"@type":"BreadcrumbList","@id":"https:\/\/calerodiving.com\/advanced-specialty-diver\/#breadcrumb","itemListElement":[{"@type":"ListItem","position":1,"name":"Home","item":"https:\/\/calerodiving.com\/es\/"},{"@type":"ListItem","position":2,"name":"Advanced Specialty Diver"}]},{"@type":"WebSite","@id":"https:\/\/calerodiving.com\/#website","url":"https:\/\/calerodiving.com\/","name":"Calero Diving Lanzarote","description":"Dive Center - Marina Puerto Calero Lanzarote","publisher":{"@id":"https:\/\/calerodiving.com\/#organization"},"alternateName":"Calero Diving","potentialAction":[{"@type":"SearchAction","target":{"@type":"EntryPoint","urlTemplate":"https:\/\/calerodiving.com\/?s={search_term_string}"},"query-input":{"@type":"PropertyValueSpecification","valueRequired":true,"valueName":"search_term_string"}}],"inLanguage":"fr-FR"},{"@type":"Organization","@id":"https:\/\/calerodiving.com\/#organization","name":"Calero Diving Lanzarote","alternateName":"Calero Diving","url":"https:\/\/calerodiving.com\/","logo":{"@type":"ImageObject","inLanguage":"fr-FR","@id":"https:\/\/calerodiving.com\/#\/schema\/logo\/image\/","url":"https:\/\/calerodiving.com\/wp-content\/uploads\/2025\/05\/Grupo.png","contentUrl":"https:\/\/calerodiving.com\/wp-content\/uploads\/2025\/05\/Grupo.png","width":499,"height":590,"caption":"Calero Diving Lanzarote"},"image":{"@id":"https:\/\/calerodiving.com\/#\/schema\/logo\/image\/"},"sameAs":["https:\/\/www.facebook.com\/calerodiving\/","https:\/\/www.instagram.com\/calerodiving\/"]}]}},"_links":{"self":[{"href":"https:\/\/calerodiving.com\/fr\/wp-json\/wp\/v2\/pages\/27048","targetHints":{"allow":["GET"]}}],"collection":[{"href":"https:\/\/calerodiving.com\/fr\/wp-json\/wp\/v2\/pages"}],"about":[{"href":"https:\/\/calerodiving.com\/fr\/wp-json\/wp\/v2\/types\/page"}],"author":[{"embeddable":true,"href":"https:\/\/calerodiving.com\/fr\/wp-json\/wp\/v2\/users\/10"}],"replies":[{"embeddable":true,"href":"https:\/\/calerodiving.com\/fr\/wp-json\/wp\/v2\/comments?post=27048"}],"version-history":[{"count":20,"href":"https:\/\/calerodiving.com\/fr\/wp-json\/wp\/v2\/pages\/27048\/revisions"}],"predecessor-version":[{"id":28290,"href":"https:\/\/calerodiving.com\/fr\/wp-json\/wp\/v2\/pages\/27048\/revisions\/28290"}],"wp:attachment":[{"href":"https:\/\/calerodiving.com\/fr\/wp-json\/wp\/v2\/media?parent=27048"}],"curies":[{"name":"wp","href":"https:\/\/api.w.org\/{rel}","templated":true}]}}