{"id":26386,"date":"2025-09-15T11:12:21","date_gmt":"2025-09-15T10:12:21","guid":{"rendered":"https:\/\/calerodiving.com\/reservation\/"},"modified":"2026-04-23T10:58:09","modified_gmt":"2026-04-23T09:58:09","slug":"reservation","status":"publish","type":"page","link":"https:\/\/calerodiving.com\/fr\/reservation\/","title":{"rendered":"R\u00e9servation"},"content":{"rendered":"\t\t<div data-elementor-type=\"wp-page\" data-elementor-id=\"26386\" class=\"elementor elementor-26386 elementor-26363\" data-elementor-post-type=\"page\">\n\t\t\t\t<div class=\"elementor-element elementor-element-9efbbdb e-flex e-con-boxed e-con e-parent\" data-id=\"9efbbdb\" data-element_type=\"container\" data-e-type=\"container\">\n\t\t\t\t\t<div class=\"e-con-inner\">\n\t\t\t\t<div class=\"elementor-element elementor-element-e2ae4ec elementor-widget elementor-widget-heading\" data-id=\"e2ae4ec\" data-element_type=\"widget\" data-e-type=\"widget\" data-widget_type=\"heading.default\">\n\t\t\t\t<div class=\"elementor-widget-container\">\n\t\t\t\t\t<h2 class=\"elementor-heading-title elementor-size-default\">R\u00e9serve tes plong\u00e9es et cours de plong\u00e9e \u00e0 Lanzarote.<\/h2>\t\t\t\t<\/div>\n\t\t\t\t<\/div>\n\t\t\t\t<div class=\"elementor-element elementor-element-9d4ef68 elementor-widget elementor-widget-html\" data-id=\"9d4ef68\" data-element_type=\"widget\" data-e-type=\"widget\" data-widget_type=\"html.default\">\n\t\t\t\t<div class=\"elementor-widget-container\">\n\t\t\t\t\t<!--Cursos profesionales, Rebreather, Buceo t\u00e9cnico, Especialidades, Cursos recreativos, Iniciaci\u00f3n, Inmersiones Guiadas-->\n<div class=\"SCXP_WIDGET\" data-widget=\"List\" data-customer=\"6213b2319a1bbf005fa0b870\" data-categories=\"6888ca88496a39fad5006744,6888c3b3f71dec2c3881d902,6888accdf71dec2c38804e8b,6241bf108a80c3795c5dd5f9,6241bf068a80c3795c5dd5f8,6241bed38a80c3795c5dd5f5,6241b75d8a80c3795c5dd5e3\" data-lang=\"fr\"><\/div>\t\t\t\t<\/div>\n\t\t\t\t<\/div>\n\t\t\t\t\t<\/div>\n\t\t\t\t<\/div>\n\t\t\t\t<\/div>\n\t\t","protected":false},"excerpt":{"rendered":"<p>R\u00e9serve tes plong\u00e9es et cours de plong\u00e9e \u00e0 Lanzarote.<\/p>\n","protected":false},"author":10,"featured_media":0,"parent":0,"menu_order":0,"comment_status":"closed","ping_status":"closed","template":"","meta":{"_acf_changed":false,"footnotes":""},"class_list":["post-26386","page","type-page","status-publish","hentry"],"acf":[],"yoast_head":"<!-- This site is optimized with the Yoast SEO plugin v27.5 - https:\/\/yoast.com\/product\/yoast-seo-wordpress\/ -->\n<title>R\u00e9servez Votre Plong\u00e9e ou Votre Cours de Plong\u00e9e | Calero Diving Lanzarote<\/title>\n<meta name=\"robots\" content=\"index, follow, max-snippet:-1, max-image-preview:large, max-video-preview:-1\" \/>\n<link rel=\"canonical\" href=\"https:\/\/calerodiving.com\/booking\/\" \/>\n<meta property=\"og:locale\" content=\"fr_FR\" \/>\n<meta property=\"og:type\" content=\"article\" \/>\n<meta property=\"og:title\" content=\"R\u00e9servez Votre Plong\u00e9e ou Votre Cours de Plong\u00e9e | Calero Diving Lanzarote\" \/>\n<meta property=\"og:description\" content=\"R\u00e9serve tes plong\u00e9es et cours de plong\u00e9e \u00e0 Lanzarote.\" \/>\n<meta property=\"og:url\" content=\"https:\/\/calerodiving.com\/booking\/\" \/>\n<meta property=\"og:site_name\" content=\"Calero Diving Lanzarote\" \/>\n<meta property=\"article:publisher\" content=\"https:\/\/www.facebook.com\/calerodiving\/\" \/>\n<meta property=\"article:modified_time\" content=\"2026-04-23T09:58:09+00:00\" \/>\n<meta property=\"og:image\" content=\"https:\/\/calerodiving.com\/wp-content\/uploads\/2025\/05\/Grupo.png\" \/>\n\t<meta property=\"og:image:width\" content=\"499\" \/>\n\t<meta property=\"og:image:height\" content=\"590\" \/>\n\t<meta property=\"og:image:type\" content=\"image\/png\" \/>\n<meta name=\"twitter:card\" content=\"summary_large_image\" \/>\n<meta name=\"twitter:label1\" content=\"Dur\u00e9e de lecture estim\u00e9e\" \/>\n\t<meta name=\"twitter:data1\" content=\"1 minute\" \/>\n<script type=\"application\/ld+json\" class=\"yoast-schema-graph\">{\"@context\":\"https:\\\/\\\/schema.org\",\"@graph\":[{\"@type\":\"WebPage\",\"@id\":\"https:\\\/\\\/calerodiving.com\\\/booking\\\/\",\"url\":\"https:\\\/\\\/calerodiving.com\\\/booking\\\/\",\"name\":\"R\u00e9servez Votre Plong\u00e9e ou Votre Cours de Plong\u00e9e | Calero Diving Lanzarote\",\"isPartOf\":{\"@id\":\"https:\\\/\\\/calerodiving.com\\\/#website\"},\"datePublished\":\"2025-09-15T10:12:21+00:00\",\"dateModified\":\"2026-04-23T09:58:09+00:00\",\"breadcrumb\":{\"@id\":\"https:\\\/\\\/calerodiving.com\\\/booking\\\/#breadcrumb\"},\"inLanguage\":\"fr-FR\",\"potentialAction\":[{\"@type\":\"ReadAction\",\"target\":[\"https:\\\/\\\/calerodiving.com\\\/booking\\\/\"]}]},{\"@type\":\"BreadcrumbList\",\"@id\":\"https:\\\/\\\/calerodiving.com\\\/booking\\\/#breadcrumb\",\"itemListElement\":[{\"@type\":\"ListItem\",\"position\":1,\"name\":\"Home\",\"item\":\"https:\\\/\\\/calerodiving.com\\\/es\\\/\"},{\"@type\":\"ListItem\",\"position\":2,\"name\":\"R\u00e9servation\"}]},{\"@type\":\"WebSite\",\"@id\":\"https:\\\/\\\/calerodiving.com\\\/#website\",\"url\":\"https:\\\/\\\/calerodiving.com\\\/\",\"name\":\"Calero Diving Lanzarote\",\"description\":\"Dive Center - Marina Puerto Calero Lanzarote\",\"publisher\":{\"@id\":\"https:\\\/\\\/calerodiving.com\\\/#organization\"},\"alternateName\":\"Calero Diving\",\"potentialAction\":[{\"@type\":\"SearchAction\",\"target\":{\"@type\":\"EntryPoint\",\"urlTemplate\":\"https:\\\/\\\/calerodiving.com\\\/?s={search_term_string}\"},\"query-input\":{\"@type\":\"PropertyValueSpecification\",\"valueRequired\":true,\"valueName\":\"search_term_string\"}}],\"inLanguage\":\"fr-FR\"},{\"@type\":\"Organization\",\"@id\":\"https:\\\/\\\/calerodiving.com\\\/#organization\",\"name\":\"Calero Diving Lanzarote\",\"alternateName\":\"Calero Diving\",\"url\":\"https:\\\/\\\/calerodiving.com\\\/\",\"logo\":{\"@type\":\"ImageObject\",\"inLanguage\":\"fr-FR\",\"@id\":\"https:\\\/\\\/calerodiving.com\\\/#\\\/schema\\\/logo\\\/image\\\/\",\"url\":\"https:\\\/\\\/calerodiving.com\\\/wp-content\\\/uploads\\\/2025\\\/05\\\/Grupo.png\",\"contentUrl\":\"https:\\\/\\\/calerodiving.com\\\/wp-content\\\/uploads\\\/2025\\\/05\\\/Grupo.png\",\"width\":499,\"height\":590,\"caption\":\"Calero Diving Lanzarote\"},\"image\":{\"@id\":\"https:\\\/\\\/calerodiving.com\\\/#\\\/schema\\\/logo\\\/image\\\/\"},\"sameAs\":[\"https:\\\/\\\/www.facebook.com\\\/calerodiving\\\/\",\"https:\\\/\\\/www.instagram.com\\\/calerodiving\\\/\"]}]}<\/script>\n<!-- \/ Yoast SEO plugin. -->","yoast_head_json":{"title":"R\u00e9servez Votre Plong\u00e9e ou Votre Cours de Plong\u00e9e | Calero Diving Lanzarote","robots":{"index":"index","follow":"follow","max-snippet":"max-snippet:-1","max-image-preview":"max-image-preview:large","max-video-preview":"max-video-preview:-1"},"canonical":"https:\/\/calerodiving.com\/booking\/","og_locale":"fr_FR","og_type":"article","og_title":"R\u00e9servez Votre Plong\u00e9e ou Votre Cours de Plong\u00e9e | Calero Diving Lanzarote","og_description":"R\u00e9serve tes plong\u00e9es et cours de plong\u00e9e \u00e0 Lanzarote.","og_url":"https:\/\/calerodiving.com\/booking\/","og_site_name":"Calero Diving Lanzarote","article_publisher":"https:\/\/www.facebook.com\/calerodiving\/","article_modified_time":"2026-04-23T09:58:09+00:00","og_image":[{"width":499,"height":590,"url":"https:\/\/calerodiving.com\/wp-content\/uploads\/2025\/05\/Grupo.png","type":"image\/png"}],"twitter_card":"summary_large_image","twitter_misc":{"Dur\u00e9e de lecture estim\u00e9e":"1 minute"},"schema":{"@context":"https:\/\/schema.org","@graph":[{"@type":"WebPage","@id":"https:\/\/calerodiving.com\/booking\/","url":"https:\/\/calerodiving.com\/booking\/","name":"R\u00e9servez Votre Plong\u00e9e ou Votre Cours de Plong\u00e9e | Calero Diving Lanzarote","isPartOf":{"@id":"https:\/\/calerodiving.com\/#website"},"datePublished":"2025-09-15T10:12:21+00:00","dateModified":"2026-04-23T09:58:09+00:00","breadcrumb":{"@id":"https:\/\/calerodiving.com\/booking\/#breadcrumb"},"inLanguage":"fr-FR","potentialAction":[{"@type":"ReadAction","target":["https:\/\/calerodiving.com\/booking\/"]}]},{"@type":"BreadcrumbList","@id":"https:\/\/calerodiving.com\/booking\/#breadcrumb","itemListElement":[{"@type":"ListItem","position":1,"name":"Home","item":"https:\/\/calerodiving.com\/es\/"},{"@type":"ListItem","position":2,"name":"R\u00e9servation"}]},{"@type":"WebSite","@id":"https:\/\/calerodiving.com\/#website","url":"https:\/\/calerodiving.com\/","name":"Calero Diving Lanzarote","description":"Dive Center - Marina Puerto Calero Lanzarote","publisher":{"@id":"https:\/\/calerodiving.com\/#organization"},"alternateName":"Calero Diving","potentialAction":[{"@type":"SearchAction","target":{"@type":"EntryPoint","urlTemplate":"https:\/\/calerodiving.com\/?s={search_term_string}"},"query-input":{"@type":"PropertyValueSpecification","valueRequired":true,"valueName":"search_term_string"}}],"inLanguage":"fr-FR"},{"@type":"Organization","@id":"https:\/\/calerodiving.com\/#organization","name":"Calero Diving Lanzarote","alternateName":"Calero Diving","url":"https:\/\/calerodiving.com\/","logo":{"@type":"ImageObject","inLanguage":"fr-FR","@id":"https:\/\/calerodiving.com\/#\/schema\/logo\/image\/","url":"https:\/\/calerodiving.com\/wp-content\/uploads\/2025\/05\/Grupo.png","contentUrl":"https:\/\/calerodiving.com\/wp-content\/uploads\/2025\/05\/Grupo.png","width":499,"height":590,"caption":"Calero Diving Lanzarote"},"image":{"@id":"https:\/\/calerodiving.com\/#\/schema\/logo\/image\/"},"sameAs":["https:\/\/www.facebook.com\/calerodiving\/","https:\/\/www.instagram.com\/calerodiving\/"]}]}},"_links":{"self":[{"href":"https:\/\/calerodiving.com\/fr\/wp-json\/wp\/v2\/pages\/26386","targetHints":{"allow":["GET"]}}],"collection":[{"href":"https:\/\/calerodiving.com\/fr\/wp-json\/wp\/v2\/pages"}],"about":[{"href":"https:\/\/calerodiving.com\/fr\/wp-json\/wp\/v2\/types\/page"}],"author":[{"embeddable":true,"href":"https:\/\/calerodiving.com\/fr\/wp-json\/wp\/v2\/users\/10"}],"replies":[{"embeddable":true,"href":"https:\/\/calerodiving.com\/fr\/wp-json\/wp\/v2\/comments?post=26386"}],"version-history":[{"count":7,"href":"https:\/\/calerodiving.com\/fr\/wp-json\/wp\/v2\/pages\/26386\/revisions"}],"predecessor-version":[{"id":28797,"href":"https:\/\/calerodiving.com\/fr\/wp-json\/wp\/v2\/pages\/26386\/revisions\/28797"}],"wp:attachment":[{"href":"https:\/\/calerodiving.com\/fr\/wp-json\/wp\/v2\/media?parent=26386"}],"curies":[{"name":"wp","href":"https:\/\/api.w.org\/{rel}","templated":true}]}}