{"id":25023,"date":"2025-09-01T13:31:21","date_gmt":"2025-09-01T12:31:21","guid":{"rendered":"https:\/\/calerodiving.com\/plongee-en-combinaison-etanche\/"},"modified":"2026-04-20T11:51:27","modified_gmt":"2026-04-20T10:51:27","slug":"dry-suit-diving","status":"publish","type":"page","link":"https:\/\/calerodiving.com\/fr\/dry-suit-diving\/","title":{"rendered":"Plong\u00e9e en combinaison \u00e9tanche"},"content":{"rendered":"\t\t<div data-elementor-type=\"wp-page\" data-elementor-id=\"25023\" class=\"elementor elementor-25023 elementor-20554\" data-elementor-post-type=\"page\">\n\t\t\t\t<div class=\"elementor-element elementor-element-2d9aecf e-flex e-con-boxed e-con e-parent\" data-id=\"2d9aecf\" data-element_type=\"container\" data-e-type=\"container\">\n\t\t\t\t\t<div class=\"e-con-inner\">\n\t\t<div class=\"elementor-element elementor-element-f916eb1 e-con-full e-flex e-con e-child\" data-id=\"f916eb1\" data-element_type=\"container\" data-e-type=\"container\">\n\t\t\t\t<div class=\"elementor-element elementor-element-9ced429 elementor-widget elementor-widget-image\" data-id=\"9ced429\" data-element_type=\"widget\" data-e-type=\"widget\" data-widget_type=\"image.default\">\n\t\t\t\t<div class=\"elementor-widget-container\">\n\t\t\t\t\t\t\t\t\t\t\t\t\t\t\t<img fetchpriority=\"high\" decoding=\"async\" width=\"598\" height=\"380\" src=\"https:\/\/calerodiving.com\/wp-content\/uploads\/2017\/10\/dry-suit.jpg\" class=\"attachment-large size-large wp-image-1899\" alt=\"\" srcset=\"https:\/\/calerodiving.com\/wp-content\/uploads\/2017\/10\/dry-suit.jpg 598w, https:\/\/calerodiving.com\/wp-content\/uploads\/2017\/10\/dry-suit-300x191.jpg 300w, https:\/\/calerodiving.com\/wp-content\/uploads\/2017\/10\/dry-suit-450x286.jpg 450w\" sizes=\"(max-width: 598px) 100vw, 598px\" \/>\t\t\t\t\t\t\t\t\t\t\t\t\t\t\t<\/div>\n\t\t\t\t<\/div>\n\t\t\t\t<\/div>\n\t\t<div class=\"elementor-element elementor-element-7920163 e-con-full e-flex e-con e-child\" data-id=\"7920163\" data-element_type=\"container\" data-e-type=\"container\">\n\t\t<div class=\"elementor-element elementor-element-ac55d29 e-con-full e-flex e-con e-child\" data-id=\"ac55d29\" data-element_type=\"container\" data-e-type=\"container\">\n\t\t\t\t<div class=\"elementor-element elementor-element-5dd48a9 elementor-widget elementor-widget-html\" data-id=\"5dd48a9\" data-element_type=\"widget\" data-e-type=\"widget\" data-widget_type=\"html.default\">\n\t\t\t\t<div class=\"elementor-widget-container\">\n\t\t\t\t\t<a href=\"https:\/\/calerodiving.com\/fr\/cours-de-plongee-loisir\/#specialties\" class=\"tag-button\">sp\u00e9cialit\u00e9s<\/a>\n\t\t\t\t<\/div>\n\t\t\t\t<\/div>\n\t\t\t\t<div class=\"elementor-element elementor-element-6ba1393 elementor-widget elementor-widget-heading\" data-id=\"6ba1393\" data-element_type=\"widget\" data-e-type=\"widget\" data-widget_type=\"heading.default\">\n\t\t\t\t<div class=\"elementor-widget-container\">\n\t\t\t\t\t<h2 class=\"elementor-heading-title elementor-size-default\">Dry Suit Diving<\/h2>\t\t\t\t<\/div>\n\t\t\t\t<\/div>\n\t\t\t\t<\/div>\n\t\t\t\t<\/div>\n\t\t\t\t\t<\/div>\n\t\t\t\t<\/div>\n\t\t<div class=\"elementor-element elementor-element-edbf3df e-flex e-con-boxed e-con e-parent\" data-id=\"edbf3df\" data-element_type=\"container\" data-e-type=\"container\">\n\t\t\t\t\t<div class=\"e-con-inner\">\n\t\t<div class=\"elementor-element elementor-element-ebe03ef e-con-full e-flex e-con e-child\" data-id=\"ebe03ef\" data-element_type=\"container\" data-e-type=\"container\">\n\t\t<div class=\"elementor-element elementor-element-29aac65 e-con-full e-flex e-con e-child\" data-id=\"29aac65\" data-element_type=\"container\" data-e-type=\"container\">\n\t\t\t\t<div class=\"elementor-element elementor-element-75738f6 elementor-widget elementor-widget-heading\" data-id=\"75738f6\" data-element_type=\"widget\" data-e-type=\"widget\" data-widget_type=\"heading.default\">\n\t\t\t\t<div class=\"elementor-widget-container\">\n\t\t\t\t\t<h2 class=\"elementor-heading-title elementor-size-default\">Putain, il fait froid !<\/h2>\t\t\t\t<\/div>\n\t\t\t\t<\/div>\n\t\t\t\t<div class=\"elementor-element elementor-element-57df561 elementor-widget elementor-widget-text-editor\" data-id=\"57df561\" data-element_type=\"widget\" data-e-type=\"widget\" data-widget_type=\"text-editor.default\">\n\t\t\t\t<div class=\"elementor-widget-container\">\n\t\t\t\t\t\t\t\t\t<div class=\"section-list\">\n<h3>Aper\u00e7u du programme :<\/h3>\nUne combinaison \u00e9tanche t\u2019ouvre la porte \u00e0 une plong\u00e9e bien plus confortable en eaux froides et te permet de profiter de la plong\u00e9e toute l\u2019ann\u00e9e.<br><br>\n\nEn emp\u00eachant l\u2019eau froide d\u2019atteindre ton corps et en am\u00e9liorant la protection thermique, une combinaison \u00e9tanche t\u2019aide \u00e0 rester plus au chaud, plus \u00e0 l\u2019aise et plus concentr\u00e9 sous l\u2019eau.<br><br>\n\nPendant la sp\u00e9cialit\u00e9 SSI Dry Suit Diving, tu apprendras \u00e0 utiliser correctement une combinaison \u00e9tanche, \u00e0 contr\u00f4ler ta flottabilit\u00e9, \u00e0 bien l\u2019ajuster et \u00e0 l\u2019entretenir apr\u00e8s la plong\u00e9e.<br><br>\n\nNous t\u2019aiderons \u00e9galement \u00e0 comprendre quels crit\u00e8res prendre en compte pour choisir la combinaison \u00e9tanche la plus adapt\u00e9e \u00e0 tes futures plong\u00e9es.<br><br>\n\nChez Calero Diving, tu auras \u00e9galement la possibilit\u00e9 d\u2019essayer diff\u00e9rentes tailles, de compl\u00e9ter la sp\u00e9cialit\u00e9 et d\u2019\u00eatre conseill\u00e9 si tu d\u00e9cides plus tard d\u2019investir dans ton propre \u00e9quipement de combinaison \u00e9tanche.\n\n<h3>Dur\u00e9e<\/h3>\n<ul>\n  <li>1 jour<\/li>\n<\/ul>\n\n<h3>Comprend<\/h3>\n<ul>\n  <li>1 session en milieu prot\u00e9g\u00e9<\/li>\n  <li>2 plong\u00e9es de formation<\/li>\n  <li>location de combinaison \u00e9tanche et de sous-v\u00eatement thermique<\/li>\n  <li>supports num\u00e9riques<\/li>\n  <li>certification SSI Dry Suit Diving<\/li>\n<\/ul>\n\n<h3>Non inclus<\/h3>\n<ul>\n  <li>location d\u2019\u00e9quipement<\/li>\n  <li>assurance plong\u00e9e<\/li>\n<\/ul>\n\n<h3>Conditions requises<\/h3>\n<ul>\n  <li>avoir au moins 10 ans<\/li>\n  <li>certification SSI Referral Diver ou \u00e9quivalente<\/li>\n<\/ul>\n\n<h3>Autres cours susceptibles de t\u2019int\u00e9resser<\/h3>\n<ul>\n  <li>Perfect Buoyancy<\/li>\n  <li>Recreational Sidemount Diving<\/li>\n  <li>Extended Range Nitrox Diving<\/li>\n<\/ul>\n<\/div>\t\t\t\t\t\t\t\t<\/div>\n\t\t\t\t<\/div>\n\t\t\t\t<\/div>\n\t\t\t\t<\/div>\n\t\t<div class=\"elementor-element elementor-element-feb9cbb e-con-full e-flex e-con e-child\" data-id=\"feb9cbb\" data-element_type=\"container\" data-e-type=\"container\">\n\t\t<div class=\"elementor-element elementor-element-b4dc4a3 e-con-full course-sidebar-box e-flex e-con e-child\" data-id=\"b4dc4a3\" data-element_type=\"container\" data-e-type=\"container\" data-settings=\"{&quot;sticky&quot;:&quot;top&quot;,&quot;sticky_offset&quot;:110,&quot;sticky_effects_offset&quot;:130,&quot;sticky_parent&quot;:&quot;yes&quot;,&quot;sticky_on&quot;:[&quot;desktop&quot;,&quot;tablet&quot;,&quot;mobile&quot;],&quot;sticky_anchor_link_offset&quot;:0}\">\n\t\t\t\t<div class=\"elementor-element elementor-element-8684cfa elementor-widget elementor-widget-text-editor\" data-id=\"8684cfa\" data-element_type=\"widget\" data-e-type=\"widget\" data-widget_type=\"text-editor.default\">\n\t\t\t\t<div class=\"elementor-widget-container\">\n\t\t\t\t\t\t\t\t\t<div class=\"courses-info\"><h6 class=\"no-margin\">Dur\u00e9e:<\/h6><p class=\"no-margin\">1 jour<\/p><\/div><div class=\"courses-info\"><h6 class=\"no-margin\">Prix:<\/h6><p class=\"no-margin\">\u00c0 partir de 250 \u20ac<\/p><\/div>\t\t\t\t\t\t\t\t<\/div>\n\t\t\t\t<\/div>\n\t\t\t\t<div class=\"elementor-element elementor-element-e685945 elementor-mobile-align-center elementor-widget elementor-widget-button\" data-id=\"e685945\" data-element_type=\"widget\" data-e-type=\"widget\" data-widget_type=\"button.default\">\n\t\t\t\t<div class=\"elementor-widget-container\">\n\t\t\t\t\t\t\t\t\t<div class=\"elementor-button-wrapper\">\n\t\t\t\t\t<a class=\"elementor-button elementor-button-link elementor-size-sm\" href=\"https:\/\/bukyapp.com\/booking?mode=pack&#038;product=62223f5a4db01a005f511a9a&#038;lang=fr&#038;_gl=1*1o0c52q*_ga*ODU1MDM5OTIuMTc0MTE5MTcyMQ..*_ga_4WWMT2EY3C*czE3NTI0ODk3MzckbzY0JGcxJHQxNzUyNDkwNzk2JGo2MCRsMCRoMA..\" target=\"_blank\">\n\t\t\t\t\t\t<span class=\"elementor-button-content-wrapper\">\n\t\t\t\t\t\t\t\t\t<span class=\"elementor-button-text\">R\u00e9server le cours<\/span>\n\t\t\t\t\t<\/span>\n\t\t\t\t\t<\/a>\n\t\t\t\t<\/div>\n\t\t\t\t\t\t\t\t<\/div>\n\t\t\t\t<\/div>\n\t\t\t\t<\/div>\n\t\t\t\t<\/div>\n\t\t\t\t\t<\/div>\n\t\t\t\t<\/div>\n\t\t\t\t<\/div>\n\t\t","protected":false},"excerpt":{"rendered":"<p>sp\u00e9cialit\u00e9s Dry Suit Diving Putain, il fait froid ! Aper\u00e7u du programme : Une combinaison \u00e9tanche t\u2019ouvre la porte \u00e0 une plong\u00e9e bien plus confortable en eaux froides et te permet de profiter de la plong\u00e9e toute l\u2019ann\u00e9e. En emp\u00eachant l\u2019eau froide d\u2019atteindre ton corps et en am\u00e9liorant la protection thermique, une combinaison \u00e9tanche t\u2019aide [&hellip;]<\/p>\n","protected":false},"author":10,"featured_media":0,"parent":0,"menu_order":0,"comment_status":"closed","ping_status":"closed","template":"","meta":{"_acf_changed":false,"footnotes":""},"class_list":["post-25023","page","type-page","status-publish","hentry"],"acf":[],"yoast_head":"<!-- This site is optimized with the Yoast SEO plugin v27.5 - https:\/\/yoast.com\/product\/yoast-seo-wordpress\/ -->\n<title>Plong\u00e9e en combinaison \u00e9tanche | Calero Diving Lanzarote<\/title>\n<meta name=\"robots\" content=\"index, follow, max-snippet:-1, max-image-preview:large, max-video-preview:-1\" \/>\n<link rel=\"canonical\" href=\"https:\/\/calerodiving.com\/dry-suit-diving\/\" \/>\n<meta property=\"og:locale\" content=\"fr_FR\" \/>\n<meta property=\"og:type\" content=\"article\" \/>\n<meta property=\"og:title\" content=\"Plong\u00e9e en combinaison \u00e9tanche | Calero Diving Lanzarote\" \/>\n<meta property=\"og:description\" content=\"sp\u00e9cialit\u00e9s Dry Suit Diving Putain, il fait froid ! Aper\u00e7u du programme : Une combinaison \u00e9tanche t\u2019ouvre la porte \u00e0 une plong\u00e9e bien plus confortable en eaux froides et te permet de profiter de la plong\u00e9e toute l\u2019ann\u00e9e. En emp\u00eachant l\u2019eau froide d\u2019atteindre ton corps et en am\u00e9liorant la protection thermique, une combinaison \u00e9tanche t\u2019aide [&hellip;]\" \/>\n<meta property=\"og:url\" content=\"https:\/\/calerodiving.com\/dry-suit-diving\/\" \/>\n<meta property=\"og:site_name\" content=\"Calero Diving Lanzarote\" \/>\n<meta property=\"article:publisher\" content=\"https:\/\/www.facebook.com\/calerodiving\/\" \/>\n<meta property=\"article:modified_time\" content=\"2026-04-20T10:51:27+00:00\" \/>\n<meta property=\"og:image\" content=\"https:\/\/calerodiving.com\/wp-content\/uploads\/2017\/10\/dry-suit.jpg\" \/>\n\t<meta property=\"og:image:width\" content=\"598\" \/>\n\t<meta property=\"og:image:height\" content=\"380\" \/>\n\t<meta property=\"og:image:type\" content=\"image\/jpeg\" \/>\n<meta name=\"twitter:card\" content=\"summary_large_image\" \/>\n<meta name=\"twitter:label1\" content=\"Dur\u00e9e de lecture estim\u00e9e\" \/>\n\t<meta name=\"twitter:data1\" content=\"2 minutes\" \/>\n<script type=\"application\/ld+json\" class=\"yoast-schema-graph\">{\"@context\":\"https:\\\/\\\/schema.org\",\"@graph\":[{\"@type\":\"WebPage\",\"@id\":\"https:\\\/\\\/calerodiving.com\\\/dry-suit-diving\\\/\",\"url\":\"https:\\\/\\\/calerodiving.com\\\/dry-suit-diving\\\/\",\"name\":\"Plong\u00e9e en combinaison \u00e9tanche | Calero Diving Lanzarote\",\"isPartOf\":{\"@id\":\"https:\\\/\\\/calerodiving.com\\\/#website\"},\"primaryImageOfPage\":{\"@id\":\"https:\\\/\\\/calerodiving.com\\\/dry-suit-diving\\\/#primaryimage\"},\"image\":{\"@id\":\"https:\\\/\\\/calerodiving.com\\\/dry-suit-diving\\\/#primaryimage\"},\"thumbnailUrl\":\"https:\\\/\\\/calerodiving.com\\\/wp-content\\\/uploads\\\/2017\\\/10\\\/dry-suit.jpg\",\"datePublished\":\"2025-09-01T12:31:21+00:00\",\"dateModified\":\"2026-04-20T10:51:27+00:00\",\"breadcrumb\":{\"@id\":\"https:\\\/\\\/calerodiving.com\\\/dry-suit-diving\\\/#breadcrumb\"},\"inLanguage\":\"fr-FR\",\"potentialAction\":[{\"@type\":\"ReadAction\",\"target\":[\"https:\\\/\\\/calerodiving.com\\\/dry-suit-diving\\\/\"]}]},{\"@type\":\"ImageObject\",\"inLanguage\":\"fr-FR\",\"@id\":\"https:\\\/\\\/calerodiving.com\\\/dry-suit-diving\\\/#primaryimage\",\"url\":\"https:\\\/\\\/calerodiving.com\\\/wp-content\\\/uploads\\\/2017\\\/10\\\/dry-suit.jpg\",\"contentUrl\":\"https:\\\/\\\/calerodiving.com\\\/wp-content\\\/uploads\\\/2017\\\/10\\\/dry-suit.jpg\"},{\"@type\":\"BreadcrumbList\",\"@id\":\"https:\\\/\\\/calerodiving.com\\\/dry-suit-diving\\\/#breadcrumb\",\"itemListElement\":[{\"@type\":\"ListItem\",\"position\":1,\"name\":\"Home\",\"item\":\"https:\\\/\\\/calerodiving.com\\\/es\\\/\"},{\"@type\":\"ListItem\",\"position\":2,\"name\":\"Plong\u00e9e en combinaison \u00e9tanche\"}]},{\"@type\":\"WebSite\",\"@id\":\"https:\\\/\\\/calerodiving.com\\\/#website\",\"url\":\"https:\\\/\\\/calerodiving.com\\\/\",\"name\":\"Calero Diving Lanzarote\",\"description\":\"Dive Center - Marina Puerto Calero Lanzarote\",\"publisher\":{\"@id\":\"https:\\\/\\\/calerodiving.com\\\/#organization\"},\"alternateName\":\"Calero Diving\",\"potentialAction\":[{\"@type\":\"SearchAction\",\"target\":{\"@type\":\"EntryPoint\",\"urlTemplate\":\"https:\\\/\\\/calerodiving.com\\\/?s={search_term_string}\"},\"query-input\":{\"@type\":\"PropertyValueSpecification\",\"valueRequired\":true,\"valueName\":\"search_term_string\"}}],\"inLanguage\":\"fr-FR\"},{\"@type\":\"Organization\",\"@id\":\"https:\\\/\\\/calerodiving.com\\\/#organization\",\"name\":\"Calero Diving Lanzarote\",\"alternateName\":\"Calero Diving\",\"url\":\"https:\\\/\\\/calerodiving.com\\\/\",\"logo\":{\"@type\":\"ImageObject\",\"inLanguage\":\"fr-FR\",\"@id\":\"https:\\\/\\\/calerodiving.com\\\/#\\\/schema\\\/logo\\\/image\\\/\",\"url\":\"https:\\\/\\\/calerodiving.com\\\/wp-content\\\/uploads\\\/2025\\\/05\\\/Grupo.png\",\"contentUrl\":\"https:\\\/\\\/calerodiving.com\\\/wp-content\\\/uploads\\\/2025\\\/05\\\/Grupo.png\",\"width\":499,\"height\":590,\"caption\":\"Calero Diving Lanzarote\"},\"image\":{\"@id\":\"https:\\\/\\\/calerodiving.com\\\/#\\\/schema\\\/logo\\\/image\\\/\"},\"sameAs\":[\"https:\\\/\\\/www.facebook.com\\\/calerodiving\\\/\",\"https:\\\/\\\/www.instagram.com\\\/calerodiving\\\/\"]}]}<\/script>\n<!-- \/ Yoast SEO plugin. -->","yoast_head_json":{"title":"Plong\u00e9e en combinaison \u00e9tanche | Calero Diving Lanzarote","robots":{"index":"index","follow":"follow","max-snippet":"max-snippet:-1","max-image-preview":"max-image-preview:large","max-video-preview":"max-video-preview:-1"},"canonical":"https:\/\/calerodiving.com\/dry-suit-diving\/","og_locale":"fr_FR","og_type":"article","og_title":"Plong\u00e9e en combinaison \u00e9tanche | Calero Diving Lanzarote","og_description":"sp\u00e9cialit\u00e9s Dry Suit Diving Putain, il fait froid ! Aper\u00e7u du programme : Une combinaison \u00e9tanche t\u2019ouvre la porte \u00e0 une plong\u00e9e bien plus confortable en eaux froides et te permet de profiter de la plong\u00e9e toute l\u2019ann\u00e9e. En emp\u00eachant l\u2019eau froide d\u2019atteindre ton corps et en am\u00e9liorant la protection thermique, une combinaison \u00e9tanche t\u2019aide [&hellip;]","og_url":"https:\/\/calerodiving.com\/dry-suit-diving\/","og_site_name":"Calero Diving Lanzarote","article_publisher":"https:\/\/www.facebook.com\/calerodiving\/","article_modified_time":"2026-04-20T10:51:27+00:00","og_image":[{"width":598,"height":380,"url":"https:\/\/calerodiving.com\/wp-content\/uploads\/2017\/10\/dry-suit.jpg","type":"image\/jpeg"}],"twitter_card":"summary_large_image","twitter_misc":{"Dur\u00e9e de lecture estim\u00e9e":"2 minutes"},"schema":{"@context":"https:\/\/schema.org","@graph":[{"@type":"WebPage","@id":"https:\/\/calerodiving.com\/dry-suit-diving\/","url":"https:\/\/calerodiving.com\/dry-suit-diving\/","name":"Plong\u00e9e en combinaison \u00e9tanche | Calero Diving Lanzarote","isPartOf":{"@id":"https:\/\/calerodiving.com\/#website"},"primaryImageOfPage":{"@id":"https:\/\/calerodiving.com\/dry-suit-diving\/#primaryimage"},"image":{"@id":"https:\/\/calerodiving.com\/dry-suit-diving\/#primaryimage"},"thumbnailUrl":"https:\/\/calerodiving.com\/wp-content\/uploads\/2017\/10\/dry-suit.jpg","datePublished":"2025-09-01T12:31:21+00:00","dateModified":"2026-04-20T10:51:27+00:00","breadcrumb":{"@id":"https:\/\/calerodiving.com\/dry-suit-diving\/#breadcrumb"},"inLanguage":"fr-FR","potentialAction":[{"@type":"ReadAction","target":["https:\/\/calerodiving.com\/dry-suit-diving\/"]}]},{"@type":"ImageObject","inLanguage":"fr-FR","@id":"https:\/\/calerodiving.com\/dry-suit-diving\/#primaryimage","url":"https:\/\/calerodiving.com\/wp-content\/uploads\/2017\/10\/dry-suit.jpg","contentUrl":"https:\/\/calerodiving.com\/wp-content\/uploads\/2017\/10\/dry-suit.jpg"},{"@type":"BreadcrumbList","@id":"https:\/\/calerodiving.com\/dry-suit-diving\/#breadcrumb","itemListElement":[{"@type":"ListItem","position":1,"name":"Home","item":"https:\/\/calerodiving.com\/es\/"},{"@type":"ListItem","position":2,"name":"Plong\u00e9e en combinaison \u00e9tanche"}]},{"@type":"WebSite","@id":"https:\/\/calerodiving.com\/#website","url":"https:\/\/calerodiving.com\/","name":"Calero Diving Lanzarote","description":"Dive Center - Marina Puerto Calero Lanzarote","publisher":{"@id":"https:\/\/calerodiving.com\/#organization"},"alternateName":"Calero Diving","potentialAction":[{"@type":"SearchAction","target":{"@type":"EntryPoint","urlTemplate":"https:\/\/calerodiving.com\/?s={search_term_string}"},"query-input":{"@type":"PropertyValueSpecification","valueRequired":true,"valueName":"search_term_string"}}],"inLanguage":"fr-FR"},{"@type":"Organization","@id":"https:\/\/calerodiving.com\/#organization","name":"Calero Diving Lanzarote","alternateName":"Calero Diving","url":"https:\/\/calerodiving.com\/","logo":{"@type":"ImageObject","inLanguage":"fr-FR","@id":"https:\/\/calerodiving.com\/#\/schema\/logo\/image\/","url":"https:\/\/calerodiving.com\/wp-content\/uploads\/2025\/05\/Grupo.png","contentUrl":"https:\/\/calerodiving.com\/wp-content\/uploads\/2025\/05\/Grupo.png","width":499,"height":590,"caption":"Calero Diving Lanzarote"},"image":{"@id":"https:\/\/calerodiving.com\/#\/schema\/logo\/image\/"},"sameAs":["https:\/\/www.facebook.com\/calerodiving\/","https:\/\/www.instagram.com\/calerodiving\/"]}]}},"_links":{"self":[{"href":"https:\/\/calerodiving.com\/fr\/wp-json\/wp\/v2\/pages\/25023","targetHints":{"allow":["GET"]}}],"collection":[{"href":"https:\/\/calerodiving.com\/fr\/wp-json\/wp\/v2\/pages"}],"about":[{"href":"https:\/\/calerodiving.com\/fr\/wp-json\/wp\/v2\/types\/page"}],"author":[{"embeddable":true,"href":"https:\/\/calerodiving.com\/fr\/wp-json\/wp\/v2\/users\/10"}],"replies":[{"embeddable":true,"href":"https:\/\/calerodiving.com\/fr\/wp-json\/wp\/v2\/comments?post=25023"}],"version-history":[{"count":11,"href":"https:\/\/calerodiving.com\/fr\/wp-json\/wp\/v2\/pages\/25023\/revisions"}],"predecessor-version":[{"id":28149,"href":"https:\/\/calerodiving.com\/fr\/wp-json\/wp\/v2\/pages\/25023\/revisions\/28149"}],"wp:attachment":[{"href":"https:\/\/calerodiving.com\/fr\/wp-json\/wp\/v2\/media?parent=25023"}],"curies":[{"name":"wp","href":"https:\/\/api.w.org\/{rel}","templated":true}]}}