{"id":25019,"date":"2025-09-01T13:29:54","date_gmt":"2025-09-01T12:29:54","guid":{"rendered":"https:\/\/calerodiving.com\/plongeur-en-eau-libre-ssi\/"},"modified":"2026-04-23T12:44:03","modified_gmt":"2026-04-23T11:44:03","slug":"ssi-open-water-diver","status":"publish","type":"page","link":"https:\/\/calerodiving.com\/fr\/ssi-open-water-diver\/","title":{"rendered":"Plongeur en eau libre SSI"},"content":{"rendered":"\t\t<div data-elementor-type=\"wp-page\" data-elementor-id=\"25019\" class=\"elementor elementor-25019 elementor-20462\" data-elementor-post-type=\"page\">\n\t\t\t\t<div class=\"elementor-element elementor-element-3cc49f5 e-flex e-con-boxed e-con e-parent\" data-id=\"3cc49f5\" data-element_type=\"container\" data-e-type=\"container\">\n\t\t\t\t\t<div class=\"e-con-inner\">\n\t\t<div class=\"elementor-element elementor-element-2f46037 e-con-full e-flex e-con e-child\" data-id=\"2f46037\" data-element_type=\"container\" data-e-type=\"container\">\n\t\t\t\t<div class=\"elementor-element elementor-element-6cef1cf elementor-widget elementor-widget-image\" data-id=\"6cef1cf\" data-element_type=\"widget\" data-e-type=\"widget\" data-widget_type=\"image.default\">\n\t\t\t\t<div class=\"elementor-widget-container\">\n\t\t\t\t\t\t\t\t\t\t\t\t\t\t\t<img fetchpriority=\"high\" decoding=\"async\" width=\"700\" height=\"445\" src=\"https:\/\/calerodiving.com\/wp-content\/uploads\/2025\/07\/Scuba_Diving_Advanced_Open_Water_Diver_calero.jpg\" class=\"attachment-large size-large wp-image-20065\" alt=\"\" srcset=\"https:\/\/calerodiving.com\/wp-content\/uploads\/2025\/07\/Scuba_Diving_Advanced_Open_Water_Diver_calero.jpg 700w, https:\/\/calerodiving.com\/wp-content\/uploads\/2025\/07\/Scuba_Diving_Advanced_Open_Water_Diver_calero-300x191.jpg 300w\" sizes=\"(max-width: 700px) 100vw, 700px\" \/>\t\t\t\t\t\t\t\t\t\t\t\t\t\t\t<\/div>\n\t\t\t\t<\/div>\n\t\t\t\t<\/div>\n\t\t<div class=\"elementor-element elementor-element-8d198b9 e-con-full e-flex e-con e-child\" data-id=\"8d198b9\" data-element_type=\"container\" data-e-type=\"container\">\n\t\t<div class=\"elementor-element elementor-element-954c04e e-con-full e-flex e-con e-child\" data-id=\"954c04e\" data-element_type=\"container\" data-e-type=\"container\">\n\t\t\t\t<div class=\"elementor-element elementor-element-bc3fc13 elementor-widget elementor-widget-html\" data-id=\"bc3fc13\" data-element_type=\"widget\" data-e-type=\"widget\" data-widget_type=\"html.default\">\n\t\t\t\t<div class=\"elementor-widget-container\">\n\t\t\t\t\t<a href=\"https:\/\/calerodiving.com\/fr\/cours-de-plongee-loisir\/#recreational\" class=\"tag-button\">r\u00e9cr\u00e9atif<\/a>\n\t\t\t\t<\/div>\n\t\t\t\t<\/div>\n\t\t\t\t<div class=\"elementor-element elementor-element-f5b59b7 elementor-widget elementor-widget-heading\" data-id=\"f5b59b7\" data-element_type=\"widget\" data-e-type=\"widget\" data-widget_type=\"heading.default\">\n\t\t\t\t<div class=\"elementor-widget-container\">\n\t\t\t\t\t<h2 class=\"elementor-heading-title elementor-size-default\">SSI Open Water Diver<\/h2>\t\t\t\t<\/div>\n\t\t\t\t<\/div>\n\t\t\t\t<\/div>\n\t\t\t\t<\/div>\n\t\t\t\t\t<\/div>\n\t\t\t\t<\/div>\n\t\t<div class=\"elementor-element elementor-element-66621de e-flex e-con-boxed e-con e-parent\" data-id=\"66621de\" data-element_type=\"container\" data-e-type=\"container\">\n\t\t\t\t\t<div class=\"e-con-inner\">\n\t\t<div class=\"elementor-element elementor-element-c9835d9 e-con-full e-flex e-con e-child\" data-id=\"c9835d9\" data-element_type=\"container\" data-e-type=\"container\">\n\t\t<div class=\"elementor-element elementor-element-7f13dda e-con-full e-flex e-con e-child\" data-id=\"7f13dda\" data-element_type=\"container\" data-e-type=\"container\">\n\t\t\t\t<div class=\"elementor-element elementor-element-01cb7f6 elementor-widget elementor-widget-heading\" data-id=\"01cb7f6\" data-element_type=\"widget\" data-e-type=\"widget\" data-widget_type=\"heading.default\">\n\t\t\t\t<div class=\"elementor-widget-container\">\n\t\t\t\t\t<h2 class=\"elementor-heading-title elementor-size-default\">Devenez un plongeur certifi\u00e9<\/h2>\t\t\t\t<\/div>\n\t\t\t\t<\/div>\n\t\t\t\t<div class=\"elementor-element elementor-element-3ceab48 elementor-widget elementor-widget-text-editor\" data-id=\"3ceab48\" data-element_type=\"widget\" data-e-type=\"widget\" data-widget_type=\"text-editor.default\">\n\t\t\t\t<div class=\"elementor-widget-container\">\n\t\t\t\t\t\t\t\t\t<div class=\"section-list\">\n<h3>Aper\u00e7u du programme :<\/h3>\n<p>Le cours Open Water Diver est ta porte d\u2019entr\u00e9e pour devenir plongeur autonome.<\/p>\n<p><span style=\"font-family: -apple-system, BlinkMacSystemFont, &quot;SF Pro Display&quot;, &quot;Helvetica Neue&quot;, sans-serif;\">Pendant 3 jours, ton instructeur te guidera \u00e0 travers les bases de la plong\u00e9e, incluant l\u2019\u00e9quipement, la s\u00e9curit\u00e9 et les techniques sous-marines.&nbsp;<\/span><span style=\"font-family: -apple-system, BlinkMacSystemFont, &quot;SF Pro Display&quot;, &quot;Helvetica Neue&quot;, sans-serif;\">Tu effectueras au moins cinq sessions en milieu prot\u00e9g\u00e9 et quatre plong\u00e9es en milieu naturel, en progressant \u00e9tape par \u00e9tape en toute s\u00e9curit\u00e9.<\/span><\/p>\n<p><span style=\"font-family: -apple-system, BlinkMacSystemFont, &quot;SF Pro Display&quot;, &quot;Helvetica Neue&quot;, sans-serif;\">Tu seras form\u00e9 pour plonger jusqu\u2019\u00e0 une profondeur maximale de 18 m\u00e8tres.<\/span><\/p>\n<p><span style=\"font-family: -apple-system, BlinkMacSystemFont, &quot;SF Pro Display&quot;, &quot;Helvetica Neue&quot;, sans-serif;\">Le cours comprend des sessions th\u00e9oriques et un examen final pour te permettre d\u2019\u00eatre confiant et pr\u00eat.&nbsp;<\/span><span style=\"font-family: -apple-system, BlinkMacSystemFont, &quot;SF Pro Display&quot;, &quot;Helvetica Neue&quot;, sans-serif;\">Pour les derni\u00e8res plong\u00e9es, tu partiras en bateau explorer certains des meilleurs sites de Lanzarote et profiter de tes premi\u00e8res vraies plong\u00e9es en tant que plongeur certifi\u00e9.<\/span><\/p>\n<p><span style=\"font-family: -apple-system, BlinkMacSystemFont, &quot;SF Pro Display&quot;, &quot;Helvetica Neue&quot;, sans-serif;\">\u00c0 la fin du cours, tu recevras ta certification SSI Open Water Diver reconnue dans le monde entier, te permettant de plonger jusqu\u2019\u00e0 18 m\u00e8tres.<\/span><\/p><p><span style=\"font-family: -apple-system, BlinkMacSystemFont, &quot;SF Pro Display&quot;, &quot;Helvetica Neue&quot;, sans-serif;\">Tu peux commencer la th\u00e9orie en ligne avant ton arriv\u00e9e afin d\u2019\u00eatre pr\u00eat et de profiter pleinement de la formation dans l\u2019eau.&nbsp;<\/span><span style=\"font-family: -apple-system, BlinkMacSystemFont, &quot;SF Pro Display&quot;, &quot;Helvetica Neue&quot;, sans-serif;\">Ta certification Open Water Diver n\u2019expire pas et constitue la premi\u00e8re \u00e9tape pour poursuivre ta formation.<\/span><\/p>\n<h3>Dur\u00e9e<\/h3>\n<ul>\n<li>3 jours<\/li>\n<\/ul>\n<h3>Comprend<\/h3>\n<ul>\n<li>Location de l\u2019\u00e9quipement<\/li>\n<li>Supports num\u00e9riques<\/li>\n<li>Assurance plong\u00e9e<\/li>\n<li>Certification SSI Open Water Diver (reconnue dans le monde entier)<\/li>\n<\/ul>\n<h3>Conditions requises<\/h3>\n<ul>\n<li>Avoir au moins 10 ans<\/li>\n<li>Savoir nager 200 m\u00e8tres sans s\u2019arr\u00eater<\/li>\n<li>Rester \u00e0 flot pendant 10 minutes<\/li>\n<\/ul>\n<h3>Autres cours susceptibles de t\u2019int\u00e9resser :<\/h3>\n<ul>\n<li>Scuba Diver<\/li>\n<li>Advanced Adventurer<\/li>\n<li>Plong\u00e9e profonde<\/li>\n<li>Enriched Air Nitrox<\/li>\n<\/ul>\n<\/div>\t\t\t\t\t\t\t\t<\/div>\n\t\t\t\t<\/div>\n\t\t\t\t<\/div>\n\t\t\t\t<\/div>\n\t\t<div class=\"elementor-element elementor-element-f907538 e-con-full e-flex e-con e-child\" data-id=\"f907538\" data-element_type=\"container\" data-e-type=\"container\">\n\t\t<div class=\"elementor-element elementor-element-6753314 e-con-full course-sidebar-box e-flex e-con e-child\" data-id=\"6753314\" data-element_type=\"container\" data-e-type=\"container\" data-settings=\"{&quot;sticky&quot;:&quot;top&quot;,&quot;sticky_offset&quot;:110,&quot;sticky_effects_offset&quot;:130,&quot;sticky_parent&quot;:&quot;yes&quot;,&quot;sticky_on&quot;:[&quot;desktop&quot;,&quot;tablet&quot;,&quot;mobile&quot;],&quot;sticky_anchor_link_offset&quot;:0}\">\n\t\t\t\t<div class=\"elementor-element elementor-element-152f54f elementor-widget elementor-widget-text-editor\" data-id=\"152f54f\" data-element_type=\"widget\" data-e-type=\"widget\" data-widget_type=\"text-editor.default\">\n\t\t\t\t<div class=\"elementor-widget-container\">\n\t\t\t\t\t\t\t\t\t<div class=\"courses-info\"><h6 class=\"no-margin\">Dur\u00e9e:<\/h6><p class=\"no-margin\">3 jours<\/p><\/div><div class=\"courses-info\"><h6 class=\"no-margin\">Prix:<\/h6><p class=\"no-margin\">\u00c0 partir de 525 \u20ac<\/p><\/div>\t\t\t\t\t\t\t\t<\/div>\n\t\t\t\t<\/div>\n\t\t\t\t<div class=\"elementor-element elementor-element-25bf19a elementor-mobile-align-center elementor-widget elementor-widget-button\" data-id=\"25bf19a\" data-element_type=\"widget\" data-e-type=\"widget\" data-widget_type=\"button.default\">\n\t\t\t\t<div class=\"elementor-widget-container\">\n\t\t\t\t\t\t\t\t\t<div class=\"elementor-button-wrapper\">\n\t\t\t\t\t<a class=\"elementor-button elementor-button-link elementor-size-sm\" href=\"http:\/\/app.bukyapp.com\/front\/6213b2319a1bbf005fa0b870\/product\/621d40ba4db01a005f510d15?lang=fr\" target=\"_blank\">\n\t\t\t\t\t\t<span class=\"elementor-button-content-wrapper\">\n\t\t\t\t\t\t\t\t\t<span class=\"elementor-button-text\">R\u00e9server le cours<\/span>\n\t\t\t\t\t<\/span>\n\t\t\t\t\t<\/a>\n\t\t\t\t<\/div>\n\t\t\t\t\t\t\t\t<\/div>\n\t\t\t\t<\/div>\n\t\t\t\t<\/div>\n\t\t\t\t<\/div>\n\t\t\t\t\t<\/div>\n\t\t\t\t<\/div>\n\t\t\t\t<\/div>\n\t\t","protected":false},"excerpt":{"rendered":"<p>r\u00e9cr\u00e9atif SSI Open Water Diver Devenez un plongeur certifi\u00e9 Aper\u00e7u du programme : Le cours Open Water Diver est ta porte d\u2019entr\u00e9e pour devenir plongeur autonome. Pendant 3 jours, ton instructeur te guidera \u00e0 travers les bases de la plong\u00e9e, incluant l\u2019\u00e9quipement, la s\u00e9curit\u00e9 et les techniques sous-marines.&nbsp;Tu effectueras au moins cinq sessions en milieu [&hellip;]<\/p>\n","protected":false},"author":10,"featured_media":0,"parent":0,"menu_order":0,"comment_status":"closed","ping_status":"closed","template":"","meta":{"_acf_changed":false,"footnotes":""},"class_list":["post-25019","page","type-page","status-publish","hentry"],"acf":[],"yoast_head":"<!-- This site is optimized with the Yoast SEO plugin v27.5 - https:\/\/yoast.com\/product\/yoast-seo-wordpress\/ -->\n<title>Plongeur en eau libre SSI | Calero Diving Lanzarote<\/title>\n<meta name=\"robots\" content=\"index, follow, max-snippet:-1, max-image-preview:large, max-video-preview:-1\" \/>\n<link rel=\"canonical\" href=\"https:\/\/calerodiving.com\/ssi-open-water-diver\/\" \/>\n<meta property=\"og:locale\" content=\"fr_FR\" \/>\n<meta property=\"og:type\" content=\"article\" \/>\n<meta property=\"og:title\" content=\"Plongeur en eau libre SSI | Calero Diving Lanzarote\" \/>\n<meta property=\"og:description\" content=\"r\u00e9cr\u00e9atif SSI Open Water Diver Devenez un plongeur certifi\u00e9 Aper\u00e7u du programme : Le cours Open Water Diver est ta porte d\u2019entr\u00e9e pour devenir plongeur autonome. Pendant 3 jours, ton instructeur te guidera \u00e0 travers les bases de la plong\u00e9e, incluant l\u2019\u00e9quipement, la s\u00e9curit\u00e9 et les techniques sous-marines.&nbsp;Tu effectueras au moins cinq sessions en milieu [&hellip;]\" \/>\n<meta property=\"og:url\" content=\"https:\/\/calerodiving.com\/ssi-open-water-diver\/\" \/>\n<meta property=\"og:site_name\" content=\"Calero Diving Lanzarote\" \/>\n<meta property=\"article:publisher\" content=\"https:\/\/www.facebook.com\/calerodiving\/\" \/>\n<meta property=\"article:modified_time\" content=\"2026-04-23T11:44:03+00:00\" \/>\n<meta property=\"og:image\" content=\"https:\/\/calerodiving.com\/wp-content\/uploads\/2025\/07\/Scuba_Diving_Advanced_Open_Water_Diver_calero.jpg\" \/>\n\t<meta property=\"og:image:width\" content=\"700\" \/>\n\t<meta property=\"og:image:height\" content=\"445\" \/>\n\t<meta property=\"og:image:type\" content=\"image\/jpeg\" \/>\n<meta name=\"twitter:card\" content=\"summary_large_image\" \/>\n<meta name=\"twitter:label1\" content=\"Dur\u00e9e de lecture estim\u00e9e\" \/>\n\t<meta name=\"twitter:data1\" content=\"2 minutes\" \/>\n<script type=\"application\/ld+json\" class=\"yoast-schema-graph\">{\"@context\":\"https:\\\/\\\/schema.org\",\"@graph\":[{\"@type\":\"WebPage\",\"@id\":\"https:\\\/\\\/calerodiving.com\\\/ssi-open-water-diver\\\/\",\"url\":\"https:\\\/\\\/calerodiving.com\\\/ssi-open-water-diver\\\/\",\"name\":\"Plongeur en eau libre SSI | Calero Diving Lanzarote\",\"isPartOf\":{\"@id\":\"https:\\\/\\\/calerodiving.com\\\/#website\"},\"primaryImageOfPage\":{\"@id\":\"https:\\\/\\\/calerodiving.com\\\/ssi-open-water-diver\\\/#primaryimage\"},\"image\":{\"@id\":\"https:\\\/\\\/calerodiving.com\\\/ssi-open-water-diver\\\/#primaryimage\"},\"thumbnailUrl\":\"https:\\\/\\\/calerodiving.com\\\/wp-content\\\/uploads\\\/2025\\\/07\\\/Scuba_Diving_Advanced_Open_Water_Diver_calero.jpg\",\"datePublished\":\"2025-09-01T12:29:54+00:00\",\"dateModified\":\"2026-04-23T11:44:03+00:00\",\"breadcrumb\":{\"@id\":\"https:\\\/\\\/calerodiving.com\\\/ssi-open-water-diver\\\/#breadcrumb\"},\"inLanguage\":\"fr-FR\",\"potentialAction\":[{\"@type\":\"ReadAction\",\"target\":[\"https:\\\/\\\/calerodiving.com\\\/ssi-open-water-diver\\\/\"]}]},{\"@type\":\"ImageObject\",\"inLanguage\":\"fr-FR\",\"@id\":\"https:\\\/\\\/calerodiving.com\\\/ssi-open-water-diver\\\/#primaryimage\",\"url\":\"https:\\\/\\\/calerodiving.com\\\/wp-content\\\/uploads\\\/2025\\\/07\\\/Scuba_Diving_Advanced_Open_Water_Diver_calero.jpg\",\"contentUrl\":\"https:\\\/\\\/calerodiving.com\\\/wp-content\\\/uploads\\\/2025\\\/07\\\/Scuba_Diving_Advanced_Open_Water_Diver_calero.jpg\"},{\"@type\":\"BreadcrumbList\",\"@id\":\"https:\\\/\\\/calerodiving.com\\\/ssi-open-water-diver\\\/#breadcrumb\",\"itemListElement\":[{\"@type\":\"ListItem\",\"position\":1,\"name\":\"Home\",\"item\":\"https:\\\/\\\/calerodiving.com\\\/es\\\/\"},{\"@type\":\"ListItem\",\"position\":2,\"name\":\"Plongeur en eau libre SSI\"}]},{\"@type\":\"WebSite\",\"@id\":\"https:\\\/\\\/calerodiving.com\\\/#website\",\"url\":\"https:\\\/\\\/calerodiving.com\\\/\",\"name\":\"Calero Diving Lanzarote\",\"description\":\"Dive Center - Marina Puerto Calero Lanzarote\",\"publisher\":{\"@id\":\"https:\\\/\\\/calerodiving.com\\\/#organization\"},\"alternateName\":\"Calero Diving\",\"potentialAction\":[{\"@type\":\"SearchAction\",\"target\":{\"@type\":\"EntryPoint\",\"urlTemplate\":\"https:\\\/\\\/calerodiving.com\\\/?s={search_term_string}\"},\"query-input\":{\"@type\":\"PropertyValueSpecification\",\"valueRequired\":true,\"valueName\":\"search_term_string\"}}],\"inLanguage\":\"fr-FR\"},{\"@type\":\"Organization\",\"@id\":\"https:\\\/\\\/calerodiving.com\\\/#organization\",\"name\":\"Calero Diving Lanzarote\",\"alternateName\":\"Calero Diving\",\"url\":\"https:\\\/\\\/calerodiving.com\\\/\",\"logo\":{\"@type\":\"ImageObject\",\"inLanguage\":\"fr-FR\",\"@id\":\"https:\\\/\\\/calerodiving.com\\\/#\\\/schema\\\/logo\\\/image\\\/\",\"url\":\"https:\\\/\\\/calerodiving.com\\\/wp-content\\\/uploads\\\/2025\\\/05\\\/Grupo.png\",\"contentUrl\":\"https:\\\/\\\/calerodiving.com\\\/wp-content\\\/uploads\\\/2025\\\/05\\\/Grupo.png\",\"width\":499,\"height\":590,\"caption\":\"Calero Diving Lanzarote\"},\"image\":{\"@id\":\"https:\\\/\\\/calerodiving.com\\\/#\\\/schema\\\/logo\\\/image\\\/\"},\"sameAs\":[\"https:\\\/\\\/www.facebook.com\\\/calerodiving\\\/\",\"https:\\\/\\\/www.instagram.com\\\/calerodiving\\\/\"]}]}<\/script>\n<!-- \/ Yoast SEO plugin. -->","yoast_head_json":{"title":"Plongeur en eau libre SSI | Calero Diving Lanzarote","robots":{"index":"index","follow":"follow","max-snippet":"max-snippet:-1","max-image-preview":"max-image-preview:large","max-video-preview":"max-video-preview:-1"},"canonical":"https:\/\/calerodiving.com\/ssi-open-water-diver\/","og_locale":"fr_FR","og_type":"article","og_title":"Plongeur en eau libre SSI | Calero Diving Lanzarote","og_description":"r\u00e9cr\u00e9atif SSI Open Water Diver Devenez un plongeur certifi\u00e9 Aper\u00e7u du programme : Le cours Open Water Diver est ta porte d\u2019entr\u00e9e pour devenir plongeur autonome. Pendant 3 jours, ton instructeur te guidera \u00e0 travers les bases de la plong\u00e9e, incluant l\u2019\u00e9quipement, la s\u00e9curit\u00e9 et les techniques sous-marines.&nbsp;Tu effectueras au moins cinq sessions en milieu [&hellip;]","og_url":"https:\/\/calerodiving.com\/ssi-open-water-diver\/","og_site_name":"Calero Diving Lanzarote","article_publisher":"https:\/\/www.facebook.com\/calerodiving\/","article_modified_time":"2026-04-23T11:44:03+00:00","og_image":[{"width":700,"height":445,"url":"https:\/\/calerodiving.com\/wp-content\/uploads\/2025\/07\/Scuba_Diving_Advanced_Open_Water_Diver_calero.jpg","type":"image\/jpeg"}],"twitter_card":"summary_large_image","twitter_misc":{"Dur\u00e9e de lecture estim\u00e9e":"2 minutes"},"schema":{"@context":"https:\/\/schema.org","@graph":[{"@type":"WebPage","@id":"https:\/\/calerodiving.com\/ssi-open-water-diver\/","url":"https:\/\/calerodiving.com\/ssi-open-water-diver\/","name":"Plongeur en eau libre SSI | Calero Diving Lanzarote","isPartOf":{"@id":"https:\/\/calerodiving.com\/#website"},"primaryImageOfPage":{"@id":"https:\/\/calerodiving.com\/ssi-open-water-diver\/#primaryimage"},"image":{"@id":"https:\/\/calerodiving.com\/ssi-open-water-diver\/#primaryimage"},"thumbnailUrl":"https:\/\/calerodiving.com\/wp-content\/uploads\/2025\/07\/Scuba_Diving_Advanced_Open_Water_Diver_calero.jpg","datePublished":"2025-09-01T12:29:54+00:00","dateModified":"2026-04-23T11:44:03+00:00","breadcrumb":{"@id":"https:\/\/calerodiving.com\/ssi-open-water-diver\/#breadcrumb"},"inLanguage":"fr-FR","potentialAction":[{"@type":"ReadAction","target":["https:\/\/calerodiving.com\/ssi-open-water-diver\/"]}]},{"@type":"ImageObject","inLanguage":"fr-FR","@id":"https:\/\/calerodiving.com\/ssi-open-water-diver\/#primaryimage","url":"https:\/\/calerodiving.com\/wp-content\/uploads\/2025\/07\/Scuba_Diving_Advanced_Open_Water_Diver_calero.jpg","contentUrl":"https:\/\/calerodiving.com\/wp-content\/uploads\/2025\/07\/Scuba_Diving_Advanced_Open_Water_Diver_calero.jpg"},{"@type":"BreadcrumbList","@id":"https:\/\/calerodiving.com\/ssi-open-water-diver\/#breadcrumb","itemListElement":[{"@type":"ListItem","position":1,"name":"Home","item":"https:\/\/calerodiving.com\/es\/"},{"@type":"ListItem","position":2,"name":"Plongeur en eau libre SSI"}]},{"@type":"WebSite","@id":"https:\/\/calerodiving.com\/#website","url":"https:\/\/calerodiving.com\/","name":"Calero Diving Lanzarote","description":"Dive Center - Marina Puerto Calero Lanzarote","publisher":{"@id":"https:\/\/calerodiving.com\/#organization"},"alternateName":"Calero Diving","potentialAction":[{"@type":"SearchAction","target":{"@type":"EntryPoint","urlTemplate":"https:\/\/calerodiving.com\/?s={search_term_string}"},"query-input":{"@type":"PropertyValueSpecification","valueRequired":true,"valueName":"search_term_string"}}],"inLanguage":"fr-FR"},{"@type":"Organization","@id":"https:\/\/calerodiving.com\/#organization","name":"Calero Diving Lanzarote","alternateName":"Calero Diving","url":"https:\/\/calerodiving.com\/","logo":{"@type":"ImageObject","inLanguage":"fr-FR","@id":"https:\/\/calerodiving.com\/#\/schema\/logo\/image\/","url":"https:\/\/calerodiving.com\/wp-content\/uploads\/2025\/05\/Grupo.png","contentUrl":"https:\/\/calerodiving.com\/wp-content\/uploads\/2025\/05\/Grupo.png","width":499,"height":590,"caption":"Calero Diving Lanzarote"},"image":{"@id":"https:\/\/calerodiving.com\/#\/schema\/logo\/image\/"},"sameAs":["https:\/\/www.facebook.com\/calerodiving\/","https:\/\/www.instagram.com\/calerodiving\/"]}]}},"_links":{"self":[{"href":"https:\/\/calerodiving.com\/fr\/wp-json\/wp\/v2\/pages\/25019","targetHints":{"allow":["GET"]}}],"collection":[{"href":"https:\/\/calerodiving.com\/fr\/wp-json\/wp\/v2\/pages"}],"about":[{"href":"https:\/\/calerodiving.com\/fr\/wp-json\/wp\/v2\/types\/page"}],"author":[{"embeddable":true,"href":"https:\/\/calerodiving.com\/fr\/wp-json\/wp\/v2\/users\/10"}],"replies":[{"embeddable":true,"href":"https:\/\/calerodiving.com\/fr\/wp-json\/wp\/v2\/comments?post=25019"}],"version-history":[{"count":29,"href":"https:\/\/calerodiving.com\/fr\/wp-json\/wp\/v2\/pages\/25019\/revisions"}],"predecessor-version":[{"id":28861,"href":"https:\/\/calerodiving.com\/fr\/wp-json\/wp\/v2\/pages\/25019\/revisions\/28861"}],"wp:attachment":[{"href":"https:\/\/calerodiving.com\/fr\/wp-json\/wp\/v2\/media?parent=25019"}],"curies":[{"name":"wp","href":"https:\/\/api.w.org\/{rel}","templated":true}]}}