{"id":25011,"date":"2025-09-01T13:29:47","date_gmt":"2025-09-01T12:29:47","guid":{"rendered":"https:\/\/calerodiving.com\/plongeur-aventurier-avance-ssi\/"},"modified":"2025-09-09T12:51:41","modified_gmt":"2025-09-09T11:51:41","slug":"advanced-adventurer-ssi","status":"publish","type":"page","link":"https:\/\/calerodiving.com\/fr\/advanced-adventurer-ssi\/","title":{"rendered":"Plongeur aventurier avanc\u00e9 SSI"},"content":{"rendered":"\t\t<div data-elementor-type=\"wp-page\" data-elementor-id=\"25011\" class=\"elementor elementor-25011 elementor-20474\" data-elementor-post-type=\"page\">\n\t\t\t\t<div class=\"elementor-element elementor-element-b67b102 e-flex e-con-boxed e-con e-parent\" data-id=\"b67b102\" data-element_type=\"container\" data-e-type=\"container\">\n\t\t\t\t\t<div class=\"e-con-inner\">\n\t\t<div class=\"elementor-element elementor-element-3ada715 e-con-full e-flex e-con e-child\" data-id=\"3ada715\" data-element_type=\"container\" data-e-type=\"container\">\n\t\t\t\t<div class=\"elementor-element elementor-element-81beea1 elementor-widget elementor-widget-image\" data-id=\"81beea1\" data-element_type=\"widget\" data-e-type=\"widget\" data-widget_type=\"image.default\">\n\t\t\t\t<div class=\"elementor-widget-container\">\n\t\t\t\t\t\t\t\t\t\t\t\t\t\t\t<img fetchpriority=\"high\" decoding=\"async\" width=\"700\" height=\"445\" src=\"https:\/\/calerodiving.com\/wp-content\/uploads\/2025\/07\/Scuba_Diving_Advanced_adeventurer_calero.jpg\" class=\"attachment-large size-large wp-image-20064\" alt=\"\" srcset=\"https:\/\/calerodiving.com\/wp-content\/uploads\/2025\/07\/Scuba_Diving_Advanced_adeventurer_calero.jpg 700w, https:\/\/calerodiving.com\/wp-content\/uploads\/2025\/07\/Scuba_Diving_Advanced_adeventurer_calero-300x191.jpg 300w\" sizes=\"(max-width: 700px) 100vw, 700px\" \/>\t\t\t\t\t\t\t\t\t\t\t\t\t\t\t<\/div>\n\t\t\t\t<\/div>\n\t\t\t\t<\/div>\n\t\t<div class=\"elementor-element elementor-element-a481be3 e-con-full e-flex e-con e-child\" data-id=\"a481be3\" data-element_type=\"container\" data-e-type=\"container\">\n\t\t<div class=\"elementor-element elementor-element-0edde05 e-con-full e-flex e-con e-child\" data-id=\"0edde05\" data-element_type=\"container\" data-e-type=\"container\">\n\t\t\t\t<div class=\"elementor-element elementor-element-033f226 elementor-widget elementor-widget-html\" data-id=\"033f226\" data-element_type=\"widget\" data-e-type=\"widget\" data-widget_type=\"html.default\">\n\t\t\t\t<div class=\"elementor-widget-container\">\n\t\t\t\t\t<a href=\"https:\/\/calerodiving.com\/fr\/cours-de-plongee-loisir\/#recreational\" class=\"tag-button\">r\u00e9cr\u00e9atif<\/a>\n\t\t\t\t<\/div>\n\t\t\t\t<\/div>\n\t\t\t\t<div class=\"elementor-element elementor-element-d57784e elementor-widget elementor-widget-heading\" data-id=\"d57784e\" data-element_type=\"widget\" data-e-type=\"widget\" data-widget_type=\"heading.default\">\n\t\t\t\t<div class=\"elementor-widget-container\">\n\t\t\t\t\t<h2 class=\"elementor-heading-title elementor-size-default\">SSI Advanced Adventurer<\/h2>\t\t\t\t<\/div>\n\t\t\t\t<\/div>\n\t\t\t\t<\/div>\n\t\t\t\t<\/div>\n\t\t\t\t\t<\/div>\n\t\t\t\t<\/div>\n\t\t<div class=\"elementor-element elementor-element-d2b8d54 e-flex e-con-boxed e-con e-parent\" data-id=\"d2b8d54\" data-element_type=\"container\" data-e-type=\"container\">\n\t\t\t\t\t<div class=\"e-con-inner\">\n\t\t<div class=\"elementor-element elementor-element-a8587db e-con-full e-flex e-con e-child\" data-id=\"a8587db\" data-element_type=\"container\" data-e-type=\"container\">\n\t\t<div class=\"elementor-element elementor-element-259388b e-con-full e-flex e-con e-child\" data-id=\"259388b\" data-element_type=\"container\" data-e-type=\"container\">\n\t\t\t\t<div class=\"elementor-element elementor-element-9e2a5a2 elementor-widget elementor-widget-heading\" data-id=\"9e2a5a2\" data-element_type=\"widget\" data-e-type=\"widget\" data-widget_type=\"heading.default\">\n\t\t\t\t<div class=\"elementor-widget-container\">\n\t\t\t\t\t<h2 class=\"elementor-heading-title elementor-size-default\">Devenir un plongeur Advanced Adventurer<\/h2>\t\t\t\t<\/div>\n\t\t\t\t<\/div>\n\t\t\t\t<div class=\"elementor-element elementor-element-89f3a86 elementor-widget elementor-widget-text-editor\" data-id=\"89f3a86\" data-element_type=\"widget\" data-e-type=\"widget\" data-widget_type=\"text-editor.default\">\n\t\t\t\t<div class=\"elementor-widget-container\">\n\t\t\t\t\t\t\t\t\t<div class=\"section-list\"><h3>Aper\u00e7u du programme :<\/h3><p>Si vous poss\u00e9dez d\u00e9j\u00e0 votre certification Open Water Diver, vous pouvez poursuivre votre formation avec des formations de sp\u00e9cialit\u00e9. Ces formations se concentrent sur un domaine de plong\u00e9e sp\u00e9cifique qui vous int\u00e9resse, comme la plong\u00e9e profonde, mais tous les plongeurs ne savent pas forc\u00e9ment ce qu&rsquo;ils aiment faire. C&rsquo;est pourquoi SSI a con\u00e7u le cours Advanced Adventurer, qui vous permettra de d\u00e9couvrir cinq sp\u00e9cialit\u00e9s diff\u00e9rentes.  <\/p><p>Durant ce cours, vous effectuerez 5 plong\u00e9es sous la supervision directe de l&rsquo;un de nos instructeurs. Chacune de ces plong\u00e9es sera effectu\u00e9e dans le cadre d&rsquo;une sp\u00e9cialit\u00e9 diff\u00e9rente de votre choix. Vous gagnerez en exp\u00e9rience de plongeur et serez en mesure de vous orienter sur la prochaine \u00e9tape.<br> Toutes les plong\u00e9es aventure effectu\u00e9es peuvent \u00eatre utilis\u00e9es pour compl\u00e9ter ult\u00e9rieurement une sp\u00e9cialit\u00e9 enti\u00e8re.<br> De cette fa\u00e7on, si vous avez d\u00e9j\u00e0 effectu\u00e9 une plong\u00e9e profonde dans votre cours Advanced Adventurer, vous n&rsquo;avez besoin que de deux plong\u00e9es suppl\u00e9mentaires pour terminer le programme de sp\u00e9cialit\u00e9 Deep Diving et devenir un Deep Diver.  <\/p><h3>Dur\u00e9e<\/h3><ul><li>2 jours<\/li><\/ul><h3>Comprend<\/h3><ul><li>5 plong\u00e9es<\/li><li>Mat\u00e9riaux num\u00e9riques<\/li><li>Certification SSI Advanced Adventurer<\/li><\/ul><h3>N&rsquo;inclut pas<\/h3><ul><li>Location de mat\u00e9riel<\/li><li>Assurance plong\u00e9e<\/li><li>Location d&rsquo;appareil photo (si vous terminez la plong\u00e9e Photo &amp; Vid\u00e9o)<\/li><\/ul><h3>Exigences<\/h3><ul><li>SSI Open Water Diver ou \u00e9quivalent<\/li><\/ul><h3>Autres cours qui pourraient vous int\u00e9resser<\/h3><ul><li><a href=\"https:\/\/calerodiving.com\/fr\/reagir-correctement\/\">R\u00e9agissez correctement<\/a><\/li><li><a href=\"https:\/\/calerodiving.com\/fr\/nitrox-enrichi\/\">Air enrichi Nitrox<\/a><\/li><li><a href=\"https:\/\/calerodiving.com\/fr\/plongee-profonde\/\">Plong\u00e9e profonde<\/a><\/li><\/ul><\/div>\t\t\t\t\t\t\t\t<\/div>\n\t\t\t\t<\/div>\n\t\t\t\t<\/div>\n\t\t\t\t<\/div>\n\t\t<div class=\"elementor-element elementor-element-8d9a213 e-con-full e-flex e-con e-child\" data-id=\"8d9a213\" data-element_type=\"container\" data-e-type=\"container\">\n\t\t<div class=\"elementor-element elementor-element-9d35613 e-con-full course-sidebar-box e-flex e-con e-child\" data-id=\"9d35613\" data-element_type=\"container\" data-e-type=\"container\" data-settings=\"{&quot;sticky&quot;:&quot;top&quot;,&quot;sticky_offset&quot;:110,&quot;sticky_effects_offset&quot;:130,&quot;sticky_parent&quot;:&quot;yes&quot;,&quot;sticky_on&quot;:[&quot;desktop&quot;,&quot;tablet&quot;,&quot;mobile&quot;],&quot;sticky_anchor_link_offset&quot;:0}\">\n\t\t\t\t<div class=\"elementor-element elementor-element-9fa2d79 elementor-widget elementor-widget-text-editor\" data-id=\"9fa2d79\" data-element_type=\"widget\" data-e-type=\"widget\" data-widget_type=\"text-editor.default\">\n\t\t\t\t<div class=\"elementor-widget-container\">\n\t\t\t\t\t\t\t\t\t<div class=\"courses-info\"><h6 class=\"no-margin\">Dur\u00e9e:<\/h6><p class=\"no-margin\">Cours de 2 jours<\/p><\/div><div class=\"courses-info\"><h6 class=\"no-margin\">Prix:<\/h6><p class=\"no-margin\">\u00c0 partir de 450 \u20ac<\/p><\/div>\t\t\t\t\t\t\t\t<\/div>\n\t\t\t\t<\/div>\n\t\t\t\t<div class=\"elementor-element elementor-element-5570c29 elementor-mobile-align-center elementor-widget elementor-widget-button\" data-id=\"5570c29\" data-element_type=\"widget\" data-e-type=\"widget\" data-widget_type=\"button.default\">\n\t\t\t\t<div class=\"elementor-widget-container\">\n\t\t\t\t\t\t\t\t\t<div class=\"elementor-button-wrapper\">\n\t\t\t\t\t<a class=\"elementor-button elementor-button-link elementor-size-sm\" href=\"https:\/\/app.bukyapp.com\/front\/6213b2319a1bbf005fa0b870\/product\/621d66bf4db01a005f510d3c?lang=fr\" target=\"_blank\">\n\t\t\t\t\t\t<span class=\"elementor-button-content-wrapper\">\n\t\t\t\t\t\t\t\t\t<span class=\"elementor-button-text\">acheter un cours<\/span>\n\t\t\t\t\t<\/span>\n\t\t\t\t\t<\/a>\n\t\t\t\t<\/div>\n\t\t\t\t\t\t\t\t<\/div>\n\t\t\t\t<\/div>\n\t\t\t\t<\/div>\n\t\t\t\t<\/div>\n\t\t\t\t\t<\/div>\n\t\t\t\t<\/div>\n\t\t\t\t<\/div>\n\t\t","protected":false},"excerpt":{"rendered":"<p>r\u00e9cr\u00e9atif SSI Advanced Adventurer Devenir un plongeur Advanced Adventurer Aper\u00e7u du programme : Si vous poss\u00e9dez d\u00e9j\u00e0 votre certification Open Water Diver, vous pouvez poursuivre votre formation avec des formations de sp\u00e9cialit\u00e9. Ces formations se concentrent sur un domaine de plong\u00e9e sp\u00e9cifique qui vous int\u00e9resse, comme la plong\u00e9e profonde, mais tous les plongeurs ne savent [&hellip;]<\/p>\n","protected":false},"author":10,"featured_media":0,"parent":0,"menu_order":0,"comment_status":"closed","ping_status":"closed","template":"","meta":{"_acf_changed":false,"footnotes":""},"class_list":["post-25011","page","type-page","status-publish","hentry"],"acf":[],"yoast_head":"<!-- This site is optimized with the Yoast SEO plugin v27.5 - https:\/\/yoast.com\/product\/yoast-seo-wordpress\/ -->\n<title>Plongeur aventurier avanc\u00e9 SSI | Calero Diving Lanzarote<\/title>\n<meta name=\"robots\" content=\"index, follow, max-snippet:-1, max-image-preview:large, max-video-preview:-1\" \/>\n<link rel=\"canonical\" href=\"https:\/\/calerodiving.com\/de\/ssi-advanced-adventurer-diver\/\" \/>\n<meta property=\"og:locale\" content=\"fr_FR\" \/>\n<meta property=\"og:type\" content=\"article\" \/>\n<meta property=\"og:title\" content=\"Plongeur aventurier avanc\u00e9 SSI | Calero Diving Lanzarote\" \/>\n<meta property=\"og:description\" content=\"r\u00e9cr\u00e9atif SSI Advanced Adventurer Devenir un plongeur Advanced Adventurer Aper\u00e7u du programme : Si vous poss\u00e9dez d\u00e9j\u00e0 votre certification Open Water Diver, vous pouvez poursuivre votre formation avec des formations de sp\u00e9cialit\u00e9. Ces formations se concentrent sur un domaine de plong\u00e9e sp\u00e9cifique qui vous int\u00e9resse, comme la plong\u00e9e profonde, mais tous les plongeurs ne savent [&hellip;]\" \/>\n<meta property=\"og:url\" content=\"https:\/\/calerodiving.com\/de\/ssi-advanced-adventurer-diver\/\" \/>\n<meta property=\"og:site_name\" content=\"Calero Diving Lanzarote\" \/>\n<meta property=\"article:publisher\" content=\"https:\/\/www.facebook.com\/calerodiving\/\" \/>\n<meta property=\"article:modified_time\" content=\"2025-09-09T11:51:41+00:00\" \/>\n<meta property=\"og:image\" content=\"https:\/\/calerodiving.com\/wp-content\/uploads\/2025\/07\/Scuba_Diving_Advanced_adeventurer_calero.jpg\" \/>\n\t<meta property=\"og:image:width\" content=\"700\" \/>\n\t<meta property=\"og:image:height\" content=\"445\" \/>\n\t<meta property=\"og:image:type\" content=\"image\/jpeg\" \/>\n<meta name=\"twitter:card\" content=\"summary_large_image\" \/>\n<meta name=\"twitter:label1\" content=\"Dur\u00e9e de lecture estim\u00e9e\" \/>\n\t<meta name=\"twitter:data1\" content=\"2 minutes\" \/>\n<script type=\"application\/ld+json\" class=\"yoast-schema-graph\">{\"@context\":\"https:\\\/\\\/schema.org\",\"@graph\":[{\"@type\":\"WebPage\",\"@id\":\"https:\\\/\\\/calerodiving.com\\\/de\\\/ssi-advanced-adventurer-diver\\\/\",\"url\":\"https:\\\/\\\/calerodiving.com\\\/de\\\/ssi-advanced-adventurer-diver\\\/\",\"name\":\"Plongeur aventurier avanc\u00e9 SSI | Calero Diving Lanzarote\",\"isPartOf\":{\"@id\":\"https:\\\/\\\/calerodiving.com\\\/#website\"},\"primaryImageOfPage\":{\"@id\":\"https:\\\/\\\/calerodiving.com\\\/de\\\/ssi-advanced-adventurer-diver\\\/#primaryimage\"},\"image\":{\"@id\":\"https:\\\/\\\/calerodiving.com\\\/de\\\/ssi-advanced-adventurer-diver\\\/#primaryimage\"},\"thumbnailUrl\":\"https:\\\/\\\/calerodiving.com\\\/wp-content\\\/uploads\\\/2025\\\/07\\\/Scuba_Diving_Advanced_adeventurer_calero.jpg\",\"datePublished\":\"2025-09-01T12:29:47+00:00\",\"dateModified\":\"2025-09-09T11:51:41+00:00\",\"breadcrumb\":{\"@id\":\"https:\\\/\\\/calerodiving.com\\\/de\\\/ssi-advanced-adventurer-diver\\\/#breadcrumb\"},\"inLanguage\":\"fr-FR\",\"potentialAction\":[{\"@type\":\"ReadAction\",\"target\":[\"https:\\\/\\\/calerodiving.com\\\/de\\\/ssi-advanced-adventurer-diver\\\/\"]}]},{\"@type\":\"ImageObject\",\"inLanguage\":\"fr-FR\",\"@id\":\"https:\\\/\\\/calerodiving.com\\\/de\\\/ssi-advanced-adventurer-diver\\\/#primaryimage\",\"url\":\"https:\\\/\\\/calerodiving.com\\\/wp-content\\\/uploads\\\/2025\\\/07\\\/Scuba_Diving_Advanced_adeventurer_calero.jpg\",\"contentUrl\":\"https:\\\/\\\/calerodiving.com\\\/wp-content\\\/uploads\\\/2025\\\/07\\\/Scuba_Diving_Advanced_adeventurer_calero.jpg\"},{\"@type\":\"BreadcrumbList\",\"@id\":\"https:\\\/\\\/calerodiving.com\\\/de\\\/ssi-advanced-adventurer-diver\\\/#breadcrumb\",\"itemListElement\":[{\"@type\":\"ListItem\",\"position\":1,\"name\":\"Home\",\"item\":\"https:\\\/\\\/calerodiving.com\\\/es\\\/\"},{\"@type\":\"ListItem\",\"position\":2,\"name\":\"Plongeur aventurier avanc\u00e9 SSI\"}]},{\"@type\":\"WebSite\",\"@id\":\"https:\\\/\\\/calerodiving.com\\\/#website\",\"url\":\"https:\\\/\\\/calerodiving.com\\\/\",\"name\":\"Calero Diving Lanzarote\",\"description\":\"Dive Center - Marina Puerto Calero Lanzarote\",\"publisher\":{\"@id\":\"https:\\\/\\\/calerodiving.com\\\/#organization\"},\"alternateName\":\"Calero Diving\",\"potentialAction\":[{\"@type\":\"SearchAction\",\"target\":{\"@type\":\"EntryPoint\",\"urlTemplate\":\"https:\\\/\\\/calerodiving.com\\\/?s={search_term_string}\"},\"query-input\":{\"@type\":\"PropertyValueSpecification\",\"valueRequired\":true,\"valueName\":\"search_term_string\"}}],\"inLanguage\":\"fr-FR\"},{\"@type\":\"Organization\",\"@id\":\"https:\\\/\\\/calerodiving.com\\\/#organization\",\"name\":\"Calero Diving Lanzarote\",\"alternateName\":\"Calero Diving\",\"url\":\"https:\\\/\\\/calerodiving.com\\\/\",\"logo\":{\"@type\":\"ImageObject\",\"inLanguage\":\"fr-FR\",\"@id\":\"https:\\\/\\\/calerodiving.com\\\/#\\\/schema\\\/logo\\\/image\\\/\",\"url\":\"https:\\\/\\\/calerodiving.com\\\/wp-content\\\/uploads\\\/2025\\\/05\\\/Grupo.png\",\"contentUrl\":\"https:\\\/\\\/calerodiving.com\\\/wp-content\\\/uploads\\\/2025\\\/05\\\/Grupo.png\",\"width\":499,\"height\":590,\"caption\":\"Calero Diving Lanzarote\"},\"image\":{\"@id\":\"https:\\\/\\\/calerodiving.com\\\/#\\\/schema\\\/logo\\\/image\\\/\"},\"sameAs\":[\"https:\\\/\\\/www.facebook.com\\\/calerodiving\\\/\",\"https:\\\/\\\/www.instagram.com\\\/calerodiving\\\/\"]}]}<\/script>\n<!-- \/ Yoast SEO plugin. -->","yoast_head_json":{"title":"Plongeur aventurier avanc\u00e9 SSI | Calero Diving Lanzarote","robots":{"index":"index","follow":"follow","max-snippet":"max-snippet:-1","max-image-preview":"max-image-preview:large","max-video-preview":"max-video-preview:-1"},"canonical":"https:\/\/calerodiving.com\/de\/ssi-advanced-adventurer-diver\/","og_locale":"fr_FR","og_type":"article","og_title":"Plongeur aventurier avanc\u00e9 SSI | Calero Diving Lanzarote","og_description":"r\u00e9cr\u00e9atif SSI Advanced Adventurer Devenir un plongeur Advanced Adventurer Aper\u00e7u du programme : Si vous poss\u00e9dez d\u00e9j\u00e0 votre certification Open Water Diver, vous pouvez poursuivre votre formation avec des formations de sp\u00e9cialit\u00e9. Ces formations se concentrent sur un domaine de plong\u00e9e sp\u00e9cifique qui vous int\u00e9resse, comme la plong\u00e9e profonde, mais tous les plongeurs ne savent [&hellip;]","og_url":"https:\/\/calerodiving.com\/de\/ssi-advanced-adventurer-diver\/","og_site_name":"Calero Diving Lanzarote","article_publisher":"https:\/\/www.facebook.com\/calerodiving\/","article_modified_time":"2025-09-09T11:51:41+00:00","og_image":[{"width":700,"height":445,"url":"https:\/\/calerodiving.com\/wp-content\/uploads\/2025\/07\/Scuba_Diving_Advanced_adeventurer_calero.jpg","type":"image\/jpeg"}],"twitter_card":"summary_large_image","twitter_misc":{"Dur\u00e9e de lecture estim\u00e9e":"2 minutes"},"schema":{"@context":"https:\/\/schema.org","@graph":[{"@type":"WebPage","@id":"https:\/\/calerodiving.com\/de\/ssi-advanced-adventurer-diver\/","url":"https:\/\/calerodiving.com\/de\/ssi-advanced-adventurer-diver\/","name":"Plongeur aventurier avanc\u00e9 SSI | Calero Diving Lanzarote","isPartOf":{"@id":"https:\/\/calerodiving.com\/#website"},"primaryImageOfPage":{"@id":"https:\/\/calerodiving.com\/de\/ssi-advanced-adventurer-diver\/#primaryimage"},"image":{"@id":"https:\/\/calerodiving.com\/de\/ssi-advanced-adventurer-diver\/#primaryimage"},"thumbnailUrl":"https:\/\/calerodiving.com\/wp-content\/uploads\/2025\/07\/Scuba_Diving_Advanced_adeventurer_calero.jpg","datePublished":"2025-09-01T12:29:47+00:00","dateModified":"2025-09-09T11:51:41+00:00","breadcrumb":{"@id":"https:\/\/calerodiving.com\/de\/ssi-advanced-adventurer-diver\/#breadcrumb"},"inLanguage":"fr-FR","potentialAction":[{"@type":"ReadAction","target":["https:\/\/calerodiving.com\/de\/ssi-advanced-adventurer-diver\/"]}]},{"@type":"ImageObject","inLanguage":"fr-FR","@id":"https:\/\/calerodiving.com\/de\/ssi-advanced-adventurer-diver\/#primaryimage","url":"https:\/\/calerodiving.com\/wp-content\/uploads\/2025\/07\/Scuba_Diving_Advanced_adeventurer_calero.jpg","contentUrl":"https:\/\/calerodiving.com\/wp-content\/uploads\/2025\/07\/Scuba_Diving_Advanced_adeventurer_calero.jpg"},{"@type":"BreadcrumbList","@id":"https:\/\/calerodiving.com\/de\/ssi-advanced-adventurer-diver\/#breadcrumb","itemListElement":[{"@type":"ListItem","position":1,"name":"Home","item":"https:\/\/calerodiving.com\/es\/"},{"@type":"ListItem","position":2,"name":"Plongeur aventurier avanc\u00e9 SSI"}]},{"@type":"WebSite","@id":"https:\/\/calerodiving.com\/#website","url":"https:\/\/calerodiving.com\/","name":"Calero Diving Lanzarote","description":"Dive Center - Marina Puerto Calero Lanzarote","publisher":{"@id":"https:\/\/calerodiving.com\/#organization"},"alternateName":"Calero Diving","potentialAction":[{"@type":"SearchAction","target":{"@type":"EntryPoint","urlTemplate":"https:\/\/calerodiving.com\/?s={search_term_string}"},"query-input":{"@type":"PropertyValueSpecification","valueRequired":true,"valueName":"search_term_string"}}],"inLanguage":"fr-FR"},{"@type":"Organization","@id":"https:\/\/calerodiving.com\/#organization","name":"Calero Diving Lanzarote","alternateName":"Calero Diving","url":"https:\/\/calerodiving.com\/","logo":{"@type":"ImageObject","inLanguage":"fr-FR","@id":"https:\/\/calerodiving.com\/#\/schema\/logo\/image\/","url":"https:\/\/calerodiving.com\/wp-content\/uploads\/2025\/05\/Grupo.png","contentUrl":"https:\/\/calerodiving.com\/wp-content\/uploads\/2025\/05\/Grupo.png","width":499,"height":590,"caption":"Calero Diving Lanzarote"},"image":{"@id":"https:\/\/calerodiving.com\/#\/schema\/logo\/image\/"},"sameAs":["https:\/\/www.facebook.com\/calerodiving\/","https:\/\/www.instagram.com\/calerodiving\/"]}]}},"_links":{"self":[{"href":"https:\/\/calerodiving.com\/fr\/wp-json\/wp\/v2\/pages\/25011","targetHints":{"allow":["GET"]}}],"collection":[{"href":"https:\/\/calerodiving.com\/fr\/wp-json\/wp\/v2\/pages"}],"about":[{"href":"https:\/\/calerodiving.com\/fr\/wp-json\/wp\/v2\/types\/page"}],"author":[{"embeddable":true,"href":"https:\/\/calerodiving.com\/fr\/wp-json\/wp\/v2\/users\/10"}],"replies":[{"embeddable":true,"href":"https:\/\/calerodiving.com\/fr\/wp-json\/wp\/v2\/comments?post=25011"}],"version-history":[{"count":11,"href":"https:\/\/calerodiving.com\/fr\/wp-json\/wp\/v2\/pages\/25011\/revisions"}],"predecessor-version":[{"id":25695,"href":"https:\/\/calerodiving.com\/fr\/wp-json\/wp\/v2\/pages\/25011\/revisions\/25695"}],"wp:attachment":[{"href":"https:\/\/calerodiving.com\/fr\/wp-json\/wp\/v2\/media?parent=25011"}],"curies":[{"name":"wp","href":"https:\/\/api.w.org\/{rel}","templated":true}]}}