{"id":24990,"date":"2025-09-01T13:29:36","date_gmt":"2025-09-01T12:29:36","guid":{"rendered":"https:\/\/calerodiving.com\/forfait-specialites\/"},"modified":"2026-04-20T12:37:12","modified_gmt":"2026-04-20T11:37:12","slug":"forfait-specialites","status":"publish","type":"page","link":"https:\/\/calerodiving.com\/fr\/forfait-specialites\/","title":{"rendered":"Forfait Sp\u00e9cialit\u00e9s"},"content":{"rendered":"\t\t<div data-elementor-type=\"wp-page\" data-elementor-id=\"24990\" class=\"elementor elementor-24990 elementor-20505\" data-elementor-post-type=\"page\">\n\t\t\t\t<div class=\"elementor-element elementor-element-90cd139 e-flex e-con-boxed e-con e-parent\" data-id=\"90cd139\" data-element_type=\"container\" data-e-type=\"container\">\n\t\t\t\t\t<div class=\"e-con-inner\">\n\t\t<div class=\"elementor-element elementor-element-54a4fc0 e-con-full e-flex e-con e-child\" data-id=\"54a4fc0\" data-element_type=\"container\" data-e-type=\"container\">\n\t\t\t\t<div class=\"elementor-element elementor-element-258d91c elementor-widget elementor-widget-image\" data-id=\"258d91c\" data-element_type=\"widget\" data-e-type=\"widget\" data-widget_type=\"image.default\">\n\t\t\t\t<div class=\"elementor-widget-container\">\n\t\t\t\t\t\t\t\t\t\t\t\t\t\t\t<img fetchpriority=\"high\" decoding=\"async\" width=\"800\" height=\"534\" src=\"https:\/\/calerodiving.com\/wp-content\/uploads\/2025\/07\/image-1030x687.webp\" class=\"attachment-large size-large wp-image-20254\" alt=\"\" srcset=\"https:\/\/calerodiving.com\/wp-content\/uploads\/2025\/07\/image-1030x687.webp 1030w, https:\/\/calerodiving.com\/wp-content\/uploads\/2025\/07\/image-300x200.webp 300w, https:\/\/calerodiving.com\/wp-content\/uploads\/2025\/07\/image-768x512.webp 768w, https:\/\/calerodiving.com\/wp-content\/uploads\/2025\/07\/image.webp 1299w\" sizes=\"(max-width: 800px) 100vw, 800px\" \/>\t\t\t\t\t\t\t\t\t\t\t\t\t\t\t<\/div>\n\t\t\t\t<\/div>\n\t\t\t\t<\/div>\n\t\t<div class=\"elementor-element elementor-element-10042ac e-con-full e-flex e-con e-child\" data-id=\"10042ac\" data-element_type=\"container\" data-e-type=\"container\">\n\t\t<div class=\"elementor-element elementor-element-a0f5b72 e-con-full e-flex e-con e-child\" data-id=\"a0f5b72\" data-element_type=\"container\" data-e-type=\"container\">\n\t\t\t\t<div class=\"elementor-element elementor-element-ae75b43 elementor-widget elementor-widget-html\" data-id=\"ae75b43\" data-element_type=\"widget\" data-e-type=\"widget\" data-widget_type=\"html.default\">\n\t\t\t\t<div class=\"elementor-widget-container\">\n\t\t\t\t\t<a href=\"https:\/\/calerodiving.com\/fr\/cours-de-plongee-loisir\/#specialties\" class=\"tag-button\">sp\u00e9cialit\u00e9s<\/a>\n\t\t\t\t<\/div>\n\t\t\t\t<\/div>\n\t\t\t\t<div class=\"elementor-element elementor-element-49f38a8 elementor-widget elementor-widget-heading\" data-id=\"49f38a8\" data-element_type=\"widget\" data-e-type=\"widget\" data-widget_type=\"heading.default\">\n\t\t\t\t<div class=\"elementor-widget-container\">\n\t\t\t\t\t<h2 class=\"elementor-heading-title elementor-size-default\">Lot de 2 sp\u00e9cialit\u00e9s<\/h2>\t\t\t\t<\/div>\n\t\t\t\t<\/div>\n\t\t\t\t<\/div>\n\t\t\t\t<\/div>\n\t\t\t\t\t<\/div>\n\t\t\t\t<\/div>\n\t\t<div class=\"elementor-element elementor-element-1482169 e-flex e-con-boxed e-con e-parent\" data-id=\"1482169\" data-element_type=\"container\" data-e-type=\"container\">\n\t\t\t\t\t<div class=\"e-con-inner\">\n\t\t<div class=\"elementor-element elementor-element-9578932 e-con-full e-flex e-con e-child\" data-id=\"9578932\" data-element_type=\"container\" data-e-type=\"container\">\n\t\t<div class=\"elementor-element elementor-element-af03b85 e-con-full e-flex e-con e-child\" data-id=\"af03b85\" data-element_type=\"container\" data-e-type=\"container\">\n\t\t\t\t<div class=\"elementor-element elementor-element-177bba5 elementor-widget elementor-widget-heading\" data-id=\"177bba5\" data-element_type=\"widget\" data-e-type=\"widget\" data-widget_type=\"heading.default\">\n\t\t\t\t<div class=\"elementor-widget-container\">\n\t\t\t\t\t<h2 class=\"elementor-heading-title elementor-size-default\">Description g\u00e9n\u00e9rale :<\/h2>\t\t\t\t<\/div>\n\t\t\t\t<\/div>\n\t\t\t\t<div class=\"elementor-element elementor-element-46a057f elementor-widget elementor-widget-text-editor\" data-id=\"46a057f\" data-element_type=\"widget\" data-e-type=\"widget\" data-widget_type=\"text-editor.default\">\n\t\t\t\t<div class=\"elementor-widget-container\">\n\t\t\t\t\t\t\t\t\t<div class=\"section-list\"><h3>Aper\u00e7u du programme :<\/h3><p>Ce pack est con\u00e7u pour les plongeurs certifi\u00e9s qui souhaitent poursuivre leur formation de mani\u00e8re flexible et avantageuse. Au lieu de r\u00e9server une seule sp\u00e9cialit\u00e9 s\u00e9par\u00e9ment, tu peux combiner 2 sp\u00e9cialit\u00e9s SSI dans un m\u00eame pack \u00e0 un meilleur prix.<\/p><p><span style=\"font-family: -apple-system, BlinkMacSystemFont, 'SF Pro Display', 'Helvetica Neue', sans-serif;\">C\u2019est l\u2019option id\u00e9ale si tu veux am\u00e9liorer tes comp\u00e9tences, gagner en confiance sous l\u2019eau et profiter au maximum de ton temps de plong\u00e9e \u00e0 Lanzarote.<\/span><\/p><h3>Choisis les sp\u00e9cialit\u00e9s qui te correspondent le mieux<\/h3><p>Tu peux choisir parmi un large \u00e9ventail de sp\u00e9cialit\u00e9s SSI, selon tes centres d\u2019int\u00e9r\u00eat, ton niveau de certification et le type de plong\u00e9e que tu souhaites pratiquer ensuite<\/p><p><span style=\"font-family: -apple-system, BlinkMacSystemFont, 'SF Pro Display', 'Helvetica Neue', sans-serif;\">Parmi les combinaisons populaires :<\/span><\/p><ul><li>Deep Diving + Enriched Air Nitrox<\/li><li>Ma\u00eetrise de la flottabilit\u00e9 + Navigation<\/li><li>Plong\u00e9e sur \u00e9pave + Enriched Air Nitrox<\/li><li>Photo &amp; Video + Ma\u00eetrise de la flottabilit\u00e9<\/li><\/ul><p>\u2026et bien d\u2019autres combinaisons sont possibles.<\/p><h3>Pourquoi choisir ce pack ?<\/h3><ul><li>Un meilleur tarif que 2 sp\u00e9cialit\u00e9s r\u00e9serv\u00e9es s\u00e9par\u00e9ment<\/li><li>Une combinaison flexible selon tes objectifs et ton exp\u00e9rience<\/li><li>Une progression plus rapide dans ta formation de plong\u00e9e<\/li><li>Une excellente \u00e9tape vers des niveaux SSI sup\u00e9rieurs<\/li><\/ul><h3>Continue \u00e0 progresser comme plongeur<\/h3><p>Compl\u00e9ter des sp\u00e9cialit\u00e9s est l\u2019une des meilleures fa\u00e7ons d\u2019\u00e9voluer en tant que plongeur. Cela t\u2019aide \u00e0 gagner en confiance, \u00e0 d\u00e9velopper tes comp\u00e9tences et \u00e0 mieux te pr\u00e9parer \u00e0 diff\u00e9rents environnements et situations sous-marines.<\/p><p><span style=\"font-family: -apple-system, BlinkMacSystemFont, 'SF Pro Display', 'Helvetica Neue', sans-serif;\">Si tu ne sais pas quelles 2 sp\u00e9cialit\u00e9s te conviennent le mieux, nous serons ravis de t\u2019aider \u00e0 choisir la combinaison la plus adapt\u00e9e \u00e0 ton niveau et \u00e0 tes objectifs futurs.<\/span><\/p><h3>Dur\u00e9e<\/h3><ul><li>D\u00e9pend des sp\u00e9cialit\u00e9s choisies<\/li><\/ul><h3>Comprend<\/h3><ul><li>2 programmes de sp\u00e9cialit\u00e9 SSI<\/li><li>Supports num\u00e9riques<\/li><li>Certifications SSI<\/li><\/ul><h3>Non inclus<\/h3><ul><li>Assurance plong\u00e9e<\/li><li>Location d\u2019\u00e9quipement (si n\u00e9cessaire)<\/li><li>Suppl\u00e9ments sp\u00e9cifiques aux sp\u00e9cialit\u00e9s non inclus<\/li><\/ul><h3>Conditions requises<\/h3><ul><li>Le niveau minimum d\u00e9pend des sp\u00e9cialit\u00e9s choisies<\/li><\/ul><h3>Autres cours susceptibles de t\u2019int\u00e9resser<\/h3><ul><li>Deep Diving<\/li><li>Enriched Air Nitrox<\/li><li>Diver Stress &amp; Rescue<\/li><\/ul><\/div>\t\t\t\t\t\t\t\t<\/div>\n\t\t\t\t<\/div>\n\t\t\t\t<div class=\"elementor-element elementor-element-36c2127 elementor-widget elementor-widget-text-editor\" data-id=\"36c2127\" data-element_type=\"widget\" data-e-type=\"widget\" data-widget_type=\"text-editor.default\">\n\t\t\t\t<div class=\"elementor-widget-container\">\n\t\t\t\t\t\t\t\t\t<div class=\"section-list\"><h3>Dur\u00e9e:<\/h3><ul><li>3 jours<\/li><\/ul><h3>Comprend :<\/h3><ul><li>Plong\u00e9es en bateau<\/li><li>Manuels sp\u00e9cialis\u00e9s en ligne<\/li><li>S\u00e9ances th\u00e9oriques<\/li><li>Plong\u00e9es de formation avec un instructeur sp\u00e9cialis\u00e9<\/li><\/ul><h3>Ne comprend pas :<\/h3><ul><li>Photographies sous-marines (location d&rsquo;appareil photo disponible)<\/li><li>Location de mat\u00e9riel de plong\u00e9e<\/li><li>Assurance plong\u00e9e<\/li><\/ul><h3>Exigences:<\/h3><ul><li><a href=\"https:\/\/calerodiving.com\/ssi-open-water-diver\/\">Certification Open Water Diver<\/a><\/li><li>\u00c2ge minimum : 15 ans (pour la sp\u00e9cialit\u00e9 Plong\u00e9e profonde)<\/li><\/ul><\/div>\t\t\t\t\t\t\t\t<\/div>\n\t\t\t\t<\/div>\n\t\t\t\t<\/div>\n\t\t\t\t<\/div>\n\t\t<div class=\"elementor-element elementor-element-a4a2793 e-con-full e-flex e-con e-child\" data-id=\"a4a2793\" data-element_type=\"container\" data-e-type=\"container\">\n\t\t<div class=\"elementor-element elementor-element-521cdd9 e-con-full course-sidebar-box e-flex e-con e-child\" data-id=\"521cdd9\" data-element_type=\"container\" data-e-type=\"container\" data-settings=\"{&quot;sticky&quot;:&quot;top&quot;,&quot;sticky_offset&quot;:110,&quot;sticky_effects_offset&quot;:130,&quot;sticky_parent&quot;:&quot;yes&quot;,&quot;sticky_on&quot;:[&quot;desktop&quot;,&quot;tablet&quot;,&quot;mobile&quot;],&quot;sticky_anchor_link_offset&quot;:0}\">\n\t\t\t\t<div class=\"elementor-element elementor-element-81ddace elementor-widget elementor-widget-text-editor\" data-id=\"81ddace\" data-element_type=\"widget\" data-e-type=\"widget\" data-widget_type=\"text-editor.default\">\n\t\t\t\t<div class=\"elementor-widget-container\">\n\t\t\t\t\t\t\t\t\t<div class=\"courses-info\"><h6 class=\"no-margin\">Dur\u00e9e:<\/h6><p class=\"no-margin\">D\u00e9pend des sp\u00e9cialit\u00e9s<\/p><\/div><div class=\"courses-info\"><h6 class=\"no-margin\">Prix:<\/h6><p class=\"no-margin\">\u00c0 partir de : 650 \u20ac<\/p><\/div>\t\t\t\t\t\t\t\t<\/div>\n\t\t\t\t<\/div>\n\t\t\t\t<div class=\"elementor-element elementor-element-bba660d elementor-mobile-align-center elementor-widget elementor-widget-button\" data-id=\"bba660d\" data-element_type=\"widget\" data-e-type=\"widget\" data-widget_type=\"button.default\">\n\t\t\t\t<div class=\"elementor-widget-container\">\n\t\t\t\t\t\t\t\t\t<div class=\"elementor-button-wrapper\">\n\t\t\t\t\t<a class=\"elementor-button elementor-button-link elementor-size-sm\" href=\"https:\/\/app.bukyapp.com\/front\/6213b2319a1bbf005fa0b870\/product\/679909b56a7ebab23e5768cf?lang=en&#038;_gl=1*1tyln27*_ga*ODU1MDM5OTIuMTc0MTE5MTcyMQ..*_ga_4WWMT2EY3C*czE3NTI0ODk3MzckbzY0JGcxJHQxNzUyNDg5ODMyJGoyNiRsMCRoMA..\">\n\t\t\t\t\t\t<span class=\"elementor-button-content-wrapper\">\n\t\t\t\t\t\t\t\t\t<span class=\"elementor-button-text\">R\u00e9server le cours<\/span>\n\t\t\t\t\t<\/span>\n\t\t\t\t\t<\/a>\n\t\t\t\t<\/div>\n\t\t\t\t\t\t\t\t<\/div>\n\t\t\t\t<\/div>\n\t\t\t\t<\/div>\n\t\t\t\t<\/div>\n\t\t\t\t\t<\/div>\n\t\t\t\t<\/div>\n\t\t\t\t<\/div>\n\t\t","protected":false},"excerpt":{"rendered":"<p>sp\u00e9cialit\u00e9s Lot de 2 sp\u00e9cialit\u00e9s Description g\u00e9n\u00e9rale : Aper\u00e7u du programme : Ce pack est con\u00e7u pour les plongeurs certifi\u00e9s qui souhaitent poursuivre leur formation de mani\u00e8re flexible et avantageuse. Au lieu de r\u00e9server une seule sp\u00e9cialit\u00e9 s\u00e9par\u00e9ment, tu peux combiner 2 sp\u00e9cialit\u00e9s SSI dans un m\u00eame pack \u00e0 un meilleur prix. C\u2019est l\u2019option id\u00e9ale [&hellip;]<\/p>\n","protected":false},"author":10,"featured_media":0,"parent":0,"menu_order":0,"comment_status":"closed","ping_status":"closed","template":"","meta":{"_acf_changed":false,"footnotes":""},"class_list":["post-24990","page","type-page","status-publish","hentry"],"acf":[],"yoast_head":"<!-- This site is optimized with the Yoast SEO plugin v27.5 - https:\/\/yoast.com\/product\/yoast-seo-wordpress\/ -->\n<title>Forfait Sp\u00e9cialit\u00e9s | Calero Diving Lanzarote<\/title>\n<meta name=\"robots\" content=\"index, follow, max-snippet:-1, max-image-preview:large, max-video-preview:-1\" \/>\n<link rel=\"canonical\" href=\"https:\/\/calerodiving.com\/specialties-package\/\" \/>\n<meta property=\"og:locale\" content=\"fr_FR\" \/>\n<meta property=\"og:type\" content=\"article\" \/>\n<meta property=\"og:title\" content=\"Forfait Sp\u00e9cialit\u00e9s | Calero Diving Lanzarote\" \/>\n<meta property=\"og:description\" content=\"sp\u00e9cialit\u00e9s Lot de 2 sp\u00e9cialit\u00e9s Description g\u00e9n\u00e9rale : Aper\u00e7u du programme : Ce pack est con\u00e7u pour les plongeurs certifi\u00e9s qui souhaitent poursuivre leur formation de mani\u00e8re flexible et avantageuse. Au lieu de r\u00e9server une seule sp\u00e9cialit\u00e9 s\u00e9par\u00e9ment, tu peux combiner 2 sp\u00e9cialit\u00e9s SSI dans un m\u00eame pack \u00e0 un meilleur prix. C\u2019est l\u2019option id\u00e9ale [&hellip;]\" \/>\n<meta property=\"og:url\" content=\"https:\/\/calerodiving.com\/specialties-package\/\" \/>\n<meta property=\"og:site_name\" content=\"Calero Diving Lanzarote\" \/>\n<meta property=\"article:publisher\" content=\"https:\/\/www.facebook.com\/calerodiving\/\" \/>\n<meta property=\"article:modified_time\" content=\"2026-04-20T11:37:12+00:00\" \/>\n<meta property=\"og:image\" content=\"https:\/\/calerodiving.com\/wp-content\/uploads\/2025\/07\/image.webp\" \/>\n\t<meta property=\"og:image:width\" content=\"1299\" \/>\n\t<meta property=\"og:image:height\" content=\"866\" \/>\n\t<meta property=\"og:image:type\" content=\"image\/webp\" \/>\n<meta name=\"twitter:card\" content=\"summary_large_image\" \/>\n<meta name=\"twitter:label1\" content=\"Dur\u00e9e de lecture estim\u00e9e\" \/>\n\t<meta name=\"twitter:data1\" content=\"3 minutes\" \/>\n<script type=\"application\/ld+json\" class=\"yoast-schema-graph\">{\"@context\":\"https:\\\/\\\/schema.org\",\"@graph\":[{\"@type\":\"WebPage\",\"@id\":\"https:\\\/\\\/calerodiving.com\\\/specialties-package\\\/\",\"url\":\"https:\\\/\\\/calerodiving.com\\\/specialties-package\\\/\",\"name\":\"Forfait Sp\u00e9cialit\u00e9s | Calero Diving Lanzarote\",\"isPartOf\":{\"@id\":\"https:\\\/\\\/calerodiving.com\\\/#website\"},\"primaryImageOfPage\":{\"@id\":\"https:\\\/\\\/calerodiving.com\\\/specialties-package\\\/#primaryimage\"},\"image\":{\"@id\":\"https:\\\/\\\/calerodiving.com\\\/specialties-package\\\/#primaryimage\"},\"thumbnailUrl\":\"https:\\\/\\\/calerodiving.com\\\/wp-content\\\/uploads\\\/2025\\\/07\\\/image-1030x687.webp\",\"datePublished\":\"2025-09-01T12:29:36+00:00\",\"dateModified\":\"2026-04-20T11:37:12+00:00\",\"breadcrumb\":{\"@id\":\"https:\\\/\\\/calerodiving.com\\\/specialties-package\\\/#breadcrumb\"},\"inLanguage\":\"fr-FR\",\"potentialAction\":[{\"@type\":\"ReadAction\",\"target\":[\"https:\\\/\\\/calerodiving.com\\\/specialties-package\\\/\"]}]},{\"@type\":\"ImageObject\",\"inLanguage\":\"fr-FR\",\"@id\":\"https:\\\/\\\/calerodiving.com\\\/specialties-package\\\/#primaryimage\",\"url\":\"https:\\\/\\\/calerodiving.com\\\/wp-content\\\/uploads\\\/2025\\\/07\\\/image-1030x687.webp\",\"contentUrl\":\"https:\\\/\\\/calerodiving.com\\\/wp-content\\\/uploads\\\/2025\\\/07\\\/image-1030x687.webp\"},{\"@type\":\"BreadcrumbList\",\"@id\":\"https:\\\/\\\/calerodiving.com\\\/specialties-package\\\/#breadcrumb\",\"itemListElement\":[{\"@type\":\"ListItem\",\"position\":1,\"name\":\"Home\",\"item\":\"https:\\\/\\\/calerodiving.com\\\/es\\\/\"},{\"@type\":\"ListItem\",\"position\":2,\"name\":\"Forfait Sp\u00e9cialit\u00e9s\"}]},{\"@type\":\"WebSite\",\"@id\":\"https:\\\/\\\/calerodiving.com\\\/#website\",\"url\":\"https:\\\/\\\/calerodiving.com\\\/\",\"name\":\"Calero Diving Lanzarote\",\"description\":\"Dive Center - Marina Puerto Calero Lanzarote\",\"publisher\":{\"@id\":\"https:\\\/\\\/calerodiving.com\\\/#organization\"},\"alternateName\":\"Calero Diving\",\"potentialAction\":[{\"@type\":\"SearchAction\",\"target\":{\"@type\":\"EntryPoint\",\"urlTemplate\":\"https:\\\/\\\/calerodiving.com\\\/?s={search_term_string}\"},\"query-input\":{\"@type\":\"PropertyValueSpecification\",\"valueRequired\":true,\"valueName\":\"search_term_string\"}}],\"inLanguage\":\"fr-FR\"},{\"@type\":\"Organization\",\"@id\":\"https:\\\/\\\/calerodiving.com\\\/#organization\",\"name\":\"Calero Diving Lanzarote\",\"alternateName\":\"Calero Diving\",\"url\":\"https:\\\/\\\/calerodiving.com\\\/\",\"logo\":{\"@type\":\"ImageObject\",\"inLanguage\":\"fr-FR\",\"@id\":\"https:\\\/\\\/calerodiving.com\\\/#\\\/schema\\\/logo\\\/image\\\/\",\"url\":\"https:\\\/\\\/calerodiving.com\\\/wp-content\\\/uploads\\\/2025\\\/05\\\/Grupo.png\",\"contentUrl\":\"https:\\\/\\\/calerodiving.com\\\/wp-content\\\/uploads\\\/2025\\\/05\\\/Grupo.png\",\"width\":499,\"height\":590,\"caption\":\"Calero Diving Lanzarote\"},\"image\":{\"@id\":\"https:\\\/\\\/calerodiving.com\\\/#\\\/schema\\\/logo\\\/image\\\/\"},\"sameAs\":[\"https:\\\/\\\/www.facebook.com\\\/calerodiving\\\/\",\"https:\\\/\\\/www.instagram.com\\\/calerodiving\\\/\"]}]}<\/script>\n<!-- \/ Yoast SEO plugin. -->","yoast_head_json":{"title":"Forfait Sp\u00e9cialit\u00e9s | Calero Diving Lanzarote","robots":{"index":"index","follow":"follow","max-snippet":"max-snippet:-1","max-image-preview":"max-image-preview:large","max-video-preview":"max-video-preview:-1"},"canonical":"https:\/\/calerodiving.com\/specialties-package\/","og_locale":"fr_FR","og_type":"article","og_title":"Forfait Sp\u00e9cialit\u00e9s | Calero Diving Lanzarote","og_description":"sp\u00e9cialit\u00e9s Lot de 2 sp\u00e9cialit\u00e9s Description g\u00e9n\u00e9rale : Aper\u00e7u du programme : Ce pack est con\u00e7u pour les plongeurs certifi\u00e9s qui souhaitent poursuivre leur formation de mani\u00e8re flexible et avantageuse. Au lieu de r\u00e9server une seule sp\u00e9cialit\u00e9 s\u00e9par\u00e9ment, tu peux combiner 2 sp\u00e9cialit\u00e9s SSI dans un m\u00eame pack \u00e0 un meilleur prix. C\u2019est l\u2019option id\u00e9ale [&hellip;]","og_url":"https:\/\/calerodiving.com\/specialties-package\/","og_site_name":"Calero Diving Lanzarote","article_publisher":"https:\/\/www.facebook.com\/calerodiving\/","article_modified_time":"2026-04-20T11:37:12+00:00","og_image":[{"width":1299,"height":866,"url":"https:\/\/calerodiving.com\/wp-content\/uploads\/2025\/07\/image.webp","type":"image\/webp"}],"twitter_card":"summary_large_image","twitter_misc":{"Dur\u00e9e de lecture estim\u00e9e":"3 minutes"},"schema":{"@context":"https:\/\/schema.org","@graph":[{"@type":"WebPage","@id":"https:\/\/calerodiving.com\/specialties-package\/","url":"https:\/\/calerodiving.com\/specialties-package\/","name":"Forfait Sp\u00e9cialit\u00e9s | Calero Diving Lanzarote","isPartOf":{"@id":"https:\/\/calerodiving.com\/#website"},"primaryImageOfPage":{"@id":"https:\/\/calerodiving.com\/specialties-package\/#primaryimage"},"image":{"@id":"https:\/\/calerodiving.com\/specialties-package\/#primaryimage"},"thumbnailUrl":"https:\/\/calerodiving.com\/wp-content\/uploads\/2025\/07\/image-1030x687.webp","datePublished":"2025-09-01T12:29:36+00:00","dateModified":"2026-04-20T11:37:12+00:00","breadcrumb":{"@id":"https:\/\/calerodiving.com\/specialties-package\/#breadcrumb"},"inLanguage":"fr-FR","potentialAction":[{"@type":"ReadAction","target":["https:\/\/calerodiving.com\/specialties-package\/"]}]},{"@type":"ImageObject","inLanguage":"fr-FR","@id":"https:\/\/calerodiving.com\/specialties-package\/#primaryimage","url":"https:\/\/calerodiving.com\/wp-content\/uploads\/2025\/07\/image-1030x687.webp","contentUrl":"https:\/\/calerodiving.com\/wp-content\/uploads\/2025\/07\/image-1030x687.webp"},{"@type":"BreadcrumbList","@id":"https:\/\/calerodiving.com\/specialties-package\/#breadcrumb","itemListElement":[{"@type":"ListItem","position":1,"name":"Home","item":"https:\/\/calerodiving.com\/es\/"},{"@type":"ListItem","position":2,"name":"Forfait Sp\u00e9cialit\u00e9s"}]},{"@type":"WebSite","@id":"https:\/\/calerodiving.com\/#website","url":"https:\/\/calerodiving.com\/","name":"Calero Diving Lanzarote","description":"Dive Center - Marina Puerto Calero Lanzarote","publisher":{"@id":"https:\/\/calerodiving.com\/#organization"},"alternateName":"Calero Diving","potentialAction":[{"@type":"SearchAction","target":{"@type":"EntryPoint","urlTemplate":"https:\/\/calerodiving.com\/?s={search_term_string}"},"query-input":{"@type":"PropertyValueSpecification","valueRequired":true,"valueName":"search_term_string"}}],"inLanguage":"fr-FR"},{"@type":"Organization","@id":"https:\/\/calerodiving.com\/#organization","name":"Calero Diving Lanzarote","alternateName":"Calero Diving","url":"https:\/\/calerodiving.com\/","logo":{"@type":"ImageObject","inLanguage":"fr-FR","@id":"https:\/\/calerodiving.com\/#\/schema\/logo\/image\/","url":"https:\/\/calerodiving.com\/wp-content\/uploads\/2025\/05\/Grupo.png","contentUrl":"https:\/\/calerodiving.com\/wp-content\/uploads\/2025\/05\/Grupo.png","width":499,"height":590,"caption":"Calero Diving Lanzarote"},"image":{"@id":"https:\/\/calerodiving.com\/#\/schema\/logo\/image\/"},"sameAs":["https:\/\/www.facebook.com\/calerodiving\/","https:\/\/www.instagram.com\/calerodiving\/"]}]}},"_links":{"self":[{"href":"https:\/\/calerodiving.com\/fr\/wp-json\/wp\/v2\/pages\/24990","targetHints":{"allow":["GET"]}}],"collection":[{"href":"https:\/\/calerodiving.com\/fr\/wp-json\/wp\/v2\/pages"}],"about":[{"href":"https:\/\/calerodiving.com\/fr\/wp-json\/wp\/v2\/types\/page"}],"author":[{"embeddable":true,"href":"https:\/\/calerodiving.com\/fr\/wp-json\/wp\/v2\/users\/10"}],"replies":[{"embeddable":true,"href":"https:\/\/calerodiving.com\/fr\/wp-json\/wp\/v2\/comments?post=24990"}],"version-history":[{"count":10,"href":"https:\/\/calerodiving.com\/fr\/wp-json\/wp\/v2\/pages\/24990\/revisions"}],"predecessor-version":[{"id":28248,"href":"https:\/\/calerodiving.com\/fr\/wp-json\/wp\/v2\/pages\/24990\/revisions\/28248"}],"wp:attachment":[{"href":"https:\/\/calerodiving.com\/fr\/wp-json\/wp\/v2\/media?parent=24990"}],"curies":[{"name":"wp","href":"https:\/\/api.w.org\/{rel}","templated":true}]}}