{"id":24985,"date":"2025-09-01T13:29:34","date_gmt":"2025-09-01T12:29:34","guid":{"rendered":"https:\/\/calerodiving.com\/cuesta-del-faro\/"},"modified":"2026-04-20T14:07:03","modified_gmt":"2026-04-20T13:07:03","slug":"cuesta-del-faro","status":"publish","type":"page","link":"https:\/\/calerodiving.com\/fr\/cuesta-del-faro\/","title":{"rendered":"Cuesta del faro"},"content":{"rendered":"\t\t<div data-elementor-type=\"wp-page\" data-elementor-id=\"24985\" class=\"elementor elementor-24985 elementor-19791\" data-elementor-post-type=\"page\">\n\t\t\t\t<div class=\"elementor-element elementor-element-1151fa5 e-flex e-con-boxed e-con e-parent\" data-id=\"1151fa5\" data-element_type=\"container\" data-e-type=\"container\">\n\t\t\t\t\t<div class=\"e-con-inner\">\n\t\t<div class=\"elementor-element elementor-element-e955491 e-con-full e-flex e-con e-child\" data-id=\"e955491\" data-element_type=\"container\" data-e-type=\"container\">\n\t\t<div class=\"elementor-element elementor-element-428528b e-con-full e-flex e-con e-child\" data-id=\"428528b\" data-element_type=\"container\" data-e-type=\"container\">\n\t\t\t\t<div class=\"elementor-element elementor-element-4d08302 elementor-widget elementor-widget-heading\" data-id=\"4d08302\" data-element_type=\"widget\" data-e-type=\"widget\" data-widget_type=\"heading.default\">\n\t\t\t\t<div class=\"elementor-widget-container\">\n\t\t\t\t\t<h2 class=\"elementor-heading-title elementor-size-default\">Cuesta del Faro<\/h2>\t\t\t\t<\/div>\n\t\t\t\t<\/div>\n\t\t\t\t<\/div>\n\t\t\t\t<\/div>\n\t\t\t\t\t<\/div>\n\t\t\t\t<\/div>\n\t\t<div class=\"elementor-element elementor-element-58d2649 e-flex e-con-boxed e-con e-parent\" data-id=\"58d2649\" data-element_type=\"container\" data-e-type=\"container\">\n\t\t\t\t\t<div class=\"e-con-inner\">\n\t\t<div class=\"elementor-element elementor-element-c54d538 e-con-full e-flex e-con e-child\" data-id=\"c54d538\" data-element_type=\"container\" data-e-type=\"container\">\n\t\t<div class=\"elementor-element elementor-element-3b7fc14 e-con-full e-flex e-con e-child\" data-id=\"3b7fc14\" data-element_type=\"container\" data-e-type=\"container\">\n\t\t\t\t<div class=\"elementor-element elementor-element-f309fee elementor-widget elementor-widget-image\" data-id=\"f309fee\" data-element_type=\"widget\" data-e-type=\"widget\" data-widget_type=\"image.default\">\n\t\t\t\t<div class=\"elementor-widget-container\">\n\t\t\t\t\t\t\t\t\t\t\t\t\t\t\t<img fetchpriority=\"high\" decoding=\"async\" width=\"800\" height=\"1200\" src=\"https:\/\/calerodiving.com\/wp-content\/uploads\/2017\/10\/cuestadelfaro.jpg\" class=\"attachment-full size-full wp-image-4590\" alt=\"\" srcset=\"https:\/\/calerodiving.com\/wp-content\/uploads\/2017\/10\/cuestadelfaro.jpg 800w, https:\/\/calerodiving.com\/wp-content\/uploads\/2017\/10\/cuestadelfaro-200x300.jpg 200w, https:\/\/calerodiving.com\/wp-content\/uploads\/2017\/10\/cuestadelfaro-768x1152.jpg 768w, https:\/\/calerodiving.com\/wp-content\/uploads\/2017\/10\/cuestadelfaro-687x1030.jpg 687w, https:\/\/calerodiving.com\/wp-content\/uploads\/2017\/10\/cuestadelfaro-470x705.jpg 470w, https:\/\/calerodiving.com\/wp-content\/uploads\/2017\/10\/cuestadelfaro-450x675.jpg 450w\" sizes=\"(max-width: 800px) 100vw, 800px\" \/>\t\t\t\t\t\t\t\t\t\t\t\t\t\t\t<\/div>\n\t\t\t\t<\/div>\n\t\t\t\t<div class=\"elementor-element elementor-element-c993aa6 elementor-widget elementor-widget-text-editor\" data-id=\"c993aa6\" data-element_type=\"widget\" data-e-type=\"widget\" data-widget_type=\"text-editor.default\">\n\t\t\t\t<div class=\"elementor-widget-container\">\n\t\t\t\t\t\t\t\t\t<p data-start=\"3059\" data-end=\"3183\">Cuesta del Faro signifie litt\u00e9ralement \u00ab la pente du phare \u00bb, un nom qui d\u00e9crit parfaitement la forme de ce site de plong\u00e9e.<\/p><p data-start=\"3185\" data-end=\"3291\">Le phare de Playa Blanca se dresse \u00e0 l\u2019extr\u00e9mit\u00e9 ouest de l\u2019\u00eele, sur une petite p\u00e9ninsule dominant la mer.<\/p><p data-start=\"3293\" data-end=\"3420\">\u00c0 partir de l\u00e0, le terrain volcanique descend progressivement vers l\u2019eau, dessinant la structure de la plong\u00e9e sous la surface.<\/p><p data-start=\"3422\" data-end=\"3497\">Le point d\u2019entr\u00e9e habituel se situe \u00e0 environ 10 \u00e0 12 m\u00e8tres de profondeur.<\/p><p data-start=\"3499\" data-end=\"3601\">\u00c0 partir de l\u00e0, la plong\u00e9e peut descendre jusqu\u2019\u00e0 environ 30 m\u00e8tres, jusqu\u2019au bord du tombant r\u00e9cifal.<\/p><p data-start=\"3603\" data-end=\"3712\">En chemin, tu remarqueras probablement de petites formations de lave volcanique dispers\u00e9es sur le fond marin.<\/p><p data-start=\"3714\" data-end=\"3872\">Garde \u00e9galement un \u0153il sur les grandes mur\u00e8nes pr\u00e9sentes dans la zone, ainsi que sur les vall\u00e9es et d\u00e9pressions qui structurent ce paysage sous-marin rocheux.<\/p><p data-start=\"3874\" data-end=\"3993\">On y trouve \u00e9galement une petite \u00e9pave de bateau de p\u00eache abandonn\u00e9, qui ajoute un int\u00e9r\u00eat suppl\u00e9mentaire \u00e0 la plong\u00e9e.<\/p>\t\t\t\t\t\t\t\t<\/div>\n\t\t\t\t<\/div>\n\t\t\t\t<\/div>\n\t\t\t\t<\/div>\n\t\t<div class=\"elementor-element elementor-element-778a480 e-con-full e-flex e-con e-child\" data-id=\"778a480\" data-element_type=\"container\" data-e-type=\"container\">\n\t\t<div class=\"elementor-element elementor-element-018d10d e-con-full course-sidebar-box e-flex e-con e-child\" data-id=\"018d10d\" data-element_type=\"container\" data-e-type=\"container\" data-settings=\"{&quot;sticky&quot;:&quot;top&quot;,&quot;sticky_offset&quot;:110,&quot;sticky_effects_offset&quot;:130,&quot;sticky_parent&quot;:&quot;yes&quot;,&quot;sticky_on&quot;:[&quot;desktop&quot;,&quot;tablet&quot;,&quot;mobile&quot;],&quot;sticky_anchor_link_offset&quot;:0}\">\n\t\t\t\t<div class=\"elementor-element elementor-element-6b46923 elementor-widget elementor-widget-text-editor\" data-id=\"6b46923\" data-element_type=\"widget\" data-e-type=\"widget\" data-widget_type=\"text-editor.default\">\n\t\t\t\t<div class=\"elementor-widget-container\">\n\t\t\t\t\t\t\t\t\t<div class=\"courses-info\">\n<p style=\"margin: 0 0 10px;\"><span style=\"color: #ffffff;\"><strong>Type de plong\u00e9e :<\/strong> r\u00e9cif volcanique<\/span><\/p>\n<p style=\"margin: 0 0 10px;\"><span style=\"color: #ffffff;\"><strong>Profondeur maximale :<\/strong> env. 30 m\u00e8tres<\/span><\/p>\n<p style=\"margin: 0 0 10px;\"><span style=\"color: #ffffff;\"><strong>Convient \u00e0 :<\/strong> tous les niveaux, selon le profil de plong\u00e9e<\/span><\/p>\n<p style=\"margin: 0;\"><span style=\"color: #ffffff;\"><strong>\u00c0 observer :<\/strong> formations de lave, tombant r\u00e9cifal, mur\u00e8nes, vall\u00e9es rocheuses et petite \u00e9pave<\/span><\/p>\n<\/div>\t\t\t\t\t\t\t\t<\/div>\n\t\t\t\t<\/div>\n\t\t\t\t<div class=\"elementor-element elementor-element-d39e8ac elementor-widget elementor-widget-ucaddon_underline_link_hover_effect\" data-id=\"d39e8ac\" data-element_type=\"widget\" data-e-type=\"widget\" data-widget_type=\"ucaddon_underline_link_hover_effect.default\">\n\t\t\t\t<div class=\"elementor-widget-container\">\n\t\t\t\t\t\n<!-- start Underline Link Hover Effect -->\n\t\t<link id='font-awesome-css' href='https:\/\/calerodiving.com\/wp-content\/plugins\/unlimited-elements-for-elementor-premium\/assets_libraries\/font-awesome6\/fontawesome-all.min.css' type='text\/css' rel='stylesheet' >\n\t\t<link id='font-awesome-4-shim-css' href='https:\/\/calerodiving.com\/wp-content\/plugins\/unlimited-elements-for-elementor-premium\/assets_libraries\/font-awesome6\/fontawesome-v4-shims.min.css' type='text\/css' rel='stylesheet' >\n\n<style>\/* widget: Underline Link Hover Effect *\/\n\n#uc_underline_link_hover_effect_elementor_d39e8ac{\n  display:flex;\n} \n\n#uc_underline_link_hover_effect_elementor_d39e8ac a.ue-link{\n  display:flex;\n  position:relative;\n  align-items:center;\n  justify-content:center;\n  text-decoration:none;\n}\n\n#uc_underline_link_hover_effect_elementor_d39e8ac a.ue-link:after{\n  content: \"\";\n    width:100%;\n    position:absolute;\n  bottom:0px;\n    left:0px;\n    display: block;\n  transition:1s;\n}\n\n#uc_underline_link_hover_effect_elementor_d39e8ac a:hover:after{\n    width:0%;\n  }\n\n#uc_underline_link_hover_effect_elementor_d39e8ac .ue-link-hover-effect-spacing{\n  transition:1s;\n}\n\n#uc_underline_link_hover_effect_elementor_d39e8ac .ue-link-hover-effect-text{\n  padding:10px 0px;\n}\n\n#uc_underline_link_hover_effect_elementor_d39e8ac .ue-link-hover-effect-icon{\n  line-height:1em;\n  transition:1s;\n}\n\n#uc_underline_link_hover_effect_elementor_d39e8ac .ue-link-hover-effect-icon svg{\n  height:1em;\n  width:1em;\n}\n\n<\/style>\n\n<div id=\"uc_underline_link_hover_effect_elementor_d39e8ac\" class=\"ue-link-wrap\">\n  <a class=\"ue-link\" href=\"\" >\n    <div class=\"ue-link-hover-effect-text\">Contactez-nous<\/div>\n    <div class=\"ue-link-hover-effect-spacing\"><\/div>\n    <div class=\"ue-link-hover-effect-icon\"><i class='fas fa-arrow-right'><\/i><\/div>\n  <\/a>\n<\/div>\n<!-- end Underline Link Hover Effect -->\t\t\t\t<\/div>\n\t\t\t\t<\/div>\n\t\t\t\t<\/div>\n\t\t\t\t<\/div>\n\t\t\t\t\t<\/div>\n\t\t\t\t<\/div>\n\t\t\t\t<\/div>\n\t\t","protected":false},"excerpt":{"rendered":"<p>Cuesta del Faro Cuesta del Faro signifie litt\u00e9ralement \u00ab la pente du phare \u00bb, un nom qui d\u00e9crit parfaitement la forme de ce site de plong\u00e9e. Le phare de Playa Blanca se dresse \u00e0 l\u2019extr\u00e9mit\u00e9 ouest de l\u2019\u00eele, sur une petite p\u00e9ninsule dominant la mer. \u00c0 partir de l\u00e0, le terrain volcanique descend progressivement vers [&hellip;]<\/p>\n","protected":false},"author":10,"featured_media":0,"parent":0,"menu_order":0,"comment_status":"closed","ping_status":"closed","template":"","meta":{"_acf_changed":false,"footnotes":""},"class_list":["post-24985","page","type-page","status-publish","hentry"],"acf":[],"yoast_head":"<!-- This site is optimized with the Yoast SEO plugin v27.5 - https:\/\/yoast.com\/product\/yoast-seo-wordpress\/ -->\n<title>Cuesta del faro | Calero Diving Lanzarote<\/title>\n<meta name=\"robots\" content=\"index, follow, max-snippet:-1, max-image-preview:large, max-video-preview:-1\" \/>\n<link rel=\"canonical\" href=\"https:\/\/calerodiving.com\/cuesta-del-faro\/\" \/>\n<meta property=\"og:locale\" content=\"fr_FR\" \/>\n<meta property=\"og:type\" content=\"article\" \/>\n<meta property=\"og:title\" content=\"Cuesta del faro | Calero Diving Lanzarote\" \/>\n<meta property=\"og:description\" content=\"Cuesta del Faro Cuesta del Faro signifie litt\u00e9ralement \u00ab la pente du phare \u00bb, un nom qui d\u00e9crit parfaitement la forme de ce site de plong\u00e9e. Le phare de Playa Blanca se dresse \u00e0 l\u2019extr\u00e9mit\u00e9 ouest de l\u2019\u00eele, sur une petite p\u00e9ninsule dominant la mer. \u00c0 partir de l\u00e0, le terrain volcanique descend progressivement vers [&hellip;]\" \/>\n<meta property=\"og:url\" content=\"https:\/\/calerodiving.com\/cuesta-del-faro\/\" \/>\n<meta property=\"og:site_name\" content=\"Calero Diving Lanzarote\" \/>\n<meta property=\"article:publisher\" content=\"https:\/\/www.facebook.com\/calerodiving\/\" \/>\n<meta property=\"article:modified_time\" content=\"2026-04-20T13:07:03+00:00\" \/>\n<meta property=\"og:image\" content=\"https:\/\/calerodiving.com\/wp-content\/uploads\/2017\/10\/cuestadelfaro.jpg\" \/>\n\t<meta property=\"og:image:width\" content=\"800\" \/>\n\t<meta property=\"og:image:height\" content=\"1200\" \/>\n\t<meta property=\"og:image:type\" content=\"image\/jpeg\" \/>\n<meta name=\"twitter:card\" content=\"summary_large_image\" \/>\n<meta name=\"twitter:label1\" content=\"Dur\u00e9e de lecture estim\u00e9e\" \/>\n\t<meta name=\"twitter:data1\" content=\"2 minutes\" \/>\n<script type=\"application\/ld+json\" class=\"yoast-schema-graph\">{\"@context\":\"https:\\\/\\\/schema.org\",\"@graph\":[{\"@type\":\"WebPage\",\"@id\":\"https:\\\/\\\/calerodiving.com\\\/cuesta-del-faro\\\/\",\"url\":\"https:\\\/\\\/calerodiving.com\\\/cuesta-del-faro\\\/\",\"name\":\"Cuesta del faro | Calero Diving Lanzarote\",\"isPartOf\":{\"@id\":\"https:\\\/\\\/calerodiving.com\\\/#website\"},\"primaryImageOfPage\":{\"@id\":\"https:\\\/\\\/calerodiving.com\\\/cuesta-del-faro\\\/#primaryimage\"},\"image\":{\"@id\":\"https:\\\/\\\/calerodiving.com\\\/cuesta-del-faro\\\/#primaryimage\"},\"thumbnailUrl\":\"https:\\\/\\\/calerodiving.com\\\/wp-content\\\/uploads\\\/2017\\\/10\\\/cuestadelfaro.jpg\",\"datePublished\":\"2025-09-01T12:29:34+00:00\",\"dateModified\":\"2026-04-20T13:07:03+00:00\",\"breadcrumb\":{\"@id\":\"https:\\\/\\\/calerodiving.com\\\/cuesta-del-faro\\\/#breadcrumb\"},\"inLanguage\":\"fr-FR\",\"potentialAction\":[{\"@type\":\"ReadAction\",\"target\":[\"https:\\\/\\\/calerodiving.com\\\/cuesta-del-faro\\\/\"]}]},{\"@type\":\"ImageObject\",\"inLanguage\":\"fr-FR\",\"@id\":\"https:\\\/\\\/calerodiving.com\\\/cuesta-del-faro\\\/#primaryimage\",\"url\":\"https:\\\/\\\/calerodiving.com\\\/wp-content\\\/uploads\\\/2017\\\/10\\\/cuestadelfaro.jpg\",\"contentUrl\":\"https:\\\/\\\/calerodiving.com\\\/wp-content\\\/uploads\\\/2017\\\/10\\\/cuestadelfaro.jpg\"},{\"@type\":\"BreadcrumbList\",\"@id\":\"https:\\\/\\\/calerodiving.com\\\/cuesta-del-faro\\\/#breadcrumb\",\"itemListElement\":[{\"@type\":\"ListItem\",\"position\":1,\"name\":\"Home\",\"item\":\"https:\\\/\\\/calerodiving.com\\\/es\\\/\"},{\"@type\":\"ListItem\",\"position\":2,\"name\":\"Cuesta del faro\"}]},{\"@type\":\"WebSite\",\"@id\":\"https:\\\/\\\/calerodiving.com\\\/#website\",\"url\":\"https:\\\/\\\/calerodiving.com\\\/\",\"name\":\"Calero Diving Lanzarote\",\"description\":\"Dive Center - Marina Puerto Calero Lanzarote\",\"publisher\":{\"@id\":\"https:\\\/\\\/calerodiving.com\\\/#organization\"},\"alternateName\":\"Calero Diving\",\"potentialAction\":[{\"@type\":\"SearchAction\",\"target\":{\"@type\":\"EntryPoint\",\"urlTemplate\":\"https:\\\/\\\/calerodiving.com\\\/?s={search_term_string}\"},\"query-input\":{\"@type\":\"PropertyValueSpecification\",\"valueRequired\":true,\"valueName\":\"search_term_string\"}}],\"inLanguage\":\"fr-FR\"},{\"@type\":\"Organization\",\"@id\":\"https:\\\/\\\/calerodiving.com\\\/#organization\",\"name\":\"Calero Diving Lanzarote\",\"alternateName\":\"Calero Diving\",\"url\":\"https:\\\/\\\/calerodiving.com\\\/\",\"logo\":{\"@type\":\"ImageObject\",\"inLanguage\":\"fr-FR\",\"@id\":\"https:\\\/\\\/calerodiving.com\\\/#\\\/schema\\\/logo\\\/image\\\/\",\"url\":\"https:\\\/\\\/calerodiving.com\\\/wp-content\\\/uploads\\\/2025\\\/05\\\/Grupo.png\",\"contentUrl\":\"https:\\\/\\\/calerodiving.com\\\/wp-content\\\/uploads\\\/2025\\\/05\\\/Grupo.png\",\"width\":499,\"height\":590,\"caption\":\"Calero Diving Lanzarote\"},\"image\":{\"@id\":\"https:\\\/\\\/calerodiving.com\\\/#\\\/schema\\\/logo\\\/image\\\/\"},\"sameAs\":[\"https:\\\/\\\/www.facebook.com\\\/calerodiving\\\/\",\"https:\\\/\\\/www.instagram.com\\\/calerodiving\\\/\"]}]}<\/script>\n<!-- \/ Yoast SEO plugin. -->","yoast_head_json":{"title":"Cuesta del faro | Calero Diving Lanzarote","robots":{"index":"index","follow":"follow","max-snippet":"max-snippet:-1","max-image-preview":"max-image-preview:large","max-video-preview":"max-video-preview:-1"},"canonical":"https:\/\/calerodiving.com\/cuesta-del-faro\/","og_locale":"fr_FR","og_type":"article","og_title":"Cuesta del faro | Calero Diving Lanzarote","og_description":"Cuesta del Faro Cuesta del Faro signifie litt\u00e9ralement \u00ab la pente du phare \u00bb, un nom qui d\u00e9crit parfaitement la forme de ce site de plong\u00e9e. Le phare de Playa Blanca se dresse \u00e0 l\u2019extr\u00e9mit\u00e9 ouest de l\u2019\u00eele, sur une petite p\u00e9ninsule dominant la mer. \u00c0 partir de l\u00e0, le terrain volcanique descend progressivement vers [&hellip;]","og_url":"https:\/\/calerodiving.com\/cuesta-del-faro\/","og_site_name":"Calero Diving Lanzarote","article_publisher":"https:\/\/www.facebook.com\/calerodiving\/","article_modified_time":"2026-04-20T13:07:03+00:00","og_image":[{"width":800,"height":1200,"url":"https:\/\/calerodiving.com\/wp-content\/uploads\/2017\/10\/cuestadelfaro.jpg","type":"image\/jpeg"}],"twitter_card":"summary_large_image","twitter_misc":{"Dur\u00e9e de lecture estim\u00e9e":"2 minutes"},"schema":{"@context":"https:\/\/schema.org","@graph":[{"@type":"WebPage","@id":"https:\/\/calerodiving.com\/cuesta-del-faro\/","url":"https:\/\/calerodiving.com\/cuesta-del-faro\/","name":"Cuesta del faro | Calero Diving Lanzarote","isPartOf":{"@id":"https:\/\/calerodiving.com\/#website"},"primaryImageOfPage":{"@id":"https:\/\/calerodiving.com\/cuesta-del-faro\/#primaryimage"},"image":{"@id":"https:\/\/calerodiving.com\/cuesta-del-faro\/#primaryimage"},"thumbnailUrl":"https:\/\/calerodiving.com\/wp-content\/uploads\/2017\/10\/cuestadelfaro.jpg","datePublished":"2025-09-01T12:29:34+00:00","dateModified":"2026-04-20T13:07:03+00:00","breadcrumb":{"@id":"https:\/\/calerodiving.com\/cuesta-del-faro\/#breadcrumb"},"inLanguage":"fr-FR","potentialAction":[{"@type":"ReadAction","target":["https:\/\/calerodiving.com\/cuesta-del-faro\/"]}]},{"@type":"ImageObject","inLanguage":"fr-FR","@id":"https:\/\/calerodiving.com\/cuesta-del-faro\/#primaryimage","url":"https:\/\/calerodiving.com\/wp-content\/uploads\/2017\/10\/cuestadelfaro.jpg","contentUrl":"https:\/\/calerodiving.com\/wp-content\/uploads\/2017\/10\/cuestadelfaro.jpg"},{"@type":"BreadcrumbList","@id":"https:\/\/calerodiving.com\/cuesta-del-faro\/#breadcrumb","itemListElement":[{"@type":"ListItem","position":1,"name":"Home","item":"https:\/\/calerodiving.com\/es\/"},{"@type":"ListItem","position":2,"name":"Cuesta del faro"}]},{"@type":"WebSite","@id":"https:\/\/calerodiving.com\/#website","url":"https:\/\/calerodiving.com\/","name":"Calero Diving Lanzarote","description":"Dive Center - Marina Puerto Calero Lanzarote","publisher":{"@id":"https:\/\/calerodiving.com\/#organization"},"alternateName":"Calero Diving","potentialAction":[{"@type":"SearchAction","target":{"@type":"EntryPoint","urlTemplate":"https:\/\/calerodiving.com\/?s={search_term_string}"},"query-input":{"@type":"PropertyValueSpecification","valueRequired":true,"valueName":"search_term_string"}}],"inLanguage":"fr-FR"},{"@type":"Organization","@id":"https:\/\/calerodiving.com\/#organization","name":"Calero Diving Lanzarote","alternateName":"Calero Diving","url":"https:\/\/calerodiving.com\/","logo":{"@type":"ImageObject","inLanguage":"fr-FR","@id":"https:\/\/calerodiving.com\/#\/schema\/logo\/image\/","url":"https:\/\/calerodiving.com\/wp-content\/uploads\/2025\/05\/Grupo.png","contentUrl":"https:\/\/calerodiving.com\/wp-content\/uploads\/2025\/05\/Grupo.png","width":499,"height":590,"caption":"Calero Diving Lanzarote"},"image":{"@id":"https:\/\/calerodiving.com\/#\/schema\/logo\/image\/"},"sameAs":["https:\/\/www.facebook.com\/calerodiving\/","https:\/\/www.instagram.com\/calerodiving\/"]}]}},"_links":{"self":[{"href":"https:\/\/calerodiving.com\/fr\/wp-json\/wp\/v2\/pages\/24985","targetHints":{"allow":["GET"]}}],"collection":[{"href":"https:\/\/calerodiving.com\/fr\/wp-json\/wp\/v2\/pages"}],"about":[{"href":"https:\/\/calerodiving.com\/fr\/wp-json\/wp\/v2\/types\/page"}],"author":[{"embeddable":true,"href":"https:\/\/calerodiving.com\/fr\/wp-json\/wp\/v2\/users\/10"}],"replies":[{"embeddable":true,"href":"https:\/\/calerodiving.com\/fr\/wp-json\/wp\/v2\/comments?post=24985"}],"version-history":[{"count":7,"href":"https:\/\/calerodiving.com\/fr\/wp-json\/wp\/v2\/pages\/24985\/revisions"}],"predecessor-version":[{"id":28435,"href":"https:\/\/calerodiving.com\/fr\/wp-json\/wp\/v2\/pages\/24985\/revisions\/28435"}],"wp:attachment":[{"href":"https:\/\/calerodiving.com\/fr\/wp-json\/wp\/v2\/media?parent=24985"}],"curies":[{"name":"wp","href":"https:\/\/api.w.org\/{rel}","templated":true}]}}