{"id":24926,"date":"2025-09-01T13:29:17","date_gmt":"2025-09-01T12:29:17","guid":{"rendered":"https:\/\/calerodiving.com\/journee-a-punta-tinosa\/"},"modified":"2026-04-20T13:19:30","modified_gmt":"2026-04-20T12:19:30","slug":"journee-a-punta-tinosa","status":"publish","type":"page","link":"https:\/\/calerodiving.com\/fr\/journee-a-punta-tinosa\/","title":{"rendered":"Journ\u00e9e \u00e0 Punta Ti\u00f1osa"},"content":{"rendered":"\t\t<div data-elementor-type=\"wp-page\" data-elementor-id=\"24926\" class=\"elementor elementor-24926 elementor-20445\" data-elementor-post-type=\"page\">\n\t\t\t\t<div class=\"elementor-element elementor-element-d7fde69 e-flex e-con-boxed e-con e-parent\" data-id=\"d7fde69\" data-element_type=\"container\" data-e-type=\"container\">\n\t\t\t\t\t<div class=\"e-con-inner\">\n\t\t<div class=\"elementor-element elementor-element-0189395 e-con-full e-flex e-con e-child\" data-id=\"0189395\" data-element_type=\"container\" data-e-type=\"container\">\n\t\t\t\t<div class=\"elementor-element elementor-element-60a89f6 elementor-widget elementor-widget-image\" data-id=\"60a89f6\" data-element_type=\"widget\" data-e-type=\"widget\" data-widget_type=\"image.default\">\n\t\t\t\t<div class=\"elementor-widget-container\">\n\t\t\t\t\t\t\t\t\t\t\t\t\t\t\t<img fetchpriority=\"high\" decoding=\"async\" width=\"800\" height=\"534\" src=\"https:\/\/calerodiving.com\/wp-content\/uploads\/2025\/01\/Try-Scuba-Diving-en-Punta-Tinosa-Lanzarote-Calero-Diving-1030x687.webp\" class=\"attachment-large size-large wp-image-17509\" alt=\"\" srcset=\"https:\/\/calerodiving.com\/wp-content\/uploads\/2025\/01\/Try-Scuba-Diving-en-Punta-Tinosa-Lanzarote-Calero-Diving-1030x687.webp 1030w, https:\/\/calerodiving.com\/wp-content\/uploads\/2025\/01\/Try-Scuba-Diving-en-Punta-Tinosa-Lanzarote-Calero-Diving-300x200.webp 300w, https:\/\/calerodiving.com\/wp-content\/uploads\/2025\/01\/Try-Scuba-Diving-en-Punta-Tinosa-Lanzarote-Calero-Diving-768x512.webp 768w, https:\/\/calerodiving.com\/wp-content\/uploads\/2025\/01\/Try-Scuba-Diving-en-Punta-Tinosa-Lanzarote-Calero-Diving-705x470.webp 705w, https:\/\/calerodiving.com\/wp-content\/uploads\/2025\/01\/Try-Scuba-Diving-en-Punta-Tinosa-Lanzarote-Calero-Diving.webp 1080w\" sizes=\"(max-width: 800px) 100vw, 800px\" \/>\t\t\t\t\t\t\t\t\t\t\t\t\t\t\t<\/div>\n\t\t\t\t<\/div>\n\t\t\t\t<\/div>\n\t\t<div class=\"elementor-element elementor-element-11757ee e-con-full e-flex e-con e-child\" data-id=\"11757ee\" data-element_type=\"container\" data-e-type=\"container\">\n\t\t<div class=\"elementor-element elementor-element-3d40ac9 e-con-full e-flex e-con e-child\" data-id=\"3d40ac9\" data-element_type=\"container\" data-e-type=\"container\">\n\t\t\t\t<div class=\"elementor-element elementor-element-db3d782 elementor-widget elementor-widget-html\" data-id=\"db3d782\" data-element_type=\"widget\" data-e-type=\"widget\" data-widget_type=\"html.default\">\n\t\t\t\t<div class=\"elementor-widget-container\">\n\t\t\t\t\t<a href=\"https:\/\/calerodiving.com\/fr\/cours-de-plongee-loisir\/#baptisms\" class=\"tag-button\">essayer la plong\u00e9e sous-marine<\/a>\n\t\t\t\t<\/div>\n\t\t\t\t<\/div>\n\t\t\t\t<div class=\"elementor-element elementor-element-c9e1a0e elementor-widget elementor-widget-heading\" data-id=\"c9e1a0e\" data-element_type=\"widget\" data-e-type=\"widget\" data-widget_type=\"heading.default\">\n\t\t\t\t<div class=\"elementor-widget-container\">\n\t\t\t\t\t<h2 class=\"elementor-heading-title elementor-size-default\">Journ\u00e9e \u00e0 Punta Ti\u00f1osa\n<\/h2>\t\t\t\t<\/div>\n\t\t\t\t<\/div>\n\t\t\t\t<\/div>\n\t\t\t\t<\/div>\n\t\t\t\t\t<\/div>\n\t\t\t\t<\/div>\n\t\t<div class=\"elementor-element elementor-element-7f36f10 e-flex e-con-boxed e-con e-parent\" data-id=\"7f36f10\" data-element_type=\"container\" data-e-type=\"container\">\n\t\t\t\t\t<div class=\"e-con-inner\">\n\t\t<div class=\"elementor-element elementor-element-5546e83 e-con-full e-flex e-con e-child\" data-id=\"5546e83\" data-element_type=\"container\" data-e-type=\"container\">\n\t\t<div class=\"elementor-element elementor-element-f79fc7b e-con-full e-flex e-con e-child\" data-id=\"f79fc7b\" data-element_type=\"container\" data-e-type=\"container\">\n\t\t\t\t<div class=\"elementor-element elementor-element-8880f05 elementor-widget elementor-widget-heading\" data-id=\"8880f05\" data-element_type=\"widget\" data-e-type=\"widget\" data-widget_type=\"heading.default\">\n\t\t\t\t<div class=\"elementor-widget-container\">\n\t\t\t\t\t<h2 class=\"elementor-heading-title elementor-size-default\">Exp\u00e9rience d'une journ\u00e9e compl\u00e8te pour d\u00e9butants.<\/h2>\t\t\t\t<\/div>\n\t\t\t\t<\/div>\n\t\t\t\t<div class=\"elementor-element elementor-element-970e03d elementor-widget elementor-widget-text-editor\" data-id=\"970e03d\" data-element_type=\"widget\" data-e-type=\"widget\" data-widget_type=\"text-editor.default\">\n\t\t\t\t<div class=\"elementor-widget-container\">\n\t\t\t\t\t\t\t\t\t<div class=\"section-list\">\n<h3>Aper\u00e7u du programme :<\/h3>\n<p>Ce programme SSI Basic Diver offre une exp\u00e9rience compl\u00e8te qui va bien au-del\u00e0 d\u2019une simple plong\u00e9e d\u2019initiation.<\/p>\n<p><span style=\"font-family: -apple-system, BlinkMacSystemFont, &quot;SF Pro Display&quot;, &quot;Helvetica Neue&quot;, sans-serif;\">Tu commenceras par une introduction guid\u00e9e \u00e0 la plong\u00e9e, en apprenant les bases et en pratiquant lors d\u2019une immersion depuis le rivage pour gagner en confiance.<\/span><\/p>\n<p><span style=\"font-family: -apple-system, BlinkMacSystemFont, &quot;SF Pro Display&quot;, &quot;Helvetica Neue&quot;, sans-serif;\">Apr\u00e8s une courte pause, tu te pr\u00e9pareras pour la deuxi\u00e8me plong\u00e9e et monteras \u00e0 bord du bateau pour un trajet d\u2019environ 10 minutes jusqu\u2019\u00e0 Punta Ti\u00f1osa.<\/span><\/p>\n<p><span style=\"font-family: -apple-system, BlinkMacSystemFont, &quot;SF Pro Display&quot;, &quot;Helvetica Neue&quot;, sans-serif;\">Lors de ta deuxi\u00e8me plong\u00e9e, tu partiras en bateau et plongeras jusqu\u2019\u00e0 12 m\u00e8tres pour explorer le paysage volcanique sous-marin de Punta Ti\u00f1osa.<\/span><\/p><p><span style=\"font-family: -apple-system, BlinkMacSystemFont, &quot;SF Pro Display&quot;, &quot;Helvetica Neue&quot;, sans-serif;\">\u00c0 la fin de la journ\u00e9e, tu recevras ta certification SSI Basic Diver au format num\u00e9rique.<\/span><\/p><p><span style=\"font-family: -apple-system, BlinkMacSystemFont, &quot;SF Pro Display&quot;, &quot;Helvetica Neue&quot;, sans-serif;\">Cette certification temporaire est valable 6 mois et te permet de plonger jusqu\u2019\u00e0 12 m\u00e8tres sous la supervision directe d\u2019un professionnel.<\/span><\/p><p><span style=\"font-family: -apple-system, BlinkMacSystemFont, &quot;SF Pro Display&quot;, &quot;Helvetica Neue&quot;, sans-serif;\">Elle est \u00e9galement prise en compte pour le cours Open Water Diver et te donne droit \u00e0 une r\u00e9duction si tu poursuis ta formation.<\/span><\/p>\n<h3>Dur\u00e9e<\/h3>\n<ul>\n<li>Env. 5 heures (exp\u00e9rience sur 1 journ\u00e9e)<\/li>\n<\/ul>\n<h3>Comprend<\/h3>\n<ul>\n<li>Location de l\u2019\u00e9quipement<\/li>\n<li>Supports num\u00e9riques<\/li>\n<li>Assurance plong\u00e9e<\/li>\n<li>Certification SSI Basic Diver<\/li>\n<\/ul>\n<h3>Non inclus<\/h3>\n<ul>\n<li>Photos sous-marines (location de cam\u00e9ra disponible sur demande)<\/li>\n<\/ul>\n<h3>Conditions requises<\/h3>\n<ul>\n<li>Savoir nager de fa\u00e7on basique<\/li>\n<li>Avoir au moins 10 ans<\/li>\n<\/ul>\n<\/div>\t\t\t\t\t\t\t\t<\/div>\n\t\t\t\t<\/div>\n\t\t\t\t<\/div>\n\t\t\t\t<\/div>\n\t\t<div class=\"elementor-element elementor-element-b62132f e-con-full e-flex e-con e-child\" data-id=\"b62132f\" data-element_type=\"container\" data-e-type=\"container\">\n\t\t<div class=\"elementor-element elementor-element-523702e e-con-full course-sidebar-box e-flex e-con e-child\" data-id=\"523702e\" data-element_type=\"container\" data-e-type=\"container\" data-settings=\"{&quot;sticky&quot;:&quot;top&quot;,&quot;sticky_offset&quot;:110,&quot;sticky_effects_offset&quot;:130,&quot;sticky_parent&quot;:&quot;yes&quot;,&quot;sticky_on&quot;:[&quot;desktop&quot;,&quot;tablet&quot;,&quot;mobile&quot;],&quot;sticky_anchor_link_offset&quot;:0}\">\n\t\t\t\t<div class=\"elementor-element elementor-element-08a975d elementor-widget elementor-widget-text-editor\" data-id=\"08a975d\" data-element_type=\"widget\" data-e-type=\"widget\" data-widget_type=\"text-editor.default\">\n\t\t\t\t<div class=\"elementor-widget-container\">\n\t\t\t\t\t\t\t\t\t<div class=\"courses-info\"><h6 class=\"no-margin\">Dur\u00e9e:<\/h6><p class=\"no-margin\">Cours d&rsquo;une journ\u00e9e<\/p><\/div><div class=\"courses-info\"><h6 class=\"no-margin\">Prix:<\/h6><p class=\"no-margin\">\u00c0 partir de 175 \u20ac<\/p><\/div>\t\t\t\t\t\t\t\t<\/div>\n\t\t\t\t<\/div>\n\t\t\t\t<div class=\"elementor-element elementor-element-96d6459 elementor-mobile-align-center elementor-widget elementor-widget-button\" data-id=\"96d6459\" data-element_type=\"widget\" data-e-type=\"widget\" data-widget_type=\"button.default\">\n\t\t\t\t<div class=\"elementor-widget-container\">\n\t\t\t\t\t\t\t\t\t<div class=\"elementor-button-wrapper\">\n\t\t\t\t\t<a class=\"elementor-button elementor-button-link elementor-size-sm\" href=\"https:\/\/bukyapp.com\/booking?mode=pack&#038;product=621d00f36bd37f005fb86e71&#038;lang=en&#038;_gl=1*l1qu9y*_ga*ODU1MDM5OTIuMTc0MTE5MTcyMQ..*_ga_4WWMT2EY3C*czE3NTI0ODMwNDIkbzYzJGcxJHQxNzUyNDgzMDk3JGo1JGwwJGgw\" target=\"_blank\">\n\t\t\t\t\t\t<span class=\"elementor-button-content-wrapper\">\n\t\t\t\t\t\t\t\t\t<span class=\"elementor-button-text\">R\u00e9server le cours<\/span>\n\t\t\t\t\t<\/span>\n\t\t\t\t\t<\/a>\n\t\t\t\t<\/div>\n\t\t\t\t\t\t\t\t<\/div>\n\t\t\t\t<\/div>\n\t\t\t\t<\/div>\n\t\t\t\t<\/div>\n\t\t\t\t\t<\/div>\n\t\t\t\t<\/div>\n\t\t\t\t<\/div>\n\t\t","protected":false},"excerpt":{"rendered":"<p>essayer la plong\u00e9e sous-marine Journ\u00e9e \u00e0 Punta Ti\u00f1osa Exp\u00e9rience d&rsquo;une journ\u00e9e compl\u00e8te pour d\u00e9butants. Aper\u00e7u du programme : Ce programme SSI Basic Diver offre une exp\u00e9rience compl\u00e8te qui va bien au-del\u00e0 d\u2019une simple plong\u00e9e d\u2019initiation. Tu commenceras par une introduction guid\u00e9e \u00e0 la plong\u00e9e, en apprenant les bases et en pratiquant lors d\u2019une immersion depuis [&hellip;]<\/p>\n","protected":false},"author":10,"featured_media":0,"parent":0,"menu_order":0,"comment_status":"closed","ping_status":"closed","template":"","meta":{"_acf_changed":false,"footnotes":""},"class_list":["post-24926","page","type-page","status-publish","hentry"],"acf":[],"yoast_head":"<!-- This site is optimized with the Yoast SEO plugin v27.5 - https:\/\/yoast.com\/product\/yoast-seo-wordpress\/ -->\n<title>Journ\u00e9e \u00e0 Punta Ti\u00f1osa | Calero Diving Lanzarote<\/title>\n<meta name=\"robots\" content=\"index, follow, max-snippet:-1, max-image-preview:large, max-video-preview:-1\" \/>\n<link rel=\"canonical\" href=\"https:\/\/calerodiving.com\/day-at-punta-tinosa\/\" \/>\n<meta property=\"og:locale\" content=\"fr_FR\" \/>\n<meta property=\"og:type\" content=\"article\" \/>\n<meta property=\"og:title\" content=\"Journ\u00e9e \u00e0 Punta Ti\u00f1osa | Calero Diving Lanzarote\" \/>\n<meta property=\"og:description\" content=\"essayer la plong\u00e9e sous-marine Journ\u00e9e \u00e0 Punta Ti\u00f1osa Exp\u00e9rience d&rsquo;une journ\u00e9e compl\u00e8te pour d\u00e9butants. Aper\u00e7u du programme : Ce programme SSI Basic Diver offre une exp\u00e9rience compl\u00e8te qui va bien au-del\u00e0 d\u2019une simple plong\u00e9e d\u2019initiation. Tu commenceras par une introduction guid\u00e9e \u00e0 la plong\u00e9e, en apprenant les bases et en pratiquant lors d\u2019une immersion depuis [&hellip;]\" \/>\n<meta property=\"og:url\" content=\"https:\/\/calerodiving.com\/day-at-punta-tinosa\/\" \/>\n<meta property=\"og:site_name\" content=\"Calero Diving Lanzarote\" \/>\n<meta property=\"article:publisher\" content=\"https:\/\/www.facebook.com\/calerodiving\/\" \/>\n<meta property=\"article:modified_time\" content=\"2026-04-20T12:19:30+00:00\" \/>\n<meta property=\"og:image\" content=\"https:\/\/calerodiving.com\/wp-content\/uploads\/2025\/01\/Try-Scuba-Diving-en-Punta-Tinosa-Lanzarote-Calero-Diving.webp\" \/>\n\t<meta property=\"og:image:width\" content=\"1080\" \/>\n\t<meta property=\"og:image:height\" content=\"720\" \/>\n\t<meta property=\"og:image:type\" content=\"image\/webp\" \/>\n<meta name=\"twitter:card\" content=\"summary_large_image\" \/>\n<meta name=\"twitter:label1\" content=\"Dur\u00e9e de lecture estim\u00e9e\" \/>\n\t<meta name=\"twitter:data1\" content=\"2 minutes\" \/>\n<script type=\"application\/ld+json\" class=\"yoast-schema-graph\">{\"@context\":\"https:\\\/\\\/schema.org\",\"@graph\":[{\"@type\":\"WebPage\",\"@id\":\"https:\\\/\\\/calerodiving.com\\\/day-at-punta-tinosa\\\/\",\"url\":\"https:\\\/\\\/calerodiving.com\\\/day-at-punta-tinosa\\\/\",\"name\":\"Journ\u00e9e \u00e0 Punta Ti\u00f1osa | Calero Diving Lanzarote\",\"isPartOf\":{\"@id\":\"https:\\\/\\\/calerodiving.com\\\/#website\"},\"primaryImageOfPage\":{\"@id\":\"https:\\\/\\\/calerodiving.com\\\/day-at-punta-tinosa\\\/#primaryimage\"},\"image\":{\"@id\":\"https:\\\/\\\/calerodiving.com\\\/day-at-punta-tinosa\\\/#primaryimage\"},\"thumbnailUrl\":\"https:\\\/\\\/calerodiving.com\\\/wp-content\\\/uploads\\\/2025\\\/01\\\/Try-Scuba-Diving-en-Punta-Tinosa-Lanzarote-Calero-Diving-1030x687.webp\",\"datePublished\":\"2025-09-01T12:29:17+00:00\",\"dateModified\":\"2026-04-20T12:19:30+00:00\",\"breadcrumb\":{\"@id\":\"https:\\\/\\\/calerodiving.com\\\/day-at-punta-tinosa\\\/#breadcrumb\"},\"inLanguage\":\"fr-FR\",\"potentialAction\":[{\"@type\":\"ReadAction\",\"target\":[\"https:\\\/\\\/calerodiving.com\\\/day-at-punta-tinosa\\\/\"]}]},{\"@type\":\"ImageObject\",\"inLanguage\":\"fr-FR\",\"@id\":\"https:\\\/\\\/calerodiving.com\\\/day-at-punta-tinosa\\\/#primaryimage\",\"url\":\"https:\\\/\\\/calerodiving.com\\\/wp-content\\\/uploads\\\/2025\\\/01\\\/Try-Scuba-Diving-en-Punta-Tinosa-Lanzarote-Calero-Diving-1030x687.webp\",\"contentUrl\":\"https:\\\/\\\/calerodiving.com\\\/wp-content\\\/uploads\\\/2025\\\/01\\\/Try-Scuba-Diving-en-Punta-Tinosa-Lanzarote-Calero-Diving-1030x687.webp\"},{\"@type\":\"BreadcrumbList\",\"@id\":\"https:\\\/\\\/calerodiving.com\\\/day-at-punta-tinosa\\\/#breadcrumb\",\"itemListElement\":[{\"@type\":\"ListItem\",\"position\":1,\"name\":\"Home\",\"item\":\"https:\\\/\\\/calerodiving.com\\\/es\\\/\"},{\"@type\":\"ListItem\",\"position\":2,\"name\":\"Journ\u00e9e \u00e0 Punta Ti\u00f1osa\"}]},{\"@type\":\"WebSite\",\"@id\":\"https:\\\/\\\/calerodiving.com\\\/#website\",\"url\":\"https:\\\/\\\/calerodiving.com\\\/\",\"name\":\"Calero Diving Lanzarote\",\"description\":\"Dive Center - Marina Puerto Calero Lanzarote\",\"publisher\":{\"@id\":\"https:\\\/\\\/calerodiving.com\\\/#organization\"},\"alternateName\":\"Calero Diving\",\"potentialAction\":[{\"@type\":\"SearchAction\",\"target\":{\"@type\":\"EntryPoint\",\"urlTemplate\":\"https:\\\/\\\/calerodiving.com\\\/?s={search_term_string}\"},\"query-input\":{\"@type\":\"PropertyValueSpecification\",\"valueRequired\":true,\"valueName\":\"search_term_string\"}}],\"inLanguage\":\"fr-FR\"},{\"@type\":\"Organization\",\"@id\":\"https:\\\/\\\/calerodiving.com\\\/#organization\",\"name\":\"Calero Diving Lanzarote\",\"alternateName\":\"Calero Diving\",\"url\":\"https:\\\/\\\/calerodiving.com\\\/\",\"logo\":{\"@type\":\"ImageObject\",\"inLanguage\":\"fr-FR\",\"@id\":\"https:\\\/\\\/calerodiving.com\\\/#\\\/schema\\\/logo\\\/image\\\/\",\"url\":\"https:\\\/\\\/calerodiving.com\\\/wp-content\\\/uploads\\\/2025\\\/05\\\/Grupo.png\",\"contentUrl\":\"https:\\\/\\\/calerodiving.com\\\/wp-content\\\/uploads\\\/2025\\\/05\\\/Grupo.png\",\"width\":499,\"height\":590,\"caption\":\"Calero Diving Lanzarote\"},\"image\":{\"@id\":\"https:\\\/\\\/calerodiving.com\\\/#\\\/schema\\\/logo\\\/image\\\/\"},\"sameAs\":[\"https:\\\/\\\/www.facebook.com\\\/calerodiving\\\/\",\"https:\\\/\\\/www.instagram.com\\\/calerodiving\\\/\"]}]}<\/script>\n<!-- \/ Yoast SEO plugin. -->","yoast_head_json":{"title":"Journ\u00e9e \u00e0 Punta Ti\u00f1osa | Calero Diving Lanzarote","robots":{"index":"index","follow":"follow","max-snippet":"max-snippet:-1","max-image-preview":"max-image-preview:large","max-video-preview":"max-video-preview:-1"},"canonical":"https:\/\/calerodiving.com\/day-at-punta-tinosa\/","og_locale":"fr_FR","og_type":"article","og_title":"Journ\u00e9e \u00e0 Punta Ti\u00f1osa | Calero Diving Lanzarote","og_description":"essayer la plong\u00e9e sous-marine Journ\u00e9e \u00e0 Punta Ti\u00f1osa Exp\u00e9rience d&rsquo;une journ\u00e9e compl\u00e8te pour d\u00e9butants. Aper\u00e7u du programme : Ce programme SSI Basic Diver offre une exp\u00e9rience compl\u00e8te qui va bien au-del\u00e0 d\u2019une simple plong\u00e9e d\u2019initiation. Tu commenceras par une introduction guid\u00e9e \u00e0 la plong\u00e9e, en apprenant les bases et en pratiquant lors d\u2019une immersion depuis [&hellip;]","og_url":"https:\/\/calerodiving.com\/day-at-punta-tinosa\/","og_site_name":"Calero Diving Lanzarote","article_publisher":"https:\/\/www.facebook.com\/calerodiving\/","article_modified_time":"2026-04-20T12:19:30+00:00","og_image":[{"width":1080,"height":720,"url":"https:\/\/calerodiving.com\/wp-content\/uploads\/2025\/01\/Try-Scuba-Diving-en-Punta-Tinosa-Lanzarote-Calero-Diving.webp","type":"image\/webp"}],"twitter_card":"summary_large_image","twitter_misc":{"Dur\u00e9e de lecture estim\u00e9e":"2 minutes"},"schema":{"@context":"https:\/\/schema.org","@graph":[{"@type":"WebPage","@id":"https:\/\/calerodiving.com\/day-at-punta-tinosa\/","url":"https:\/\/calerodiving.com\/day-at-punta-tinosa\/","name":"Journ\u00e9e \u00e0 Punta Ti\u00f1osa | Calero Diving Lanzarote","isPartOf":{"@id":"https:\/\/calerodiving.com\/#website"},"primaryImageOfPage":{"@id":"https:\/\/calerodiving.com\/day-at-punta-tinosa\/#primaryimage"},"image":{"@id":"https:\/\/calerodiving.com\/day-at-punta-tinosa\/#primaryimage"},"thumbnailUrl":"https:\/\/calerodiving.com\/wp-content\/uploads\/2025\/01\/Try-Scuba-Diving-en-Punta-Tinosa-Lanzarote-Calero-Diving-1030x687.webp","datePublished":"2025-09-01T12:29:17+00:00","dateModified":"2026-04-20T12:19:30+00:00","breadcrumb":{"@id":"https:\/\/calerodiving.com\/day-at-punta-tinosa\/#breadcrumb"},"inLanguage":"fr-FR","potentialAction":[{"@type":"ReadAction","target":["https:\/\/calerodiving.com\/day-at-punta-tinosa\/"]}]},{"@type":"ImageObject","inLanguage":"fr-FR","@id":"https:\/\/calerodiving.com\/day-at-punta-tinosa\/#primaryimage","url":"https:\/\/calerodiving.com\/wp-content\/uploads\/2025\/01\/Try-Scuba-Diving-en-Punta-Tinosa-Lanzarote-Calero-Diving-1030x687.webp","contentUrl":"https:\/\/calerodiving.com\/wp-content\/uploads\/2025\/01\/Try-Scuba-Diving-en-Punta-Tinosa-Lanzarote-Calero-Diving-1030x687.webp"},{"@type":"BreadcrumbList","@id":"https:\/\/calerodiving.com\/day-at-punta-tinosa\/#breadcrumb","itemListElement":[{"@type":"ListItem","position":1,"name":"Home","item":"https:\/\/calerodiving.com\/es\/"},{"@type":"ListItem","position":2,"name":"Journ\u00e9e \u00e0 Punta Ti\u00f1osa"}]},{"@type":"WebSite","@id":"https:\/\/calerodiving.com\/#website","url":"https:\/\/calerodiving.com\/","name":"Calero Diving Lanzarote","description":"Dive Center - Marina Puerto Calero Lanzarote","publisher":{"@id":"https:\/\/calerodiving.com\/#organization"},"alternateName":"Calero Diving","potentialAction":[{"@type":"SearchAction","target":{"@type":"EntryPoint","urlTemplate":"https:\/\/calerodiving.com\/?s={search_term_string}"},"query-input":{"@type":"PropertyValueSpecification","valueRequired":true,"valueName":"search_term_string"}}],"inLanguage":"fr-FR"},{"@type":"Organization","@id":"https:\/\/calerodiving.com\/#organization","name":"Calero Diving Lanzarote","alternateName":"Calero Diving","url":"https:\/\/calerodiving.com\/","logo":{"@type":"ImageObject","inLanguage":"fr-FR","@id":"https:\/\/calerodiving.com\/#\/schema\/logo\/image\/","url":"https:\/\/calerodiving.com\/wp-content\/uploads\/2025\/05\/Grupo.png","contentUrl":"https:\/\/calerodiving.com\/wp-content\/uploads\/2025\/05\/Grupo.png","width":499,"height":590,"caption":"Calero Diving Lanzarote"},"image":{"@id":"https:\/\/calerodiving.com\/#\/schema\/logo\/image\/"},"sameAs":["https:\/\/www.facebook.com\/calerodiving\/","https:\/\/www.instagram.com\/calerodiving\/"]}]}},"_links":{"self":[{"href":"https:\/\/calerodiving.com\/fr\/wp-json\/wp\/v2\/pages\/24926","targetHints":{"allow":["GET"]}}],"collection":[{"href":"https:\/\/calerodiving.com\/fr\/wp-json\/wp\/v2\/pages"}],"about":[{"href":"https:\/\/calerodiving.com\/fr\/wp-json\/wp\/v2\/types\/page"}],"author":[{"embeddable":true,"href":"https:\/\/calerodiving.com\/fr\/wp-json\/wp\/v2\/users\/10"}],"replies":[{"embeddable":true,"href":"https:\/\/calerodiving.com\/fr\/wp-json\/wp\/v2\/comments?post=24926"}],"version-history":[{"count":13,"href":"https:\/\/calerodiving.com\/fr\/wp-json\/wp\/v2\/pages\/24926\/revisions"}],"predecessor-version":[{"id":28350,"href":"https:\/\/calerodiving.com\/fr\/wp-json\/wp\/v2\/pages\/24926\/revisions\/28350"}],"wp:attachment":[{"href":"https:\/\/calerodiving.com\/fr\/wp-json\/wp\/v2\/media?parent=24926"}],"curies":[{"name":"wp","href":"https:\/\/api.w.org\/{rel}","templated":true}]}}