{"id":24915,"date":"2025-09-01T13:29:15","date_gmt":"2025-09-01T12:29:15","guid":{"rendered":"https:\/\/calerodiving.com\/tuyaux-jumeaux\/"},"modified":"2026-04-20T14:14:22","modified_gmt":"2026-04-20T13:14:22","slug":"tuyaux-jumeaux","status":"publish","type":"page","link":"https:\/\/calerodiving.com\/fr\/tuyaux-jumeaux\/","title":{"rendered":"Tuyaux jumeaux"},"content":{"rendered":"\t\t<div data-elementor-type=\"wp-page\" data-elementor-id=\"24915\" class=\"elementor elementor-24915 elementor-19869\" data-elementor-post-type=\"page\">\n\t\t\t\t<div class=\"elementor-element elementor-element-423e3a8 e-flex e-con-boxed e-con e-parent\" data-id=\"423e3a8\" data-element_type=\"container\" data-e-type=\"container\">\n\t\t\t\t\t<div class=\"e-con-inner\">\n\t\t<div class=\"elementor-element elementor-element-cfb062d e-con-full e-flex e-con e-child\" data-id=\"cfb062d\" data-element_type=\"container\" data-e-type=\"container\">\n\t\t<div class=\"elementor-element elementor-element-0d9cb50 e-con-full e-flex e-con e-child\" data-id=\"0d9cb50\" data-element_type=\"container\" data-e-type=\"container\">\n\t\t\t\t<div class=\"elementor-element elementor-element-e35d684 elementor-widget elementor-widget-heading\" data-id=\"e35d684\" data-element_type=\"widget\" data-e-type=\"widget\" data-widget_type=\"heading.default\">\n\t\t\t\t<div class=\"elementor-widget-container\">\n\t\t\t\t\t<h2 class=\"elementor-heading-title elementor-size-default\">Tuyaux jumeaux<\/h2>\t\t\t\t<\/div>\n\t\t\t\t<\/div>\n\t\t\t\t<\/div>\n\t\t\t\t<\/div>\n\t\t\t\t\t<\/div>\n\t\t\t\t<\/div>\n\t\t<div class=\"elementor-element elementor-element-41e6941 e-flex e-con-boxed e-con e-parent\" data-id=\"41e6941\" data-element_type=\"container\" data-e-type=\"container\">\n\t\t\t\t\t<div class=\"e-con-inner\">\n\t\t<div class=\"elementor-element elementor-element-995fbae e-con-full e-flex e-con e-child\" data-id=\"995fbae\" data-element_type=\"container\" data-e-type=\"container\">\n\t\t<div class=\"elementor-element elementor-element-0d3415a e-con-full e-flex e-con e-child\" data-id=\"0d3415a\" data-element_type=\"container\" data-e-type=\"container\">\n\t\t\t\t<div class=\"elementor-element elementor-element-35f6c14 elementor-widget elementor-widget-image\" data-id=\"35f6c14\" data-element_type=\"widget\" data-e-type=\"widget\" data-widget_type=\"image.default\">\n\t\t\t\t<div class=\"elementor-widget-container\">\n\t\t\t\t\t\t\t\t\t\t\t\t\t\t\t<img fetchpriority=\"high\" decoding=\"async\" width=\"1200\" height=\"800\" src=\"https:\/\/calerodiving.com\/wp-content\/uploads\/2017\/10\/twinpipes-01.jpg\" class=\"attachment-full size-full wp-image-3040\" alt=\"\" srcset=\"https:\/\/calerodiving.com\/wp-content\/uploads\/2017\/10\/twinpipes-01.jpg 1200w, https:\/\/calerodiving.com\/wp-content\/uploads\/2017\/10\/twinpipes-01-300x200.jpg 300w, https:\/\/calerodiving.com\/wp-content\/uploads\/2017\/10\/twinpipes-01-768x512.jpg 768w, https:\/\/calerodiving.com\/wp-content\/uploads\/2017\/10\/twinpipes-01-1030x687.jpg 1030w, https:\/\/calerodiving.com\/wp-content\/uploads\/2017\/10\/twinpipes-01-705x470.jpg 705w, https:\/\/calerodiving.com\/wp-content\/uploads\/2017\/10\/twinpipes-01-450x300.jpg 450w\" sizes=\"(max-width: 1200px) 100vw, 1200px\" \/>\t\t\t\t\t\t\t\t\t\t\t\t\t\t\t<\/div>\n\t\t\t\t<\/div>\n\t\t\t\t<div class=\"elementor-element elementor-element-644442b elementor-widget elementor-widget-text-editor\" data-id=\"644442b\" data-element_type=\"widget\" data-e-type=\"widget\" data-widget_type=\"text-editor.default\">\n\t\t\t\t<div class=\"elementor-widget-container\">\n\t\t\t\t\t\t\t\t\t<p data-start=\"2624\" data-end=\"2791\">Twin Pipes, \u00e9galement connu sous le nom d\u2019Emissario, est l\u2019un des sites de plong\u00e9e les plus populaires et les plus faciles d\u2019acc\u00e8s depuis notre base de Marina Rubicon.<\/p><p data-start=\"2793\" data-end=\"2924\">Le site se trouve \u00e0 seulement 5 minutes en bateau du centre de plong\u00e9e et fait aussi partie des plus faciles \u00e0 naviguer sous l\u2019eau.<\/p><p data-start=\"2926\" data-end=\"3034\">Le point d\u2019entr\u00e9e habituel se situe juste \u00e0 c\u00f4t\u00e9 des deux conduites, \u00e0 environ 10 \u00e0 12 m\u00e8tres de profondeur.<\/p><p data-start=\"3036\" data-end=\"3101\">\u00c0 partir de l\u00e0, il suffit de suivre les conduites jusqu\u2019au r\u00e9cif.<\/p><p data-start=\"3103\" data-end=\"3208\">Une fois arriv\u00e9 sur le fond sableux, tu peux tourner \u00e0 gauche vers Las Lenguas ou \u00e0 droite vers Atlantis.<\/p><p data-start=\"3210\" data-end=\"3336\">Tu peux aussi continuer le long des conduites jusqu\u2019\u00e0 leur extr\u00e9mit\u00e9, o\u00f9 la vie marine est souvent particuli\u00e8rement abondante.<\/p><p data-start=\"3338\" data-end=\"3479\">Quel que soit l\u2019itin\u00e9raire choisi, tu as de bonnes chances de croiser des raies pastenagues ou de petites raies aigles reposant sur le sable.<\/p>\t\t\t\t\t\t\t\t<\/div>\n\t\t\t\t<\/div>\n\t\t\t\t<\/div>\n\t\t\t\t<\/div>\n\t\t<div class=\"elementor-element elementor-element-a88403f e-con-full e-flex e-con e-child\" data-id=\"a88403f\" data-element_type=\"container\" data-e-type=\"container\">\n\t\t<div class=\"elementor-element elementor-element-238245d e-con-full course-sidebar-box e-flex e-con e-child\" data-id=\"238245d\" data-element_type=\"container\" data-e-type=\"container\" data-settings=\"{&quot;sticky&quot;:&quot;top&quot;,&quot;sticky_offset&quot;:110,&quot;sticky_effects_offset&quot;:130,&quot;sticky_parent&quot;:&quot;yes&quot;,&quot;sticky_on&quot;:[&quot;desktop&quot;,&quot;tablet&quot;,&quot;mobile&quot;],&quot;sticky_anchor_link_offset&quot;:0}\">\n\t\t\t\t<div class=\"elementor-element elementor-element-ef94a8c elementor-widget elementor-widget-image\" data-id=\"ef94a8c\" data-element_type=\"widget\" data-e-type=\"widget\" data-widget_type=\"image.default\">\n\t\t\t\t<div class=\"elementor-widget-container\">\n\t\t\t\t\t\t\t\t\t\t\t\t\t\t\t<img decoding=\"async\" width=\"596\" height=\"614\" src=\"https:\/\/calerodiving.com\/wp-content\/uploads\/2025\/07\/Captura-de-pantalla-2025-07-17-a-las-11.47.09.png\" class=\"attachment-large size-large wp-image-21577\" alt=\"\" srcset=\"https:\/\/calerodiving.com\/wp-content\/uploads\/2025\/07\/Captura-de-pantalla-2025-07-17-a-las-11.47.09.png 596w, https:\/\/calerodiving.com\/wp-content\/uploads\/2025\/07\/Captura-de-pantalla-2025-07-17-a-las-11.47.09-291x300.png 291w\" sizes=\"(max-width: 596px) 100vw, 596px\" \/>\t\t\t\t\t\t\t\t\t\t\t\t\t\t\t<\/div>\n\t\t\t\t<\/div>\n\t\t\t\t<div class=\"elementor-element elementor-element-ebdcde4 elementor-widget elementor-widget-text-editor\" data-id=\"ebdcde4\" data-element_type=\"widget\" data-e-type=\"widget\" data-widget_type=\"text-editor.default\">\n\t\t\t\t<div class=\"elementor-widget-container\">\n\t\t\t\t\t\t\t\t\t<div class=\"courses-info\">\n<p style=\"margin: 0 0 10px;\"><span style=\"color: #ffffff;\"><strong>Type de plong\u00e9e :<\/strong> r\u00e9cif volcanique<\/span><\/p>\n<p style=\"margin: 0 0 10px;\"><span style=\"color: #ffffff;\"><strong>Profondeur maximale :<\/strong> env. 20 m\u00e8tres<\/span><\/p>\n<p style=\"margin: 0 0 10px;\"><span style=\"color: #ffffff;\"><strong>Convient \u00e0 :<\/strong> tous les niveaux de plongeurs<\/span><\/p>\n<p style=\"margin: 0;\"><span style=\"color: #ffffff;\"><strong>\u00c0 observer :<\/strong> formations de lave, les deux conduites, fond sableux, raies et excellentes opportunit\u00e9s photo<\/span><\/p>\n<\/div>\t\t\t\t\t\t\t\t<\/div>\n\t\t\t\t<\/div>\n\t\t\t\t<div class=\"elementor-element elementor-element-a4bbb3f elementor-widget elementor-widget-ucaddon_underline_link_hover_effect\" data-id=\"a4bbb3f\" data-element_type=\"widget\" data-e-type=\"widget\" data-widget_type=\"ucaddon_underline_link_hover_effect.default\">\n\t\t\t\t<div class=\"elementor-widget-container\">\n\t\t\t\t\t\n<!-- start Underline Link Hover Effect -->\n\t\t<link id='font-awesome-css' href='https:\/\/calerodiving.com\/wp-content\/plugins\/unlimited-elements-for-elementor-premium\/assets_libraries\/font-awesome6\/fontawesome-all.min.css' type='text\/css' rel='stylesheet' >\n\t\t<link id='font-awesome-4-shim-css' href='https:\/\/calerodiving.com\/wp-content\/plugins\/unlimited-elements-for-elementor-premium\/assets_libraries\/font-awesome6\/fontawesome-v4-shims.min.css' type='text\/css' rel='stylesheet' >\n\n<style>\/* widget: Underline Link Hover Effect *\/\n\n#uc_underline_link_hover_effect_elementor_a4bbb3f{\n  display:flex;\n} \n\n#uc_underline_link_hover_effect_elementor_a4bbb3f a.ue-link{\n  display:flex;\n  position:relative;\n  align-items:center;\n  justify-content:center;\n  text-decoration:none;\n}\n\n#uc_underline_link_hover_effect_elementor_a4bbb3f a.ue-link:after{\n  content: \"\";\n    width:100%;\n    position:absolute;\n  bottom:0px;\n    left:0px;\n    display: block;\n  transition:1s;\n}\n\n#uc_underline_link_hover_effect_elementor_a4bbb3f a:hover:after{\n    width:0%;\n  }\n\n#uc_underline_link_hover_effect_elementor_a4bbb3f .ue-link-hover-effect-spacing{\n  transition:1s;\n}\n\n#uc_underline_link_hover_effect_elementor_a4bbb3f .ue-link-hover-effect-text{\n  padding:10px 0px;\n}\n\n#uc_underline_link_hover_effect_elementor_a4bbb3f .ue-link-hover-effect-icon{\n  line-height:1em;\n  transition:1s;\n}\n\n#uc_underline_link_hover_effect_elementor_a4bbb3f .ue-link-hover-effect-icon svg{\n  height:1em;\n  width:1em;\n}\n\n<\/style>\n\n<div id=\"uc_underline_link_hover_effect_elementor_a4bbb3f\" class=\"ue-link-wrap\">\n  <a class=\"ue-link\" href=\"\" >\n    <div class=\"ue-link-hover-effect-text\">Contactez-nous<\/div>\n    <div class=\"ue-link-hover-effect-spacing\"><\/div>\n    <div class=\"ue-link-hover-effect-icon\"><i class='fas fa-arrow-right'><\/i><\/div>\n  <\/a>\n<\/div>\n<!-- end Underline Link Hover Effect -->\t\t\t\t<\/div>\n\t\t\t\t<\/div>\n\t\t\t\t<\/div>\n\t\t\t\t<\/div>\n\t\t\t\t\t<\/div>\n\t\t\t\t<\/div>\n\t\t\t\t<\/div>\n\t\t","protected":false},"excerpt":{"rendered":"<p>Tuyaux jumeaux Twin Pipes, \u00e9galement connu sous le nom d\u2019Emissario, est l\u2019un des sites de plong\u00e9e les plus populaires et les plus faciles d\u2019acc\u00e8s depuis notre base de Marina Rubicon. Le site se trouve \u00e0 seulement 5 minutes en bateau du centre de plong\u00e9e et fait aussi partie des plus faciles \u00e0 naviguer sous l\u2019eau. [&hellip;]<\/p>\n","protected":false},"author":10,"featured_media":0,"parent":0,"menu_order":0,"comment_status":"closed","ping_status":"closed","template":"","meta":{"_acf_changed":false,"footnotes":""},"class_list":["post-24915","page","type-page","status-publish","hentry"],"acf":[],"yoast_head":"<!-- This site is optimized with the Yoast SEO plugin v27.5 - https:\/\/yoast.com\/product\/yoast-seo-wordpress\/ -->\n<title>Tuyaux jumeaux | Calero Diving Lanzarote<\/title>\n<meta name=\"robots\" content=\"index, follow, max-snippet:-1, max-image-preview:large, max-video-preview:-1\" \/>\n<link rel=\"canonical\" href=\"https:\/\/calerodiving.com\/twin-pipes\/\" \/>\n<meta property=\"og:locale\" content=\"fr_FR\" \/>\n<meta property=\"og:type\" content=\"article\" \/>\n<meta property=\"og:title\" content=\"Tuyaux jumeaux | Calero Diving Lanzarote\" \/>\n<meta property=\"og:description\" content=\"Tuyaux jumeaux Twin Pipes, \u00e9galement connu sous le nom d\u2019Emissario, est l\u2019un des sites de plong\u00e9e les plus populaires et les plus faciles d\u2019acc\u00e8s depuis notre base de Marina Rubicon. Le site se trouve \u00e0 seulement 5 minutes en bateau du centre de plong\u00e9e et fait aussi partie des plus faciles \u00e0 naviguer sous l\u2019eau. [&hellip;]\" \/>\n<meta property=\"og:url\" content=\"https:\/\/calerodiving.com\/twin-pipes\/\" \/>\n<meta property=\"og:site_name\" content=\"Calero Diving Lanzarote\" \/>\n<meta property=\"article:publisher\" content=\"https:\/\/www.facebook.com\/calerodiving\/\" \/>\n<meta property=\"article:modified_time\" content=\"2026-04-20T13:14:22+00:00\" \/>\n<meta property=\"og:image\" content=\"https:\/\/calerodiving.com\/wp-content\/uploads\/2017\/10\/twinpipes-01.jpg\" \/>\n\t<meta property=\"og:image:width\" content=\"1200\" \/>\n\t<meta property=\"og:image:height\" content=\"800\" \/>\n\t<meta property=\"og:image:type\" content=\"image\/jpeg\" \/>\n<meta name=\"twitter:card\" content=\"summary_large_image\" \/>\n<meta name=\"twitter:label1\" content=\"Dur\u00e9e de lecture estim\u00e9e\" \/>\n\t<meta name=\"twitter:data1\" content=\"2 minutes\" \/>\n<script type=\"application\/ld+json\" class=\"yoast-schema-graph\">{\"@context\":\"https:\\\/\\\/schema.org\",\"@graph\":[{\"@type\":\"WebPage\",\"@id\":\"https:\\\/\\\/calerodiving.com\\\/twin-pipes\\\/\",\"url\":\"https:\\\/\\\/calerodiving.com\\\/twin-pipes\\\/\",\"name\":\"Tuyaux jumeaux | Calero Diving Lanzarote\",\"isPartOf\":{\"@id\":\"https:\\\/\\\/calerodiving.com\\\/#website\"},\"primaryImageOfPage\":{\"@id\":\"https:\\\/\\\/calerodiving.com\\\/twin-pipes\\\/#primaryimage\"},\"image\":{\"@id\":\"https:\\\/\\\/calerodiving.com\\\/twin-pipes\\\/#primaryimage\"},\"thumbnailUrl\":\"https:\\\/\\\/calerodiving.com\\\/wp-content\\\/uploads\\\/2017\\\/10\\\/twinpipes-01.jpg\",\"datePublished\":\"2025-09-01T12:29:15+00:00\",\"dateModified\":\"2026-04-20T13:14:22+00:00\",\"breadcrumb\":{\"@id\":\"https:\\\/\\\/calerodiving.com\\\/twin-pipes\\\/#breadcrumb\"},\"inLanguage\":\"fr-FR\",\"potentialAction\":[{\"@type\":\"ReadAction\",\"target\":[\"https:\\\/\\\/calerodiving.com\\\/twin-pipes\\\/\"]}]},{\"@type\":\"ImageObject\",\"inLanguage\":\"fr-FR\",\"@id\":\"https:\\\/\\\/calerodiving.com\\\/twin-pipes\\\/#primaryimage\",\"url\":\"https:\\\/\\\/calerodiving.com\\\/wp-content\\\/uploads\\\/2017\\\/10\\\/twinpipes-01.jpg\",\"contentUrl\":\"https:\\\/\\\/calerodiving.com\\\/wp-content\\\/uploads\\\/2017\\\/10\\\/twinpipes-01.jpg\"},{\"@type\":\"BreadcrumbList\",\"@id\":\"https:\\\/\\\/calerodiving.com\\\/twin-pipes\\\/#breadcrumb\",\"itemListElement\":[{\"@type\":\"ListItem\",\"position\":1,\"name\":\"Home\",\"item\":\"https:\\\/\\\/calerodiving.com\\\/es\\\/\"},{\"@type\":\"ListItem\",\"position\":2,\"name\":\"Tuyaux jumeaux\"}]},{\"@type\":\"WebSite\",\"@id\":\"https:\\\/\\\/calerodiving.com\\\/#website\",\"url\":\"https:\\\/\\\/calerodiving.com\\\/\",\"name\":\"Calero Diving Lanzarote\",\"description\":\"Dive Center - Marina Puerto Calero Lanzarote\",\"publisher\":{\"@id\":\"https:\\\/\\\/calerodiving.com\\\/#organization\"},\"alternateName\":\"Calero Diving\",\"potentialAction\":[{\"@type\":\"SearchAction\",\"target\":{\"@type\":\"EntryPoint\",\"urlTemplate\":\"https:\\\/\\\/calerodiving.com\\\/?s={search_term_string}\"},\"query-input\":{\"@type\":\"PropertyValueSpecification\",\"valueRequired\":true,\"valueName\":\"search_term_string\"}}],\"inLanguage\":\"fr-FR\"},{\"@type\":\"Organization\",\"@id\":\"https:\\\/\\\/calerodiving.com\\\/#organization\",\"name\":\"Calero Diving Lanzarote\",\"alternateName\":\"Calero Diving\",\"url\":\"https:\\\/\\\/calerodiving.com\\\/\",\"logo\":{\"@type\":\"ImageObject\",\"inLanguage\":\"fr-FR\",\"@id\":\"https:\\\/\\\/calerodiving.com\\\/#\\\/schema\\\/logo\\\/image\\\/\",\"url\":\"https:\\\/\\\/calerodiving.com\\\/wp-content\\\/uploads\\\/2025\\\/05\\\/Grupo.png\",\"contentUrl\":\"https:\\\/\\\/calerodiving.com\\\/wp-content\\\/uploads\\\/2025\\\/05\\\/Grupo.png\",\"width\":499,\"height\":590,\"caption\":\"Calero Diving Lanzarote\"},\"image\":{\"@id\":\"https:\\\/\\\/calerodiving.com\\\/#\\\/schema\\\/logo\\\/image\\\/\"},\"sameAs\":[\"https:\\\/\\\/www.facebook.com\\\/calerodiving\\\/\",\"https:\\\/\\\/www.instagram.com\\\/calerodiving\\\/\"]}]}<\/script>\n<!-- \/ Yoast SEO plugin. -->","yoast_head_json":{"title":"Tuyaux jumeaux | Calero Diving Lanzarote","robots":{"index":"index","follow":"follow","max-snippet":"max-snippet:-1","max-image-preview":"max-image-preview:large","max-video-preview":"max-video-preview:-1"},"canonical":"https:\/\/calerodiving.com\/twin-pipes\/","og_locale":"fr_FR","og_type":"article","og_title":"Tuyaux jumeaux | Calero Diving Lanzarote","og_description":"Tuyaux jumeaux Twin Pipes, \u00e9galement connu sous le nom d\u2019Emissario, est l\u2019un des sites de plong\u00e9e les plus populaires et les plus faciles d\u2019acc\u00e8s depuis notre base de Marina Rubicon. Le site se trouve \u00e0 seulement 5 minutes en bateau du centre de plong\u00e9e et fait aussi partie des plus faciles \u00e0 naviguer sous l\u2019eau. [&hellip;]","og_url":"https:\/\/calerodiving.com\/twin-pipes\/","og_site_name":"Calero Diving Lanzarote","article_publisher":"https:\/\/www.facebook.com\/calerodiving\/","article_modified_time":"2026-04-20T13:14:22+00:00","og_image":[{"width":1200,"height":800,"url":"https:\/\/calerodiving.com\/wp-content\/uploads\/2017\/10\/twinpipes-01.jpg","type":"image\/jpeg"}],"twitter_card":"summary_large_image","twitter_misc":{"Dur\u00e9e de lecture estim\u00e9e":"2 minutes"},"schema":{"@context":"https:\/\/schema.org","@graph":[{"@type":"WebPage","@id":"https:\/\/calerodiving.com\/twin-pipes\/","url":"https:\/\/calerodiving.com\/twin-pipes\/","name":"Tuyaux jumeaux | Calero Diving Lanzarote","isPartOf":{"@id":"https:\/\/calerodiving.com\/#website"},"primaryImageOfPage":{"@id":"https:\/\/calerodiving.com\/twin-pipes\/#primaryimage"},"image":{"@id":"https:\/\/calerodiving.com\/twin-pipes\/#primaryimage"},"thumbnailUrl":"https:\/\/calerodiving.com\/wp-content\/uploads\/2017\/10\/twinpipes-01.jpg","datePublished":"2025-09-01T12:29:15+00:00","dateModified":"2026-04-20T13:14:22+00:00","breadcrumb":{"@id":"https:\/\/calerodiving.com\/twin-pipes\/#breadcrumb"},"inLanguage":"fr-FR","potentialAction":[{"@type":"ReadAction","target":["https:\/\/calerodiving.com\/twin-pipes\/"]}]},{"@type":"ImageObject","inLanguage":"fr-FR","@id":"https:\/\/calerodiving.com\/twin-pipes\/#primaryimage","url":"https:\/\/calerodiving.com\/wp-content\/uploads\/2017\/10\/twinpipes-01.jpg","contentUrl":"https:\/\/calerodiving.com\/wp-content\/uploads\/2017\/10\/twinpipes-01.jpg"},{"@type":"BreadcrumbList","@id":"https:\/\/calerodiving.com\/twin-pipes\/#breadcrumb","itemListElement":[{"@type":"ListItem","position":1,"name":"Home","item":"https:\/\/calerodiving.com\/es\/"},{"@type":"ListItem","position":2,"name":"Tuyaux jumeaux"}]},{"@type":"WebSite","@id":"https:\/\/calerodiving.com\/#website","url":"https:\/\/calerodiving.com\/","name":"Calero Diving Lanzarote","description":"Dive Center - Marina Puerto Calero Lanzarote","publisher":{"@id":"https:\/\/calerodiving.com\/#organization"},"alternateName":"Calero Diving","potentialAction":[{"@type":"SearchAction","target":{"@type":"EntryPoint","urlTemplate":"https:\/\/calerodiving.com\/?s={search_term_string}"},"query-input":{"@type":"PropertyValueSpecification","valueRequired":true,"valueName":"search_term_string"}}],"inLanguage":"fr-FR"},{"@type":"Organization","@id":"https:\/\/calerodiving.com\/#organization","name":"Calero Diving Lanzarote","alternateName":"Calero Diving","url":"https:\/\/calerodiving.com\/","logo":{"@type":"ImageObject","inLanguage":"fr-FR","@id":"https:\/\/calerodiving.com\/#\/schema\/logo\/image\/","url":"https:\/\/calerodiving.com\/wp-content\/uploads\/2025\/05\/Grupo.png","contentUrl":"https:\/\/calerodiving.com\/wp-content\/uploads\/2025\/05\/Grupo.png","width":499,"height":590,"caption":"Calero Diving Lanzarote"},"image":{"@id":"https:\/\/calerodiving.com\/#\/schema\/logo\/image\/"},"sameAs":["https:\/\/www.facebook.com\/calerodiving\/","https:\/\/www.instagram.com\/calerodiving\/"]}]}},"_links":{"self":[{"href":"https:\/\/calerodiving.com\/fr\/wp-json\/wp\/v2\/pages\/24915","targetHints":{"allow":["GET"]}}],"collection":[{"href":"https:\/\/calerodiving.com\/fr\/wp-json\/wp\/v2\/pages"}],"about":[{"href":"https:\/\/calerodiving.com\/fr\/wp-json\/wp\/v2\/types\/page"}],"author":[{"embeddable":true,"href":"https:\/\/calerodiving.com\/fr\/wp-json\/wp\/v2\/users\/10"}],"replies":[{"embeddable":true,"href":"https:\/\/calerodiving.com\/fr\/wp-json\/wp\/v2\/comments?post=24915"}],"version-history":[{"count":4,"href":"https:\/\/calerodiving.com\/fr\/wp-json\/wp\/v2\/pages\/24915\/revisions"}],"predecessor-version":[{"id":28459,"href":"https:\/\/calerodiving.com\/fr\/wp-json\/wp\/v2\/pages\/24915\/revisions\/28459"}],"wp:attachment":[{"href":"https:\/\/calerodiving.com\/fr\/wp-json\/wp\/v2\/media?parent=24915"}],"curies":[{"name":"wp","href":"https:\/\/api.w.org\/{rel}","templated":true}]}}