{"id":24892,"date":"2025-09-01T13:29:11","date_gmt":"2025-09-01T12:29:11","guid":{"rendered":"https:\/\/calerodiving.com\/essayez-la-plongee-sous-marine\/"},"modified":"2026-04-20T10:07:50","modified_gmt":"2026-04-20T09:07:50","slug":"essayez-la-plongee-sous-marine","status":"publish","type":"page","link":"https:\/\/calerodiving.com\/fr\/essayez-la-plongee-sous-marine\/","title":{"rendered":"Essayez la plong\u00e9e sous-marine"},"content":{"rendered":"\t\t<div data-elementor-type=\"wp-page\" data-elementor-id=\"24892\" class=\"elementor elementor-24892 elementor-20282\" data-elementor-post-type=\"page\">\n\t\t\t\t<div class=\"elementor-element elementor-element-009eb9a e-flex e-con-boxed e-con e-parent\" data-id=\"009eb9a\" data-element_type=\"container\" data-e-type=\"container\">\n\t\t\t\t\t<div class=\"e-con-inner\">\n\t\t<div class=\"elementor-element elementor-element-64e2daa e-con-full e-flex e-con e-child\" data-id=\"64e2daa\" data-element_type=\"container\" data-e-type=\"container\">\n\t\t\t\t<div class=\"elementor-element elementor-element-1ebadaf elementor-widget elementor-widget-image\" data-id=\"1ebadaf\" data-element_type=\"widget\" data-e-type=\"widget\" data-widget_type=\"image.default\">\n\t\t\t\t<div class=\"elementor-widget-container\">\n\t\t\t\t\t\t\t\t\t\t\t\t\t\t\t<img fetchpriority=\"high\" decoding=\"async\" width=\"800\" height=\"534\" src=\"https:\/\/calerodiving.com\/wp-content\/uploads\/2025\/06\/Flamingo-1030x687.jpeg\" class=\"attachment-large size-large wp-image-19301\" alt=\"\" srcset=\"https:\/\/calerodiving.com\/wp-content\/uploads\/2025\/06\/Flamingo-1030x687.jpeg 1030w, https:\/\/calerodiving.com\/wp-content\/uploads\/2025\/06\/Flamingo-300x200.jpeg 300w, https:\/\/calerodiving.com\/wp-content\/uploads\/2025\/06\/Flamingo-768x512.jpeg 768w, https:\/\/calerodiving.com\/wp-content\/uploads\/2025\/06\/Flamingo-1536x1024.jpeg 1536w, https:\/\/calerodiving.com\/wp-content\/uploads\/2025\/06\/Flamingo.jpeg 1732w\" sizes=\"(max-width: 800px) 100vw, 800px\" \/>\t\t\t\t\t\t\t\t\t\t\t\t\t\t\t<\/div>\n\t\t\t\t<\/div>\n\t\t\t\t<\/div>\n\t\t<div class=\"elementor-element elementor-element-8ed3d5e e-con-full e-flex e-con e-child\" data-id=\"8ed3d5e\" data-element_type=\"container\" data-e-type=\"container\">\n\t\t<div class=\"elementor-element elementor-element-993bdc1 e-con-full e-flex e-con e-child\" data-id=\"993bdc1\" data-element_type=\"container\" data-e-type=\"container\">\n\t\t\t\t<div class=\"elementor-element elementor-element-3e1d005 elementor-widget elementor-widget-html\" data-id=\"3e1d005\" data-element_type=\"widget\" data-e-type=\"widget\" data-widget_type=\"html.default\">\n\t\t\t\t<div class=\"elementor-widget-container\">\n\t\t\t\t\t<a href=\"https:\/\/calerodiving.com\/fr\/cours-de-plongee-loisir\/#baptisms\" class=\"tag-button\">essayer la plong\u00e9e sous-marine<\/a>\n\t\t\t\t<\/div>\n\t\t\t\t<\/div>\n\t\t\t\t<div class=\"elementor-element elementor-element-4cb381d elementor-widget elementor-widget-heading\" data-id=\"4cb381d\" data-element_type=\"widget\" data-e-type=\"widget\" data-widget_type=\"heading.default\">\n\t\t\t\t<div class=\"elementor-widget-container\">\n\t\t\t\t\t<h2 class=\"elementor-heading-title elementor-size-default\">Essayez la plong\u00e9e sous-marine<\/h2>\t\t\t\t<\/div>\n\t\t\t\t<\/div>\n\t\t\t\t<\/div>\n\t\t\t\t<\/div>\n\t\t\t\t\t<\/div>\n\t\t\t\t<\/div>\n\t\t<div class=\"elementor-element elementor-element-19fa76e e-flex e-con-boxed e-con e-parent\" data-id=\"19fa76e\" data-element_type=\"container\" data-e-type=\"container\">\n\t\t\t\t\t<div class=\"e-con-inner\">\n\t\t<div class=\"elementor-element elementor-element-a8907d2 e-con-full e-flex e-con e-child\" data-id=\"a8907d2\" data-element_type=\"container\" data-e-type=\"container\">\n\t\t<div class=\"elementor-element elementor-element-0fd81f7 e-con-full e-flex e-con e-child\" data-id=\"0fd81f7\" data-element_type=\"container\" data-e-type=\"container\">\n\t\t\t\t<div class=\"elementor-element elementor-element-794723b elementor-widget elementor-widget-heading\" data-id=\"794723b\" data-element_type=\"widget\" data-e-type=\"widget\" data-widget_type=\"heading.default\">\n\t\t\t\t<div class=\"elementor-widget-container\">\n\t\t\t\t\t<h2 class=\"elementor-heading-title elementor-size-default\">Votre premier pas dans le monde de la plong\u00e9e.\n<\/h2>\t\t\t\t<\/div>\n\t\t\t\t<\/div>\n\t\t\t\t<div class=\"elementor-element elementor-element-a6e459a elementor-widget elementor-widget-text-editor\" data-id=\"a6e459a\" data-element_type=\"widget\" data-e-type=\"widget\" data-widget_type=\"text-editor.default\">\n\t\t\t\t<div class=\"elementor-widget-container\">\n\t\t\t\t\t\t\t\t\t<div class=\"section-list\"><p>\u00a0<\/p><h3>Aper\u00e7u du programme :<\/h3><p>Le bapt\u00eame de plong\u00e9e SSI est votre premi\u00e8re exp\u00e9rience de plong\u00e9e. Ce sera votre premi\u00e8re exp\u00e9rience sous-marine, mais certainement pas la derni\u00e8re.<\/p><p>Nous vous pr\u00e9senterons l&rsquo;\u00e9quipement de plong\u00e9e, les r\u00e8gles de base de la plong\u00e9e sous-marine, ainsi que certains protocoles et signaux manuels. Apr\u00e8s cette initiation, vous effectuerez une plong\u00e9e en eau tr\u00e8s peu profonde. Vous apprendrez \u00e0 vous d\u00e9placer et \u00e0 utiliser votre \u00e9quipement dans des conditions calmes et faciles.<\/p><p>Une fois acclimat\u00e9s, nous poursuivrons notre immersion dans des eaux un peu plus profondes, mais sans exc\u00e8s. Les baies des environs sont facilement accessibles et regorgent de vie\u00a0: bancs de poissons de r\u00e9cif, barracudas, anges de mer, raies et nudibranches.<\/p><h3>Dur\u00e9e:<\/h3><ul><li>2 heures<\/li><\/ul><h3>Comprend :<\/h3><ul><li style=\"list-style-type: none;\"><ul><li>Location de mat\u00e9riel<\/li><li>Mat\u00e9riaux num\u00e9riques<\/li><li>Assurance plong\u00e9e<\/li><li>Reconnaissance SSI Try Scuba<\/li><\/ul><\/li><\/ul><h3>Exigences:<\/h3><ul><li>Capacit\u00e9s de base en natation<\/li><li>Minimum 8 ans<\/li><\/ul><h3>Ne comprend pas :<\/h3><ul><li>Photos sous-marines (location d&rsquo;appareil photo disponible sur demande)<\/li><\/ul><h3>Autres cours qui pourraient vous int\u00e9resser :<\/h3><ul><li><a href=\"https:\/\/calerodiving.com\/fr\/plongeur-debutant\/\">Basic Diver<\/a><\/li><li><a href=\"https:\/\/calerodiving.com\/ssi-open-water-diver\/\">Open Water Diver<\/a><\/li><\/ul><\/div>\t\t\t\t\t\t\t\t<\/div>\n\t\t\t\t<\/div>\n\t\t\t\t<\/div>\n\t\t\t\t<\/div>\n\t\t<div class=\"elementor-element elementor-element-b30fb1a e-con-full e-flex e-con e-child\" data-id=\"b30fb1a\" data-element_type=\"container\" data-e-type=\"container\">\n\t\t<div class=\"elementor-element elementor-element-b6364ee e-con-full course-sidebar-box e-flex e-con e-child\" data-id=\"b6364ee\" data-element_type=\"container\" data-e-type=\"container\" data-settings=\"{&quot;sticky&quot;:&quot;top&quot;,&quot;sticky_offset&quot;:110,&quot;sticky_effects_offset&quot;:130,&quot;sticky_parent&quot;:&quot;yes&quot;,&quot;sticky_on&quot;:[&quot;desktop&quot;,&quot;tablet&quot;,&quot;mobile&quot;],&quot;sticky_anchor_link_offset&quot;:0}\">\n\t\t\t\t<div class=\"elementor-element elementor-element-d578bfa elementor-widget elementor-widget-text-editor\" data-id=\"d578bfa\" data-element_type=\"widget\" data-e-type=\"widget\" data-widget_type=\"text-editor.default\">\n\t\t\t\t<div class=\"elementor-widget-container\">\n\t\t\t\t\t\t\t\t\t<div class=\"courses-info\"><h6 class=\"no-margin\">Dur\u00e9e:<\/h6><p class=\"no-margin\">cours de 2 heures<\/p><\/div><div class=\"courses-info\"><h6 class=\"no-margin\">Prix:<\/h6><p class=\"no-margin\">\u00c0 partir de 95 \u20ac<\/p><\/div>\t\t\t\t\t\t\t\t<\/div>\n\t\t\t\t<\/div>\n\t\t\t\t<div class=\"elementor-element elementor-element-7038662 elementor-mobile-align-center elementor-widget elementor-widget-button\" data-id=\"7038662\" data-element_type=\"widget\" data-e-type=\"widget\" data-widget_type=\"button.default\">\n\t\t\t\t<div class=\"elementor-widget-container\">\n\t\t\t\t\t\t\t\t\t<div class=\"elementor-button-wrapper\">\n\t\t\t\t\t<a class=\"elementor-button elementor-button-link elementor-size-sm\" href=\"https:\/\/bukyapp.com\/booking?mode=pack&#038;product=621912b69a1bbf005fa0c479&#038;lang=en&#038;_gl=1*znso1s*_ga*ODU1MDM5OTIuMTc0MTE5MTcyMQ..*_ga_4WWMT2EY3C*czE3NTIxMzc4NTkkbzU4JGcxJHQxNzUyMTM5NTQyJGo1OSRsMCRoMA..\" target=\"_blank\">\n\t\t\t\t\t\t<span class=\"elementor-button-content-wrapper\">\n\t\t\t\t\t\t\t\t\t<span class=\"elementor-button-text\">R\u00e9server le cours<\/span>\n\t\t\t\t\t<\/span>\n\t\t\t\t\t<\/a>\n\t\t\t\t<\/div>\n\t\t\t\t\t\t\t\t<\/div>\n\t\t\t\t<\/div>\n\t\t\t\t<\/div>\n\t\t\t\t<\/div>\n\t\t\t\t\t<\/div>\n\t\t\t\t<\/div>\n\t\t\t\t<\/div>\n\t\t","protected":false},"excerpt":{"rendered":"<p>essayer la plong\u00e9e sous-marine Essayez la plong\u00e9e sous-marine Votre premier pas dans le monde de la plong\u00e9e. \u00a0 Aper\u00e7u du programme : Le bapt\u00eame de plong\u00e9e SSI est votre premi\u00e8re exp\u00e9rience de plong\u00e9e. Ce sera votre premi\u00e8re exp\u00e9rience sous-marine, mais certainement pas la derni\u00e8re. Nous vous pr\u00e9senterons l&rsquo;\u00e9quipement de plong\u00e9e, les r\u00e8gles de base de [&hellip;]<\/p>\n","protected":false},"author":10,"featured_media":0,"parent":0,"menu_order":0,"comment_status":"closed","ping_status":"closed","template":"","meta":{"_acf_changed":false,"footnotes":""},"class_list":["post-24892","page","type-page","status-publish","hentry"],"acf":[],"yoast_head":"<!-- This site is optimized with the Yoast SEO plugin v27.5 - https:\/\/yoast.com\/product\/yoast-seo-wordpress\/ -->\n<title>Essayez la plong\u00e9e sous-marine | Calero Diving Lanzarote<\/title>\n<meta name=\"robots\" content=\"index, follow, max-snippet:-1, max-image-preview:large, max-video-preview:-1\" \/>\n<link rel=\"canonical\" href=\"https:\/\/calerodiving.com\/try-scuba-diving\/\" \/>\n<meta property=\"og:locale\" content=\"fr_FR\" \/>\n<meta property=\"og:type\" content=\"article\" \/>\n<meta property=\"og:title\" content=\"Essayez la plong\u00e9e sous-marine | Calero Diving Lanzarote\" \/>\n<meta property=\"og:description\" content=\"essayer la plong\u00e9e sous-marine Essayez la plong\u00e9e sous-marine Votre premier pas dans le monde de la plong\u00e9e. \u00a0 Aper\u00e7u du programme : Le bapt\u00eame de plong\u00e9e SSI est votre premi\u00e8re exp\u00e9rience de plong\u00e9e. Ce sera votre premi\u00e8re exp\u00e9rience sous-marine, mais certainement pas la derni\u00e8re. Nous vous pr\u00e9senterons l&rsquo;\u00e9quipement de plong\u00e9e, les r\u00e8gles de base de [&hellip;]\" \/>\n<meta property=\"og:url\" content=\"https:\/\/calerodiving.com\/try-scuba-diving\/\" \/>\n<meta property=\"og:site_name\" content=\"Calero Diving Lanzarote\" \/>\n<meta property=\"article:publisher\" content=\"https:\/\/www.facebook.com\/calerodiving\/\" \/>\n<meta property=\"article:modified_time\" content=\"2026-04-20T09:07:50+00:00\" \/>\n<meta property=\"og:image\" content=\"https:\/\/calerodiving.com\/wp-content\/uploads\/2025\/06\/Flamingo.jpeg\" \/>\n\t<meta property=\"og:image:width\" content=\"1732\" \/>\n\t<meta property=\"og:image:height\" content=\"1155\" \/>\n\t<meta property=\"og:image:type\" content=\"image\/jpeg\" \/>\n<meta name=\"twitter:card\" content=\"summary_large_image\" \/>\n<meta name=\"twitter:label1\" content=\"Dur\u00e9e de lecture estim\u00e9e\" \/>\n\t<meta name=\"twitter:data1\" content=\"2 minutes\" \/>\n<script type=\"application\/ld+json\" class=\"yoast-schema-graph\">{\"@context\":\"https:\\\/\\\/schema.org\",\"@graph\":[{\"@type\":\"WebPage\",\"@id\":\"https:\\\/\\\/calerodiving.com\\\/try-scuba-diving\\\/\",\"url\":\"https:\\\/\\\/calerodiving.com\\\/try-scuba-diving\\\/\",\"name\":\"Essayez la plong\u00e9e sous-marine | Calero Diving Lanzarote\",\"isPartOf\":{\"@id\":\"https:\\\/\\\/calerodiving.com\\\/#website\"},\"primaryImageOfPage\":{\"@id\":\"https:\\\/\\\/calerodiving.com\\\/try-scuba-diving\\\/#primaryimage\"},\"image\":{\"@id\":\"https:\\\/\\\/calerodiving.com\\\/try-scuba-diving\\\/#primaryimage\"},\"thumbnailUrl\":\"https:\\\/\\\/calerodiving.com\\\/wp-content\\\/uploads\\\/2025\\\/06\\\/Flamingo-1030x687.jpeg\",\"datePublished\":\"2025-09-01T12:29:11+00:00\",\"dateModified\":\"2026-04-20T09:07:50+00:00\",\"breadcrumb\":{\"@id\":\"https:\\\/\\\/calerodiving.com\\\/try-scuba-diving\\\/#breadcrumb\"},\"inLanguage\":\"fr-FR\",\"potentialAction\":[{\"@type\":\"ReadAction\",\"target\":[\"https:\\\/\\\/calerodiving.com\\\/try-scuba-diving\\\/\"]}]},{\"@type\":\"ImageObject\",\"inLanguage\":\"fr-FR\",\"@id\":\"https:\\\/\\\/calerodiving.com\\\/try-scuba-diving\\\/#primaryimage\",\"url\":\"https:\\\/\\\/calerodiving.com\\\/wp-content\\\/uploads\\\/2025\\\/06\\\/Flamingo-1030x687.jpeg\",\"contentUrl\":\"https:\\\/\\\/calerodiving.com\\\/wp-content\\\/uploads\\\/2025\\\/06\\\/Flamingo-1030x687.jpeg\"},{\"@type\":\"BreadcrumbList\",\"@id\":\"https:\\\/\\\/calerodiving.com\\\/try-scuba-diving\\\/#breadcrumb\",\"itemListElement\":[{\"@type\":\"ListItem\",\"position\":1,\"name\":\"Home\",\"item\":\"https:\\\/\\\/calerodiving.com\\\/es\\\/\"},{\"@type\":\"ListItem\",\"position\":2,\"name\":\"Essayez la plong\u00e9e sous-marine\"}]},{\"@type\":\"WebSite\",\"@id\":\"https:\\\/\\\/calerodiving.com\\\/#website\",\"url\":\"https:\\\/\\\/calerodiving.com\\\/\",\"name\":\"Calero Diving Lanzarote\",\"description\":\"Dive Center - Marina Puerto Calero Lanzarote\",\"publisher\":{\"@id\":\"https:\\\/\\\/calerodiving.com\\\/#organization\"},\"alternateName\":\"Calero Diving\",\"potentialAction\":[{\"@type\":\"SearchAction\",\"target\":{\"@type\":\"EntryPoint\",\"urlTemplate\":\"https:\\\/\\\/calerodiving.com\\\/?s={search_term_string}\"},\"query-input\":{\"@type\":\"PropertyValueSpecification\",\"valueRequired\":true,\"valueName\":\"search_term_string\"}}],\"inLanguage\":\"fr-FR\"},{\"@type\":\"Organization\",\"@id\":\"https:\\\/\\\/calerodiving.com\\\/#organization\",\"name\":\"Calero Diving Lanzarote\",\"alternateName\":\"Calero Diving\",\"url\":\"https:\\\/\\\/calerodiving.com\\\/\",\"logo\":{\"@type\":\"ImageObject\",\"inLanguage\":\"fr-FR\",\"@id\":\"https:\\\/\\\/calerodiving.com\\\/#\\\/schema\\\/logo\\\/image\\\/\",\"url\":\"https:\\\/\\\/calerodiving.com\\\/wp-content\\\/uploads\\\/2025\\\/05\\\/Grupo.png\",\"contentUrl\":\"https:\\\/\\\/calerodiving.com\\\/wp-content\\\/uploads\\\/2025\\\/05\\\/Grupo.png\",\"width\":499,\"height\":590,\"caption\":\"Calero Diving Lanzarote\"},\"image\":{\"@id\":\"https:\\\/\\\/calerodiving.com\\\/#\\\/schema\\\/logo\\\/image\\\/\"},\"sameAs\":[\"https:\\\/\\\/www.facebook.com\\\/calerodiving\\\/\",\"https:\\\/\\\/www.instagram.com\\\/calerodiving\\\/\"]}]}<\/script>\n<!-- \/ Yoast SEO plugin. -->","yoast_head_json":{"title":"Essayez la plong\u00e9e sous-marine | Calero Diving Lanzarote","robots":{"index":"index","follow":"follow","max-snippet":"max-snippet:-1","max-image-preview":"max-image-preview:large","max-video-preview":"max-video-preview:-1"},"canonical":"https:\/\/calerodiving.com\/try-scuba-diving\/","og_locale":"fr_FR","og_type":"article","og_title":"Essayez la plong\u00e9e sous-marine | Calero Diving Lanzarote","og_description":"essayer la plong\u00e9e sous-marine Essayez la plong\u00e9e sous-marine Votre premier pas dans le monde de la plong\u00e9e. \u00a0 Aper\u00e7u du programme : Le bapt\u00eame de plong\u00e9e SSI est votre premi\u00e8re exp\u00e9rience de plong\u00e9e. Ce sera votre premi\u00e8re exp\u00e9rience sous-marine, mais certainement pas la derni\u00e8re. Nous vous pr\u00e9senterons l&rsquo;\u00e9quipement de plong\u00e9e, les r\u00e8gles de base de [&hellip;]","og_url":"https:\/\/calerodiving.com\/try-scuba-diving\/","og_site_name":"Calero Diving Lanzarote","article_publisher":"https:\/\/www.facebook.com\/calerodiving\/","article_modified_time":"2026-04-20T09:07:50+00:00","og_image":[{"width":1732,"height":1155,"url":"https:\/\/calerodiving.com\/wp-content\/uploads\/2025\/06\/Flamingo.jpeg","type":"image\/jpeg"}],"twitter_card":"summary_large_image","twitter_misc":{"Dur\u00e9e de lecture estim\u00e9e":"2 minutes"},"schema":{"@context":"https:\/\/schema.org","@graph":[{"@type":"WebPage","@id":"https:\/\/calerodiving.com\/try-scuba-diving\/","url":"https:\/\/calerodiving.com\/try-scuba-diving\/","name":"Essayez la plong\u00e9e sous-marine | Calero Diving Lanzarote","isPartOf":{"@id":"https:\/\/calerodiving.com\/#website"},"primaryImageOfPage":{"@id":"https:\/\/calerodiving.com\/try-scuba-diving\/#primaryimage"},"image":{"@id":"https:\/\/calerodiving.com\/try-scuba-diving\/#primaryimage"},"thumbnailUrl":"https:\/\/calerodiving.com\/wp-content\/uploads\/2025\/06\/Flamingo-1030x687.jpeg","datePublished":"2025-09-01T12:29:11+00:00","dateModified":"2026-04-20T09:07:50+00:00","breadcrumb":{"@id":"https:\/\/calerodiving.com\/try-scuba-diving\/#breadcrumb"},"inLanguage":"fr-FR","potentialAction":[{"@type":"ReadAction","target":["https:\/\/calerodiving.com\/try-scuba-diving\/"]}]},{"@type":"ImageObject","inLanguage":"fr-FR","@id":"https:\/\/calerodiving.com\/try-scuba-diving\/#primaryimage","url":"https:\/\/calerodiving.com\/wp-content\/uploads\/2025\/06\/Flamingo-1030x687.jpeg","contentUrl":"https:\/\/calerodiving.com\/wp-content\/uploads\/2025\/06\/Flamingo-1030x687.jpeg"},{"@type":"BreadcrumbList","@id":"https:\/\/calerodiving.com\/try-scuba-diving\/#breadcrumb","itemListElement":[{"@type":"ListItem","position":1,"name":"Home","item":"https:\/\/calerodiving.com\/es\/"},{"@type":"ListItem","position":2,"name":"Essayez la plong\u00e9e sous-marine"}]},{"@type":"WebSite","@id":"https:\/\/calerodiving.com\/#website","url":"https:\/\/calerodiving.com\/","name":"Calero Diving Lanzarote","description":"Dive Center - Marina Puerto Calero Lanzarote","publisher":{"@id":"https:\/\/calerodiving.com\/#organization"},"alternateName":"Calero Diving","potentialAction":[{"@type":"SearchAction","target":{"@type":"EntryPoint","urlTemplate":"https:\/\/calerodiving.com\/?s={search_term_string}"},"query-input":{"@type":"PropertyValueSpecification","valueRequired":true,"valueName":"search_term_string"}}],"inLanguage":"fr-FR"},{"@type":"Organization","@id":"https:\/\/calerodiving.com\/#organization","name":"Calero Diving Lanzarote","alternateName":"Calero Diving","url":"https:\/\/calerodiving.com\/","logo":{"@type":"ImageObject","inLanguage":"fr-FR","@id":"https:\/\/calerodiving.com\/#\/schema\/logo\/image\/","url":"https:\/\/calerodiving.com\/wp-content\/uploads\/2025\/05\/Grupo.png","contentUrl":"https:\/\/calerodiving.com\/wp-content\/uploads\/2025\/05\/Grupo.png","width":499,"height":590,"caption":"Calero Diving Lanzarote"},"image":{"@id":"https:\/\/calerodiving.com\/#\/schema\/logo\/image\/"},"sameAs":["https:\/\/www.facebook.com\/calerodiving\/","https:\/\/www.instagram.com\/calerodiving\/"]}]}},"_links":{"self":[{"href":"https:\/\/calerodiving.com\/fr\/wp-json\/wp\/v2\/pages\/24892","targetHints":{"allow":["GET"]}}],"collection":[{"href":"https:\/\/calerodiving.com\/fr\/wp-json\/wp\/v2\/pages"}],"about":[{"href":"https:\/\/calerodiving.com\/fr\/wp-json\/wp\/v2\/types\/page"}],"author":[{"embeddable":true,"href":"https:\/\/calerodiving.com\/fr\/wp-json\/wp\/v2\/users\/10"}],"replies":[{"embeddable":true,"href":"https:\/\/calerodiving.com\/fr\/wp-json\/wp\/v2\/comments?post=24892"}],"version-history":[{"count":7,"href":"https:\/\/calerodiving.com\/fr\/wp-json\/wp\/v2\/pages\/24892\/revisions"}],"predecessor-version":[{"id":27784,"href":"https:\/\/calerodiving.com\/fr\/wp-json\/wp\/v2\/pages\/24892\/revisions\/27784"}],"wp:attachment":[{"href":"https:\/\/calerodiving.com\/fr\/wp-json\/wp\/v2\/media?parent=24892"}],"curies":[{"name":"wp","href":"https:\/\/api.w.org\/{rel}","templated":true}]}}