{"id":24877,"date":"2025-09-01T13:29:08","date_gmt":"2025-09-01T12:29:08","guid":{"rendered":"https:\/\/calerodiving.com\/vagues-marees-et-courants\/"},"modified":"2026-04-20T11:35:15","modified_gmt":"2026-04-20T10:35:15","slug":"waves-tides-currents","status":"publish","type":"page","link":"https:\/\/calerodiving.com\/fr\/waves-tides-currents\/","title":{"rendered":"Waves, Tides &#038; Currents"},"content":{"rendered":"\t\t<div data-elementor-type=\"wp-page\" data-elementor-id=\"24877\" class=\"elementor elementor-24877 elementor-20586\" data-elementor-post-type=\"page\">\n\t\t\t\t<div class=\"elementor-element elementor-element-7174e6c e-flex e-con-boxed e-con e-parent\" data-id=\"7174e6c\" data-element_type=\"container\" data-e-type=\"container\">\n\t\t\t\t\t<div class=\"e-con-inner\">\n\t\t<div class=\"elementor-element elementor-element-c694423 e-con-full e-flex e-con e-child\" data-id=\"c694423\" data-element_type=\"container\" data-e-type=\"container\">\n\t\t\t\t<div class=\"elementor-element elementor-element-0ceea77 elementor-widget elementor-widget-image\" data-id=\"0ceea77\" data-element_type=\"widget\" data-e-type=\"widget\" data-widget_type=\"image.default\">\n\t\t\t\t<div class=\"elementor-widget-container\">\n\t\t\t\t\t\t\t\t\t\t\t\t\t\t\t<img fetchpriority=\"high\" decoding=\"async\" width=\"350\" height=\"222\" src=\"https:\/\/calerodiving.com\/wp-content\/uploads\/2017\/10\/wave-tides.jpg\" class=\"attachment-large size-large wp-image-1989\" alt=\"\" srcset=\"https:\/\/calerodiving.com\/wp-content\/uploads\/2017\/10\/wave-tides.jpg 350w, https:\/\/calerodiving.com\/wp-content\/uploads\/2017\/10\/wave-tides-300x190.jpg 300w\" sizes=\"(max-width: 350px) 100vw, 350px\" \/>\t\t\t\t\t\t\t\t\t\t\t\t\t\t\t<\/div>\n\t\t\t\t<\/div>\n\t\t\t\t<\/div>\n\t\t<div class=\"elementor-element elementor-element-f5e94c7 e-con-full e-flex e-con e-child\" data-id=\"f5e94c7\" data-element_type=\"container\" data-e-type=\"container\">\n\t\t<div class=\"elementor-element elementor-element-30f2079 e-con-full e-flex e-con e-child\" data-id=\"30f2079\" data-element_type=\"container\" data-e-type=\"container\">\n\t\t\t\t<div class=\"elementor-element elementor-element-ee09d7d elementor-widget elementor-widget-html\" data-id=\"ee09d7d\" data-element_type=\"widget\" data-e-type=\"widget\" data-widget_type=\"html.default\">\n\t\t\t\t<div class=\"elementor-widget-container\">\n\t\t\t\t\t<a href=\"https:\/\/calerodiving.com\/fr\/cours-de-plongee-loisir\/#specialties\" class=\"tag-button\">sp\u00e9cialit\u00e9s<\/a>\n\t\t\t\t<\/div>\n\t\t\t\t<\/div>\n\t\t\t\t<div class=\"elementor-element elementor-element-fdcd70f elementor-widget elementor-widget-heading\" data-id=\"fdcd70f\" data-element_type=\"widget\" data-e-type=\"widget\" data-widget_type=\"heading.default\">\n\t\t\t\t<div class=\"elementor-widget-container\">\n\t\t\t\t\t<h2 class=\"elementor-heading-title elementor-size-default\">Waves, Tides &amp; Currents<\/h2>\t\t\t\t<\/div>\n\t\t\t\t<\/div>\n\t\t\t\t<\/div>\n\t\t\t\t<\/div>\n\t\t\t\t\t<\/div>\n\t\t\t\t<\/div>\n\t\t<div class=\"elementor-element elementor-element-bfdde21 e-flex e-con-boxed e-con e-parent\" data-id=\"bfdde21\" data-element_type=\"container\" data-e-type=\"container\">\n\t\t\t\t\t<div class=\"e-con-inner\">\n\t\t<div class=\"elementor-element elementor-element-9d53e2d e-con-full e-flex e-con e-child\" data-id=\"9d53e2d\" data-element_type=\"container\" data-e-type=\"container\">\n\t\t<div class=\"elementor-element elementor-element-7bf636b e-con-full e-flex e-con e-child\" data-id=\"7bf636b\" data-element_type=\"container\" data-e-type=\"container\">\n\t\t\t\t<div class=\"elementor-element elementor-element-6b7e651 elementor-widget elementor-widget-heading\" data-id=\"6b7e651\" data-element_type=\"widget\" data-e-type=\"widget\" data-widget_type=\"heading.default\">\n\t\t\t\t<div class=\"elementor-widget-container\">\n\t\t\t\t\t<h2 class=\"elementor-heading-title elementor-size-default\">Comment plonger quand il y a un fort courant !<\/h2>\t\t\t\t<\/div>\n\t\t\t\t<\/div>\n\t\t\t\t<div class=\"elementor-element elementor-element-df3f0f9 elementor-widget elementor-widget-text-editor\" data-id=\"df3f0f9\" data-element_type=\"widget\" data-e-type=\"widget\" data-widget_type=\"text-editor.default\">\n\t\t\t\t<div class=\"elementor-widget-container\">\n\t\t\t\t\t\t\t\t\t<div class=\"section-list\">\n<h3>Aper\u00e7u du programme :<\/h3>\nLes conditions calmes sont toujours appr\u00e9ciables, mais un bon plongeur doit aussi savoir s\u2019adapter lorsque la mer bouge. La sp\u00e9cialit\u00e9 SSI Waves, Tides &amp; Currents t\u2019aide \u00e0 comprendre comment les vagues, les mar\u00e9es et les courants influencent la planification de la plong\u00e9e, les mises \u00e0 l\u2019eau, les sorties et la navigation sous l\u2019eau.\n\nTu apprendras \u00e0 mieux \u00e9valuer les conditions, \u00e0 planifier des plong\u00e9es du bord plus s\u00fbres, \u00e0 comprendre comment les mar\u00e9es peuvent modifier un site de plong\u00e9e et \u00e0 \u00e9voluer avec plus d\u2019assurance dans l\u2019eau en mouvement, que ce soit pour revenir \u00e0 un point de sortie fixe ou pour te laisser porter par le courant.\n<h3>Standards de formation<\/h3>\n<ul>\n \t<li>Session th\u00e9orique : 1 module th\u00e9orique<\/li>\n \t<li>Plong\u00e9es en milieu naturel : 2<\/li>\n \t\n<\/ul>\n<h3>Dur\u00e9e<\/h3>\n<ul>\n \t<li>cours d\u2019une journ\u00e9e<\/li>\n<\/ul>\n<h3>Conditions requises<\/h3>\n<ul>\n \t<li>avoir au moins 12 ans et une certification Open Water Diver ou \u00e9quivalente<\/li>\n<\/ul>\n<h3>Autres cours susceptibles de t\u2019int\u00e9resser<\/h3>\n<ul>\n \t<li>Perfect Buoyancy<\/li>\n \t<li>Navigation<\/li>\n \t<li>Search &amp; Recovery<\/li>\n<\/ul>\n<\/div>\t\t\t\t\t\t\t\t<\/div>\n\t\t\t\t<\/div>\n\t\t\t\t<\/div>\n\t\t\t\t<\/div>\n\t\t<div class=\"elementor-element elementor-element-5b62a3d e-con-full e-flex e-con e-child\" data-id=\"5b62a3d\" data-element_type=\"container\" data-e-type=\"container\">\n\t\t<div class=\"elementor-element elementor-element-3770a36 e-con-full course-sidebar-box e-flex e-con e-child\" data-id=\"3770a36\" data-element_type=\"container\" data-e-type=\"container\" data-settings=\"{&quot;sticky&quot;:&quot;top&quot;,&quot;sticky_offset&quot;:110,&quot;sticky_effects_offset&quot;:130,&quot;sticky_parent&quot;:&quot;yes&quot;,&quot;sticky_on&quot;:[&quot;desktop&quot;,&quot;tablet&quot;,&quot;mobile&quot;],&quot;sticky_anchor_link_offset&quot;:0}\">\n\t\t\t\t<div class=\"elementor-element elementor-element-3545dff elementor-widget elementor-widget-text-editor\" data-id=\"3545dff\" data-element_type=\"widget\" data-e-type=\"widget\" data-widget_type=\"text-editor.default\">\n\t\t\t\t<div class=\"elementor-widget-container\">\n\t\t\t\t\t\t\t\t\t<div class=\"courses-info\"><h6 class=\"no-margin\">Dur\u00e9e:<\/h6><p class=\"no-margin\">1 Jour<\/p><\/div><div class=\"courses-info\"><h6 class=\"no-margin\">Prix:<\/h6><p class=\"no-margin\">\u00c0 partir de 250 \u20ac<\/p><\/div>\t\t\t\t\t\t\t\t<\/div>\n\t\t\t\t<\/div>\n\t\t\t\t<div class=\"elementor-element elementor-element-f2bf6ae elementor-mobile-align-center elementor-widget elementor-widget-button\" data-id=\"f2bf6ae\" data-element_type=\"widget\" data-e-type=\"widget\" data-widget_type=\"button.default\">\n\t\t\t\t<div class=\"elementor-widget-container\">\n\t\t\t\t\t\t\t\t\t<div class=\"elementor-button-wrapper\">\n\t\t\t\t\t<a class=\"elementor-button elementor-button-link elementor-size-sm\" href=\"https:\/\/bukyapp.com\/booking?mode=pack&#038;product=622237f74db01a005f511a54&#038;lang=fr&#038;_gl=1*r62tig*_ga*ODU1MDM5OTIuMTc0MTE5MTcyMQ..*_ga_4WWMT2EY3C*czE3NTI0ODk3MzckbzY0JGcxJHQxNzUyNDkwNzk2JGo2MCRsMCRoMA..\" target=\"_blank\">\n\t\t\t\t\t\t<span class=\"elementor-button-content-wrapper\">\n\t\t\t\t\t\t\t\t\t<span class=\"elementor-button-text\">R\u00e9server le cours<\/span>\n\t\t\t\t\t<\/span>\n\t\t\t\t\t<\/a>\n\t\t\t\t<\/div>\n\t\t\t\t\t\t\t\t<\/div>\n\t\t\t\t<\/div>\n\t\t\t\t<\/div>\n\t\t\t\t<\/div>\n\t\t\t\t\t<\/div>\n\t\t\t\t<\/div>\n\t\t\t\t<\/div>\n\t\t","protected":false},"excerpt":{"rendered":"<p>sp\u00e9cialit\u00e9s Waves, Tides &amp; Currents Comment plonger quand il y a un fort courant ! Aper\u00e7u du programme : Les conditions calmes sont toujours appr\u00e9ciables, mais un bon plongeur doit aussi savoir s\u2019adapter lorsque la mer bouge. La sp\u00e9cialit\u00e9 SSI Waves, Tides &amp; Currents t\u2019aide \u00e0 comprendre comment les vagues, les mar\u00e9es et les courants [&hellip;]<\/p>\n","protected":false},"author":10,"featured_media":0,"parent":0,"menu_order":0,"comment_status":"closed","ping_status":"closed","template":"","meta":{"_acf_changed":false,"footnotes":""},"class_list":["post-24877","page","type-page","status-publish","hentry"],"acf":[],"yoast_head":"<!-- This site is optimized with the Yoast SEO plugin v27.5 - https:\/\/yoast.com\/product\/yoast-seo-wordpress\/ -->\n<title>Waves, Tides &amp; Currents | Calero Diving Lanzarote<\/title>\n<meta name=\"robots\" content=\"index, follow, max-snippet:-1, max-image-preview:large, max-video-preview:-1\" \/>\n<link rel=\"canonical\" href=\"https:\/\/calerodiving.com\/waves-tides-currents\/\" \/>\n<meta property=\"og:locale\" content=\"fr_FR\" \/>\n<meta property=\"og:type\" content=\"article\" \/>\n<meta property=\"og:title\" content=\"Waves, Tides &amp; Currents | Calero Diving Lanzarote\" \/>\n<meta property=\"og:description\" content=\"sp\u00e9cialit\u00e9s Waves, Tides &amp; Currents Comment plonger quand il y a un fort courant ! Aper\u00e7u du programme : Les conditions calmes sont toujours appr\u00e9ciables, mais un bon plongeur doit aussi savoir s\u2019adapter lorsque la mer bouge. La sp\u00e9cialit\u00e9 SSI Waves, Tides &amp; Currents t\u2019aide \u00e0 comprendre comment les vagues, les mar\u00e9es et les courants [&hellip;]\" \/>\n<meta property=\"og:url\" content=\"https:\/\/calerodiving.com\/waves-tides-currents\/\" \/>\n<meta property=\"og:site_name\" content=\"Calero Diving Lanzarote\" \/>\n<meta property=\"article:publisher\" content=\"https:\/\/www.facebook.com\/calerodiving\/\" \/>\n<meta property=\"article:modified_time\" content=\"2026-04-20T10:35:15+00:00\" \/>\n<meta property=\"og:image\" content=\"https:\/\/calerodiving.com\/wp-content\/uploads\/2017\/10\/wave-tides.jpg\" \/>\n\t<meta property=\"og:image:width\" content=\"350\" \/>\n\t<meta property=\"og:image:height\" content=\"222\" \/>\n\t<meta property=\"og:image:type\" content=\"image\/jpeg\" \/>\n<meta name=\"twitter:card\" content=\"summary_large_image\" \/>\n<meta name=\"twitter:label1\" content=\"Dur\u00e9e de lecture estim\u00e9e\" \/>\n\t<meta name=\"twitter:data1\" content=\"2 minutes\" \/>\n<script type=\"application\/ld+json\" class=\"yoast-schema-graph\">{\"@context\":\"https:\\\/\\\/schema.org\",\"@graph\":[{\"@type\":\"WebPage\",\"@id\":\"https:\\\/\\\/calerodiving.com\\\/waves-tides-currents\\\/\",\"url\":\"https:\\\/\\\/calerodiving.com\\\/waves-tides-currents\\\/\",\"name\":\"Waves, Tides & Currents | Calero Diving Lanzarote\",\"isPartOf\":{\"@id\":\"https:\\\/\\\/calerodiving.com\\\/#website\"},\"primaryImageOfPage\":{\"@id\":\"https:\\\/\\\/calerodiving.com\\\/waves-tides-currents\\\/#primaryimage\"},\"image\":{\"@id\":\"https:\\\/\\\/calerodiving.com\\\/waves-tides-currents\\\/#primaryimage\"},\"thumbnailUrl\":\"https:\\\/\\\/calerodiving.com\\\/wp-content\\\/uploads\\\/2017\\\/10\\\/wave-tides.jpg\",\"datePublished\":\"2025-09-01T12:29:08+00:00\",\"dateModified\":\"2026-04-20T10:35:15+00:00\",\"breadcrumb\":{\"@id\":\"https:\\\/\\\/calerodiving.com\\\/waves-tides-currents\\\/#breadcrumb\"},\"inLanguage\":\"fr-FR\",\"potentialAction\":[{\"@type\":\"ReadAction\",\"target\":[\"https:\\\/\\\/calerodiving.com\\\/waves-tides-currents\\\/\"]}]},{\"@type\":\"ImageObject\",\"inLanguage\":\"fr-FR\",\"@id\":\"https:\\\/\\\/calerodiving.com\\\/waves-tides-currents\\\/#primaryimage\",\"url\":\"https:\\\/\\\/calerodiving.com\\\/wp-content\\\/uploads\\\/2017\\\/10\\\/wave-tides.jpg\",\"contentUrl\":\"https:\\\/\\\/calerodiving.com\\\/wp-content\\\/uploads\\\/2017\\\/10\\\/wave-tides.jpg\"},{\"@type\":\"BreadcrumbList\",\"@id\":\"https:\\\/\\\/calerodiving.com\\\/waves-tides-currents\\\/#breadcrumb\",\"itemListElement\":[{\"@type\":\"ListItem\",\"position\":1,\"name\":\"Home\",\"item\":\"https:\\\/\\\/calerodiving.com\\\/es\\\/\"},{\"@type\":\"ListItem\",\"position\":2,\"name\":\"Waves, Tides &#038; Currents\"}]},{\"@type\":\"WebSite\",\"@id\":\"https:\\\/\\\/calerodiving.com\\\/#website\",\"url\":\"https:\\\/\\\/calerodiving.com\\\/\",\"name\":\"Calero Diving Lanzarote\",\"description\":\"Dive Center - Marina Puerto Calero Lanzarote\",\"publisher\":{\"@id\":\"https:\\\/\\\/calerodiving.com\\\/#organization\"},\"alternateName\":\"Calero Diving\",\"potentialAction\":[{\"@type\":\"SearchAction\",\"target\":{\"@type\":\"EntryPoint\",\"urlTemplate\":\"https:\\\/\\\/calerodiving.com\\\/?s={search_term_string}\"},\"query-input\":{\"@type\":\"PropertyValueSpecification\",\"valueRequired\":true,\"valueName\":\"search_term_string\"}}],\"inLanguage\":\"fr-FR\"},{\"@type\":\"Organization\",\"@id\":\"https:\\\/\\\/calerodiving.com\\\/#organization\",\"name\":\"Calero Diving Lanzarote\",\"alternateName\":\"Calero Diving\",\"url\":\"https:\\\/\\\/calerodiving.com\\\/\",\"logo\":{\"@type\":\"ImageObject\",\"inLanguage\":\"fr-FR\",\"@id\":\"https:\\\/\\\/calerodiving.com\\\/#\\\/schema\\\/logo\\\/image\\\/\",\"url\":\"https:\\\/\\\/calerodiving.com\\\/wp-content\\\/uploads\\\/2025\\\/05\\\/Grupo.png\",\"contentUrl\":\"https:\\\/\\\/calerodiving.com\\\/wp-content\\\/uploads\\\/2025\\\/05\\\/Grupo.png\",\"width\":499,\"height\":590,\"caption\":\"Calero Diving Lanzarote\"},\"image\":{\"@id\":\"https:\\\/\\\/calerodiving.com\\\/#\\\/schema\\\/logo\\\/image\\\/\"},\"sameAs\":[\"https:\\\/\\\/www.facebook.com\\\/calerodiving\\\/\",\"https:\\\/\\\/www.instagram.com\\\/calerodiving\\\/\"]}]}<\/script>\n<!-- \/ Yoast SEO plugin. -->","yoast_head_json":{"title":"Waves, Tides & Currents | Calero Diving Lanzarote","robots":{"index":"index","follow":"follow","max-snippet":"max-snippet:-1","max-image-preview":"max-image-preview:large","max-video-preview":"max-video-preview:-1"},"canonical":"https:\/\/calerodiving.com\/waves-tides-currents\/","og_locale":"fr_FR","og_type":"article","og_title":"Waves, Tides & Currents | Calero Diving Lanzarote","og_description":"sp\u00e9cialit\u00e9s Waves, Tides &amp; Currents Comment plonger quand il y a un fort courant ! Aper\u00e7u du programme : Les conditions calmes sont toujours appr\u00e9ciables, mais un bon plongeur doit aussi savoir s\u2019adapter lorsque la mer bouge. La sp\u00e9cialit\u00e9 SSI Waves, Tides &amp; Currents t\u2019aide \u00e0 comprendre comment les vagues, les mar\u00e9es et les courants [&hellip;]","og_url":"https:\/\/calerodiving.com\/waves-tides-currents\/","og_site_name":"Calero Diving Lanzarote","article_publisher":"https:\/\/www.facebook.com\/calerodiving\/","article_modified_time":"2026-04-20T10:35:15+00:00","og_image":[{"width":350,"height":222,"url":"https:\/\/calerodiving.com\/wp-content\/uploads\/2017\/10\/wave-tides.jpg","type":"image\/jpeg"}],"twitter_card":"summary_large_image","twitter_misc":{"Dur\u00e9e de lecture estim\u00e9e":"2 minutes"},"schema":{"@context":"https:\/\/schema.org","@graph":[{"@type":"WebPage","@id":"https:\/\/calerodiving.com\/waves-tides-currents\/","url":"https:\/\/calerodiving.com\/waves-tides-currents\/","name":"Waves, Tides & Currents | Calero Diving Lanzarote","isPartOf":{"@id":"https:\/\/calerodiving.com\/#website"},"primaryImageOfPage":{"@id":"https:\/\/calerodiving.com\/waves-tides-currents\/#primaryimage"},"image":{"@id":"https:\/\/calerodiving.com\/waves-tides-currents\/#primaryimage"},"thumbnailUrl":"https:\/\/calerodiving.com\/wp-content\/uploads\/2017\/10\/wave-tides.jpg","datePublished":"2025-09-01T12:29:08+00:00","dateModified":"2026-04-20T10:35:15+00:00","breadcrumb":{"@id":"https:\/\/calerodiving.com\/waves-tides-currents\/#breadcrumb"},"inLanguage":"fr-FR","potentialAction":[{"@type":"ReadAction","target":["https:\/\/calerodiving.com\/waves-tides-currents\/"]}]},{"@type":"ImageObject","inLanguage":"fr-FR","@id":"https:\/\/calerodiving.com\/waves-tides-currents\/#primaryimage","url":"https:\/\/calerodiving.com\/wp-content\/uploads\/2017\/10\/wave-tides.jpg","contentUrl":"https:\/\/calerodiving.com\/wp-content\/uploads\/2017\/10\/wave-tides.jpg"},{"@type":"BreadcrumbList","@id":"https:\/\/calerodiving.com\/waves-tides-currents\/#breadcrumb","itemListElement":[{"@type":"ListItem","position":1,"name":"Home","item":"https:\/\/calerodiving.com\/es\/"},{"@type":"ListItem","position":2,"name":"Waves, Tides &#038; Currents"}]},{"@type":"WebSite","@id":"https:\/\/calerodiving.com\/#website","url":"https:\/\/calerodiving.com\/","name":"Calero Diving Lanzarote","description":"Dive Center - Marina Puerto Calero Lanzarote","publisher":{"@id":"https:\/\/calerodiving.com\/#organization"},"alternateName":"Calero Diving","potentialAction":[{"@type":"SearchAction","target":{"@type":"EntryPoint","urlTemplate":"https:\/\/calerodiving.com\/?s={search_term_string}"},"query-input":{"@type":"PropertyValueSpecification","valueRequired":true,"valueName":"search_term_string"}}],"inLanguage":"fr-FR"},{"@type":"Organization","@id":"https:\/\/calerodiving.com\/#organization","name":"Calero Diving Lanzarote","alternateName":"Calero Diving","url":"https:\/\/calerodiving.com\/","logo":{"@type":"ImageObject","inLanguage":"fr-FR","@id":"https:\/\/calerodiving.com\/#\/schema\/logo\/image\/","url":"https:\/\/calerodiving.com\/wp-content\/uploads\/2025\/05\/Grupo.png","contentUrl":"https:\/\/calerodiving.com\/wp-content\/uploads\/2025\/05\/Grupo.png","width":499,"height":590,"caption":"Calero Diving Lanzarote"},"image":{"@id":"https:\/\/calerodiving.com\/#\/schema\/logo\/image\/"},"sameAs":["https:\/\/www.facebook.com\/calerodiving\/","https:\/\/www.instagram.com\/calerodiving\/"]}]}},"_links":{"self":[{"href":"https:\/\/calerodiving.com\/fr\/wp-json\/wp\/v2\/pages\/24877","targetHints":{"allow":["GET"]}}],"collection":[{"href":"https:\/\/calerodiving.com\/fr\/wp-json\/wp\/v2\/pages"}],"about":[{"href":"https:\/\/calerodiving.com\/fr\/wp-json\/wp\/v2\/types\/page"}],"author":[{"embeddable":true,"href":"https:\/\/calerodiving.com\/fr\/wp-json\/wp\/v2\/users\/10"}],"replies":[{"embeddable":true,"href":"https:\/\/calerodiving.com\/fr\/wp-json\/wp\/v2\/comments?post=24877"}],"version-history":[{"count":14,"href":"https:\/\/calerodiving.com\/fr\/wp-json\/wp\/v2\/pages\/24877\/revisions"}],"predecessor-version":[{"id":28092,"href":"https:\/\/calerodiving.com\/fr\/wp-json\/wp\/v2\/pages\/24877\/revisions\/28092"}],"wp:attachment":[{"href":"https:\/\/calerodiving.com\/fr\/wp-json\/wp\/v2\/media?parent=24877"}],"curies":[{"name":"wp","href":"https:\/\/api.w.org\/{rel}","templated":true}]}}