{"id":24861,"date":"2025-09-01T13:29:02","date_gmt":"2025-09-01T12:29:02","guid":{"rendered":"https:\/\/calerodiving.com\/epaves-de-quiquere\/"},"modified":"2026-04-20T15:02:31","modified_gmt":"2026-04-20T14:02:31","slug":"epaves-de-quiquere","status":"publish","type":"page","link":"https:\/\/calerodiving.com\/fr\/epaves-de-quiquere\/","title":{"rendered":"\u00c9paves de Quiquere"},"content":{"rendered":"\t\t<div data-elementor-type=\"wp-page\" data-elementor-id=\"24861\" class=\"elementor elementor-24861 elementor-19947\" data-elementor-post-type=\"page\">\n\t\t\t\t<div class=\"elementor-element elementor-element-f451853 e-flex e-con-boxed e-con e-parent\" data-id=\"f451853\" data-element_type=\"container\" data-e-type=\"container\">\n\t\t\t\t\t<div class=\"e-con-inner\">\n\t\t<div class=\"elementor-element elementor-element-9255ece e-con-full e-flex e-con e-child\" data-id=\"9255ece\" data-element_type=\"container\" data-e-type=\"container\">\n\t\t<div class=\"elementor-element elementor-element-18849cf e-con-full e-flex e-con e-child\" data-id=\"18849cf\" data-element_type=\"container\" data-e-type=\"container\">\n\t\t\t\t<div class=\"elementor-element elementor-element-074c091 elementor-widget elementor-widget-heading\" data-id=\"074c091\" data-element_type=\"widget\" data-e-type=\"widget\" data-widget_type=\"heading.default\">\n\t\t\t\t<div class=\"elementor-widget-container\">\n\t\t\t\t\t<h2 class=\"elementor-heading-title elementor-size-default\">Quiquere Wrecks<\/h2>\t\t\t\t<\/div>\n\t\t\t\t<\/div>\n\t\t\t\t<\/div>\n\t\t\t\t<\/div>\n\t\t\t\t\t<\/div>\n\t\t\t\t<\/div>\n\t\t<div class=\"elementor-element elementor-element-d13ad63 e-flex e-con-boxed e-con e-parent\" data-id=\"d13ad63\" data-element_type=\"container\" data-e-type=\"container\">\n\t\t\t\t\t<div class=\"e-con-inner\">\n\t\t<div class=\"elementor-element elementor-element-96101f1 e-con-full e-flex e-con e-child\" data-id=\"96101f1\" data-element_type=\"container\" data-e-type=\"container\">\n\t\t<div class=\"elementor-element elementor-element-2a7670d e-con-full e-flex e-con e-child\" data-id=\"2a7670d\" data-element_type=\"container\" data-e-type=\"container\">\n\t\t\t\t<div class=\"elementor-element elementor-element-d43fbed elementor-widget elementor-widget-image\" data-id=\"d43fbed\" data-element_type=\"widget\" data-e-type=\"widget\" data-widget_type=\"image.default\">\n\t\t\t\t<div class=\"elementor-widget-container\">\n\t\t\t\t\t\t\t\t\t\t\t\t\t\t\t<img fetchpriority=\"high\" decoding=\"async\" width=\"800\" height=\"449\" src=\"https:\/\/calerodiving.com\/wp-content\/uploads\/2017\/11\/quiquere-1030x578.jpg\" class=\"attachment-large size-large wp-image-3873\" alt=\"\" srcset=\"https:\/\/calerodiving.com\/wp-content\/uploads\/2017\/11\/quiquere-1030x578.jpg 1030w, https:\/\/calerodiving.com\/wp-content\/uploads\/2017\/11\/quiquere-300x168.jpg 300w, https:\/\/calerodiving.com\/wp-content\/uploads\/2017\/11\/quiquere-768x431.jpg 768w, https:\/\/calerodiving.com\/wp-content\/uploads\/2017\/11\/quiquere-705x396.jpg 705w, https:\/\/calerodiving.com\/wp-content\/uploads\/2017\/11\/quiquere-450x253.jpg 450w, https:\/\/calerodiving.com\/wp-content\/uploads\/2017\/11\/quiquere.jpg 1060w\" sizes=\"(max-width: 800px) 100vw, 800px\" \/>\t\t\t\t\t\t\t\t\t\t\t\t\t\t\t<\/div>\n\t\t\t\t<\/div>\n\t\t\t\t<div class=\"elementor-element elementor-element-5706155 elementor-widget elementor-widget-text-editor\" data-id=\"5706155\" data-element_type=\"widget\" data-e-type=\"widget\" data-widget_type=\"text-editor.default\">\n\t\t\t\t<div class=\"elementor-widget-container\">\n\t\t\t\t\t\t\t\t\t<p data-start=\"3181\" data-end=\"3321\">Juste \u00e0 l\u2019ext\u00e9rieur de l\u2019ancien port de Puerto del Carmen se trouvent plusieurs petites \u00e9paves qui offrent une plong\u00e9e vari\u00e9e et captivante.<\/p><p data-start=\"3323\" data-end=\"3503\">L\u2019\u00e9pave la mieux conserv\u00e9e est particuli\u00e8rement originale : lors de la construction de la nouvelle digue du port, l\u2019\u00e9pave d\u2019un ancien bateau de p\u00eache a \u00e9t\u00e9 int\u00e9gr\u00e9e \u00e0 la structure.<\/p><p data-start=\"3505\" data-end=\"3621\">L\u2019\u00e9pave repose sur le r\u00e9cif \u00e0 environ 18 m\u00e8tres de profondeur et reste accessible \u00e0 de nombreux plongeurs certifi\u00e9s.<\/p><p data-start=\"3623\" data-end=\"3722\">Sous le r\u00e9cif, vers 30 m\u00e8tres de profondeur, on trouve les restes de plusieurs autres embarcations.<\/p><p data-start=\"3724\" data-end=\"3844\">Cet ensemble d\u2019\u00e9paves cr\u00e9e une zone de plong\u00e9e fascinante pour les plongeurs qui aiment explorer l\u2019histoire sous-marine.<\/p><p data-start=\"3846\" data-end=\"3982\">Pour les plongeurs plus exp\u00e9riment\u00e9s, les diff\u00e9rentes zones peuvent \u00eatre combin\u00e9es pour une plong\u00e9e particuli\u00e8rement compl\u00e8te et vari\u00e9e.<\/p><p data-start=\"3984\" data-end=\"4191\">Pour les v\u00e9ritables passionn\u00e9s d\u2019\u00e9paves, il est \u00e9galement possible d\u2019organiser une journ\u00e9e compl\u00e8te de plong\u00e9e incluant les deux \u00e9paves Kikiri au large de Puerto Calero ainsi que celles de Puerto del Carmen.<\/p>\t\t\t\t\t\t\t\t<\/div>\n\t\t\t\t<\/div>\n\t\t\t\t<\/div>\n\t\t\t\t<\/div>\n\t\t<div class=\"elementor-element elementor-element-025cc10 e-con-full e-flex e-con e-child\" data-id=\"025cc10\" data-element_type=\"container\" data-e-type=\"container\">\n\t\t<div class=\"elementor-element elementor-element-2c4a96f e-con-full course-sidebar-box e-flex e-con e-child\" data-id=\"2c4a96f\" data-element_type=\"container\" data-e-type=\"container\" data-settings=\"{&quot;sticky&quot;:&quot;top&quot;,&quot;sticky_offset&quot;:110,&quot;sticky_effects_offset&quot;:130,&quot;sticky_parent&quot;:&quot;yes&quot;,&quot;sticky_on&quot;:[&quot;desktop&quot;,&quot;tablet&quot;,&quot;mobile&quot;],&quot;sticky_anchor_link_offset&quot;:0}\">\n\t\t\t\t<div class=\"elementor-element elementor-element-db90097 elementor-widget elementor-widget-image\" data-id=\"db90097\" data-element_type=\"widget\" data-e-type=\"widget\" data-widget_type=\"image.default\">\n\t\t\t\t<div class=\"elementor-widget-container\">\n\t\t\t\t\t\t\t\t\t\t\t\t\t\t\t<img decoding=\"async\" width=\"408\" height=\"418\" src=\"https:\/\/calerodiving.com\/wp-content\/uploads\/2025\/07\/Quiquere-Wrecks-QR.png\" class=\"attachment-large size-large wp-image-21818\" alt=\"\" srcset=\"https:\/\/calerodiving.com\/wp-content\/uploads\/2025\/07\/Quiquere-Wrecks-QR.png 408w, https:\/\/calerodiving.com\/wp-content\/uploads\/2025\/07\/Quiquere-Wrecks-QR-293x300.png 293w\" sizes=\"(max-width: 408px) 100vw, 408px\" \/>\t\t\t\t\t\t\t\t\t\t\t\t\t\t\t<\/div>\n\t\t\t\t<\/div>\n\t\t\t\t<div class=\"elementor-element elementor-element-a174ad1 elementor-widget elementor-widget-text-editor\" data-id=\"a174ad1\" data-element_type=\"widget\" data-e-type=\"widget\" data-widget_type=\"text-editor.default\">\n\t\t\t\t<div class=\"elementor-widget-container\">\n\t\t\t\t\t\t\t\t\t<div class=\"courses-info\">\n<p style=\"margin: 0 0 10px;\"><span style=\"color: #ffffff;\"><strong>Type de plong\u00e9e :<\/strong> \u00e9pave et r\u00e9cif<\/span><\/p>\n<p style=\"margin: 0 0 10px;\"><span style=\"color: #ffffff;\"><strong>Profondeur maximale :<\/strong> env. 18 \u00e0 30+ m\u00e8tres<\/span><\/p>\n<p style=\"margin: 0 0 10px;\"><span style=\"color: #ffffff;\"><strong>Convient \u00e0 :<\/strong> diff\u00e9rents niveaux de plongeurs, avec des possibilit\u00e9s suppl\u00e9mentaires pour la plong\u00e9e avanc\u00e9e et technique<\/span><\/p>\n<p style=\"margin: 0;\"><span style=\"color: #ffffff;\"><strong>\u00c0 observer :<\/strong> petites \u00e9paves, paroi r\u00e9cifale, raies, anges de mer et barracudas<\/span><\/p>\n<\/div>\t\t\t\t\t\t\t\t<\/div>\n\t\t\t\t<\/div>\n\t\t\t\t<div class=\"elementor-element elementor-element-7100fbf elementor-widget elementor-widget-ucaddon_underline_link_hover_effect\" data-id=\"7100fbf\" data-element_type=\"widget\" data-e-type=\"widget\" data-widget_type=\"ucaddon_underline_link_hover_effect.default\">\n\t\t\t\t<div class=\"elementor-widget-container\">\n\t\t\t\t\t\n<!-- start Underline Link Hover Effect -->\n\t\t<link id='font-awesome-css' href='https:\/\/calerodiving.com\/wp-content\/plugins\/unlimited-elements-for-elementor-premium\/assets_libraries\/font-awesome6\/fontawesome-all.min.css' type='text\/css' rel='stylesheet' >\n\t\t<link id='font-awesome-4-shim-css' href='https:\/\/calerodiving.com\/wp-content\/plugins\/unlimited-elements-for-elementor-premium\/assets_libraries\/font-awesome6\/fontawesome-v4-shims.min.css' type='text\/css' rel='stylesheet' >\n\n<style>\/* widget: Underline Link Hover Effect *\/\n\n#uc_underline_link_hover_effect_elementor_7100fbf{\n  display:flex;\n} \n\n#uc_underline_link_hover_effect_elementor_7100fbf a.ue-link{\n  display:flex;\n  position:relative;\n  align-items:center;\n  justify-content:center;\n  text-decoration:none;\n}\n\n#uc_underline_link_hover_effect_elementor_7100fbf a.ue-link:after{\n  content: \"\";\n    width:100%;\n    position:absolute;\n  bottom:0px;\n    left:0px;\n    display: block;\n  transition:1s;\n}\n\n#uc_underline_link_hover_effect_elementor_7100fbf a:hover:after{\n    width:0%;\n  }\n\n#uc_underline_link_hover_effect_elementor_7100fbf .ue-link-hover-effect-spacing{\n  transition:1s;\n}\n\n#uc_underline_link_hover_effect_elementor_7100fbf .ue-link-hover-effect-text{\n  padding:10px 0px;\n}\n\n#uc_underline_link_hover_effect_elementor_7100fbf .ue-link-hover-effect-icon{\n  line-height:1em;\n  transition:1s;\n}\n\n#uc_underline_link_hover_effect_elementor_7100fbf .ue-link-hover-effect-icon svg{\n  height:1em;\n  width:1em;\n}\n\n<\/style>\n\n<div id=\"uc_underline_link_hover_effect_elementor_7100fbf\" class=\"ue-link-wrap\">\n  <a class=\"ue-link\" href=\"\" >\n    <div class=\"ue-link-hover-effect-text\">Contactez-nous<\/div>\n    <div class=\"ue-link-hover-effect-spacing\"><\/div>\n    <div class=\"ue-link-hover-effect-icon\"><i class='fas fa-arrow-right'><\/i><\/div>\n  <\/a>\n<\/div>\n<!-- end Underline Link Hover Effect -->\t\t\t\t<\/div>\n\t\t\t\t<\/div>\n\t\t\t\t<\/div>\n\t\t\t\t<\/div>\n\t\t\t\t\t<\/div>\n\t\t\t\t<\/div>\n\t\t\t\t<\/div>\n\t\t","protected":false},"excerpt":{"rendered":"<p>Quiquere Wrecks Juste \u00e0 l\u2019ext\u00e9rieur de l\u2019ancien port de Puerto del Carmen se trouvent plusieurs petites \u00e9paves qui offrent une plong\u00e9e vari\u00e9e et captivante. L\u2019\u00e9pave la mieux conserv\u00e9e est particuli\u00e8rement originale : lors de la construction de la nouvelle digue du port, l\u2019\u00e9pave d\u2019un ancien bateau de p\u00eache a \u00e9t\u00e9 int\u00e9gr\u00e9e \u00e0 la structure. L\u2019\u00e9pave [&hellip;]<\/p>\n","protected":false},"author":10,"featured_media":0,"parent":0,"menu_order":0,"comment_status":"closed","ping_status":"closed","template":"","meta":{"_acf_changed":false,"footnotes":""},"class_list":["post-24861","page","type-page","status-publish","hentry"],"acf":[],"yoast_head":"<!-- This site is optimized with the Yoast SEO plugin v27.5 - https:\/\/yoast.com\/product\/yoast-seo-wordpress\/ -->\n<title>\u00c9paves de Quiquere | Calero Diving Lanzarote<\/title>\n<meta name=\"robots\" content=\"index, follow, max-snippet:-1, max-image-preview:large, max-video-preview:-1\" \/>\n<link rel=\"canonical\" href=\"https:\/\/calerodiving.com\/quiquere-wrecks\/\" \/>\n<meta property=\"og:locale\" content=\"fr_FR\" \/>\n<meta property=\"og:type\" content=\"article\" \/>\n<meta property=\"og:title\" content=\"\u00c9paves de Quiquere | Calero Diving Lanzarote\" \/>\n<meta property=\"og:description\" content=\"Quiquere Wrecks Juste \u00e0 l\u2019ext\u00e9rieur de l\u2019ancien port de Puerto del Carmen se trouvent plusieurs petites \u00e9paves qui offrent une plong\u00e9e vari\u00e9e et captivante. L\u2019\u00e9pave la mieux conserv\u00e9e est particuli\u00e8rement originale : lors de la construction de la nouvelle digue du port, l\u2019\u00e9pave d\u2019un ancien bateau de p\u00eache a \u00e9t\u00e9 int\u00e9gr\u00e9e \u00e0 la structure. L\u2019\u00e9pave [&hellip;]\" \/>\n<meta property=\"og:url\" content=\"https:\/\/calerodiving.com\/quiquere-wrecks\/\" \/>\n<meta property=\"og:site_name\" content=\"Calero Diving Lanzarote\" \/>\n<meta property=\"article:publisher\" content=\"https:\/\/www.facebook.com\/calerodiving\/\" \/>\n<meta property=\"article:modified_time\" content=\"2026-04-20T14:02:31+00:00\" \/>\n<meta property=\"og:image\" content=\"https:\/\/calerodiving.com\/wp-content\/uploads\/2017\/11\/quiquere.jpg\" \/>\n\t<meta property=\"og:image:width\" content=\"1060\" \/>\n\t<meta property=\"og:image:height\" content=\"595\" \/>\n\t<meta property=\"og:image:type\" content=\"image\/jpeg\" \/>\n<meta name=\"twitter:card\" content=\"summary_large_image\" \/>\n<meta name=\"twitter:label1\" content=\"Dur\u00e9e de lecture estim\u00e9e\" \/>\n\t<meta name=\"twitter:data1\" content=\"2 minutes\" \/>\n<script type=\"application\/ld+json\" class=\"yoast-schema-graph\">{\"@context\":\"https:\\\/\\\/schema.org\",\"@graph\":[{\"@type\":\"WebPage\",\"@id\":\"https:\\\/\\\/calerodiving.com\\\/quiquere-wrecks\\\/\",\"url\":\"https:\\\/\\\/calerodiving.com\\\/quiquere-wrecks\\\/\",\"name\":\"\u00c9paves de Quiquere | Calero Diving Lanzarote\",\"isPartOf\":{\"@id\":\"https:\\\/\\\/calerodiving.com\\\/#website\"},\"primaryImageOfPage\":{\"@id\":\"https:\\\/\\\/calerodiving.com\\\/quiquere-wrecks\\\/#primaryimage\"},\"image\":{\"@id\":\"https:\\\/\\\/calerodiving.com\\\/quiquere-wrecks\\\/#primaryimage\"},\"thumbnailUrl\":\"https:\\\/\\\/calerodiving.com\\\/wp-content\\\/uploads\\\/2017\\\/11\\\/quiquere-1030x578.jpg\",\"datePublished\":\"2025-09-01T12:29:02+00:00\",\"dateModified\":\"2026-04-20T14:02:31+00:00\",\"breadcrumb\":{\"@id\":\"https:\\\/\\\/calerodiving.com\\\/quiquere-wrecks\\\/#breadcrumb\"},\"inLanguage\":\"fr-FR\",\"potentialAction\":[{\"@type\":\"ReadAction\",\"target\":[\"https:\\\/\\\/calerodiving.com\\\/quiquere-wrecks\\\/\"]}]},{\"@type\":\"ImageObject\",\"inLanguage\":\"fr-FR\",\"@id\":\"https:\\\/\\\/calerodiving.com\\\/quiquere-wrecks\\\/#primaryimage\",\"url\":\"https:\\\/\\\/calerodiving.com\\\/wp-content\\\/uploads\\\/2017\\\/11\\\/quiquere-1030x578.jpg\",\"contentUrl\":\"https:\\\/\\\/calerodiving.com\\\/wp-content\\\/uploads\\\/2017\\\/11\\\/quiquere-1030x578.jpg\"},{\"@type\":\"BreadcrumbList\",\"@id\":\"https:\\\/\\\/calerodiving.com\\\/quiquere-wrecks\\\/#breadcrumb\",\"itemListElement\":[{\"@type\":\"ListItem\",\"position\":1,\"name\":\"Home\",\"item\":\"https:\\\/\\\/calerodiving.com\\\/es\\\/\"},{\"@type\":\"ListItem\",\"position\":2,\"name\":\"\u00c9paves de Quiquere\"}]},{\"@type\":\"WebSite\",\"@id\":\"https:\\\/\\\/calerodiving.com\\\/#website\",\"url\":\"https:\\\/\\\/calerodiving.com\\\/\",\"name\":\"Calero Diving Lanzarote\",\"description\":\"Dive Center - Marina Puerto Calero Lanzarote\",\"publisher\":{\"@id\":\"https:\\\/\\\/calerodiving.com\\\/#organization\"},\"alternateName\":\"Calero Diving\",\"potentialAction\":[{\"@type\":\"SearchAction\",\"target\":{\"@type\":\"EntryPoint\",\"urlTemplate\":\"https:\\\/\\\/calerodiving.com\\\/?s={search_term_string}\"},\"query-input\":{\"@type\":\"PropertyValueSpecification\",\"valueRequired\":true,\"valueName\":\"search_term_string\"}}],\"inLanguage\":\"fr-FR\"},{\"@type\":\"Organization\",\"@id\":\"https:\\\/\\\/calerodiving.com\\\/#organization\",\"name\":\"Calero Diving Lanzarote\",\"alternateName\":\"Calero Diving\",\"url\":\"https:\\\/\\\/calerodiving.com\\\/\",\"logo\":{\"@type\":\"ImageObject\",\"inLanguage\":\"fr-FR\",\"@id\":\"https:\\\/\\\/calerodiving.com\\\/#\\\/schema\\\/logo\\\/image\\\/\",\"url\":\"https:\\\/\\\/calerodiving.com\\\/wp-content\\\/uploads\\\/2025\\\/05\\\/Grupo.png\",\"contentUrl\":\"https:\\\/\\\/calerodiving.com\\\/wp-content\\\/uploads\\\/2025\\\/05\\\/Grupo.png\",\"width\":499,\"height\":590,\"caption\":\"Calero Diving Lanzarote\"},\"image\":{\"@id\":\"https:\\\/\\\/calerodiving.com\\\/#\\\/schema\\\/logo\\\/image\\\/\"},\"sameAs\":[\"https:\\\/\\\/www.facebook.com\\\/calerodiving\\\/\",\"https:\\\/\\\/www.instagram.com\\\/calerodiving\\\/\"]}]}<\/script>\n<!-- \/ Yoast SEO plugin. -->","yoast_head_json":{"title":"\u00c9paves de Quiquere | Calero Diving Lanzarote","robots":{"index":"index","follow":"follow","max-snippet":"max-snippet:-1","max-image-preview":"max-image-preview:large","max-video-preview":"max-video-preview:-1"},"canonical":"https:\/\/calerodiving.com\/quiquere-wrecks\/","og_locale":"fr_FR","og_type":"article","og_title":"\u00c9paves de Quiquere | Calero Diving Lanzarote","og_description":"Quiquere Wrecks Juste \u00e0 l\u2019ext\u00e9rieur de l\u2019ancien port de Puerto del Carmen se trouvent plusieurs petites \u00e9paves qui offrent une plong\u00e9e vari\u00e9e et captivante. L\u2019\u00e9pave la mieux conserv\u00e9e est particuli\u00e8rement originale : lors de la construction de la nouvelle digue du port, l\u2019\u00e9pave d\u2019un ancien bateau de p\u00eache a \u00e9t\u00e9 int\u00e9gr\u00e9e \u00e0 la structure. L\u2019\u00e9pave [&hellip;]","og_url":"https:\/\/calerodiving.com\/quiquere-wrecks\/","og_site_name":"Calero Diving Lanzarote","article_publisher":"https:\/\/www.facebook.com\/calerodiving\/","article_modified_time":"2026-04-20T14:02:31+00:00","og_image":[{"width":1060,"height":595,"url":"https:\/\/calerodiving.com\/wp-content\/uploads\/2017\/11\/quiquere.jpg","type":"image\/jpeg"}],"twitter_card":"summary_large_image","twitter_misc":{"Dur\u00e9e de lecture estim\u00e9e":"2 minutes"},"schema":{"@context":"https:\/\/schema.org","@graph":[{"@type":"WebPage","@id":"https:\/\/calerodiving.com\/quiquere-wrecks\/","url":"https:\/\/calerodiving.com\/quiquere-wrecks\/","name":"\u00c9paves de Quiquere | Calero Diving Lanzarote","isPartOf":{"@id":"https:\/\/calerodiving.com\/#website"},"primaryImageOfPage":{"@id":"https:\/\/calerodiving.com\/quiquere-wrecks\/#primaryimage"},"image":{"@id":"https:\/\/calerodiving.com\/quiquere-wrecks\/#primaryimage"},"thumbnailUrl":"https:\/\/calerodiving.com\/wp-content\/uploads\/2017\/11\/quiquere-1030x578.jpg","datePublished":"2025-09-01T12:29:02+00:00","dateModified":"2026-04-20T14:02:31+00:00","breadcrumb":{"@id":"https:\/\/calerodiving.com\/quiquere-wrecks\/#breadcrumb"},"inLanguage":"fr-FR","potentialAction":[{"@type":"ReadAction","target":["https:\/\/calerodiving.com\/quiquere-wrecks\/"]}]},{"@type":"ImageObject","inLanguage":"fr-FR","@id":"https:\/\/calerodiving.com\/quiquere-wrecks\/#primaryimage","url":"https:\/\/calerodiving.com\/wp-content\/uploads\/2017\/11\/quiquere-1030x578.jpg","contentUrl":"https:\/\/calerodiving.com\/wp-content\/uploads\/2017\/11\/quiquere-1030x578.jpg"},{"@type":"BreadcrumbList","@id":"https:\/\/calerodiving.com\/quiquere-wrecks\/#breadcrumb","itemListElement":[{"@type":"ListItem","position":1,"name":"Home","item":"https:\/\/calerodiving.com\/es\/"},{"@type":"ListItem","position":2,"name":"\u00c9paves de Quiquere"}]},{"@type":"WebSite","@id":"https:\/\/calerodiving.com\/#website","url":"https:\/\/calerodiving.com\/","name":"Calero Diving Lanzarote","description":"Dive Center - Marina Puerto Calero Lanzarote","publisher":{"@id":"https:\/\/calerodiving.com\/#organization"},"alternateName":"Calero Diving","potentialAction":[{"@type":"SearchAction","target":{"@type":"EntryPoint","urlTemplate":"https:\/\/calerodiving.com\/?s={search_term_string}"},"query-input":{"@type":"PropertyValueSpecification","valueRequired":true,"valueName":"search_term_string"}}],"inLanguage":"fr-FR"},{"@type":"Organization","@id":"https:\/\/calerodiving.com\/#organization","name":"Calero Diving Lanzarote","alternateName":"Calero Diving","url":"https:\/\/calerodiving.com\/","logo":{"@type":"ImageObject","inLanguage":"fr-FR","@id":"https:\/\/calerodiving.com\/#\/schema\/logo\/image\/","url":"https:\/\/calerodiving.com\/wp-content\/uploads\/2025\/05\/Grupo.png","contentUrl":"https:\/\/calerodiving.com\/wp-content\/uploads\/2025\/05\/Grupo.png","width":499,"height":590,"caption":"Calero Diving Lanzarote"},"image":{"@id":"https:\/\/calerodiving.com\/#\/schema\/logo\/image\/"},"sameAs":["https:\/\/www.facebook.com\/calerodiving\/","https:\/\/www.instagram.com\/calerodiving\/"]}]}},"_links":{"self":[{"href":"https:\/\/calerodiving.com\/fr\/wp-json\/wp\/v2\/pages\/24861","targetHints":{"allow":["GET"]}}],"collection":[{"href":"https:\/\/calerodiving.com\/fr\/wp-json\/wp\/v2\/pages"}],"about":[{"href":"https:\/\/calerodiving.com\/fr\/wp-json\/wp\/v2\/types\/page"}],"author":[{"embeddable":true,"href":"https:\/\/calerodiving.com\/fr\/wp-json\/wp\/v2\/users\/10"}],"replies":[{"embeddable":true,"href":"https:\/\/calerodiving.com\/fr\/wp-json\/wp\/v2\/comments?post=24861"}],"version-history":[{"count":4,"href":"https:\/\/calerodiving.com\/fr\/wp-json\/wp\/v2\/pages\/24861\/revisions"}],"predecessor-version":[{"id":28645,"href":"https:\/\/calerodiving.com\/fr\/wp-json\/wp\/v2\/pages\/24861\/revisions\/28645"}],"wp:attachment":[{"href":"https:\/\/calerodiving.com\/fr\/wp-json\/wp\/v2\/media?parent=24861"}],"curies":[{"name":"wp","href":"https:\/\/api.w.org\/{rel}","templated":true}]}}