{"id":24856,"date":"2025-09-01T13:28:59","date_gmt":"2025-09-01T12:28:59","guid":{"rendered":"https:\/\/calerodiving.com\/plongee-en-scooter-dpv\/"},"modified":"2026-04-20T11:29:27","modified_gmt":"2026-04-20T10:29:27","slug":"scooter-dpv-diving","status":"publish","type":"page","link":"https:\/\/calerodiving.com\/fr\/scooter-dpv-diving\/","title":{"rendered":"Plong\u00e9e en scooter\/DPV"},"content":{"rendered":"\t\t<div data-elementor-type=\"wp-page\" data-elementor-id=\"24856\" class=\"elementor elementor-24856 elementor-20598\" data-elementor-post-type=\"page\">\n\t\t\t\t<div class=\"elementor-element elementor-element-58f9536 e-flex e-con-boxed e-con e-parent\" data-id=\"58f9536\" data-element_type=\"container\" data-e-type=\"container\">\n\t\t\t\t\t<div class=\"e-con-inner\">\n\t\t<div class=\"elementor-element elementor-element-6cb7732 e-con-full e-flex e-con e-child\" data-id=\"6cb7732\" data-element_type=\"container\" data-e-type=\"container\">\n\t\t\t\t<div class=\"elementor-element elementor-element-d70fb1c elementor-widget elementor-widget-image\" data-id=\"d70fb1c\" data-element_type=\"widget\" data-e-type=\"widget\" data-widget_type=\"image.default\">\n\t\t\t\t<div class=\"elementor-widget-container\">\n\t\t\t\t\t\t\t\t\t\t\t\t\t\t\t<img fetchpriority=\"high\" decoding=\"async\" width=\"350\" height=\"222\" src=\"https:\/\/calerodiving.com\/wp-content\/uploads\/2017\/10\/scooter.jpg\" class=\"attachment-large size-large wp-image-1965\" alt=\"\" srcset=\"https:\/\/calerodiving.com\/wp-content\/uploads\/2017\/10\/scooter.jpg 350w, https:\/\/calerodiving.com\/wp-content\/uploads\/2017\/10\/scooter-300x190.jpg 300w\" sizes=\"(max-width: 350px) 100vw, 350px\" \/>\t\t\t\t\t\t\t\t\t\t\t\t\t\t\t<\/div>\n\t\t\t\t<\/div>\n\t\t\t\t<\/div>\n\t\t<div class=\"elementor-element elementor-element-443a87f e-con-full e-flex e-con e-child\" data-id=\"443a87f\" data-element_type=\"container\" data-e-type=\"container\">\n\t\t<div class=\"elementor-element elementor-element-d2f7108 e-con-full e-flex e-con e-child\" data-id=\"d2f7108\" data-element_type=\"container\" data-e-type=\"container\">\n\t\t\t\t<div class=\"elementor-element elementor-element-6700442 elementor-widget elementor-widget-html\" data-id=\"6700442\" data-element_type=\"widget\" data-e-type=\"widget\" data-widget_type=\"html.default\">\n\t\t\t\t<div class=\"elementor-widget-container\">\n\t\t\t\t\t<a href=\"https:\/\/calerodiving.com\/fr\/cours-de-plongee-loisir\/#specialties\" class=\"tag-button\">sp\u00e9cialit\u00e9s<\/a>\n\t\t\t\t<\/div>\n\t\t\t\t<\/div>\n\t\t\t\t<div class=\"elementor-element elementor-element-2dff4c9 elementor-widget elementor-widget-heading\" data-id=\"2dff4c9\" data-element_type=\"widget\" data-e-type=\"widget\" data-widget_type=\"heading.default\">\n\t\t\t\t<div class=\"elementor-widget-container\">\n\t\t\t\t\t<h2 class=\"elementor-heading-title elementor-size-default\">Scooter\/DPV Diving<\/h2>\t\t\t\t<\/div>\n\t\t\t\t<\/div>\n\t\t\t\t<\/div>\n\t\t\t\t<\/div>\n\t\t\t\t\t<\/div>\n\t\t\t\t<\/div>\n\t\t<div class=\"elementor-element elementor-element-4fa4faf e-flex e-con-boxed e-con e-parent\" data-id=\"4fa4faf\" data-element_type=\"container\" data-e-type=\"container\">\n\t\t\t\t\t<div class=\"e-con-inner\">\n\t\t<div class=\"elementor-element elementor-element-1e83e09 e-con-full e-flex e-con e-child\" data-id=\"1e83e09\" data-element_type=\"container\" data-e-type=\"container\">\n\t\t<div class=\"elementor-element elementor-element-e3a92f6 e-con-full e-flex e-con e-child\" data-id=\"e3a92f6\" data-element_type=\"container\" data-e-type=\"container\">\n\t\t\t\t<div class=\"elementor-element elementor-element-60314f3 elementor-widget elementor-widget-heading\" data-id=\"60314f3\" data-element_type=\"widget\" data-e-type=\"widget\" data-widget_type=\"heading.default\">\n\t\t\t\t<div class=\"elementor-widget-container\">\n\t\t\t\t\t<h2 class=\"elementor-heading-title elementor-size-default\">Plus loin, plus vite, plus longtemps !<\/h2>\t\t\t\t<\/div>\n\t\t\t\t<\/div>\n\t\t\t\t<div class=\"elementor-element elementor-element-2fa8895 elementor-widget elementor-widget-text-editor\" data-id=\"2fa8895\" data-element_type=\"widget\" data-e-type=\"widget\" data-widget_type=\"text-editor.default\">\n\t\t\t\t<div class=\"elementor-widget-container\">\n\t\t\t\t\t\t\t\t\t<div class=\"section-list\">\n<h3>Aper\u00e7u du programme :<\/h3>\nPlonger avec un scooter sous-marin, \u00e9galement appel\u00e9 DPV (Diver Propulsion Vehicle), t\u2019ouvre une toute nouvelle fa\u00e7on d\u2019explorer le monde sous-marin. Tu pourras parcourir de plus grandes distances, \u00e9conomiser ton \u00e9nergie et d\u00e9couvrir les sites de plong\u00e9e sous un nouvel angle, tout en apprenant \u00e0 contr\u00f4ler l\u2019\u00e9quipement de mani\u00e8re s\u00fbre et efficace.<br><br>\n\nPendant la sp\u00e9cialit\u00e9 SSI Scooter \/ DPV Diving, tu apprendras \u00e0 utiliser correctement un DPV, \u00e0 garder le contr\u00f4le et la flottabilit\u00e9 pendant le d\u00e9placement, et \u00e0 appliquer les bonnes proc\u00e9dures pour r\u00e9aliser des plong\u00e9es s\u00fbres et agr\u00e9ables avec un \u00e9quipement de propulsion.\n\n<h3>Standards de formation<\/h3>\n<ul>\n  <li>Session th\u00e9orique : 1 module th\u00e9orique<\/li>\n  <li>Plong\u00e9es en milieu prot\u00e9g\u00e9 : 1<\/li>\n  <li>Plong\u00e9es en milieu naturel : 2<\/li>\n  <li>Dur\u00e9e du cours : 2 jours<\/li>\n<\/ul>\n\n<h3>Dur\u00e9e<\/h3>\n<ul>\n  <li>cours de 2 jours<\/li>\n<\/ul>\n\n<h3>Comprend<\/h3>\n<ul>\n  <li>module th\u00e9orique<\/li>\n  <li>1 plong\u00e9e en milieu prot\u00e9g\u00e9<\/li>\n  <li>2 plong\u00e9es en milieu naturel<\/li>\n  <li>certification SSI Scooter \/ DPV Diving<\/li>\n<\/ul>\n\n<h3>Non inclus<\/h3>\n<ul>\n  <li>assurance plong\u00e9e et location d\u2019\u00e9quipement sauf indication contraire<\/li>\n<\/ul>\n\n<h3>Conditions requises<\/h3>\n<ul>\n  <li>avoir au moins 12 ans et une certification Open Water Diver ou \u00e9quivalente<\/li>\n<\/ul>\n\n<h3>Autres cours susceptibles de t\u2019int\u00e9resser<\/h3>\n<ul>\n  <li>Navigation<\/li>\n  <li>Search &amp; Recovery<\/li>\n  <li>Independent Diving<\/li>\n  <li>Recreational Sidemount Diving<\/li>\n<\/ul>\n<\/div>\t\t\t\t\t\t\t\t<\/div>\n\t\t\t\t<\/div>\n\t\t\t\t<\/div>\n\t\t\t\t<\/div>\n\t\t<div class=\"elementor-element elementor-element-ff954f6 e-con-full e-flex e-con e-child\" data-id=\"ff954f6\" data-element_type=\"container\" data-e-type=\"container\">\n\t\t<div class=\"elementor-element elementor-element-08d2c7b e-con-full course-sidebar-box e-flex e-con e-child\" data-id=\"08d2c7b\" data-element_type=\"container\" data-e-type=\"container\" data-settings=\"{&quot;sticky&quot;:&quot;top&quot;,&quot;sticky_offset&quot;:110,&quot;sticky_effects_offset&quot;:130,&quot;sticky_parent&quot;:&quot;yes&quot;,&quot;sticky_on&quot;:[&quot;desktop&quot;,&quot;tablet&quot;,&quot;mobile&quot;],&quot;sticky_anchor_link_offset&quot;:0}\">\n\t\t\t\t<div class=\"elementor-element elementor-element-d6d43c5 elementor-widget elementor-widget-text-editor\" data-id=\"d6d43c5\" data-element_type=\"widget\" data-e-type=\"widget\" data-widget_type=\"text-editor.default\">\n\t\t\t\t<div class=\"elementor-widget-container\">\n\t\t\t\t\t\t\t\t\t<div class=\"courses-info\"><h6 class=\"no-margin\">Dur\u00e9e:<\/h6><p class=\"no-margin\">Cours d&rsquo;une journ\u00e9e<\/p><\/div><div class=\"courses-info\"><h6 class=\"no-margin\">Prix:<\/h6><p class=\"no-margin\">\u00c0 partir de 250 \u20ac<\/p><\/div>\t\t\t\t\t\t\t\t<\/div>\n\t\t\t\t<\/div>\n\t\t\t\t<div class=\"elementor-element elementor-element-3fa68f6 elementor-mobile-align-center elementor-widget elementor-widget-button\" data-id=\"3fa68f6\" data-element_type=\"widget\" data-e-type=\"widget\" data-widget_type=\"button.default\">\n\t\t\t\t<div class=\"elementor-widget-container\">\n\t\t\t\t\t\t\t\t\t<div class=\"elementor-button-wrapper\">\n\t\t\t\t\t<a class=\"elementor-button elementor-button-link elementor-size-sm\" href=\"https:\/\/bukyapp.com\/booking?mode=pack&#038;product=622236b64db01a005f511a50&#038;lang=en&#038;_gl=1*16hnwaz*_ga*ODU1MDM5OTIuMTc0MTE5MTcyMQ..*_ga_4WWMT2EY3C*czE3NTI0ODk3MzckbzY0JGcxJHQxNzUyNDkwNzk2JGo2MCRsMCRoMA..\" target=\"_blank\">\n\t\t\t\t\t\t<span class=\"elementor-button-content-wrapper\">\n\t\t\t\t\t\t\t\t\t<span class=\"elementor-button-text\">R\u00e9server le cours<\/span>\n\t\t\t\t\t<\/span>\n\t\t\t\t\t<\/a>\n\t\t\t\t<\/div>\n\t\t\t\t\t\t\t\t<\/div>\n\t\t\t\t<\/div>\n\t\t\t\t<\/div>\n\t\t\t\t<\/div>\n\t\t\t\t\t<\/div>\n\t\t\t\t<\/div>\n\t\t\t\t<\/div>\n\t\t","protected":false},"excerpt":{"rendered":"<p>sp\u00e9cialit\u00e9s Scooter\/DPV Diving Plus loin, plus vite, plus longtemps ! Aper\u00e7u du programme : Plonger avec un scooter sous-marin, \u00e9galement appel\u00e9 DPV (Diver Propulsion Vehicle), t\u2019ouvre une toute nouvelle fa\u00e7on d\u2019explorer le monde sous-marin. Tu pourras parcourir de plus grandes distances, \u00e9conomiser ton \u00e9nergie et d\u00e9couvrir les sites de plong\u00e9e sous un nouvel angle, tout [&hellip;]<\/p>\n","protected":false},"author":10,"featured_media":0,"parent":0,"menu_order":0,"comment_status":"closed","ping_status":"closed","template":"","meta":{"_acf_changed":false,"footnotes":""},"class_list":["post-24856","page","type-page","status-publish","hentry"],"acf":[],"yoast_head":"<!-- This site is optimized with the Yoast SEO plugin v27.5 - https:\/\/yoast.com\/product\/yoast-seo-wordpress\/ -->\n<title>Plong\u00e9e en scooter\/DPV | Calero Diving Lanzarote<\/title>\n<meta name=\"robots\" content=\"index, follow, max-snippet:-1, max-image-preview:large, max-video-preview:-1\" \/>\n<link rel=\"canonical\" href=\"https:\/\/calerodiving.com\/scooter-dpv-diving\/\" \/>\n<meta property=\"og:locale\" content=\"fr_FR\" \/>\n<meta property=\"og:type\" content=\"article\" \/>\n<meta property=\"og:title\" content=\"Plong\u00e9e en scooter\/DPV | Calero Diving Lanzarote\" \/>\n<meta property=\"og:description\" content=\"sp\u00e9cialit\u00e9s Scooter\/DPV Diving Plus loin, plus vite, plus longtemps ! Aper\u00e7u du programme : Plonger avec un scooter sous-marin, \u00e9galement appel\u00e9 DPV (Diver Propulsion Vehicle), t\u2019ouvre une toute nouvelle fa\u00e7on d\u2019explorer le monde sous-marin. Tu pourras parcourir de plus grandes distances, \u00e9conomiser ton \u00e9nergie et d\u00e9couvrir les sites de plong\u00e9e sous un nouvel angle, tout [&hellip;]\" \/>\n<meta property=\"og:url\" content=\"https:\/\/calerodiving.com\/scooter-dpv-diving\/\" \/>\n<meta property=\"og:site_name\" content=\"Calero Diving Lanzarote\" \/>\n<meta property=\"article:publisher\" content=\"https:\/\/www.facebook.com\/calerodiving\/\" \/>\n<meta property=\"article:modified_time\" content=\"2026-04-20T10:29:27+00:00\" \/>\n<meta property=\"og:image\" content=\"https:\/\/calerodiving.com\/wp-content\/uploads\/2017\/10\/scooter.jpg\" \/>\n\t<meta property=\"og:image:width\" content=\"350\" \/>\n\t<meta property=\"og:image:height\" content=\"222\" \/>\n\t<meta property=\"og:image:type\" content=\"image\/jpeg\" \/>\n<meta name=\"twitter:card\" content=\"summary_large_image\" \/>\n<meta name=\"twitter:label1\" content=\"Dur\u00e9e de lecture estim\u00e9e\" \/>\n\t<meta name=\"twitter:data1\" content=\"2 minutes\" \/>\n<script type=\"application\/ld+json\" class=\"yoast-schema-graph\">{\"@context\":\"https:\\\/\\\/schema.org\",\"@graph\":[{\"@type\":\"WebPage\",\"@id\":\"https:\\\/\\\/calerodiving.com\\\/scooter-dpv-diving\\\/\",\"url\":\"https:\\\/\\\/calerodiving.com\\\/scooter-dpv-diving\\\/\",\"name\":\"Plong\u00e9e en scooter\\\/DPV | Calero Diving Lanzarote\",\"isPartOf\":{\"@id\":\"https:\\\/\\\/calerodiving.com\\\/#website\"},\"primaryImageOfPage\":{\"@id\":\"https:\\\/\\\/calerodiving.com\\\/scooter-dpv-diving\\\/#primaryimage\"},\"image\":{\"@id\":\"https:\\\/\\\/calerodiving.com\\\/scooter-dpv-diving\\\/#primaryimage\"},\"thumbnailUrl\":\"https:\\\/\\\/calerodiving.com\\\/wp-content\\\/uploads\\\/2017\\\/10\\\/scooter.jpg\",\"datePublished\":\"2025-09-01T12:28:59+00:00\",\"dateModified\":\"2026-04-20T10:29:27+00:00\",\"breadcrumb\":{\"@id\":\"https:\\\/\\\/calerodiving.com\\\/scooter-dpv-diving\\\/#breadcrumb\"},\"inLanguage\":\"fr-FR\",\"potentialAction\":[{\"@type\":\"ReadAction\",\"target\":[\"https:\\\/\\\/calerodiving.com\\\/scooter-dpv-diving\\\/\"]}]},{\"@type\":\"ImageObject\",\"inLanguage\":\"fr-FR\",\"@id\":\"https:\\\/\\\/calerodiving.com\\\/scooter-dpv-diving\\\/#primaryimage\",\"url\":\"https:\\\/\\\/calerodiving.com\\\/wp-content\\\/uploads\\\/2017\\\/10\\\/scooter.jpg\",\"contentUrl\":\"https:\\\/\\\/calerodiving.com\\\/wp-content\\\/uploads\\\/2017\\\/10\\\/scooter.jpg\"},{\"@type\":\"BreadcrumbList\",\"@id\":\"https:\\\/\\\/calerodiving.com\\\/scooter-dpv-diving\\\/#breadcrumb\",\"itemListElement\":[{\"@type\":\"ListItem\",\"position\":1,\"name\":\"Home\",\"item\":\"https:\\\/\\\/calerodiving.com\\\/es\\\/\"},{\"@type\":\"ListItem\",\"position\":2,\"name\":\"Plong\u00e9e en scooter\\\/DPV\"}]},{\"@type\":\"WebSite\",\"@id\":\"https:\\\/\\\/calerodiving.com\\\/#website\",\"url\":\"https:\\\/\\\/calerodiving.com\\\/\",\"name\":\"Calero Diving Lanzarote\",\"description\":\"Dive Center - Marina Puerto Calero Lanzarote\",\"publisher\":{\"@id\":\"https:\\\/\\\/calerodiving.com\\\/#organization\"},\"alternateName\":\"Calero Diving\",\"potentialAction\":[{\"@type\":\"SearchAction\",\"target\":{\"@type\":\"EntryPoint\",\"urlTemplate\":\"https:\\\/\\\/calerodiving.com\\\/?s={search_term_string}\"},\"query-input\":{\"@type\":\"PropertyValueSpecification\",\"valueRequired\":true,\"valueName\":\"search_term_string\"}}],\"inLanguage\":\"fr-FR\"},{\"@type\":\"Organization\",\"@id\":\"https:\\\/\\\/calerodiving.com\\\/#organization\",\"name\":\"Calero Diving Lanzarote\",\"alternateName\":\"Calero Diving\",\"url\":\"https:\\\/\\\/calerodiving.com\\\/\",\"logo\":{\"@type\":\"ImageObject\",\"inLanguage\":\"fr-FR\",\"@id\":\"https:\\\/\\\/calerodiving.com\\\/#\\\/schema\\\/logo\\\/image\\\/\",\"url\":\"https:\\\/\\\/calerodiving.com\\\/wp-content\\\/uploads\\\/2025\\\/05\\\/Grupo.png\",\"contentUrl\":\"https:\\\/\\\/calerodiving.com\\\/wp-content\\\/uploads\\\/2025\\\/05\\\/Grupo.png\",\"width\":499,\"height\":590,\"caption\":\"Calero Diving Lanzarote\"},\"image\":{\"@id\":\"https:\\\/\\\/calerodiving.com\\\/#\\\/schema\\\/logo\\\/image\\\/\"},\"sameAs\":[\"https:\\\/\\\/www.facebook.com\\\/calerodiving\\\/\",\"https:\\\/\\\/www.instagram.com\\\/calerodiving\\\/\"]}]}<\/script>\n<!-- \/ Yoast SEO plugin. -->","yoast_head_json":{"title":"Plong\u00e9e en scooter\/DPV | Calero Diving Lanzarote","robots":{"index":"index","follow":"follow","max-snippet":"max-snippet:-1","max-image-preview":"max-image-preview:large","max-video-preview":"max-video-preview:-1"},"canonical":"https:\/\/calerodiving.com\/scooter-dpv-diving\/","og_locale":"fr_FR","og_type":"article","og_title":"Plong\u00e9e en scooter\/DPV | Calero Diving Lanzarote","og_description":"sp\u00e9cialit\u00e9s Scooter\/DPV Diving Plus loin, plus vite, plus longtemps ! Aper\u00e7u du programme : Plonger avec un scooter sous-marin, \u00e9galement appel\u00e9 DPV (Diver Propulsion Vehicle), t\u2019ouvre une toute nouvelle fa\u00e7on d\u2019explorer le monde sous-marin. Tu pourras parcourir de plus grandes distances, \u00e9conomiser ton \u00e9nergie et d\u00e9couvrir les sites de plong\u00e9e sous un nouvel angle, tout [&hellip;]","og_url":"https:\/\/calerodiving.com\/scooter-dpv-diving\/","og_site_name":"Calero Diving Lanzarote","article_publisher":"https:\/\/www.facebook.com\/calerodiving\/","article_modified_time":"2026-04-20T10:29:27+00:00","og_image":[{"width":350,"height":222,"url":"https:\/\/calerodiving.com\/wp-content\/uploads\/2017\/10\/scooter.jpg","type":"image\/jpeg"}],"twitter_card":"summary_large_image","twitter_misc":{"Dur\u00e9e de lecture estim\u00e9e":"2 minutes"},"schema":{"@context":"https:\/\/schema.org","@graph":[{"@type":"WebPage","@id":"https:\/\/calerodiving.com\/scooter-dpv-diving\/","url":"https:\/\/calerodiving.com\/scooter-dpv-diving\/","name":"Plong\u00e9e en scooter\/DPV | Calero Diving Lanzarote","isPartOf":{"@id":"https:\/\/calerodiving.com\/#website"},"primaryImageOfPage":{"@id":"https:\/\/calerodiving.com\/scooter-dpv-diving\/#primaryimage"},"image":{"@id":"https:\/\/calerodiving.com\/scooter-dpv-diving\/#primaryimage"},"thumbnailUrl":"https:\/\/calerodiving.com\/wp-content\/uploads\/2017\/10\/scooter.jpg","datePublished":"2025-09-01T12:28:59+00:00","dateModified":"2026-04-20T10:29:27+00:00","breadcrumb":{"@id":"https:\/\/calerodiving.com\/scooter-dpv-diving\/#breadcrumb"},"inLanguage":"fr-FR","potentialAction":[{"@type":"ReadAction","target":["https:\/\/calerodiving.com\/scooter-dpv-diving\/"]}]},{"@type":"ImageObject","inLanguage":"fr-FR","@id":"https:\/\/calerodiving.com\/scooter-dpv-diving\/#primaryimage","url":"https:\/\/calerodiving.com\/wp-content\/uploads\/2017\/10\/scooter.jpg","contentUrl":"https:\/\/calerodiving.com\/wp-content\/uploads\/2017\/10\/scooter.jpg"},{"@type":"BreadcrumbList","@id":"https:\/\/calerodiving.com\/scooter-dpv-diving\/#breadcrumb","itemListElement":[{"@type":"ListItem","position":1,"name":"Home","item":"https:\/\/calerodiving.com\/es\/"},{"@type":"ListItem","position":2,"name":"Plong\u00e9e en scooter\/DPV"}]},{"@type":"WebSite","@id":"https:\/\/calerodiving.com\/#website","url":"https:\/\/calerodiving.com\/","name":"Calero Diving Lanzarote","description":"Dive Center - Marina Puerto Calero Lanzarote","publisher":{"@id":"https:\/\/calerodiving.com\/#organization"},"alternateName":"Calero Diving","potentialAction":[{"@type":"SearchAction","target":{"@type":"EntryPoint","urlTemplate":"https:\/\/calerodiving.com\/?s={search_term_string}"},"query-input":{"@type":"PropertyValueSpecification","valueRequired":true,"valueName":"search_term_string"}}],"inLanguage":"fr-FR"},{"@type":"Organization","@id":"https:\/\/calerodiving.com\/#organization","name":"Calero Diving Lanzarote","alternateName":"Calero Diving","url":"https:\/\/calerodiving.com\/","logo":{"@type":"ImageObject","inLanguage":"fr-FR","@id":"https:\/\/calerodiving.com\/#\/schema\/logo\/image\/","url":"https:\/\/calerodiving.com\/wp-content\/uploads\/2025\/05\/Grupo.png","contentUrl":"https:\/\/calerodiving.com\/wp-content\/uploads\/2025\/05\/Grupo.png","width":499,"height":590,"caption":"Calero Diving Lanzarote"},"image":{"@id":"https:\/\/calerodiving.com\/#\/schema\/logo\/image\/"},"sameAs":["https:\/\/www.facebook.com\/calerodiving\/","https:\/\/www.instagram.com\/calerodiving\/"]}]}},"_links":{"self":[{"href":"https:\/\/calerodiving.com\/fr\/wp-json\/wp\/v2\/pages\/24856","targetHints":{"allow":["GET"]}}],"collection":[{"href":"https:\/\/calerodiving.com\/fr\/wp-json\/wp\/v2\/pages"}],"about":[{"href":"https:\/\/calerodiving.com\/fr\/wp-json\/wp\/v2\/types\/page"}],"author":[{"embeddable":true,"href":"https:\/\/calerodiving.com\/fr\/wp-json\/wp\/v2\/users\/10"}],"replies":[{"embeddable":true,"href":"https:\/\/calerodiving.com\/fr\/wp-json\/wp\/v2\/comments?post=24856"}],"version-history":[{"count":11,"href":"https:\/\/calerodiving.com\/fr\/wp-json\/wp\/v2\/pages\/24856\/revisions"}],"predecessor-version":[{"id":28065,"href":"https:\/\/calerodiving.com\/fr\/wp-json\/wp\/v2\/pages\/24856\/revisions\/28065"}],"wp:attachment":[{"href":"https:\/\/calerodiving.com\/fr\/wp-json\/wp\/v2\/media?parent=24856"}],"curies":[{"name":"wp","href":"https:\/\/api.w.org\/{rel}","templated":true}]}}