{"id":24852,"date":"2025-09-01T13:28:57","date_gmt":"2025-09-01T12:28:57","guid":{"rendered":"https:\/\/calerodiving.com\/waikiki\/"},"modified":"2026-04-20T14:58:52","modified_gmt":"2026-04-20T13:58:52","slug":"waikiki","status":"publish","type":"page","link":"https:\/\/calerodiving.com\/fr\/waikiki\/","title":{"rendered":"Waikiki"},"content":{"rendered":"\t\t<div data-elementor-type=\"wp-page\" data-elementor-id=\"24852\" class=\"elementor elementor-24852 elementor-19956\" data-elementor-post-type=\"page\">\n\t\t\t\t<div class=\"elementor-element elementor-element-e8c44dc e-flex e-con-boxed e-con e-parent\" data-id=\"e8c44dc\" data-element_type=\"container\" data-e-type=\"container\">\n\t\t\t\t\t<div class=\"e-con-inner\">\n\t\t<div class=\"elementor-element elementor-element-7f35edf e-con-full e-flex e-con e-child\" data-id=\"7f35edf\" data-element_type=\"container\" data-e-type=\"container\">\n\t\t<div class=\"elementor-element elementor-element-d0f7708 e-con-full e-flex e-con e-child\" data-id=\"d0f7708\" data-element_type=\"container\" data-e-type=\"container\">\n\t\t\t\t<div class=\"elementor-element elementor-element-7bc707a elementor-widget elementor-widget-heading\" data-id=\"7bc707a\" data-element_type=\"widget\" data-e-type=\"widget\" data-widget_type=\"heading.default\">\n\t\t\t\t<div class=\"elementor-widget-container\">\n\t\t\t\t\t<h2 class=\"elementor-heading-title elementor-size-default\">Waikiki<\/h2>\t\t\t\t<\/div>\n\t\t\t\t<\/div>\n\t\t\t\t<\/div>\n\t\t\t\t<\/div>\n\t\t\t\t\t<\/div>\n\t\t\t\t<\/div>\n\t\t<div class=\"elementor-element elementor-element-2e1391c e-flex e-con-boxed e-con e-parent\" data-id=\"2e1391c\" data-element_type=\"container\" data-e-type=\"container\">\n\t\t\t\t\t<div class=\"e-con-inner\">\n\t\t<div class=\"elementor-element elementor-element-788c19c e-con-full e-flex e-con e-child\" data-id=\"788c19c\" data-element_type=\"container\" data-e-type=\"container\">\n\t\t<div class=\"elementor-element elementor-element-d82e811 e-con-full e-flex e-con e-child\" data-id=\"d82e811\" data-element_type=\"container\" data-e-type=\"container\">\n\t\t\t\t<div class=\"elementor-element elementor-element-b0e66c2 elementor-widget elementor-widget-image\" data-id=\"b0e66c2\" data-element_type=\"widget\" data-e-type=\"widget\" data-widget_type=\"image.default\">\n\t\t\t\t<div class=\"elementor-widget-container\">\n\t\t\t\t\t\t\t\t\t\t\t\t\t\t\t<img fetchpriority=\"high\" decoding=\"async\" width=\"800\" height=\"449\" src=\"https:\/\/calerodiving.com\/wp-content\/uploads\/2017\/10\/waikiki-1030x578.jpg\" class=\"attachment-large size-large wp-image-3899\" alt=\"\" srcset=\"https:\/\/calerodiving.com\/wp-content\/uploads\/2017\/10\/waikiki-1030x578.jpg 1030w, https:\/\/calerodiving.com\/wp-content\/uploads\/2017\/10\/waikiki-300x168.jpg 300w, https:\/\/calerodiving.com\/wp-content\/uploads\/2017\/10\/waikiki-768x431.jpg 768w, https:\/\/calerodiving.com\/wp-content\/uploads\/2017\/10\/waikiki-705x396.jpg 705w, https:\/\/calerodiving.com\/wp-content\/uploads\/2017\/10\/waikiki-450x253.jpg 450w, https:\/\/calerodiving.com\/wp-content\/uploads\/2017\/10\/waikiki.jpg 1060w\" sizes=\"(max-width: 800px) 100vw, 800px\" \/>\t\t\t\t\t\t\t\t\t\t\t\t\t\t\t<\/div>\n\t\t\t\t<\/div>\n\t\t\t\t<div class=\"elementor-element elementor-element-c83b4f4 elementor-widget elementor-widget-text-editor\" data-id=\"c83b4f4\" data-element_type=\"widget\" data-e-type=\"widget\" data-widget_type=\"text-editor.default\">\n\t\t\t\t<div class=\"elementor-widget-container\">\n\t\t\t\t\t\t\t\t\t<p data-start=\"2663\" data-end=\"2802\">Waikiki est une vaste zone de plong\u00e9e situ\u00e9e au large de Playa Grande, particuli\u00e8rement appr\u00e9ci\u00e9e des plongeurs exp\u00e9riment\u00e9s et techniques.<\/p><p data-start=\"2804\" data-end=\"2922\">La plong\u00e9e principale commence vers 30 m\u00e8tres, l\u00e0 o\u00f9 le tombant du r\u00e9cif plonge vers des profondeurs plus importantes.<\/p><p data-start=\"2924\" data-end=\"3040\">\u00c0 partir de l\u00e0, tu peux soit longer le tombant, soit t\u2019aventurer dans le bleu vers des profondeurs plus importantes.<\/p><p data-start=\"3042\" data-end=\"3176\">Pour les plongeurs techniques qualifi\u00e9s, nous proposons des plong\u00e9es guid\u00e9es pour explorer ces zones plus profondes en toute s\u00e9curit\u00e9.<\/p><p data-start=\"3178\" data-end=\"3321\">Le site pr\u00e9sente de petites cavernes, des failles et des formations rocheuses volcaniques qui offrent un paysage sous-marin vari\u00e9 et captivant.<\/p><p data-start=\"3323\" data-end=\"3429\">Gr\u00e2ce \u00e0 sa taille, chaque plong\u00e9e est diff\u00e9rente et permet de d\u00e9couvrir de nouveaux aspects \u00e0 chaque fois.<\/p><p data-start=\"3431\" data-end=\"3563\">Si tu pratiques d\u00e9j\u00e0 la plong\u00e9e profonde ou technique, ou que tu souhaites \u00e9voluer dans cette direction, ce site est incontournable.<\/p>\t\t\t\t\t\t\t\t<\/div>\n\t\t\t\t<\/div>\n\t\t\t\t<\/div>\n\t\t\t\t<\/div>\n\t\t<div class=\"elementor-element elementor-element-ff1f8b0 e-con-full e-flex e-con e-child\" data-id=\"ff1f8b0\" data-element_type=\"container\" data-e-type=\"container\">\n\t\t<div class=\"elementor-element elementor-element-0c62d47 e-con-full course-sidebar-box e-flex e-con e-child\" data-id=\"0c62d47\" data-element_type=\"container\" data-e-type=\"container\" data-settings=\"{&quot;sticky&quot;:&quot;top&quot;,&quot;sticky_offset&quot;:110,&quot;sticky_effects_offset&quot;:130,&quot;sticky_parent&quot;:&quot;yes&quot;,&quot;sticky_on&quot;:[&quot;desktop&quot;,&quot;tablet&quot;,&quot;mobile&quot;],&quot;sticky_anchor_link_offset&quot;:0}\">\n\t\t\t\t<div class=\"elementor-element elementor-element-d0be659 elementor-widget elementor-widget-image\" data-id=\"d0be659\" data-element_type=\"widget\" data-e-type=\"widget\" data-widget_type=\"image.default\">\n\t\t\t\t<div class=\"elementor-widget-container\">\n\t\t\t\t\t\t\t\t\t\t\t\t\t\t\t<img decoding=\"async\" width=\"442\" height=\"442\" src=\"https:\/\/calerodiving.com\/wp-content\/uploads\/2025\/07\/Captura-de-pantalla-2025-07-17-a-las-13.56.06.png\" class=\"attachment-large size-large wp-image-21748\" alt=\"\" srcset=\"https:\/\/calerodiving.com\/wp-content\/uploads\/2025\/07\/Captura-de-pantalla-2025-07-17-a-las-13.56.06.png 442w, https:\/\/calerodiving.com\/wp-content\/uploads\/2025\/07\/Captura-de-pantalla-2025-07-17-a-las-13.56.06-300x300.png 300w, https:\/\/calerodiving.com\/wp-content\/uploads\/2025\/07\/Captura-de-pantalla-2025-07-17-a-las-13.56.06-80x80.png 80w\" sizes=\"(max-width: 442px) 100vw, 442px\" \/>\t\t\t\t\t\t\t\t\t\t\t\t\t\t\t<\/div>\n\t\t\t\t<\/div>\n\t\t\t\t<div class=\"elementor-element elementor-element-959f92c elementor-widget elementor-widget-text-editor\" data-id=\"959f92c\" data-element_type=\"widget\" data-e-type=\"widget\" data-widget_type=\"text-editor.default\">\n\t\t\t\t<div class=\"elementor-widget-container\">\n\t\t\t\t\t\t\t\t\t<div class=\"courses-info\">\n<p style=\"margin: 0 0 10px;\"><span style=\"color: #ffffff;\"><strong>Type de plong\u00e9e :<\/strong> tombant et pleine eau<\/span><\/p>\n<p style=\"margin: 0 0 10px;\"><span style=\"color: #ffffff;\"><strong>Profondeur maximale :<\/strong> env. 30+ m\u00e8tres<\/span><\/p>\n<p style=\"margin: 0 0 10px;\"><span style=\"color: #ffffff;\"><strong>Convient \u00e0 :<\/strong> plongeurs exp\u00e9riment\u00e9s, notamment en plong\u00e9e profonde et technique<\/span><\/p>\n<p style=\"margin: 0;\"><span style=\"color: #ffffff;\"><strong>\u00c0 observer :<\/strong> formations volcaniques, petites cavernes, failles et structures r\u00e9cifales<\/span><\/p>\n<\/div>\t\t\t\t\t\t\t\t<\/div>\n\t\t\t\t<\/div>\n\t\t\t\t<div class=\"elementor-element elementor-element-5e011f8 elementor-widget elementor-widget-ucaddon_underline_link_hover_effect\" data-id=\"5e011f8\" data-element_type=\"widget\" data-e-type=\"widget\" data-widget_type=\"ucaddon_underline_link_hover_effect.default\">\n\t\t\t\t<div class=\"elementor-widget-container\">\n\t\t\t\t\t\n<!-- start Underline Link Hover Effect -->\n\t\t<link id='font-awesome-css' href='https:\/\/calerodiving.com\/wp-content\/plugins\/unlimited-elements-for-elementor-premium\/assets_libraries\/font-awesome6\/fontawesome-all.min.css' type='text\/css' rel='stylesheet' >\n\t\t<link id='font-awesome-4-shim-css' href='https:\/\/calerodiving.com\/wp-content\/plugins\/unlimited-elements-for-elementor-premium\/assets_libraries\/font-awesome6\/fontawesome-v4-shims.min.css' type='text\/css' rel='stylesheet' >\n\n<style>\/* widget: Underline Link Hover Effect *\/\n\n#uc_underline_link_hover_effect_elementor_5e011f8{\n  display:flex;\n} \n\n#uc_underline_link_hover_effect_elementor_5e011f8 a.ue-link{\n  display:flex;\n  position:relative;\n  align-items:center;\n  justify-content:center;\n  text-decoration:none;\n}\n\n#uc_underline_link_hover_effect_elementor_5e011f8 a.ue-link:after{\n  content: \"\";\n    width:100%;\n    position:absolute;\n  bottom:0px;\n    left:0px;\n    display: block;\n  transition:1s;\n}\n\n#uc_underline_link_hover_effect_elementor_5e011f8 a:hover:after{\n    width:0%;\n  }\n\n#uc_underline_link_hover_effect_elementor_5e011f8 .ue-link-hover-effect-spacing{\n  transition:1s;\n}\n\n#uc_underline_link_hover_effect_elementor_5e011f8 .ue-link-hover-effect-text{\n  padding:10px 0px;\n}\n\n#uc_underline_link_hover_effect_elementor_5e011f8 .ue-link-hover-effect-icon{\n  line-height:1em;\n  transition:1s;\n}\n\n#uc_underline_link_hover_effect_elementor_5e011f8 .ue-link-hover-effect-icon svg{\n  height:1em;\n  width:1em;\n}\n\n<\/style>\n\n<div id=\"uc_underline_link_hover_effect_elementor_5e011f8\" class=\"ue-link-wrap\">\n  <a class=\"ue-link\" href=\"\" >\n    <div class=\"ue-link-hover-effect-text\">Contactez-nous<\/div>\n    <div class=\"ue-link-hover-effect-spacing\"><\/div>\n    <div class=\"ue-link-hover-effect-icon\"><i class='fas fa-arrow-right'><\/i><\/div>\n  <\/a>\n<\/div>\n<!-- end Underline Link Hover Effect -->\t\t\t\t<\/div>\n\t\t\t\t<\/div>\n\t\t\t\t<\/div>\n\t\t\t\t<\/div>\n\t\t\t\t\t<\/div>\n\t\t\t\t<\/div>\n\t\t\t\t<\/div>\n\t\t","protected":false},"excerpt":{"rendered":"<p>Waikiki Waikiki est une vaste zone de plong\u00e9e situ\u00e9e au large de Playa Grande, particuli\u00e8rement appr\u00e9ci\u00e9e des plongeurs exp\u00e9riment\u00e9s et techniques. La plong\u00e9e principale commence vers 30 m\u00e8tres, l\u00e0 o\u00f9 le tombant du r\u00e9cif plonge vers des profondeurs plus importantes. \u00c0 partir de l\u00e0, tu peux soit longer le tombant, soit t\u2019aventurer dans le bleu [&hellip;]<\/p>\n","protected":false},"author":10,"featured_media":0,"parent":0,"menu_order":0,"comment_status":"closed","ping_status":"closed","template":"","meta":{"_acf_changed":false,"footnotes":""},"class_list":["post-24852","page","type-page","status-publish","hentry"],"acf":[],"yoast_head":"<!-- This site is optimized with the Yoast SEO plugin v27.5 - https:\/\/yoast.com\/product\/yoast-seo-wordpress\/ -->\n<title>Waikiki | Calero Diving Lanzarote<\/title>\n<meta name=\"robots\" content=\"index, follow, max-snippet:-1, max-image-preview:large, max-video-preview:-1\" \/>\n<link rel=\"canonical\" href=\"https:\/\/calerodiving.com\/waikiki\/\" \/>\n<meta property=\"og:locale\" content=\"fr_FR\" \/>\n<meta property=\"og:type\" content=\"article\" \/>\n<meta property=\"og:title\" content=\"Waikiki | Calero Diving Lanzarote\" \/>\n<meta property=\"og:description\" content=\"Waikiki Waikiki est une vaste zone de plong\u00e9e situ\u00e9e au large de Playa Grande, particuli\u00e8rement appr\u00e9ci\u00e9e des plongeurs exp\u00e9riment\u00e9s et techniques. La plong\u00e9e principale commence vers 30 m\u00e8tres, l\u00e0 o\u00f9 le tombant du r\u00e9cif plonge vers des profondeurs plus importantes. \u00c0 partir de l\u00e0, tu peux soit longer le tombant, soit t\u2019aventurer dans le bleu [&hellip;]\" \/>\n<meta property=\"og:url\" content=\"https:\/\/calerodiving.com\/waikiki\/\" \/>\n<meta property=\"og:site_name\" content=\"Calero Diving Lanzarote\" \/>\n<meta property=\"article:publisher\" content=\"https:\/\/www.facebook.com\/calerodiving\/\" \/>\n<meta property=\"article:modified_time\" content=\"2026-04-20T13:58:52+00:00\" \/>\n<meta property=\"og:image\" content=\"https:\/\/calerodiving.com\/wp-content\/uploads\/2017\/10\/waikiki.jpg\" \/>\n\t<meta property=\"og:image:width\" content=\"1060\" \/>\n\t<meta property=\"og:image:height\" content=\"595\" \/>\n\t<meta property=\"og:image:type\" content=\"image\/jpeg\" \/>\n<meta name=\"twitter:card\" content=\"summary_large_image\" \/>\n<meta name=\"twitter:label1\" content=\"Dur\u00e9e de lecture estim\u00e9e\" \/>\n\t<meta name=\"twitter:data1\" content=\"2 minutes\" \/>\n<script type=\"application\/ld+json\" class=\"yoast-schema-graph\">{\"@context\":\"https:\\\/\\\/schema.org\",\"@graph\":[{\"@type\":\"WebPage\",\"@id\":\"https:\\\/\\\/calerodiving.com\\\/waikiki\\\/\",\"url\":\"https:\\\/\\\/calerodiving.com\\\/waikiki\\\/\",\"name\":\"Waikiki | Calero Diving Lanzarote\",\"isPartOf\":{\"@id\":\"https:\\\/\\\/calerodiving.com\\\/#website\"},\"primaryImageOfPage\":{\"@id\":\"https:\\\/\\\/calerodiving.com\\\/waikiki\\\/#primaryimage\"},\"image\":{\"@id\":\"https:\\\/\\\/calerodiving.com\\\/waikiki\\\/#primaryimage\"},\"thumbnailUrl\":\"https:\\\/\\\/calerodiving.com\\\/wp-content\\\/uploads\\\/2017\\\/10\\\/waikiki-1030x578.jpg\",\"datePublished\":\"2025-09-01T12:28:57+00:00\",\"dateModified\":\"2026-04-20T13:58:52+00:00\",\"breadcrumb\":{\"@id\":\"https:\\\/\\\/calerodiving.com\\\/waikiki\\\/#breadcrumb\"},\"inLanguage\":\"fr-FR\",\"potentialAction\":[{\"@type\":\"ReadAction\",\"target\":[\"https:\\\/\\\/calerodiving.com\\\/waikiki\\\/\"]}]},{\"@type\":\"ImageObject\",\"inLanguage\":\"fr-FR\",\"@id\":\"https:\\\/\\\/calerodiving.com\\\/waikiki\\\/#primaryimage\",\"url\":\"https:\\\/\\\/calerodiving.com\\\/wp-content\\\/uploads\\\/2017\\\/10\\\/waikiki-1030x578.jpg\",\"contentUrl\":\"https:\\\/\\\/calerodiving.com\\\/wp-content\\\/uploads\\\/2017\\\/10\\\/waikiki-1030x578.jpg\"},{\"@type\":\"BreadcrumbList\",\"@id\":\"https:\\\/\\\/calerodiving.com\\\/waikiki\\\/#breadcrumb\",\"itemListElement\":[{\"@type\":\"ListItem\",\"position\":1,\"name\":\"Home\",\"item\":\"https:\\\/\\\/calerodiving.com\\\/es\\\/\"},{\"@type\":\"ListItem\",\"position\":2,\"name\":\"Waikiki\"}]},{\"@type\":\"WebSite\",\"@id\":\"https:\\\/\\\/calerodiving.com\\\/#website\",\"url\":\"https:\\\/\\\/calerodiving.com\\\/\",\"name\":\"Calero Diving Lanzarote\",\"description\":\"Dive Center - Marina Puerto Calero Lanzarote\",\"publisher\":{\"@id\":\"https:\\\/\\\/calerodiving.com\\\/#organization\"},\"alternateName\":\"Calero Diving\",\"potentialAction\":[{\"@type\":\"SearchAction\",\"target\":{\"@type\":\"EntryPoint\",\"urlTemplate\":\"https:\\\/\\\/calerodiving.com\\\/?s={search_term_string}\"},\"query-input\":{\"@type\":\"PropertyValueSpecification\",\"valueRequired\":true,\"valueName\":\"search_term_string\"}}],\"inLanguage\":\"fr-FR\"},{\"@type\":\"Organization\",\"@id\":\"https:\\\/\\\/calerodiving.com\\\/#organization\",\"name\":\"Calero Diving Lanzarote\",\"alternateName\":\"Calero Diving\",\"url\":\"https:\\\/\\\/calerodiving.com\\\/\",\"logo\":{\"@type\":\"ImageObject\",\"inLanguage\":\"fr-FR\",\"@id\":\"https:\\\/\\\/calerodiving.com\\\/#\\\/schema\\\/logo\\\/image\\\/\",\"url\":\"https:\\\/\\\/calerodiving.com\\\/wp-content\\\/uploads\\\/2025\\\/05\\\/Grupo.png\",\"contentUrl\":\"https:\\\/\\\/calerodiving.com\\\/wp-content\\\/uploads\\\/2025\\\/05\\\/Grupo.png\",\"width\":499,\"height\":590,\"caption\":\"Calero Diving Lanzarote\"},\"image\":{\"@id\":\"https:\\\/\\\/calerodiving.com\\\/#\\\/schema\\\/logo\\\/image\\\/\"},\"sameAs\":[\"https:\\\/\\\/www.facebook.com\\\/calerodiving\\\/\",\"https:\\\/\\\/www.instagram.com\\\/calerodiving\\\/\"]}]}<\/script>\n<!-- \/ Yoast SEO plugin. -->","yoast_head_json":{"title":"Waikiki | Calero Diving Lanzarote","robots":{"index":"index","follow":"follow","max-snippet":"max-snippet:-1","max-image-preview":"max-image-preview:large","max-video-preview":"max-video-preview:-1"},"canonical":"https:\/\/calerodiving.com\/waikiki\/","og_locale":"fr_FR","og_type":"article","og_title":"Waikiki | Calero Diving Lanzarote","og_description":"Waikiki Waikiki est une vaste zone de plong\u00e9e situ\u00e9e au large de Playa Grande, particuli\u00e8rement appr\u00e9ci\u00e9e des plongeurs exp\u00e9riment\u00e9s et techniques. La plong\u00e9e principale commence vers 30 m\u00e8tres, l\u00e0 o\u00f9 le tombant du r\u00e9cif plonge vers des profondeurs plus importantes. \u00c0 partir de l\u00e0, tu peux soit longer le tombant, soit t\u2019aventurer dans le bleu [&hellip;]","og_url":"https:\/\/calerodiving.com\/waikiki\/","og_site_name":"Calero Diving Lanzarote","article_publisher":"https:\/\/www.facebook.com\/calerodiving\/","article_modified_time":"2026-04-20T13:58:52+00:00","og_image":[{"width":1060,"height":595,"url":"https:\/\/calerodiving.com\/wp-content\/uploads\/2017\/10\/waikiki.jpg","type":"image\/jpeg"}],"twitter_card":"summary_large_image","twitter_misc":{"Dur\u00e9e de lecture estim\u00e9e":"2 minutes"},"schema":{"@context":"https:\/\/schema.org","@graph":[{"@type":"WebPage","@id":"https:\/\/calerodiving.com\/waikiki\/","url":"https:\/\/calerodiving.com\/waikiki\/","name":"Waikiki | Calero Diving Lanzarote","isPartOf":{"@id":"https:\/\/calerodiving.com\/#website"},"primaryImageOfPage":{"@id":"https:\/\/calerodiving.com\/waikiki\/#primaryimage"},"image":{"@id":"https:\/\/calerodiving.com\/waikiki\/#primaryimage"},"thumbnailUrl":"https:\/\/calerodiving.com\/wp-content\/uploads\/2017\/10\/waikiki-1030x578.jpg","datePublished":"2025-09-01T12:28:57+00:00","dateModified":"2026-04-20T13:58:52+00:00","breadcrumb":{"@id":"https:\/\/calerodiving.com\/waikiki\/#breadcrumb"},"inLanguage":"fr-FR","potentialAction":[{"@type":"ReadAction","target":["https:\/\/calerodiving.com\/waikiki\/"]}]},{"@type":"ImageObject","inLanguage":"fr-FR","@id":"https:\/\/calerodiving.com\/waikiki\/#primaryimage","url":"https:\/\/calerodiving.com\/wp-content\/uploads\/2017\/10\/waikiki-1030x578.jpg","contentUrl":"https:\/\/calerodiving.com\/wp-content\/uploads\/2017\/10\/waikiki-1030x578.jpg"},{"@type":"BreadcrumbList","@id":"https:\/\/calerodiving.com\/waikiki\/#breadcrumb","itemListElement":[{"@type":"ListItem","position":1,"name":"Home","item":"https:\/\/calerodiving.com\/es\/"},{"@type":"ListItem","position":2,"name":"Waikiki"}]},{"@type":"WebSite","@id":"https:\/\/calerodiving.com\/#website","url":"https:\/\/calerodiving.com\/","name":"Calero Diving Lanzarote","description":"Dive Center - Marina Puerto Calero Lanzarote","publisher":{"@id":"https:\/\/calerodiving.com\/#organization"},"alternateName":"Calero Diving","potentialAction":[{"@type":"SearchAction","target":{"@type":"EntryPoint","urlTemplate":"https:\/\/calerodiving.com\/?s={search_term_string}"},"query-input":{"@type":"PropertyValueSpecification","valueRequired":true,"valueName":"search_term_string"}}],"inLanguage":"fr-FR"},{"@type":"Organization","@id":"https:\/\/calerodiving.com\/#organization","name":"Calero Diving Lanzarote","alternateName":"Calero Diving","url":"https:\/\/calerodiving.com\/","logo":{"@type":"ImageObject","inLanguage":"fr-FR","@id":"https:\/\/calerodiving.com\/#\/schema\/logo\/image\/","url":"https:\/\/calerodiving.com\/wp-content\/uploads\/2025\/05\/Grupo.png","contentUrl":"https:\/\/calerodiving.com\/wp-content\/uploads\/2025\/05\/Grupo.png","width":499,"height":590,"caption":"Calero Diving Lanzarote"},"image":{"@id":"https:\/\/calerodiving.com\/#\/schema\/logo\/image\/"},"sameAs":["https:\/\/www.facebook.com\/calerodiving\/","https:\/\/www.instagram.com\/calerodiving\/"]}]}},"_links":{"self":[{"href":"https:\/\/calerodiving.com\/fr\/wp-json\/wp\/v2\/pages\/24852","targetHints":{"allow":["GET"]}}],"collection":[{"href":"https:\/\/calerodiving.com\/fr\/wp-json\/wp\/v2\/pages"}],"about":[{"href":"https:\/\/calerodiving.com\/fr\/wp-json\/wp\/v2\/types\/page"}],"author":[{"embeddable":true,"href":"https:\/\/calerodiving.com\/fr\/wp-json\/wp\/v2\/users\/10"}],"replies":[{"embeddable":true,"href":"https:\/\/calerodiving.com\/fr\/wp-json\/wp\/v2\/comments?post=24852"}],"version-history":[{"count":7,"href":"https:\/\/calerodiving.com\/fr\/wp-json\/wp\/v2\/pages\/24852\/revisions"}],"predecessor-version":[{"id":28624,"href":"https:\/\/calerodiving.com\/fr\/wp-json\/wp\/v2\/pages\/24852\/revisions\/28624"}],"wp:attachment":[{"href":"https:\/\/calerodiving.com\/fr\/wp-json\/wp\/v2\/media?parent=24852"}],"curies":[{"name":"wp","href":"https:\/\/api.w.org\/{rel}","templated":true}]}}