{"id":24840,"date":"2025-09-01T13:28:52","date_gmt":"2025-09-01T12:28:52","guid":{"rendered":"https:\/\/calerodiving.com\/grotte-de-las-gambas\/"},"modified":"2026-04-20T14:51:56","modified_gmt":"2026-04-20T13:51:56","slug":"grotte-de-las-gambas","status":"publish","type":"page","link":"https:\/\/calerodiving.com\/fr\/grotte-de-las-gambas\/","title":{"rendered":"Grotte de Las Gambas"},"content":{"rendered":"\t\t<div data-elementor-type=\"wp-page\" data-elementor-id=\"24840\" class=\"elementor elementor-24840 elementor-19972\" data-elementor-post-type=\"page\">\n\t\t\t\t<div class=\"elementor-element elementor-element-3e4e466 e-flex e-con-boxed e-con e-parent\" data-id=\"3e4e466\" data-element_type=\"container\" data-e-type=\"container\">\n\t\t\t\t\t<div class=\"e-con-inner\">\n\t\t<div class=\"elementor-element elementor-element-1f5d132 e-con-full e-flex e-con e-child\" data-id=\"1f5d132\" data-element_type=\"container\" data-e-type=\"container\">\n\t\t<div class=\"elementor-element elementor-element-86ec534 e-con-full e-flex e-con e-child\" data-id=\"86ec534\" data-element_type=\"container\" data-e-type=\"container\">\n\t\t\t\t<div class=\"elementor-element elementor-element-35c42f5 elementor-widget elementor-widget-heading\" data-id=\"35c42f5\" data-element_type=\"widget\" data-e-type=\"widget\" data-widget_type=\"heading.default\">\n\t\t\t\t<div class=\"elementor-widget-container\">\n\t\t\t\t\t<h2 class=\"elementor-heading-title elementor-size-default\">Grotte de Las Gambas<\/h2>\t\t\t\t<\/div>\n\t\t\t\t<\/div>\n\t\t\t\t<\/div>\n\t\t\t\t<\/div>\n\t\t\t\t\t<\/div>\n\t\t\t\t<\/div>\n\t\t<div class=\"elementor-element elementor-element-6270e37 e-flex e-con-boxed e-con e-parent\" data-id=\"6270e37\" data-element_type=\"container\" data-e-type=\"container\">\n\t\t\t\t\t<div class=\"e-con-inner\">\n\t\t<div class=\"elementor-element elementor-element-a032865 e-con-full e-flex e-con e-child\" data-id=\"a032865\" data-element_type=\"container\" data-e-type=\"container\">\n\t\t<div class=\"elementor-element elementor-element-91f31ea e-con-full e-flex e-con e-child\" data-id=\"91f31ea\" data-element_type=\"container\" data-e-type=\"container\">\n\t\t\t\t<div class=\"elementor-element elementor-element-3736220 elementor-widget elementor-widget-image\" data-id=\"3736220\" data-element_type=\"widget\" data-e-type=\"widget\" data-widget_type=\"image.default\">\n\t\t\t\t<div class=\"elementor-widget-container\">\n\t\t\t\t\t\t\t\t\t\t\t\t\t\t\t<img fetchpriority=\"high\" decoding=\"async\" width=\"800\" height=\"449\" src=\"https:\/\/calerodiving.com\/wp-content\/uploads\/2017\/10\/cueva-de-los-gambas-1030x578.jpg\" class=\"attachment-large size-large wp-image-3879\" alt=\"\" srcset=\"https:\/\/calerodiving.com\/wp-content\/uploads\/2017\/10\/cueva-de-los-gambas-1030x578.jpg 1030w, https:\/\/calerodiving.com\/wp-content\/uploads\/2017\/10\/cueva-de-los-gambas-300x168.jpg 300w, https:\/\/calerodiving.com\/wp-content\/uploads\/2017\/10\/cueva-de-los-gambas-768x431.jpg 768w, https:\/\/calerodiving.com\/wp-content\/uploads\/2017\/10\/cueva-de-los-gambas-705x396.jpg 705w, https:\/\/calerodiving.com\/wp-content\/uploads\/2017\/10\/cueva-de-los-gambas-450x253.jpg 450w, https:\/\/calerodiving.com\/wp-content\/uploads\/2017\/10\/cueva-de-los-gambas.jpg 1060w\" sizes=\"(max-width: 800px) 100vw, 800px\" \/>\t\t\t\t\t\t\t\t\t\t\t\t\t\t\t<\/div>\n\t\t\t\t<\/div>\n\t\t\t\t<div class=\"elementor-element elementor-element-8427a24 elementor-widget elementor-widget-text-editor\" data-id=\"8427a24\" data-element_type=\"widget\" data-e-type=\"widget\" data-widget_type=\"text-editor.default\">\n\t\t\t\t<div class=\"elementor-widget-container\">\n\t\t\t\t\t\t\t\t\t<p data-start=\"3254\" data-end=\"3387\">Cueva de las Gambas est un site de plong\u00e9e r\u00e9put\u00e9 \u00e0 Puerto del Carmen, particuli\u00e8rement appr\u00e9ci\u00e9 des plongeurs avanc\u00e9s et techniques.<\/p><p data-start=\"3389\" data-end=\"3495\">La plong\u00e9e se d\u00e9roule le long d\u2019un tombant qui m\u00e8ne \u00e0 une grotte situ\u00e9e \u00e0 environ 40 m\u00e8tres de profondeur.<\/p><p data-start=\"3497\" data-end=\"3637\">En raison de sa profondeur et de son profil, cette plong\u00e9e s\u2019adresse aux plongeurs exp\u00e9riment\u00e9s, notamment en plong\u00e9e profonde et technique.<\/p><p data-start=\"3639\" data-end=\"3767\">\u00c0 l\u2019int\u00e9rieur de la grotte, de grands bancs de crevettes se rassemblent dans l\u2019obscurit\u00e9, cr\u00e9ant une sc\u00e8ne unique et fascinante.<\/p><p data-start=\"3769\" data-end=\"3870\">Les m\u00e9rous patrouillent souvent dans la grotte, attendant le moment id\u00e9al pour chasser les crevettes.<\/p><p data-start=\"3872\" data-end=\"3976\">La plong\u00e9e commence g\u00e9n\u00e9ralement \u00e0 Playa Chica et suit le tombant vers des profondeurs plus importantes.<\/p><p data-start=\"3978\" data-end=\"4129\">Lors de la descente, tu croiseras souvent des anguilles jardini\u00e8res et une grande diversit\u00e9 de vie r\u00e9cifale avant d\u2019atteindre les zones plus profondes.<\/p><p data-start=\"4131\" data-end=\"4233\">L\u2019entr\u00e9e dans la grotte doit se faire avec pr\u00e9caution, en respectant la profondeur et l\u2019environnement.<\/p><p data-start=\"4235\" data-end=\"4354\">En raison de la profondeur, une planification rigoureuse est n\u00e9cessaire, incluant d\u2019\u00e9ventuels paliers de d\u00e9compression.<\/p>\t\t\t\t\t\t\t\t<\/div>\n\t\t\t\t<\/div>\n\t\t\t\t<\/div>\n\t\t\t\t<\/div>\n\t\t<div class=\"elementor-element elementor-element-82affa6 e-con-full e-flex e-con e-child\" data-id=\"82affa6\" data-element_type=\"container\" data-e-type=\"container\">\n\t\t<div class=\"elementor-element elementor-element-47109a8 e-con-full course-sidebar-box e-flex e-con e-child\" data-id=\"47109a8\" data-element_type=\"container\" data-e-type=\"container\" data-settings=\"{&quot;sticky&quot;:&quot;top&quot;,&quot;sticky_offset&quot;:110,&quot;sticky_effects_offset&quot;:130,&quot;sticky_parent&quot;:&quot;yes&quot;,&quot;sticky_on&quot;:[&quot;desktop&quot;,&quot;tablet&quot;,&quot;mobile&quot;],&quot;sticky_anchor_link_offset&quot;:0}\">\n\t\t\t\t<div class=\"elementor-element elementor-element-2c55758 elementor-widget elementor-widget-image\" data-id=\"2c55758\" data-element_type=\"widget\" data-e-type=\"widget\" data-widget_type=\"image.default\">\n\t\t\t\t<div class=\"elementor-widget-container\">\n\t\t\t\t\t\t\t\t\t\t\t\t\t\t\t<img decoding=\"async\" width=\"190\" height=\"186\" src=\"https:\/\/calerodiving.com\/wp-content\/uploads\/2025\/07\/Cueva_de_las_gambas.png\" class=\"attachment-large size-large wp-image-21740\" alt=\"\" \/>\t\t\t\t\t\t\t\t\t\t\t\t\t\t\t<\/div>\n\t\t\t\t<\/div>\n\t\t\t\t<div class=\"elementor-element elementor-element-9a4838b elementor-widget elementor-widget-text-editor\" data-id=\"9a4838b\" data-element_type=\"widget\" data-e-type=\"widget\" data-widget_type=\"text-editor.default\">\n\t\t\t\t<div class=\"elementor-widget-container\">\n\t\t\t\t\t\t\t\t\t<div class=\"courses-info\">\n<p style=\"margin: 0 0 10px;\"><span style=\"color: #ffffff;\"><strong>Type de plong\u00e9e :<\/strong> tombant et grotte<\/span><\/p>\n<p style=\"margin: 0 0 10px;\"><span style=\"color: #ffffff;\"><strong>Profondeur maximale :<\/strong> env. 40 m\u00e8tres<\/span><\/p>\n<p style=\"margin: 0 0 10px;\"><span style=\"color: #ffffff;\"><strong>Convient \u00e0 :<\/strong> plongeurs avanc\u00e9s, notamment en plong\u00e9e profonde et technique<\/span><\/p>\n<p style=\"margin: 0;\"><span style=\"color: #ffffff;\"><strong>\u00c0 observer :<\/strong> formations de grotte, bancs de crevettes, m\u00e9rous et faune r\u00e9cifale profonde<\/span><\/p>\n<\/div>\t\t\t\t\t\t\t\t<\/div>\n\t\t\t\t<\/div>\n\t\t\t\t<div class=\"elementor-element elementor-element-60b3dd7 elementor-widget elementor-widget-ucaddon_underline_link_hover_effect\" data-id=\"60b3dd7\" data-element_type=\"widget\" data-e-type=\"widget\" data-widget_type=\"ucaddon_underline_link_hover_effect.default\">\n\t\t\t\t<div class=\"elementor-widget-container\">\n\t\t\t\t\t\n<!-- start Underline Link Hover Effect -->\n\t\t<link id='font-awesome-css' href='https:\/\/calerodiving.com\/wp-content\/plugins\/unlimited-elements-for-elementor-premium\/assets_libraries\/font-awesome6\/fontawesome-all.min.css' type='text\/css' rel='stylesheet' >\n\t\t<link id='font-awesome-4-shim-css' href='https:\/\/calerodiving.com\/wp-content\/plugins\/unlimited-elements-for-elementor-premium\/assets_libraries\/font-awesome6\/fontawesome-v4-shims.min.css' type='text\/css' rel='stylesheet' >\n\n<style>\/* widget: Underline Link Hover Effect *\/\n\n#uc_underline_link_hover_effect_elementor_60b3dd7{\n  display:flex;\n} \n\n#uc_underline_link_hover_effect_elementor_60b3dd7 a.ue-link{\n  display:flex;\n  position:relative;\n  align-items:center;\n  justify-content:center;\n  text-decoration:none;\n}\n\n#uc_underline_link_hover_effect_elementor_60b3dd7 a.ue-link:after{\n  content: \"\";\n    width:100%;\n    position:absolute;\n  bottom:0px;\n    left:0px;\n    display: block;\n  transition:1s;\n}\n\n#uc_underline_link_hover_effect_elementor_60b3dd7 a:hover:after{\n    width:0%;\n  }\n\n#uc_underline_link_hover_effect_elementor_60b3dd7 .ue-link-hover-effect-spacing{\n  transition:1s;\n}\n\n#uc_underline_link_hover_effect_elementor_60b3dd7 .ue-link-hover-effect-text{\n  padding:10px 0px;\n}\n\n#uc_underline_link_hover_effect_elementor_60b3dd7 .ue-link-hover-effect-icon{\n  line-height:1em;\n  transition:1s;\n}\n\n#uc_underline_link_hover_effect_elementor_60b3dd7 .ue-link-hover-effect-icon svg{\n  height:1em;\n  width:1em;\n}\n\n<\/style>\n\n<div id=\"uc_underline_link_hover_effect_elementor_60b3dd7\" class=\"ue-link-wrap\">\n  <a class=\"ue-link\" href=\"\" >\n    <div class=\"ue-link-hover-effect-text\">Contactez-nous<\/div>\n    <div class=\"ue-link-hover-effect-spacing\"><\/div>\n    <div class=\"ue-link-hover-effect-icon\"><i class='fas fa-arrow-right'><\/i><\/div>\n  <\/a>\n<\/div>\n<!-- end Underline Link Hover Effect -->\t\t\t\t<\/div>\n\t\t\t\t<\/div>\n\t\t\t\t<\/div>\n\t\t\t\t<\/div>\n\t\t\t\t\t<\/div>\n\t\t\t\t<\/div>\n\t\t\t\t<\/div>\n\t\t","protected":false},"excerpt":{"rendered":"<p>Grotte de Las Gambas Cueva de las Gambas est un site de plong\u00e9e r\u00e9put\u00e9 \u00e0 Puerto del Carmen, particuli\u00e8rement appr\u00e9ci\u00e9 des plongeurs avanc\u00e9s et techniques. La plong\u00e9e se d\u00e9roule le long d\u2019un tombant qui m\u00e8ne \u00e0 une grotte situ\u00e9e \u00e0 environ 40 m\u00e8tres de profondeur. En raison de sa profondeur et de son profil, cette [&hellip;]<\/p>\n","protected":false},"author":10,"featured_media":0,"parent":0,"menu_order":0,"comment_status":"closed","ping_status":"closed","template":"","meta":{"_acf_changed":false,"footnotes":""},"class_list":["post-24840","page","type-page","status-publish","hentry"],"acf":[],"yoast_head":"<!-- This site is optimized with the Yoast SEO plugin v27.5 - https:\/\/yoast.com\/product\/yoast-seo-wordpress\/ -->\n<title>Grotte de Las Gambas | Calero Diving Lanzarote<\/title>\n<meta name=\"robots\" content=\"index, follow, max-snippet:-1, max-image-preview:large, max-video-preview:-1\" \/>\n<link rel=\"canonical\" href=\"https:\/\/calerodiving.com\/cueva-de-las-gambas\/\" \/>\n<meta property=\"og:locale\" content=\"fr_FR\" \/>\n<meta property=\"og:type\" content=\"article\" \/>\n<meta property=\"og:title\" content=\"Grotte de Las Gambas | Calero Diving Lanzarote\" \/>\n<meta property=\"og:description\" content=\"Grotte de Las Gambas Cueva de las Gambas est un site de plong\u00e9e r\u00e9put\u00e9 \u00e0 Puerto del Carmen, particuli\u00e8rement appr\u00e9ci\u00e9 des plongeurs avanc\u00e9s et techniques. La plong\u00e9e se d\u00e9roule le long d\u2019un tombant qui m\u00e8ne \u00e0 une grotte situ\u00e9e \u00e0 environ 40 m\u00e8tres de profondeur. En raison de sa profondeur et de son profil, cette [&hellip;]\" \/>\n<meta property=\"og:url\" content=\"https:\/\/calerodiving.com\/cueva-de-las-gambas\/\" \/>\n<meta property=\"og:site_name\" content=\"Calero Diving Lanzarote\" \/>\n<meta property=\"article:publisher\" content=\"https:\/\/www.facebook.com\/calerodiving\/\" \/>\n<meta property=\"article:modified_time\" content=\"2026-04-20T13:51:56+00:00\" \/>\n<meta property=\"og:image\" content=\"https:\/\/calerodiving.com\/wp-content\/uploads\/2017\/10\/cueva-de-los-gambas.jpg\" \/>\n\t<meta property=\"og:image:width\" content=\"1060\" \/>\n\t<meta property=\"og:image:height\" content=\"595\" \/>\n\t<meta property=\"og:image:type\" content=\"image\/jpeg\" \/>\n<meta name=\"twitter:card\" content=\"summary_large_image\" \/>\n<meta name=\"twitter:label1\" content=\"Dur\u00e9e de lecture estim\u00e9e\" \/>\n\t<meta name=\"twitter:data1\" content=\"2 minutes\" \/>\n<script type=\"application\/ld+json\" class=\"yoast-schema-graph\">{\"@context\":\"https:\\\/\\\/schema.org\",\"@graph\":[{\"@type\":\"WebPage\",\"@id\":\"https:\\\/\\\/calerodiving.com\\\/cueva-de-las-gambas\\\/\",\"url\":\"https:\\\/\\\/calerodiving.com\\\/cueva-de-las-gambas\\\/\",\"name\":\"Grotte de Las Gambas | Calero Diving Lanzarote\",\"isPartOf\":{\"@id\":\"https:\\\/\\\/calerodiving.com\\\/#website\"},\"primaryImageOfPage\":{\"@id\":\"https:\\\/\\\/calerodiving.com\\\/cueva-de-las-gambas\\\/#primaryimage\"},\"image\":{\"@id\":\"https:\\\/\\\/calerodiving.com\\\/cueva-de-las-gambas\\\/#primaryimage\"},\"thumbnailUrl\":\"https:\\\/\\\/calerodiving.com\\\/wp-content\\\/uploads\\\/2017\\\/10\\\/cueva-de-los-gambas-1030x578.jpg\",\"datePublished\":\"2025-09-01T12:28:52+00:00\",\"dateModified\":\"2026-04-20T13:51:56+00:00\",\"breadcrumb\":{\"@id\":\"https:\\\/\\\/calerodiving.com\\\/cueva-de-las-gambas\\\/#breadcrumb\"},\"inLanguage\":\"fr-FR\",\"potentialAction\":[{\"@type\":\"ReadAction\",\"target\":[\"https:\\\/\\\/calerodiving.com\\\/cueva-de-las-gambas\\\/\"]}]},{\"@type\":\"ImageObject\",\"inLanguage\":\"fr-FR\",\"@id\":\"https:\\\/\\\/calerodiving.com\\\/cueva-de-las-gambas\\\/#primaryimage\",\"url\":\"https:\\\/\\\/calerodiving.com\\\/wp-content\\\/uploads\\\/2017\\\/10\\\/cueva-de-los-gambas-1030x578.jpg\",\"contentUrl\":\"https:\\\/\\\/calerodiving.com\\\/wp-content\\\/uploads\\\/2017\\\/10\\\/cueva-de-los-gambas-1030x578.jpg\"},{\"@type\":\"BreadcrumbList\",\"@id\":\"https:\\\/\\\/calerodiving.com\\\/cueva-de-las-gambas\\\/#breadcrumb\",\"itemListElement\":[{\"@type\":\"ListItem\",\"position\":1,\"name\":\"Home\",\"item\":\"https:\\\/\\\/calerodiving.com\\\/es\\\/\"},{\"@type\":\"ListItem\",\"position\":2,\"name\":\"Grotte de Las Gambas\"}]},{\"@type\":\"WebSite\",\"@id\":\"https:\\\/\\\/calerodiving.com\\\/#website\",\"url\":\"https:\\\/\\\/calerodiving.com\\\/\",\"name\":\"Calero Diving Lanzarote\",\"description\":\"Dive Center - Marina Puerto Calero Lanzarote\",\"publisher\":{\"@id\":\"https:\\\/\\\/calerodiving.com\\\/#organization\"},\"alternateName\":\"Calero Diving\",\"potentialAction\":[{\"@type\":\"SearchAction\",\"target\":{\"@type\":\"EntryPoint\",\"urlTemplate\":\"https:\\\/\\\/calerodiving.com\\\/?s={search_term_string}\"},\"query-input\":{\"@type\":\"PropertyValueSpecification\",\"valueRequired\":true,\"valueName\":\"search_term_string\"}}],\"inLanguage\":\"fr-FR\"},{\"@type\":\"Organization\",\"@id\":\"https:\\\/\\\/calerodiving.com\\\/#organization\",\"name\":\"Calero Diving Lanzarote\",\"alternateName\":\"Calero Diving\",\"url\":\"https:\\\/\\\/calerodiving.com\\\/\",\"logo\":{\"@type\":\"ImageObject\",\"inLanguage\":\"fr-FR\",\"@id\":\"https:\\\/\\\/calerodiving.com\\\/#\\\/schema\\\/logo\\\/image\\\/\",\"url\":\"https:\\\/\\\/calerodiving.com\\\/wp-content\\\/uploads\\\/2025\\\/05\\\/Grupo.png\",\"contentUrl\":\"https:\\\/\\\/calerodiving.com\\\/wp-content\\\/uploads\\\/2025\\\/05\\\/Grupo.png\",\"width\":499,\"height\":590,\"caption\":\"Calero Diving Lanzarote\"},\"image\":{\"@id\":\"https:\\\/\\\/calerodiving.com\\\/#\\\/schema\\\/logo\\\/image\\\/\"},\"sameAs\":[\"https:\\\/\\\/www.facebook.com\\\/calerodiving\\\/\",\"https:\\\/\\\/www.instagram.com\\\/calerodiving\\\/\"]}]}<\/script>\n<!-- \/ Yoast SEO plugin. -->","yoast_head_json":{"title":"Grotte de Las Gambas | Calero Diving Lanzarote","robots":{"index":"index","follow":"follow","max-snippet":"max-snippet:-1","max-image-preview":"max-image-preview:large","max-video-preview":"max-video-preview:-1"},"canonical":"https:\/\/calerodiving.com\/cueva-de-las-gambas\/","og_locale":"fr_FR","og_type":"article","og_title":"Grotte de Las Gambas | Calero Diving Lanzarote","og_description":"Grotte de Las Gambas Cueva de las Gambas est un site de plong\u00e9e r\u00e9put\u00e9 \u00e0 Puerto del Carmen, particuli\u00e8rement appr\u00e9ci\u00e9 des plongeurs avanc\u00e9s et techniques. La plong\u00e9e se d\u00e9roule le long d\u2019un tombant qui m\u00e8ne \u00e0 une grotte situ\u00e9e \u00e0 environ 40 m\u00e8tres de profondeur. En raison de sa profondeur et de son profil, cette [&hellip;]","og_url":"https:\/\/calerodiving.com\/cueva-de-las-gambas\/","og_site_name":"Calero Diving Lanzarote","article_publisher":"https:\/\/www.facebook.com\/calerodiving\/","article_modified_time":"2026-04-20T13:51:56+00:00","og_image":[{"width":1060,"height":595,"url":"https:\/\/calerodiving.com\/wp-content\/uploads\/2017\/10\/cueva-de-los-gambas.jpg","type":"image\/jpeg"}],"twitter_card":"summary_large_image","twitter_misc":{"Dur\u00e9e de lecture estim\u00e9e":"2 minutes"},"schema":{"@context":"https:\/\/schema.org","@graph":[{"@type":"WebPage","@id":"https:\/\/calerodiving.com\/cueva-de-las-gambas\/","url":"https:\/\/calerodiving.com\/cueva-de-las-gambas\/","name":"Grotte de Las Gambas | Calero Diving Lanzarote","isPartOf":{"@id":"https:\/\/calerodiving.com\/#website"},"primaryImageOfPage":{"@id":"https:\/\/calerodiving.com\/cueva-de-las-gambas\/#primaryimage"},"image":{"@id":"https:\/\/calerodiving.com\/cueva-de-las-gambas\/#primaryimage"},"thumbnailUrl":"https:\/\/calerodiving.com\/wp-content\/uploads\/2017\/10\/cueva-de-los-gambas-1030x578.jpg","datePublished":"2025-09-01T12:28:52+00:00","dateModified":"2026-04-20T13:51:56+00:00","breadcrumb":{"@id":"https:\/\/calerodiving.com\/cueva-de-las-gambas\/#breadcrumb"},"inLanguage":"fr-FR","potentialAction":[{"@type":"ReadAction","target":["https:\/\/calerodiving.com\/cueva-de-las-gambas\/"]}]},{"@type":"ImageObject","inLanguage":"fr-FR","@id":"https:\/\/calerodiving.com\/cueva-de-las-gambas\/#primaryimage","url":"https:\/\/calerodiving.com\/wp-content\/uploads\/2017\/10\/cueva-de-los-gambas-1030x578.jpg","contentUrl":"https:\/\/calerodiving.com\/wp-content\/uploads\/2017\/10\/cueva-de-los-gambas-1030x578.jpg"},{"@type":"BreadcrumbList","@id":"https:\/\/calerodiving.com\/cueva-de-las-gambas\/#breadcrumb","itemListElement":[{"@type":"ListItem","position":1,"name":"Home","item":"https:\/\/calerodiving.com\/es\/"},{"@type":"ListItem","position":2,"name":"Grotte de Las Gambas"}]},{"@type":"WebSite","@id":"https:\/\/calerodiving.com\/#website","url":"https:\/\/calerodiving.com\/","name":"Calero Diving Lanzarote","description":"Dive Center - Marina Puerto Calero Lanzarote","publisher":{"@id":"https:\/\/calerodiving.com\/#organization"},"alternateName":"Calero Diving","potentialAction":[{"@type":"SearchAction","target":{"@type":"EntryPoint","urlTemplate":"https:\/\/calerodiving.com\/?s={search_term_string}"},"query-input":{"@type":"PropertyValueSpecification","valueRequired":true,"valueName":"search_term_string"}}],"inLanguage":"fr-FR"},{"@type":"Organization","@id":"https:\/\/calerodiving.com\/#organization","name":"Calero Diving Lanzarote","alternateName":"Calero Diving","url":"https:\/\/calerodiving.com\/","logo":{"@type":"ImageObject","inLanguage":"fr-FR","@id":"https:\/\/calerodiving.com\/#\/schema\/logo\/image\/","url":"https:\/\/calerodiving.com\/wp-content\/uploads\/2025\/05\/Grupo.png","contentUrl":"https:\/\/calerodiving.com\/wp-content\/uploads\/2025\/05\/Grupo.png","width":499,"height":590,"caption":"Calero Diving Lanzarote"},"image":{"@id":"https:\/\/calerodiving.com\/#\/schema\/logo\/image\/"},"sameAs":["https:\/\/www.facebook.com\/calerodiving\/","https:\/\/www.instagram.com\/calerodiving\/"]}]}},"_links":{"self":[{"href":"https:\/\/calerodiving.com\/fr\/wp-json\/wp\/v2\/pages\/24840","targetHints":{"allow":["GET"]}}],"collection":[{"href":"https:\/\/calerodiving.com\/fr\/wp-json\/wp\/v2\/pages"}],"about":[{"href":"https:\/\/calerodiving.com\/fr\/wp-json\/wp\/v2\/types\/page"}],"author":[{"embeddable":true,"href":"https:\/\/calerodiving.com\/fr\/wp-json\/wp\/v2\/users\/10"}],"replies":[{"embeddable":true,"href":"https:\/\/calerodiving.com\/fr\/wp-json\/wp\/v2\/comments?post=24840"}],"version-history":[{"count":7,"href":"https:\/\/calerodiving.com\/fr\/wp-json\/wp\/v2\/pages\/24840\/revisions"}],"predecessor-version":[{"id":28606,"href":"https:\/\/calerodiving.com\/fr\/wp-json\/wp\/v2\/pages\/24840\/revisions\/28606"}],"wp:attachment":[{"href":"https:\/\/calerodiving.com\/fr\/wp-json\/wp\/v2\/media?parent=24840"}],"curies":[{"name":"wp","href":"https:\/\/api.w.org\/{rel}","templated":true}]}}