{"id":24831,"date":"2025-09-01T13:28:46","date_gmt":"2025-09-01T12:28:46","guid":{"rendered":"https:\/\/calerodiving.com\/plongee-independante\/"},"modified":"2026-04-23T13:05:32","modified_gmt":"2026-04-23T12:05:32","slug":"independent-diving","status":"publish","type":"page","link":"https:\/\/calerodiving.com\/fr\/independent-diving\/","title":{"rendered":"Independent Diving"},"content":{"rendered":"\t\t<div data-elementor-type=\"wp-page\" data-elementor-id=\"24831\" class=\"elementor elementor-24831 elementor-20577\" data-elementor-post-type=\"page\">\n\t\t\t\t<div class=\"elementor-element elementor-element-9ed4749 e-flex e-con-boxed e-con e-parent\" data-id=\"9ed4749\" data-element_type=\"container\" data-e-type=\"container\">\n\t\t\t\t\t<div class=\"e-con-inner\">\n\t\t<div class=\"elementor-element elementor-element-98cdae3 e-con-full e-flex e-con e-child\" data-id=\"98cdae3\" data-element_type=\"container\" data-e-type=\"container\">\n\t\t\t\t<div class=\"elementor-element elementor-element-551634a elementor-widget elementor-widget-image\" data-id=\"551634a\" data-element_type=\"widget\" data-e-type=\"widget\" data-widget_type=\"image.default\">\n\t\t\t\t<div class=\"elementor-widget-container\">\n\t\t\t\t\t\t\t\t\t\t\t\t\t\t\t<img fetchpriority=\"high\" decoding=\"async\" width=\"350\" height=\"222\" src=\"https:\/\/calerodiving.com\/wp-content\/uploads\/2017\/10\/independent-diving.jpg\" class=\"attachment-large size-large wp-image-1929\" alt=\"\" srcset=\"https:\/\/calerodiving.com\/wp-content\/uploads\/2017\/10\/independent-diving.jpg 350w, https:\/\/calerodiving.com\/wp-content\/uploads\/2017\/10\/independent-diving-300x190.jpg 300w\" sizes=\"(max-width: 350px) 100vw, 350px\" \/>\t\t\t\t\t\t\t\t\t\t\t\t\t\t\t<\/div>\n\t\t\t\t<\/div>\n\t\t\t\t<\/div>\n\t\t<div class=\"elementor-element elementor-element-c56c541 e-con-full e-flex e-con e-child\" data-id=\"c56c541\" data-element_type=\"container\" data-e-type=\"container\">\n\t\t<div class=\"elementor-element elementor-element-407a49a e-con-full e-flex e-con e-child\" data-id=\"407a49a\" data-element_type=\"container\" data-e-type=\"container\">\n\t\t\t\t<div class=\"elementor-element elementor-element-a318cff elementor-widget elementor-widget-html\" data-id=\"a318cff\" data-element_type=\"widget\" data-e-type=\"widget\" data-widget_type=\"html.default\">\n\t\t\t\t<div class=\"elementor-widget-container\">\n\t\t\t\t\t<a href=\"https:\/\/calerodiving.com\/fr\/cours-de-plongee-loisir\/#specialties\" class=\"tag-button\">sp\u00e9cialit\u00e9s<\/a>\n\t\t\t\t<\/div>\n\t\t\t\t<\/div>\n\t\t\t\t<div class=\"elementor-element elementor-element-1e3af65 elementor-widget elementor-widget-heading\" data-id=\"1e3af65\" data-element_type=\"widget\" data-e-type=\"widget\" data-widget_type=\"heading.default\">\n\t\t\t\t<div class=\"elementor-widget-container\">\n\t\t\t\t\t<h2 class=\"elementor-heading-title elementor-size-default\">Independent Diving<\/h2>\t\t\t\t<\/div>\n\t\t\t\t<\/div>\n\t\t\t\t<\/div>\n\t\t\t\t<\/div>\n\t\t\t\t\t<\/div>\n\t\t\t\t<\/div>\n\t\t<div class=\"elementor-element elementor-element-dbcf3d3 e-flex e-con-boxed e-con e-parent\" data-id=\"dbcf3d3\" data-element_type=\"container\" data-e-type=\"container\">\n\t\t\t\t\t<div class=\"e-con-inner\">\n\t\t<div class=\"elementor-element elementor-element-ba5b107 e-con-full e-flex e-con e-child\" data-id=\"ba5b107\" data-element_type=\"container\" data-e-type=\"container\">\n\t\t<div class=\"elementor-element elementor-element-4551504 e-con-full e-flex e-con e-child\" data-id=\"4551504\" data-element_type=\"container\" data-e-type=\"container\">\n\t\t\t\t<div class=\"elementor-element elementor-element-7e842f0 elementor-widget elementor-widget-heading\" data-id=\"7e842f0\" data-element_type=\"widget\" data-e-type=\"widget\" data-widget_type=\"heading.default\">\n\t\t\t\t<div class=\"elementor-widget-container\">\n\t\t\t\t\t<h2 class=\"elementor-heading-title elementor-size-default\">Je veux \u00eatre seul!<\/h2>\t\t\t\t<\/div>\n\t\t\t\t<\/div>\n\t\t\t\t<div class=\"elementor-element elementor-element-c3d915f elementor-widget elementor-widget-text-editor\" data-id=\"c3d915f\" data-element_type=\"widget\" data-e-type=\"widget\" data-widget_type=\"text-editor.default\">\n\t\t\t\t<div class=\"elementor-widget-container\">\n\t\t\t\t\t\t\t\t\t<div class=\"section-list\">\n<h3>Independent Diving<\/h3>\n<p>D\u00e9veloppe les comp\u00e9tences, la planification et l\u2019autonomie n\u00e9cessaires pour plonger de mani\u00e8re plus ind\u00e9pendante et responsable.&nbsp;<span style=\"font-family: -apple-system, BlinkMacSystemFont, &quot;SF Pro Display&quot;, &quot;Helvetica Neue&quot;, sans-serif;\">La sp\u00e9cialit\u00e9 SSI Independent Diving est con\u00e7ue pour les plongeurs exp\u00e9riment\u00e9s qui souhaitent renforcer leur autonomie sous l\u2019eau et plonger avec un niveau plus \u00e9lev\u00e9 de pr\u00e9paration, de vigilance et de confiance.<\/span><\/p><p><span style=\"font-family: -apple-system, BlinkMacSystemFont, &quot;SF Pro Display&quot;, &quot;Helvetica Neue&quot;, sans-serif;\">Il ne s\u2019agit pas simplement de plonger seul. Il s\u2019agit d\u2019apprendre \u00e0 planifier et effectuer des plong\u00e9es de mani\u00e8re plus ind\u00e9pendante.<\/span><\/p>\n<h3>Deviens un plongeur plus autonome<\/h3>\n<p><span style=\"font-family: -apple-system, BlinkMacSystemFont, 'SF Pro Display', 'Helvetica Neue', sans-serif;\">Independent Diving t\u2019aide \u00e0 anticiper davantage, \u00e0 mieux te pr\u00e9parer et \u00e0 d\u00e9pendre moins des autres pendant une plong\u00e9e.<\/span><\/p><p><span style=\"font-family: -apple-system, BlinkMacSystemFont, &quot;SF Pro Display&quot;, &quot;Helvetica Neue&quot;, sans-serif;\">Cette sp\u00e9cialit\u00e9 est particuli\u00e8rement utile pour les photographes sous-marins, les plongeurs exp\u00e9riment\u00e9s et ceux qui souhaitent gagner en autonomie.<\/span><\/p>\n<h3>Que vas-tu apprendre ?<\/h3>\n<ul>\n<li>Planification avanc\u00e9e des plong\u00e9es<\/li>\n<li>Gestion du gaz et redondance<\/li>\n<li>Configuration de l\u2019\u00e9quipement<\/li>\n<li>Autonomie et conscience situationnelle<\/li>\n<li>Gestion des risques et prise de d\u00e9cision<\/li>\n<li>Proc\u00e9dures d\u2019urgence et concepts d\u2019auto-assistance<\/li>\n<\/ul>\n<h3>\u00c0 qui s\u2019adresse ce cours ?<\/h3>\n<ul>\n<li>Plongeurs exp\u00e9riment\u00e9s souhaitant devenir plus autonomes<\/li>\n<li>Photographes sous-marins et plongeurs pouvant \u00eatre s\u00e9par\u00e9s du groupe<\/li>\n<li>Plongeurs souhaitant am\u00e9liorer leur planification<\/li>\n<li>Plongeurs souhaitant renforcer leur s\u00e9curit\u00e9 et leur confiance<\/li>\n<\/ul>\n<h3>Informations sur le cours<\/h3>\n<ul>\n<li>Dur\u00e9e : 2 jours<\/li>\n<li>Comprend : 3 plong\u00e9es de formation, location de pony bottle et certification SSI Independent Diving<\/li>\n<li>Conditions requises : minimum 18 ans, certifications SSI Stress &amp; Rescue, Deep Diving, Navigation et Night &amp; Limited Visibility<\/li>\n<li>Non inclus : assurance plong\u00e9e et location d\u2019\u00e9quipement<\/li>\n<li>Prix : \u00e0 partir de 300 \u20ac<\/li>\n<\/ul>\n<\/div>\t\t\t\t\t\t\t\t<\/div>\n\t\t\t\t<\/div>\n\t\t\t\t<\/div>\n\t\t\t\t<\/div>\n\t\t<div class=\"elementor-element elementor-element-8eeffa6 e-con-full e-flex e-con e-child\" data-id=\"8eeffa6\" data-element_type=\"container\" data-e-type=\"container\">\n\t\t<div class=\"elementor-element elementor-element-2a1b54c e-con-full course-sidebar-box e-flex e-con e-child\" data-id=\"2a1b54c\" data-element_type=\"container\" data-e-type=\"container\" data-settings=\"{&quot;sticky&quot;:&quot;top&quot;,&quot;sticky_offset&quot;:110,&quot;sticky_effects_offset&quot;:130,&quot;sticky_parent&quot;:&quot;yes&quot;,&quot;sticky_on&quot;:[&quot;desktop&quot;,&quot;tablet&quot;,&quot;mobile&quot;],&quot;sticky_anchor_link_offset&quot;:0}\">\n\t\t\t\t<div class=\"elementor-element elementor-element-b4f9f95 elementor-widget elementor-widget-text-editor\" data-id=\"b4f9f95\" data-element_type=\"widget\" data-e-type=\"widget\" data-widget_type=\"text-editor.default\">\n\t\t\t\t<div class=\"elementor-widget-container\">\n\t\t\t\t\t\t\t\t\t<div class=\"courses-info\"><h6 class=\"no-margin\">Dur\u00e9e:<\/h6><p class=\"no-margin\">cours de 2 jours<\/p><\/div><div class=\"courses-info\"><h6 class=\"no-margin\">Prix:<\/h6><p class=\"no-margin\">\u00c0 partir de 300 \u20ac<\/p><\/div>\t\t\t\t\t\t\t\t<\/div>\n\t\t\t\t<\/div>\n\t\t\t\t<div class=\"elementor-element elementor-element-9accc3f elementor-mobile-align-center elementor-widget elementor-widget-button\" data-id=\"9accc3f\" data-element_type=\"widget\" data-e-type=\"widget\" data-widget_type=\"button.default\">\n\t\t\t\t<div class=\"elementor-widget-container\">\n\t\t\t\t\t\t\t\t\t<div class=\"elementor-button-wrapper\">\n\t\t\t\t\t<a class=\"elementor-button elementor-button-link elementor-size-sm\" href=\"https:\/\/bukyapp.com\/booking?mode=pack&#038;product=62223a234db01a005f511a68&#038;lang=fr&#038;_gl=1*rr48lj*_ga*ODU1MDM5OTIuMTc0MTE5MTcyMQ..*_ga_4WWMT2EY3C*czE3NTI0ODk3MzckbzY0JGcxJHQxNzUyNDkwNzk2JGo2MCRsMCRoMA..\" target=\"_blank\">\n\t\t\t\t\t\t<span class=\"elementor-button-content-wrapper\">\n\t\t\t\t\t\t\t\t\t<span class=\"elementor-button-text\">acheter un cours<\/span>\n\t\t\t\t\t<\/span>\n\t\t\t\t\t<\/a>\n\t\t\t\t<\/div>\n\t\t\t\t\t\t\t\t<\/div>\n\t\t\t\t<\/div>\n\t\t\t\t<\/div>\n\t\t\t\t<\/div>\n\t\t\t\t\t<\/div>\n\t\t\t\t<\/div>\n\t\t\t\t<\/div>\n\t\t","protected":false},"excerpt":{"rendered":"<p>sp\u00e9cialit\u00e9s Independent Diving Je veux \u00eatre seul! Independent Diving D\u00e9veloppe les comp\u00e9tences, la planification et l\u2019autonomie n\u00e9cessaires pour plonger de mani\u00e8re plus ind\u00e9pendante et responsable.&nbsp;La sp\u00e9cialit\u00e9 SSI Independent Diving est con\u00e7ue pour les plongeurs exp\u00e9riment\u00e9s qui souhaitent renforcer leur autonomie sous l\u2019eau et plonger avec un niveau plus \u00e9lev\u00e9 de pr\u00e9paration, de vigilance et de [&hellip;]<\/p>\n","protected":false},"author":10,"featured_media":0,"parent":0,"menu_order":0,"comment_status":"closed","ping_status":"closed","template":"","meta":{"_acf_changed":false,"footnotes":""},"class_list":["post-24831","page","type-page","status-publish","hentry"],"acf":[],"yoast_head":"<!-- This site is optimized with the Yoast SEO plugin v27.5 - https:\/\/yoast.com\/product\/yoast-seo-wordpress\/ -->\n<title>Independent Diving | Calero Diving Lanzarote<\/title>\n<meta name=\"robots\" content=\"index, follow, max-snippet:-1, max-image-preview:large, max-video-preview:-1\" \/>\n<link rel=\"canonical\" href=\"https:\/\/calerodiving.com\/independent-diving\/\" \/>\n<meta property=\"og:locale\" content=\"fr_FR\" \/>\n<meta property=\"og:type\" content=\"article\" \/>\n<meta property=\"og:title\" content=\"Independent Diving | Calero Diving Lanzarote\" \/>\n<meta property=\"og:description\" content=\"sp\u00e9cialit\u00e9s Independent Diving Je veux \u00eatre seul! Independent Diving D\u00e9veloppe les comp\u00e9tences, la planification et l\u2019autonomie n\u00e9cessaires pour plonger de mani\u00e8re plus ind\u00e9pendante et responsable.&nbsp;La sp\u00e9cialit\u00e9 SSI Independent Diving est con\u00e7ue pour les plongeurs exp\u00e9riment\u00e9s qui souhaitent renforcer leur autonomie sous l\u2019eau et plonger avec un niveau plus \u00e9lev\u00e9 de pr\u00e9paration, de vigilance et de [&hellip;]\" \/>\n<meta property=\"og:url\" content=\"https:\/\/calerodiving.com\/independent-diving\/\" \/>\n<meta property=\"og:site_name\" content=\"Calero Diving Lanzarote\" \/>\n<meta property=\"article:publisher\" content=\"https:\/\/www.facebook.com\/calerodiving\/\" \/>\n<meta property=\"article:modified_time\" content=\"2026-04-23T12:05:32+00:00\" \/>\n<meta property=\"og:image\" content=\"https:\/\/calerodiving.com\/wp-content\/uploads\/2017\/10\/independent-diving.jpg\" \/>\n\t<meta property=\"og:image:width\" content=\"350\" \/>\n\t<meta property=\"og:image:height\" content=\"222\" \/>\n\t<meta property=\"og:image:type\" content=\"image\/jpeg\" \/>\n<meta name=\"twitter:card\" content=\"summary_large_image\" \/>\n<meta name=\"twitter:label1\" content=\"Dur\u00e9e de lecture estim\u00e9e\" \/>\n\t<meta name=\"twitter:data1\" content=\"2 minutes\" \/>\n<script type=\"application\/ld+json\" class=\"yoast-schema-graph\">{\"@context\":\"https:\\\/\\\/schema.org\",\"@graph\":[{\"@type\":\"WebPage\",\"@id\":\"https:\\\/\\\/calerodiving.com\\\/independent-diving\\\/\",\"url\":\"https:\\\/\\\/calerodiving.com\\\/independent-diving\\\/\",\"name\":\"Independent Diving | Calero Diving Lanzarote\",\"isPartOf\":{\"@id\":\"https:\\\/\\\/calerodiving.com\\\/#website\"},\"primaryImageOfPage\":{\"@id\":\"https:\\\/\\\/calerodiving.com\\\/independent-diving\\\/#primaryimage\"},\"image\":{\"@id\":\"https:\\\/\\\/calerodiving.com\\\/independent-diving\\\/#primaryimage\"},\"thumbnailUrl\":\"https:\\\/\\\/calerodiving.com\\\/wp-content\\\/uploads\\\/2017\\\/10\\\/independent-diving.jpg\",\"datePublished\":\"2025-09-01T12:28:46+00:00\",\"dateModified\":\"2026-04-23T12:05:32+00:00\",\"breadcrumb\":{\"@id\":\"https:\\\/\\\/calerodiving.com\\\/independent-diving\\\/#breadcrumb\"},\"inLanguage\":\"fr-FR\",\"potentialAction\":[{\"@type\":\"ReadAction\",\"target\":[\"https:\\\/\\\/calerodiving.com\\\/independent-diving\\\/\"]}]},{\"@type\":\"ImageObject\",\"inLanguage\":\"fr-FR\",\"@id\":\"https:\\\/\\\/calerodiving.com\\\/independent-diving\\\/#primaryimage\",\"url\":\"https:\\\/\\\/calerodiving.com\\\/wp-content\\\/uploads\\\/2017\\\/10\\\/independent-diving.jpg\",\"contentUrl\":\"https:\\\/\\\/calerodiving.com\\\/wp-content\\\/uploads\\\/2017\\\/10\\\/independent-diving.jpg\"},{\"@type\":\"BreadcrumbList\",\"@id\":\"https:\\\/\\\/calerodiving.com\\\/independent-diving\\\/#breadcrumb\",\"itemListElement\":[{\"@type\":\"ListItem\",\"position\":1,\"name\":\"Home\",\"item\":\"https:\\\/\\\/calerodiving.com\\\/es\\\/\"},{\"@type\":\"ListItem\",\"position\":2,\"name\":\"Independent Diving\"}]},{\"@type\":\"WebSite\",\"@id\":\"https:\\\/\\\/calerodiving.com\\\/#website\",\"url\":\"https:\\\/\\\/calerodiving.com\\\/\",\"name\":\"Calero Diving Lanzarote\",\"description\":\"Dive Center - Marina Puerto Calero Lanzarote\",\"publisher\":{\"@id\":\"https:\\\/\\\/calerodiving.com\\\/#organization\"},\"alternateName\":\"Calero Diving\",\"potentialAction\":[{\"@type\":\"SearchAction\",\"target\":{\"@type\":\"EntryPoint\",\"urlTemplate\":\"https:\\\/\\\/calerodiving.com\\\/?s={search_term_string}\"},\"query-input\":{\"@type\":\"PropertyValueSpecification\",\"valueRequired\":true,\"valueName\":\"search_term_string\"}}],\"inLanguage\":\"fr-FR\"},{\"@type\":\"Organization\",\"@id\":\"https:\\\/\\\/calerodiving.com\\\/#organization\",\"name\":\"Calero Diving Lanzarote\",\"alternateName\":\"Calero Diving\",\"url\":\"https:\\\/\\\/calerodiving.com\\\/\",\"logo\":{\"@type\":\"ImageObject\",\"inLanguage\":\"fr-FR\",\"@id\":\"https:\\\/\\\/calerodiving.com\\\/#\\\/schema\\\/logo\\\/image\\\/\",\"url\":\"https:\\\/\\\/calerodiving.com\\\/wp-content\\\/uploads\\\/2025\\\/05\\\/Grupo.png\",\"contentUrl\":\"https:\\\/\\\/calerodiving.com\\\/wp-content\\\/uploads\\\/2025\\\/05\\\/Grupo.png\",\"width\":499,\"height\":590,\"caption\":\"Calero Diving Lanzarote\"},\"image\":{\"@id\":\"https:\\\/\\\/calerodiving.com\\\/#\\\/schema\\\/logo\\\/image\\\/\"},\"sameAs\":[\"https:\\\/\\\/www.facebook.com\\\/calerodiving\\\/\",\"https:\\\/\\\/www.instagram.com\\\/calerodiving\\\/\"]}]}<\/script>\n<!-- \/ Yoast SEO plugin. -->","yoast_head_json":{"title":"Independent Diving | Calero Diving Lanzarote","robots":{"index":"index","follow":"follow","max-snippet":"max-snippet:-1","max-image-preview":"max-image-preview:large","max-video-preview":"max-video-preview:-1"},"canonical":"https:\/\/calerodiving.com\/independent-diving\/","og_locale":"fr_FR","og_type":"article","og_title":"Independent Diving | Calero Diving Lanzarote","og_description":"sp\u00e9cialit\u00e9s Independent Diving Je veux \u00eatre seul! Independent Diving D\u00e9veloppe les comp\u00e9tences, la planification et l\u2019autonomie n\u00e9cessaires pour plonger de mani\u00e8re plus ind\u00e9pendante et responsable.&nbsp;La sp\u00e9cialit\u00e9 SSI Independent Diving est con\u00e7ue pour les plongeurs exp\u00e9riment\u00e9s qui souhaitent renforcer leur autonomie sous l\u2019eau et plonger avec un niveau plus \u00e9lev\u00e9 de pr\u00e9paration, de vigilance et de [&hellip;]","og_url":"https:\/\/calerodiving.com\/independent-diving\/","og_site_name":"Calero Diving Lanzarote","article_publisher":"https:\/\/www.facebook.com\/calerodiving\/","article_modified_time":"2026-04-23T12:05:32+00:00","og_image":[{"width":350,"height":222,"url":"https:\/\/calerodiving.com\/wp-content\/uploads\/2017\/10\/independent-diving.jpg","type":"image\/jpeg"}],"twitter_card":"summary_large_image","twitter_misc":{"Dur\u00e9e de lecture estim\u00e9e":"2 minutes"},"schema":{"@context":"https:\/\/schema.org","@graph":[{"@type":"WebPage","@id":"https:\/\/calerodiving.com\/independent-diving\/","url":"https:\/\/calerodiving.com\/independent-diving\/","name":"Independent Diving | Calero Diving Lanzarote","isPartOf":{"@id":"https:\/\/calerodiving.com\/#website"},"primaryImageOfPage":{"@id":"https:\/\/calerodiving.com\/independent-diving\/#primaryimage"},"image":{"@id":"https:\/\/calerodiving.com\/independent-diving\/#primaryimage"},"thumbnailUrl":"https:\/\/calerodiving.com\/wp-content\/uploads\/2017\/10\/independent-diving.jpg","datePublished":"2025-09-01T12:28:46+00:00","dateModified":"2026-04-23T12:05:32+00:00","breadcrumb":{"@id":"https:\/\/calerodiving.com\/independent-diving\/#breadcrumb"},"inLanguage":"fr-FR","potentialAction":[{"@type":"ReadAction","target":["https:\/\/calerodiving.com\/independent-diving\/"]}]},{"@type":"ImageObject","inLanguage":"fr-FR","@id":"https:\/\/calerodiving.com\/independent-diving\/#primaryimage","url":"https:\/\/calerodiving.com\/wp-content\/uploads\/2017\/10\/independent-diving.jpg","contentUrl":"https:\/\/calerodiving.com\/wp-content\/uploads\/2017\/10\/independent-diving.jpg"},{"@type":"BreadcrumbList","@id":"https:\/\/calerodiving.com\/independent-diving\/#breadcrumb","itemListElement":[{"@type":"ListItem","position":1,"name":"Home","item":"https:\/\/calerodiving.com\/es\/"},{"@type":"ListItem","position":2,"name":"Independent Diving"}]},{"@type":"WebSite","@id":"https:\/\/calerodiving.com\/#website","url":"https:\/\/calerodiving.com\/","name":"Calero Diving Lanzarote","description":"Dive Center - Marina Puerto Calero Lanzarote","publisher":{"@id":"https:\/\/calerodiving.com\/#organization"},"alternateName":"Calero Diving","potentialAction":[{"@type":"SearchAction","target":{"@type":"EntryPoint","urlTemplate":"https:\/\/calerodiving.com\/?s={search_term_string}"},"query-input":{"@type":"PropertyValueSpecification","valueRequired":true,"valueName":"search_term_string"}}],"inLanguage":"fr-FR"},{"@type":"Organization","@id":"https:\/\/calerodiving.com\/#organization","name":"Calero Diving Lanzarote","alternateName":"Calero Diving","url":"https:\/\/calerodiving.com\/","logo":{"@type":"ImageObject","inLanguage":"fr-FR","@id":"https:\/\/calerodiving.com\/#\/schema\/logo\/image\/","url":"https:\/\/calerodiving.com\/wp-content\/uploads\/2025\/05\/Grupo.png","contentUrl":"https:\/\/calerodiving.com\/wp-content\/uploads\/2025\/05\/Grupo.png","width":499,"height":590,"caption":"Calero Diving Lanzarote"},"image":{"@id":"https:\/\/calerodiving.com\/#\/schema\/logo\/image\/"},"sameAs":["https:\/\/www.facebook.com\/calerodiving\/","https:\/\/www.instagram.com\/calerodiving\/"]}]}},"_links":{"self":[{"href":"https:\/\/calerodiving.com\/fr\/wp-json\/wp\/v2\/pages\/24831","targetHints":{"allow":["GET"]}}],"collection":[{"href":"https:\/\/calerodiving.com\/fr\/wp-json\/wp\/v2\/pages"}],"about":[{"href":"https:\/\/calerodiving.com\/fr\/wp-json\/wp\/v2\/types\/page"}],"author":[{"embeddable":true,"href":"https:\/\/calerodiving.com\/fr\/wp-json\/wp\/v2\/users\/10"}],"replies":[{"embeddable":true,"href":"https:\/\/calerodiving.com\/fr\/wp-json\/wp\/v2\/comments?post=24831"}],"version-history":[{"count":11,"href":"https:\/\/calerodiving.com\/fr\/wp-json\/wp\/v2\/pages\/24831\/revisions"}],"predecessor-version":[{"id":28918,"href":"https:\/\/calerodiving.com\/fr\/wp-json\/wp\/v2\/pages\/24831\/revisions\/28918"}],"wp:attachment":[{"href":"https:\/\/calerodiving.com\/fr\/wp-json\/wp\/v2\/media?parent=24831"}],"curies":[{"name":"wp","href":"https:\/\/api.w.org\/{rel}","templated":true}]}}