{"id":24830,"date":"2025-09-01T13:28:46","date_gmt":"2025-09-01T12:28:46","guid":{"rendered":"https:\/\/calerodiving.com\/le-trou-bleu\/"},"modified":"2026-04-20T14:47:24","modified_gmt":"2026-04-20T13:47:24","slug":"le-trou-bleu","status":"publish","type":"page","link":"https:\/\/calerodiving.com\/fr\/le-trou-bleu\/","title":{"rendered":"Le trou bleu"},"content":{"rendered":"\t\t<div data-elementor-type=\"wp-page\" data-elementor-id=\"24830\" class=\"elementor elementor-24830 elementor-19987\" data-elementor-post-type=\"page\">\n\t\t\t\t<div class=\"elementor-element elementor-element-8d65956 e-flex e-con-boxed e-con e-parent\" data-id=\"8d65956\" data-element_type=\"container\" data-e-type=\"container\">\n\t\t\t\t\t<div class=\"e-con-inner\">\n\t\t<div class=\"elementor-element elementor-element-a7bf312 e-con-full e-flex e-con e-child\" data-id=\"a7bf312\" data-element_type=\"container\" data-e-type=\"container\">\n\t\t<div class=\"elementor-element elementor-element-19b9b26 e-con-full e-flex e-con e-child\" data-id=\"19b9b26\" data-element_type=\"container\" data-e-type=\"container\">\n\t\t\t\t<div class=\"elementor-element elementor-element-1e06b94 elementor-widget elementor-widget-heading\" data-id=\"1e06b94\" data-element_type=\"widget\" data-e-type=\"widget\" data-widget_type=\"heading.default\">\n\t\t\t\t<div class=\"elementor-widget-container\">\n\t\t\t\t\t<h2 class=\"elementor-heading-title elementor-size-default\">Le trou bleu<\/h2>\t\t\t\t<\/div>\n\t\t\t\t<\/div>\n\t\t\t\t<\/div>\n\t\t\t\t<\/div>\n\t\t\t\t\t<\/div>\n\t\t\t\t<\/div>\n\t\t<div class=\"elementor-element elementor-element-cc1501a e-flex e-con-boxed e-con e-parent\" data-id=\"cc1501a\" data-element_type=\"container\" data-e-type=\"container\">\n\t\t\t\t\t<div class=\"e-con-inner\">\n\t\t<div class=\"elementor-element elementor-element-266783d e-con-full e-flex e-con e-child\" data-id=\"266783d\" data-element_type=\"container\" data-e-type=\"container\">\n\t\t<div class=\"elementor-element elementor-element-a4fac49 e-con-full e-flex e-con e-child\" data-id=\"a4fac49\" data-element_type=\"container\" data-e-type=\"container\">\n\t\t\t\t<div class=\"elementor-element elementor-element-d8f444b elementor-widget elementor-widget-image\" data-id=\"d8f444b\" data-element_type=\"widget\" data-e-type=\"widget\" data-widget_type=\"image.default\">\n\t\t\t\t<div class=\"elementor-widget-container\">\n\t\t\t\t\t\t\t\t\t\t\t\t\t\t\t<img fetchpriority=\"high\" decoding=\"async\" width=\"800\" height=\"449\" src=\"https:\/\/calerodiving.com\/wp-content\/uploads\/2025\/07\/blue-hole-1030x578-1.webp\" class=\"attachment-large size-large wp-image-19997\" alt=\"\" srcset=\"https:\/\/calerodiving.com\/wp-content\/uploads\/2025\/07\/blue-hole-1030x578-1.webp 1030w, https:\/\/calerodiving.com\/wp-content\/uploads\/2025\/07\/blue-hole-1030x578-1-300x168.webp 300w, https:\/\/calerodiving.com\/wp-content\/uploads\/2025\/07\/blue-hole-1030x578-1-768x431.webp 768w\" sizes=\"(max-width: 800px) 100vw, 800px\" \/>\t\t\t\t\t\t\t\t\t\t\t\t\t\t\t<\/div>\n\t\t\t\t<\/div>\n\t\t\t\t<div class=\"elementor-element elementor-element-8c1781e elementor-widget elementor-widget-text-editor\" data-id=\"8c1781e\" data-element_type=\"widget\" data-e-type=\"widget\" data-widget_type=\"text-editor.default\">\n\t\t\t\t<div class=\"elementor-widget-container\">\n\t\t\t\t\t\t\t\t\t<p data-start=\"2422\" data-end=\"2550\">Situ\u00e9 \u00e0 l\u2019ouest du site Cathedral le long du tombant, le Blue Hole est une formation volcanique naturelle qui traverse le r\u00e9cif.<\/p><p data-start=\"2552\" data-end=\"2665\">Il d\u00e9bute vers 20 m\u00e8tres et descend jusqu\u2019\u00e0 pr\u00e8s de 30 m\u00e8tres, ce qui en fait un site incontournable \u00e0 Lanzarote.<\/p><p data-start=\"2667\" data-end=\"2798\">\u00c0 proximit\u00e9 du Blue Hole, une petite grotte abrite de nombreux bancs de crevettes, ajoutant un attrait suppl\u00e9mentaire \u00e0 la plong\u00e9e.<\/p><p data-start=\"2800\" data-end=\"2883\">Le tombant environnant offre de nombreuses petites cavernes et fissures \u00e0 explorer.<\/p><p data-start=\"2885\" data-end=\"2962\">Au retour, tu peux longer le mur du port pour prolonger et varier la plong\u00e9e.<\/p><p data-start=\"2964\" data-end=\"3079\">Cette zone plus peu profonde est id\u00e9ale pour prolonger la plong\u00e9e et abrite souvent seiches, raies et anges de mer.<\/p>\t\t\t\t\t\t\t\t<\/div>\n\t\t\t\t<\/div>\n\t\t\t\t<\/div>\n\t\t\t\t<\/div>\n\t\t<div class=\"elementor-element elementor-element-ba7023d e-con-full e-flex e-con e-child\" data-id=\"ba7023d\" data-element_type=\"container\" data-e-type=\"container\">\n\t\t<div class=\"elementor-element elementor-element-00e3466 e-con-full course-sidebar-box e-flex e-con e-child\" data-id=\"00e3466\" data-element_type=\"container\" data-e-type=\"container\" data-settings=\"{&quot;sticky&quot;:&quot;top&quot;,&quot;sticky_offset&quot;:110,&quot;sticky_effects_offset&quot;:130,&quot;sticky_parent&quot;:&quot;yes&quot;,&quot;sticky_on&quot;:[&quot;desktop&quot;,&quot;tablet&quot;,&quot;mobile&quot;],&quot;sticky_anchor_link_offset&quot;:0}\">\n\t\t\t\t<div class=\"elementor-element elementor-element-87dbe9b elementor-widget elementor-widget-image\" data-id=\"87dbe9b\" data-element_type=\"widget\" data-e-type=\"widget\" data-widget_type=\"image.default\">\n\t\t\t\t<div class=\"elementor-widget-container\">\n\t\t\t\t\t\t\t\t\t\t\t\t\t\t\t<img decoding=\"async\" width=\"558\" height=\"560\" src=\"https:\/\/calerodiving.com\/wp-content\/uploads\/2025\/07\/Captura-de-pantalla-2025-07-17-a-las-13.57.24.png\" class=\"attachment-large size-large wp-image-21752\" alt=\"\" srcset=\"https:\/\/calerodiving.com\/wp-content\/uploads\/2025\/07\/Captura-de-pantalla-2025-07-17-a-las-13.57.24.png 558w, https:\/\/calerodiving.com\/wp-content\/uploads\/2025\/07\/Captura-de-pantalla-2025-07-17-a-las-13.57.24-300x300.png 300w, https:\/\/calerodiving.com\/wp-content\/uploads\/2025\/07\/Captura-de-pantalla-2025-07-17-a-las-13.57.24-80x80.png 80w\" sizes=\"(max-width: 558px) 100vw, 558px\" \/>\t\t\t\t\t\t\t\t\t\t\t\t\t\t\t<\/div>\n\t\t\t\t<\/div>\n\t\t\t\t<div class=\"elementor-element elementor-element-5aeb5dc elementor-widget elementor-widget-text-editor\" data-id=\"5aeb5dc\" data-element_type=\"widget\" data-e-type=\"widget\" data-widget_type=\"text-editor.default\">\n\t\t\t\t<div class=\"elementor-widget-container\">\n\t\t\t\t\t\t\t\t\t<div class=\"courses-info\">\n<p style=\"margin: 0 0 10px;\"><span style=\"color: #ffffff;\"><strong>Type de plong\u00e9e :<\/strong> r\u00e9cif volcanique et passage (swim-through)<\/span><\/p>\n<p style=\"margin: 0 0 10px;\"><span style=\"color: #ffffff;\"><strong>Profondeur maximale :<\/strong> env. 30 m\u00e8tres<\/span><\/p>\n<p style=\"margin: 0 0 10px;\"><span style=\"color: #ffffff;\"><strong>Convient \u00e0 :<\/strong> plongeurs avanc\u00e9s et plongeurs loisirs exp\u00e9riment\u00e9s<\/span><\/p>\n<p style=\"margin: 0;\"><span style=\"color: #ffffff;\"><strong>\u00c0 observer :<\/strong> formations volcaniques, bancs de crevettes, raies, m\u00e9rous et faune r\u00e9cifale<\/span><\/p>\n<\/div>\t\t\t\t\t\t\t\t<\/div>\n\t\t\t\t<\/div>\n\t\t\t\t<div class=\"elementor-element elementor-element-08afa8a elementor-widget elementor-widget-ucaddon_underline_link_hover_effect\" data-id=\"08afa8a\" data-element_type=\"widget\" data-e-type=\"widget\" data-widget_type=\"ucaddon_underline_link_hover_effect.default\">\n\t\t\t\t<div class=\"elementor-widget-container\">\n\t\t\t\t\t\n<!-- start Underline Link Hover Effect -->\n\t\t<link id='font-awesome-css' href='https:\/\/calerodiving.com\/wp-content\/plugins\/unlimited-elements-for-elementor-premium\/assets_libraries\/font-awesome6\/fontawesome-all.min.css' type='text\/css' rel='stylesheet' >\n\t\t<link id='font-awesome-4-shim-css' href='https:\/\/calerodiving.com\/wp-content\/plugins\/unlimited-elements-for-elementor-premium\/assets_libraries\/font-awesome6\/fontawesome-v4-shims.min.css' type='text\/css' rel='stylesheet' >\n\n<style>\/* widget: Underline Link Hover Effect *\/\n\n#uc_underline_link_hover_effect_elementor_08afa8a{\n  display:flex;\n} \n\n#uc_underline_link_hover_effect_elementor_08afa8a a.ue-link{\n  display:flex;\n  position:relative;\n  align-items:center;\n  justify-content:center;\n  text-decoration:none;\n}\n\n#uc_underline_link_hover_effect_elementor_08afa8a a.ue-link:after{\n  content: \"\";\n    width:100%;\n    position:absolute;\n  bottom:0px;\n    left:0px;\n    display: block;\n  transition:1s;\n}\n\n#uc_underline_link_hover_effect_elementor_08afa8a a:hover:after{\n    width:0%;\n  }\n\n#uc_underline_link_hover_effect_elementor_08afa8a .ue-link-hover-effect-spacing{\n  transition:1s;\n}\n\n#uc_underline_link_hover_effect_elementor_08afa8a .ue-link-hover-effect-text{\n  padding:10px 0px;\n}\n\n#uc_underline_link_hover_effect_elementor_08afa8a .ue-link-hover-effect-icon{\n  line-height:1em;\n  transition:1s;\n}\n\n#uc_underline_link_hover_effect_elementor_08afa8a .ue-link-hover-effect-icon svg{\n  height:1em;\n  width:1em;\n}\n\n<\/style>\n\n<div id=\"uc_underline_link_hover_effect_elementor_08afa8a\" class=\"ue-link-wrap\">\n  <a class=\"ue-link\" href=\"\" >\n    <div class=\"ue-link-hover-effect-text\">Contactez-nous<\/div>\n    <div class=\"ue-link-hover-effect-spacing\"><\/div>\n    <div class=\"ue-link-hover-effect-icon\"><i class='fas fa-arrow-right'><\/i><\/div>\n  <\/a>\n<\/div>\n<!-- end Underline Link Hover Effect -->\t\t\t\t<\/div>\n\t\t\t\t<\/div>\n\t\t\t\t<\/div>\n\t\t\t\t<\/div>\n\t\t\t\t\t<\/div>\n\t\t\t\t<\/div>\n\t\t\t\t<\/div>\n\t\t","protected":false},"excerpt":{"rendered":"<p>Le trou bleu Situ\u00e9 \u00e0 l\u2019ouest du site Cathedral le long du tombant, le Blue Hole est une formation volcanique naturelle qui traverse le r\u00e9cif. Il d\u00e9bute vers 20 m\u00e8tres et descend jusqu\u2019\u00e0 pr\u00e8s de 30 m\u00e8tres, ce qui en fait un site incontournable \u00e0 Lanzarote. \u00c0 proximit\u00e9 du Blue Hole, une petite grotte abrite [&hellip;]<\/p>\n","protected":false},"author":10,"featured_media":0,"parent":0,"menu_order":0,"comment_status":"closed","ping_status":"closed","template":"","meta":{"_acf_changed":false,"footnotes":""},"class_list":["post-24830","page","type-page","status-publish","hentry"],"acf":[],"yoast_head":"<!-- This site is optimized with the Yoast SEO plugin v27.5 - https:\/\/yoast.com\/product\/yoast-seo-wordpress\/ -->\n<title>Le trou bleu | Calero Diving Lanzarote<\/title>\n<meta name=\"robots\" content=\"index, follow, max-snippet:-1, max-image-preview:large, max-video-preview:-1\" \/>\n<link rel=\"canonical\" href=\"https:\/\/calerodiving.com\/the-blue-hole\/\" \/>\n<meta property=\"og:locale\" content=\"fr_FR\" \/>\n<meta property=\"og:type\" content=\"article\" \/>\n<meta property=\"og:title\" content=\"Le trou bleu | Calero Diving Lanzarote\" \/>\n<meta property=\"og:description\" content=\"Le trou bleu Situ\u00e9 \u00e0 l\u2019ouest du site Cathedral le long du tombant, le Blue Hole est une formation volcanique naturelle qui traverse le r\u00e9cif. Il d\u00e9bute vers 20 m\u00e8tres et descend jusqu\u2019\u00e0 pr\u00e8s de 30 m\u00e8tres, ce qui en fait un site incontournable \u00e0 Lanzarote. \u00c0 proximit\u00e9 du Blue Hole, une petite grotte abrite [&hellip;]\" \/>\n<meta property=\"og:url\" content=\"https:\/\/calerodiving.com\/the-blue-hole\/\" \/>\n<meta property=\"og:site_name\" content=\"Calero Diving Lanzarote\" \/>\n<meta property=\"article:publisher\" content=\"https:\/\/www.facebook.com\/calerodiving\/\" \/>\n<meta property=\"article:modified_time\" content=\"2026-04-20T13:47:24+00:00\" \/>\n<meta property=\"og:image\" content=\"https:\/\/calerodiving.com\/wp-content\/uploads\/2025\/07\/blue-hole-1030x578-1.webp\" \/>\n\t<meta property=\"og:image:width\" content=\"1030\" \/>\n\t<meta property=\"og:image:height\" content=\"578\" \/>\n\t<meta property=\"og:image:type\" content=\"image\/webp\" \/>\n<meta name=\"twitter:card\" content=\"summary_large_image\" \/>\n<meta name=\"twitter:label1\" content=\"Dur\u00e9e de lecture estim\u00e9e\" \/>\n\t<meta name=\"twitter:data1\" content=\"2 minutes\" \/>\n<script type=\"application\/ld+json\" class=\"yoast-schema-graph\">{\"@context\":\"https:\\\/\\\/schema.org\",\"@graph\":[{\"@type\":\"WebPage\",\"@id\":\"https:\\\/\\\/calerodiving.com\\\/the-blue-hole\\\/\",\"url\":\"https:\\\/\\\/calerodiving.com\\\/the-blue-hole\\\/\",\"name\":\"Le trou bleu | Calero Diving Lanzarote\",\"isPartOf\":{\"@id\":\"https:\\\/\\\/calerodiving.com\\\/#website\"},\"primaryImageOfPage\":{\"@id\":\"https:\\\/\\\/calerodiving.com\\\/the-blue-hole\\\/#primaryimage\"},\"image\":{\"@id\":\"https:\\\/\\\/calerodiving.com\\\/the-blue-hole\\\/#primaryimage\"},\"thumbnailUrl\":\"https:\\\/\\\/calerodiving.com\\\/wp-content\\\/uploads\\\/2025\\\/07\\\/blue-hole-1030x578-1.webp\",\"datePublished\":\"2025-09-01T12:28:46+00:00\",\"dateModified\":\"2026-04-20T13:47:24+00:00\",\"breadcrumb\":{\"@id\":\"https:\\\/\\\/calerodiving.com\\\/the-blue-hole\\\/#breadcrumb\"},\"inLanguage\":\"fr-FR\",\"potentialAction\":[{\"@type\":\"ReadAction\",\"target\":[\"https:\\\/\\\/calerodiving.com\\\/the-blue-hole\\\/\"]}]},{\"@type\":\"ImageObject\",\"inLanguage\":\"fr-FR\",\"@id\":\"https:\\\/\\\/calerodiving.com\\\/the-blue-hole\\\/#primaryimage\",\"url\":\"https:\\\/\\\/calerodiving.com\\\/wp-content\\\/uploads\\\/2025\\\/07\\\/blue-hole-1030x578-1.webp\",\"contentUrl\":\"https:\\\/\\\/calerodiving.com\\\/wp-content\\\/uploads\\\/2025\\\/07\\\/blue-hole-1030x578-1.webp\"},{\"@type\":\"BreadcrumbList\",\"@id\":\"https:\\\/\\\/calerodiving.com\\\/the-blue-hole\\\/#breadcrumb\",\"itemListElement\":[{\"@type\":\"ListItem\",\"position\":1,\"name\":\"Home\",\"item\":\"https:\\\/\\\/calerodiving.com\\\/es\\\/\"},{\"@type\":\"ListItem\",\"position\":2,\"name\":\"Le trou bleu\"}]},{\"@type\":\"WebSite\",\"@id\":\"https:\\\/\\\/calerodiving.com\\\/#website\",\"url\":\"https:\\\/\\\/calerodiving.com\\\/\",\"name\":\"Calero Diving Lanzarote\",\"description\":\"Dive Center - Marina Puerto Calero Lanzarote\",\"publisher\":{\"@id\":\"https:\\\/\\\/calerodiving.com\\\/#organization\"},\"alternateName\":\"Calero Diving\",\"potentialAction\":[{\"@type\":\"SearchAction\",\"target\":{\"@type\":\"EntryPoint\",\"urlTemplate\":\"https:\\\/\\\/calerodiving.com\\\/?s={search_term_string}\"},\"query-input\":{\"@type\":\"PropertyValueSpecification\",\"valueRequired\":true,\"valueName\":\"search_term_string\"}}],\"inLanguage\":\"fr-FR\"},{\"@type\":\"Organization\",\"@id\":\"https:\\\/\\\/calerodiving.com\\\/#organization\",\"name\":\"Calero Diving Lanzarote\",\"alternateName\":\"Calero Diving\",\"url\":\"https:\\\/\\\/calerodiving.com\\\/\",\"logo\":{\"@type\":\"ImageObject\",\"inLanguage\":\"fr-FR\",\"@id\":\"https:\\\/\\\/calerodiving.com\\\/#\\\/schema\\\/logo\\\/image\\\/\",\"url\":\"https:\\\/\\\/calerodiving.com\\\/wp-content\\\/uploads\\\/2025\\\/05\\\/Grupo.png\",\"contentUrl\":\"https:\\\/\\\/calerodiving.com\\\/wp-content\\\/uploads\\\/2025\\\/05\\\/Grupo.png\",\"width\":499,\"height\":590,\"caption\":\"Calero Diving Lanzarote\"},\"image\":{\"@id\":\"https:\\\/\\\/calerodiving.com\\\/#\\\/schema\\\/logo\\\/image\\\/\"},\"sameAs\":[\"https:\\\/\\\/www.facebook.com\\\/calerodiving\\\/\",\"https:\\\/\\\/www.instagram.com\\\/calerodiving\\\/\"]}]}<\/script>\n<!-- \/ Yoast SEO plugin. -->","yoast_head_json":{"title":"Le trou bleu | Calero Diving Lanzarote","robots":{"index":"index","follow":"follow","max-snippet":"max-snippet:-1","max-image-preview":"max-image-preview:large","max-video-preview":"max-video-preview:-1"},"canonical":"https:\/\/calerodiving.com\/the-blue-hole\/","og_locale":"fr_FR","og_type":"article","og_title":"Le trou bleu | Calero Diving Lanzarote","og_description":"Le trou bleu Situ\u00e9 \u00e0 l\u2019ouest du site Cathedral le long du tombant, le Blue Hole est une formation volcanique naturelle qui traverse le r\u00e9cif. Il d\u00e9bute vers 20 m\u00e8tres et descend jusqu\u2019\u00e0 pr\u00e8s de 30 m\u00e8tres, ce qui en fait un site incontournable \u00e0 Lanzarote. \u00c0 proximit\u00e9 du Blue Hole, une petite grotte abrite [&hellip;]","og_url":"https:\/\/calerodiving.com\/the-blue-hole\/","og_site_name":"Calero Diving Lanzarote","article_publisher":"https:\/\/www.facebook.com\/calerodiving\/","article_modified_time":"2026-04-20T13:47:24+00:00","og_image":[{"width":1030,"height":578,"url":"https:\/\/calerodiving.com\/wp-content\/uploads\/2025\/07\/blue-hole-1030x578-1.webp","type":"image\/webp"}],"twitter_card":"summary_large_image","twitter_misc":{"Dur\u00e9e de lecture estim\u00e9e":"2 minutes"},"schema":{"@context":"https:\/\/schema.org","@graph":[{"@type":"WebPage","@id":"https:\/\/calerodiving.com\/the-blue-hole\/","url":"https:\/\/calerodiving.com\/the-blue-hole\/","name":"Le trou bleu | Calero Diving Lanzarote","isPartOf":{"@id":"https:\/\/calerodiving.com\/#website"},"primaryImageOfPage":{"@id":"https:\/\/calerodiving.com\/the-blue-hole\/#primaryimage"},"image":{"@id":"https:\/\/calerodiving.com\/the-blue-hole\/#primaryimage"},"thumbnailUrl":"https:\/\/calerodiving.com\/wp-content\/uploads\/2025\/07\/blue-hole-1030x578-1.webp","datePublished":"2025-09-01T12:28:46+00:00","dateModified":"2026-04-20T13:47:24+00:00","breadcrumb":{"@id":"https:\/\/calerodiving.com\/the-blue-hole\/#breadcrumb"},"inLanguage":"fr-FR","potentialAction":[{"@type":"ReadAction","target":["https:\/\/calerodiving.com\/the-blue-hole\/"]}]},{"@type":"ImageObject","inLanguage":"fr-FR","@id":"https:\/\/calerodiving.com\/the-blue-hole\/#primaryimage","url":"https:\/\/calerodiving.com\/wp-content\/uploads\/2025\/07\/blue-hole-1030x578-1.webp","contentUrl":"https:\/\/calerodiving.com\/wp-content\/uploads\/2025\/07\/blue-hole-1030x578-1.webp"},{"@type":"BreadcrumbList","@id":"https:\/\/calerodiving.com\/the-blue-hole\/#breadcrumb","itemListElement":[{"@type":"ListItem","position":1,"name":"Home","item":"https:\/\/calerodiving.com\/es\/"},{"@type":"ListItem","position":2,"name":"Le trou bleu"}]},{"@type":"WebSite","@id":"https:\/\/calerodiving.com\/#website","url":"https:\/\/calerodiving.com\/","name":"Calero Diving Lanzarote","description":"Dive Center - Marina Puerto Calero Lanzarote","publisher":{"@id":"https:\/\/calerodiving.com\/#organization"},"alternateName":"Calero Diving","potentialAction":[{"@type":"SearchAction","target":{"@type":"EntryPoint","urlTemplate":"https:\/\/calerodiving.com\/?s={search_term_string}"},"query-input":{"@type":"PropertyValueSpecification","valueRequired":true,"valueName":"search_term_string"}}],"inLanguage":"fr-FR"},{"@type":"Organization","@id":"https:\/\/calerodiving.com\/#organization","name":"Calero Diving Lanzarote","alternateName":"Calero Diving","url":"https:\/\/calerodiving.com\/","logo":{"@type":"ImageObject","inLanguage":"fr-FR","@id":"https:\/\/calerodiving.com\/#\/schema\/logo\/image\/","url":"https:\/\/calerodiving.com\/wp-content\/uploads\/2025\/05\/Grupo.png","contentUrl":"https:\/\/calerodiving.com\/wp-content\/uploads\/2025\/05\/Grupo.png","width":499,"height":590,"caption":"Calero Diving Lanzarote"},"image":{"@id":"https:\/\/calerodiving.com\/#\/schema\/logo\/image\/"},"sameAs":["https:\/\/www.facebook.com\/calerodiving\/","https:\/\/www.instagram.com\/calerodiving\/"]}]}},"_links":{"self":[{"href":"https:\/\/calerodiving.com\/fr\/wp-json\/wp\/v2\/pages\/24830","targetHints":{"allow":["GET"]}}],"collection":[{"href":"https:\/\/calerodiving.com\/fr\/wp-json\/wp\/v2\/pages"}],"about":[{"href":"https:\/\/calerodiving.com\/fr\/wp-json\/wp\/v2\/types\/page"}],"author":[{"embeddable":true,"href":"https:\/\/calerodiving.com\/fr\/wp-json\/wp\/v2\/users\/10"}],"replies":[{"embeddable":true,"href":"https:\/\/calerodiving.com\/fr\/wp-json\/wp\/v2\/comments?post=24830"}],"version-history":[{"count":4,"href":"https:\/\/calerodiving.com\/fr\/wp-json\/wp\/v2\/pages\/24830\/revisions"}],"predecessor-version":[{"id":28573,"href":"https:\/\/calerodiving.com\/fr\/wp-json\/wp\/v2\/pages\/24830\/revisions\/28573"}],"wp:attachment":[{"href":"https:\/\/calerodiving.com\/fr\/wp-json\/wp\/v2\/media?parent=24830"}],"curies":[{"name":"wp","href":"https:\/\/api.w.org\/{rel}","templated":true}]}}