{"id":24804,"date":"2025-09-01T13:28:10","date_gmt":"2025-09-01T12:28:10","guid":{"rendered":"https:\/\/calerodiving.com\/plongee-sur-epave\/"},"modified":"2026-04-20T10:02:22","modified_gmt":"2026-04-20T09:02:22","slug":"wreck-diving","status":"publish","type":"page","link":"https:\/\/calerodiving.com\/fr\/wreck-diving\/","title":{"rendered":"Wreck Diving"},"content":{"rendered":"\t\t<div data-elementor-type=\"wp-page\" data-elementor-id=\"24804\" class=\"elementor elementor-24804 elementor-20619\" data-elementor-post-type=\"page\">\n\t\t\t\t<div class=\"elementor-element elementor-element-c83e175 e-flex e-con-boxed e-con e-parent\" data-id=\"c83e175\" data-element_type=\"container\" data-e-type=\"container\">\n\t\t\t\t\t<div class=\"e-con-inner\">\n\t\t<div class=\"elementor-element elementor-element-41a0ad5 e-con-full e-flex e-con e-child\" data-id=\"41a0ad5\" data-element_type=\"container\" data-e-type=\"container\">\n\t\t\t\t<div class=\"elementor-element elementor-element-34749b7 elementor-widget elementor-widget-image\" data-id=\"34749b7\" data-element_type=\"widget\" data-e-type=\"widget\" data-widget_type=\"image.default\">\n\t\t\t\t<div class=\"elementor-widget-container\">\n\t\t\t\t\t\t\t\t\t\t\t\t\t\t\t<img fetchpriority=\"high\" decoding=\"async\" width=\"598\" height=\"380\" src=\"https:\/\/calerodiving.com\/wp-content\/uploads\/2017\/10\/wreck-diving.jpg\" class=\"attachment-large size-large wp-image-1995\" alt=\"\" srcset=\"https:\/\/calerodiving.com\/wp-content\/uploads\/2017\/10\/wreck-diving.jpg 598w, https:\/\/calerodiving.com\/wp-content\/uploads\/2017\/10\/wreck-diving-300x191.jpg 300w, https:\/\/calerodiving.com\/wp-content\/uploads\/2017\/10\/wreck-diving-450x286.jpg 450w\" sizes=\"(max-width: 598px) 100vw, 598px\" \/>\t\t\t\t\t\t\t\t\t\t\t\t\t\t\t<\/div>\n\t\t\t\t<\/div>\n\t\t\t\t<\/div>\n\t\t<div class=\"elementor-element elementor-element-4f79167 e-con-full e-flex e-con e-child\" data-id=\"4f79167\" data-element_type=\"container\" data-e-type=\"container\">\n\t\t<div class=\"elementor-element elementor-element-a8eb4ba e-con-full e-flex e-con e-child\" data-id=\"a8eb4ba\" data-element_type=\"container\" data-e-type=\"container\">\n\t\t\t\t<div class=\"elementor-element elementor-element-fccbef3 elementor-widget elementor-widget-html\" data-id=\"fccbef3\" data-element_type=\"widget\" data-e-type=\"widget\" data-widget_type=\"html.default\">\n\t\t\t\t<div class=\"elementor-widget-container\">\n\t\t\t\t\t<a href=\"https:\/\/calerodiving.com\/fr\/cours-de-plongee-loisir\/#specialties\" class=\"tag-button\">sp\u00e9cialit\u00e9s<\/a>\n\t\t\t\t<\/div>\n\t\t\t\t<\/div>\n\t\t\t\t<div class=\"elementor-element elementor-element-fd538dc elementor-widget elementor-widget-heading\" data-id=\"fd538dc\" data-element_type=\"widget\" data-e-type=\"widget\" data-widget_type=\"heading.default\">\n\t\t\t\t<div class=\"elementor-widget-container\">\n\t\t\t\t\t<h2 class=\"elementor-heading-title elementor-size-default\">Wreck Diving<\/h2>\t\t\t\t<\/div>\n\t\t\t\t<\/div>\n\t\t\t\t<\/div>\n\t\t\t\t<\/div>\n\t\t\t\t\t<\/div>\n\t\t\t\t<\/div>\n\t\t<div class=\"elementor-element elementor-element-6116074 e-flex e-con-boxed e-con e-parent\" data-id=\"6116074\" data-element_type=\"container\" data-e-type=\"container\">\n\t\t\t\t\t<div class=\"e-con-inner\">\n\t\t<div class=\"elementor-element elementor-element-6aa8266 e-con-full e-flex e-con e-child\" data-id=\"6aa8266\" data-element_type=\"container\" data-e-type=\"container\">\n\t\t<div class=\"elementor-element elementor-element-9d4cff2 e-con-full e-flex e-con e-child\" data-id=\"9d4cff2\" data-element_type=\"container\" data-e-type=\"container\">\n\t\t\t\t<div class=\"elementor-element elementor-element-f3a93a0 elementor-widget elementor-widget-heading\" data-id=\"f3a93a0\" data-element_type=\"widget\" data-e-type=\"widget\" data-widget_type=\"heading.default\">\n\t\t\t\t<div class=\"elementor-widget-container\">\n\t\t\t\t\t<h2 class=\"elementor-heading-title elementor-size-default\">Explore des \u00e9paves immerg\u00e9es en toute s\u00e9curit\u00e9 et d\u00e9couvre un monde sous-marin totalement diff\u00e9rent.<\/h2>\t\t\t\t<\/div>\n\t\t\t\t<\/div>\n\t\t\t\t<div class=\"elementor-element elementor-element-3cc1cca elementor-widget elementor-widget-text-editor\" data-id=\"3cc1cca\" data-element_type=\"widget\" data-e-type=\"widget\" data-widget_type=\"text-editor.default\">\n\t\t\t\t<div class=\"elementor-widget-container\">\n\t\t\t\t\t\t\t\t\t<div class=\"section-list\"><h3>Aper\u00e7u du programme<\/h3><p>Pour de nombreux plongeurs, les \u00e9paves comptent parmi les sites de plong\u00e9e les plus fascinants de l\u2019oc\u00e9an. Explorer un navire englouti r\u00e9unit histoire, vie marine et aventure d\u2019une mani\u00e8re que peu d\u2019autres plong\u00e9es peuvent offrir.<\/p><p><span style=\"font-family: -apple-system, BlinkMacSystemFont, 'SF Pro Display', 'Helvetica Neue', sans-serif;\">Avec le temps, les \u00e9paves deviennent souvent des r\u00e9cifs artificiels, attirant la vie marine et cr\u00e9ant des paysages sous-marins uniques, riches en relief et en caract\u00e8re.<\/span><\/p><p><span style=\"font-family: -apple-system, BlinkMacSystemFont, 'SF Pro Display', 'Helvetica Neue', sans-serif;\">La sp\u00e9cialit\u00e9 SSI Wreck Diving te donne les comp\u00e9tences et les connaissances n\u00e9cessaires pour explorer les \u00e9paves avec plus de s\u00e9curit\u00e9, de confiance et de ma\u00eetrise.<\/span><\/p><p><span style=\"font-family: -apple-system, BlinkMacSystemFont, 'SF Pro Display', 'Helvetica Neue', sans-serif;\">Ce cours se concentre sur la plong\u00e9e sur \u00e9pave sans p\u00e9n\u00e9tration. L\u2019entr\u00e9e dans des zones ferm\u00e9es \u00e0 l\u2019int\u00e9rieur d\u2019une \u00e9pave n\u00e9cessite une formation avanc\u00e9e suppl\u00e9mentaire et ne doit jamais \u00eatre prise \u00e0 la l\u00e9g\u00e8re.<\/span><\/p><h3>Dur\u00e9e<\/h3><ul><li>Cours d\u2019une journ\u00e9e<\/li><\/ul><h3>Comprend<\/h3><ul><li>2 plong\u00e9es de formation, supports num\u00e9riques et certification SSI Wreck Diving<\/li><\/ul><h3>Non inclus<\/h3><ul><li>Location d\u2019\u00e9quipement et assurance plong\u00e9e<\/li><\/ul><h3>Conditions requises<\/h3><ul><li>Certification SSI Open Water Diver ou \u00e9quivalente<\/li><\/ul><h3>Autres cours susceptibles de t\u2019int\u00e9resser :<\/h3><ul><li><a href=\"https:\/\/calerodiving.com\/photo-video\/\">Photo &amp; Video<\/a><\/li><li><a href=\"#\">Perfect Buoyancy<\/a><\/li><li><a href=\"#\">Recreational Sidemount Diving<\/a><\/li><\/ul><\/div>\t\t\t\t\t\t\t\t<\/div>\n\t\t\t\t<\/div>\n\t\t\t\t<\/div>\n\t\t\t\t<\/div>\n\t\t<div class=\"elementor-element elementor-element-556c4b3 e-con-full e-flex e-con e-child\" data-id=\"556c4b3\" data-element_type=\"container\" data-e-type=\"container\">\n\t\t<div class=\"elementor-element elementor-element-7d210a2 e-con-full course-sidebar-box e-flex e-con e-child\" data-id=\"7d210a2\" data-element_type=\"container\" data-e-type=\"container\" data-settings=\"{&quot;sticky&quot;:&quot;top&quot;,&quot;sticky_offset&quot;:110,&quot;sticky_effects_offset&quot;:130,&quot;sticky_parent&quot;:&quot;yes&quot;,&quot;sticky_on&quot;:[&quot;desktop&quot;,&quot;tablet&quot;,&quot;mobile&quot;],&quot;sticky_anchor_link_offset&quot;:0}\">\n\t\t\t\t<div class=\"elementor-element elementor-element-b4c97b5 elementor-widget elementor-widget-text-editor\" data-id=\"b4c97b5\" data-element_type=\"widget\" data-e-type=\"widget\" data-widget_type=\"text-editor.default\">\n\t\t\t\t<div class=\"elementor-widget-container\">\n\t\t\t\t\t\t\t\t\t<div class=\"courses-info\"><h6 class=\"no-margin\">Dur\u00e9e:<\/h6><p class=\"no-margin\">Cours d&rsquo;une journ\u00e9e<\/p><\/div><div class=\"courses-info\"><h6 class=\"no-margin\">Prix:<\/h6><p class=\"no-margin\">\u00c0 partir de 225 \u20ac<\/p><\/div>\t\t\t\t\t\t\t\t<\/div>\n\t\t\t\t<\/div>\n\t\t\t\t<div class=\"elementor-element elementor-element-00f908a elementor-mobile-align-center elementor-widget elementor-widget-button\" data-id=\"00f908a\" data-element_type=\"widget\" data-e-type=\"widget\" data-widget_type=\"button.default\">\n\t\t\t\t<div class=\"elementor-widget-container\">\n\t\t\t\t\t\t\t\t\t<div class=\"elementor-button-wrapper\">\n\t\t\t\t\t<a class=\"elementor-button elementor-button-link elementor-size-sm\" href=\"https:\/\/bukyapp.com\/booking?mode=pack&#038;product=622232244db01a005f511a39&#038;lang=fr&#038;_gl=1*kpqp6g*_ga*ODU1MDM5OTIuMTc0MTE5MTcyMQ..*_ga_4WWMT2EY3C*czE3NTI0ODk3MzckbzY0JGcxJHQxNzUyNDkwNzk2JGo2MCRsMCRoMA..\" target=\"_blank\">\n\t\t\t\t\t\t<span class=\"elementor-button-content-wrapper\">\n\t\t\t\t\t\t\t\t\t<span class=\"elementor-button-text\">R\u00e9server le cours<\/span>\n\t\t\t\t\t<\/span>\n\t\t\t\t\t<\/a>\n\t\t\t\t<\/div>\n\t\t\t\t\t\t\t\t<\/div>\n\t\t\t\t<\/div>\n\t\t\t\t<\/div>\n\t\t\t\t<\/div>\n\t\t\t\t\t<\/div>\n\t\t\t\t<\/div>\n\t\t\t\t<\/div>\n\t\t","protected":false},"excerpt":{"rendered":"<p>sp\u00e9cialit\u00e9s Wreck Diving Explore des \u00e9paves immerg\u00e9es en toute s\u00e9curit\u00e9 et d\u00e9couvre un monde sous-marin totalement diff\u00e9rent. Aper\u00e7u du programme Pour de nombreux plongeurs, les \u00e9paves comptent parmi les sites de plong\u00e9e les plus fascinants de l\u2019oc\u00e9an. Explorer un navire englouti r\u00e9unit histoire, vie marine et aventure d\u2019une mani\u00e8re que peu d\u2019autres plong\u00e9es peuvent offrir. [&hellip;]<\/p>\n","protected":false},"author":10,"featured_media":0,"parent":0,"menu_order":0,"comment_status":"closed","ping_status":"closed","template":"","meta":{"_acf_changed":false,"footnotes":""},"class_list":["post-24804","page","type-page","status-publish","hentry"],"acf":[],"yoast_head":"<!-- This site is optimized with the Yoast SEO plugin v27.5 - https:\/\/yoast.com\/product\/yoast-seo-wordpress\/ -->\n<title>Wreck Diving | Calero Diving Lanzarote<\/title>\n<meta name=\"robots\" content=\"index, follow, max-snippet:-1, max-image-preview:large, max-video-preview:-1\" \/>\n<link rel=\"canonical\" href=\"https:\/\/calerodiving.com\/wreck-diving\/\" \/>\n<meta property=\"og:locale\" content=\"fr_FR\" \/>\n<meta property=\"og:type\" content=\"article\" \/>\n<meta property=\"og:title\" content=\"Wreck Diving | Calero Diving Lanzarote\" \/>\n<meta property=\"og:description\" content=\"sp\u00e9cialit\u00e9s Wreck Diving Explore des \u00e9paves immerg\u00e9es en toute s\u00e9curit\u00e9 et d\u00e9couvre un monde sous-marin totalement diff\u00e9rent. Aper\u00e7u du programme Pour de nombreux plongeurs, les \u00e9paves comptent parmi les sites de plong\u00e9e les plus fascinants de l\u2019oc\u00e9an. Explorer un navire englouti r\u00e9unit histoire, vie marine et aventure d\u2019une mani\u00e8re que peu d\u2019autres plong\u00e9es peuvent offrir. [&hellip;]\" \/>\n<meta property=\"og:url\" content=\"https:\/\/calerodiving.com\/wreck-diving\/\" \/>\n<meta property=\"og:site_name\" content=\"Calero Diving Lanzarote\" \/>\n<meta property=\"article:publisher\" content=\"https:\/\/www.facebook.com\/calerodiving\/\" \/>\n<meta property=\"article:modified_time\" content=\"2026-04-20T09:02:22+00:00\" \/>\n<meta property=\"og:image\" content=\"https:\/\/calerodiving.com\/wp-content\/uploads\/2017\/10\/wreck-diving.jpg\" \/>\n\t<meta property=\"og:image:width\" content=\"598\" \/>\n\t<meta property=\"og:image:height\" content=\"380\" \/>\n\t<meta property=\"og:image:type\" content=\"image\/jpeg\" \/>\n<meta name=\"twitter:card\" content=\"summary_large_image\" \/>\n<meta name=\"twitter:label1\" content=\"Dur\u00e9e de lecture estim\u00e9e\" \/>\n\t<meta name=\"twitter:data1\" content=\"2 minutes\" \/>\n<script type=\"application\/ld+json\" class=\"yoast-schema-graph\">{\"@context\":\"https:\\\/\\\/schema.org\",\"@graph\":[{\"@type\":\"WebPage\",\"@id\":\"https:\\\/\\\/calerodiving.com\\\/wreck-diving\\\/\",\"url\":\"https:\\\/\\\/calerodiving.com\\\/wreck-diving\\\/\",\"name\":\"Wreck Diving | Calero Diving Lanzarote\",\"isPartOf\":{\"@id\":\"https:\\\/\\\/calerodiving.com\\\/#website\"},\"primaryImageOfPage\":{\"@id\":\"https:\\\/\\\/calerodiving.com\\\/wreck-diving\\\/#primaryimage\"},\"image\":{\"@id\":\"https:\\\/\\\/calerodiving.com\\\/wreck-diving\\\/#primaryimage\"},\"thumbnailUrl\":\"https:\\\/\\\/calerodiving.com\\\/wp-content\\\/uploads\\\/2017\\\/10\\\/wreck-diving.jpg\",\"datePublished\":\"2025-09-01T12:28:10+00:00\",\"dateModified\":\"2026-04-20T09:02:22+00:00\",\"breadcrumb\":{\"@id\":\"https:\\\/\\\/calerodiving.com\\\/wreck-diving\\\/#breadcrumb\"},\"inLanguage\":\"fr-FR\",\"potentialAction\":[{\"@type\":\"ReadAction\",\"target\":[\"https:\\\/\\\/calerodiving.com\\\/wreck-diving\\\/\"]}]},{\"@type\":\"ImageObject\",\"inLanguage\":\"fr-FR\",\"@id\":\"https:\\\/\\\/calerodiving.com\\\/wreck-diving\\\/#primaryimage\",\"url\":\"https:\\\/\\\/calerodiving.com\\\/wp-content\\\/uploads\\\/2017\\\/10\\\/wreck-diving.jpg\",\"contentUrl\":\"https:\\\/\\\/calerodiving.com\\\/wp-content\\\/uploads\\\/2017\\\/10\\\/wreck-diving.jpg\"},{\"@type\":\"BreadcrumbList\",\"@id\":\"https:\\\/\\\/calerodiving.com\\\/wreck-diving\\\/#breadcrumb\",\"itemListElement\":[{\"@type\":\"ListItem\",\"position\":1,\"name\":\"Home\",\"item\":\"https:\\\/\\\/calerodiving.com\\\/es\\\/\"},{\"@type\":\"ListItem\",\"position\":2,\"name\":\"Wreck Diving\"}]},{\"@type\":\"WebSite\",\"@id\":\"https:\\\/\\\/calerodiving.com\\\/#website\",\"url\":\"https:\\\/\\\/calerodiving.com\\\/\",\"name\":\"Calero Diving Lanzarote\",\"description\":\"Dive Center - Marina Puerto Calero Lanzarote\",\"publisher\":{\"@id\":\"https:\\\/\\\/calerodiving.com\\\/#organization\"},\"alternateName\":\"Calero Diving\",\"potentialAction\":[{\"@type\":\"SearchAction\",\"target\":{\"@type\":\"EntryPoint\",\"urlTemplate\":\"https:\\\/\\\/calerodiving.com\\\/?s={search_term_string}\"},\"query-input\":{\"@type\":\"PropertyValueSpecification\",\"valueRequired\":true,\"valueName\":\"search_term_string\"}}],\"inLanguage\":\"fr-FR\"},{\"@type\":\"Organization\",\"@id\":\"https:\\\/\\\/calerodiving.com\\\/#organization\",\"name\":\"Calero Diving Lanzarote\",\"alternateName\":\"Calero Diving\",\"url\":\"https:\\\/\\\/calerodiving.com\\\/\",\"logo\":{\"@type\":\"ImageObject\",\"inLanguage\":\"fr-FR\",\"@id\":\"https:\\\/\\\/calerodiving.com\\\/#\\\/schema\\\/logo\\\/image\\\/\",\"url\":\"https:\\\/\\\/calerodiving.com\\\/wp-content\\\/uploads\\\/2025\\\/05\\\/Grupo.png\",\"contentUrl\":\"https:\\\/\\\/calerodiving.com\\\/wp-content\\\/uploads\\\/2025\\\/05\\\/Grupo.png\",\"width\":499,\"height\":590,\"caption\":\"Calero Diving Lanzarote\"},\"image\":{\"@id\":\"https:\\\/\\\/calerodiving.com\\\/#\\\/schema\\\/logo\\\/image\\\/\"},\"sameAs\":[\"https:\\\/\\\/www.facebook.com\\\/calerodiving\\\/\",\"https:\\\/\\\/www.instagram.com\\\/calerodiving\\\/\"]}]}<\/script>\n<!-- \/ Yoast SEO plugin. -->","yoast_head_json":{"title":"Wreck Diving | Calero Diving Lanzarote","robots":{"index":"index","follow":"follow","max-snippet":"max-snippet:-1","max-image-preview":"max-image-preview:large","max-video-preview":"max-video-preview:-1"},"canonical":"https:\/\/calerodiving.com\/wreck-diving\/","og_locale":"fr_FR","og_type":"article","og_title":"Wreck Diving | Calero Diving Lanzarote","og_description":"sp\u00e9cialit\u00e9s Wreck Diving Explore des \u00e9paves immerg\u00e9es en toute s\u00e9curit\u00e9 et d\u00e9couvre un monde sous-marin totalement diff\u00e9rent. Aper\u00e7u du programme Pour de nombreux plongeurs, les \u00e9paves comptent parmi les sites de plong\u00e9e les plus fascinants de l\u2019oc\u00e9an. Explorer un navire englouti r\u00e9unit histoire, vie marine et aventure d\u2019une mani\u00e8re que peu d\u2019autres plong\u00e9es peuvent offrir. [&hellip;]","og_url":"https:\/\/calerodiving.com\/wreck-diving\/","og_site_name":"Calero Diving Lanzarote","article_publisher":"https:\/\/www.facebook.com\/calerodiving\/","article_modified_time":"2026-04-20T09:02:22+00:00","og_image":[{"width":598,"height":380,"url":"https:\/\/calerodiving.com\/wp-content\/uploads\/2017\/10\/wreck-diving.jpg","type":"image\/jpeg"}],"twitter_card":"summary_large_image","twitter_misc":{"Dur\u00e9e de lecture estim\u00e9e":"2 minutes"},"schema":{"@context":"https:\/\/schema.org","@graph":[{"@type":"WebPage","@id":"https:\/\/calerodiving.com\/wreck-diving\/","url":"https:\/\/calerodiving.com\/wreck-diving\/","name":"Wreck Diving | Calero Diving Lanzarote","isPartOf":{"@id":"https:\/\/calerodiving.com\/#website"},"primaryImageOfPage":{"@id":"https:\/\/calerodiving.com\/wreck-diving\/#primaryimage"},"image":{"@id":"https:\/\/calerodiving.com\/wreck-diving\/#primaryimage"},"thumbnailUrl":"https:\/\/calerodiving.com\/wp-content\/uploads\/2017\/10\/wreck-diving.jpg","datePublished":"2025-09-01T12:28:10+00:00","dateModified":"2026-04-20T09:02:22+00:00","breadcrumb":{"@id":"https:\/\/calerodiving.com\/wreck-diving\/#breadcrumb"},"inLanguage":"fr-FR","potentialAction":[{"@type":"ReadAction","target":["https:\/\/calerodiving.com\/wreck-diving\/"]}]},{"@type":"ImageObject","inLanguage":"fr-FR","@id":"https:\/\/calerodiving.com\/wreck-diving\/#primaryimage","url":"https:\/\/calerodiving.com\/wp-content\/uploads\/2017\/10\/wreck-diving.jpg","contentUrl":"https:\/\/calerodiving.com\/wp-content\/uploads\/2017\/10\/wreck-diving.jpg"},{"@type":"BreadcrumbList","@id":"https:\/\/calerodiving.com\/wreck-diving\/#breadcrumb","itemListElement":[{"@type":"ListItem","position":1,"name":"Home","item":"https:\/\/calerodiving.com\/es\/"},{"@type":"ListItem","position":2,"name":"Wreck Diving"}]},{"@type":"WebSite","@id":"https:\/\/calerodiving.com\/#website","url":"https:\/\/calerodiving.com\/","name":"Calero Diving Lanzarote","description":"Dive Center - Marina Puerto Calero Lanzarote","publisher":{"@id":"https:\/\/calerodiving.com\/#organization"},"alternateName":"Calero Diving","potentialAction":[{"@type":"SearchAction","target":{"@type":"EntryPoint","urlTemplate":"https:\/\/calerodiving.com\/?s={search_term_string}"},"query-input":{"@type":"PropertyValueSpecification","valueRequired":true,"valueName":"search_term_string"}}],"inLanguage":"fr-FR"},{"@type":"Organization","@id":"https:\/\/calerodiving.com\/#organization","name":"Calero Diving Lanzarote","alternateName":"Calero Diving","url":"https:\/\/calerodiving.com\/","logo":{"@type":"ImageObject","inLanguage":"fr-FR","@id":"https:\/\/calerodiving.com\/#\/schema\/logo\/image\/","url":"https:\/\/calerodiving.com\/wp-content\/uploads\/2025\/05\/Grupo.png","contentUrl":"https:\/\/calerodiving.com\/wp-content\/uploads\/2025\/05\/Grupo.png","width":499,"height":590,"caption":"Calero Diving Lanzarote"},"image":{"@id":"https:\/\/calerodiving.com\/#\/schema\/logo\/image\/"},"sameAs":["https:\/\/www.facebook.com\/calerodiving\/","https:\/\/www.instagram.com\/calerodiving\/"]}]}},"_links":{"self":[{"href":"https:\/\/calerodiving.com\/fr\/wp-json\/wp\/v2\/pages\/24804","targetHints":{"allow":["GET"]}}],"collection":[{"href":"https:\/\/calerodiving.com\/fr\/wp-json\/wp\/v2\/pages"}],"about":[{"href":"https:\/\/calerodiving.com\/fr\/wp-json\/wp\/v2\/types\/page"}],"author":[{"embeddable":true,"href":"https:\/\/calerodiving.com\/fr\/wp-json\/wp\/v2\/users\/10"}],"replies":[{"embeddable":true,"href":"https:\/\/calerodiving.com\/fr\/wp-json\/wp\/v2\/comments?post=24804"}],"version-history":[{"count":11,"href":"https:\/\/calerodiving.com\/fr\/wp-json\/wp\/v2\/pages\/24804\/revisions"}],"predecessor-version":[{"id":27772,"href":"https:\/\/calerodiving.com\/fr\/wp-json\/wp\/v2\/pages\/24804\/revisions\/27772"}],"wp:attachment":[{"href":"https:\/\/calerodiving.com\/fr\/wp-json\/wp\/v2\/media?parent=24804"}],"curies":[{"name":"wp","href":"https:\/\/api.w.org\/{rel}","templated":true}]}}