{"id":24774,"date":"2025-08-27T09:02:46","date_gmt":"2025-08-27T08:02:46","guid":{"rendered":"https:\/\/calerodiving.com\/plongeur-ccr-trimix-normoxique-pmo-2\/"},"modified":"2025-09-09T16:07:14","modified_gmt":"2025-09-09T15:07:14","slug":"plongeur-ccr-trimix-normoxique-pmo-2","status":"publish","type":"page","link":"https:\/\/calerodiving.com\/fr\/plongeur-ccr-trimix-normoxique-pmo-2\/","title":{"rendered":"CCR Normoxic Trimix Diver (MOD 2)"},"content":{"rendered":"\t\t<div data-elementor-type=\"wp-page\" data-elementor-id=\"24774\" class=\"elementor elementor-24774 elementor-20997\" data-elementor-post-type=\"page\">\n\t\t\t\t<div class=\"elementor-element elementor-element-f695305 e-flex e-con-boxed e-con e-parent\" data-id=\"f695305\" data-element_type=\"container\" data-e-type=\"container\">\n\t\t\t\t\t<div class=\"e-con-inner\">\n\t\t<div class=\"elementor-element elementor-element-805f3ff e-con-full e-flex e-con e-child\" data-id=\"805f3ff\" data-element_type=\"container\" data-e-type=\"container\">\n\t\t\t\t<div class=\"elementor-element elementor-element-2ebc54b elementor-widget elementor-widget-image\" data-id=\"2ebc54b\" data-element_type=\"widget\" data-e-type=\"widget\" data-widget_type=\"image.default\">\n\t\t\t\t<div class=\"elementor-widget-container\">\n\t\t\t\t\t\t\t\t\t\t\t\t\t\t\t<img fetchpriority=\"high\" decoding=\"async\" width=\"700\" height=\"445\" src=\"https:\/\/calerodiving.com\/wp-content\/uploads\/2025\/07\/Logo-Iantd-Courses.png\" class=\"attachment-large size-large wp-image-20962\" alt=\"\" srcset=\"https:\/\/calerodiving.com\/wp-content\/uploads\/2025\/07\/Logo-Iantd-Courses.png 700w, https:\/\/calerodiving.com\/wp-content\/uploads\/2025\/07\/Logo-Iantd-Courses-300x191.png 300w\" sizes=\"(max-width: 700px) 100vw, 700px\" \/>\t\t\t\t\t\t\t\t\t\t\t\t\t\t\t<\/div>\n\t\t\t\t<\/div>\n\t\t\t\t<\/div>\n\t\t<div class=\"elementor-element elementor-element-c78496d e-con-full e-flex e-con e-child\" data-id=\"c78496d\" data-element_type=\"container\" data-e-type=\"container\">\n\t\t<div class=\"elementor-element elementor-element-4a709d4 e-con-full e-flex e-con e-child\" data-id=\"4a709d4\" data-element_type=\"container\" data-e-type=\"container\">\n\t\t\t\t<div class=\"elementor-element elementor-element-54facd5 elementor-widget elementor-widget-html\" data-id=\"54facd5\" data-element_type=\"widget\" data-e-type=\"widget\" data-widget_type=\"html.default\">\n\t\t\t\t<div class=\"elementor-widget-container\">\n\t\t\t\t\t<a href=\"https:\/\/calerodiving.com\/fr\/?page_id=24531#iantd-closed\" class=\"tag-button\">technique<\/a>\n\t\t\t\t<\/div>\n\t\t\t\t<\/div>\n\t\t\t\t<div class=\"elementor-element elementor-element-e996e2d elementor-widget elementor-widget-heading\" data-id=\"e996e2d\" data-element_type=\"widget\" data-e-type=\"widget\" data-widget_type=\"heading.default\">\n\t\t\t\t<div class=\"elementor-widget-container\">\n\t\t\t\t\t<h2 class=\"elementor-heading-title elementor-size-default\">CCR Normoxic Trimix Diver (MOD 2)\n<\/h2>\t\t\t\t<\/div>\n\t\t\t\t<\/div>\n\t\t\t\t<\/div>\n\t\t\t\t<\/div>\n\t\t\t\t\t<\/div>\n\t\t\t\t<\/div>\n\t\t<div class=\"elementor-element elementor-element-560c1ca e-flex e-con-boxed e-con e-parent\" data-id=\"560c1ca\" data-element_type=\"container\" data-e-type=\"container\">\n\t\t\t\t\t<div class=\"e-con-inner\">\n\t\t<div class=\"elementor-element elementor-element-e3ee0cb e-con-full e-flex e-con e-child\" data-id=\"e3ee0cb\" data-element_type=\"container\" data-e-type=\"container\">\n\t\t<div class=\"elementor-element elementor-element-73bdcd8 e-con-full e-flex e-con e-child\" data-id=\"73bdcd8\" data-element_type=\"container\" data-e-type=\"container\">\n\t\t\t\t<div class=\"elementor-element elementor-element-db617cc elementor-widget elementor-widget-heading\" data-id=\"db617cc\" data-element_type=\"widget\" data-e-type=\"widget\" data-widget_type=\"heading.default\">\n\t\t\t\t<div class=\"elementor-widget-container\">\n\t\t\t\t\t<h2 class=\"elementor-heading-title elementor-size-default\">Plongez un peu plus profond...<\/h2>\t\t\t\t<\/div>\n\t\t\t\t<\/div>\n\t\t\t\t<div class=\"elementor-element elementor-element-54fe948 elementor-widget elementor-widget-text-editor\" data-id=\"54fe948\" data-element_type=\"widget\" data-e-type=\"widget\" data-widget_type=\"text-editor.default\">\n\t\t\t\t<div class=\"elementor-widget-container\">\n\t\t\t\t\t\t\t\t\t<div class=\"section-list\">\n  <h3>Aper\u00e7u du programme :<\/h3>\n  <ul>\n    <li>Le cours IANTD CCR Plongeur Trimix Normoxique est con\u00e7u pour former ceux qui souhaitent plonger \u00e0 des profondeurs comprises entre 39 et 60 m\u00e8tres, mais qui ne souhaitent pas respirer de l&rsquo;air en dessous de 39 m\u00e8tres. Ce programme est \u00e9galement con\u00e7u pour former les plongeurs \u00e0 une utilisation plus s\u00fbre des recycleurs pour des plong\u00e9es utilisant des m\u00e9langes gazeux normoxiques \u00e0 base d&rsquo;h\u00e9lium. <\/li>\n    <li>Selon les performances et le niveau de confort, \u00e0 la discr\u00e9tion de l&rsquo;instructeur, vous pouvez faire \u00e9voluer ce cours vers le programme IANTD CCR Plongeur Trimix Normoxique Plus. Cela vous certifiera pour des profondeurs jusqu&rsquo;\u00e0 70 m\u00e8tres. <\/li>\n  <\/ul>\n  <h3>Inclus :<\/h3>\n  <ul>\n    <li>6 plong\u00e9es d&rsquo;entra\u00eenement<\/li>\n    <li>Sofnolime<\/li>\n    <li>Supports num\u00e9riques<\/li>\n    <li>O2<\/li>\n    <li>Bouteilles<\/li>\n    <li>Certification IANTD CCR Plongeur Trimix Normoxique\/CCR Plongeur Trimix Normoxique Plus<\/li>\n  <\/ul>\n  <h3>Non inclus :<\/h3>\n  <ul>\n    <li>Location d&rsquo;\u00e9quipement<\/li>\n    <li>Assurance plong\u00e9e<\/li>\n    <li>Location d&rsquo;unit\u00e9 CCR<\/li>\n    <li>Suppl\u00e9ment h\u00e9lium<\/li>\n  <\/ul>\n  <h3>Pr\u00e9requis :<\/h3>\n  <ul>\n    <li>\u00c2ge minimum 18 ans<\/li>\n    <li>Minimum 100 plong\u00e9es enregistr\u00e9es, dont au moins 25 plong\u00e9es CCR et 50 heures sur l&rsquo;appareil avec au moins 50 % d&rsquo;entre elles enregistr\u00e9es sur le m\u00eame appareil &#8211; 30 plong\u00e9es doivent \u00eatre plus profondes que 27 m\u00e8tres<\/li>\n    <li>Avoir les certifications IANTD CCR Plongeur Advanced EANx ou \u00e9quivalent<\/li>\n    <li>Certificat m\u00e9dical valide de moins d&rsquo;un an (auto-certification non accept\u00e9e)<\/li>\n  <\/ul>\n  <h3>Autres formations qui pourraient vous int\u00e9resser :<\/h3>\n  <ul>\n    <li><a href=\"https:\/\/calerodiving.com\/fr\/plongeur-ccr-eanx-avance-mod-1\/\">Plongeur CCR Advanced EANx (MOD 1)<\/a><\/li>\n    <li><a href=\"https:\/\/calerodiving.com\/fr\/plongeur-ccr-trimix-mod-3\/\">Plongeur CCR Trimix (MOD 3)<\/a><\/li>\n  <\/ul>\n<\/div>\n\t\t\t\t\t\t\t\t<\/div>\n\t\t\t\t<\/div>\n\t\t\t\t<\/div>\n\t\t\t\t<\/div>\n\t\t<div class=\"elementor-element elementor-element-cabba3f e-con-full e-flex e-con e-child\" data-id=\"cabba3f\" data-element_type=\"container\" data-e-type=\"container\">\n\t\t<div class=\"elementor-element elementor-element-3b14e94 e-con-full course-sidebar-box e-flex e-con e-child\" data-id=\"3b14e94\" data-element_type=\"container\" data-e-type=\"container\" data-settings=\"{&quot;sticky&quot;:&quot;top&quot;,&quot;sticky_offset&quot;:110,&quot;sticky_effects_offset&quot;:130,&quot;sticky_parent&quot;:&quot;yes&quot;,&quot;sticky_on&quot;:[&quot;desktop&quot;,&quot;tablet&quot;,&quot;mobile&quot;],&quot;sticky_anchor_link_offset&quot;:0}\">\n\t\t\t\t<div class=\"elementor-element elementor-element-5426ef4 elementor-widget elementor-widget-text-editor\" data-id=\"5426ef4\" data-element_type=\"widget\" data-e-type=\"widget\" data-widget_type=\"text-editor.default\">\n\t\t\t\t<div class=\"elementor-widget-container\">\n\t\t\t\t\t\t\t\t\t<div class=\"courses-info\"><h6 class=\"no-margin\">Dur\u00e9e :<\/h6><p class=\"no-margin\">Formation de 5 jours<\/p><\/div><div class=\"courses-info\"><h6 class=\"no-margin\">Prix :<\/h6><p class=\"no-margin\">\u00c0 partir de 2 250 \u20ac<\/p><\/div>\t\t\t\t\t\t\t\t<\/div>\n\t\t\t\t<\/div>\n\t\t\t\t<div class=\"elementor-element elementor-element-e907030 elementor-mobile-align-center elementor-widget elementor-widget-button\" data-id=\"e907030\" data-element_type=\"widget\" data-e-type=\"widget\" data-widget_type=\"button.default\">\n\t\t\t\t<div class=\"elementor-widget-container\">\n\t\t\t\t\t\t\t\t\t<div class=\"elementor-button-wrapper\">\n\t\t\t\t\t<a class=\"elementor-button elementor-button-link elementor-size-sm\" href=\"https:\/\/app.bukyapp.com\/front\/6213b2319a1bbf005fa0b870\/product\/6888c8abf71dec2c388201ec?lang=fr\" target=\"_blank\">\n\t\t\t\t\t\t<span class=\"elementor-button-content-wrapper\">\n\t\t\t\t\t\t\t\t\t<span class=\"elementor-button-text\">acheter la formation<\/span>\n\t\t\t\t\t<\/span>\n\t\t\t\t\t<\/a>\n\t\t\t\t<\/div>\n\t\t\t\t\t\t\t\t<\/div>\n\t\t\t\t<\/div>\n\t\t\t\t<\/div>\n\t\t\t\t<\/div>\n\t\t\t\t\t<\/div>\n\t\t\t\t<\/div>\n\t\t\t\t<\/div>\n\t\t","protected":false},"excerpt":{"rendered":"<p>technique CCR Normoxic Trimix Diver (MOD 2) Plongez un peu plus profond&#8230; Aper\u00e7u du programme : Le cours IANTD CCR Plongeur Trimix Normoxique est con\u00e7u pour former ceux qui souhaitent plonger \u00e0 des profondeurs comprises entre 39 et 60 m\u00e8tres, mais qui ne souhaitent pas respirer de l&rsquo;air en dessous de 39 m\u00e8tres. Ce programme [&hellip;]<\/p>\n","protected":false},"author":10,"featured_media":0,"parent":0,"menu_order":0,"comment_status":"closed","ping_status":"closed","template":"","meta":{"_acf_changed":false,"footnotes":""},"class_list":["post-24774","page","type-page","status-publish","hentry"],"acf":[],"yoast_head":"<!-- This site is optimized with the Yoast SEO plugin v27.5 - https:\/\/yoast.com\/product\/yoast-seo-wordpress\/ -->\n<title>CCR Normoxic Trimix Diver (MOD 2) | Calero Diving Lanzarote<\/title>\n<meta name=\"robots\" content=\"index, follow, max-snippet:-1, max-image-preview:large, max-video-preview:-1\" \/>\n<link rel=\"canonical\" href=\"https:\/\/calerodiving.com\/ccr-normoxic-trimix-diver-mod-2\/\" \/>\n<meta property=\"og:locale\" content=\"fr_FR\" \/>\n<meta property=\"og:type\" content=\"article\" \/>\n<meta property=\"og:title\" content=\"CCR Normoxic Trimix Diver (MOD 2) | Calero Diving Lanzarote\" \/>\n<meta property=\"og:description\" content=\"technique CCR Normoxic Trimix Diver (MOD 2) Plongez un peu plus profond&#8230; Aper\u00e7u du programme : Le cours IANTD CCR Plongeur Trimix Normoxique est con\u00e7u pour former ceux qui souhaitent plonger \u00e0 des profondeurs comprises entre 39 et 60 m\u00e8tres, mais qui ne souhaitent pas respirer de l&rsquo;air en dessous de 39 m\u00e8tres. Ce programme [&hellip;]\" \/>\n<meta property=\"og:url\" content=\"https:\/\/calerodiving.com\/ccr-normoxic-trimix-diver-mod-2\/\" \/>\n<meta property=\"og:site_name\" content=\"Calero Diving Lanzarote\" \/>\n<meta property=\"article:publisher\" content=\"https:\/\/www.facebook.com\/calerodiving\/\" \/>\n<meta property=\"article:modified_time\" content=\"2025-09-09T15:07:14+00:00\" \/>\n<meta property=\"og:image\" content=\"https:\/\/calerodiving.com\/wp-content\/uploads\/2025\/07\/Logo-Iantd-Courses.png\" \/>\n\t<meta property=\"og:image:width\" content=\"700\" \/>\n\t<meta property=\"og:image:height\" content=\"445\" \/>\n\t<meta property=\"og:image:type\" content=\"image\/png\" \/>\n<meta name=\"twitter:card\" content=\"summary_large_image\" \/>\n<meta name=\"twitter:label1\" content=\"Dur\u00e9e de lecture estim\u00e9e\" \/>\n\t<meta name=\"twitter:data1\" content=\"2 minutes\" \/>\n<script type=\"application\/ld+json\" class=\"yoast-schema-graph\">{\"@context\":\"https:\\\/\\\/schema.org\",\"@graph\":[{\"@type\":\"WebPage\",\"@id\":\"https:\\\/\\\/calerodiving.com\\\/ccr-normoxic-trimix-diver-mod-2\\\/\",\"url\":\"https:\\\/\\\/calerodiving.com\\\/ccr-normoxic-trimix-diver-mod-2\\\/\",\"name\":\"CCR Normoxic Trimix Diver (MOD 2) | Calero Diving Lanzarote\",\"isPartOf\":{\"@id\":\"https:\\\/\\\/calerodiving.com\\\/#website\"},\"primaryImageOfPage\":{\"@id\":\"https:\\\/\\\/calerodiving.com\\\/ccr-normoxic-trimix-diver-mod-2\\\/#primaryimage\"},\"image\":{\"@id\":\"https:\\\/\\\/calerodiving.com\\\/ccr-normoxic-trimix-diver-mod-2\\\/#primaryimage\"},\"thumbnailUrl\":\"https:\\\/\\\/calerodiving.com\\\/wp-content\\\/uploads\\\/2025\\\/07\\\/Logo-Iantd-Courses.png\",\"datePublished\":\"2025-08-27T08:02:46+00:00\",\"dateModified\":\"2025-09-09T15:07:14+00:00\",\"breadcrumb\":{\"@id\":\"https:\\\/\\\/calerodiving.com\\\/ccr-normoxic-trimix-diver-mod-2\\\/#breadcrumb\"},\"inLanguage\":\"fr-FR\",\"potentialAction\":[{\"@type\":\"ReadAction\",\"target\":[\"https:\\\/\\\/calerodiving.com\\\/ccr-normoxic-trimix-diver-mod-2\\\/\"]}]},{\"@type\":\"ImageObject\",\"inLanguage\":\"fr-FR\",\"@id\":\"https:\\\/\\\/calerodiving.com\\\/ccr-normoxic-trimix-diver-mod-2\\\/#primaryimage\",\"url\":\"https:\\\/\\\/calerodiving.com\\\/wp-content\\\/uploads\\\/2025\\\/07\\\/Logo-Iantd-Courses.png\",\"contentUrl\":\"https:\\\/\\\/calerodiving.com\\\/wp-content\\\/uploads\\\/2025\\\/07\\\/Logo-Iantd-Courses.png\"},{\"@type\":\"BreadcrumbList\",\"@id\":\"https:\\\/\\\/calerodiving.com\\\/ccr-normoxic-trimix-diver-mod-2\\\/#breadcrumb\",\"itemListElement\":[{\"@type\":\"ListItem\",\"position\":1,\"name\":\"Home\",\"item\":\"https:\\\/\\\/calerodiving.com\\\/es\\\/\"},{\"@type\":\"ListItem\",\"position\":2,\"name\":\"CCR Normoxic Trimix Diver (MOD 2)\"}]},{\"@type\":\"WebSite\",\"@id\":\"https:\\\/\\\/calerodiving.com\\\/#website\",\"url\":\"https:\\\/\\\/calerodiving.com\\\/\",\"name\":\"Calero Diving Lanzarote\",\"description\":\"Dive Center - Marina Puerto Calero Lanzarote\",\"publisher\":{\"@id\":\"https:\\\/\\\/calerodiving.com\\\/#organization\"},\"alternateName\":\"Calero Diving\",\"potentialAction\":[{\"@type\":\"SearchAction\",\"target\":{\"@type\":\"EntryPoint\",\"urlTemplate\":\"https:\\\/\\\/calerodiving.com\\\/?s={search_term_string}\"},\"query-input\":{\"@type\":\"PropertyValueSpecification\",\"valueRequired\":true,\"valueName\":\"search_term_string\"}}],\"inLanguage\":\"fr-FR\"},{\"@type\":\"Organization\",\"@id\":\"https:\\\/\\\/calerodiving.com\\\/#organization\",\"name\":\"Calero Diving Lanzarote\",\"alternateName\":\"Calero Diving\",\"url\":\"https:\\\/\\\/calerodiving.com\\\/\",\"logo\":{\"@type\":\"ImageObject\",\"inLanguage\":\"fr-FR\",\"@id\":\"https:\\\/\\\/calerodiving.com\\\/#\\\/schema\\\/logo\\\/image\\\/\",\"url\":\"https:\\\/\\\/calerodiving.com\\\/wp-content\\\/uploads\\\/2025\\\/05\\\/Grupo.png\",\"contentUrl\":\"https:\\\/\\\/calerodiving.com\\\/wp-content\\\/uploads\\\/2025\\\/05\\\/Grupo.png\",\"width\":499,\"height\":590,\"caption\":\"Calero Diving Lanzarote\"},\"image\":{\"@id\":\"https:\\\/\\\/calerodiving.com\\\/#\\\/schema\\\/logo\\\/image\\\/\"},\"sameAs\":[\"https:\\\/\\\/www.facebook.com\\\/calerodiving\\\/\",\"https:\\\/\\\/www.instagram.com\\\/calerodiving\\\/\"]}]}<\/script>\n<!-- \/ Yoast SEO plugin. -->","yoast_head_json":{"title":"CCR Normoxic Trimix Diver (MOD 2) | Calero Diving Lanzarote","robots":{"index":"index","follow":"follow","max-snippet":"max-snippet:-1","max-image-preview":"max-image-preview:large","max-video-preview":"max-video-preview:-1"},"canonical":"https:\/\/calerodiving.com\/ccr-normoxic-trimix-diver-mod-2\/","og_locale":"fr_FR","og_type":"article","og_title":"CCR Normoxic Trimix Diver (MOD 2) | Calero Diving Lanzarote","og_description":"technique CCR Normoxic Trimix Diver (MOD 2) Plongez un peu plus profond&#8230; Aper\u00e7u du programme : Le cours IANTD CCR Plongeur Trimix Normoxique est con\u00e7u pour former ceux qui souhaitent plonger \u00e0 des profondeurs comprises entre 39 et 60 m\u00e8tres, mais qui ne souhaitent pas respirer de l&rsquo;air en dessous de 39 m\u00e8tres. Ce programme [&hellip;]","og_url":"https:\/\/calerodiving.com\/ccr-normoxic-trimix-diver-mod-2\/","og_site_name":"Calero Diving Lanzarote","article_publisher":"https:\/\/www.facebook.com\/calerodiving\/","article_modified_time":"2025-09-09T15:07:14+00:00","og_image":[{"width":700,"height":445,"url":"https:\/\/calerodiving.com\/wp-content\/uploads\/2025\/07\/Logo-Iantd-Courses.png","type":"image\/png"}],"twitter_card":"summary_large_image","twitter_misc":{"Dur\u00e9e de lecture estim\u00e9e":"2 minutes"},"schema":{"@context":"https:\/\/schema.org","@graph":[{"@type":"WebPage","@id":"https:\/\/calerodiving.com\/ccr-normoxic-trimix-diver-mod-2\/","url":"https:\/\/calerodiving.com\/ccr-normoxic-trimix-diver-mod-2\/","name":"CCR Normoxic Trimix Diver (MOD 2) | Calero Diving Lanzarote","isPartOf":{"@id":"https:\/\/calerodiving.com\/#website"},"primaryImageOfPage":{"@id":"https:\/\/calerodiving.com\/ccr-normoxic-trimix-diver-mod-2\/#primaryimage"},"image":{"@id":"https:\/\/calerodiving.com\/ccr-normoxic-trimix-diver-mod-2\/#primaryimage"},"thumbnailUrl":"https:\/\/calerodiving.com\/wp-content\/uploads\/2025\/07\/Logo-Iantd-Courses.png","datePublished":"2025-08-27T08:02:46+00:00","dateModified":"2025-09-09T15:07:14+00:00","breadcrumb":{"@id":"https:\/\/calerodiving.com\/ccr-normoxic-trimix-diver-mod-2\/#breadcrumb"},"inLanguage":"fr-FR","potentialAction":[{"@type":"ReadAction","target":["https:\/\/calerodiving.com\/ccr-normoxic-trimix-diver-mod-2\/"]}]},{"@type":"ImageObject","inLanguage":"fr-FR","@id":"https:\/\/calerodiving.com\/ccr-normoxic-trimix-diver-mod-2\/#primaryimage","url":"https:\/\/calerodiving.com\/wp-content\/uploads\/2025\/07\/Logo-Iantd-Courses.png","contentUrl":"https:\/\/calerodiving.com\/wp-content\/uploads\/2025\/07\/Logo-Iantd-Courses.png"},{"@type":"BreadcrumbList","@id":"https:\/\/calerodiving.com\/ccr-normoxic-trimix-diver-mod-2\/#breadcrumb","itemListElement":[{"@type":"ListItem","position":1,"name":"Home","item":"https:\/\/calerodiving.com\/es\/"},{"@type":"ListItem","position":2,"name":"CCR Normoxic Trimix Diver (MOD 2)"}]},{"@type":"WebSite","@id":"https:\/\/calerodiving.com\/#website","url":"https:\/\/calerodiving.com\/","name":"Calero Diving Lanzarote","description":"Dive Center - Marina Puerto Calero Lanzarote","publisher":{"@id":"https:\/\/calerodiving.com\/#organization"},"alternateName":"Calero Diving","potentialAction":[{"@type":"SearchAction","target":{"@type":"EntryPoint","urlTemplate":"https:\/\/calerodiving.com\/?s={search_term_string}"},"query-input":{"@type":"PropertyValueSpecification","valueRequired":true,"valueName":"search_term_string"}}],"inLanguage":"fr-FR"},{"@type":"Organization","@id":"https:\/\/calerodiving.com\/#organization","name":"Calero Diving Lanzarote","alternateName":"Calero Diving","url":"https:\/\/calerodiving.com\/","logo":{"@type":"ImageObject","inLanguage":"fr-FR","@id":"https:\/\/calerodiving.com\/#\/schema\/logo\/image\/","url":"https:\/\/calerodiving.com\/wp-content\/uploads\/2025\/05\/Grupo.png","contentUrl":"https:\/\/calerodiving.com\/wp-content\/uploads\/2025\/05\/Grupo.png","width":499,"height":590,"caption":"Calero Diving Lanzarote"},"image":{"@id":"https:\/\/calerodiving.com\/#\/schema\/logo\/image\/"},"sameAs":["https:\/\/www.facebook.com\/calerodiving\/","https:\/\/www.instagram.com\/calerodiving\/"]}]}},"_links":{"self":[{"href":"https:\/\/calerodiving.com\/fr\/wp-json\/wp\/v2\/pages\/24774","targetHints":{"allow":["GET"]}}],"collection":[{"href":"https:\/\/calerodiving.com\/fr\/wp-json\/wp\/v2\/pages"}],"about":[{"href":"https:\/\/calerodiving.com\/fr\/wp-json\/wp\/v2\/types\/page"}],"author":[{"embeddable":true,"href":"https:\/\/calerodiving.com\/fr\/wp-json\/wp\/v2\/users\/10"}],"replies":[{"embeddable":true,"href":"https:\/\/calerodiving.com\/fr\/wp-json\/wp\/v2\/comments?post=24774"}],"version-history":[{"count":4,"href":"https:\/\/calerodiving.com\/fr\/wp-json\/wp\/v2\/pages\/24774\/revisions"}],"predecessor-version":[{"id":25982,"href":"https:\/\/calerodiving.com\/fr\/wp-json\/wp\/v2\/pages\/24774\/revisions\/25982"}],"wp:attachment":[{"href":"https:\/\/calerodiving.com\/fr\/wp-json\/wp\/v2\/media?parent=24774"}],"curies":[{"name":"wp","href":"https:\/\/api.w.org\/{rel}","templated":true}]}}