{"id":24762,"date":"2025-08-27T09:02:37","date_gmt":"2025-08-27T08:02:37","guid":{"rendered":"https:\/\/calerodiving.com\/navigation\/"},"modified":"2026-04-20T10:47:41","modified_gmt":"2026-04-20T09:47:41","slug":"navigation","status":"publish","type":"page","link":"https:\/\/calerodiving.com\/fr\/navigation\/","title":{"rendered":"Navigation"},"content":{"rendered":"\t\t<div data-elementor-type=\"wp-page\" data-elementor-id=\"24762\" class=\"elementor elementor-24762 elementor-20664\" data-elementor-post-type=\"page\">\n\t\t\t\t<div class=\"elementor-element elementor-element-d456d75 e-flex e-con-boxed e-con e-parent\" data-id=\"d456d75\" data-element_type=\"container\" data-e-type=\"container\">\n\t\t\t\t\t<div class=\"e-con-inner\">\n\t\t<div class=\"elementor-element elementor-element-2ba0420 e-con-full e-flex e-con e-child\" data-id=\"2ba0420\" data-element_type=\"container\" data-e-type=\"container\">\n\t\t\t\t<div class=\"elementor-element elementor-element-99ebcec elementor-widget elementor-widget-image\" data-id=\"99ebcec\" data-element_type=\"widget\" data-e-type=\"widget\" data-widget_type=\"image.default\">\n\t\t\t\t<div class=\"elementor-widget-container\">\n\t\t\t\t\t\t\t\t\t\t\t\t\t\t\t<img fetchpriority=\"high\" decoding=\"async\" width=\"598\" height=\"380\" src=\"https:\/\/calerodiving.com\/wp-content\/uploads\/2017\/10\/navigation.jpg\" class=\"attachment-large size-large wp-image-1591\" alt=\"\" srcset=\"https:\/\/calerodiving.com\/wp-content\/uploads\/2017\/10\/navigation.jpg 598w, https:\/\/calerodiving.com\/wp-content\/uploads\/2017\/10\/navigation-300x191.jpg 300w, https:\/\/calerodiving.com\/wp-content\/uploads\/2017\/10\/navigation-450x286.jpg 450w\" sizes=\"(max-width: 598px) 100vw, 598px\" \/>\t\t\t\t\t\t\t\t\t\t\t\t\t\t\t<\/div>\n\t\t\t\t<\/div>\n\t\t\t\t<\/div>\n\t\t<div class=\"elementor-element elementor-element-840d066 e-con-full e-flex e-con e-child\" data-id=\"840d066\" data-element_type=\"container\" data-e-type=\"container\">\n\t\t<div class=\"elementor-element elementor-element-fd7a8dc e-con-full e-flex e-con e-child\" data-id=\"fd7a8dc\" data-element_type=\"container\" data-e-type=\"container\">\n\t\t\t\t<div class=\"elementor-element elementor-element-75c9998 elementor-widget elementor-widget-html\" data-id=\"75c9998\" data-element_type=\"widget\" data-e-type=\"widget\" data-widget_type=\"html.default\">\n\t\t\t\t<div class=\"elementor-widget-container\">\n\t\t\t\t\t<a href=\"https:\/\/calerodiving.com\/fr\/?page_id=24218#specialties\" class=\"tag-button\">sp\u00e9cialit\u00e9s<\/a>\n\t\t\t\t<\/div>\n\t\t\t\t<\/div>\n\t\t\t\t<div class=\"elementor-element elementor-element-7f30973 elementor-widget elementor-widget-heading\" data-id=\"7f30973\" data-element_type=\"widget\" data-e-type=\"widget\" data-widget_type=\"heading.default\">\n\t\t\t\t<div class=\"elementor-widget-container\">\n\t\t\t\t\t<h2 class=\"elementor-heading-title elementor-size-default\">Navigation<\/h2>\t\t\t\t<\/div>\n\t\t\t\t<\/div>\n\t\t\t\t<\/div>\n\t\t\t\t<\/div>\n\t\t\t\t\t<\/div>\n\t\t\t\t<\/div>\n\t\t<div class=\"elementor-element elementor-element-5ab19b5 e-flex e-con-boxed e-con e-parent\" data-id=\"5ab19b5\" data-element_type=\"container\" data-e-type=\"container\">\n\t\t\t\t\t<div class=\"e-con-inner\">\n\t\t<div class=\"elementor-element elementor-element-68982b7 e-con-full e-flex e-con e-child\" data-id=\"68982b7\" data-element_type=\"container\" data-e-type=\"container\">\n\t\t<div class=\"elementor-element elementor-element-7840ca9 e-con-full e-flex e-con e-child\" data-id=\"7840ca9\" data-element_type=\"container\" data-e-type=\"container\">\n\t\t\t\t<div class=\"elementor-element elementor-element-aa3e437 elementor-widget elementor-widget-heading\" data-id=\"aa3e437\" data-element_type=\"widget\" data-e-type=\"widget\" data-widget_type=\"heading.default\">\n\t\t\t\t<div class=\"elementor-widget-container\">\n\t\t\t\t\t<h2 class=\"elementor-heading-title elementor-size-default\">Apprenez \u00e0 naviguer sous l'eau \n<\/h2>\t\t\t\t<\/div>\n\t\t\t\t<\/div>\n\t\t\t\t<div class=\"elementor-element elementor-element-aae41cf elementor-widget elementor-widget-text-editor\" data-id=\"aae41cf\" data-element_type=\"widget\" data-e-type=\"widget\" data-widget_type=\"text-editor.default\">\n\t\t\t\t<div class=\"elementor-widget-container\">\n\t\t\t\t\t\t\t\t\t<div class=\"section-list\">\n<h3>Aper\u00e7u du programme :<\/h3>\nUne bonne navigation sous-marine rend la plong\u00e9e plus d\u00e9tendue, plus efficace et beaucoup plus agr\u00e9able.<br><br>\n\nLa sp\u00e9cialit\u00e9 SSI Navigation t\u2019aide \u00e0 d\u00e9velopper les comp\u00e9tences n\u00e9cessaires pour t\u2019orienter sous l\u2019eau avec plus de s\u00e9curit\u00e9, de confiance et d\u2019autonomie.<br><br>\n\nTu apprendras \u00e0 utiliser \u00e0 la fois les rep\u00e8res naturels et la navigation au compas, \u00e0 estimer les distances avec plus de pr\u00e9cision et \u00e0 partir d\u2019un point planifi\u00e9 puis y revenir avec davantage d\u2019exactitude.<br><br>\n\nDe solides comp\u00e9tences en navigation ne servent pas seulement \u00e0 \u00e9viter de se d\u00e9sorienter \u2014 elles am\u00e9liorent aussi ta vigilance, ta communication avec ton bin\u00f4me et ton contr\u00f4le global pendant la plong\u00e9e.\n\n<h3>Dur\u00e9e<\/h3>\n<ul>\n  <li>1 jour<\/li>\n<\/ul>\n\n<h3>Comprend<\/h3>\n<ul>\n  <li>2 plong\u00e9es de formation, supports num\u00e9riques et certification SSI Navigation<\/li>\n<\/ul>\n\n<h3>Conditions requises<\/h3>\n<ul>\n  <li>avoir au moins 10 ans et une certification SSI Open Water Diver ou \u00e9quivalente<\/li>\n<\/ul>\n\n<h3>Non inclus<\/h3>\n<ul>\n  <li>location d\u2019\u00e9quipement<\/li>\n  <li>assurance plong\u00e9e<\/li>\n<\/ul>\n\n<h3>Autres cours susceptibles de t\u2019int\u00e9resser<\/h3>\n<ul>\n  <li>Search and Recovery<\/li>\n  <li>Perfect Buoyancy<\/li>\n<\/ul>\n<\/div>\t\t\t\t\t\t\t\t<\/div>\n\t\t\t\t<\/div>\n\t\t\t\t<\/div>\n\t\t\t\t<\/div>\n\t\t<div class=\"elementor-element elementor-element-8212995 e-con-full e-flex e-con e-child\" data-id=\"8212995\" data-element_type=\"container\" data-e-type=\"container\">\n\t\t<div class=\"elementor-element elementor-element-8b90022 e-con-full course-sidebar-box e-flex e-con e-child\" data-id=\"8b90022\" data-element_type=\"container\" data-e-type=\"container\" data-settings=\"{&quot;sticky&quot;:&quot;top&quot;,&quot;sticky_offset&quot;:110,&quot;sticky_effects_offset&quot;:130,&quot;sticky_parent&quot;:&quot;yes&quot;,&quot;sticky_on&quot;:[&quot;desktop&quot;,&quot;tablet&quot;,&quot;mobile&quot;],&quot;sticky_anchor_link_offset&quot;:0}\">\n\t\t\t\t<div class=\"elementor-element elementor-element-b871a1f elementor-widget elementor-widget-text-editor\" data-id=\"b871a1f\" data-element_type=\"widget\" data-e-type=\"widget\" data-widget_type=\"text-editor.default\">\n\t\t\t\t<div class=\"elementor-widget-container\">\n\t\t\t\t\t\t\t\t\t<div class=\"courses-info\"><h6 class=\"no-margin\">Dur\u00e9e :<\/h6><p class=\"no-margin\">1 Jour<\/p><\/div><div class=\"courses-info\"><h6 class=\"no-margin\">Prix :<\/h6><p class=\"no-margin\">\u00c0 partir de 225 \u20ac<\/p><\/div>\t\t\t\t\t\t\t\t<\/div>\n\t\t\t\t<\/div>\n\t\t\t\t<div class=\"elementor-element elementor-element-08795e8 elementor-mobile-align-center elementor-widget elementor-widget-button\" data-id=\"08795e8\" data-element_type=\"widget\" data-e-type=\"widget\" data-widget_type=\"button.default\">\n\t\t\t\t<div class=\"elementor-widget-container\">\n\t\t\t\t\t\t\t\t\t<div class=\"elementor-button-wrapper\">\n\t\t\t\t\t<a class=\"elementor-button elementor-button-link elementor-size-sm\" href=\"https:\/\/app.bukyapp.com\/front\/6213b2319a1bbf005fa0b870\/product\/62222c894db01a005f511a29?lang=fr\">\n\t\t\t\t\t\t<span class=\"elementor-button-content-wrapper\">\n\t\t\t\t\t\t\t\t\t<span class=\"elementor-button-text\">R\u00e9server le cours<\/span>\n\t\t\t\t\t<\/span>\n\t\t\t\t\t<\/a>\n\t\t\t\t<\/div>\n\t\t\t\t\t\t\t\t<\/div>\n\t\t\t\t<\/div>\n\t\t\t\t<\/div>\n\t\t\t\t<\/div>\n\t\t\t\t\t<\/div>\n\t\t\t\t<\/div>\n\t\t\t\t<\/div>\n\t\t","protected":false},"excerpt":{"rendered":"<p>sp\u00e9cialit\u00e9s Navigation Apprenez \u00e0 naviguer sous l&rsquo;eau Aper\u00e7u du programme : Une bonne navigation sous-marine rend la plong\u00e9e plus d\u00e9tendue, plus efficace et beaucoup plus agr\u00e9able. La sp\u00e9cialit\u00e9 SSI Navigation t\u2019aide \u00e0 d\u00e9velopper les comp\u00e9tences n\u00e9cessaires pour t\u2019orienter sous l\u2019eau avec plus de s\u00e9curit\u00e9, de confiance et d\u2019autonomie. Tu apprendras \u00e0 utiliser \u00e0 la fois [&hellip;]<\/p>\n","protected":false},"author":10,"featured_media":0,"parent":0,"menu_order":0,"comment_status":"closed","ping_status":"closed","template":"","meta":{"_acf_changed":false,"footnotes":""},"class_list":["post-24762","page","type-page","status-publish","hentry"],"acf":[],"yoast_head":"<!-- This site is optimized with the Yoast SEO plugin v27.5 - https:\/\/yoast.com\/product\/yoast-seo-wordpress\/ -->\n<title>Navigation | Calero Diving Lanzarote<\/title>\n<meta name=\"robots\" content=\"index, follow, max-snippet:-1, max-image-preview:large, max-video-preview:-1\" \/>\n<link rel=\"canonical\" href=\"https:\/\/calerodiving.com\/navigation\/\" \/>\n<meta property=\"og:locale\" content=\"fr_FR\" \/>\n<meta property=\"og:type\" content=\"article\" \/>\n<meta property=\"og:title\" content=\"Navigation | Calero Diving Lanzarote\" \/>\n<meta property=\"og:description\" content=\"sp\u00e9cialit\u00e9s Navigation Apprenez \u00e0 naviguer sous l&rsquo;eau Aper\u00e7u du programme : Une bonne navigation sous-marine rend la plong\u00e9e plus d\u00e9tendue, plus efficace et beaucoup plus agr\u00e9able. La sp\u00e9cialit\u00e9 SSI Navigation t\u2019aide \u00e0 d\u00e9velopper les comp\u00e9tences n\u00e9cessaires pour t\u2019orienter sous l\u2019eau avec plus de s\u00e9curit\u00e9, de confiance et d\u2019autonomie. Tu apprendras \u00e0 utiliser \u00e0 la fois [&hellip;]\" \/>\n<meta property=\"og:url\" content=\"https:\/\/calerodiving.com\/navigation\/\" \/>\n<meta property=\"og:site_name\" content=\"Calero Diving Lanzarote\" \/>\n<meta property=\"article:publisher\" content=\"https:\/\/www.facebook.com\/calerodiving\/\" \/>\n<meta property=\"article:modified_time\" content=\"2026-04-20T09:47:41+00:00\" \/>\n<meta property=\"og:image\" content=\"https:\/\/calerodiving.com\/wp-content\/uploads\/2017\/10\/navigation.jpg\" \/>\n\t<meta property=\"og:image:width\" content=\"598\" \/>\n\t<meta property=\"og:image:height\" content=\"380\" \/>\n\t<meta property=\"og:image:type\" content=\"image\/jpeg\" \/>\n<meta name=\"twitter:card\" content=\"summary_large_image\" \/>\n<meta name=\"twitter:label1\" content=\"Dur\u00e9e de lecture estim\u00e9e\" \/>\n\t<meta name=\"twitter:data1\" content=\"2 minutes\" \/>\n<script type=\"application\/ld+json\" class=\"yoast-schema-graph\">{\"@context\":\"https:\\\/\\\/schema.org\",\"@graph\":[{\"@type\":\"WebPage\",\"@id\":\"https:\\\/\\\/calerodiving.com\\\/navigation\\\/\",\"url\":\"https:\\\/\\\/calerodiving.com\\\/navigation\\\/\",\"name\":\"Navigation | Calero Diving Lanzarote\",\"isPartOf\":{\"@id\":\"https:\\\/\\\/calerodiving.com\\\/#website\"},\"primaryImageOfPage\":{\"@id\":\"https:\\\/\\\/calerodiving.com\\\/navigation\\\/#primaryimage\"},\"image\":{\"@id\":\"https:\\\/\\\/calerodiving.com\\\/navigation\\\/#primaryimage\"},\"thumbnailUrl\":\"https:\\\/\\\/calerodiving.com\\\/wp-content\\\/uploads\\\/2017\\\/10\\\/navigation.jpg\",\"datePublished\":\"2025-08-27T08:02:37+00:00\",\"dateModified\":\"2026-04-20T09:47:41+00:00\",\"breadcrumb\":{\"@id\":\"https:\\\/\\\/calerodiving.com\\\/navigation\\\/#breadcrumb\"},\"inLanguage\":\"fr-FR\",\"potentialAction\":[{\"@type\":\"ReadAction\",\"target\":[\"https:\\\/\\\/calerodiving.com\\\/navigation\\\/\"]}]},{\"@type\":\"ImageObject\",\"inLanguage\":\"fr-FR\",\"@id\":\"https:\\\/\\\/calerodiving.com\\\/navigation\\\/#primaryimage\",\"url\":\"https:\\\/\\\/calerodiving.com\\\/wp-content\\\/uploads\\\/2017\\\/10\\\/navigation.jpg\",\"contentUrl\":\"https:\\\/\\\/calerodiving.com\\\/wp-content\\\/uploads\\\/2017\\\/10\\\/navigation.jpg\"},{\"@type\":\"BreadcrumbList\",\"@id\":\"https:\\\/\\\/calerodiving.com\\\/navigation\\\/#breadcrumb\",\"itemListElement\":[{\"@type\":\"ListItem\",\"position\":1,\"name\":\"Home\",\"item\":\"https:\\\/\\\/calerodiving.com\\\/es\\\/\"},{\"@type\":\"ListItem\",\"position\":2,\"name\":\"Navigation\"}]},{\"@type\":\"WebSite\",\"@id\":\"https:\\\/\\\/calerodiving.com\\\/#website\",\"url\":\"https:\\\/\\\/calerodiving.com\\\/\",\"name\":\"Calero Diving Lanzarote\",\"description\":\"Dive Center - Marina Puerto Calero Lanzarote\",\"publisher\":{\"@id\":\"https:\\\/\\\/calerodiving.com\\\/#organization\"},\"alternateName\":\"Calero Diving\",\"potentialAction\":[{\"@type\":\"SearchAction\",\"target\":{\"@type\":\"EntryPoint\",\"urlTemplate\":\"https:\\\/\\\/calerodiving.com\\\/?s={search_term_string}\"},\"query-input\":{\"@type\":\"PropertyValueSpecification\",\"valueRequired\":true,\"valueName\":\"search_term_string\"}}],\"inLanguage\":\"fr-FR\"},{\"@type\":\"Organization\",\"@id\":\"https:\\\/\\\/calerodiving.com\\\/#organization\",\"name\":\"Calero Diving Lanzarote\",\"alternateName\":\"Calero Diving\",\"url\":\"https:\\\/\\\/calerodiving.com\\\/\",\"logo\":{\"@type\":\"ImageObject\",\"inLanguage\":\"fr-FR\",\"@id\":\"https:\\\/\\\/calerodiving.com\\\/#\\\/schema\\\/logo\\\/image\\\/\",\"url\":\"https:\\\/\\\/calerodiving.com\\\/wp-content\\\/uploads\\\/2025\\\/05\\\/Grupo.png\",\"contentUrl\":\"https:\\\/\\\/calerodiving.com\\\/wp-content\\\/uploads\\\/2025\\\/05\\\/Grupo.png\",\"width\":499,\"height\":590,\"caption\":\"Calero Diving Lanzarote\"},\"image\":{\"@id\":\"https:\\\/\\\/calerodiving.com\\\/#\\\/schema\\\/logo\\\/image\\\/\"},\"sameAs\":[\"https:\\\/\\\/www.facebook.com\\\/calerodiving\\\/\",\"https:\\\/\\\/www.instagram.com\\\/calerodiving\\\/\"]}]}<\/script>\n<!-- \/ Yoast SEO plugin. -->","yoast_head_json":{"title":"Navigation | Calero Diving Lanzarote","robots":{"index":"index","follow":"follow","max-snippet":"max-snippet:-1","max-image-preview":"max-image-preview:large","max-video-preview":"max-video-preview:-1"},"canonical":"https:\/\/calerodiving.com\/navigation\/","og_locale":"fr_FR","og_type":"article","og_title":"Navigation | Calero Diving Lanzarote","og_description":"sp\u00e9cialit\u00e9s Navigation Apprenez \u00e0 naviguer sous l&rsquo;eau Aper\u00e7u du programme : Une bonne navigation sous-marine rend la plong\u00e9e plus d\u00e9tendue, plus efficace et beaucoup plus agr\u00e9able. La sp\u00e9cialit\u00e9 SSI Navigation t\u2019aide \u00e0 d\u00e9velopper les comp\u00e9tences n\u00e9cessaires pour t\u2019orienter sous l\u2019eau avec plus de s\u00e9curit\u00e9, de confiance et d\u2019autonomie. Tu apprendras \u00e0 utiliser \u00e0 la fois [&hellip;]","og_url":"https:\/\/calerodiving.com\/navigation\/","og_site_name":"Calero Diving Lanzarote","article_publisher":"https:\/\/www.facebook.com\/calerodiving\/","article_modified_time":"2026-04-20T09:47:41+00:00","og_image":[{"width":598,"height":380,"url":"https:\/\/calerodiving.com\/wp-content\/uploads\/2017\/10\/navigation.jpg","type":"image\/jpeg"}],"twitter_card":"summary_large_image","twitter_misc":{"Dur\u00e9e de lecture estim\u00e9e":"2 minutes"},"schema":{"@context":"https:\/\/schema.org","@graph":[{"@type":"WebPage","@id":"https:\/\/calerodiving.com\/navigation\/","url":"https:\/\/calerodiving.com\/navigation\/","name":"Navigation | Calero Diving Lanzarote","isPartOf":{"@id":"https:\/\/calerodiving.com\/#website"},"primaryImageOfPage":{"@id":"https:\/\/calerodiving.com\/navigation\/#primaryimage"},"image":{"@id":"https:\/\/calerodiving.com\/navigation\/#primaryimage"},"thumbnailUrl":"https:\/\/calerodiving.com\/wp-content\/uploads\/2017\/10\/navigation.jpg","datePublished":"2025-08-27T08:02:37+00:00","dateModified":"2026-04-20T09:47:41+00:00","breadcrumb":{"@id":"https:\/\/calerodiving.com\/navigation\/#breadcrumb"},"inLanguage":"fr-FR","potentialAction":[{"@type":"ReadAction","target":["https:\/\/calerodiving.com\/navigation\/"]}]},{"@type":"ImageObject","inLanguage":"fr-FR","@id":"https:\/\/calerodiving.com\/navigation\/#primaryimage","url":"https:\/\/calerodiving.com\/wp-content\/uploads\/2017\/10\/navigation.jpg","contentUrl":"https:\/\/calerodiving.com\/wp-content\/uploads\/2017\/10\/navigation.jpg"},{"@type":"BreadcrumbList","@id":"https:\/\/calerodiving.com\/navigation\/#breadcrumb","itemListElement":[{"@type":"ListItem","position":1,"name":"Home","item":"https:\/\/calerodiving.com\/es\/"},{"@type":"ListItem","position":2,"name":"Navigation"}]},{"@type":"WebSite","@id":"https:\/\/calerodiving.com\/#website","url":"https:\/\/calerodiving.com\/","name":"Calero Diving Lanzarote","description":"Dive Center - Marina Puerto Calero Lanzarote","publisher":{"@id":"https:\/\/calerodiving.com\/#organization"},"alternateName":"Calero Diving","potentialAction":[{"@type":"SearchAction","target":{"@type":"EntryPoint","urlTemplate":"https:\/\/calerodiving.com\/?s={search_term_string}"},"query-input":{"@type":"PropertyValueSpecification","valueRequired":true,"valueName":"search_term_string"}}],"inLanguage":"fr-FR"},{"@type":"Organization","@id":"https:\/\/calerodiving.com\/#organization","name":"Calero Diving Lanzarote","alternateName":"Calero Diving","url":"https:\/\/calerodiving.com\/","logo":{"@type":"ImageObject","inLanguage":"fr-FR","@id":"https:\/\/calerodiving.com\/#\/schema\/logo\/image\/","url":"https:\/\/calerodiving.com\/wp-content\/uploads\/2025\/05\/Grupo.png","contentUrl":"https:\/\/calerodiving.com\/wp-content\/uploads\/2025\/05\/Grupo.png","width":499,"height":590,"caption":"Calero Diving Lanzarote"},"image":{"@id":"https:\/\/calerodiving.com\/#\/schema\/logo\/image\/"},"sameAs":["https:\/\/www.facebook.com\/calerodiving\/","https:\/\/www.instagram.com\/calerodiving\/"]}]}},"_links":{"self":[{"href":"https:\/\/calerodiving.com\/fr\/wp-json\/wp\/v2\/pages\/24762","targetHints":{"allow":["GET"]}}],"collection":[{"href":"https:\/\/calerodiving.com\/fr\/wp-json\/wp\/v2\/pages"}],"about":[{"href":"https:\/\/calerodiving.com\/fr\/wp-json\/wp\/v2\/types\/page"}],"author":[{"embeddable":true,"href":"https:\/\/calerodiving.com\/fr\/wp-json\/wp\/v2\/users\/10"}],"replies":[{"embeddable":true,"href":"https:\/\/calerodiving.com\/fr\/wp-json\/wp\/v2\/comments?post=24762"}],"version-history":[{"count":10,"href":"https:\/\/calerodiving.com\/fr\/wp-json\/wp\/v2\/pages\/24762\/revisions"}],"predecessor-version":[{"id":27918,"href":"https:\/\/calerodiving.com\/fr\/wp-json\/wp\/v2\/pages\/24762\/revisions\/27918"}],"wp:attachment":[{"href":"https:\/\/calerodiving.com\/fr\/wp-json\/wp\/v2\/media?parent=24762"}],"curies":[{"name":"wp","href":"https:\/\/api.w.org\/{rel}","templated":true}]}}