{"id":24754,"date":"2025-08-27T09:02:34","date_gmt":"2025-08-27T08:02:34","guid":{"rendered":"https:\/\/calerodiving.com\/recherche-et-recuperation\/"},"modified":"2026-04-23T17:08:46","modified_gmt":"2026-04-23T16:08:46","slug":"search-and-recovery","status":"publish","type":"page","link":"https:\/\/calerodiving.com\/fr\/search-and-recovery\/","title":{"rendered":"Search and Recovery"},"content":{"rendered":"\t\t<div data-elementor-type=\"wp-page\" data-elementor-id=\"24754\" class=\"elementor elementor-24754 elementor-20652\" data-elementor-post-type=\"page\">\n\t\t\t\t<div class=\"elementor-element elementor-element-6e24780 e-flex e-con-boxed e-con e-parent\" data-id=\"6e24780\" data-element_type=\"container\" data-e-type=\"container\">\n\t\t\t\t\t<div class=\"e-con-inner\">\n\t\t<div class=\"elementor-element elementor-element-abb3f8c e-con-full e-flex e-con e-child\" data-id=\"abb3f8c\" data-element_type=\"container\" data-e-type=\"container\">\n\t\t\t\t<div class=\"elementor-element elementor-element-24ceadc elementor-widget elementor-widget-image\" data-id=\"24ceadc\" data-element_type=\"widget\" data-e-type=\"widget\" data-widget_type=\"image.default\">\n\t\t\t\t<div class=\"elementor-widget-container\">\n\t\t\t\t\t\t\t\t\t\t\t\t\t\t\t<img fetchpriority=\"high\" decoding=\"async\" width=\"598\" height=\"380\" src=\"https:\/\/calerodiving.com\/wp-content\/uploads\/2017\/10\/search-recovery.jpg\" class=\"attachment-large size-large wp-image-1977\" alt=\"\" srcset=\"https:\/\/calerodiving.com\/wp-content\/uploads\/2017\/10\/search-recovery.jpg 598w, https:\/\/calerodiving.com\/wp-content\/uploads\/2017\/10\/search-recovery-300x191.jpg 300w, https:\/\/calerodiving.com\/wp-content\/uploads\/2017\/10\/search-recovery-450x286.jpg 450w\" sizes=\"(max-width: 598px) 100vw, 598px\" \/>\t\t\t\t\t\t\t\t\t\t\t\t\t\t\t<\/div>\n\t\t\t\t<\/div>\n\t\t\t\t<\/div>\n\t\t<div class=\"elementor-element elementor-element-52e269b e-con-full e-flex e-con e-child\" data-id=\"52e269b\" data-element_type=\"container\" data-e-type=\"container\">\n\t\t<div class=\"elementor-element elementor-element-4c57187 e-con-full e-flex e-con e-child\" data-id=\"4c57187\" data-element_type=\"container\" data-e-type=\"container\">\n\t\t\t\t<div class=\"elementor-element elementor-element-d20e34e elementor-widget elementor-widget-html\" data-id=\"d20e34e\" data-element_type=\"widget\" data-e-type=\"widget\" data-widget_type=\"html.default\">\n\t\t\t\t<div class=\"elementor-widget-container\">\n\t\t\t\t\t<a href=\"https:\/\/calerodiving.com\/fr\/?page_id=24218#specialties\" class=\"tag-button\">sp\u00e9cialit\u00e9s<\/a>\n\t\t\t\t<\/div>\n\t\t\t\t<\/div>\n\t\t\t\t<div class=\"elementor-element elementor-element-00f498b elementor-widget elementor-widget-heading\" data-id=\"00f498b\" data-element_type=\"widget\" data-e-type=\"widget\" data-widget_type=\"heading.default\">\n\t\t\t\t<div class=\"elementor-widget-container\">\n\t\t\t\t\t<h2 class=\"elementor-heading-title elementor-size-default\">Search and Recovery<\/h2>\t\t\t\t<\/div>\n\t\t\t\t<\/div>\n\t\t\t\t<\/div>\n\t\t\t\t<\/div>\n\t\t\t\t\t<\/div>\n\t\t\t\t<\/div>\n\t\t<div class=\"elementor-element elementor-element-1c0096c e-flex e-con-boxed e-con e-parent\" data-id=\"1c0096c\" data-element_type=\"container\" data-e-type=\"container\">\n\t\t\t\t\t<div class=\"e-con-inner\">\n\t\t<div class=\"elementor-element elementor-element-f8f3533 e-con-full e-flex e-con e-child\" data-id=\"f8f3533\" data-element_type=\"container\" data-e-type=\"container\">\n\t\t<div class=\"elementor-element elementor-element-037935c e-con-full e-flex e-con e-child\" data-id=\"037935c\" data-element_type=\"container\" data-e-type=\"container\">\n\t\t\t\t<div class=\"elementor-element elementor-element-f5bf8a1 elementor-widget elementor-widget-heading\" data-id=\"f5bf8a1\" data-element_type=\"widget\" data-e-type=\"widget\" data-widget_type=\"heading.default\">\n\t\t\t\t<div class=\"elementor-widget-container\">\n\t\t\t\t\t<h2 class=\"elementor-heading-title elementor-size-default\">Zut, j'ai perdu ma lampe !\n<\/h2>\t\t\t\t<\/div>\n\t\t\t\t<\/div>\n\t\t\t\t<div class=\"elementor-element elementor-element-176505c elementor-widget elementor-widget-text-editor\" data-id=\"176505c\" data-element_type=\"widget\" data-e-type=\"widget\" data-widget_type=\"text-editor.default\">\n\t\t\t\t<div class=\"elementor-widget-container\">\n\t\t\t\t\t\t\t\t\t<div class=\"section-list\">\n<h3>Aper\u00e7u du programme :<\/h3>\nLa perte d\u2019\u00e9quipement ou la recherche d\u2019objets sous-marins sont des situations courantes chez les plongeurs. Avec le cours de sp\u00e9cialit\u00e9 Search &#038; Recovery de SSI, tu apprendras les protocoles et les sch\u00e9mas de recherche n\u00e9cessaires pour localiser des objets perdus ou inconnus.<br><br>\n\nDe l\u2019introduction aux sch\u00e9mas de recherche jusqu\u2019au balayage des fonds, ce cours t\u2019enseignera les comp\u00e9tences n\u00e9cessaires pour mener une recherche efficace en fonction des conditions du terrain et de l\u2019objet recherch\u00e9. De plus, tu apprendras \u00e0 utiliser des outils comme les bou\u00e9es pour r\u00e9cup\u00e9rer des objets lourds que tu ne peux pas remonter manuellement.\n\n<h3>Normes de formation<\/h3>\n<ul>\n  <li>Dur\u00e9e : 2 jours<\/li>\n  <li>Milieu prot\u00e9g\u00e9 : 1 session<\/li>\n  <li>Plong\u00e9es en milieu naturel : 2<\/li>\n<\/ul>\n\n<h3>Comprend<\/h3>\n<ul>\n  <li>1 session en milieu prot\u00e9g\u00e9, 2 plong\u00e9es en milieu naturel, supports num\u00e9riques et certification SSI Search and Recovery<\/li>\n<\/ul>\n\n<h3>Pr\u00e9requis<\/h3>\n<ul>\n  <li>\u00c2ge minimum 12 ans<\/li>\n  <li>Certification SSI Open Water Diver ou \u00e9quivalent<\/li>\n<\/ul>\n\n<h3>Non inclus<\/h3>\n<ul>\n  <li>location d\u2019\u00e9quipement<\/li>\n  <li>assurance plong\u00e9e<\/li>\n<\/ul>\n\n<h3>Autres formations qui pourraient t\u2019int\u00e9resser<\/h3>\n<ul>\n  <li>Plong\u00e9e en scooter \/ DPV<\/li>\n  <li>Plong\u00e9e en combinaison \u00e9tanche<\/li>\n  <li>Enriched Air Nitrox<\/li>\n<\/ul>\n<\/div>\t\t\t\t\t\t\t\t<\/div>\n\t\t\t\t<\/div>\n\t\t\t\t<\/div>\n\t\t\t\t<\/div>\n\t\t<div class=\"elementor-element elementor-element-27b4a38 e-con-full e-flex e-con e-child\" data-id=\"27b4a38\" data-element_type=\"container\" data-e-type=\"container\">\n\t\t<div class=\"elementor-element elementor-element-30b97c0 e-con-full course-sidebar-box e-flex e-con e-child\" data-id=\"30b97c0\" data-element_type=\"container\" data-e-type=\"container\" data-settings=\"{&quot;sticky&quot;:&quot;top&quot;,&quot;sticky_offset&quot;:110,&quot;sticky_effects_offset&quot;:130,&quot;sticky_parent&quot;:&quot;yes&quot;,&quot;sticky_on&quot;:[&quot;desktop&quot;,&quot;tablet&quot;,&quot;mobile&quot;],&quot;sticky_anchor_link_offset&quot;:0}\">\n\t\t\t\t<div class=\"elementor-element elementor-element-8d37f2a elementor-widget elementor-widget-text-editor\" data-id=\"8d37f2a\" data-element_type=\"widget\" data-e-type=\"widget\" data-widget_type=\"text-editor.default\">\n\t\t\t\t<div class=\"elementor-widget-container\">\n\t\t\t\t\t\t\t\t\t<div class=\"courses-info\"><h6 class=\"no-margin\">Dur\u00e9e :<\/h6><p class=\"no-margin\">2 Jours<\/p><\/div><div class=\"courses-info\"><h6 class=\"no-margin\">Prix :<\/h6><p class=\"no-margin\">\u00c0 partir de 275 \u20ac<\/p><\/div>\t\t\t\t\t\t\t\t<\/div>\n\t\t\t\t<\/div>\n\t\t\t\t<div class=\"elementor-element elementor-element-957295c elementor-mobile-align-center elementor-widget elementor-widget-button\" data-id=\"957295c\" data-element_type=\"widget\" data-e-type=\"widget\" data-widget_type=\"button.default\">\n\t\t\t\t<div class=\"elementor-widget-container\">\n\t\t\t\t\t\t\t\t\t<div class=\"elementor-button-wrapper\">\n\t\t\t\t\t<a class=\"elementor-button elementor-button-link elementor-size-sm\" href=\"https:\/\/bukyapp.com\/booking?mode=pack&#038;product=62222db54db01a005f511a31&#038;lang=fr&#038;_gl=1*3isgjm*_ga*ODU1MDM5OTIuMTc0MTE5MTcyMQ..*_ga_4WWMT2EY3C*czE3NTI0ODk3MzckbzY0JGcxJHQxNzUyNDkwNzk2JGo2MCRsMCRoMA..\" target=\"_blank\">\n\t\t\t\t\t\t<span class=\"elementor-button-content-wrapper\">\n\t\t\t\t\t\t\t\t\t<span class=\"elementor-button-text\">R\u00e9server le cours<\/span>\n\t\t\t\t\t<\/span>\n\t\t\t\t\t<\/a>\n\t\t\t\t<\/div>\n\t\t\t\t\t\t\t\t<\/div>\n\t\t\t\t<\/div>\n\t\t\t\t<\/div>\n\t\t\t\t<\/div>\n\t\t\t\t\t<\/div>\n\t\t\t\t<\/div>\n\t\t\t\t<\/div>\n\t\t","protected":false},"excerpt":{"rendered":"<p>sp\u00e9cialit\u00e9s Search and Recovery Zut, j&rsquo;ai perdu ma lampe ! Aper\u00e7u du programme : La perte d\u2019\u00e9quipement ou la recherche d\u2019objets sous-marins sont des situations courantes chez les plongeurs. Avec le cours de sp\u00e9cialit\u00e9 Search &#038; Recovery de SSI, tu apprendras les protocoles et les sch\u00e9mas de recherche n\u00e9cessaires pour localiser des objets perdus ou [&hellip;]<\/p>\n","protected":false},"author":10,"featured_media":0,"parent":0,"menu_order":0,"comment_status":"closed","ping_status":"closed","template":"","meta":{"_acf_changed":false,"footnotes":""},"class_list":["post-24754","page","type-page","status-publish","hentry"],"acf":[],"yoast_head":"<!-- This site is optimized with the Yoast SEO plugin v27.5 - https:\/\/yoast.com\/product\/yoast-seo-wordpress\/ -->\n<title>Search and Recovery | Calero Diving Lanzarote<\/title>\n<meta name=\"robots\" content=\"index, follow, max-snippet:-1, max-image-preview:large, max-video-preview:-1\" \/>\n<link rel=\"canonical\" href=\"https:\/\/calerodiving.com\/es\/busqueda-y-recuperacion\/\" \/>\n<meta property=\"og:locale\" content=\"fr_FR\" \/>\n<meta property=\"og:type\" content=\"article\" \/>\n<meta property=\"og:title\" content=\"Search and Recovery | Calero Diving Lanzarote\" \/>\n<meta property=\"og:description\" content=\"sp\u00e9cialit\u00e9s Search and Recovery Zut, j&rsquo;ai perdu ma lampe ! Aper\u00e7u du programme : La perte d\u2019\u00e9quipement ou la recherche d\u2019objets sous-marins sont des situations courantes chez les plongeurs. Avec le cours de sp\u00e9cialit\u00e9 Search &#038; Recovery de SSI, tu apprendras les protocoles et les sch\u00e9mas de recherche n\u00e9cessaires pour localiser des objets perdus ou [&hellip;]\" \/>\n<meta property=\"og:url\" content=\"https:\/\/calerodiving.com\/es\/busqueda-y-recuperacion\/\" \/>\n<meta property=\"og:site_name\" content=\"Calero Diving Lanzarote\" \/>\n<meta property=\"article:publisher\" content=\"https:\/\/www.facebook.com\/calerodiving\/\" \/>\n<meta property=\"article:modified_time\" content=\"2026-04-23T16:08:46+00:00\" \/>\n<meta property=\"og:image\" content=\"https:\/\/calerodiving.com\/wp-content\/uploads\/2017\/10\/search-recovery.jpg\" \/>\n\t<meta property=\"og:image:width\" content=\"598\" \/>\n\t<meta property=\"og:image:height\" content=\"380\" \/>\n\t<meta property=\"og:image:type\" content=\"image\/jpeg\" \/>\n<meta name=\"twitter:card\" content=\"summary_large_image\" \/>\n<meta name=\"twitter:label1\" content=\"Dur\u00e9e de lecture estim\u00e9e\" \/>\n\t<meta name=\"twitter:data1\" content=\"2 minutes\" \/>\n<script type=\"application\/ld+json\" class=\"yoast-schema-graph\">{\"@context\":\"https:\\\/\\\/schema.org\",\"@graph\":[{\"@type\":\"WebPage\",\"@id\":\"https:\\\/\\\/calerodiving.com\\\/es\\\/busqueda-y-recuperacion\\\/\",\"url\":\"https:\\\/\\\/calerodiving.com\\\/es\\\/busqueda-y-recuperacion\\\/\",\"name\":\"Search and Recovery | Calero Diving Lanzarote\",\"isPartOf\":{\"@id\":\"https:\\\/\\\/calerodiving.com\\\/#website\"},\"primaryImageOfPage\":{\"@id\":\"https:\\\/\\\/calerodiving.com\\\/es\\\/busqueda-y-recuperacion\\\/#primaryimage\"},\"image\":{\"@id\":\"https:\\\/\\\/calerodiving.com\\\/es\\\/busqueda-y-recuperacion\\\/#primaryimage\"},\"thumbnailUrl\":\"https:\\\/\\\/calerodiving.com\\\/wp-content\\\/uploads\\\/2017\\\/10\\\/search-recovery.jpg\",\"datePublished\":\"2025-08-27T08:02:34+00:00\",\"dateModified\":\"2026-04-23T16:08:46+00:00\",\"breadcrumb\":{\"@id\":\"https:\\\/\\\/calerodiving.com\\\/es\\\/busqueda-y-recuperacion\\\/#breadcrumb\"},\"inLanguage\":\"fr-FR\",\"potentialAction\":[{\"@type\":\"ReadAction\",\"target\":[\"https:\\\/\\\/calerodiving.com\\\/es\\\/busqueda-y-recuperacion\\\/\"]}]},{\"@type\":\"ImageObject\",\"inLanguage\":\"fr-FR\",\"@id\":\"https:\\\/\\\/calerodiving.com\\\/es\\\/busqueda-y-recuperacion\\\/#primaryimage\",\"url\":\"https:\\\/\\\/calerodiving.com\\\/wp-content\\\/uploads\\\/2017\\\/10\\\/search-recovery.jpg\",\"contentUrl\":\"https:\\\/\\\/calerodiving.com\\\/wp-content\\\/uploads\\\/2017\\\/10\\\/search-recovery.jpg\"},{\"@type\":\"BreadcrumbList\",\"@id\":\"https:\\\/\\\/calerodiving.com\\\/es\\\/busqueda-y-recuperacion\\\/#breadcrumb\",\"itemListElement\":[{\"@type\":\"ListItem\",\"position\":1,\"name\":\"Home\",\"item\":\"https:\\\/\\\/calerodiving.com\\\/es\\\/\"},{\"@type\":\"ListItem\",\"position\":2,\"name\":\"Search and Recovery\"}]},{\"@type\":\"WebSite\",\"@id\":\"https:\\\/\\\/calerodiving.com\\\/#website\",\"url\":\"https:\\\/\\\/calerodiving.com\\\/\",\"name\":\"Calero Diving Lanzarote\",\"description\":\"Dive Center - Marina Puerto Calero Lanzarote\",\"publisher\":{\"@id\":\"https:\\\/\\\/calerodiving.com\\\/#organization\"},\"alternateName\":\"Calero Diving\",\"potentialAction\":[{\"@type\":\"SearchAction\",\"target\":{\"@type\":\"EntryPoint\",\"urlTemplate\":\"https:\\\/\\\/calerodiving.com\\\/?s={search_term_string}\"},\"query-input\":{\"@type\":\"PropertyValueSpecification\",\"valueRequired\":true,\"valueName\":\"search_term_string\"}}],\"inLanguage\":\"fr-FR\"},{\"@type\":\"Organization\",\"@id\":\"https:\\\/\\\/calerodiving.com\\\/#organization\",\"name\":\"Calero Diving Lanzarote\",\"alternateName\":\"Calero Diving\",\"url\":\"https:\\\/\\\/calerodiving.com\\\/\",\"logo\":{\"@type\":\"ImageObject\",\"inLanguage\":\"fr-FR\",\"@id\":\"https:\\\/\\\/calerodiving.com\\\/#\\\/schema\\\/logo\\\/image\\\/\",\"url\":\"https:\\\/\\\/calerodiving.com\\\/wp-content\\\/uploads\\\/2025\\\/05\\\/Grupo.png\",\"contentUrl\":\"https:\\\/\\\/calerodiving.com\\\/wp-content\\\/uploads\\\/2025\\\/05\\\/Grupo.png\",\"width\":499,\"height\":590,\"caption\":\"Calero Diving Lanzarote\"},\"image\":{\"@id\":\"https:\\\/\\\/calerodiving.com\\\/#\\\/schema\\\/logo\\\/image\\\/\"},\"sameAs\":[\"https:\\\/\\\/www.facebook.com\\\/calerodiving\\\/\",\"https:\\\/\\\/www.instagram.com\\\/calerodiving\\\/\"]}]}<\/script>\n<!-- \/ Yoast SEO plugin. -->","yoast_head_json":{"title":"Search and Recovery | Calero Diving Lanzarote","robots":{"index":"index","follow":"follow","max-snippet":"max-snippet:-1","max-image-preview":"max-image-preview:large","max-video-preview":"max-video-preview:-1"},"canonical":"https:\/\/calerodiving.com\/es\/busqueda-y-recuperacion\/","og_locale":"fr_FR","og_type":"article","og_title":"Search and Recovery | Calero Diving Lanzarote","og_description":"sp\u00e9cialit\u00e9s Search and Recovery Zut, j&rsquo;ai perdu ma lampe ! Aper\u00e7u du programme : La perte d\u2019\u00e9quipement ou la recherche d\u2019objets sous-marins sont des situations courantes chez les plongeurs. Avec le cours de sp\u00e9cialit\u00e9 Search &#038; Recovery de SSI, tu apprendras les protocoles et les sch\u00e9mas de recherche n\u00e9cessaires pour localiser des objets perdus ou [&hellip;]","og_url":"https:\/\/calerodiving.com\/es\/busqueda-y-recuperacion\/","og_site_name":"Calero Diving Lanzarote","article_publisher":"https:\/\/www.facebook.com\/calerodiving\/","article_modified_time":"2026-04-23T16:08:46+00:00","og_image":[{"width":598,"height":380,"url":"https:\/\/calerodiving.com\/wp-content\/uploads\/2017\/10\/search-recovery.jpg","type":"image\/jpeg"}],"twitter_card":"summary_large_image","twitter_misc":{"Dur\u00e9e de lecture estim\u00e9e":"2 minutes"},"schema":{"@context":"https:\/\/schema.org","@graph":[{"@type":"WebPage","@id":"https:\/\/calerodiving.com\/es\/busqueda-y-recuperacion\/","url":"https:\/\/calerodiving.com\/es\/busqueda-y-recuperacion\/","name":"Search and Recovery | Calero Diving Lanzarote","isPartOf":{"@id":"https:\/\/calerodiving.com\/#website"},"primaryImageOfPage":{"@id":"https:\/\/calerodiving.com\/es\/busqueda-y-recuperacion\/#primaryimage"},"image":{"@id":"https:\/\/calerodiving.com\/es\/busqueda-y-recuperacion\/#primaryimage"},"thumbnailUrl":"https:\/\/calerodiving.com\/wp-content\/uploads\/2017\/10\/search-recovery.jpg","datePublished":"2025-08-27T08:02:34+00:00","dateModified":"2026-04-23T16:08:46+00:00","breadcrumb":{"@id":"https:\/\/calerodiving.com\/es\/busqueda-y-recuperacion\/#breadcrumb"},"inLanguage":"fr-FR","potentialAction":[{"@type":"ReadAction","target":["https:\/\/calerodiving.com\/es\/busqueda-y-recuperacion\/"]}]},{"@type":"ImageObject","inLanguage":"fr-FR","@id":"https:\/\/calerodiving.com\/es\/busqueda-y-recuperacion\/#primaryimage","url":"https:\/\/calerodiving.com\/wp-content\/uploads\/2017\/10\/search-recovery.jpg","contentUrl":"https:\/\/calerodiving.com\/wp-content\/uploads\/2017\/10\/search-recovery.jpg"},{"@type":"BreadcrumbList","@id":"https:\/\/calerodiving.com\/es\/busqueda-y-recuperacion\/#breadcrumb","itemListElement":[{"@type":"ListItem","position":1,"name":"Home","item":"https:\/\/calerodiving.com\/es\/"},{"@type":"ListItem","position":2,"name":"Search and Recovery"}]},{"@type":"WebSite","@id":"https:\/\/calerodiving.com\/#website","url":"https:\/\/calerodiving.com\/","name":"Calero Diving Lanzarote","description":"Dive Center - Marina Puerto Calero Lanzarote","publisher":{"@id":"https:\/\/calerodiving.com\/#organization"},"alternateName":"Calero Diving","potentialAction":[{"@type":"SearchAction","target":{"@type":"EntryPoint","urlTemplate":"https:\/\/calerodiving.com\/?s={search_term_string}"},"query-input":{"@type":"PropertyValueSpecification","valueRequired":true,"valueName":"search_term_string"}}],"inLanguage":"fr-FR"},{"@type":"Organization","@id":"https:\/\/calerodiving.com\/#organization","name":"Calero Diving Lanzarote","alternateName":"Calero Diving","url":"https:\/\/calerodiving.com\/","logo":{"@type":"ImageObject","inLanguage":"fr-FR","@id":"https:\/\/calerodiving.com\/#\/schema\/logo\/image\/","url":"https:\/\/calerodiving.com\/wp-content\/uploads\/2025\/05\/Grupo.png","contentUrl":"https:\/\/calerodiving.com\/wp-content\/uploads\/2025\/05\/Grupo.png","width":499,"height":590,"caption":"Calero Diving Lanzarote"},"image":{"@id":"https:\/\/calerodiving.com\/#\/schema\/logo\/image\/"},"sameAs":["https:\/\/www.facebook.com\/calerodiving\/","https:\/\/www.instagram.com\/calerodiving\/"]}]}},"_links":{"self":[{"href":"https:\/\/calerodiving.com\/fr\/wp-json\/wp\/v2\/pages\/24754","targetHints":{"allow":["GET"]}}],"collection":[{"href":"https:\/\/calerodiving.com\/fr\/wp-json\/wp\/v2\/pages"}],"about":[{"href":"https:\/\/calerodiving.com\/fr\/wp-json\/wp\/v2\/types\/page"}],"author":[{"embeddable":true,"href":"https:\/\/calerodiving.com\/fr\/wp-json\/wp\/v2\/users\/10"}],"replies":[{"embeddable":true,"href":"https:\/\/calerodiving.com\/fr\/wp-json\/wp\/v2\/comments?post=24754"}],"version-history":[{"count":17,"href":"https:\/\/calerodiving.com\/fr\/wp-json\/wp\/v2\/pages\/24754\/revisions"}],"predecessor-version":[{"id":29134,"href":"https:\/\/calerodiving.com\/fr\/wp-json\/wp\/v2\/pages\/24754\/revisions\/29134"}],"wp:attachment":[{"href":"https:\/\/calerodiving.com\/fr\/wp-json\/wp\/v2\/media?parent=24754"}],"curies":[{"name":"wp","href":"https:\/\/api.w.org\/{rel}","templated":true}]}}