{"id":24734,"date":"2025-08-27T09:01:54","date_gmt":"2025-08-27T08:01:54","guid":{"rendered":"https:\/\/calerodiving.com\/fondamentaux-de-lextended-range\/"},"modified":"2025-09-09T13:53:32","modified_gmt":"2025-09-09T12:53:32","slug":"extended-range-foundations","status":"publish","type":"page","link":"https:\/\/calerodiving.com\/fr\/extended-range-foundations\/","title":{"rendered":"Extended Range Foundations"},"content":{"rendered":"\t\t<div data-elementor-type=\"wp-page\" data-elementor-id=\"24734\" class=\"elementor elementor-24734 elementor-21048\" data-elementor-post-type=\"page\">\n\t\t\t\t<div class=\"elementor-element elementor-element-7b77f2b e-flex e-con-boxed e-con e-parent\" data-id=\"7b77f2b\" data-element_type=\"container\" data-e-type=\"container\">\n\t\t\t\t\t<div class=\"e-con-inner\">\n\t\t<div class=\"elementor-element elementor-element-a05126a e-con-full e-flex e-con e-child\" data-id=\"a05126a\" data-element_type=\"container\" data-e-type=\"container\">\n\t\t\t\t<div class=\"elementor-element elementor-element-7b4bad4 elementor-widget elementor-widget-image\" data-id=\"7b4bad4\" data-element_type=\"widget\" data-e-type=\"widget\" data-widget_type=\"image.default\">\n\t\t\t\t<div class=\"elementor-widget-container\">\n\t\t\t\t\t\t\t\t\t\t\t\t\t\t\t<img fetchpriority=\"high\" decoding=\"async\" width=\"350\" height=\"222\" src=\"https:\/\/calerodiving.com\/wp-content\/uploads\/2017\/10\/extended-range-foundations.jpg\" class=\"attachment-large size-large wp-image-3212\" alt=\"\" srcset=\"https:\/\/calerodiving.com\/wp-content\/uploads\/2017\/10\/extended-range-foundations.jpg 350w, https:\/\/calerodiving.com\/wp-content\/uploads\/2017\/10\/extended-range-foundations-300x190.jpg 300w\" sizes=\"(max-width: 350px) 100vw, 350px\" \/>\t\t\t\t\t\t\t\t\t\t\t\t\t\t\t<\/div>\n\t\t\t\t<\/div>\n\t\t\t\t<\/div>\n\t\t<div class=\"elementor-element elementor-element-e139827 e-con-full e-flex e-con e-child\" data-id=\"e139827\" data-element_type=\"container\" data-e-type=\"container\">\n\t\t<div class=\"elementor-element elementor-element-6e54afe e-con-full e-flex e-con e-child\" data-id=\"6e54afe\" data-element_type=\"container\" data-e-type=\"container\">\n\t\t\t\t<div class=\"elementor-element elementor-element-a5feda5 elementor-widget elementor-widget-html\" data-id=\"a5feda5\" data-element_type=\"widget\" data-e-type=\"widget\" data-widget_type=\"html.default\">\n\t\t\t\t<div class=\"elementor-widget-container\">\n\t\t\t\t\t<a href=\"https:\/\/calerodiving.com\/fr\/?page_id=24515#ssi-open\" class=\"tag-button\">technique<\/a>\n\t\t\t\t<\/div>\n\t\t\t\t<\/div>\n\t\t\t\t<div class=\"elementor-element elementor-element-b10a66f elementor-widget elementor-widget-heading\" data-id=\"b10a66f\" data-element_type=\"widget\" data-e-type=\"widget\" data-widget_type=\"heading.default\">\n\t\t\t\t<div class=\"elementor-widget-container\">\n\t\t\t\t\t<h2 class=\"elementor-heading-title elementor-size-default\">Extended Range Foundation<\/h2>\t\t\t\t<\/div>\n\t\t\t\t<\/div>\n\t\t\t\t<\/div>\n\t\t\t\t<\/div>\n\t\t\t\t\t<\/div>\n\t\t\t\t<\/div>\n\t\t<div class=\"elementor-element elementor-element-ade89d7 e-flex e-con-boxed e-con e-parent\" data-id=\"ade89d7\" data-element_type=\"container\" data-e-type=\"container\">\n\t\t\t\t\t<div class=\"e-con-inner\">\n\t\t<div class=\"elementor-element elementor-element-1d5d102 e-con-full e-flex e-con e-child\" data-id=\"1d5d102\" data-element_type=\"container\" data-e-type=\"container\">\n\t\t<div class=\"elementor-element elementor-element-c6230ee e-con-full e-flex e-con e-child\" data-id=\"c6230ee\" data-element_type=\"container\" data-e-type=\"container\">\n\t\t\t\t<div class=\"elementor-element elementor-element-4908932 elementor-widget elementor-widget-heading\" data-id=\"4908932\" data-element_type=\"widget\" data-e-type=\"widget\" data-widget_type=\"heading.default\">\n\t\t\t\t<div class=\"elementor-widget-container\">\n\t\t\t\t\t<h2 class=\"elementor-heading-title elementor-size-default\">Devenez un plongeur aux fondamentaux de plong\u00e9e \u00e0 port\u00e9e \u00e9tendue.<\/h2>\t\t\t\t<\/div>\n\t\t\t\t<\/div>\n\t\t\t\t<div class=\"elementor-element elementor-element-97d4e03 elementor-widget elementor-widget-text-editor\" data-id=\"97d4e03\" data-element_type=\"widget\" data-e-type=\"widget\" data-widget_type=\"text-editor.default\">\n\t\t\t\t<div class=\"elementor-widget-container\">\n\t\t\t\t\t\t\t\t\t<div class=\"section-list\"><h3>Aper\u00e7u du programme :<\/h3><ul><li>Le programme Extended Range Foundations de SSI offre \u00e0 tous les plongeurs l&rsquo;opportunit\u00e9 de perfectionner leurs comp\u00e9tences avanc\u00e9es en plong\u00e9e dans un environnement d&rsquo;atelier formatif.<\/li><li>Apprenez davantage sur l&rsquo;utilisation d&rsquo;\u00e9quipements techniques avec tout syst\u00e8me de plong\u00e9e pour lequel vous \u00eates certifi\u00e9 et d\u00e9veloppez vos comp\u00e9tences de base pour ma\u00eetriser la flottabilit\u00e9, l&rsquo;assiette, les techniques de palmage, le positionnement et la communication.<\/li><li>Le programme Extended Range Foundations offre une formation compl\u00e9mentaire aux certifications existantes pour am\u00e9liorer la confiance et le contr\u00f4le du plongeur dans l&rsquo;eau.<\/li><li>Toutes les plong\u00e9es d&rsquo;entra\u00eenement sont effectu\u00e9es dans un environnement d&rsquo;eau confin\u00e9e \u00e0 moins de 12 m\u00e8tres de profondeur.<\/li><\/ul><h3>Dur\u00e9e :<\/h3><ul><li>2 jours<\/li><\/ul><h3>Inclus :<\/h3><ul><li>4 plong\u00e9es d&rsquo;entra\u00eenement<\/li><li>Supports num\u00e9riques<\/li><li>Certification SSI Extended Range Foundations<\/li><\/ul><h3>Non inclus :<\/h3><ul><li>Location d&rsquo;\u00e9quipement<\/li><li>Assurance plong\u00e9e<\/li><\/ul><h3>Pr\u00e9requis :<\/h3><ul><li>Minimum 24 plong\u00e9es enregistr\u00e9es<\/li><li>Certification SSI Open Water Diver ou \u00e9quivalent<\/li><\/ul><h3>Autres formations qui pourraient vous int\u00e9resser :<\/h3><ul><li><a href=\"https:\/\/calerodiving.com\/fr\/?page_id=24455\">Nitrox enrichi<\/a><\/li><li><a href=\"https:\/\/calerodiving.com\/recreational-sidemount-diving\/\">Plong\u00e9e loisir en configuration lat\u00e9rale<\/a><\/li><li><a href=\"https:\/\/calerodiving.com\/dry-suit-diving\/\">Plong\u00e9e en combinaison \u00e9tanche<\/a><\/li><\/ul><\/div>\t\t\t\t\t\t\t\t<\/div>\n\t\t\t\t<\/div>\n\t\t\t\t<\/div>\n\t\t\t\t<\/div>\n\t\t<div class=\"elementor-element elementor-element-241ccdf e-con-full e-flex e-con e-child\" data-id=\"241ccdf\" data-element_type=\"container\" data-e-type=\"container\">\n\t\t<div class=\"elementor-element elementor-element-ba130c1 e-con-full course-sidebar-box e-flex e-con e-child\" data-id=\"ba130c1\" data-element_type=\"container\" data-e-type=\"container\" data-settings=\"{&quot;sticky&quot;:&quot;top&quot;,&quot;sticky_offset&quot;:110,&quot;sticky_effects_offset&quot;:130,&quot;sticky_parent&quot;:&quot;yes&quot;,&quot;sticky_on&quot;:[&quot;desktop&quot;,&quot;tablet&quot;,&quot;mobile&quot;],&quot;sticky_anchor_link_offset&quot;:0}\">\n\t\t\t\t<div class=\"elementor-element elementor-element-1edef50 elementor-widget elementor-widget-text-editor\" data-id=\"1edef50\" data-element_type=\"widget\" data-e-type=\"widget\" data-widget_type=\"text-editor.default\">\n\t\t\t\t<div class=\"elementor-widget-container\">\n\t\t\t\t\t\t\t\t\t<div class=\"courses-info\"><h6 class=\"no-margin\">Dur\u00e9e :<\/h6><p class=\"no-margin\">Cours de 2 jours<\/p><\/div><div class=\"courses-info\"><h6 class=\"no-margin\">Prix :<\/h6><p class=\"no-margin\">\u00c0 partir de 450 \u20ac<\/p><\/div>\t\t\t\t\t\t\t\t<\/div>\n\t\t\t\t<\/div>\n\t\t\t\t<div class=\"elementor-element elementor-element-d9bdeaf elementor-mobile-align-center elementor-widget elementor-widget-button\" data-id=\"d9bdeaf\" data-element_type=\"widget\" data-e-type=\"widget\" data-widget_type=\"button.default\">\n\t\t\t\t<div class=\"elementor-widget-container\">\n\t\t\t\t\t\t\t\t\t<div class=\"elementor-button-wrapper\">\n\t\t\t\t\t<a class=\"elementor-button elementor-button-link elementor-size-sm\" href=\"https:\/\/bukyapp.com\/booking?mode=pack&#038;product=62603f8c639c1f2053f25f05&#038;lang=fr&#038;_gl=1*1ond94t*_ga*ODU1MDM5OTIuMTc0MTE5MTcyMQ..*_ga_4WWMT2EY3C*czE3NTIxNDgyOTAkbzYwJGcxJHQxNzUyMTQ5NzI0JGo1MCRsMCRoMA..\">\n\t\t\t\t\t\t<span class=\"elementor-button-content-wrapper\">\n\t\t\t\t\t\t\t\t\t<span class=\"elementor-button-text\">acheter la formation<\/span>\n\t\t\t\t\t<\/span>\n\t\t\t\t\t<\/a>\n\t\t\t\t<\/div>\n\t\t\t\t\t\t\t\t<\/div>\n\t\t\t\t<\/div>\n\t\t\t\t<\/div>\n\t\t\t\t<\/div>\n\t\t\t\t\t<\/div>\n\t\t\t\t<\/div>\n\t\t\t\t<\/div>\n\t\t","protected":false},"excerpt":{"rendered":"<p>technique Extended Range Foundation Devenez un plongeur aux fondamentaux de plong\u00e9e \u00e0 port\u00e9e \u00e9tendue. Aper\u00e7u du programme : Le programme Extended Range Foundations de SSI offre \u00e0 tous les plongeurs l&rsquo;opportunit\u00e9 de perfectionner leurs comp\u00e9tences avanc\u00e9es en plong\u00e9e dans un environnement d&rsquo;atelier formatif. Apprenez davantage sur l&rsquo;utilisation d&rsquo;\u00e9quipements techniques avec tout syst\u00e8me de plong\u00e9e pour [&hellip;]<\/p>\n","protected":false},"author":10,"featured_media":0,"parent":0,"menu_order":0,"comment_status":"closed","ping_status":"closed","template":"","meta":{"_acf_changed":false,"footnotes":""},"class_list":["post-24734","page","type-page","status-publish","hentry"],"acf":[],"yoast_head":"<!-- This site is optimized with the Yoast SEO plugin v27.5 - https:\/\/yoast.com\/product\/yoast-seo-wordpress\/ -->\n<title>Extended Range Foundations | Calero Diving Lanzarote<\/title>\n<meta name=\"robots\" content=\"index, follow, max-snippet:-1, max-image-preview:large, max-video-preview:-1\" \/>\n<link rel=\"canonical\" href=\"https:\/\/calerodiving.com\/extended-range-foundations-3\/\" \/>\n<meta property=\"og:locale\" content=\"fr_FR\" \/>\n<meta property=\"og:type\" content=\"article\" \/>\n<meta property=\"og:title\" content=\"Extended Range Foundations | Calero Diving Lanzarote\" \/>\n<meta property=\"og:description\" content=\"technique Extended Range Foundation Devenez un plongeur aux fondamentaux de plong\u00e9e \u00e0 port\u00e9e \u00e9tendue. Aper\u00e7u du programme : Le programme Extended Range Foundations de SSI offre \u00e0 tous les plongeurs l&rsquo;opportunit\u00e9 de perfectionner leurs comp\u00e9tences avanc\u00e9es en plong\u00e9e dans un environnement d&rsquo;atelier formatif. Apprenez davantage sur l&rsquo;utilisation d&rsquo;\u00e9quipements techniques avec tout syst\u00e8me de plong\u00e9e pour [&hellip;]\" \/>\n<meta property=\"og:url\" content=\"https:\/\/calerodiving.com\/extended-range-foundations-3\/\" \/>\n<meta property=\"og:site_name\" content=\"Calero Diving Lanzarote\" \/>\n<meta property=\"article:publisher\" content=\"https:\/\/www.facebook.com\/calerodiving\/\" \/>\n<meta property=\"article:modified_time\" content=\"2025-09-09T12:53:32+00:00\" \/>\n<meta property=\"og:image\" content=\"https:\/\/calerodiving.com\/wp-content\/uploads\/2017\/10\/extended-range-foundations.jpg\" \/>\n\t<meta property=\"og:image:width\" content=\"350\" \/>\n\t<meta property=\"og:image:height\" content=\"222\" \/>\n\t<meta property=\"og:image:type\" content=\"image\/jpeg\" \/>\n<meta name=\"twitter:card\" content=\"summary_large_image\" \/>\n<meta name=\"twitter:label1\" content=\"Dur\u00e9e de lecture estim\u00e9e\" \/>\n\t<meta name=\"twitter:data1\" content=\"2 minutes\" \/>\n<script type=\"application\/ld+json\" class=\"yoast-schema-graph\">{\"@context\":\"https:\\\/\\\/schema.org\",\"@graph\":[{\"@type\":\"WebPage\",\"@id\":\"https:\\\/\\\/calerodiving.com\\\/extended-range-foundations-3\\\/\",\"url\":\"https:\\\/\\\/calerodiving.com\\\/extended-range-foundations-3\\\/\",\"name\":\"Extended Range Foundations | Calero Diving Lanzarote\",\"isPartOf\":{\"@id\":\"https:\\\/\\\/calerodiving.com\\\/#website\"},\"primaryImageOfPage\":{\"@id\":\"https:\\\/\\\/calerodiving.com\\\/extended-range-foundations-3\\\/#primaryimage\"},\"image\":{\"@id\":\"https:\\\/\\\/calerodiving.com\\\/extended-range-foundations-3\\\/#primaryimage\"},\"thumbnailUrl\":\"https:\\\/\\\/calerodiving.com\\\/wp-content\\\/uploads\\\/2017\\\/10\\\/extended-range-foundations.jpg\",\"datePublished\":\"2025-08-27T08:01:54+00:00\",\"dateModified\":\"2025-09-09T12:53:32+00:00\",\"breadcrumb\":{\"@id\":\"https:\\\/\\\/calerodiving.com\\\/extended-range-foundations-3\\\/#breadcrumb\"},\"inLanguage\":\"fr-FR\",\"potentialAction\":[{\"@type\":\"ReadAction\",\"target\":[\"https:\\\/\\\/calerodiving.com\\\/extended-range-foundations-3\\\/\"]}]},{\"@type\":\"ImageObject\",\"inLanguage\":\"fr-FR\",\"@id\":\"https:\\\/\\\/calerodiving.com\\\/extended-range-foundations-3\\\/#primaryimage\",\"url\":\"https:\\\/\\\/calerodiving.com\\\/wp-content\\\/uploads\\\/2017\\\/10\\\/extended-range-foundations.jpg\",\"contentUrl\":\"https:\\\/\\\/calerodiving.com\\\/wp-content\\\/uploads\\\/2017\\\/10\\\/extended-range-foundations.jpg\"},{\"@type\":\"BreadcrumbList\",\"@id\":\"https:\\\/\\\/calerodiving.com\\\/extended-range-foundations-3\\\/#breadcrumb\",\"itemListElement\":[{\"@type\":\"ListItem\",\"position\":1,\"name\":\"Home\",\"item\":\"https:\\\/\\\/calerodiving.com\\\/es\\\/\"},{\"@type\":\"ListItem\",\"position\":2,\"name\":\"Extended Range Foundations\"}]},{\"@type\":\"WebSite\",\"@id\":\"https:\\\/\\\/calerodiving.com\\\/#website\",\"url\":\"https:\\\/\\\/calerodiving.com\\\/\",\"name\":\"Calero Diving Lanzarote\",\"description\":\"Dive Center - Marina Puerto Calero Lanzarote\",\"publisher\":{\"@id\":\"https:\\\/\\\/calerodiving.com\\\/#organization\"},\"alternateName\":\"Calero Diving\",\"potentialAction\":[{\"@type\":\"SearchAction\",\"target\":{\"@type\":\"EntryPoint\",\"urlTemplate\":\"https:\\\/\\\/calerodiving.com\\\/?s={search_term_string}\"},\"query-input\":{\"@type\":\"PropertyValueSpecification\",\"valueRequired\":true,\"valueName\":\"search_term_string\"}}],\"inLanguage\":\"fr-FR\"},{\"@type\":\"Organization\",\"@id\":\"https:\\\/\\\/calerodiving.com\\\/#organization\",\"name\":\"Calero Diving Lanzarote\",\"alternateName\":\"Calero Diving\",\"url\":\"https:\\\/\\\/calerodiving.com\\\/\",\"logo\":{\"@type\":\"ImageObject\",\"inLanguage\":\"fr-FR\",\"@id\":\"https:\\\/\\\/calerodiving.com\\\/#\\\/schema\\\/logo\\\/image\\\/\",\"url\":\"https:\\\/\\\/calerodiving.com\\\/wp-content\\\/uploads\\\/2025\\\/05\\\/Grupo.png\",\"contentUrl\":\"https:\\\/\\\/calerodiving.com\\\/wp-content\\\/uploads\\\/2025\\\/05\\\/Grupo.png\",\"width\":499,\"height\":590,\"caption\":\"Calero Diving Lanzarote\"},\"image\":{\"@id\":\"https:\\\/\\\/calerodiving.com\\\/#\\\/schema\\\/logo\\\/image\\\/\"},\"sameAs\":[\"https:\\\/\\\/www.facebook.com\\\/calerodiving\\\/\",\"https:\\\/\\\/www.instagram.com\\\/calerodiving\\\/\"]}]}<\/script>\n<!-- \/ Yoast SEO plugin. -->","yoast_head_json":{"title":"Extended Range Foundations | Calero Diving Lanzarote","robots":{"index":"index","follow":"follow","max-snippet":"max-snippet:-1","max-image-preview":"max-image-preview:large","max-video-preview":"max-video-preview:-1"},"canonical":"https:\/\/calerodiving.com\/extended-range-foundations-3\/","og_locale":"fr_FR","og_type":"article","og_title":"Extended Range Foundations | Calero Diving Lanzarote","og_description":"technique Extended Range Foundation Devenez un plongeur aux fondamentaux de plong\u00e9e \u00e0 port\u00e9e \u00e9tendue. Aper\u00e7u du programme : Le programme Extended Range Foundations de SSI offre \u00e0 tous les plongeurs l&rsquo;opportunit\u00e9 de perfectionner leurs comp\u00e9tences avanc\u00e9es en plong\u00e9e dans un environnement d&rsquo;atelier formatif. Apprenez davantage sur l&rsquo;utilisation d&rsquo;\u00e9quipements techniques avec tout syst\u00e8me de plong\u00e9e pour [&hellip;]","og_url":"https:\/\/calerodiving.com\/extended-range-foundations-3\/","og_site_name":"Calero Diving Lanzarote","article_publisher":"https:\/\/www.facebook.com\/calerodiving\/","article_modified_time":"2025-09-09T12:53:32+00:00","og_image":[{"width":350,"height":222,"url":"https:\/\/calerodiving.com\/wp-content\/uploads\/2017\/10\/extended-range-foundations.jpg","type":"image\/jpeg"}],"twitter_card":"summary_large_image","twitter_misc":{"Dur\u00e9e de lecture estim\u00e9e":"2 minutes"},"schema":{"@context":"https:\/\/schema.org","@graph":[{"@type":"WebPage","@id":"https:\/\/calerodiving.com\/extended-range-foundations-3\/","url":"https:\/\/calerodiving.com\/extended-range-foundations-3\/","name":"Extended Range Foundations | Calero Diving Lanzarote","isPartOf":{"@id":"https:\/\/calerodiving.com\/#website"},"primaryImageOfPage":{"@id":"https:\/\/calerodiving.com\/extended-range-foundations-3\/#primaryimage"},"image":{"@id":"https:\/\/calerodiving.com\/extended-range-foundations-3\/#primaryimage"},"thumbnailUrl":"https:\/\/calerodiving.com\/wp-content\/uploads\/2017\/10\/extended-range-foundations.jpg","datePublished":"2025-08-27T08:01:54+00:00","dateModified":"2025-09-09T12:53:32+00:00","breadcrumb":{"@id":"https:\/\/calerodiving.com\/extended-range-foundations-3\/#breadcrumb"},"inLanguage":"fr-FR","potentialAction":[{"@type":"ReadAction","target":["https:\/\/calerodiving.com\/extended-range-foundations-3\/"]}]},{"@type":"ImageObject","inLanguage":"fr-FR","@id":"https:\/\/calerodiving.com\/extended-range-foundations-3\/#primaryimage","url":"https:\/\/calerodiving.com\/wp-content\/uploads\/2017\/10\/extended-range-foundations.jpg","contentUrl":"https:\/\/calerodiving.com\/wp-content\/uploads\/2017\/10\/extended-range-foundations.jpg"},{"@type":"BreadcrumbList","@id":"https:\/\/calerodiving.com\/extended-range-foundations-3\/#breadcrumb","itemListElement":[{"@type":"ListItem","position":1,"name":"Home","item":"https:\/\/calerodiving.com\/es\/"},{"@type":"ListItem","position":2,"name":"Extended Range Foundations"}]},{"@type":"WebSite","@id":"https:\/\/calerodiving.com\/#website","url":"https:\/\/calerodiving.com\/","name":"Calero Diving Lanzarote","description":"Dive Center - Marina Puerto Calero Lanzarote","publisher":{"@id":"https:\/\/calerodiving.com\/#organization"},"alternateName":"Calero Diving","potentialAction":[{"@type":"SearchAction","target":{"@type":"EntryPoint","urlTemplate":"https:\/\/calerodiving.com\/?s={search_term_string}"},"query-input":{"@type":"PropertyValueSpecification","valueRequired":true,"valueName":"search_term_string"}}],"inLanguage":"fr-FR"},{"@type":"Organization","@id":"https:\/\/calerodiving.com\/#organization","name":"Calero Diving Lanzarote","alternateName":"Calero Diving","url":"https:\/\/calerodiving.com\/","logo":{"@type":"ImageObject","inLanguage":"fr-FR","@id":"https:\/\/calerodiving.com\/#\/schema\/logo\/image\/","url":"https:\/\/calerodiving.com\/wp-content\/uploads\/2025\/05\/Grupo.png","contentUrl":"https:\/\/calerodiving.com\/wp-content\/uploads\/2025\/05\/Grupo.png","width":499,"height":590,"caption":"Calero Diving Lanzarote"},"image":{"@id":"https:\/\/calerodiving.com\/#\/schema\/logo\/image\/"},"sameAs":["https:\/\/www.facebook.com\/calerodiving\/","https:\/\/www.instagram.com\/calerodiving\/"]}]}},"_links":{"self":[{"href":"https:\/\/calerodiving.com\/fr\/wp-json\/wp\/v2\/pages\/24734","targetHints":{"allow":["GET"]}}],"collection":[{"href":"https:\/\/calerodiving.com\/fr\/wp-json\/wp\/v2\/pages"}],"about":[{"href":"https:\/\/calerodiving.com\/fr\/wp-json\/wp\/v2\/types\/page"}],"author":[{"embeddable":true,"href":"https:\/\/calerodiving.com\/fr\/wp-json\/wp\/v2\/users\/10"}],"replies":[{"embeddable":true,"href":"https:\/\/calerodiving.com\/fr\/wp-json\/wp\/v2\/comments?post=24734"}],"version-history":[{"count":5,"href":"https:\/\/calerodiving.com\/fr\/wp-json\/wp\/v2\/pages\/24734\/revisions"}],"predecessor-version":[{"id":25827,"href":"https:\/\/calerodiving.com\/fr\/wp-json\/wp\/v2\/pages\/24734\/revisions\/25827"}],"wp:attachment":[{"href":"https:\/\/calerodiving.com\/fr\/wp-json\/wp\/v2\/media?parent=24734"}],"curies":[{"name":"wp","href":"https:\/\/api.w.org\/{rel}","templated":true}]}}