{"id":24713,"date":"2025-08-27T09:01:29","date_gmt":"2025-08-27T08:01:29","guid":{"rendered":"https:\/\/calerodiving.com\/extended-range\/"},"modified":"2025-08-27T09:01:32","modified_gmt":"2025-08-27T08:01:32","slug":"extended-range","status":"publish","type":"page","link":"https:\/\/calerodiving.com\/fr\/extended-range\/","title":{"rendered":"Extended Range"},"content":{"rendered":"\t\t<div data-elementor-type=\"wp-page\" data-elementor-id=\"24713\" class=\"elementor elementor-24713 elementor-21087\" data-elementor-post-type=\"page\">\n\t\t\t\t<div class=\"elementor-element elementor-element-80476a9 e-flex e-con-boxed e-con e-parent\" data-id=\"80476a9\" data-element_type=\"container\" data-e-type=\"container\">\n\t\t\t\t\t<div class=\"e-con-inner\">\n\t\t<div class=\"elementor-element elementor-element-ea687aa e-con-full e-flex e-con e-child\" data-id=\"ea687aa\" data-element_type=\"container\" data-e-type=\"container\">\n\t\t\t\t<div class=\"elementor-element elementor-element-be7119a elementor-widget elementor-widget-image\" data-id=\"be7119a\" data-element_type=\"widget\" data-e-type=\"widget\" data-widget_type=\"image.default\">\n\t\t\t\t<div class=\"elementor-widget-container\">\n\t\t\t\t\t\t\t\t\t\t\t\t\t\t\t<img fetchpriority=\"high\" decoding=\"async\" width=\"350\" height=\"222\" src=\"https:\/\/calerodiving.com\/wp-content\/uploads\/2017\/10\/extended-range.jpg\" class=\"attachment-large size-large wp-image-2657\" alt=\"\" srcset=\"https:\/\/calerodiving.com\/wp-content\/uploads\/2017\/10\/extended-range.jpg 350w, https:\/\/calerodiving.com\/wp-content\/uploads\/2017\/10\/extended-range-300x190.jpg 300w\" sizes=\"(max-width: 350px) 100vw, 350px\" \/>\t\t\t\t\t\t\t\t\t\t\t\t\t\t\t<\/div>\n\t\t\t\t<\/div>\n\t\t\t\t<\/div>\n\t\t<div class=\"elementor-element elementor-element-97bdd78 e-con-full e-flex e-con e-child\" data-id=\"97bdd78\" data-element_type=\"container\" data-e-type=\"container\">\n\t\t<div class=\"elementor-element elementor-element-a0c6391 e-con-full e-flex e-con e-child\" data-id=\"a0c6391\" data-element_type=\"container\" data-e-type=\"container\">\n\t\t\t\t<div class=\"elementor-element elementor-element-f903335 elementor-widget elementor-widget-html\" data-id=\"f903335\" data-element_type=\"widget\" data-e-type=\"widget\" data-widget_type=\"html.default\">\n\t\t\t\t<div class=\"elementor-widget-container\">\n\t\t\t\t\t<a href=\"https:\/\/calerodiving.com\/fr\/?page_id=24515#ssi-open\" class=\"tag-button\">technique<\/a>\n\t\t\t\t<\/div>\n\t\t\t\t<\/div>\n\t\t\t\t<div class=\"elementor-element elementor-element-4836eae elementor-widget elementor-widget-heading\" data-id=\"4836eae\" data-element_type=\"widget\" data-e-type=\"widget\" data-widget_type=\"heading.default\">\n\t\t\t\t<div class=\"elementor-widget-container\">\n\t\t\t\t\t<h2 class=\"elementor-heading-title elementor-size-default\">Extended Range<\/h2>\t\t\t\t<\/div>\n\t\t\t\t<\/div>\n\t\t\t\t<\/div>\n\t\t\t\t<\/div>\n\t\t\t\t\t<\/div>\n\t\t\t\t<\/div>\n\t\t<div class=\"elementor-element elementor-element-ce5791c e-flex e-con-boxed e-con e-parent\" data-id=\"ce5791c\" data-element_type=\"container\" data-e-type=\"container\">\n\t\t\t\t\t<div class=\"e-con-inner\">\n\t\t<div class=\"elementor-element elementor-element-84857a5 e-con-full e-flex e-con e-child\" data-id=\"84857a5\" data-element_type=\"container\" data-e-type=\"container\">\n\t\t<div class=\"elementor-element elementor-element-72ba067 e-con-full e-flex e-con e-child\" data-id=\"72ba067\" data-element_type=\"container\" data-e-type=\"container\">\n\t\t\t\t<div class=\"elementor-element elementor-element-6ef2cf3 elementor-widget elementor-widget-heading\" data-id=\"6ef2cf3\" data-element_type=\"widget\" data-e-type=\"widget\" data-widget_type=\"heading.default\">\n\t\t\t\t<div class=\"elementor-widget-container\">\n\t\t\t\t\t<h2 class=\"elementor-heading-title elementor-size-default\">Devenez un plongeur technique.<\/h2>\t\t\t\t<\/div>\n\t\t\t\t<\/div>\n\t\t\t\t<div class=\"elementor-element elementor-element-d800c18 elementor-widget elementor-widget-text-editor\" data-id=\"d800c18\" data-element_type=\"widget\" data-e-type=\"widget\" data-widget_type=\"text-editor.default\">\n\t\t\t\t<div class=\"elementor-widget-container\">\n\t\t\t\t\t\t\t\t\t<div class=\"section-list\"><h3>Aper\u00e7u du programme :<\/h3><p>Devenir un plongeur technique est l&rsquo;aspiration de nombreux plongeurs. Les plongeurs techniques souhaitent atteindre de plus grandes profondeurs et rester plus longtemps pour profiter davantage de leur plong\u00e9e. Pour certains plongeurs, la plong\u00e9e technique concerne l&rsquo;exploration et la d\u00e9couverte de choses que d&rsquo;autres n&rsquo;ont pas vues, pour d&rsquo;autres, il s&rsquo;agit d&rsquo;atteindre des endroits o\u00f9 peu d&rsquo;autres plongeurs se rendent. C&rsquo;est une grande \u00e9motion de penser que vous voyez un endroit ou quelque chose que peu d&rsquo;autres plongeurs ont vu auparavant. Cependant, il est important de reconna\u00eetre que bien que la plong\u00e9e technique comporte des risques, il est possible de les minimiser gr\u00e2ce \u00e0 une formation et une planification appropri\u00e9es et minutieuses.    <\/p><p>Le cours SSI Extended Range est con\u00e7u pour initier en toute s\u00e9curit\u00e9 les plongeurs \u00e0 la plong\u00e9e technique en circuit ouvert. Le programme vous qualifie pour plonger jusqu&rsquo;\u00e0 une profondeur de 45 m\u00e8tres en utilisant des m\u00e9langes Nitrox jusqu&rsquo;\u00e0 100 %. Le programme Extended Range vous montrera comment planifier et ex\u00e9cuter un plan de plong\u00e9e comprenant un changement de gaz unique avec une d\u00e9compression acc\u00e9l\u00e9r\u00e9e utilisant un gaz \u00e0 plus haute teneur en oxyg\u00e8ne pour la d\u00e9compression.  <\/p><p>Ce cours peut \u00eatre suivi soit en configuration Backmount, soit en configuration Sidemount (la certification Extended Range Sidemount est n\u00e9cessaire si vous souhaitez utiliser le Sidemount).<\/p><h3>Dur\u00e9e :<\/h3><ul><li>5 jours<\/li><\/ul><h3>Inclus :<\/h3><ul><li>1 session en eau confin\u00e9e<\/li><li>6 plong\u00e9es d&rsquo;entra\u00eenement<\/li><li>Location d&rsquo;\u00e9quipement<\/li><li>Remplissages de gaz de d\u00e9compression<\/li><li>Supports num\u00e9riques<\/li><li>Certification SSI Extended Range\/Extended Range Trimix<\/li><\/ul><h3>Non inclus :<\/h3><ul><li>Assurance plong\u00e9e<\/li><\/ul><h3>Pr\u00e9requis :<\/h3><ul><li>\u00c2ge minimum 18 ans<\/li><li>Minimum de 50 plong\u00e9es enregistr\u00e9es<\/li><li>Avoir les certifications SSI Deep Diving et Enriched Air Nitrox ou \u00e9quivalent<\/li><li>Certificat m\u00e9dical valide de moins d&rsquo;un an (auto-certification non accept\u00e9e)<\/li><\/ul><h3>Autres formations qui pourraient vous int\u00e9resser :<\/h3><ul><li><a href=\"https:\/\/calerodiving.com\/extended-range-sidemount\/\">Extended range sidemount<\/a><\/li><\/ul><\/div>\t\t\t\t\t\t\t\t<\/div>\n\t\t\t\t<\/div>\n\t\t\t\t<\/div>\n\t\t\t\t<\/div>\n\t\t<div class=\"elementor-element elementor-element-e0013ea e-con-full e-flex e-con e-child\" data-id=\"e0013ea\" data-element_type=\"container\" data-e-type=\"container\">\n\t\t<div class=\"elementor-element elementor-element-3a1e2e0 e-con-full course-sidebar-box e-flex e-con e-child\" data-id=\"3a1e2e0\" data-element_type=\"container\" data-e-type=\"container\" data-settings=\"{&quot;sticky&quot;:&quot;top&quot;,&quot;sticky_offset&quot;:110,&quot;sticky_effects_offset&quot;:130,&quot;sticky_parent&quot;:&quot;yes&quot;,&quot;sticky_on&quot;:[&quot;desktop&quot;,&quot;tablet&quot;,&quot;mobile&quot;],&quot;sticky_anchor_link_offset&quot;:0}\">\n\t\t\t\t<div class=\"elementor-element elementor-element-d311741 elementor-widget elementor-widget-text-editor\" data-id=\"d311741\" data-element_type=\"widget\" data-e-type=\"widget\" data-widget_type=\"text-editor.default\">\n\t\t\t\t<div class=\"elementor-widget-container\">\n\t\t\t\t\t\t\t\t\t<div class=\"courses-info\">\n<h6 class=\"no-margin\">Dur\u00e9e :<\/h6>\n<p class=\"no-margin\">Formation de 5 jours<\/p>\n<\/div>\n<div class=\"courses-info\">\n<h6 class=\"no-margin\">Prix :<\/h6>\n<p class=\"no-margin\">\u00c0 partir de 1 450 \u20ac<\/p>\n<\/div>\t\t\t\t\t\t\t\t<\/div>\n\t\t\t\t<\/div>\n\t\t\t\t<div class=\"elementor-element elementor-element-05242dd elementor-mobile-align-center elementor-widget elementor-widget-button\" data-id=\"05242dd\" data-element_type=\"widget\" data-e-type=\"widget\" data-widget_type=\"button.default\">\n\t\t\t\t<div class=\"elementor-widget-container\">\n\t\t\t\t\t\t\t\t\t<div class=\"elementor-button-wrapper\">\n\t\t\t\t\t<a class=\"elementor-button elementor-button-link elementor-size-sm\" href=\"https:\/\/bukyapp.com\/booking?mode=pack&#038;product=626047cf639c1f2053f25f3d&#038;lang=en&#038;_gl=1*1rdr4n9*_ga*ODU1MDM5OTIuMTc0MTE5MTcyMQ..*_ga_4WWMT2EY3C*czE3NTIxNDgyOTAkbzYwJGcxJHQxNzUyMTUwODQ2JGo1OSRsMCRoMA..\" target=\"_blank\">\n\t\t\t\t\t\t<span class=\"elementor-button-content-wrapper\">\n\t\t\t\t\t\t\t\t\t<span class=\"elementor-button-text\">acheter la formation<\/span>\n\t\t\t\t\t<\/span>\n\t\t\t\t\t<\/a>\n\t\t\t\t<\/div>\n\t\t\t\t\t\t\t\t<\/div>\n\t\t\t\t<\/div>\n\t\t\t\t<\/div>\n\t\t\t\t<\/div>\n\t\t\t\t\t<\/div>\n\t\t\t\t<\/div>\n\t\t\t\t<\/div>\n\t\t","protected":false},"excerpt":{"rendered":"<p>technique Extended Range Devenez un plongeur technique. Aper\u00e7u du programme : Devenir un plongeur technique est l&rsquo;aspiration de nombreux plongeurs. Les plongeurs techniques souhaitent atteindre de plus grandes profondeurs et rester plus longtemps pour profiter davantage de leur plong\u00e9e. Pour certains plongeurs, la plong\u00e9e technique concerne l&rsquo;exploration et la d\u00e9couverte de choses que d&rsquo;autres n&rsquo;ont [&hellip;]<\/p>\n","protected":false},"author":10,"featured_media":0,"parent":0,"menu_order":0,"comment_status":"closed","ping_status":"closed","template":"","meta":{"_acf_changed":false,"footnotes":""},"class_list":["post-24713","page","type-page","status-publish","hentry"],"acf":[],"yoast_head":"<!-- This site is optimized with the Yoast SEO plugin v27.5 - https:\/\/yoast.com\/product\/yoast-seo-wordpress\/ -->\n<title>Extended Range | Calero Diving Lanzarote<\/title>\n<meta name=\"robots\" content=\"index, follow, max-snippet:-1, max-image-preview:large, max-video-preview:-1\" \/>\n<link rel=\"canonical\" href=\"https:\/\/calerodiving.com\/fr\/extended-range\/\" \/>\n<meta property=\"og:locale\" content=\"fr_FR\" \/>\n<meta property=\"og:type\" content=\"article\" \/>\n<meta property=\"og:title\" content=\"Extended Range | Calero Diving Lanzarote\" \/>\n<meta property=\"og:description\" content=\"technique Extended Range Devenez un plongeur technique. Aper\u00e7u du programme : Devenir un plongeur technique est l&rsquo;aspiration de nombreux plongeurs. Les plongeurs techniques souhaitent atteindre de plus grandes profondeurs et rester plus longtemps pour profiter davantage de leur plong\u00e9e. Pour certains plongeurs, la plong\u00e9e technique concerne l&rsquo;exploration et la d\u00e9couverte de choses que d&rsquo;autres n&rsquo;ont [&hellip;]\" \/>\n<meta property=\"og:url\" content=\"https:\/\/calerodiving.com\/fr\/extended-range\/\" \/>\n<meta property=\"og:site_name\" content=\"Calero Diving Lanzarote\" \/>\n<meta property=\"article:publisher\" content=\"https:\/\/www.facebook.com\/calerodiving\/\" \/>\n<meta property=\"article:modified_time\" content=\"2025-08-27T08:01:32+00:00\" \/>\n<meta property=\"og:image\" content=\"https:\/\/calerodiving.com\/wp-content\/uploads\/2017\/10\/extended-range.jpg\" \/>\n\t<meta property=\"og:image:width\" content=\"350\" \/>\n\t<meta property=\"og:image:height\" content=\"222\" \/>\n\t<meta property=\"og:image:type\" content=\"image\/jpeg\" \/>\n<meta name=\"twitter:card\" content=\"summary_large_image\" \/>\n<meta name=\"twitter:label1\" content=\"Dur\u00e9e de lecture estim\u00e9e\" \/>\n\t<meta name=\"twitter:data1\" content=\"2 minutes\" \/>\n<script type=\"application\/ld+json\" class=\"yoast-schema-graph\">{\"@context\":\"https:\\\/\\\/schema.org\",\"@graph\":[{\"@type\":\"WebPage\",\"@id\":\"https:\\\/\\\/calerodiving.com\\\/fr\\\/extended-range\\\/\",\"url\":\"https:\\\/\\\/calerodiving.com\\\/fr\\\/extended-range\\\/\",\"name\":\"Extended Range | Calero Diving Lanzarote\",\"isPartOf\":{\"@id\":\"https:\\\/\\\/calerodiving.com\\\/#website\"},\"primaryImageOfPage\":{\"@id\":\"https:\\\/\\\/calerodiving.com\\\/fr\\\/extended-range\\\/#primaryimage\"},\"image\":{\"@id\":\"https:\\\/\\\/calerodiving.com\\\/fr\\\/extended-range\\\/#primaryimage\"},\"thumbnailUrl\":\"https:\\\/\\\/calerodiving.com\\\/wp-content\\\/uploads\\\/2017\\\/10\\\/extended-range.jpg\",\"datePublished\":\"2025-08-27T08:01:29+00:00\",\"dateModified\":\"2025-08-27T08:01:32+00:00\",\"breadcrumb\":{\"@id\":\"https:\\\/\\\/calerodiving.com\\\/fr\\\/extended-range\\\/#breadcrumb\"},\"inLanguage\":\"fr-FR\",\"potentialAction\":[{\"@type\":\"ReadAction\",\"target\":[\"https:\\\/\\\/calerodiving.com\\\/fr\\\/extended-range\\\/\"]}]},{\"@type\":\"ImageObject\",\"inLanguage\":\"fr-FR\",\"@id\":\"https:\\\/\\\/calerodiving.com\\\/fr\\\/extended-range\\\/#primaryimage\",\"url\":\"https:\\\/\\\/calerodiving.com\\\/wp-content\\\/uploads\\\/2017\\\/10\\\/extended-range.jpg\",\"contentUrl\":\"https:\\\/\\\/calerodiving.com\\\/wp-content\\\/uploads\\\/2017\\\/10\\\/extended-range.jpg\"},{\"@type\":\"BreadcrumbList\",\"@id\":\"https:\\\/\\\/calerodiving.com\\\/fr\\\/extended-range\\\/#breadcrumb\",\"itemListElement\":[{\"@type\":\"ListItem\",\"position\":1,\"name\":\"Home\",\"item\":\"https:\\\/\\\/calerodiving.com\\\/es\\\/\"},{\"@type\":\"ListItem\",\"position\":2,\"name\":\"Extended Range\"}]},{\"@type\":\"WebSite\",\"@id\":\"https:\\\/\\\/calerodiving.com\\\/#website\",\"url\":\"https:\\\/\\\/calerodiving.com\\\/\",\"name\":\"Calero Diving Lanzarote\",\"description\":\"Dive Center - Marina Puerto Calero Lanzarote\",\"publisher\":{\"@id\":\"https:\\\/\\\/calerodiving.com\\\/#organization\"},\"alternateName\":\"Calero Diving\",\"potentialAction\":[{\"@type\":\"SearchAction\",\"target\":{\"@type\":\"EntryPoint\",\"urlTemplate\":\"https:\\\/\\\/calerodiving.com\\\/?s={search_term_string}\"},\"query-input\":{\"@type\":\"PropertyValueSpecification\",\"valueRequired\":true,\"valueName\":\"search_term_string\"}}],\"inLanguage\":\"fr-FR\"},{\"@type\":\"Organization\",\"@id\":\"https:\\\/\\\/calerodiving.com\\\/#organization\",\"name\":\"Calero Diving Lanzarote\",\"alternateName\":\"Calero Diving\",\"url\":\"https:\\\/\\\/calerodiving.com\\\/\",\"logo\":{\"@type\":\"ImageObject\",\"inLanguage\":\"fr-FR\",\"@id\":\"https:\\\/\\\/calerodiving.com\\\/#\\\/schema\\\/logo\\\/image\\\/\",\"url\":\"https:\\\/\\\/calerodiving.com\\\/wp-content\\\/uploads\\\/2025\\\/05\\\/Grupo.png\",\"contentUrl\":\"https:\\\/\\\/calerodiving.com\\\/wp-content\\\/uploads\\\/2025\\\/05\\\/Grupo.png\",\"width\":499,\"height\":590,\"caption\":\"Calero Diving Lanzarote\"},\"image\":{\"@id\":\"https:\\\/\\\/calerodiving.com\\\/#\\\/schema\\\/logo\\\/image\\\/\"},\"sameAs\":[\"https:\\\/\\\/www.facebook.com\\\/calerodiving\\\/\",\"https:\\\/\\\/www.instagram.com\\\/calerodiving\\\/\"]}]}<\/script>\n<!-- \/ Yoast SEO plugin. -->","yoast_head_json":{"title":"Extended Range | Calero Diving Lanzarote","robots":{"index":"index","follow":"follow","max-snippet":"max-snippet:-1","max-image-preview":"max-image-preview:large","max-video-preview":"max-video-preview:-1"},"canonical":"https:\/\/calerodiving.com\/fr\/extended-range\/","og_locale":"fr_FR","og_type":"article","og_title":"Extended Range | Calero Diving Lanzarote","og_description":"technique Extended Range Devenez un plongeur technique. Aper\u00e7u du programme : Devenir un plongeur technique est l&rsquo;aspiration de nombreux plongeurs. Les plongeurs techniques souhaitent atteindre de plus grandes profondeurs et rester plus longtemps pour profiter davantage de leur plong\u00e9e. Pour certains plongeurs, la plong\u00e9e technique concerne l&rsquo;exploration et la d\u00e9couverte de choses que d&rsquo;autres n&rsquo;ont [&hellip;]","og_url":"https:\/\/calerodiving.com\/fr\/extended-range\/","og_site_name":"Calero Diving Lanzarote","article_publisher":"https:\/\/www.facebook.com\/calerodiving\/","article_modified_time":"2025-08-27T08:01:32+00:00","og_image":[{"width":350,"height":222,"url":"https:\/\/calerodiving.com\/wp-content\/uploads\/2017\/10\/extended-range.jpg","type":"image\/jpeg"}],"twitter_card":"summary_large_image","twitter_misc":{"Dur\u00e9e de lecture estim\u00e9e":"2 minutes"},"schema":{"@context":"https:\/\/schema.org","@graph":[{"@type":"WebPage","@id":"https:\/\/calerodiving.com\/fr\/extended-range\/","url":"https:\/\/calerodiving.com\/fr\/extended-range\/","name":"Extended Range | Calero Diving Lanzarote","isPartOf":{"@id":"https:\/\/calerodiving.com\/#website"},"primaryImageOfPage":{"@id":"https:\/\/calerodiving.com\/fr\/extended-range\/#primaryimage"},"image":{"@id":"https:\/\/calerodiving.com\/fr\/extended-range\/#primaryimage"},"thumbnailUrl":"https:\/\/calerodiving.com\/wp-content\/uploads\/2017\/10\/extended-range.jpg","datePublished":"2025-08-27T08:01:29+00:00","dateModified":"2025-08-27T08:01:32+00:00","breadcrumb":{"@id":"https:\/\/calerodiving.com\/fr\/extended-range\/#breadcrumb"},"inLanguage":"fr-FR","potentialAction":[{"@type":"ReadAction","target":["https:\/\/calerodiving.com\/fr\/extended-range\/"]}]},{"@type":"ImageObject","inLanguage":"fr-FR","@id":"https:\/\/calerodiving.com\/fr\/extended-range\/#primaryimage","url":"https:\/\/calerodiving.com\/wp-content\/uploads\/2017\/10\/extended-range.jpg","contentUrl":"https:\/\/calerodiving.com\/wp-content\/uploads\/2017\/10\/extended-range.jpg"},{"@type":"BreadcrumbList","@id":"https:\/\/calerodiving.com\/fr\/extended-range\/#breadcrumb","itemListElement":[{"@type":"ListItem","position":1,"name":"Home","item":"https:\/\/calerodiving.com\/es\/"},{"@type":"ListItem","position":2,"name":"Extended Range"}]},{"@type":"WebSite","@id":"https:\/\/calerodiving.com\/#website","url":"https:\/\/calerodiving.com\/","name":"Calero Diving Lanzarote","description":"Dive Center - Marina Puerto Calero Lanzarote","publisher":{"@id":"https:\/\/calerodiving.com\/#organization"},"alternateName":"Calero Diving","potentialAction":[{"@type":"SearchAction","target":{"@type":"EntryPoint","urlTemplate":"https:\/\/calerodiving.com\/?s={search_term_string}"},"query-input":{"@type":"PropertyValueSpecification","valueRequired":true,"valueName":"search_term_string"}}],"inLanguage":"fr-FR"},{"@type":"Organization","@id":"https:\/\/calerodiving.com\/#organization","name":"Calero Diving Lanzarote","alternateName":"Calero Diving","url":"https:\/\/calerodiving.com\/","logo":{"@type":"ImageObject","inLanguage":"fr-FR","@id":"https:\/\/calerodiving.com\/#\/schema\/logo\/image\/","url":"https:\/\/calerodiving.com\/wp-content\/uploads\/2025\/05\/Grupo.png","contentUrl":"https:\/\/calerodiving.com\/wp-content\/uploads\/2025\/05\/Grupo.png","width":499,"height":590,"caption":"Calero Diving Lanzarote"},"image":{"@id":"https:\/\/calerodiving.com\/#\/schema\/logo\/image\/"},"sameAs":["https:\/\/www.facebook.com\/calerodiving\/","https:\/\/www.instagram.com\/calerodiving\/"]}]}},"_links":{"self":[{"href":"https:\/\/calerodiving.com\/fr\/wp-json\/wp\/v2\/pages\/24713","targetHints":{"allow":["GET"]}}],"collection":[{"href":"https:\/\/calerodiving.com\/fr\/wp-json\/wp\/v2\/pages"}],"about":[{"href":"https:\/\/calerodiving.com\/fr\/wp-json\/wp\/v2\/types\/page"}],"author":[{"embeddable":true,"href":"https:\/\/calerodiving.com\/fr\/wp-json\/wp\/v2\/users\/10"}],"replies":[{"embeddable":true,"href":"https:\/\/calerodiving.com\/fr\/wp-json\/wp\/v2\/comments?post=24713"}],"version-history":[{"count":1,"href":"https:\/\/calerodiving.com\/fr\/wp-json\/wp\/v2\/pages\/24713\/revisions"}],"predecessor-version":[{"id":24715,"href":"https:\/\/calerodiving.com\/fr\/wp-json\/wp\/v2\/pages\/24713\/revisions\/24715"}],"wp:attachment":[{"href":"https:\/\/calerodiving.com\/fr\/wp-json\/wp\/v2\/media?parent=24713"}],"curies":[{"name":"wp","href":"https:\/\/api.w.org\/{rel}","templated":true}]}}