{"id":24688,"date":"2025-08-27T08:52:11","date_gmt":"2025-08-27T07:52:11","guid":{"rendered":"https:\/\/calerodiving.com\/cours-ccr\/"},"modified":"2025-09-09T15:15:07","modified_gmt":"2025-09-09T14:15:07","slug":"ccr-course","status":"publish","type":"page","link":"https:\/\/calerodiving.com\/fr\/ccr-course\/","title":{"rendered":"CCR Course"},"content":{"rendered":"\t\t<div data-elementor-type=\"wp-page\" data-elementor-id=\"24688\" class=\"elementor elementor-24688 elementor-21330\" data-elementor-post-type=\"page\">\n\t\t\t\t<div class=\"elementor-element elementor-element-c8ae5e3 e-flex e-con-boxed e-con e-parent\" data-id=\"c8ae5e3\" data-element_type=\"container\" data-e-type=\"container\">\n\t\t\t\t\t<div class=\"e-con-inner\">\n\t\t<div class=\"elementor-element elementor-element-de712da e-con-full e-flex e-con e-child\" data-id=\"de712da\" data-element_type=\"container\" data-e-type=\"container\">\n\t\t\t\t<div class=\"elementor-element elementor-element-9648bf0 elementor-widget elementor-widget-image\" data-id=\"9648bf0\" data-element_type=\"widget\" data-e-type=\"widget\" data-widget_type=\"image.default\">\n\t\t\t\t<div class=\"elementor-widget-container\">\n\t\t\t\t\t\t\t\t\t\t\t\t\t\t\t<img fetchpriority=\"high\" decoding=\"async\" width=\"700\" height=\"445\" src=\"https:\/\/calerodiving.com\/wp-content\/uploads\/2025\/07\/imgi_39_CCR_Diving_course_Rubicon_Diving_center_Lanzarote_card_f8b6a2f713.webp\" class=\"attachment-large size-large wp-image-20423\" alt=\"\" srcset=\"https:\/\/calerodiving.com\/wp-content\/uploads\/2025\/07\/imgi_39_CCR_Diving_course_Rubicon_Diving_center_Lanzarote_card_f8b6a2f713.webp 700w, https:\/\/calerodiving.com\/wp-content\/uploads\/2025\/07\/imgi_39_CCR_Diving_course_Rubicon_Diving_center_Lanzarote_card_f8b6a2f713-300x191.webp 300w\" sizes=\"(max-width: 700px) 100vw, 700px\" \/>\t\t\t\t\t\t\t\t\t\t\t\t\t\t\t<\/div>\n\t\t\t\t<\/div>\n\t\t\t\t<\/div>\n\t\t<div class=\"elementor-element elementor-element-82e1899 e-con-full e-flex e-con e-child\" data-id=\"82e1899\" data-element_type=\"container\" data-e-type=\"container\">\n\t\t<div class=\"elementor-element elementor-element-8f594d3 e-con-full e-flex e-con e-child\" data-id=\"8f594d3\" data-element_type=\"container\" data-e-type=\"container\">\n\t\t\t\t<div class=\"elementor-element elementor-element-65cf178 elementor-widget elementor-widget-html\" data-id=\"65cf178\" data-element_type=\"widget\" data-e-type=\"widget\" data-widget_type=\"html.default\">\n\t\t\t\t<div class=\"elementor-widget-container\">\n\t\t\t\t\t<a href=\"https:\/\/calerodiving.com\/fr\/?page_id=24515#ssi-closed\" class=\"tag-button\">technique<\/a>\n\t\t\t\t<\/div>\n\t\t\t\t<\/div>\n\t\t\t\t<div class=\"elementor-element elementor-element-bd7f982 elementor-widget elementor-widget-heading\" data-id=\"bd7f982\" data-element_type=\"widget\" data-e-type=\"widget\" data-widget_type=\"heading.default\">\n\t\t\t\t<div class=\"elementor-widget-container\">\n\t\t\t\t\t<h2 class=\"elementor-heading-title elementor-size-default\">CCR Course<\/h2>\t\t\t\t<\/div>\n\t\t\t\t<\/div>\n\t\t\t\t<\/div>\n\t\t\t\t<\/div>\n\t\t\t\t\t<\/div>\n\t\t\t\t<\/div>\n\t\t<div class=\"elementor-element elementor-element-a5032af e-flex e-con-boxed e-con e-parent\" data-id=\"a5032af\" data-element_type=\"container\" data-e-type=\"container\">\n\t\t\t\t\t<div class=\"e-con-inner\">\n\t\t<div class=\"elementor-element elementor-element-1ae3f5b e-con-full e-flex e-con e-child\" data-id=\"1ae3f5b\" data-element_type=\"container\" data-e-type=\"container\">\n\t\t<div class=\"elementor-element elementor-element-4b9ab1e e-con-full e-flex e-con e-child\" data-id=\"4b9ab1e\" data-element_type=\"container\" data-e-type=\"container\">\n\t\t\t\t<div class=\"elementor-element elementor-element-bf5e71d elementor-widget elementor-widget-heading\" data-id=\"bf5e71d\" data-element_type=\"widget\" data-e-type=\"widget\" data-widget_type=\"heading.default\">\n\t\t\t\t<div class=\"elementor-widget-container\">\n\t\t\t\t\t<h2 class=\"elementor-heading-title elementor-size-default\">La premi\u00e8re \u00e9tape pour devenir plongeur recycleur<\/h2>\t\t\t\t<\/div>\n\t\t\t\t<\/div>\n\t\t\t\t<div class=\"elementor-element elementor-element-ce03c67 elementor-widget elementor-widget-text-editor\" data-id=\"ce03c67\" data-element_type=\"widget\" data-e-type=\"widget\" data-widget_type=\"text-editor.default\">\n\t\t\t\t<div class=\"elementor-widget-container\">\n\t\t\t\t\t\t\t\t\t<div class=\"section-list\">\n  <h3>Aper\u00e7u du programme :<\/h3>\n  <ul>\n    <li>Le programme de plong\u00e9e CCR SSI vous initie aux concepts d&rsquo;autonomie et de redondance lors de la plong\u00e9e avec un recycleur en circuit ferm\u00e9 (CCR). Vous apprendrez tout ce dont vous avez besoin pour effectuer des plong\u00e9es sans d\u00e9compression jusqu&rsquo;\u00e0 une profondeur maximale de 30 m\u00e8tres en utilisant les recycleurs SF2, JJ, Poseidon, AP Inspiration, Prism 2 ou rEvo. <\/li>\n    <li>Dans ce cours, vous apprendrez la planification de plong\u00e9e en recycleur, les comp\u00e9tences sous-marines, les techniques de r\u00e9solution de probl\u00e8mes et la gestion des sc\u00e9narios d&rsquo;urgence. Gr\u00e2ce \u00e0 cette introduction approfondie \u00e0 la technologie des recycleurs, vous serez \u00e0 l&rsquo;aise avec les v\u00e9rifications pr\u00e9-plong\u00e9e, la planification des plong\u00e9es, l&rsquo;assemblage de l&rsquo;unit\u00e9 et la gestion des pannes potentielles. <\/li>\n  <\/ul>\n  <h3>Dur\u00e9e :<\/h3>\n  <ul>\n    <li>5 jours<\/li>\n  <\/ul>\n  <h3>Inclus :<\/h3>\n  <ul>\n    <li>1 session en eau confin\u00e9e<\/li>\n    <li>Supports num\u00e9riques<\/li>\n    <li>6 plong\u00e9es d&rsquo;entra\u00eenement<\/li>\n    <li>Sofnolime<\/li>\n    <li>O<sub>2<\/sub><\/li>\n    <li>Bouteilles<\/li>\n    <li>Certification SSI CCR Diving<\/li>\n  <\/ul>\n  <h3>Non inclus :<\/h3>\n  <ul>\n    <li>Location d&rsquo;unit\u00e9 CCR<\/li>\n    <li>Location d&rsquo;\u00e9quipement<\/li>\n    <li>Assurance plong\u00e9e<\/li>\n  <\/ul>\n  <h3>Pr\u00e9requis :<\/h3>\n  <ul>\n    <li>\u00c2ge minimum 18 ans<\/li>\n    <li>Minimum 24 plong\u00e9es enregistr\u00e9es<\/li>\n    <li>Avoir les certifications SSI Deep Diving et Enriched Air Nitrox ou \u00e9quivalent<\/li>\n    <li>Certificat m\u00e9dical valide de moins d&rsquo;un an (auto-certification non accept\u00e9e)<\/li>\n  <\/ul>\n  <h3>Autres formations qui pourraient vous int\u00e9resser :<\/h3>\n  <ul>\n    <li><a href=\"https:\/\/calerodiving.com\/fr\/?page_id=24322\">Essayer le CCR<\/a><\/li>\n    <li><a href=\"https:\/\/calerodiving.com\/fr\/cours-technique-ccr-de-plongee-etendue\/\">Recycleur \u00e0 autonomie prolong\u00e9e <\/a><\/li>\n  <\/ul>\n<\/div>\n\t\t\t\t\t\t\t\t<\/div>\n\t\t\t\t<\/div>\n\t\t\t\t<\/div>\n\t\t\t\t<\/div>\n\t\t<div class=\"elementor-element elementor-element-8ff25bf e-con-full e-flex e-con e-child\" data-id=\"8ff25bf\" data-element_type=\"container\" data-e-type=\"container\">\n\t\t<div class=\"elementor-element elementor-element-4b030a1 e-con-full course-sidebar-box e-flex e-con e-child\" data-id=\"4b030a1\" data-element_type=\"container\" data-e-type=\"container\" data-settings=\"{&quot;sticky&quot;:&quot;top&quot;,&quot;sticky_offset&quot;:110,&quot;sticky_effects_offset&quot;:130,&quot;sticky_parent&quot;:&quot;yes&quot;,&quot;sticky_on&quot;:[&quot;desktop&quot;,&quot;tablet&quot;,&quot;mobile&quot;],&quot;sticky_anchor_link_offset&quot;:0}\">\n\t\t\t\t<div class=\"elementor-element elementor-element-3f4111f elementor-widget elementor-widget-text-editor\" data-id=\"3f4111f\" data-element_type=\"widget\" data-e-type=\"widget\" data-widget_type=\"text-editor.default\">\n\t\t\t\t<div class=\"elementor-widget-container\">\n\t\t\t\t\t\t\t\t\t<div class=\"courses-info\"><h6 class=\"no-margin\">Dur\u00e9e :<\/h6><p class=\"no-margin\">Formation de 5 jours<\/p><\/div><div class=\"courses-info\"><h6 class=\"no-margin\">Prix :<\/h6><p class=\"no-margin\">\u00c0 partir de 1 850 \u20ac<\/p><\/div>\t\t\t\t\t\t\t\t<\/div>\n\t\t\t\t<\/div>\n\t\t\t\t<div class=\"elementor-element elementor-element-9c6d25d elementor-mobile-align-center elementor-widget elementor-widget-button\" data-id=\"9c6d25d\" data-element_type=\"widget\" data-e-type=\"widget\" data-widget_type=\"button.default\">\n\t\t\t\t<div class=\"elementor-widget-container\">\n\t\t\t\t\t\t\t\t\t<div class=\"elementor-button-wrapper\">\n\t\t\t\t\t<a class=\"elementor-button elementor-button-link elementor-size-sm\" href=\"https:\/\/app.bukyapp.com\/front\/6213b2319a1bbf005fa0b870\/product\/6891fd22461c7fd4a123f9c6?lang=fr\" target=\"_blank\">\n\t\t\t\t\t\t<span class=\"elementor-button-content-wrapper\">\n\t\t\t\t\t\t\t\t\t<span class=\"elementor-button-text\">acheter la formation<\/span>\n\t\t\t\t\t<\/span>\n\t\t\t\t\t<\/a>\n\t\t\t\t<\/div>\n\t\t\t\t\t\t\t\t<\/div>\n\t\t\t\t<\/div>\n\t\t\t\t<\/div>\n\t\t\t\t<\/div>\n\t\t\t\t\t<\/div>\n\t\t\t\t<\/div>\n\t\t\t\t<\/div>\n\t\t","protected":false},"excerpt":{"rendered":"<p>technique CCR Course La premi\u00e8re \u00e9tape pour devenir plongeur recycleur Aper\u00e7u du programme : Le programme de plong\u00e9e CCR SSI vous initie aux concepts d&rsquo;autonomie et de redondance lors de la plong\u00e9e avec un recycleur en circuit ferm\u00e9 (CCR). Vous apprendrez tout ce dont vous avez besoin pour effectuer des plong\u00e9es sans d\u00e9compression jusqu&rsquo;\u00e0 une [&hellip;]<\/p>\n","protected":false},"author":10,"featured_media":0,"parent":0,"menu_order":0,"comment_status":"closed","ping_status":"closed","template":"","meta":{"_acf_changed":false,"footnotes":""},"class_list":["post-24688","page","type-page","status-publish","hentry"],"acf":[],"yoast_head":"<!-- This site is optimized with the Yoast SEO plugin v27.5 - https:\/\/yoast.com\/product\/yoast-seo-wordpress\/ -->\n<title>CCR Course | Calero Diving Lanzarote<\/title>\n<meta name=\"robots\" content=\"index, follow, max-snippet:-1, max-image-preview:large, max-video-preview:-1\" \/>\n<link rel=\"canonical\" href=\"https:\/\/calerodiving.com\/ccr-course\/\" \/>\n<meta property=\"og:locale\" content=\"fr_FR\" \/>\n<meta property=\"og:type\" content=\"article\" \/>\n<meta property=\"og:title\" content=\"CCR Course | Calero Diving Lanzarote\" \/>\n<meta property=\"og:description\" content=\"technique CCR Course La premi\u00e8re \u00e9tape pour devenir plongeur recycleur Aper\u00e7u du programme : Le programme de plong\u00e9e CCR SSI vous initie aux concepts d&rsquo;autonomie et de redondance lors de la plong\u00e9e avec un recycleur en circuit ferm\u00e9 (CCR). Vous apprendrez tout ce dont vous avez besoin pour effectuer des plong\u00e9es sans d\u00e9compression jusqu&rsquo;\u00e0 une [&hellip;]\" \/>\n<meta property=\"og:url\" content=\"https:\/\/calerodiving.com\/ccr-course\/\" \/>\n<meta property=\"og:site_name\" content=\"Calero Diving Lanzarote\" \/>\n<meta property=\"article:publisher\" content=\"https:\/\/www.facebook.com\/calerodiving\/\" \/>\n<meta property=\"article:modified_time\" content=\"2025-09-09T14:15:07+00:00\" \/>\n<meta property=\"og:image\" content=\"https:\/\/calerodiving.com\/wp-content\/uploads\/2025\/07\/imgi_39_CCR_Diving_course_Rubicon_Diving_center_Lanzarote_card_f8b6a2f713.webp\" \/>\n\t<meta property=\"og:image:width\" content=\"700\" \/>\n\t<meta property=\"og:image:height\" content=\"445\" \/>\n\t<meta property=\"og:image:type\" content=\"image\/webp\" \/>\n<meta name=\"twitter:card\" content=\"summary_large_image\" \/>\n<meta name=\"twitter:label1\" content=\"Dur\u00e9e de lecture estim\u00e9e\" \/>\n\t<meta name=\"twitter:data1\" content=\"2 minutes\" \/>\n<script type=\"application\/ld+json\" class=\"yoast-schema-graph\">{\"@context\":\"https:\\\/\\\/schema.org\",\"@graph\":[{\"@type\":\"WebPage\",\"@id\":\"https:\\\/\\\/calerodiving.com\\\/ccr-course\\\/\",\"url\":\"https:\\\/\\\/calerodiving.com\\\/ccr-course\\\/\",\"name\":\"CCR Course | Calero Diving Lanzarote\",\"isPartOf\":{\"@id\":\"https:\\\/\\\/calerodiving.com\\\/#website\"},\"primaryImageOfPage\":{\"@id\":\"https:\\\/\\\/calerodiving.com\\\/ccr-course\\\/#primaryimage\"},\"image\":{\"@id\":\"https:\\\/\\\/calerodiving.com\\\/ccr-course\\\/#primaryimage\"},\"thumbnailUrl\":\"https:\\\/\\\/calerodiving.com\\\/wp-content\\\/uploads\\\/2025\\\/07\\\/imgi_39_CCR_Diving_course_Rubicon_Diving_center_Lanzarote_card_f8b6a2f713.webp\",\"datePublished\":\"2025-08-27T07:52:11+00:00\",\"dateModified\":\"2025-09-09T14:15:07+00:00\",\"breadcrumb\":{\"@id\":\"https:\\\/\\\/calerodiving.com\\\/ccr-course\\\/#breadcrumb\"},\"inLanguage\":\"fr-FR\",\"potentialAction\":[{\"@type\":\"ReadAction\",\"target\":[\"https:\\\/\\\/calerodiving.com\\\/ccr-course\\\/\"]}]},{\"@type\":\"ImageObject\",\"inLanguage\":\"fr-FR\",\"@id\":\"https:\\\/\\\/calerodiving.com\\\/ccr-course\\\/#primaryimage\",\"url\":\"https:\\\/\\\/calerodiving.com\\\/wp-content\\\/uploads\\\/2025\\\/07\\\/imgi_39_CCR_Diving_course_Rubicon_Diving_center_Lanzarote_card_f8b6a2f713.webp\",\"contentUrl\":\"https:\\\/\\\/calerodiving.com\\\/wp-content\\\/uploads\\\/2025\\\/07\\\/imgi_39_CCR_Diving_course_Rubicon_Diving_center_Lanzarote_card_f8b6a2f713.webp\"},{\"@type\":\"BreadcrumbList\",\"@id\":\"https:\\\/\\\/calerodiving.com\\\/ccr-course\\\/#breadcrumb\",\"itemListElement\":[{\"@type\":\"ListItem\",\"position\":1,\"name\":\"Home\",\"item\":\"https:\\\/\\\/calerodiving.com\\\/es\\\/\"},{\"@type\":\"ListItem\",\"position\":2,\"name\":\"CCR Course\"}]},{\"@type\":\"WebSite\",\"@id\":\"https:\\\/\\\/calerodiving.com\\\/#website\",\"url\":\"https:\\\/\\\/calerodiving.com\\\/\",\"name\":\"Calero Diving Lanzarote\",\"description\":\"Dive Center - Marina Puerto Calero Lanzarote\",\"publisher\":{\"@id\":\"https:\\\/\\\/calerodiving.com\\\/#organization\"},\"alternateName\":\"Calero Diving\",\"potentialAction\":[{\"@type\":\"SearchAction\",\"target\":{\"@type\":\"EntryPoint\",\"urlTemplate\":\"https:\\\/\\\/calerodiving.com\\\/?s={search_term_string}\"},\"query-input\":{\"@type\":\"PropertyValueSpecification\",\"valueRequired\":true,\"valueName\":\"search_term_string\"}}],\"inLanguage\":\"fr-FR\"},{\"@type\":\"Organization\",\"@id\":\"https:\\\/\\\/calerodiving.com\\\/#organization\",\"name\":\"Calero Diving Lanzarote\",\"alternateName\":\"Calero Diving\",\"url\":\"https:\\\/\\\/calerodiving.com\\\/\",\"logo\":{\"@type\":\"ImageObject\",\"inLanguage\":\"fr-FR\",\"@id\":\"https:\\\/\\\/calerodiving.com\\\/#\\\/schema\\\/logo\\\/image\\\/\",\"url\":\"https:\\\/\\\/calerodiving.com\\\/wp-content\\\/uploads\\\/2025\\\/05\\\/Grupo.png\",\"contentUrl\":\"https:\\\/\\\/calerodiving.com\\\/wp-content\\\/uploads\\\/2025\\\/05\\\/Grupo.png\",\"width\":499,\"height\":590,\"caption\":\"Calero Diving Lanzarote\"},\"image\":{\"@id\":\"https:\\\/\\\/calerodiving.com\\\/#\\\/schema\\\/logo\\\/image\\\/\"},\"sameAs\":[\"https:\\\/\\\/www.facebook.com\\\/calerodiving\\\/\",\"https:\\\/\\\/www.instagram.com\\\/calerodiving\\\/\"]}]}<\/script>\n<!-- \/ Yoast SEO plugin. -->","yoast_head_json":{"title":"CCR Course | Calero Diving Lanzarote","robots":{"index":"index","follow":"follow","max-snippet":"max-snippet:-1","max-image-preview":"max-image-preview:large","max-video-preview":"max-video-preview:-1"},"canonical":"https:\/\/calerodiving.com\/ccr-course\/","og_locale":"fr_FR","og_type":"article","og_title":"CCR Course | Calero Diving Lanzarote","og_description":"technique CCR Course La premi\u00e8re \u00e9tape pour devenir plongeur recycleur Aper\u00e7u du programme : Le programme de plong\u00e9e CCR SSI vous initie aux concepts d&rsquo;autonomie et de redondance lors de la plong\u00e9e avec un recycleur en circuit ferm\u00e9 (CCR). Vous apprendrez tout ce dont vous avez besoin pour effectuer des plong\u00e9es sans d\u00e9compression jusqu&rsquo;\u00e0 une [&hellip;]","og_url":"https:\/\/calerodiving.com\/ccr-course\/","og_site_name":"Calero Diving Lanzarote","article_publisher":"https:\/\/www.facebook.com\/calerodiving\/","article_modified_time":"2025-09-09T14:15:07+00:00","og_image":[{"width":700,"height":445,"url":"https:\/\/calerodiving.com\/wp-content\/uploads\/2025\/07\/imgi_39_CCR_Diving_course_Rubicon_Diving_center_Lanzarote_card_f8b6a2f713.webp","type":"image\/webp"}],"twitter_card":"summary_large_image","twitter_misc":{"Dur\u00e9e de lecture estim\u00e9e":"2 minutes"},"schema":{"@context":"https:\/\/schema.org","@graph":[{"@type":"WebPage","@id":"https:\/\/calerodiving.com\/ccr-course\/","url":"https:\/\/calerodiving.com\/ccr-course\/","name":"CCR Course | Calero Diving Lanzarote","isPartOf":{"@id":"https:\/\/calerodiving.com\/#website"},"primaryImageOfPage":{"@id":"https:\/\/calerodiving.com\/ccr-course\/#primaryimage"},"image":{"@id":"https:\/\/calerodiving.com\/ccr-course\/#primaryimage"},"thumbnailUrl":"https:\/\/calerodiving.com\/wp-content\/uploads\/2025\/07\/imgi_39_CCR_Diving_course_Rubicon_Diving_center_Lanzarote_card_f8b6a2f713.webp","datePublished":"2025-08-27T07:52:11+00:00","dateModified":"2025-09-09T14:15:07+00:00","breadcrumb":{"@id":"https:\/\/calerodiving.com\/ccr-course\/#breadcrumb"},"inLanguage":"fr-FR","potentialAction":[{"@type":"ReadAction","target":["https:\/\/calerodiving.com\/ccr-course\/"]}]},{"@type":"ImageObject","inLanguage":"fr-FR","@id":"https:\/\/calerodiving.com\/ccr-course\/#primaryimage","url":"https:\/\/calerodiving.com\/wp-content\/uploads\/2025\/07\/imgi_39_CCR_Diving_course_Rubicon_Diving_center_Lanzarote_card_f8b6a2f713.webp","contentUrl":"https:\/\/calerodiving.com\/wp-content\/uploads\/2025\/07\/imgi_39_CCR_Diving_course_Rubicon_Diving_center_Lanzarote_card_f8b6a2f713.webp"},{"@type":"BreadcrumbList","@id":"https:\/\/calerodiving.com\/ccr-course\/#breadcrumb","itemListElement":[{"@type":"ListItem","position":1,"name":"Home","item":"https:\/\/calerodiving.com\/es\/"},{"@type":"ListItem","position":2,"name":"CCR Course"}]},{"@type":"WebSite","@id":"https:\/\/calerodiving.com\/#website","url":"https:\/\/calerodiving.com\/","name":"Calero Diving Lanzarote","description":"Dive Center - Marina Puerto Calero Lanzarote","publisher":{"@id":"https:\/\/calerodiving.com\/#organization"},"alternateName":"Calero Diving","potentialAction":[{"@type":"SearchAction","target":{"@type":"EntryPoint","urlTemplate":"https:\/\/calerodiving.com\/?s={search_term_string}"},"query-input":{"@type":"PropertyValueSpecification","valueRequired":true,"valueName":"search_term_string"}}],"inLanguage":"fr-FR"},{"@type":"Organization","@id":"https:\/\/calerodiving.com\/#organization","name":"Calero Diving Lanzarote","alternateName":"Calero Diving","url":"https:\/\/calerodiving.com\/","logo":{"@type":"ImageObject","inLanguage":"fr-FR","@id":"https:\/\/calerodiving.com\/#\/schema\/logo\/image\/","url":"https:\/\/calerodiving.com\/wp-content\/uploads\/2025\/05\/Grupo.png","contentUrl":"https:\/\/calerodiving.com\/wp-content\/uploads\/2025\/05\/Grupo.png","width":499,"height":590,"caption":"Calero Diving Lanzarote"},"image":{"@id":"https:\/\/calerodiving.com\/#\/schema\/logo\/image\/"},"sameAs":["https:\/\/www.facebook.com\/calerodiving\/","https:\/\/www.instagram.com\/calerodiving\/"]}]}},"_links":{"self":[{"href":"https:\/\/calerodiving.com\/fr\/wp-json\/wp\/v2\/pages\/24688","targetHints":{"allow":["GET"]}}],"collection":[{"href":"https:\/\/calerodiving.com\/fr\/wp-json\/wp\/v2\/pages"}],"about":[{"href":"https:\/\/calerodiving.com\/fr\/wp-json\/wp\/v2\/types\/page"}],"author":[{"embeddable":true,"href":"https:\/\/calerodiving.com\/fr\/wp-json\/wp\/v2\/users\/10"}],"replies":[{"embeddable":true,"href":"https:\/\/calerodiving.com\/fr\/wp-json\/wp\/v2\/comments?post=24688"}],"version-history":[{"count":5,"href":"https:\/\/calerodiving.com\/fr\/wp-json\/wp\/v2\/pages\/24688\/revisions"}],"predecessor-version":[{"id":25940,"href":"https:\/\/calerodiving.com\/fr\/wp-json\/wp\/v2\/pages\/24688\/revisions\/25940"}],"wp:attachment":[{"href":"https:\/\/calerodiving.com\/fr\/wp-json\/wp\/v2\/media?parent=24688"}],"curies":[{"name":"wp","href":"https:\/\/api.w.org\/{rel}","templated":true}]}}