{"id":24682,"date":"2025-08-27T08:51:42","date_gmt":"2025-08-27T07:51:42","guid":{"rendered":"https:\/\/calerodiving.com\/ccr-technique-extended-range\/"},"modified":"2025-08-27T08:51:43","modified_gmt":"2025-08-27T07:51:43","slug":"ccr-technique-extended-range","status":"publish","type":"page","link":"https:\/\/calerodiving.com\/fr\/ccr-technique-extended-range\/","title":{"rendered":"CCR technique extended range"},"content":{"rendered":"\t\t<div data-elementor-type=\"wp-page\" data-elementor-id=\"24682\" class=\"elementor elementor-24682 elementor-21339\" data-elementor-post-type=\"page\">\n\t\t\t\t<div class=\"elementor-element elementor-element-c38dbcc e-flex e-con-boxed e-con e-parent\" data-id=\"c38dbcc\" data-element_type=\"container\" data-e-type=\"container\">\n\t\t\t\t\t<div class=\"e-con-inner\">\n\t\t<div class=\"elementor-element elementor-element-ec92406 e-con-full e-flex e-con e-child\" data-id=\"ec92406\" data-element_type=\"container\" data-e-type=\"container\">\n\t\t\t\t<div class=\"elementor-element elementor-element-ea65a18 elementor-widget elementor-widget-image\" data-id=\"ea65a18\" data-element_type=\"widget\" data-e-type=\"widget\" data-widget_type=\"image.default\">\n\t\t\t\t<div class=\"elementor-widget-container\">\n\t\t\t\t\t\t\t\t\t\t\t\t\t\t\t<img fetchpriority=\"high\" decoding=\"async\" width=\"350\" height=\"222\" src=\"https:\/\/calerodiving.com\/wp-content\/uploads\/2020\/02\/ccr-technical-extended-range.jpg\" class=\"attachment-large size-large wp-image-10128\" alt=\"\" srcset=\"https:\/\/calerodiving.com\/wp-content\/uploads\/2020\/02\/ccr-technical-extended-range.jpg 350w, https:\/\/calerodiving.com\/wp-content\/uploads\/2020\/02\/ccr-technical-extended-range-300x190.jpg 300w\" sizes=\"(max-width: 350px) 100vw, 350px\" \/>\t\t\t\t\t\t\t\t\t\t\t\t\t\t\t<\/div>\n\t\t\t\t<\/div>\n\t\t\t\t<\/div>\n\t\t<div class=\"elementor-element elementor-element-4718068 e-con-full e-flex e-con e-child\" data-id=\"4718068\" data-element_type=\"container\" data-e-type=\"container\">\n\t\t<div class=\"elementor-element elementor-element-8f52364 e-con-full e-flex e-con e-child\" data-id=\"8f52364\" data-element_type=\"container\" data-e-type=\"container\">\n\t\t\t\t<div class=\"elementor-element elementor-element-01d9c19 elementor-widget elementor-widget-html\" data-id=\"01d9c19\" data-element_type=\"widget\" data-e-type=\"widget\" data-widget_type=\"html.default\">\n\t\t\t\t<div class=\"elementor-widget-container\">\n\t\t\t\t\t<a href=\"https:\/\/calerodiving.com\/fr\/?page_id=24218\" class=\"tag-button\">Technique<\/a>\n\t\t\t\t<\/div>\n\t\t\t\t<\/div>\n\t\t\t\t<div class=\"elementor-element elementor-element-dc08fea elementor-widget elementor-widget-heading\" data-id=\"dc08fea\" data-element_type=\"widget\" data-e-type=\"widget\" data-widget_type=\"heading.default\">\n\t\t\t\t<div class=\"elementor-widget-container\">\n\t\t\t\t\t<h2 class=\"elementor-heading-title elementor-size-default\">CCR technique extended range<\/h2>\t\t\t\t<\/div>\n\t\t\t\t<\/div>\n\t\t\t\t<\/div>\n\t\t\t\t<\/div>\n\t\t\t\t\t<\/div>\n\t\t\t\t<\/div>\n\t\t<div class=\"elementor-element elementor-element-7ed8edc e-flex e-con-boxed e-con e-parent\" data-id=\"7ed8edc\" data-element_type=\"container\" data-e-type=\"container\">\n\t\t\t\t\t<div class=\"e-con-inner\">\n\t\t<div class=\"elementor-element elementor-element-2d85322 e-con-full e-flex e-con e-child\" data-id=\"2d85322\" data-element_type=\"container\" data-e-type=\"container\">\n\t\t<div class=\"elementor-element elementor-element-70a69c4 e-con-full e-flex e-con e-child\" data-id=\"70a69c4\" data-element_type=\"container\" data-e-type=\"container\">\n\t\t\t\t<div class=\"elementor-element elementor-element-ae9eade elementor-widget elementor-widget-heading\" data-id=\"ae9eade\" data-element_type=\"widget\" data-e-type=\"widget\" data-widget_type=\"heading.default\">\n\t\t\t\t<div class=\"elementor-widget-container\">\n\t\t\t\t\t<h2 class=\"elementor-heading-title elementor-size-default\">\u00c9tendez votre plage de profondeur sur un recycleur<\/h2>\t\t\t\t<\/div>\n\t\t\t\t<\/div>\n\t\t\t\t<div class=\"elementor-element elementor-element-2efb69e elementor-widget elementor-widget-text-editor\" data-id=\"2efb69e\" data-element_type=\"widget\" data-e-type=\"widget\" data-widget_type=\"text-editor.default\">\n\t\t\t\t<div class=\"elementor-widget-container\">\n\t\t\t\t\t\t\t\t\t<div class=\"section-list\">\n  <h3>Aper\u00e7u du programme :<\/h3>\n  <p>Le programme CCR Extended Range s&rsquo;appuie sur les comp\u00e9tences et techniques acquises en tant que plongeur rebreather de base en augmentant la profondeur et la dur\u00e9e, en introduisant la d\u00e9compression et en ajoutant des comp\u00e9tences plus complexes. La formation est disponible avec les recycleurs JJ-CCR, SF2, rEvo, Liberty, AP Inspiration ou Poseidon. <br><br>La certification CCR Extended Range vous qualifie pour effectuer des plong\u00e9es avec d\u00e9compression jusqu&rsquo;\u00e0 une profondeur maximale de 40 m\u00e8tres en utilisant un diluant air.<\/p>\n\n  <h3>Dur\u00e9e :<\/h3>\n  <ul>\n    <li>5 jours<\/li>\n  <\/ul>\n\n  <h3>Inclus :<\/h3>\n  <ul>\n    <li>1 session en eau confin\u00e9e<\/li>\n    <li>6 plong\u00e9es d&rsquo;entra\u00eenement<\/li>\n    <li>Sofnolime<\/li>\n    <li>O<sub>2<\/sub><\/li>\n    <li>Bouteilles<\/li>\n    <li>Certification SSI CCR Extended Range<\/li>\n  <\/ul>\n\n  <h3>Non inclus :<\/h3>\n  <ul>\n    <li>Location d&rsquo;\u00e9quipement<\/li>\n    <li>Assurance plong\u00e9e<\/li>\n    <li>Location d&rsquo;unit\u00e9 CCR<\/li>\n  <\/ul>\n\n  <h3>Pr\u00e9requis :<\/h3>\n  <ul>\n    <li>\u00c2ge minimum 18 ans<\/li>\n    <li>Minimum de 30 plong\u00e9es Extended Range enregistr\u00e9es n\u00e9cessitant une bouteille relais et une d\u00e9compression<\/li>\n    <li>Poss\u00e9der les certifications SSI Deep Diving, Enriched Air Nitrox et Extended Range Nitrox Diving ou \u00e9quivalent<\/li>\n    <li>Certificat m\u00e9dical valide de moins d&rsquo;un an (auto-certification non accept\u00e9e)<\/li>\n  <\/ul>\n\n  <h3>OU :<\/h3>\n  <ul>\n    <li>Minimum de 30 heures enregistr\u00e9es sur l&rsquo;unit\u00e9 applicable<\/li>\n    <li>Poss\u00e9der les certifications SSI CCR Diving ou SCR Extended Range ou \u00e9quivalent<\/li>\n  <\/ul>\n\n  <h3>Autres formations qui pourraient vous int\u00e9resser :<\/h3>\n  <ul>\n    <li>Plong\u00e9e en recycleur<\/li>\n    <li>CCR technique extended range<\/li>\n  <\/ul>\n<\/div>\n\t\t\t\t\t\t\t\t<\/div>\n\t\t\t\t<\/div>\n\t\t\t\t<\/div>\n\t\t\t\t<\/div>\n\t\t<div class=\"elementor-element elementor-element-cfe23c9 e-con-full e-flex e-con e-child\" data-id=\"cfe23c9\" data-element_type=\"container\" data-e-type=\"container\">\n\t\t<div class=\"elementor-element elementor-element-1f709df e-con-full course-sidebar-box e-flex e-con e-child\" data-id=\"1f709df\" data-element_type=\"container\" data-e-type=\"container\" data-settings=\"{&quot;sticky&quot;:&quot;top&quot;,&quot;sticky_offset&quot;:110,&quot;sticky_effects_offset&quot;:130,&quot;sticky_parent&quot;:&quot;yes&quot;,&quot;sticky_on&quot;:[&quot;desktop&quot;,&quot;tablet&quot;,&quot;mobile&quot;],&quot;sticky_anchor_link_offset&quot;:0}\">\n\t\t\t\t<div class=\"elementor-element elementor-element-7ba4515 elementor-widget elementor-widget-text-editor\" data-id=\"7ba4515\" data-element_type=\"widget\" data-e-type=\"widget\" data-widget_type=\"text-editor.default\">\n\t\t\t\t<div class=\"elementor-widget-container\">\n\t\t\t\t\t\t\t\t\t<div class=\"courses-info\"><h6 class=\"no-margin\">Dur\u00e9e :<\/h6><p class=\"no-margin\">Formation de 5 jours<\/p><\/div><div class=\"courses-info\"><h6 class=\"no-margin\">Prix :<\/h6><p class=\"no-margin\">\u00c0 partir de 1 850 \u20ac<\/p><\/div>\t\t\t\t\t\t\t\t<\/div>\n\t\t\t\t<\/div>\n\t\t\t\t<div class=\"elementor-element elementor-element-f8bda33 elementor-mobile-align-center elementor-widget elementor-widget-button\" data-id=\"f8bda33\" data-element_type=\"widget\" data-e-type=\"widget\" data-widget_type=\"button.default\">\n\t\t\t\t<div class=\"elementor-widget-container\">\n\t\t\t\t\t\t\t\t\t<div class=\"elementor-button-wrapper\">\n\t\t\t\t\t<a class=\"elementor-button elementor-button-link elementor-size-sm\" href=\"#\">\n\t\t\t\t\t\t<span class=\"elementor-button-content-wrapper\">\n\t\t\t\t\t\t\t\t\t<span class=\"elementor-button-text\">acheter la formation<\/span>\n\t\t\t\t\t<\/span>\n\t\t\t\t\t<\/a>\n\t\t\t\t<\/div>\n\t\t\t\t\t\t\t\t<\/div>\n\t\t\t\t<\/div>\n\t\t\t\t<\/div>\n\t\t\t\t<\/div>\n\t\t\t\t\t<\/div>\n\t\t\t\t<\/div>\n\t\t\t\t<\/div>\n\t\t","protected":false},"excerpt":{"rendered":"<p>Technique CCR technique extended range \u00c9tendez votre plage de profondeur sur un recycleur Aper\u00e7u du programme : Le programme CCR Extended Range s&rsquo;appuie sur les comp\u00e9tences et techniques acquises en tant que plongeur rebreather de base en augmentant la profondeur et la dur\u00e9e, en introduisant la d\u00e9compression et en ajoutant des comp\u00e9tences plus complexes. La [&hellip;]<\/p>\n","protected":false},"author":10,"featured_media":0,"parent":0,"menu_order":0,"comment_status":"closed","ping_status":"closed","template":"","meta":{"_acf_changed":false,"footnotes":""},"class_list":["post-24682","page","type-page","status-publish","hentry"],"acf":[],"yoast_head":"<!-- This site is optimized with the Yoast SEO plugin v27.5 - https:\/\/yoast.com\/product\/yoast-seo-wordpress\/ -->\n<title>CCR technique extended range | Calero Diving Lanzarote<\/title>\n<meta name=\"robots\" content=\"index, follow, max-snippet:-1, max-image-preview:large, max-video-preview:-1\" \/>\n<link rel=\"canonical\" href=\"https:\/\/calerodiving.com\/fr\/ccr-technique-extended-range\/\" \/>\n<meta property=\"og:locale\" content=\"fr_FR\" \/>\n<meta property=\"og:type\" content=\"article\" \/>\n<meta property=\"og:title\" content=\"CCR technique extended range | Calero Diving Lanzarote\" \/>\n<meta property=\"og:description\" content=\"Technique CCR technique extended range \u00c9tendez votre plage de profondeur sur un recycleur Aper\u00e7u du programme : Le programme CCR Extended Range s&rsquo;appuie sur les comp\u00e9tences et techniques acquises en tant que plongeur rebreather de base en augmentant la profondeur et la dur\u00e9e, en introduisant la d\u00e9compression et en ajoutant des comp\u00e9tences plus complexes. La [&hellip;]\" \/>\n<meta property=\"og:url\" content=\"https:\/\/calerodiving.com\/fr\/ccr-technique-extended-range\/\" \/>\n<meta property=\"og:site_name\" content=\"Calero Diving Lanzarote\" \/>\n<meta property=\"article:publisher\" content=\"https:\/\/www.facebook.com\/calerodiving\/\" \/>\n<meta property=\"article:modified_time\" content=\"2025-08-27T07:51:43+00:00\" \/>\n<meta property=\"og:image\" content=\"https:\/\/calerodiving.com\/wp-content\/uploads\/2020\/02\/ccr-technical-extended-range.jpg\" \/>\n\t<meta property=\"og:image:width\" content=\"350\" \/>\n\t<meta property=\"og:image:height\" content=\"222\" \/>\n\t<meta property=\"og:image:type\" content=\"image\/jpeg\" \/>\n<meta name=\"twitter:card\" content=\"summary_large_image\" \/>\n<meta name=\"twitter:label1\" content=\"Dur\u00e9e de lecture estim\u00e9e\" \/>\n\t<meta name=\"twitter:data1\" content=\"1 minute\" \/>\n<script type=\"application\/ld+json\" class=\"yoast-schema-graph\">{\"@context\":\"https:\\\/\\\/schema.org\",\"@graph\":[{\"@type\":\"WebPage\",\"@id\":\"https:\\\/\\\/calerodiving.com\\\/fr\\\/ccr-technique-extended-range\\\/\",\"url\":\"https:\\\/\\\/calerodiving.com\\\/fr\\\/ccr-technique-extended-range\\\/\",\"name\":\"CCR technique extended range | Calero Diving Lanzarote\",\"isPartOf\":{\"@id\":\"https:\\\/\\\/calerodiving.com\\\/#website\"},\"primaryImageOfPage\":{\"@id\":\"https:\\\/\\\/calerodiving.com\\\/fr\\\/ccr-technique-extended-range\\\/#primaryimage\"},\"image\":{\"@id\":\"https:\\\/\\\/calerodiving.com\\\/fr\\\/ccr-technique-extended-range\\\/#primaryimage\"},\"thumbnailUrl\":\"https:\\\/\\\/calerodiving.com\\\/wp-content\\\/uploads\\\/2020\\\/02\\\/ccr-technical-extended-range.jpg\",\"datePublished\":\"2025-08-27T07:51:42+00:00\",\"dateModified\":\"2025-08-27T07:51:43+00:00\",\"breadcrumb\":{\"@id\":\"https:\\\/\\\/calerodiving.com\\\/fr\\\/ccr-technique-extended-range\\\/#breadcrumb\"},\"inLanguage\":\"fr-FR\",\"potentialAction\":[{\"@type\":\"ReadAction\",\"target\":[\"https:\\\/\\\/calerodiving.com\\\/fr\\\/ccr-technique-extended-range\\\/\"]}]},{\"@type\":\"ImageObject\",\"inLanguage\":\"fr-FR\",\"@id\":\"https:\\\/\\\/calerodiving.com\\\/fr\\\/ccr-technique-extended-range\\\/#primaryimage\",\"url\":\"https:\\\/\\\/calerodiving.com\\\/wp-content\\\/uploads\\\/2020\\\/02\\\/ccr-technical-extended-range.jpg\",\"contentUrl\":\"https:\\\/\\\/calerodiving.com\\\/wp-content\\\/uploads\\\/2020\\\/02\\\/ccr-technical-extended-range.jpg\"},{\"@type\":\"BreadcrumbList\",\"@id\":\"https:\\\/\\\/calerodiving.com\\\/fr\\\/ccr-technique-extended-range\\\/#breadcrumb\",\"itemListElement\":[{\"@type\":\"ListItem\",\"position\":1,\"name\":\"Home\",\"item\":\"https:\\\/\\\/calerodiving.com\\\/es\\\/\"},{\"@type\":\"ListItem\",\"position\":2,\"name\":\"CCR technique extended range\"}]},{\"@type\":\"WebSite\",\"@id\":\"https:\\\/\\\/calerodiving.com\\\/#website\",\"url\":\"https:\\\/\\\/calerodiving.com\\\/\",\"name\":\"Calero Diving Lanzarote\",\"description\":\"Dive Center - Marina Puerto Calero Lanzarote\",\"publisher\":{\"@id\":\"https:\\\/\\\/calerodiving.com\\\/#organization\"},\"alternateName\":\"Calero Diving\",\"potentialAction\":[{\"@type\":\"SearchAction\",\"target\":{\"@type\":\"EntryPoint\",\"urlTemplate\":\"https:\\\/\\\/calerodiving.com\\\/?s={search_term_string}\"},\"query-input\":{\"@type\":\"PropertyValueSpecification\",\"valueRequired\":true,\"valueName\":\"search_term_string\"}}],\"inLanguage\":\"fr-FR\"},{\"@type\":\"Organization\",\"@id\":\"https:\\\/\\\/calerodiving.com\\\/#organization\",\"name\":\"Calero Diving Lanzarote\",\"alternateName\":\"Calero Diving\",\"url\":\"https:\\\/\\\/calerodiving.com\\\/\",\"logo\":{\"@type\":\"ImageObject\",\"inLanguage\":\"fr-FR\",\"@id\":\"https:\\\/\\\/calerodiving.com\\\/#\\\/schema\\\/logo\\\/image\\\/\",\"url\":\"https:\\\/\\\/calerodiving.com\\\/wp-content\\\/uploads\\\/2025\\\/05\\\/Grupo.png\",\"contentUrl\":\"https:\\\/\\\/calerodiving.com\\\/wp-content\\\/uploads\\\/2025\\\/05\\\/Grupo.png\",\"width\":499,\"height\":590,\"caption\":\"Calero Diving Lanzarote\"},\"image\":{\"@id\":\"https:\\\/\\\/calerodiving.com\\\/#\\\/schema\\\/logo\\\/image\\\/\"},\"sameAs\":[\"https:\\\/\\\/www.facebook.com\\\/calerodiving\\\/\",\"https:\\\/\\\/www.instagram.com\\\/calerodiving\\\/\"]}]}<\/script>\n<!-- \/ Yoast SEO plugin. -->","yoast_head_json":{"title":"CCR technique extended range | Calero Diving Lanzarote","robots":{"index":"index","follow":"follow","max-snippet":"max-snippet:-1","max-image-preview":"max-image-preview:large","max-video-preview":"max-video-preview:-1"},"canonical":"https:\/\/calerodiving.com\/fr\/ccr-technique-extended-range\/","og_locale":"fr_FR","og_type":"article","og_title":"CCR technique extended range | Calero Diving Lanzarote","og_description":"Technique CCR technique extended range \u00c9tendez votre plage de profondeur sur un recycleur Aper\u00e7u du programme : Le programme CCR Extended Range s&rsquo;appuie sur les comp\u00e9tences et techniques acquises en tant que plongeur rebreather de base en augmentant la profondeur et la dur\u00e9e, en introduisant la d\u00e9compression et en ajoutant des comp\u00e9tences plus complexes. La [&hellip;]","og_url":"https:\/\/calerodiving.com\/fr\/ccr-technique-extended-range\/","og_site_name":"Calero Diving Lanzarote","article_publisher":"https:\/\/www.facebook.com\/calerodiving\/","article_modified_time":"2025-08-27T07:51:43+00:00","og_image":[{"width":350,"height":222,"url":"https:\/\/calerodiving.com\/wp-content\/uploads\/2020\/02\/ccr-technical-extended-range.jpg","type":"image\/jpeg"}],"twitter_card":"summary_large_image","twitter_misc":{"Dur\u00e9e de lecture estim\u00e9e":"1 minute"},"schema":{"@context":"https:\/\/schema.org","@graph":[{"@type":"WebPage","@id":"https:\/\/calerodiving.com\/fr\/ccr-technique-extended-range\/","url":"https:\/\/calerodiving.com\/fr\/ccr-technique-extended-range\/","name":"CCR technique extended range | Calero Diving Lanzarote","isPartOf":{"@id":"https:\/\/calerodiving.com\/#website"},"primaryImageOfPage":{"@id":"https:\/\/calerodiving.com\/fr\/ccr-technique-extended-range\/#primaryimage"},"image":{"@id":"https:\/\/calerodiving.com\/fr\/ccr-technique-extended-range\/#primaryimage"},"thumbnailUrl":"https:\/\/calerodiving.com\/wp-content\/uploads\/2020\/02\/ccr-technical-extended-range.jpg","datePublished":"2025-08-27T07:51:42+00:00","dateModified":"2025-08-27T07:51:43+00:00","breadcrumb":{"@id":"https:\/\/calerodiving.com\/fr\/ccr-technique-extended-range\/#breadcrumb"},"inLanguage":"fr-FR","potentialAction":[{"@type":"ReadAction","target":["https:\/\/calerodiving.com\/fr\/ccr-technique-extended-range\/"]}]},{"@type":"ImageObject","inLanguage":"fr-FR","@id":"https:\/\/calerodiving.com\/fr\/ccr-technique-extended-range\/#primaryimage","url":"https:\/\/calerodiving.com\/wp-content\/uploads\/2020\/02\/ccr-technical-extended-range.jpg","contentUrl":"https:\/\/calerodiving.com\/wp-content\/uploads\/2020\/02\/ccr-technical-extended-range.jpg"},{"@type":"BreadcrumbList","@id":"https:\/\/calerodiving.com\/fr\/ccr-technique-extended-range\/#breadcrumb","itemListElement":[{"@type":"ListItem","position":1,"name":"Home","item":"https:\/\/calerodiving.com\/es\/"},{"@type":"ListItem","position":2,"name":"CCR technique extended range"}]},{"@type":"WebSite","@id":"https:\/\/calerodiving.com\/#website","url":"https:\/\/calerodiving.com\/","name":"Calero Diving Lanzarote","description":"Dive Center - Marina Puerto Calero Lanzarote","publisher":{"@id":"https:\/\/calerodiving.com\/#organization"},"alternateName":"Calero Diving","potentialAction":[{"@type":"SearchAction","target":{"@type":"EntryPoint","urlTemplate":"https:\/\/calerodiving.com\/?s={search_term_string}"},"query-input":{"@type":"PropertyValueSpecification","valueRequired":true,"valueName":"search_term_string"}}],"inLanguage":"fr-FR"},{"@type":"Organization","@id":"https:\/\/calerodiving.com\/#organization","name":"Calero Diving Lanzarote","alternateName":"Calero Diving","url":"https:\/\/calerodiving.com\/","logo":{"@type":"ImageObject","inLanguage":"fr-FR","@id":"https:\/\/calerodiving.com\/#\/schema\/logo\/image\/","url":"https:\/\/calerodiving.com\/wp-content\/uploads\/2025\/05\/Grupo.png","contentUrl":"https:\/\/calerodiving.com\/wp-content\/uploads\/2025\/05\/Grupo.png","width":499,"height":590,"caption":"Calero Diving Lanzarote"},"image":{"@id":"https:\/\/calerodiving.com\/#\/schema\/logo\/image\/"},"sameAs":["https:\/\/www.facebook.com\/calerodiving\/","https:\/\/www.instagram.com\/calerodiving\/"]}]}},"_links":{"self":[{"href":"https:\/\/calerodiving.com\/fr\/wp-json\/wp\/v2\/pages\/24682","targetHints":{"allow":["GET"]}}],"collection":[{"href":"https:\/\/calerodiving.com\/fr\/wp-json\/wp\/v2\/pages"}],"about":[{"href":"https:\/\/calerodiving.com\/fr\/wp-json\/wp\/v2\/types\/page"}],"author":[{"embeddable":true,"href":"https:\/\/calerodiving.com\/fr\/wp-json\/wp\/v2\/users\/10"}],"replies":[{"embeddable":true,"href":"https:\/\/calerodiving.com\/fr\/wp-json\/wp\/v2\/comments?post=24682"}],"version-history":[{"count":1,"href":"https:\/\/calerodiving.com\/fr\/wp-json\/wp\/v2\/pages\/24682\/revisions"}],"predecessor-version":[{"id":24683,"href":"https:\/\/calerodiving.com\/fr\/wp-json\/wp\/v2\/pages\/24682\/revisions\/24683"}],"wp:attachment":[{"href":"https:\/\/calerodiving.com\/fr\/wp-json\/wp\/v2\/media?parent=24682"}],"curies":[{"name":"wp","href":"https:\/\/api.w.org\/{rel}","templated":true}]}}