{"id":24680,"date":"2025-08-27T08:51:28","date_gmt":"2025-08-27T07:51:28","guid":{"rendered":"https:\/\/calerodiving.com\/recycleur-a-autonomie-prolongee-trimix\/"},"modified":"2025-09-09T15:16:28","modified_gmt":"2025-09-09T14:16:28","slug":"ccr-extended-range-trimix","status":"publish","type":"page","link":"https:\/\/calerodiving.com\/fr\/ccr-extended-range-trimix\/","title":{"rendered":"CCR Extended Range Trimix"},"content":{"rendered":"\t\t<div data-elementor-type=\"wp-page\" data-elementor-id=\"24680\" class=\"elementor elementor-24680 elementor-21351\" data-elementor-post-type=\"page\">\n\t\t\t\t<div class=\"elementor-element elementor-element-b4a18b8 e-flex e-con-boxed e-con e-parent\" data-id=\"b4a18b8\" data-element_type=\"container\" data-e-type=\"container\">\n\t\t\t\t\t<div class=\"e-con-inner\">\n\t\t<div class=\"elementor-element elementor-element-dbd8b41 e-con-full e-flex e-con e-child\" data-id=\"dbd8b41\" data-element_type=\"container\" data-e-type=\"container\">\n\t\t\t\t<div class=\"elementor-element elementor-element-20d26a9 elementor-widget elementor-widget-image\" data-id=\"20d26a9\" data-element_type=\"widget\" data-e-type=\"widget\" data-widget_type=\"image.default\">\n\t\t\t\t<div class=\"elementor-widget-container\">\n\t\t\t\t\t\t\t\t\t\t\t\t\t\t\t<img fetchpriority=\"high\" decoding=\"async\" width=\"700\" height=\"445\" src=\"https:\/\/calerodiving.com\/wp-content\/uploads\/2025\/07\/imgi_39_CCR_Extended_Range_Trimix_Rubicon_Diving_center_Lanzarote_card_060fdcc940.webp\" class=\"attachment-large size-large wp-image-20430\" alt=\"\" srcset=\"https:\/\/calerodiving.com\/wp-content\/uploads\/2025\/07\/imgi_39_CCR_Extended_Range_Trimix_Rubicon_Diving_center_Lanzarote_card_060fdcc940.webp 700w, https:\/\/calerodiving.com\/wp-content\/uploads\/2025\/07\/imgi_39_CCR_Extended_Range_Trimix_Rubicon_Diving_center_Lanzarote_card_060fdcc940-300x191.webp 300w\" sizes=\"(max-width: 700px) 100vw, 700px\" \/>\t\t\t\t\t\t\t\t\t\t\t\t\t\t\t<\/div>\n\t\t\t\t<\/div>\n\t\t\t\t<\/div>\n\t\t<div class=\"elementor-element elementor-element-598a354 e-con-full e-flex e-con e-child\" data-id=\"598a354\" data-element_type=\"container\" data-e-type=\"container\">\n\t\t<div class=\"elementor-element elementor-element-fa25890 e-con-full e-flex e-con e-child\" data-id=\"fa25890\" data-element_type=\"container\" data-e-type=\"container\">\n\t\t\t\t<div class=\"elementor-element elementor-element-cf812c8 elementor-widget elementor-widget-html\" data-id=\"cf812c8\" data-element_type=\"widget\" data-e-type=\"widget\" data-widget_type=\"html.default\">\n\t\t\t\t<div class=\"elementor-widget-container\">\n\t\t\t\t\t<a href=\"https:\/\/calerodiving.com\/fr\/?page_id=24515#ssi-closed\" class=\"tag-button\">technique<\/a>\n\t\t\t\t<\/div>\n\t\t\t\t<\/div>\n\t\t\t\t<div class=\"elementor-element elementor-element-90a1bf9 elementor-widget elementor-widget-heading\" data-id=\"90a1bf9\" data-element_type=\"widget\" data-e-type=\"widget\" data-widget_type=\"heading.default\">\n\t\t\t\t<div class=\"elementor-widget-container\">\n\t\t\t\t\t<h2 class=\"elementor-heading-title elementor-size-default\">CCR Extended Range Trimix<\/h2>\t\t\t\t<\/div>\n\t\t\t\t<\/div>\n\t\t\t\t<\/div>\n\t\t\t\t<\/div>\n\t\t\t\t\t<\/div>\n\t\t\t\t<\/div>\n\t\t<div class=\"elementor-element elementor-element-a99bd07 e-flex e-con-boxed e-con e-parent\" data-id=\"a99bd07\" data-element_type=\"container\" data-e-type=\"container\">\n\t\t\t\t\t<div class=\"e-con-inner\">\n\t\t<div class=\"elementor-element elementor-element-f3e35eb e-con-full e-flex e-con e-child\" data-id=\"f3e35eb\" data-element_type=\"container\" data-e-type=\"container\">\n\t\t<div class=\"elementor-element elementor-element-5cfc440 e-con-full e-flex e-con e-child\" data-id=\"5cfc440\" data-element_type=\"container\" data-e-type=\"container\">\n\t\t\t\t<div class=\"elementor-element elementor-element-94bd6e7 elementor-widget elementor-widget-heading\" data-id=\"94bd6e7\" data-element_type=\"widget\" data-e-type=\"widget\" data-widget_type=\"heading.default\">\n\t\t\t\t<div class=\"elementor-widget-container\">\n\t\t\t\t\t<h2 class=\"elementor-heading-title elementor-size-default\">\u00c9tendez votre plage de profondeur sur un recycleur<\/h2>\t\t\t\t<\/div>\n\t\t\t\t<\/div>\n\t\t\t\t<div class=\"elementor-element elementor-element-a4a3f8d elementor-widget elementor-widget-text-editor\" data-id=\"a4a3f8d\" data-element_type=\"widget\" data-e-type=\"widget\" data-widget_type=\"text-editor.default\">\n\t\t\t\t<div class=\"elementor-widget-container\">\n\t\t\t\t\t\t\t\t\t<div class=\"section-list\">\n<h3>Aper\u00e7u du programme :<\/h3>\nCe programme fournit la formation n\u00e9cessaire pour planifier et effectuer de mani\u00e8re autonome des plong\u00e9es avec d\u00e9compression au Trimix jusqu&rsquo;\u00e0 une profondeur maximale de 60 m\u00e8tres en utilisant un recycleur en circuit ferm\u00e9 (CCR) et un minimum de deux bouteilles de secours. Il s&rsquo;appuie sur vos comp\u00e9tences de base en recycleur et vous aide \u00e0 d\u00e9velopper une attitude et une approche de r\u00e9solution de probl\u00e8mes facilitant les plong\u00e9es avec d\u00e9compression plus longues. Ce programme exigeant d\u00e9veloppe votre capacit\u00e9 \u00e0 r\u00e9fl\u00e9chir et \u00e0 r\u00e9agir aux urgences en tant que plongeur recycleur comp\u00e9tent et polyvalent. La s\u00e9curit\u00e9 \u00e9tant primordiale, ce programme comprend des sujets acad\u00e9miques approfondis, comme la densit\u00e9 des gaz pour permettre une plong\u00e9e s\u00fbre.   \n\nNous proposons une formation pour ce cours sur plusieurs unit\u00e9s. Ce programme augmente la s\u00e9curit\u00e9 du plongeur en utilisant uniquement le Trimix comme gaz respiratoire pour r\u00e9duire la densit\u00e9 du gaz. \n<h3>Dur\u00e9e :<\/h3>\n<ul>\n \t<li>5 jours<\/li>\n<\/ul>\n<h3>Inclus :<\/h3>\n<ul>\n \t<li>1 session en eau confin\u00e9e<\/li>\n\n<li>Supports num\u00e9riques<\/li>\n \t<li>6 plong\u00e9es d&rsquo;entra\u00eenement<\/li>\n \t<li>Sofnolime<\/li>\n \t<li>O<sub>2<\/sub><\/li>\n \t<li>Bouteilles<\/li>\n \t<li>Certification SSI CCR Technical Extended Range<\/li>\n<\/ul>\n<h3>Non inclus :<\/h3>\n<ul>\n \t<li>Location d&rsquo;\u00e9quipement<\/li>\n \t<li>Assurance plong\u00e9e<\/li>\n \t<li>Location d&rsquo;unit\u00e9 CCR<\/li>\n \t<li>Suppl\u00e9ment h\u00e9lium<\/li>\n<\/ul>\n<h3>Pr\u00e9requis :<\/h3>\n<ul>\n \t<li>\u00c2ge minimum 18 ans<\/li>\n \t<li>Minimum de 50 heures d&rsquo;utilisation du CCR<\/li>\n \t<li>Minimum de 25 heures d&rsquo;utilisation du CCR sur l&rsquo;unit\u00e9 sp\u00e9cifique<\/li>\n \t<li>Minimum 20 plong\u00e9es CCR plus profondes que 30 m\u00e8tres<\/li>\n \t<li>Minimum 10 plong\u00e9es CCR n\u00e9cessitant une d\u00e9compression par paliers (hors plong\u00e9es de formation)<\/li>\n \t<li>Avoir la certification SSI CCR Extended Range ou \u00e9quivalent<\/li>\n \t<li>Certificat m\u00e9dical valide de moins d&rsquo;un an (auto-certification non accept\u00e9e)<\/li>\n<\/ul>\n<\/div>\t\t\t\t\t\t\t\t<\/div>\n\t\t\t\t<\/div>\n\t\t\t\t<\/div>\n\t\t\t\t<\/div>\n\t\t<div class=\"elementor-element elementor-element-1e7cc65 e-con-full e-flex e-con e-child\" data-id=\"1e7cc65\" data-element_type=\"container\" data-e-type=\"container\">\n\t\t<div class=\"elementor-element elementor-element-b576be1 e-con-full course-sidebar-box e-flex e-con e-child\" data-id=\"b576be1\" data-element_type=\"container\" data-e-type=\"container\" data-settings=\"{&quot;sticky&quot;:&quot;top&quot;,&quot;sticky_offset&quot;:110,&quot;sticky_effects_offset&quot;:130,&quot;sticky_parent&quot;:&quot;yes&quot;,&quot;sticky_on&quot;:[&quot;desktop&quot;,&quot;tablet&quot;,&quot;mobile&quot;],&quot;sticky_anchor_link_offset&quot;:0}\">\n\t\t\t\t<div class=\"elementor-element elementor-element-57b455f elementor-widget elementor-widget-text-editor\" data-id=\"57b455f\" data-element_type=\"widget\" data-e-type=\"widget\" data-widget_type=\"text-editor.default\">\n\t\t\t\t<div class=\"elementor-widget-container\">\n\t\t\t\t\t\t\t\t\t<div class=\"courses-info\"><h6 class=\"no-margin\">Dur\u00e9e :<\/h6><p class=\"no-margin\">Formation de 5 jours<\/p><\/div><div class=\"courses-info\"><h6 class=\"no-margin\">Prix :<\/h6><p class=\"no-margin\">\u00c0 partir de 2500 \u20ac<\/p><\/div>\t\t\t\t\t\t\t\t<\/div>\n\t\t\t\t<\/div>\n\t\t\t\t<div class=\"elementor-element elementor-element-559e116 elementor-mobile-align-center elementor-widget elementor-widget-button\" data-id=\"559e116\" data-element_type=\"widget\" data-e-type=\"widget\" data-widget_type=\"button.default\">\n\t\t\t\t<div class=\"elementor-widget-container\">\n\t\t\t\t\t\t\t\t\t<div class=\"elementor-button-wrapper\">\n\t\t\t\t\t<a class=\"elementor-button elementor-button-link elementor-size-sm\" href=\"https:\/\/app.bukyapp.com\/front\/6213b2319a1bbf005fa0b870\/product\/6891fe3a461c7fd4a12416f4?lang=fr\" target=\"_blank\">\n\t\t\t\t\t\t<span class=\"elementor-button-content-wrapper\">\n\t\t\t\t\t\t\t\t\t<span class=\"elementor-button-text\">acheter la formation<\/span>\n\t\t\t\t\t<\/span>\n\t\t\t\t\t<\/a>\n\t\t\t\t<\/div>\n\t\t\t\t\t\t\t\t<\/div>\n\t\t\t\t<\/div>\n\t\t\t\t<\/div>\n\t\t\t\t<\/div>\n\t\t\t\t\t<\/div>\n\t\t\t\t<\/div>\n\t\t\t\t<\/div>\n\t\t","protected":false},"excerpt":{"rendered":"<p>technique CCR Extended Range Trimix \u00c9tendez votre plage de profondeur sur un recycleur Aper\u00e7u du programme : Ce programme fournit la formation n\u00e9cessaire pour planifier et effectuer de mani\u00e8re autonome des plong\u00e9es avec d\u00e9compression au Trimix jusqu&rsquo;\u00e0 une profondeur maximale de 60 m\u00e8tres en utilisant un recycleur en circuit ferm\u00e9 (CCR) et un minimum de [&hellip;]<\/p>\n","protected":false},"author":10,"featured_media":0,"parent":0,"menu_order":0,"comment_status":"closed","ping_status":"closed","template":"","meta":{"_acf_changed":false,"footnotes":""},"class_list":["post-24680","page","type-page","status-publish","hentry"],"acf":[],"yoast_head":"<!-- This site is optimized with the Yoast SEO plugin v27.5 - https:\/\/yoast.com\/product\/yoast-seo-wordpress\/ -->\n<title>CCR Extended Range Trimix | Calero Diving Lanzarote<\/title>\n<meta name=\"robots\" content=\"index, follow, max-snippet:-1, max-image-preview:large, max-video-preview:-1\" \/>\n<link rel=\"canonical\" href=\"https:\/\/calerodiving.com\/ccr-extended-range-trimix\/\" \/>\n<meta property=\"og:locale\" content=\"fr_FR\" \/>\n<meta property=\"og:type\" content=\"article\" \/>\n<meta property=\"og:title\" content=\"CCR Extended Range Trimix | Calero Diving Lanzarote\" \/>\n<meta property=\"og:description\" content=\"technique CCR Extended Range Trimix \u00c9tendez votre plage de profondeur sur un recycleur Aper\u00e7u du programme : Ce programme fournit la formation n\u00e9cessaire pour planifier et effectuer de mani\u00e8re autonome des plong\u00e9es avec d\u00e9compression au Trimix jusqu&rsquo;\u00e0 une profondeur maximale de 60 m\u00e8tres en utilisant un recycleur en circuit ferm\u00e9 (CCR) et un minimum de [&hellip;]\" \/>\n<meta property=\"og:url\" content=\"https:\/\/calerodiving.com\/ccr-extended-range-trimix\/\" \/>\n<meta property=\"og:site_name\" content=\"Calero Diving Lanzarote\" \/>\n<meta property=\"article:publisher\" content=\"https:\/\/www.facebook.com\/calerodiving\/\" \/>\n<meta property=\"article:modified_time\" content=\"2025-09-09T14:16:28+00:00\" \/>\n<meta property=\"og:image\" content=\"https:\/\/calerodiving.com\/wp-content\/uploads\/2025\/07\/imgi_39_CCR_Extended_Range_Trimix_Rubicon_Diving_center_Lanzarote_card_060fdcc940.webp\" \/>\n\t<meta property=\"og:image:width\" content=\"700\" \/>\n\t<meta property=\"og:image:height\" content=\"445\" \/>\n\t<meta property=\"og:image:type\" content=\"image\/webp\" \/>\n<meta name=\"twitter:card\" content=\"summary_large_image\" \/>\n<meta name=\"twitter:label1\" content=\"Dur\u00e9e de lecture estim\u00e9e\" \/>\n\t<meta name=\"twitter:data1\" content=\"2 minutes\" \/>\n<script type=\"application\/ld+json\" class=\"yoast-schema-graph\">{\"@context\":\"https:\\\/\\\/schema.org\",\"@graph\":[{\"@type\":\"WebPage\",\"@id\":\"https:\\\/\\\/calerodiving.com\\\/ccr-extended-range-trimix\\\/\",\"url\":\"https:\\\/\\\/calerodiving.com\\\/ccr-extended-range-trimix\\\/\",\"name\":\"CCR Extended Range Trimix | Calero Diving Lanzarote\",\"isPartOf\":{\"@id\":\"https:\\\/\\\/calerodiving.com\\\/#website\"},\"primaryImageOfPage\":{\"@id\":\"https:\\\/\\\/calerodiving.com\\\/ccr-extended-range-trimix\\\/#primaryimage\"},\"image\":{\"@id\":\"https:\\\/\\\/calerodiving.com\\\/ccr-extended-range-trimix\\\/#primaryimage\"},\"thumbnailUrl\":\"https:\\\/\\\/calerodiving.com\\\/wp-content\\\/uploads\\\/2025\\\/07\\\/imgi_39_CCR_Extended_Range_Trimix_Rubicon_Diving_center_Lanzarote_card_060fdcc940.webp\",\"datePublished\":\"2025-08-27T07:51:28+00:00\",\"dateModified\":\"2025-09-09T14:16:28+00:00\",\"breadcrumb\":{\"@id\":\"https:\\\/\\\/calerodiving.com\\\/ccr-extended-range-trimix\\\/#breadcrumb\"},\"inLanguage\":\"fr-FR\",\"potentialAction\":[{\"@type\":\"ReadAction\",\"target\":[\"https:\\\/\\\/calerodiving.com\\\/ccr-extended-range-trimix\\\/\"]}]},{\"@type\":\"ImageObject\",\"inLanguage\":\"fr-FR\",\"@id\":\"https:\\\/\\\/calerodiving.com\\\/ccr-extended-range-trimix\\\/#primaryimage\",\"url\":\"https:\\\/\\\/calerodiving.com\\\/wp-content\\\/uploads\\\/2025\\\/07\\\/imgi_39_CCR_Extended_Range_Trimix_Rubicon_Diving_center_Lanzarote_card_060fdcc940.webp\",\"contentUrl\":\"https:\\\/\\\/calerodiving.com\\\/wp-content\\\/uploads\\\/2025\\\/07\\\/imgi_39_CCR_Extended_Range_Trimix_Rubicon_Diving_center_Lanzarote_card_060fdcc940.webp\"},{\"@type\":\"BreadcrumbList\",\"@id\":\"https:\\\/\\\/calerodiving.com\\\/ccr-extended-range-trimix\\\/#breadcrumb\",\"itemListElement\":[{\"@type\":\"ListItem\",\"position\":1,\"name\":\"Home\",\"item\":\"https:\\\/\\\/calerodiving.com\\\/es\\\/\"},{\"@type\":\"ListItem\",\"position\":2,\"name\":\"CCR Extended Range Trimix\"}]},{\"@type\":\"WebSite\",\"@id\":\"https:\\\/\\\/calerodiving.com\\\/#website\",\"url\":\"https:\\\/\\\/calerodiving.com\\\/\",\"name\":\"Calero Diving Lanzarote\",\"description\":\"Dive Center - Marina Puerto Calero Lanzarote\",\"publisher\":{\"@id\":\"https:\\\/\\\/calerodiving.com\\\/#organization\"},\"alternateName\":\"Calero Diving\",\"potentialAction\":[{\"@type\":\"SearchAction\",\"target\":{\"@type\":\"EntryPoint\",\"urlTemplate\":\"https:\\\/\\\/calerodiving.com\\\/?s={search_term_string}\"},\"query-input\":{\"@type\":\"PropertyValueSpecification\",\"valueRequired\":true,\"valueName\":\"search_term_string\"}}],\"inLanguage\":\"fr-FR\"},{\"@type\":\"Organization\",\"@id\":\"https:\\\/\\\/calerodiving.com\\\/#organization\",\"name\":\"Calero Diving Lanzarote\",\"alternateName\":\"Calero Diving\",\"url\":\"https:\\\/\\\/calerodiving.com\\\/\",\"logo\":{\"@type\":\"ImageObject\",\"inLanguage\":\"fr-FR\",\"@id\":\"https:\\\/\\\/calerodiving.com\\\/#\\\/schema\\\/logo\\\/image\\\/\",\"url\":\"https:\\\/\\\/calerodiving.com\\\/wp-content\\\/uploads\\\/2025\\\/05\\\/Grupo.png\",\"contentUrl\":\"https:\\\/\\\/calerodiving.com\\\/wp-content\\\/uploads\\\/2025\\\/05\\\/Grupo.png\",\"width\":499,\"height\":590,\"caption\":\"Calero Diving Lanzarote\"},\"image\":{\"@id\":\"https:\\\/\\\/calerodiving.com\\\/#\\\/schema\\\/logo\\\/image\\\/\"},\"sameAs\":[\"https:\\\/\\\/www.facebook.com\\\/calerodiving\\\/\",\"https:\\\/\\\/www.instagram.com\\\/calerodiving\\\/\"]}]}<\/script>\n<!-- \/ Yoast SEO plugin. -->","yoast_head_json":{"title":"CCR Extended Range Trimix | Calero Diving Lanzarote","robots":{"index":"index","follow":"follow","max-snippet":"max-snippet:-1","max-image-preview":"max-image-preview:large","max-video-preview":"max-video-preview:-1"},"canonical":"https:\/\/calerodiving.com\/ccr-extended-range-trimix\/","og_locale":"fr_FR","og_type":"article","og_title":"CCR Extended Range Trimix | Calero Diving Lanzarote","og_description":"technique CCR Extended Range Trimix \u00c9tendez votre plage de profondeur sur un recycleur Aper\u00e7u du programme : Ce programme fournit la formation n\u00e9cessaire pour planifier et effectuer de mani\u00e8re autonome des plong\u00e9es avec d\u00e9compression au Trimix jusqu&rsquo;\u00e0 une profondeur maximale de 60 m\u00e8tres en utilisant un recycleur en circuit ferm\u00e9 (CCR) et un minimum de [&hellip;]","og_url":"https:\/\/calerodiving.com\/ccr-extended-range-trimix\/","og_site_name":"Calero Diving Lanzarote","article_publisher":"https:\/\/www.facebook.com\/calerodiving\/","article_modified_time":"2025-09-09T14:16:28+00:00","og_image":[{"width":700,"height":445,"url":"https:\/\/calerodiving.com\/wp-content\/uploads\/2025\/07\/imgi_39_CCR_Extended_Range_Trimix_Rubicon_Diving_center_Lanzarote_card_060fdcc940.webp","type":"image\/webp"}],"twitter_card":"summary_large_image","twitter_misc":{"Dur\u00e9e de lecture estim\u00e9e":"2 minutes"},"schema":{"@context":"https:\/\/schema.org","@graph":[{"@type":"WebPage","@id":"https:\/\/calerodiving.com\/ccr-extended-range-trimix\/","url":"https:\/\/calerodiving.com\/ccr-extended-range-trimix\/","name":"CCR Extended Range Trimix | Calero Diving Lanzarote","isPartOf":{"@id":"https:\/\/calerodiving.com\/#website"},"primaryImageOfPage":{"@id":"https:\/\/calerodiving.com\/ccr-extended-range-trimix\/#primaryimage"},"image":{"@id":"https:\/\/calerodiving.com\/ccr-extended-range-trimix\/#primaryimage"},"thumbnailUrl":"https:\/\/calerodiving.com\/wp-content\/uploads\/2025\/07\/imgi_39_CCR_Extended_Range_Trimix_Rubicon_Diving_center_Lanzarote_card_060fdcc940.webp","datePublished":"2025-08-27T07:51:28+00:00","dateModified":"2025-09-09T14:16:28+00:00","breadcrumb":{"@id":"https:\/\/calerodiving.com\/ccr-extended-range-trimix\/#breadcrumb"},"inLanguage":"fr-FR","potentialAction":[{"@type":"ReadAction","target":["https:\/\/calerodiving.com\/ccr-extended-range-trimix\/"]}]},{"@type":"ImageObject","inLanguage":"fr-FR","@id":"https:\/\/calerodiving.com\/ccr-extended-range-trimix\/#primaryimage","url":"https:\/\/calerodiving.com\/wp-content\/uploads\/2025\/07\/imgi_39_CCR_Extended_Range_Trimix_Rubicon_Diving_center_Lanzarote_card_060fdcc940.webp","contentUrl":"https:\/\/calerodiving.com\/wp-content\/uploads\/2025\/07\/imgi_39_CCR_Extended_Range_Trimix_Rubicon_Diving_center_Lanzarote_card_060fdcc940.webp"},{"@type":"BreadcrumbList","@id":"https:\/\/calerodiving.com\/ccr-extended-range-trimix\/#breadcrumb","itemListElement":[{"@type":"ListItem","position":1,"name":"Home","item":"https:\/\/calerodiving.com\/es\/"},{"@type":"ListItem","position":2,"name":"CCR Extended Range Trimix"}]},{"@type":"WebSite","@id":"https:\/\/calerodiving.com\/#website","url":"https:\/\/calerodiving.com\/","name":"Calero Diving Lanzarote","description":"Dive Center - Marina Puerto Calero Lanzarote","publisher":{"@id":"https:\/\/calerodiving.com\/#organization"},"alternateName":"Calero Diving","potentialAction":[{"@type":"SearchAction","target":{"@type":"EntryPoint","urlTemplate":"https:\/\/calerodiving.com\/?s={search_term_string}"},"query-input":{"@type":"PropertyValueSpecification","valueRequired":true,"valueName":"search_term_string"}}],"inLanguage":"fr-FR"},{"@type":"Organization","@id":"https:\/\/calerodiving.com\/#organization","name":"Calero Diving Lanzarote","alternateName":"Calero Diving","url":"https:\/\/calerodiving.com\/","logo":{"@type":"ImageObject","inLanguage":"fr-FR","@id":"https:\/\/calerodiving.com\/#\/schema\/logo\/image\/","url":"https:\/\/calerodiving.com\/wp-content\/uploads\/2025\/05\/Grupo.png","contentUrl":"https:\/\/calerodiving.com\/wp-content\/uploads\/2025\/05\/Grupo.png","width":499,"height":590,"caption":"Calero Diving Lanzarote"},"image":{"@id":"https:\/\/calerodiving.com\/#\/schema\/logo\/image\/"},"sameAs":["https:\/\/www.facebook.com\/calerodiving\/","https:\/\/www.instagram.com\/calerodiving\/"]}]}},"_links":{"self":[{"href":"https:\/\/calerodiving.com\/fr\/wp-json\/wp\/v2\/pages\/24680","targetHints":{"allow":["GET"]}}],"collection":[{"href":"https:\/\/calerodiving.com\/fr\/wp-json\/wp\/v2\/pages"}],"about":[{"href":"https:\/\/calerodiving.com\/fr\/wp-json\/wp\/v2\/types\/page"}],"author":[{"embeddable":true,"href":"https:\/\/calerodiving.com\/fr\/wp-json\/wp\/v2\/users\/10"}],"replies":[{"embeddable":true,"href":"https:\/\/calerodiving.com\/fr\/wp-json\/wp\/v2\/comments?post=24680"}],"version-history":[{"count":4,"href":"https:\/\/calerodiving.com\/fr\/wp-json\/wp\/v2\/pages\/24680\/revisions"}],"predecessor-version":[{"id":25946,"href":"https:\/\/calerodiving.com\/fr\/wp-json\/wp\/v2\/pages\/24680\/revisions\/25946"}],"wp:attachment":[{"href":"https:\/\/calerodiving.com\/fr\/wp-json\/wp\/v2\/media?parent=24680"}],"curies":[{"name":"wp","href":"https:\/\/api.w.org\/{rel}","templated":true}]}}