{"id":24664,"date":"2025-08-27T08:50:55","date_gmt":"2025-08-27T07:50:55","guid":{"rendered":"https:\/\/calerodiving.com\/plongeur-ccr-avec-diluant-air-mod-1\/"},"modified":"2025-09-09T15:58:50","modified_gmt":"2025-09-09T14:58:50","slug":"ccr-air-diluent-diver-mod-1","status":"publish","type":"page","link":"https:\/\/calerodiving.com\/fr\/ccr-air-diluent-diver-mod-1\/","title":{"rendered":"CCR Air Diluent Diver (MOD 1)"},"content":{"rendered":"\t\t<div data-elementor-type=\"wp-page\" data-elementor-id=\"24664\" class=\"elementor elementor-24664 elementor-21289\" data-elementor-post-type=\"page\">\n\t\t\t\t<div class=\"elementor-element elementor-element-b053bb0 e-flex e-con-boxed e-con e-parent\" data-id=\"b053bb0\" data-element_type=\"container\" data-e-type=\"container\">\n\t\t\t\t\t<div class=\"e-con-inner\">\n\t\t<div class=\"elementor-element elementor-element-87614fe e-con-full e-flex e-con e-child\" data-id=\"87614fe\" data-element_type=\"container\" data-e-type=\"container\">\n\t\t\t\t<div class=\"elementor-element elementor-element-a2d6bb2 elementor-widget elementor-widget-image\" data-id=\"a2d6bb2\" data-element_type=\"widget\" data-e-type=\"widget\" data-widget_type=\"image.default\">\n\t\t\t\t<div class=\"elementor-widget-container\">\n\t\t\t\t\t\t\t\t\t\t\t\t\t\t\t<img fetchpriority=\"high\" decoding=\"async\" width=\"700\" height=\"445\" src=\"https:\/\/calerodiving.com\/wp-content\/uploads\/2025\/08\/CCR-air-diluent-coursee-.png\" class=\"attachment-large size-large wp-image-22501\" alt=\"\" srcset=\"https:\/\/calerodiving.com\/wp-content\/uploads\/2025\/08\/CCR-air-diluent-coursee-.png 700w, https:\/\/calerodiving.com\/wp-content\/uploads\/2025\/08\/CCR-air-diluent-coursee--300x191.png 300w\" sizes=\"(max-width: 700px) 100vw, 700px\" \/>\t\t\t\t\t\t\t\t\t\t\t\t\t\t\t<\/div>\n\t\t\t\t<\/div>\n\t\t\t\t<\/div>\n\t\t<div class=\"elementor-element elementor-element-7e7c4eb e-con-full e-flex e-con e-child\" data-id=\"7e7c4eb\" data-element_type=\"container\" data-e-type=\"container\">\n\t\t<div class=\"elementor-element elementor-element-778bdb5 e-con-full e-flex e-con e-child\" data-id=\"778bdb5\" data-element_type=\"container\" data-e-type=\"container\">\n\t\t\t\t<div class=\"elementor-element elementor-element-bb2a917 elementor-widget elementor-widget-html\" data-id=\"bb2a917\" data-element_type=\"widget\" data-e-type=\"widget\" data-widget_type=\"html.default\">\n\t\t\t\t<div class=\"elementor-widget-container\">\n\t\t\t\t\t<a href=\"https:\/\/calerodiving.com\/fr\/?page_id=24531#tdi-closed\" class=\"tag-button\">technique<\/a>\n\t\t\t\t<\/div>\n\t\t\t\t<\/div>\n\t\t\t\t<div class=\"elementor-element elementor-element-9240104 elementor-widget elementor-widget-heading\" data-id=\"9240104\" data-element_type=\"widget\" data-e-type=\"widget\" data-widget_type=\"heading.default\">\n\t\t\t\t<div class=\"elementor-widget-container\">\n\t\t\t\t\t<h2 class=\"elementor-heading-title elementor-size-default\">CCR Air Diluent Diver (MOD 1)<\/h2>\t\t\t\t<\/div>\n\t\t\t\t<\/div>\n\t\t\t\t<\/div>\n\t\t\t\t<\/div>\n\t\t\t\t\t<\/div>\n\t\t\t\t<\/div>\n\t\t<div class=\"elementor-element elementor-element-e4fbbd4 e-flex e-con-boxed e-con e-parent\" data-id=\"e4fbbd4\" data-element_type=\"container\" data-e-type=\"container\">\n\t\t\t\t\t<div class=\"e-con-inner\">\n\t\t<div class=\"elementor-element elementor-element-a6d95d2 e-con-full e-flex e-con e-child\" data-id=\"a6d95d2\" data-element_type=\"container\" data-e-type=\"container\">\n\t\t<div class=\"elementor-element elementor-element-1a3508b e-con-full e-flex e-con e-child\" data-id=\"1a3508b\" data-element_type=\"container\" data-e-type=\"container\">\n\t\t\t\t<div class=\"elementor-element elementor-element-3de7630 elementor-widget elementor-widget-heading\" data-id=\"3de7630\" data-element_type=\"widget\" data-e-type=\"widget\" data-widget_type=\"heading.default\">\n\t\t\t\t<div class=\"elementor-widget-container\">\n\t\t\t\t\t<h2 class=\"elementor-heading-title elementor-size-default\">La premi\u00e8re \u00e9tape pour devenir plongeur recycleur<\/h2>\t\t\t\t<\/div>\n\t\t\t\t<\/div>\n\t\t\t\t<div class=\"elementor-element elementor-element-301ce02 elementor-widget elementor-widget-text-editor\" data-id=\"301ce02\" data-element_type=\"widget\" data-e-type=\"widget\" data-widget_type=\"text-editor.default\">\n\t\t\t\t<div class=\"elementor-widget-container\">\n\t\t\t\t\t\t\t\t\t<div class=\"section-list\">\n  <h3>Aper\u00e7u du programme :<\/h3>\n  <ul>\n    <li>Le cours TDI de plong\u00e9e en recycleur \u00e0 circuit ferm\u00e9 (CCR) avec diluant air est votre premi\u00e8re \u00e9tape dans la plong\u00e9e CCR et votre premi\u00e8re v\u00e9ritable exp\u00e9rience de plong\u00e9e silencieuse ! L&rsquo;utilisation des derni\u00e8res technologies en mati\u00e8re de CCR permet de maximiser votre r\u00e9serve de gaz et de fournir un gaz respiratoire optimal \u00e0 toute profondeur en maintenant une pression partielle d&rsquo;oxyg\u00e8ne constante. C&rsquo;est comme avoir une machine \u00e0 m\u00e9langer le Nitrox sur le dos !  <\/li>\n    <li>Durant ce cours, vous apprendrez toutes les comp\u00e9tences n\u00e9cessaires pour effectuer des plong\u00e9es CCR sans d\u00e9compression jusqu&rsquo;\u00e0 une profondeur maximale de 30 m\u00e8tres en utilisant un diluant air.<\/li>\n    <li>Si vous \u00eates d\u00e9j\u00e0 un plongeur technique en circuit ouvert souhaitant passer du c\u00f4t\u00e9 \u00ab silencieux \u00bb, ou si vous \u00eates un plongeur CCR avec diluant air cherchant \u00e0 progresser vers le niveau sup\u00e9rieur, ce cours peut \u00eatre compl\u00e9t\u00e9 avec une formation suppl\u00e9mentaire pour devenir plongeur TDI CCR avec diluant air et d\u00e9compression.<\/li>\n    <li>Durant ce cours, vous apprendrez toutes les comp\u00e9tences n\u00e9cessaires pour effectuer des plong\u00e9es CCR avec d\u00e9compression jusqu&rsquo;\u00e0 une profondeur maximale de 40 m\u00e8tres en utilisant un diluant air.<\/li>\n  <\/ul>\n  <h3>Dur\u00e9e :<\/h3>\n  <ul>\n    <li>5 jours<\/li>\n  <\/ul>\n  <h3>Inclus :<\/h3>\n  <ul>\n    <li>8 plong\u00e9es de formation<\/li>\n    <li>Supports num\u00e9riques<\/li>\n    <li>Sofnolime<\/li>\n    <li>O<sub>2<\/sub><\/li>\n    <li>Bouteilles<\/li>\n    <li>Certification TDI Plongeur CCR avec diluant air ou Plongeur CCR avec diluant air et d\u00e9compression<\/li>\n  <\/ul>\n  <h3>Non inclus :<\/h3>\n  <ul>\n    <li>Location d&rsquo;\u00e9quipement<\/li>\n    <li>Assurance plong\u00e9e<\/li>\n    <li>Location d&rsquo;unit\u00e9 CCR<\/li>\n  <\/ul>\n  <h3>Pr\u00e9requis :<\/h3>\n  <ul>\n    <li>\u00c2ge minimum 18 ans<\/li>\n    <li>Minimum 20 plong\u00e9es enregistr\u00e9es<\/li>\n    <li>Avoir la certification TDI Plongeur Nitrox ou \u00e9quivalent<\/li>\n    <li>Certificat m\u00e9dical valide de moins d&rsquo;un an (auto-certification non accept\u00e9e)<\/li>\n  <\/ul>\n  <h3>OU :<\/h3>\n  <ul>\n    <li>Minimum 50 plong\u00e9es enregistr\u00e9es<\/li>\n    <li>Avoir les certifications TDI Nitrox avanc\u00e9 et Proc\u00e9dures de d\u00e9compression ou \u00e9quivalent<\/li>\n    <li>Avoir la certification TDI Plongeur Sidemount ou \u00e9quivalent, si utilisation d&rsquo;un recycleur sidemount approuv\u00e9 et fournir la preuve de 10 plong\u00e9es sidemount enregistr\u00e9es<\/li>\n  <\/ul>\n  <h3>Autres formations qui pourraient vous int\u00e9resser :<\/h3>\n  <ul>\n    <li><a href=\"https:\/\/calerodiving.com\/fr\/nitrox-avance\/\">Nitrox avanc\u00e9<\/a> et <a href=\"https:\/\/calerodiving.com\/fr\/procedures-de-decompression\/\">proc\u00e9dures de d\u00e9compression<\/a><\/li>\n    <li><a href=\"https:\/\/calerodiving.com\/ccr-helitrox-diluent-decompression-diver-mod-1\/\">Plongeur recycleur diluant h\u00e9litrox avec d\u00e9compression (MOD 1)<\/a><\/li>\n  <\/ul>\n<\/div>\n\t\t\t\t\t\t\t\t<\/div>\n\t\t\t\t<\/div>\n\t\t\t\t<\/div>\n\t\t\t\t<\/div>\n\t\t<div class=\"elementor-element elementor-element-27b11e5 e-con-full e-flex e-con e-child\" data-id=\"27b11e5\" data-element_type=\"container\" data-e-type=\"container\">\n\t\t<div class=\"elementor-element elementor-element-5aa4fc9 e-con-full course-sidebar-box e-flex e-con e-child\" data-id=\"5aa4fc9\" data-element_type=\"container\" data-e-type=\"container\" data-settings=\"{&quot;sticky&quot;:&quot;top&quot;,&quot;sticky_offset&quot;:110,&quot;sticky_effects_offset&quot;:130,&quot;sticky_parent&quot;:&quot;yes&quot;,&quot;sticky_on&quot;:[&quot;desktop&quot;,&quot;tablet&quot;,&quot;mobile&quot;],&quot;sticky_anchor_link_offset&quot;:0}\">\n\t\t\t\t<div class=\"elementor-element elementor-element-9eb945c elementor-widget elementor-widget-text-editor\" data-id=\"9eb945c\" data-element_type=\"widget\" data-e-type=\"widget\" data-widget_type=\"text-editor.default\">\n\t\t\t\t<div class=\"elementor-widget-container\">\n\t\t\t\t\t\t\t\t\t<div class=\"courses-info\"><h6 class=\"no-margin\">Dur\u00e9e :<\/h6><p class=\"no-margin\">Formation de 5 jours<\/p><\/div><div class=\"courses-info\"><h6 class=\"no-margin\">Prix :<\/h6><p class=\"no-margin\">\u00c0 partir de 1 850 \u20ac<\/p><\/div>\t\t\t\t\t\t\t\t<\/div>\n\t\t\t\t<\/div>\n\t\t\t\t<div class=\"elementor-element elementor-element-f6bfbe6 elementor-mobile-align-center elementor-widget elementor-widget-button\" data-id=\"f6bfbe6\" data-element_type=\"widget\" data-e-type=\"widget\" data-widget_type=\"button.default\">\n\t\t\t\t<div class=\"elementor-widget-container\">\n\t\t\t\t\t\t\t\t\t<div class=\"elementor-button-wrapper\">\n\t\t\t\t\t<a class=\"elementor-button elementor-button-link elementor-size-sm\" href=\"https:\/\/app.bukyapp.com\/front\/6213b2319a1bbf005fa0b870\/product\/6888c6f4496a39fad5003bf3?lang=fr\" target=\"_blank\">\n\t\t\t\t\t\t<span class=\"elementor-button-content-wrapper\">\n\t\t\t\t\t\t\t\t\t<span class=\"elementor-button-text\">acheter la formation<\/span>\n\t\t\t\t\t<\/span>\n\t\t\t\t\t<\/a>\n\t\t\t\t<\/div>\n\t\t\t\t\t\t\t\t<\/div>\n\t\t\t\t<\/div>\n\t\t\t\t<\/div>\n\t\t\t\t<\/div>\n\t\t\t\t\t<\/div>\n\t\t\t\t<\/div>\n\t\t\t\t<\/div>\n\t\t","protected":false},"excerpt":{"rendered":"<p>technique CCR Air Diluent Diver (MOD 1) La premi\u00e8re \u00e9tape pour devenir plongeur recycleur Aper\u00e7u du programme : Le cours TDI de plong\u00e9e en recycleur \u00e0 circuit ferm\u00e9 (CCR) avec diluant air est votre premi\u00e8re \u00e9tape dans la plong\u00e9e CCR et votre premi\u00e8re v\u00e9ritable exp\u00e9rience de plong\u00e9e silencieuse ! L&rsquo;utilisation des derni\u00e8res technologies en mati\u00e8re [&hellip;]<\/p>\n","protected":false},"author":10,"featured_media":0,"parent":0,"menu_order":0,"comment_status":"closed","ping_status":"closed","template":"","meta":{"_acf_changed":false,"footnotes":""},"class_list":["post-24664","page","type-page","status-publish","hentry"],"acf":[],"yoast_head":"<!-- This site is optimized with the Yoast SEO plugin v27.5 - https:\/\/yoast.com\/product\/yoast-seo-wordpress\/ -->\n<title>CCR Air Diluent Diver (MOD 1) | Calero Diving Lanzarote<\/title>\n<meta name=\"robots\" content=\"index, follow, max-snippet:-1, max-image-preview:large, max-video-preview:-1\" \/>\n<link rel=\"canonical\" href=\"https:\/\/calerodiving.com\/ccr-air-diluent-diver-mod-1\/\" \/>\n<meta property=\"og:locale\" content=\"fr_FR\" \/>\n<meta property=\"og:type\" content=\"article\" \/>\n<meta property=\"og:title\" content=\"CCR Air Diluent Diver (MOD 1) | Calero Diving Lanzarote\" \/>\n<meta property=\"og:description\" content=\"technique CCR Air Diluent Diver (MOD 1) La premi\u00e8re \u00e9tape pour devenir plongeur recycleur Aper\u00e7u du programme : Le cours TDI de plong\u00e9e en recycleur \u00e0 circuit ferm\u00e9 (CCR) avec diluant air est votre premi\u00e8re \u00e9tape dans la plong\u00e9e CCR et votre premi\u00e8re v\u00e9ritable exp\u00e9rience de plong\u00e9e silencieuse ! L&rsquo;utilisation des derni\u00e8res technologies en mati\u00e8re [&hellip;]\" \/>\n<meta property=\"og:url\" content=\"https:\/\/calerodiving.com\/ccr-air-diluent-diver-mod-1\/\" \/>\n<meta property=\"og:site_name\" content=\"Calero Diving Lanzarote\" \/>\n<meta property=\"article:publisher\" content=\"https:\/\/www.facebook.com\/calerodiving\/\" \/>\n<meta property=\"article:modified_time\" content=\"2025-09-09T14:58:50+00:00\" \/>\n<meta property=\"og:image\" content=\"https:\/\/calerodiving.com\/wp-content\/uploads\/2025\/08\/CCR-air-diluent-coursee-.png\" \/>\n\t<meta property=\"og:image:width\" content=\"700\" \/>\n\t<meta property=\"og:image:height\" content=\"445\" \/>\n\t<meta property=\"og:image:type\" content=\"image\/png\" \/>\n<meta name=\"twitter:card\" content=\"summary_large_image\" \/>\n<meta name=\"twitter:label1\" content=\"Dur\u00e9e de lecture estim\u00e9e\" \/>\n\t<meta name=\"twitter:data1\" content=\"2 minutes\" \/>\n<script type=\"application\/ld+json\" class=\"yoast-schema-graph\">{\"@context\":\"https:\\\/\\\/schema.org\",\"@graph\":[{\"@type\":\"WebPage\",\"@id\":\"https:\\\/\\\/calerodiving.com\\\/ccr-air-diluent-diver-mod-1\\\/\",\"url\":\"https:\\\/\\\/calerodiving.com\\\/ccr-air-diluent-diver-mod-1\\\/\",\"name\":\"CCR Air Diluent Diver (MOD 1) | Calero Diving Lanzarote\",\"isPartOf\":{\"@id\":\"https:\\\/\\\/calerodiving.com\\\/#website\"},\"primaryImageOfPage\":{\"@id\":\"https:\\\/\\\/calerodiving.com\\\/ccr-air-diluent-diver-mod-1\\\/#primaryimage\"},\"image\":{\"@id\":\"https:\\\/\\\/calerodiving.com\\\/ccr-air-diluent-diver-mod-1\\\/#primaryimage\"},\"thumbnailUrl\":\"https:\\\/\\\/calerodiving.com\\\/wp-content\\\/uploads\\\/2025\\\/08\\\/CCR-air-diluent-coursee-.png\",\"datePublished\":\"2025-08-27T07:50:55+00:00\",\"dateModified\":\"2025-09-09T14:58:50+00:00\",\"breadcrumb\":{\"@id\":\"https:\\\/\\\/calerodiving.com\\\/ccr-air-diluent-diver-mod-1\\\/#breadcrumb\"},\"inLanguage\":\"fr-FR\",\"potentialAction\":[{\"@type\":\"ReadAction\",\"target\":[\"https:\\\/\\\/calerodiving.com\\\/ccr-air-diluent-diver-mod-1\\\/\"]}]},{\"@type\":\"ImageObject\",\"inLanguage\":\"fr-FR\",\"@id\":\"https:\\\/\\\/calerodiving.com\\\/ccr-air-diluent-diver-mod-1\\\/#primaryimage\",\"url\":\"https:\\\/\\\/calerodiving.com\\\/wp-content\\\/uploads\\\/2025\\\/08\\\/CCR-air-diluent-coursee-.png\",\"contentUrl\":\"https:\\\/\\\/calerodiving.com\\\/wp-content\\\/uploads\\\/2025\\\/08\\\/CCR-air-diluent-coursee-.png\"},{\"@type\":\"BreadcrumbList\",\"@id\":\"https:\\\/\\\/calerodiving.com\\\/ccr-air-diluent-diver-mod-1\\\/#breadcrumb\",\"itemListElement\":[{\"@type\":\"ListItem\",\"position\":1,\"name\":\"Home\",\"item\":\"https:\\\/\\\/calerodiving.com\\\/es\\\/\"},{\"@type\":\"ListItem\",\"position\":2,\"name\":\"CCR Air Diluent Diver (MOD 1)\"}]},{\"@type\":\"WebSite\",\"@id\":\"https:\\\/\\\/calerodiving.com\\\/#website\",\"url\":\"https:\\\/\\\/calerodiving.com\\\/\",\"name\":\"Calero Diving Lanzarote\",\"description\":\"Dive Center - Marina Puerto Calero Lanzarote\",\"publisher\":{\"@id\":\"https:\\\/\\\/calerodiving.com\\\/#organization\"},\"alternateName\":\"Calero Diving\",\"potentialAction\":[{\"@type\":\"SearchAction\",\"target\":{\"@type\":\"EntryPoint\",\"urlTemplate\":\"https:\\\/\\\/calerodiving.com\\\/?s={search_term_string}\"},\"query-input\":{\"@type\":\"PropertyValueSpecification\",\"valueRequired\":true,\"valueName\":\"search_term_string\"}}],\"inLanguage\":\"fr-FR\"},{\"@type\":\"Organization\",\"@id\":\"https:\\\/\\\/calerodiving.com\\\/#organization\",\"name\":\"Calero Diving Lanzarote\",\"alternateName\":\"Calero Diving\",\"url\":\"https:\\\/\\\/calerodiving.com\\\/\",\"logo\":{\"@type\":\"ImageObject\",\"inLanguage\":\"fr-FR\",\"@id\":\"https:\\\/\\\/calerodiving.com\\\/#\\\/schema\\\/logo\\\/image\\\/\",\"url\":\"https:\\\/\\\/calerodiving.com\\\/wp-content\\\/uploads\\\/2025\\\/05\\\/Grupo.png\",\"contentUrl\":\"https:\\\/\\\/calerodiving.com\\\/wp-content\\\/uploads\\\/2025\\\/05\\\/Grupo.png\",\"width\":499,\"height\":590,\"caption\":\"Calero Diving Lanzarote\"},\"image\":{\"@id\":\"https:\\\/\\\/calerodiving.com\\\/#\\\/schema\\\/logo\\\/image\\\/\"},\"sameAs\":[\"https:\\\/\\\/www.facebook.com\\\/calerodiving\\\/\",\"https:\\\/\\\/www.instagram.com\\\/calerodiving\\\/\"]}]}<\/script>\n<!-- \/ Yoast SEO plugin. -->","yoast_head_json":{"title":"CCR Air Diluent Diver (MOD 1) | Calero Diving Lanzarote","robots":{"index":"index","follow":"follow","max-snippet":"max-snippet:-1","max-image-preview":"max-image-preview:large","max-video-preview":"max-video-preview:-1"},"canonical":"https:\/\/calerodiving.com\/ccr-air-diluent-diver-mod-1\/","og_locale":"fr_FR","og_type":"article","og_title":"CCR Air Diluent Diver (MOD 1) | Calero Diving Lanzarote","og_description":"technique CCR Air Diluent Diver (MOD 1) La premi\u00e8re \u00e9tape pour devenir plongeur recycleur Aper\u00e7u du programme : Le cours TDI de plong\u00e9e en recycleur \u00e0 circuit ferm\u00e9 (CCR) avec diluant air est votre premi\u00e8re \u00e9tape dans la plong\u00e9e CCR et votre premi\u00e8re v\u00e9ritable exp\u00e9rience de plong\u00e9e silencieuse ! L&rsquo;utilisation des derni\u00e8res technologies en mati\u00e8re [&hellip;]","og_url":"https:\/\/calerodiving.com\/ccr-air-diluent-diver-mod-1\/","og_site_name":"Calero Diving Lanzarote","article_publisher":"https:\/\/www.facebook.com\/calerodiving\/","article_modified_time":"2025-09-09T14:58:50+00:00","og_image":[{"width":700,"height":445,"url":"https:\/\/calerodiving.com\/wp-content\/uploads\/2025\/08\/CCR-air-diluent-coursee-.png","type":"image\/png"}],"twitter_card":"summary_large_image","twitter_misc":{"Dur\u00e9e de lecture estim\u00e9e":"2 minutes"},"schema":{"@context":"https:\/\/schema.org","@graph":[{"@type":"WebPage","@id":"https:\/\/calerodiving.com\/ccr-air-diluent-diver-mod-1\/","url":"https:\/\/calerodiving.com\/ccr-air-diluent-diver-mod-1\/","name":"CCR Air Diluent Diver (MOD 1) | Calero Diving Lanzarote","isPartOf":{"@id":"https:\/\/calerodiving.com\/#website"},"primaryImageOfPage":{"@id":"https:\/\/calerodiving.com\/ccr-air-diluent-diver-mod-1\/#primaryimage"},"image":{"@id":"https:\/\/calerodiving.com\/ccr-air-diluent-diver-mod-1\/#primaryimage"},"thumbnailUrl":"https:\/\/calerodiving.com\/wp-content\/uploads\/2025\/08\/CCR-air-diluent-coursee-.png","datePublished":"2025-08-27T07:50:55+00:00","dateModified":"2025-09-09T14:58:50+00:00","breadcrumb":{"@id":"https:\/\/calerodiving.com\/ccr-air-diluent-diver-mod-1\/#breadcrumb"},"inLanguage":"fr-FR","potentialAction":[{"@type":"ReadAction","target":["https:\/\/calerodiving.com\/ccr-air-diluent-diver-mod-1\/"]}]},{"@type":"ImageObject","inLanguage":"fr-FR","@id":"https:\/\/calerodiving.com\/ccr-air-diluent-diver-mod-1\/#primaryimage","url":"https:\/\/calerodiving.com\/wp-content\/uploads\/2025\/08\/CCR-air-diluent-coursee-.png","contentUrl":"https:\/\/calerodiving.com\/wp-content\/uploads\/2025\/08\/CCR-air-diluent-coursee-.png"},{"@type":"BreadcrumbList","@id":"https:\/\/calerodiving.com\/ccr-air-diluent-diver-mod-1\/#breadcrumb","itemListElement":[{"@type":"ListItem","position":1,"name":"Home","item":"https:\/\/calerodiving.com\/es\/"},{"@type":"ListItem","position":2,"name":"CCR Air Diluent Diver (MOD 1)"}]},{"@type":"WebSite","@id":"https:\/\/calerodiving.com\/#website","url":"https:\/\/calerodiving.com\/","name":"Calero Diving Lanzarote","description":"Dive Center - Marina Puerto Calero Lanzarote","publisher":{"@id":"https:\/\/calerodiving.com\/#organization"},"alternateName":"Calero Diving","potentialAction":[{"@type":"SearchAction","target":{"@type":"EntryPoint","urlTemplate":"https:\/\/calerodiving.com\/?s={search_term_string}"},"query-input":{"@type":"PropertyValueSpecification","valueRequired":true,"valueName":"search_term_string"}}],"inLanguage":"fr-FR"},{"@type":"Organization","@id":"https:\/\/calerodiving.com\/#organization","name":"Calero Diving Lanzarote","alternateName":"Calero Diving","url":"https:\/\/calerodiving.com\/","logo":{"@type":"ImageObject","inLanguage":"fr-FR","@id":"https:\/\/calerodiving.com\/#\/schema\/logo\/image\/","url":"https:\/\/calerodiving.com\/wp-content\/uploads\/2025\/05\/Grupo.png","contentUrl":"https:\/\/calerodiving.com\/wp-content\/uploads\/2025\/05\/Grupo.png","width":499,"height":590,"caption":"Calero Diving Lanzarote"},"image":{"@id":"https:\/\/calerodiving.com\/#\/schema\/logo\/image\/"},"sameAs":["https:\/\/www.facebook.com\/calerodiving\/","https:\/\/www.instagram.com\/calerodiving\/"]}]}},"_links":{"self":[{"href":"https:\/\/calerodiving.com\/fr\/wp-json\/wp\/v2\/pages\/24664","targetHints":{"allow":["GET"]}}],"collection":[{"href":"https:\/\/calerodiving.com\/fr\/wp-json\/wp\/v2\/pages"}],"about":[{"href":"https:\/\/calerodiving.com\/fr\/wp-json\/wp\/v2\/types\/page"}],"author":[{"embeddable":true,"href":"https:\/\/calerodiving.com\/fr\/wp-json\/wp\/v2\/users\/10"}],"replies":[{"embeddable":true,"href":"https:\/\/calerodiving.com\/fr\/wp-json\/wp\/v2\/comments?post=24664"}],"version-history":[{"count":5,"href":"https:\/\/calerodiving.com\/fr\/wp-json\/wp\/v2\/pages\/24664\/revisions"}],"predecessor-version":[{"id":25967,"href":"https:\/\/calerodiving.com\/fr\/wp-json\/wp\/v2\/pages\/24664\/revisions\/25967"}],"wp:attachment":[{"href":"https:\/\/calerodiving.com\/fr\/wp-json\/wp\/v2\/media?parent=24664"}],"curies":[{"name":"wp","href":"https:\/\/api.w.org\/{rel}","templated":true}]}}