{"id":24660,"date":"2025-08-27T08:50:51","date_gmt":"2025-08-27T07:50:51","guid":{"rendered":"https:\/\/calerodiving.com\/plongeur-ccr-helitrox-diluant-avec-decompression-pmu-1\/"},"modified":"2025-09-09T15:59:37","modified_gmt":"2025-09-09T14:59:37","slug":"ccr-helitrox-diluent-decompression-diver-mod-1","status":"publish","type":"page","link":"https:\/\/calerodiving.com\/fr\/ccr-helitrox-diluent-decompression-diver-mod-1\/","title":{"rendered":"CCR Helitrox Diluent Decompression Diver (MOD 1)"},"content":{"rendered":"\t\t<div data-elementor-type=\"wp-page\" data-elementor-id=\"24660\" class=\"elementor elementor-24660 elementor-21286\" data-elementor-post-type=\"page\">\n\t\t\t\t<div class=\"elementor-element elementor-element-8bd9428 e-flex e-con-boxed e-con e-parent\" data-id=\"8bd9428\" data-element_type=\"container\" data-e-type=\"container\">\n\t\t\t\t\t<div class=\"e-con-inner\">\n\t\t<div class=\"elementor-element elementor-element-cb8d70f e-con-full e-flex e-con e-child\" data-id=\"cb8d70f\" data-element_type=\"container\" data-e-type=\"container\">\n\t\t\t\t<div class=\"elementor-element elementor-element-138ab8a elementor-widget elementor-widget-image\" data-id=\"138ab8a\" data-element_type=\"widget\" data-e-type=\"widget\" data-widget_type=\"image.default\">\n\t\t\t\t<div class=\"elementor-widget-container\">\n\t\t\t\t\t\t\t\t\t\t\t\t\t\t\t<img fetchpriority=\"high\" decoding=\"async\" width=\"700\" height=\"445\" src=\"https:\/\/calerodiving.com\/wp-content\/uploads\/2025\/08\/CCR-Helitrox-Diluent-Decompression-Diver-MOD-1-Coruse.png\" class=\"attachment-large size-large wp-image-22500\" alt=\"\" srcset=\"https:\/\/calerodiving.com\/wp-content\/uploads\/2025\/08\/CCR-Helitrox-Diluent-Decompression-Diver-MOD-1-Coruse.png 700w, https:\/\/calerodiving.com\/wp-content\/uploads\/2025\/08\/CCR-Helitrox-Diluent-Decompression-Diver-MOD-1-Coruse-300x191.png 300w\" sizes=\"(max-width: 700px) 100vw, 700px\" \/>\t\t\t\t\t\t\t\t\t\t\t\t\t\t\t<\/div>\n\t\t\t\t<\/div>\n\t\t\t\t<\/div>\n\t\t<div class=\"elementor-element elementor-element-c3e9983 e-con-full e-flex e-con e-child\" data-id=\"c3e9983\" data-element_type=\"container\" data-e-type=\"container\">\n\t\t<div class=\"elementor-element elementor-element-6d6b897 e-con-full e-flex e-con e-child\" data-id=\"6d6b897\" data-element_type=\"container\" data-e-type=\"container\">\n\t\t\t\t<div class=\"elementor-element elementor-element-fbdd12a elementor-widget elementor-widget-html\" data-id=\"fbdd12a\" data-element_type=\"widget\" data-e-type=\"widget\" data-widget_type=\"html.default\">\n\t\t\t\t<div class=\"elementor-widget-container\">\n\t\t\t\t\t<a href=\"https:\/\/calerodiving.com\/fr\/?page_id=24531#tdi-closed\" class=\"tag-button\">technique<\/a>\n\t\t\t\t<\/div>\n\t\t\t\t<\/div>\n\t\t\t\t<div class=\"elementor-element elementor-element-cadf814 elementor-widget elementor-widget-heading\" data-id=\"cadf814\" data-element_type=\"widget\" data-e-type=\"widget\" data-widget_type=\"heading.default\">\n\t\t\t\t<div class=\"elementor-widget-container\">\n\t\t\t\t\t<h2 class=\"elementor-heading-title elementor-size-default\">CCR Helitrox Diluent Decompression Diver (MOD 1)<\/h2>\t\t\t\t<\/div>\n\t\t\t\t<\/div>\n\t\t\t\t<\/div>\n\t\t\t\t<\/div>\n\t\t\t\t\t<\/div>\n\t\t\t\t<\/div>\n\t\t<div class=\"elementor-element elementor-element-c85d419 e-flex e-con-boxed e-con e-parent\" data-id=\"c85d419\" data-element_type=\"container\" data-e-type=\"container\">\n\t\t\t\t\t<div class=\"e-con-inner\">\n\t\t<div class=\"elementor-element elementor-element-ab0d815 e-con-full e-flex e-con e-child\" data-id=\"ab0d815\" data-element_type=\"container\" data-e-type=\"container\">\n\t\t<div class=\"elementor-element elementor-element-5f9ad07 e-con-full e-flex e-con e-child\" data-id=\"5f9ad07\" data-element_type=\"container\" data-e-type=\"container\">\n\t\t\t\t<div class=\"elementor-element elementor-element-d206504 elementor-widget elementor-widget-heading\" data-id=\"d206504\" data-element_type=\"widget\" data-e-type=\"widget\" data-widget_type=\"heading.default\">\n\t\t\t\t<div class=\"elementor-widget-container\">\n\t\t\t\t\t<h2 class=\"elementor-heading-title elementor-size-default\">Plong\u00e9e avec d\u00e9compression formelle \u00e0 l'Air\/Nitrox\/H\u00e9lium<\/h2>\t\t\t\t<\/div>\n\t\t\t\t<\/div>\n\t\t\t\t<div class=\"elementor-element elementor-element-2072e55 elementor-widget elementor-widget-text-editor\" data-id=\"2072e55\" data-element_type=\"widget\" data-e-type=\"widget\" data-widget_type=\"text-editor.default\">\n\t\t\t\t<div class=\"elementor-widget-container\">\n\t\t\t\t\t\t\t\t\t<div class=\"section-list\"><h3>Aper\u00e7u du programme :<\/h3><p>L&rsquo;objectif du cours TDI Plongeur CCR H\u00e9litrox Diluant avec D\u00e9compression est de former les plongeurs aux avantages, aux risques et aux proc\u00e9dures appropri\u00e9es pour la plong\u00e9e en CCR et de d\u00e9velopper les comp\u00e9tences de base en plong\u00e9e CCR, jusqu&rsquo;\u00e0 une profondeur maximale de 45 m\u00e8tres, en utilisant un diluant Air\/Nitrox\/H\u00e9lium pour la plong\u00e9e avec d\u00e9compression formelle. Vous utiliserez un m\u00e9lange diluant et de secours avec une teneur en H\u00e9lium ne d\u00e9passant pas 35 % et une teneur en Oxyg\u00e8ne d&rsquo;au moins 21 %, et vous \u00eates autoris\u00e9 \u00e0 utiliser jusqu&rsquo;\u00e0 100 % d&rsquo;Oxyg\u00e8ne pour la d\u00e9compression. <\/p><h3>Dur\u00e9e :<\/h3><ul><li>5 jours<\/li><\/ul><h3>Inclus :<\/h3><ul><li>8 plong\u00e9es d&rsquo;entra\u00eenement<\/li><li>Sofnolime<\/li><li>Supports num\u00e9riques<\/li><li>O<sub>2<\/sub><\/li><li>Bouteilles<\/li><li>Certification TDI Plongeur CCR H\u00e9litrox Diluant avec D\u00e9compression<\/li><\/ul><h3>Non inclus :<\/h3><ul><li>Location d&rsquo;\u00e9quipement<\/li><li>Assurance plong\u00e9e<\/li><li>H\u00e9lium<\/li><li>Location d&rsquo;unit\u00e9 CCR<\/li><\/ul><h3>Pr\u00e9requis :<\/h3><ul><li>\u00c2ge minimum 18 ans<\/li><li>Minimum 50 plong\u00e9es enregistr\u00e9es<\/li><li>Avoir la certification TDI Nitrox Avanc\u00e9 et Proc\u00e9dures de D\u00e9compression ou Plongeur H\u00e9litrox ou \u00e9quivalent<\/li><li>Avoir la certification TDI Plongeur Sidemount ou \u00e9quivalent, si utilisation d&rsquo;un recycleur sidemount approuv\u00e9 et fournir la preuve de 10 plong\u00e9es sidemount enregistr\u00e9es<\/li><li>Certificat m\u00e9dical valide de moins d&rsquo;un an (auto-certification non accept\u00e9e)<\/li><\/ul><h3>Autres formations qui pourraient vous int\u00e9resser :<\/h3><ul><li><a href=\"https:\/\/calerodiving.com\/fr\/nitrox-avance\/\">Nitrox avanc\u00e9<\/a> et <a href=\"https:\/\/calerodiving.com\/fr\/procedures-de-decompression\/\">proc\u00e9dures de d\u00e9compression<\/a><\/li><li><a href=\"https:\/\/calerodiving.com\/ccr-air-diluent-diver-mod-1\/\">Plongeur CCR diluant air<\/a><\/li><\/ul><\/div>\t\t\t\t\t\t\t\t<\/div>\n\t\t\t\t<\/div>\n\t\t\t\t<\/div>\n\t\t\t\t<\/div>\n\t\t<div class=\"elementor-element elementor-element-7717410 e-con-full e-flex e-con e-child\" data-id=\"7717410\" data-element_type=\"container\" data-e-type=\"container\">\n\t\t<div class=\"elementor-element elementor-element-260eb6e e-con-full course-sidebar-box e-flex e-con e-child\" data-id=\"260eb6e\" data-element_type=\"container\" data-e-type=\"container\" data-settings=\"{&quot;sticky&quot;:&quot;top&quot;,&quot;sticky_offset&quot;:110,&quot;sticky_effects_offset&quot;:130,&quot;sticky_parent&quot;:&quot;yes&quot;,&quot;sticky_on&quot;:[&quot;desktop&quot;,&quot;tablet&quot;,&quot;mobile&quot;],&quot;sticky_anchor_link_offset&quot;:0}\">\n\t\t\t\t<div class=\"elementor-element elementor-element-3f6266d elementor-widget elementor-widget-text-editor\" data-id=\"3f6266d\" data-element_type=\"widget\" data-e-type=\"widget\" data-widget_type=\"text-editor.default\">\n\t\t\t\t<div class=\"elementor-widget-container\">\n\t\t\t\t\t\t\t\t\t<div class=\"courses-info\"><h6 class=\"no-margin\">Dur\u00e9e :<\/h6><p class=\"no-margin\">Formation de 5 jours<\/p><\/div><div class=\"courses-info\"><h6 class=\"no-margin\">Prix :<\/h6><p class=\"no-margin\">\u00c0 partir de 1 850 \u20ac<\/p><\/div>\t\t\t\t\t\t\t\t<\/div>\n\t\t\t\t<\/div>\n\t\t\t\t<div class=\"elementor-element elementor-element-9331b11 elementor-mobile-align-center elementor-widget elementor-widget-button\" data-id=\"9331b11\" data-element_type=\"widget\" data-e-type=\"widget\" data-widget_type=\"button.default\">\n\t\t\t\t<div class=\"elementor-widget-container\">\n\t\t\t\t\t\t\t\t\t<div class=\"elementor-button-wrapper\">\n\t\t\t\t\t<a class=\"elementor-button elementor-button-link elementor-size-sm\" href=\"https:\/\/app.bukyapp.com\/front\/6213b2319a1bbf005fa0b870\/product\/6888c737496a39fad5003ecf?lang=fr\" target=\"_blank\">\n\t\t\t\t\t\t<span class=\"elementor-button-content-wrapper\">\n\t\t\t\t\t\t\t\t\t<span class=\"elementor-button-text\">acheter la formation<\/span>\n\t\t\t\t\t<\/span>\n\t\t\t\t\t<\/a>\n\t\t\t\t<\/div>\n\t\t\t\t\t\t\t\t<\/div>\n\t\t\t\t<\/div>\n\t\t\t\t<\/div>\n\t\t\t\t<\/div>\n\t\t\t\t\t<\/div>\n\t\t\t\t<\/div>\n\t\t\t\t<\/div>\n\t\t","protected":false},"excerpt":{"rendered":"<p>technique CCR Helitrox Diluent Decompression Diver (MOD 1) Plong\u00e9e avec d\u00e9compression formelle \u00e0 l&rsquo;Air\/Nitrox\/H\u00e9lium Aper\u00e7u du programme : L&rsquo;objectif du cours TDI Plongeur CCR H\u00e9litrox Diluant avec D\u00e9compression est de former les plongeurs aux avantages, aux risques et aux proc\u00e9dures appropri\u00e9es pour la plong\u00e9e en CCR et de d\u00e9velopper les comp\u00e9tences de base en plong\u00e9e [&hellip;]<\/p>\n","protected":false},"author":10,"featured_media":0,"parent":0,"menu_order":0,"comment_status":"closed","ping_status":"closed","template":"","meta":{"_acf_changed":false,"footnotes":""},"class_list":["post-24660","page","type-page","status-publish","hentry"],"acf":[],"yoast_head":"<!-- This site is optimized with the Yoast SEO plugin v27.5 - https:\/\/yoast.com\/product\/yoast-seo-wordpress\/ -->\n<title>CCR Helitrox Diluent Decompression Diver (MOD 1) | Calero Diving Lanzarote<\/title>\n<meta name=\"robots\" content=\"index, follow, max-snippet:-1, max-image-preview:large, max-video-preview:-1\" \/>\n<link rel=\"canonical\" href=\"https:\/\/calerodiving.com\/ccr-helitrox-diluent-decompression-diver-mod-1\/\" \/>\n<meta property=\"og:locale\" content=\"fr_FR\" \/>\n<meta property=\"og:type\" content=\"article\" \/>\n<meta property=\"og:title\" content=\"CCR Helitrox Diluent Decompression Diver (MOD 1) | Calero Diving Lanzarote\" \/>\n<meta property=\"og:description\" content=\"technique CCR Helitrox Diluent Decompression Diver (MOD 1) Plong\u00e9e avec d\u00e9compression formelle \u00e0 l&rsquo;Air\/Nitrox\/H\u00e9lium Aper\u00e7u du programme : L&rsquo;objectif du cours TDI Plongeur CCR H\u00e9litrox Diluant avec D\u00e9compression est de former les plongeurs aux avantages, aux risques et aux proc\u00e9dures appropri\u00e9es pour la plong\u00e9e en CCR et de d\u00e9velopper les comp\u00e9tences de base en plong\u00e9e [&hellip;]\" \/>\n<meta property=\"og:url\" content=\"https:\/\/calerodiving.com\/ccr-helitrox-diluent-decompression-diver-mod-1\/\" \/>\n<meta property=\"og:site_name\" content=\"Calero Diving Lanzarote\" \/>\n<meta property=\"article:publisher\" content=\"https:\/\/www.facebook.com\/calerodiving\/\" \/>\n<meta property=\"article:modified_time\" content=\"2025-09-09T14:59:37+00:00\" \/>\n<meta property=\"og:image\" content=\"https:\/\/calerodiving.com\/wp-content\/uploads\/2025\/08\/CCR-Helitrox-Diluent-Decompression-Diver-MOD-1-Coruse.png\" \/>\n\t<meta property=\"og:image:width\" content=\"700\" \/>\n\t<meta property=\"og:image:height\" content=\"445\" \/>\n\t<meta property=\"og:image:type\" content=\"image\/png\" \/>\n<meta name=\"twitter:card\" content=\"summary_large_image\" \/>\n<meta name=\"twitter:label1\" content=\"Dur\u00e9e de lecture estim\u00e9e\" \/>\n\t<meta name=\"twitter:data1\" content=\"2 minutes\" \/>\n<script type=\"application\/ld+json\" class=\"yoast-schema-graph\">{\"@context\":\"https:\\\/\\\/schema.org\",\"@graph\":[{\"@type\":\"WebPage\",\"@id\":\"https:\\\/\\\/calerodiving.com\\\/ccr-helitrox-diluent-decompression-diver-mod-1\\\/\",\"url\":\"https:\\\/\\\/calerodiving.com\\\/ccr-helitrox-diluent-decompression-diver-mod-1\\\/\",\"name\":\"CCR Helitrox Diluent Decompression Diver (MOD 1) | Calero Diving Lanzarote\",\"isPartOf\":{\"@id\":\"https:\\\/\\\/calerodiving.com\\\/#website\"},\"primaryImageOfPage\":{\"@id\":\"https:\\\/\\\/calerodiving.com\\\/ccr-helitrox-diluent-decompression-diver-mod-1\\\/#primaryimage\"},\"image\":{\"@id\":\"https:\\\/\\\/calerodiving.com\\\/ccr-helitrox-diluent-decompression-diver-mod-1\\\/#primaryimage\"},\"thumbnailUrl\":\"https:\\\/\\\/calerodiving.com\\\/wp-content\\\/uploads\\\/2025\\\/08\\\/CCR-Helitrox-Diluent-Decompression-Diver-MOD-1-Coruse.png\",\"datePublished\":\"2025-08-27T07:50:51+00:00\",\"dateModified\":\"2025-09-09T14:59:37+00:00\",\"breadcrumb\":{\"@id\":\"https:\\\/\\\/calerodiving.com\\\/ccr-helitrox-diluent-decompression-diver-mod-1\\\/#breadcrumb\"},\"inLanguage\":\"fr-FR\",\"potentialAction\":[{\"@type\":\"ReadAction\",\"target\":[\"https:\\\/\\\/calerodiving.com\\\/ccr-helitrox-diluent-decompression-diver-mod-1\\\/\"]}]},{\"@type\":\"ImageObject\",\"inLanguage\":\"fr-FR\",\"@id\":\"https:\\\/\\\/calerodiving.com\\\/ccr-helitrox-diluent-decompression-diver-mod-1\\\/#primaryimage\",\"url\":\"https:\\\/\\\/calerodiving.com\\\/wp-content\\\/uploads\\\/2025\\\/08\\\/CCR-Helitrox-Diluent-Decompression-Diver-MOD-1-Coruse.png\",\"contentUrl\":\"https:\\\/\\\/calerodiving.com\\\/wp-content\\\/uploads\\\/2025\\\/08\\\/CCR-Helitrox-Diluent-Decompression-Diver-MOD-1-Coruse.png\"},{\"@type\":\"BreadcrumbList\",\"@id\":\"https:\\\/\\\/calerodiving.com\\\/ccr-helitrox-diluent-decompression-diver-mod-1\\\/#breadcrumb\",\"itemListElement\":[{\"@type\":\"ListItem\",\"position\":1,\"name\":\"Home\",\"item\":\"https:\\\/\\\/calerodiving.com\\\/es\\\/\"},{\"@type\":\"ListItem\",\"position\":2,\"name\":\"CCR Helitrox Diluent Decompression Diver (MOD 1)\"}]},{\"@type\":\"WebSite\",\"@id\":\"https:\\\/\\\/calerodiving.com\\\/#website\",\"url\":\"https:\\\/\\\/calerodiving.com\\\/\",\"name\":\"Calero Diving Lanzarote\",\"description\":\"Dive Center - Marina Puerto Calero Lanzarote\",\"publisher\":{\"@id\":\"https:\\\/\\\/calerodiving.com\\\/#organization\"},\"alternateName\":\"Calero Diving\",\"potentialAction\":[{\"@type\":\"SearchAction\",\"target\":{\"@type\":\"EntryPoint\",\"urlTemplate\":\"https:\\\/\\\/calerodiving.com\\\/?s={search_term_string}\"},\"query-input\":{\"@type\":\"PropertyValueSpecification\",\"valueRequired\":true,\"valueName\":\"search_term_string\"}}],\"inLanguage\":\"fr-FR\"},{\"@type\":\"Organization\",\"@id\":\"https:\\\/\\\/calerodiving.com\\\/#organization\",\"name\":\"Calero Diving Lanzarote\",\"alternateName\":\"Calero Diving\",\"url\":\"https:\\\/\\\/calerodiving.com\\\/\",\"logo\":{\"@type\":\"ImageObject\",\"inLanguage\":\"fr-FR\",\"@id\":\"https:\\\/\\\/calerodiving.com\\\/#\\\/schema\\\/logo\\\/image\\\/\",\"url\":\"https:\\\/\\\/calerodiving.com\\\/wp-content\\\/uploads\\\/2025\\\/05\\\/Grupo.png\",\"contentUrl\":\"https:\\\/\\\/calerodiving.com\\\/wp-content\\\/uploads\\\/2025\\\/05\\\/Grupo.png\",\"width\":499,\"height\":590,\"caption\":\"Calero Diving Lanzarote\"},\"image\":{\"@id\":\"https:\\\/\\\/calerodiving.com\\\/#\\\/schema\\\/logo\\\/image\\\/\"},\"sameAs\":[\"https:\\\/\\\/www.facebook.com\\\/calerodiving\\\/\",\"https:\\\/\\\/www.instagram.com\\\/calerodiving\\\/\"]}]}<\/script>\n<!-- \/ Yoast SEO plugin. -->","yoast_head_json":{"title":"CCR Helitrox Diluent Decompression Diver (MOD 1) | Calero Diving Lanzarote","robots":{"index":"index","follow":"follow","max-snippet":"max-snippet:-1","max-image-preview":"max-image-preview:large","max-video-preview":"max-video-preview:-1"},"canonical":"https:\/\/calerodiving.com\/ccr-helitrox-diluent-decompression-diver-mod-1\/","og_locale":"fr_FR","og_type":"article","og_title":"CCR Helitrox Diluent Decompression Diver (MOD 1) | Calero Diving Lanzarote","og_description":"technique CCR Helitrox Diluent Decompression Diver (MOD 1) Plong\u00e9e avec d\u00e9compression formelle \u00e0 l&rsquo;Air\/Nitrox\/H\u00e9lium Aper\u00e7u du programme : L&rsquo;objectif du cours TDI Plongeur CCR H\u00e9litrox Diluant avec D\u00e9compression est de former les plongeurs aux avantages, aux risques et aux proc\u00e9dures appropri\u00e9es pour la plong\u00e9e en CCR et de d\u00e9velopper les comp\u00e9tences de base en plong\u00e9e [&hellip;]","og_url":"https:\/\/calerodiving.com\/ccr-helitrox-diluent-decompression-diver-mod-1\/","og_site_name":"Calero Diving Lanzarote","article_publisher":"https:\/\/www.facebook.com\/calerodiving\/","article_modified_time":"2025-09-09T14:59:37+00:00","og_image":[{"width":700,"height":445,"url":"https:\/\/calerodiving.com\/wp-content\/uploads\/2025\/08\/CCR-Helitrox-Diluent-Decompression-Diver-MOD-1-Coruse.png","type":"image\/png"}],"twitter_card":"summary_large_image","twitter_misc":{"Dur\u00e9e de lecture estim\u00e9e":"2 minutes"},"schema":{"@context":"https:\/\/schema.org","@graph":[{"@type":"WebPage","@id":"https:\/\/calerodiving.com\/ccr-helitrox-diluent-decompression-diver-mod-1\/","url":"https:\/\/calerodiving.com\/ccr-helitrox-diluent-decompression-diver-mod-1\/","name":"CCR Helitrox Diluent Decompression Diver (MOD 1) | Calero Diving Lanzarote","isPartOf":{"@id":"https:\/\/calerodiving.com\/#website"},"primaryImageOfPage":{"@id":"https:\/\/calerodiving.com\/ccr-helitrox-diluent-decompression-diver-mod-1\/#primaryimage"},"image":{"@id":"https:\/\/calerodiving.com\/ccr-helitrox-diluent-decompression-diver-mod-1\/#primaryimage"},"thumbnailUrl":"https:\/\/calerodiving.com\/wp-content\/uploads\/2025\/08\/CCR-Helitrox-Diluent-Decompression-Diver-MOD-1-Coruse.png","datePublished":"2025-08-27T07:50:51+00:00","dateModified":"2025-09-09T14:59:37+00:00","breadcrumb":{"@id":"https:\/\/calerodiving.com\/ccr-helitrox-diluent-decompression-diver-mod-1\/#breadcrumb"},"inLanguage":"fr-FR","potentialAction":[{"@type":"ReadAction","target":["https:\/\/calerodiving.com\/ccr-helitrox-diluent-decompression-diver-mod-1\/"]}]},{"@type":"ImageObject","inLanguage":"fr-FR","@id":"https:\/\/calerodiving.com\/ccr-helitrox-diluent-decompression-diver-mod-1\/#primaryimage","url":"https:\/\/calerodiving.com\/wp-content\/uploads\/2025\/08\/CCR-Helitrox-Diluent-Decompression-Diver-MOD-1-Coruse.png","contentUrl":"https:\/\/calerodiving.com\/wp-content\/uploads\/2025\/08\/CCR-Helitrox-Diluent-Decompression-Diver-MOD-1-Coruse.png"},{"@type":"BreadcrumbList","@id":"https:\/\/calerodiving.com\/ccr-helitrox-diluent-decompression-diver-mod-1\/#breadcrumb","itemListElement":[{"@type":"ListItem","position":1,"name":"Home","item":"https:\/\/calerodiving.com\/es\/"},{"@type":"ListItem","position":2,"name":"CCR Helitrox Diluent Decompression Diver (MOD 1)"}]},{"@type":"WebSite","@id":"https:\/\/calerodiving.com\/#website","url":"https:\/\/calerodiving.com\/","name":"Calero Diving Lanzarote","description":"Dive Center - Marina Puerto Calero Lanzarote","publisher":{"@id":"https:\/\/calerodiving.com\/#organization"},"alternateName":"Calero Diving","potentialAction":[{"@type":"SearchAction","target":{"@type":"EntryPoint","urlTemplate":"https:\/\/calerodiving.com\/?s={search_term_string}"},"query-input":{"@type":"PropertyValueSpecification","valueRequired":true,"valueName":"search_term_string"}}],"inLanguage":"fr-FR"},{"@type":"Organization","@id":"https:\/\/calerodiving.com\/#organization","name":"Calero Diving Lanzarote","alternateName":"Calero Diving","url":"https:\/\/calerodiving.com\/","logo":{"@type":"ImageObject","inLanguage":"fr-FR","@id":"https:\/\/calerodiving.com\/#\/schema\/logo\/image\/","url":"https:\/\/calerodiving.com\/wp-content\/uploads\/2025\/05\/Grupo.png","contentUrl":"https:\/\/calerodiving.com\/wp-content\/uploads\/2025\/05\/Grupo.png","width":499,"height":590,"caption":"Calero Diving Lanzarote"},"image":{"@id":"https:\/\/calerodiving.com\/#\/schema\/logo\/image\/"},"sameAs":["https:\/\/www.facebook.com\/calerodiving\/","https:\/\/www.instagram.com\/calerodiving\/"]}]}},"_links":{"self":[{"href":"https:\/\/calerodiving.com\/fr\/wp-json\/wp\/v2\/pages\/24660","targetHints":{"allow":["GET"]}}],"collection":[{"href":"https:\/\/calerodiving.com\/fr\/wp-json\/wp\/v2\/pages"}],"about":[{"href":"https:\/\/calerodiving.com\/fr\/wp-json\/wp\/v2\/types\/page"}],"author":[{"embeddable":true,"href":"https:\/\/calerodiving.com\/fr\/wp-json\/wp\/v2\/users\/10"}],"replies":[{"embeddable":true,"href":"https:\/\/calerodiving.com\/fr\/wp-json\/wp\/v2\/comments?post=24660"}],"version-history":[{"count":5,"href":"https:\/\/calerodiving.com\/fr\/wp-json\/wp\/v2\/pages\/24660\/revisions"}],"predecessor-version":[{"id":25971,"href":"https:\/\/calerodiving.com\/fr\/wp-json\/wp\/v2\/pages\/24660\/revisions\/25971"}],"wp:attachment":[{"href":"https:\/\/calerodiving.com\/fr\/wp-json\/wp\/v2\/media?parent=24660"}],"curies":[{"name":"wp","href":"https:\/\/api.w.org\/{rel}","templated":true}]}}