{"id":24652,"date":"2025-08-27T08:50:48","date_gmt":"2025-08-27T07:50:48","guid":{"rendered":"https:\/\/calerodiving.com\/plongeur-ccr-aux-melanges-gazeux-mod-2\/"},"modified":"2025-09-09T16:01:05","modified_gmt":"2025-09-09T15:01:05","slug":"mixed-gas-ccr-diver-mod-2","status":"publish","type":"page","link":"https:\/\/calerodiving.com\/fr\/mixed-gas-ccr-diver-mod-2\/","title":{"rendered":"Mixed Gas CCR Diver (MOD 2)"},"content":{"rendered":"\t\t<div data-elementor-type=\"wp-page\" data-elementor-id=\"24652\" class=\"elementor elementor-24652 elementor-21280\" data-elementor-post-type=\"page\">\n\t\t\t\t<div class=\"elementor-element elementor-element-66c5954 e-flex e-con-boxed e-con e-parent\" data-id=\"66c5954\" data-element_type=\"container\" data-e-type=\"container\">\n\t\t\t\t\t<div class=\"e-con-inner\">\n\t\t<div class=\"elementor-element elementor-element-e0a4eaf e-con-full e-flex e-con e-child\" data-id=\"e0a4eaf\" data-element_type=\"container\" data-e-type=\"container\">\n\t\t\t\t<div class=\"elementor-element elementor-element-60858bc elementor-widget elementor-widget-image\" data-id=\"60858bc\" data-element_type=\"widget\" data-e-type=\"widget\" data-widget_type=\"image.default\">\n\t\t\t\t<div class=\"elementor-widget-container\">\n\t\t\t\t\t\t\t\t\t\t\t\t\t\t\t<img fetchpriority=\"high\" decoding=\"async\" width=\"700\" height=\"445\" src=\"https:\/\/calerodiving.com\/wp-content\/uploads\/2025\/08\/Mixed-Gas-CCR-Diver-MOD-2-Course-.png\" class=\"attachment-large size-large wp-image-22502\" alt=\"\" srcset=\"https:\/\/calerodiving.com\/wp-content\/uploads\/2025\/08\/Mixed-Gas-CCR-Diver-MOD-2-Course-.png 700w, https:\/\/calerodiving.com\/wp-content\/uploads\/2025\/08\/Mixed-Gas-CCR-Diver-MOD-2-Course--300x191.png 300w\" sizes=\"(max-width: 700px) 100vw, 700px\" \/>\t\t\t\t\t\t\t\t\t\t\t\t\t\t\t<\/div>\n\t\t\t\t<\/div>\n\t\t\t\t<\/div>\n\t\t<div class=\"elementor-element elementor-element-e69d36c e-con-full e-flex e-con e-child\" data-id=\"e69d36c\" data-element_type=\"container\" data-e-type=\"container\">\n\t\t<div class=\"elementor-element elementor-element-1cfcf53 e-con-full e-flex e-con e-child\" data-id=\"1cfcf53\" data-element_type=\"container\" data-e-type=\"container\">\n\t\t\t\t<div class=\"elementor-element elementor-element-37fceb9 elementor-widget elementor-widget-html\" data-id=\"37fceb9\" data-element_type=\"widget\" data-e-type=\"widget\" data-widget_type=\"html.default\">\n\t\t\t\t<div class=\"elementor-widget-container\">\n\t\t\t\t\t<a href=\"https:\/\/calerodiving.com\/fr\/?page_id=24531#tdi-closed\" class=\"tag-button\">technique<\/a>\n\t\t\t\t<\/div>\n\t\t\t\t<\/div>\n\t\t\t\t<div class=\"elementor-element elementor-element-55db7a2 elementor-widget elementor-widget-heading\" data-id=\"55db7a2\" data-element_type=\"widget\" data-e-type=\"widget\" data-widget_type=\"heading.default\">\n\t\t\t\t<div class=\"elementor-widget-container\">\n\t\t\t\t\t<h2 class=\"elementor-heading-title elementor-size-default\">Mixed Gas CCR Diver (MOD 2)<\/h2>\t\t\t\t<\/div>\n\t\t\t\t<\/div>\n\t\t\t\t<\/div>\n\t\t\t\t<\/div>\n\t\t\t\t\t<\/div>\n\t\t\t\t<\/div>\n\t\t<div class=\"elementor-element elementor-element-4c4a7de e-flex e-con-boxed e-con e-parent\" data-id=\"4c4a7de\" data-element_type=\"container\" data-e-type=\"container\">\n\t\t\t\t\t<div class=\"e-con-inner\">\n\t\t<div class=\"elementor-element elementor-element-0f31d55 e-con-full e-flex e-con e-child\" data-id=\"0f31d55\" data-element_type=\"container\" data-e-type=\"container\">\n\t\t<div class=\"elementor-element elementor-element-215c52c e-con-full e-flex e-con e-child\" data-id=\"215c52c\" data-element_type=\"container\" data-e-type=\"container\">\n\t\t\t\t<div class=\"elementor-element elementor-element-9059177 elementor-widget elementor-widget-heading\" data-id=\"9059177\" data-element_type=\"widget\" data-e-type=\"widget\" data-widget_type=\"heading.default\">\n\t\t\t\t<div class=\"elementor-widget-container\">\n\t\t\t\t\t<h2 class=\"elementor-heading-title elementor-size-default\">Explorez un peu plus profond...<\/h2>\t\t\t\t<\/div>\n\t\t\t\t<\/div>\n\t\t\t\t<div class=\"elementor-element elementor-element-9142244 elementor-widget elementor-widget-text-editor\" data-id=\"9142244\" data-element_type=\"widget\" data-e-type=\"widget\" data-widget_type=\"text-editor.default\">\n\t\t\t\t<div class=\"elementor-widget-container\">\n\t\t\t\t\t\t\t\t\t<div class=\"section-list\"><h3>Aper\u00e7u du programme :<\/h3><p>En tant que plongeur TDI CCR avec d\u00e9compression \u00e0 l&rsquo;air comme diluant ou avec d\u00e9compression \u00e0 l&rsquo;H\u00e9litrox, le cours TDI de plong\u00e9e CCR aux m\u00e9langes gazeux est votre prochaine \u00e9tape dans la plong\u00e9e en recycleur \u00e0 circuit ferm\u00e9 et votre opportunit\u00e9 d&rsquo;explorer plus profond\u00e9ment. Utilisant les derni\u00e8res technologies, les CCR maximisent votre r\u00e9serve de gaz et fournissent le m\u00e9lange respiratoire optimal pour toute profondeur en maintenant une pression partielle constante d&rsquo;oxyg\u00e8ne (PPO<sub>2<\/sub>). Pendant les plong\u00e9es, vous apprendrez toutes les comp\u00e9tences n\u00e9cessaires pour effectuer des plong\u00e9es en CCR en utilisant l&rsquo;h\u00e9lium comme gaz diluant et des niveaux d&rsquo;oxyg\u00e8ne aussi bas que 16 pour cent jusqu&rsquo;\u00e0 une profondeur maximale de 60 m\u00e8tres.  <\/p><h3>Dur\u00e9e :<\/h3><ul><li>5 jours<\/li><\/ul><h3>Inclus :<\/h3><ul><li>6 plong\u00e9es d&rsquo;entra\u00eenement<\/li><li>Sofnolime<\/li><li>Supports num\u00e9riques<\/li><li>O<sub>2<\/sub><\/li><li>Bouteilles<\/li><li>Certification TDI Plongeur CCR aux m\u00e9langes gazeux<\/li><\/ul><h3>Non inclus :<\/h3><ul><li>Location d&rsquo;\u00e9quipement<\/li><li>Assurance plong\u00e9e<\/li><li>Location d&rsquo;unit\u00e9 CCR<\/li><li>Suppl\u00e9ment h\u00e9lium<\/li><\/ul><h3>Pr\u00e9requis :<\/h3><ul><li>\u00c2ge minimum 18 ans<\/li><li>Minimum 50 heures de plong\u00e9e en recycleur r\u00e9parties sur 50 plong\u00e9es sur l&rsquo;unit\u00e9 sp\u00e9cifique. Si 50 heures sur une autre unit\u00e9 reconnue, alors seulement 25 heures sont requises sur l&rsquo;unit\u00e9 sp\u00e9cifique <\/li><li>Avoir la certification de Plongeur TDI CCR avec d\u00e9compression \u00e0 l&rsquo;air comme diluant\/Plongeur CCR avec d\u00e9compression \u00e0 l&rsquo;H\u00e9litrox ou \u00e9quivalent<\/li><\/ul><h3>Autres formations qui pourraient vous int\u00e9resser :<\/h3><ul><li><a href=\"https:\/\/calerodiving.com\/ccr-air-diluent-diver-mod-1\/\">Plongeur CCR Air Diluent (MOD 1)<\/a><\/li><li><a href=\"https:\/\/calerodiving.com\/ccr-helitrox-diluent-decompression-diver-mod-1\/\">Plongeur CCR avec d\u00e9compression \u00e0 l&rsquo;H\u00e9litrox (MOD 1)<\/a><\/li><li><a href=\"https:\/\/calerodiving.com\/fr\/plongeur-ccr-gaz-mixtes-avance-mod-3\/\">Plongeur CCR aux m\u00e9langes gazeux avanc\u00e9 (MOD 3)<\/a><\/li><\/ul><\/div>\t\t\t\t\t\t\t\t<\/div>\n\t\t\t\t<\/div>\n\t\t\t\t<\/div>\n\t\t\t\t<\/div>\n\t\t<div class=\"elementor-element elementor-element-6d82ecd e-con-full e-flex e-con e-child\" data-id=\"6d82ecd\" data-element_type=\"container\" data-e-type=\"container\">\n\t\t<div class=\"elementor-element elementor-element-19c6b5c e-con-full course-sidebar-box e-flex e-con e-child\" data-id=\"19c6b5c\" data-element_type=\"container\" data-e-type=\"container\" data-settings=\"{&quot;sticky&quot;:&quot;top&quot;,&quot;sticky_offset&quot;:110,&quot;sticky_effects_offset&quot;:130,&quot;sticky_parent&quot;:&quot;yes&quot;,&quot;sticky_on&quot;:[&quot;desktop&quot;,&quot;tablet&quot;,&quot;mobile&quot;],&quot;sticky_anchor_link_offset&quot;:0}\">\n\t\t\t\t<div class=\"elementor-element elementor-element-6ee1643 elementor-widget elementor-widget-text-editor\" data-id=\"6ee1643\" data-element_type=\"widget\" data-e-type=\"widget\" data-widget_type=\"text-editor.default\">\n\t\t\t\t<div class=\"elementor-widget-container\">\n\t\t\t\t\t\t\t\t\t<div class=\"courses-info\"><h6 class=\"no-margin\">Dur\u00e9e :<\/h6><p class=\"no-margin\">Formation de 5 jours<\/p><\/div><div class=\"courses-info\"><h6 class=\"no-margin\">Prix :<\/h6><p class=\"no-margin\">\u00c0 partir de 2 250 \u20ac<\/p><\/div>\t\t\t\t\t\t\t\t<\/div>\n\t\t\t\t<\/div>\n\t\t\t\t<div class=\"elementor-element elementor-element-fbc45f1 elementor-mobile-align-center elementor-widget elementor-widget-button\" data-id=\"fbc45f1\" data-element_type=\"widget\" data-e-type=\"widget\" data-widget_type=\"button.default\">\n\t\t\t\t<div class=\"elementor-widget-container\">\n\t\t\t\t\t\t\t\t\t<div class=\"elementor-button-wrapper\">\n\t\t\t\t\t<a class=\"elementor-button elementor-button-link elementor-size-sm\" href=\"https:\/\/app.bukyapp.com\/front\/6213b2319a1bbf005fa0b870\/product\/6888c787f2d9b20bc71a0da8?lang=fr\" target=\"_blank\">\n\t\t\t\t\t\t<span class=\"elementor-button-content-wrapper\">\n\t\t\t\t\t\t\t\t\t<span class=\"elementor-button-text\">acheter la formation<\/span>\n\t\t\t\t\t<\/span>\n\t\t\t\t\t<\/a>\n\t\t\t\t<\/div>\n\t\t\t\t\t\t\t\t<\/div>\n\t\t\t\t<\/div>\n\t\t\t\t<\/div>\n\t\t\t\t<\/div>\n\t\t\t\t\t<\/div>\n\t\t\t\t<\/div>\n\t\t\t\t<\/div>\n\t\t","protected":false},"excerpt":{"rendered":"<p>technique Mixed Gas CCR Diver (MOD 2) Explorez un peu plus profond&#8230; Aper\u00e7u du programme : En tant que plongeur TDI CCR avec d\u00e9compression \u00e0 l&rsquo;air comme diluant ou avec d\u00e9compression \u00e0 l&rsquo;H\u00e9litrox, le cours TDI de plong\u00e9e CCR aux m\u00e9langes gazeux est votre prochaine \u00e9tape dans la plong\u00e9e en recycleur \u00e0 circuit ferm\u00e9 et [&hellip;]<\/p>\n","protected":false},"author":10,"featured_media":0,"parent":0,"menu_order":0,"comment_status":"closed","ping_status":"closed","template":"","meta":{"_acf_changed":false,"footnotes":""},"class_list":["post-24652","page","type-page","status-publish","hentry"],"acf":[],"yoast_head":"<!-- This site is optimized with the Yoast SEO plugin v27.5 - https:\/\/yoast.com\/product\/yoast-seo-wordpress\/ -->\n<title>Mixed Gas CCR Diver (MOD 2) | Calero Diving Lanzarote<\/title>\n<meta name=\"robots\" content=\"index, follow, max-snippet:-1, max-image-preview:large, max-video-preview:-1\" \/>\n<link rel=\"canonical\" href=\"https:\/\/calerodiving.com\/mixed-gas-ccr-diver-mod-2\/\" \/>\n<meta property=\"og:locale\" content=\"fr_FR\" \/>\n<meta property=\"og:type\" content=\"article\" \/>\n<meta property=\"og:title\" content=\"Mixed Gas CCR Diver (MOD 2) | Calero Diving Lanzarote\" \/>\n<meta property=\"og:description\" content=\"technique Mixed Gas CCR Diver (MOD 2) Explorez un peu plus profond&#8230; Aper\u00e7u du programme : En tant que plongeur TDI CCR avec d\u00e9compression \u00e0 l&rsquo;air comme diluant ou avec d\u00e9compression \u00e0 l&rsquo;H\u00e9litrox, le cours TDI de plong\u00e9e CCR aux m\u00e9langes gazeux est votre prochaine \u00e9tape dans la plong\u00e9e en recycleur \u00e0 circuit ferm\u00e9 et [&hellip;]\" \/>\n<meta property=\"og:url\" content=\"https:\/\/calerodiving.com\/mixed-gas-ccr-diver-mod-2\/\" \/>\n<meta property=\"og:site_name\" content=\"Calero Diving Lanzarote\" \/>\n<meta property=\"article:publisher\" content=\"https:\/\/www.facebook.com\/calerodiving\/\" \/>\n<meta property=\"article:modified_time\" content=\"2025-09-09T15:01:05+00:00\" \/>\n<meta property=\"og:image\" content=\"https:\/\/calerodiving.com\/wp-content\/uploads\/2025\/08\/Mixed-Gas-CCR-Diver-MOD-2-Course-.png\" \/>\n\t<meta property=\"og:image:width\" content=\"700\" \/>\n\t<meta property=\"og:image:height\" content=\"445\" \/>\n\t<meta property=\"og:image:type\" content=\"image\/png\" \/>\n<meta name=\"twitter:card\" content=\"summary_large_image\" \/>\n<meta name=\"twitter:label1\" content=\"Dur\u00e9e de lecture estim\u00e9e\" \/>\n\t<meta name=\"twitter:data1\" content=\"2 minutes\" \/>\n<script type=\"application\/ld+json\" class=\"yoast-schema-graph\">{\"@context\":\"https:\\\/\\\/schema.org\",\"@graph\":[{\"@type\":\"WebPage\",\"@id\":\"https:\\\/\\\/calerodiving.com\\\/mixed-gas-ccr-diver-mod-2\\\/\",\"url\":\"https:\\\/\\\/calerodiving.com\\\/mixed-gas-ccr-diver-mod-2\\\/\",\"name\":\"Mixed Gas CCR Diver (MOD 2) | Calero Diving Lanzarote\",\"isPartOf\":{\"@id\":\"https:\\\/\\\/calerodiving.com\\\/#website\"},\"primaryImageOfPage\":{\"@id\":\"https:\\\/\\\/calerodiving.com\\\/mixed-gas-ccr-diver-mod-2\\\/#primaryimage\"},\"image\":{\"@id\":\"https:\\\/\\\/calerodiving.com\\\/mixed-gas-ccr-diver-mod-2\\\/#primaryimage\"},\"thumbnailUrl\":\"https:\\\/\\\/calerodiving.com\\\/wp-content\\\/uploads\\\/2025\\\/08\\\/Mixed-Gas-CCR-Diver-MOD-2-Course-.png\",\"datePublished\":\"2025-08-27T07:50:48+00:00\",\"dateModified\":\"2025-09-09T15:01:05+00:00\",\"breadcrumb\":{\"@id\":\"https:\\\/\\\/calerodiving.com\\\/mixed-gas-ccr-diver-mod-2\\\/#breadcrumb\"},\"inLanguage\":\"fr-FR\",\"potentialAction\":[{\"@type\":\"ReadAction\",\"target\":[\"https:\\\/\\\/calerodiving.com\\\/mixed-gas-ccr-diver-mod-2\\\/\"]}]},{\"@type\":\"ImageObject\",\"inLanguage\":\"fr-FR\",\"@id\":\"https:\\\/\\\/calerodiving.com\\\/mixed-gas-ccr-diver-mod-2\\\/#primaryimage\",\"url\":\"https:\\\/\\\/calerodiving.com\\\/wp-content\\\/uploads\\\/2025\\\/08\\\/Mixed-Gas-CCR-Diver-MOD-2-Course-.png\",\"contentUrl\":\"https:\\\/\\\/calerodiving.com\\\/wp-content\\\/uploads\\\/2025\\\/08\\\/Mixed-Gas-CCR-Diver-MOD-2-Course-.png\"},{\"@type\":\"BreadcrumbList\",\"@id\":\"https:\\\/\\\/calerodiving.com\\\/mixed-gas-ccr-diver-mod-2\\\/#breadcrumb\",\"itemListElement\":[{\"@type\":\"ListItem\",\"position\":1,\"name\":\"Home\",\"item\":\"https:\\\/\\\/calerodiving.com\\\/es\\\/\"},{\"@type\":\"ListItem\",\"position\":2,\"name\":\"Mixed Gas CCR Diver (MOD 2)\"}]},{\"@type\":\"WebSite\",\"@id\":\"https:\\\/\\\/calerodiving.com\\\/#website\",\"url\":\"https:\\\/\\\/calerodiving.com\\\/\",\"name\":\"Calero Diving Lanzarote\",\"description\":\"Dive Center - Marina Puerto Calero Lanzarote\",\"publisher\":{\"@id\":\"https:\\\/\\\/calerodiving.com\\\/#organization\"},\"alternateName\":\"Calero Diving\",\"potentialAction\":[{\"@type\":\"SearchAction\",\"target\":{\"@type\":\"EntryPoint\",\"urlTemplate\":\"https:\\\/\\\/calerodiving.com\\\/?s={search_term_string}\"},\"query-input\":{\"@type\":\"PropertyValueSpecification\",\"valueRequired\":true,\"valueName\":\"search_term_string\"}}],\"inLanguage\":\"fr-FR\"},{\"@type\":\"Organization\",\"@id\":\"https:\\\/\\\/calerodiving.com\\\/#organization\",\"name\":\"Calero Diving Lanzarote\",\"alternateName\":\"Calero Diving\",\"url\":\"https:\\\/\\\/calerodiving.com\\\/\",\"logo\":{\"@type\":\"ImageObject\",\"inLanguage\":\"fr-FR\",\"@id\":\"https:\\\/\\\/calerodiving.com\\\/#\\\/schema\\\/logo\\\/image\\\/\",\"url\":\"https:\\\/\\\/calerodiving.com\\\/wp-content\\\/uploads\\\/2025\\\/05\\\/Grupo.png\",\"contentUrl\":\"https:\\\/\\\/calerodiving.com\\\/wp-content\\\/uploads\\\/2025\\\/05\\\/Grupo.png\",\"width\":499,\"height\":590,\"caption\":\"Calero Diving Lanzarote\"},\"image\":{\"@id\":\"https:\\\/\\\/calerodiving.com\\\/#\\\/schema\\\/logo\\\/image\\\/\"},\"sameAs\":[\"https:\\\/\\\/www.facebook.com\\\/calerodiving\\\/\",\"https:\\\/\\\/www.instagram.com\\\/calerodiving\\\/\"]}]}<\/script>\n<!-- \/ Yoast SEO plugin. -->","yoast_head_json":{"title":"Mixed Gas CCR Diver (MOD 2) | Calero Diving Lanzarote","robots":{"index":"index","follow":"follow","max-snippet":"max-snippet:-1","max-image-preview":"max-image-preview:large","max-video-preview":"max-video-preview:-1"},"canonical":"https:\/\/calerodiving.com\/mixed-gas-ccr-diver-mod-2\/","og_locale":"fr_FR","og_type":"article","og_title":"Mixed Gas CCR Diver (MOD 2) | Calero Diving Lanzarote","og_description":"technique Mixed Gas CCR Diver (MOD 2) Explorez un peu plus profond&#8230; Aper\u00e7u du programme : En tant que plongeur TDI CCR avec d\u00e9compression \u00e0 l&rsquo;air comme diluant ou avec d\u00e9compression \u00e0 l&rsquo;H\u00e9litrox, le cours TDI de plong\u00e9e CCR aux m\u00e9langes gazeux est votre prochaine \u00e9tape dans la plong\u00e9e en recycleur \u00e0 circuit ferm\u00e9 et [&hellip;]","og_url":"https:\/\/calerodiving.com\/mixed-gas-ccr-diver-mod-2\/","og_site_name":"Calero Diving Lanzarote","article_publisher":"https:\/\/www.facebook.com\/calerodiving\/","article_modified_time":"2025-09-09T15:01:05+00:00","og_image":[{"width":700,"height":445,"url":"https:\/\/calerodiving.com\/wp-content\/uploads\/2025\/08\/Mixed-Gas-CCR-Diver-MOD-2-Course-.png","type":"image\/png"}],"twitter_card":"summary_large_image","twitter_misc":{"Dur\u00e9e de lecture estim\u00e9e":"2 minutes"},"schema":{"@context":"https:\/\/schema.org","@graph":[{"@type":"WebPage","@id":"https:\/\/calerodiving.com\/mixed-gas-ccr-diver-mod-2\/","url":"https:\/\/calerodiving.com\/mixed-gas-ccr-diver-mod-2\/","name":"Mixed Gas CCR Diver (MOD 2) | Calero Diving Lanzarote","isPartOf":{"@id":"https:\/\/calerodiving.com\/#website"},"primaryImageOfPage":{"@id":"https:\/\/calerodiving.com\/mixed-gas-ccr-diver-mod-2\/#primaryimage"},"image":{"@id":"https:\/\/calerodiving.com\/mixed-gas-ccr-diver-mod-2\/#primaryimage"},"thumbnailUrl":"https:\/\/calerodiving.com\/wp-content\/uploads\/2025\/08\/Mixed-Gas-CCR-Diver-MOD-2-Course-.png","datePublished":"2025-08-27T07:50:48+00:00","dateModified":"2025-09-09T15:01:05+00:00","breadcrumb":{"@id":"https:\/\/calerodiving.com\/mixed-gas-ccr-diver-mod-2\/#breadcrumb"},"inLanguage":"fr-FR","potentialAction":[{"@type":"ReadAction","target":["https:\/\/calerodiving.com\/mixed-gas-ccr-diver-mod-2\/"]}]},{"@type":"ImageObject","inLanguage":"fr-FR","@id":"https:\/\/calerodiving.com\/mixed-gas-ccr-diver-mod-2\/#primaryimage","url":"https:\/\/calerodiving.com\/wp-content\/uploads\/2025\/08\/Mixed-Gas-CCR-Diver-MOD-2-Course-.png","contentUrl":"https:\/\/calerodiving.com\/wp-content\/uploads\/2025\/08\/Mixed-Gas-CCR-Diver-MOD-2-Course-.png"},{"@type":"BreadcrumbList","@id":"https:\/\/calerodiving.com\/mixed-gas-ccr-diver-mod-2\/#breadcrumb","itemListElement":[{"@type":"ListItem","position":1,"name":"Home","item":"https:\/\/calerodiving.com\/es\/"},{"@type":"ListItem","position":2,"name":"Mixed Gas CCR Diver (MOD 2)"}]},{"@type":"WebSite","@id":"https:\/\/calerodiving.com\/#website","url":"https:\/\/calerodiving.com\/","name":"Calero Diving Lanzarote","description":"Dive Center - Marina Puerto Calero Lanzarote","publisher":{"@id":"https:\/\/calerodiving.com\/#organization"},"alternateName":"Calero Diving","potentialAction":[{"@type":"SearchAction","target":{"@type":"EntryPoint","urlTemplate":"https:\/\/calerodiving.com\/?s={search_term_string}"},"query-input":{"@type":"PropertyValueSpecification","valueRequired":true,"valueName":"search_term_string"}}],"inLanguage":"fr-FR"},{"@type":"Organization","@id":"https:\/\/calerodiving.com\/#organization","name":"Calero Diving Lanzarote","alternateName":"Calero Diving","url":"https:\/\/calerodiving.com\/","logo":{"@type":"ImageObject","inLanguage":"fr-FR","@id":"https:\/\/calerodiving.com\/#\/schema\/logo\/image\/","url":"https:\/\/calerodiving.com\/wp-content\/uploads\/2025\/05\/Grupo.png","contentUrl":"https:\/\/calerodiving.com\/wp-content\/uploads\/2025\/05\/Grupo.png","width":499,"height":590,"caption":"Calero Diving Lanzarote"},"image":{"@id":"https:\/\/calerodiving.com\/#\/schema\/logo\/image\/"},"sameAs":["https:\/\/www.facebook.com\/calerodiving\/","https:\/\/www.instagram.com\/calerodiving\/"]}]}},"_links":{"self":[{"href":"https:\/\/calerodiving.com\/fr\/wp-json\/wp\/v2\/pages\/24652","targetHints":{"allow":["GET"]}}],"collection":[{"href":"https:\/\/calerodiving.com\/fr\/wp-json\/wp\/v2\/pages"}],"about":[{"href":"https:\/\/calerodiving.com\/fr\/wp-json\/wp\/v2\/types\/page"}],"author":[{"embeddable":true,"href":"https:\/\/calerodiving.com\/fr\/wp-json\/wp\/v2\/users\/10"}],"replies":[{"embeddable":true,"href":"https:\/\/calerodiving.com\/fr\/wp-json\/wp\/v2\/comments?post=24652"}],"version-history":[{"count":5,"href":"https:\/\/calerodiving.com\/fr\/wp-json\/wp\/v2\/pages\/24652\/revisions"}],"predecessor-version":[{"id":25975,"href":"https:\/\/calerodiving.com\/fr\/wp-json\/wp\/v2\/pages\/24652\/revisions\/25975"}],"wp:attachment":[{"href":"https:\/\/calerodiving.com\/fr\/wp-json\/wp\/v2\/media?parent=24652"}],"curies":[{"name":"wp","href":"https:\/\/api.w.org\/{rel}","templated":true}]}}