{"id":24623,"date":"2025-08-27T08:50:03","date_gmt":"2025-08-27T07:50:03","guid":{"rendered":"https:\/\/calerodiving.com\/introduction-a-la-plongee-technique\/"},"modified":"2025-09-09T14:39:07","modified_gmt":"2025-09-09T13:39:07","slug":"intro-to-tech","status":"publish","type":"page","link":"https:\/\/calerodiving.com\/fr\/intro-to-tech\/","title":{"rendered":"Intro to Tech"},"content":{"rendered":"\t\t<div data-elementor-type=\"wp-page\" data-elementor-id=\"24623\" class=\"elementor elementor-24623 elementor-21163\" data-elementor-post-type=\"page\">\n\t\t\t\t<div class=\"elementor-element elementor-element-a50609e e-flex e-con-boxed e-con e-parent\" data-id=\"a50609e\" data-element_type=\"container\" data-e-type=\"container\">\n\t\t\t\t\t<div class=\"e-con-inner\">\n\t\t<div class=\"elementor-element elementor-element-209aedf e-con-full e-flex e-con e-child\" data-id=\"209aedf\" data-element_type=\"container\" data-e-type=\"container\">\n\t\t\t\t<div class=\"elementor-element elementor-element-5e9211b elementor-widget elementor-widget-image\" data-id=\"5e9211b\" data-element_type=\"widget\" data-e-type=\"widget\" data-widget_type=\"image.default\">\n\t\t\t\t<div class=\"elementor-widget-container\">\n\t\t\t\t\t\t\t\t\t\t\t\t\t\t\t<img fetchpriority=\"high\" decoding=\"async\" width=\"700\" height=\"445\" src=\"https:\/\/calerodiving.com\/wp-content\/uploads\/2025\/07\/TDI-Intro-to-Tech-Course-.png\" class=\"attachment-large size-large wp-image-20973\" alt=\"\" srcset=\"https:\/\/calerodiving.com\/wp-content\/uploads\/2025\/07\/TDI-Intro-to-Tech-Course-.png 700w, https:\/\/calerodiving.com\/wp-content\/uploads\/2025\/07\/TDI-Intro-to-Tech-Course--300x191.png 300w\" sizes=\"(max-width: 700px) 100vw, 700px\" \/>\t\t\t\t\t\t\t\t\t\t\t\t\t\t\t<\/div>\n\t\t\t\t<\/div>\n\t\t\t\t<\/div>\n\t\t<div class=\"elementor-element elementor-element-f65eed1 e-con-full e-flex e-con e-child\" data-id=\"f65eed1\" data-element_type=\"container\" data-e-type=\"container\">\n\t\t<div class=\"elementor-element elementor-element-3d11d32 e-con-full e-flex e-con e-child\" data-id=\"3d11d32\" data-element_type=\"container\" data-e-type=\"container\">\n\t\t\t\t<div class=\"elementor-element elementor-element-145039e elementor-widget elementor-widget-html\" data-id=\"145039e\" data-element_type=\"widget\" data-e-type=\"widget\" data-widget_type=\"html.default\">\n\t\t\t\t<div class=\"elementor-widget-container\">\n\t\t\t\t\t<a href=\"https:\/\/calerodiving.com\/fr\/?page_id=24515#tdi-open\" class=\"tag-button\">technique<\/a>\n\t\t\t\t<\/div>\n\t\t\t\t<\/div>\n\t\t\t\t<div class=\"elementor-element elementor-element-7f5d698 elementor-widget elementor-widget-heading\" data-id=\"7f5d698\" data-element_type=\"widget\" data-e-type=\"widget\" data-widget_type=\"heading.default\">\n\t\t\t\t<div class=\"elementor-widget-container\">\n\t\t\t\t\t<h2 class=\"elementor-heading-title elementor-size-default\">Intro to Tech\n<\/h2>\t\t\t\t<\/div>\n\t\t\t\t<\/div>\n\t\t\t\t<\/div>\n\t\t\t\t<\/div>\n\t\t\t\t\t<\/div>\n\t\t\t\t<\/div>\n\t\t<div class=\"elementor-element elementor-element-04d70ae e-flex e-con-boxed e-con e-parent\" data-id=\"04d70ae\" data-element_type=\"container\" data-e-type=\"container\">\n\t\t\t\t\t<div class=\"e-con-inner\">\n\t\t<div class=\"elementor-element elementor-element-267cfe5 e-con-full e-flex e-con e-child\" data-id=\"267cfe5\" data-element_type=\"container\" data-e-type=\"container\">\n\t\t<div class=\"elementor-element elementor-element-f99fabb e-con-full e-flex e-con e-child\" data-id=\"f99fabb\" data-element_type=\"container\" data-e-type=\"container\">\n\t\t\t\t<div class=\"elementor-element elementor-element-5cc8f70 elementor-widget elementor-widget-heading\" data-id=\"5cc8f70\" data-element_type=\"widget\" data-e-type=\"widget\" data-widget_type=\"heading.default\">\n\t\t\t\t<div class=\"elementor-widget-container\">\n\t\t\t\t\t<h2 class=\"elementor-heading-title elementor-size-default\">Votre introduction \u00e0 la plong\u00e9e technique<\/h2>\t\t\t\t<\/div>\n\t\t\t\t<\/div>\n\t\t\t\t<div class=\"elementor-element elementor-element-fd8cd0b elementor-widget elementor-widget-text-editor\" data-id=\"fd8cd0b\" data-element_type=\"widget\" data-e-type=\"widget\" data-widget_type=\"text-editor.default\">\n\t\t\t\t<div class=\"elementor-widget-container\">\n\t\t\t\t\t\t\t\t\t<div class=\"section-list\">\n  <h3>Aper\u00e7u du programme :<\/h3>\n  <ul>\n    <li>L&rsquo;introduction \u00e0 la plong\u00e9e technique est con\u00e7ue pour offrir aux plongeurs r\u00e9cr\u00e9atifs exp\u00e9riment\u00e9s un aper\u00e7u simple et rassurant des techniques et comp\u00e9tences utilis\u00e9es en plong\u00e9e technique. C&rsquo;est v\u00e9ritablement un cours d&rsquo;essai pour ceux qui ont beaucoup entendu parler de la plong\u00e9e technique et qui se demandent pourquoi elle suscite tant d&rsquo;int\u00e9r\u00eat. Vous acquerrez une meilleure compr\u00e9hension de la planification d\u00e9taill\u00e9e et de la pr\u00e9paration n\u00e9cessaires pour r\u00e9aliser une plong\u00e9e technique r\u00e9ussie et s\u00e9curis\u00e9e, tout en apprenant la ma\u00eetrise sup\u00e9rieure de la flottabilit\u00e9 et de l&rsquo;assiette, les proc\u00e9dures de gestion des gaz, la conscience situationnelle et la s\u00e9lection de l&rsquo;\u00e9quipement.  <\/li>\n  <\/ul>\n  <h3>Dur\u00e9e :<\/h3>\n  <ul>\n    <li>2 jours<\/li>\n  <\/ul>\n  <h3>Inclus :<\/h3>\n  <ul>\n    <li>4 plong\u00e9es d&rsquo;entra\u00eenement (profondeur maximale 23 m\u00e8tres)<\/li>\n    <li>Location d&rsquo;\u00e9quipement<\/li>\n    <li>Supports num\u00e9riques<\/li>\n    <li>Certification TDI Introduction \u00e0 la Technique<\/li>\n  <\/ul>\n  <h3>Non inclus :<\/h3>\n  <ul>\n    <li>Assurance plong\u00e9e<\/li>\n  <\/ul>\n  <h3>Pr\u00e9requis :<\/h3>\n  <ul>\n    <li>\u00c2ge minimum 15 ans<\/li>\n    <li>Minimum de 25 plong\u00e9es enregistr\u00e9es<\/li>\n    <li>Avoir les certifications de plongeur Open Water ou \u00e9quivalent<\/li>\n  <\/ul>\n  <h3>Autres formations qui pourraient vous int\u00e9resser :<\/h3>\n  <ul>\n    <li><a href=\"https:\/\/calerodiving.com\/fr\/nitrox-avance\/\">Nitrox avanc\u00e9<\/a><\/li>\n  <\/ul>\n<\/div>\n\t\t\t\t\t\t\t\t<\/div>\n\t\t\t\t<\/div>\n\t\t\t\t<\/div>\n\t\t\t\t<\/div>\n\t\t<div class=\"elementor-element elementor-element-a512740 e-con-full e-flex e-con e-child\" data-id=\"a512740\" data-element_type=\"container\" data-e-type=\"container\">\n\t\t<div class=\"elementor-element elementor-element-5b646c0 e-con-full course-sidebar-box e-flex e-con e-child\" data-id=\"5b646c0\" data-element_type=\"container\" data-e-type=\"container\" data-settings=\"{&quot;sticky&quot;:&quot;top&quot;,&quot;sticky_offset&quot;:110,&quot;sticky_effects_offset&quot;:130,&quot;sticky_parent&quot;:&quot;yes&quot;,&quot;sticky_on&quot;:[&quot;desktop&quot;,&quot;tablet&quot;,&quot;mobile&quot;],&quot;sticky_anchor_link_offset&quot;:0}\">\n\t\t\t\t<div class=\"elementor-element elementor-element-044505f elementor-widget elementor-widget-text-editor\" data-id=\"044505f\" data-element_type=\"widget\" data-e-type=\"widget\" data-widget_type=\"text-editor.default\">\n\t\t\t\t<div class=\"elementor-widget-container\">\n\t\t\t\t\t\t\t\t\t<div class=\"courses-info\"><h6 class=\"no-margin\">Dur\u00e9e :<\/h6><p class=\"no-margin\">Cours de 2 jours<\/p><\/div><div class=\"courses-info\"><h6 class=\"no-margin\">Prix :<\/h6><p class=\"no-margin\">\u00c0 partir de 450 \u20ac<\/p><\/div>\t\t\t\t\t\t\t\t<\/div>\n\t\t\t\t<\/div>\n\t\t\t\t<div class=\"elementor-element elementor-element-7245b85 elementor-mobile-align-center elementor-widget elementor-widget-button\" data-id=\"7245b85\" data-element_type=\"widget\" data-e-type=\"widget\" data-widget_type=\"button.default\">\n\t\t\t\t<div class=\"elementor-widget-container\">\n\t\t\t\t\t\t\t\t\t<div class=\"elementor-button-wrapper\">\n\t\t\t\t\t<a class=\"elementor-button elementor-button-link elementor-size-sm\" href=\"https:\/\/bukyapp.com\/booking?mode=pack&#038;product=625e89e1639c1f2053f25a7a&#038;lang=fr&#038;_gl=1*107x6v6*_ga*ODU1MDM5OTIuMTc0MTE5MTcyMQ..*_ga_4WWMT2EY3C*czE3NTI1NzcyNTUkbzY4JGcxJHQxNzUyNTc3ODk4JGo0NCRsMCRoMA..\" target=\"_blank\">\n\t\t\t\t\t\t<span class=\"elementor-button-content-wrapper\">\n\t\t\t\t\t\t\t\t\t<span class=\"elementor-button-text\">acheter la formation<\/span>\n\t\t\t\t\t<\/span>\n\t\t\t\t\t<\/a>\n\t\t\t\t<\/div>\n\t\t\t\t\t\t\t\t<\/div>\n\t\t\t\t<\/div>\n\t\t\t\t<\/div>\n\t\t\t\t<\/div>\n\t\t\t\t\t<\/div>\n\t\t\t\t<\/div>\n\t\t\t\t<\/div>\n\t\t","protected":false},"excerpt":{"rendered":"<p>technique Intro to Tech Votre introduction \u00e0 la plong\u00e9e technique Aper\u00e7u du programme : L&rsquo;introduction \u00e0 la plong\u00e9e technique est con\u00e7ue pour offrir aux plongeurs r\u00e9cr\u00e9atifs exp\u00e9riment\u00e9s un aper\u00e7u simple et rassurant des techniques et comp\u00e9tences utilis\u00e9es en plong\u00e9e technique. C&rsquo;est v\u00e9ritablement un cours d&rsquo;essai pour ceux qui ont beaucoup entendu parler de la plong\u00e9e [&hellip;]<\/p>\n","protected":false},"author":10,"featured_media":0,"parent":0,"menu_order":0,"comment_status":"closed","ping_status":"closed","template":"","meta":{"_acf_changed":false,"footnotes":""},"class_list":["post-24623","page","type-page","status-publish","hentry"],"acf":[],"yoast_head":"<!-- This site is optimized with the Yoast SEO plugin v27.5 - https:\/\/yoast.com\/product\/yoast-seo-wordpress\/ -->\n<title>Intro to Tech | Calero Diving Lanzarote<\/title>\n<meta name=\"robots\" content=\"index, follow, max-snippet:-1, max-image-preview:large, max-video-preview:-1\" \/>\n<link rel=\"canonical\" href=\"https:\/\/calerodiving.com\/intro-to-tech\/\" \/>\n<meta property=\"og:locale\" content=\"fr_FR\" \/>\n<meta property=\"og:type\" content=\"article\" \/>\n<meta property=\"og:title\" content=\"Intro to Tech | Calero Diving Lanzarote\" \/>\n<meta property=\"og:description\" content=\"technique Intro to Tech Votre introduction \u00e0 la plong\u00e9e technique Aper\u00e7u du programme : L&rsquo;introduction \u00e0 la plong\u00e9e technique est con\u00e7ue pour offrir aux plongeurs r\u00e9cr\u00e9atifs exp\u00e9riment\u00e9s un aper\u00e7u simple et rassurant des techniques et comp\u00e9tences utilis\u00e9es en plong\u00e9e technique. C&rsquo;est v\u00e9ritablement un cours d&rsquo;essai pour ceux qui ont beaucoup entendu parler de la plong\u00e9e [&hellip;]\" \/>\n<meta property=\"og:url\" content=\"https:\/\/calerodiving.com\/intro-to-tech\/\" \/>\n<meta property=\"og:site_name\" content=\"Calero Diving Lanzarote\" \/>\n<meta property=\"article:publisher\" content=\"https:\/\/www.facebook.com\/calerodiving\/\" \/>\n<meta property=\"article:modified_time\" content=\"2025-09-09T13:39:07+00:00\" \/>\n<meta property=\"og:image\" content=\"https:\/\/calerodiving.com\/wp-content\/uploads\/2025\/07\/TDI-Intro-to-Tech-Course-.png\" \/>\n\t<meta property=\"og:image:width\" content=\"700\" \/>\n\t<meta property=\"og:image:height\" content=\"445\" \/>\n\t<meta property=\"og:image:type\" content=\"image\/png\" \/>\n<meta name=\"twitter:card\" content=\"summary_large_image\" \/>\n<meta name=\"twitter:label1\" content=\"Dur\u00e9e de lecture estim\u00e9e\" \/>\n\t<meta name=\"twitter:data1\" content=\"2 minutes\" \/>\n<script type=\"application\/ld+json\" class=\"yoast-schema-graph\">{\"@context\":\"https:\\\/\\\/schema.org\",\"@graph\":[{\"@type\":\"WebPage\",\"@id\":\"https:\\\/\\\/calerodiving.com\\\/intro-to-tech\\\/\",\"url\":\"https:\\\/\\\/calerodiving.com\\\/intro-to-tech\\\/\",\"name\":\"Intro to Tech | Calero Diving Lanzarote\",\"isPartOf\":{\"@id\":\"https:\\\/\\\/calerodiving.com\\\/#website\"},\"primaryImageOfPage\":{\"@id\":\"https:\\\/\\\/calerodiving.com\\\/intro-to-tech\\\/#primaryimage\"},\"image\":{\"@id\":\"https:\\\/\\\/calerodiving.com\\\/intro-to-tech\\\/#primaryimage\"},\"thumbnailUrl\":\"https:\\\/\\\/calerodiving.com\\\/wp-content\\\/uploads\\\/2025\\\/07\\\/TDI-Intro-to-Tech-Course-.png\",\"datePublished\":\"2025-08-27T07:50:03+00:00\",\"dateModified\":\"2025-09-09T13:39:07+00:00\",\"breadcrumb\":{\"@id\":\"https:\\\/\\\/calerodiving.com\\\/intro-to-tech\\\/#breadcrumb\"},\"inLanguage\":\"fr-FR\",\"potentialAction\":[{\"@type\":\"ReadAction\",\"target\":[\"https:\\\/\\\/calerodiving.com\\\/intro-to-tech\\\/\"]}]},{\"@type\":\"ImageObject\",\"inLanguage\":\"fr-FR\",\"@id\":\"https:\\\/\\\/calerodiving.com\\\/intro-to-tech\\\/#primaryimage\",\"url\":\"https:\\\/\\\/calerodiving.com\\\/wp-content\\\/uploads\\\/2025\\\/07\\\/TDI-Intro-to-Tech-Course-.png\",\"contentUrl\":\"https:\\\/\\\/calerodiving.com\\\/wp-content\\\/uploads\\\/2025\\\/07\\\/TDI-Intro-to-Tech-Course-.png\"},{\"@type\":\"BreadcrumbList\",\"@id\":\"https:\\\/\\\/calerodiving.com\\\/intro-to-tech\\\/#breadcrumb\",\"itemListElement\":[{\"@type\":\"ListItem\",\"position\":1,\"name\":\"Home\",\"item\":\"https:\\\/\\\/calerodiving.com\\\/es\\\/\"},{\"@type\":\"ListItem\",\"position\":2,\"name\":\"Intro to Tech\"}]},{\"@type\":\"WebSite\",\"@id\":\"https:\\\/\\\/calerodiving.com\\\/#website\",\"url\":\"https:\\\/\\\/calerodiving.com\\\/\",\"name\":\"Calero Diving Lanzarote\",\"description\":\"Dive Center - Marina Puerto Calero Lanzarote\",\"publisher\":{\"@id\":\"https:\\\/\\\/calerodiving.com\\\/#organization\"},\"alternateName\":\"Calero Diving\",\"potentialAction\":[{\"@type\":\"SearchAction\",\"target\":{\"@type\":\"EntryPoint\",\"urlTemplate\":\"https:\\\/\\\/calerodiving.com\\\/?s={search_term_string}\"},\"query-input\":{\"@type\":\"PropertyValueSpecification\",\"valueRequired\":true,\"valueName\":\"search_term_string\"}}],\"inLanguage\":\"fr-FR\"},{\"@type\":\"Organization\",\"@id\":\"https:\\\/\\\/calerodiving.com\\\/#organization\",\"name\":\"Calero Diving Lanzarote\",\"alternateName\":\"Calero Diving\",\"url\":\"https:\\\/\\\/calerodiving.com\\\/\",\"logo\":{\"@type\":\"ImageObject\",\"inLanguage\":\"fr-FR\",\"@id\":\"https:\\\/\\\/calerodiving.com\\\/#\\\/schema\\\/logo\\\/image\\\/\",\"url\":\"https:\\\/\\\/calerodiving.com\\\/wp-content\\\/uploads\\\/2025\\\/05\\\/Grupo.png\",\"contentUrl\":\"https:\\\/\\\/calerodiving.com\\\/wp-content\\\/uploads\\\/2025\\\/05\\\/Grupo.png\",\"width\":499,\"height\":590,\"caption\":\"Calero Diving Lanzarote\"},\"image\":{\"@id\":\"https:\\\/\\\/calerodiving.com\\\/#\\\/schema\\\/logo\\\/image\\\/\"},\"sameAs\":[\"https:\\\/\\\/www.facebook.com\\\/calerodiving\\\/\",\"https:\\\/\\\/www.instagram.com\\\/calerodiving\\\/\"]}]}<\/script>\n<!-- \/ Yoast SEO plugin. -->","yoast_head_json":{"title":"Intro to Tech | Calero Diving Lanzarote","robots":{"index":"index","follow":"follow","max-snippet":"max-snippet:-1","max-image-preview":"max-image-preview:large","max-video-preview":"max-video-preview:-1"},"canonical":"https:\/\/calerodiving.com\/intro-to-tech\/","og_locale":"fr_FR","og_type":"article","og_title":"Intro to Tech | Calero Diving Lanzarote","og_description":"technique Intro to Tech Votre introduction \u00e0 la plong\u00e9e technique Aper\u00e7u du programme : L&rsquo;introduction \u00e0 la plong\u00e9e technique est con\u00e7ue pour offrir aux plongeurs r\u00e9cr\u00e9atifs exp\u00e9riment\u00e9s un aper\u00e7u simple et rassurant des techniques et comp\u00e9tences utilis\u00e9es en plong\u00e9e technique. C&rsquo;est v\u00e9ritablement un cours d&rsquo;essai pour ceux qui ont beaucoup entendu parler de la plong\u00e9e [&hellip;]","og_url":"https:\/\/calerodiving.com\/intro-to-tech\/","og_site_name":"Calero Diving Lanzarote","article_publisher":"https:\/\/www.facebook.com\/calerodiving\/","article_modified_time":"2025-09-09T13:39:07+00:00","og_image":[{"width":700,"height":445,"url":"https:\/\/calerodiving.com\/wp-content\/uploads\/2025\/07\/TDI-Intro-to-Tech-Course-.png","type":"image\/png"}],"twitter_card":"summary_large_image","twitter_misc":{"Dur\u00e9e de lecture estim\u00e9e":"2 minutes"},"schema":{"@context":"https:\/\/schema.org","@graph":[{"@type":"WebPage","@id":"https:\/\/calerodiving.com\/intro-to-tech\/","url":"https:\/\/calerodiving.com\/intro-to-tech\/","name":"Intro to Tech | Calero Diving Lanzarote","isPartOf":{"@id":"https:\/\/calerodiving.com\/#website"},"primaryImageOfPage":{"@id":"https:\/\/calerodiving.com\/intro-to-tech\/#primaryimage"},"image":{"@id":"https:\/\/calerodiving.com\/intro-to-tech\/#primaryimage"},"thumbnailUrl":"https:\/\/calerodiving.com\/wp-content\/uploads\/2025\/07\/TDI-Intro-to-Tech-Course-.png","datePublished":"2025-08-27T07:50:03+00:00","dateModified":"2025-09-09T13:39:07+00:00","breadcrumb":{"@id":"https:\/\/calerodiving.com\/intro-to-tech\/#breadcrumb"},"inLanguage":"fr-FR","potentialAction":[{"@type":"ReadAction","target":["https:\/\/calerodiving.com\/intro-to-tech\/"]}]},{"@type":"ImageObject","inLanguage":"fr-FR","@id":"https:\/\/calerodiving.com\/intro-to-tech\/#primaryimage","url":"https:\/\/calerodiving.com\/wp-content\/uploads\/2025\/07\/TDI-Intro-to-Tech-Course-.png","contentUrl":"https:\/\/calerodiving.com\/wp-content\/uploads\/2025\/07\/TDI-Intro-to-Tech-Course-.png"},{"@type":"BreadcrumbList","@id":"https:\/\/calerodiving.com\/intro-to-tech\/#breadcrumb","itemListElement":[{"@type":"ListItem","position":1,"name":"Home","item":"https:\/\/calerodiving.com\/es\/"},{"@type":"ListItem","position":2,"name":"Intro to Tech"}]},{"@type":"WebSite","@id":"https:\/\/calerodiving.com\/#website","url":"https:\/\/calerodiving.com\/","name":"Calero Diving Lanzarote","description":"Dive Center - Marina Puerto Calero Lanzarote","publisher":{"@id":"https:\/\/calerodiving.com\/#organization"},"alternateName":"Calero Diving","potentialAction":[{"@type":"SearchAction","target":{"@type":"EntryPoint","urlTemplate":"https:\/\/calerodiving.com\/?s={search_term_string}"},"query-input":{"@type":"PropertyValueSpecification","valueRequired":true,"valueName":"search_term_string"}}],"inLanguage":"fr-FR"},{"@type":"Organization","@id":"https:\/\/calerodiving.com\/#organization","name":"Calero Diving Lanzarote","alternateName":"Calero Diving","url":"https:\/\/calerodiving.com\/","logo":{"@type":"ImageObject","inLanguage":"fr-FR","@id":"https:\/\/calerodiving.com\/#\/schema\/logo\/image\/","url":"https:\/\/calerodiving.com\/wp-content\/uploads\/2025\/05\/Grupo.png","contentUrl":"https:\/\/calerodiving.com\/wp-content\/uploads\/2025\/05\/Grupo.png","width":499,"height":590,"caption":"Calero Diving Lanzarote"},"image":{"@id":"https:\/\/calerodiving.com\/#\/schema\/logo\/image\/"},"sameAs":["https:\/\/www.facebook.com\/calerodiving\/","https:\/\/www.instagram.com\/calerodiving\/"]}]}},"_links":{"self":[{"href":"https:\/\/calerodiving.com\/fr\/wp-json\/wp\/v2\/pages\/24623","targetHints":{"allow":["GET"]}}],"collection":[{"href":"https:\/\/calerodiving.com\/fr\/wp-json\/wp\/v2\/pages"}],"about":[{"href":"https:\/\/calerodiving.com\/fr\/wp-json\/wp\/v2\/types\/page"}],"author":[{"embeddable":true,"href":"https:\/\/calerodiving.com\/fr\/wp-json\/wp\/v2\/users\/10"}],"replies":[{"embeddable":true,"href":"https:\/\/calerodiving.com\/fr\/wp-json\/wp\/v2\/comments?post=24623"}],"version-history":[{"count":8,"href":"https:\/\/calerodiving.com\/fr\/wp-json\/wp\/v2\/pages\/24623\/revisions"}],"predecessor-version":[{"id":25872,"href":"https:\/\/calerodiving.com\/fr\/wp-json\/wp\/v2\/pages\/24623\/revisions\/25872"}],"wp:attachment":[{"href":"https:\/\/calerodiving.com\/fr\/wp-json\/wp\/v2\/media?parent=24623"}],"curies":[{"name":"wp","href":"https:\/\/api.w.org\/{rel}","templated":true}]}}