{"id":24608,"date":"2025-08-27T08:49:42","date_gmt":"2025-08-27T07:49:42","guid":{"rendered":"https:\/\/calerodiving.com\/plongeur-ccr-gaz-mixtes-avance-mod-3\/"},"modified":"2025-09-09T16:03:21","modified_gmt":"2025-09-09T15:03:21","slug":"advanced-mixed-gas-ccr-diver-mod-3","status":"publish","type":"page","link":"https:\/\/calerodiving.com\/fr\/advanced-mixed-gas-ccr-diver-mod-3\/","title":{"rendered":"Advanced Mixed Gas CCR Diver (MOD 3)"},"content":{"rendered":"\t\t<div data-elementor-type=\"wp-page\" data-elementor-id=\"24608\" class=\"elementor elementor-24608 elementor-21271\" data-elementor-post-type=\"page\">\n\t\t\t\t<div class=\"elementor-element elementor-element-041386d e-flex e-con-boxed e-con e-parent\" data-id=\"041386d\" data-element_type=\"container\" data-e-type=\"container\">\n\t\t\t\t\t<div class=\"e-con-inner\">\n\t\t<div class=\"elementor-element elementor-element-3c62576 e-con-full e-flex e-con e-child\" data-id=\"3c62576\" data-element_type=\"container\" data-e-type=\"container\">\n\t\t\t\t<div class=\"elementor-element elementor-element-d09e07d elementor-widget elementor-widget-image\" data-id=\"d09e07d\" data-element_type=\"widget\" data-e-type=\"widget\" data-widget_type=\"image.default\">\n\t\t\t\t<div class=\"elementor-widget-container\">\n\t\t\t\t\t\t\t\t\t\t\t\t\t\t\t<img fetchpriority=\"high\" decoding=\"async\" width=\"700\" height=\"445\" src=\"https:\/\/calerodiving.com\/wp-content\/uploads\/2025\/08\/Advanced-Mixed-Gas-CCR-Diver-MOD-3-Course-.png\" class=\"attachment-large size-large wp-image-22499\" alt=\"\" srcset=\"https:\/\/calerodiving.com\/wp-content\/uploads\/2025\/08\/Advanced-Mixed-Gas-CCR-Diver-MOD-3-Course-.png 700w, https:\/\/calerodiving.com\/wp-content\/uploads\/2025\/08\/Advanced-Mixed-Gas-CCR-Diver-MOD-3-Course--300x191.png 300w\" sizes=\"(max-width: 700px) 100vw, 700px\" \/>\t\t\t\t\t\t\t\t\t\t\t\t\t\t\t<\/div>\n\t\t\t\t<\/div>\n\t\t\t\t<\/div>\n\t\t<div class=\"elementor-element elementor-element-32b637b e-con-full e-flex e-con e-child\" data-id=\"32b637b\" data-element_type=\"container\" data-e-type=\"container\">\n\t\t<div class=\"elementor-element elementor-element-169b41e e-con-full e-flex e-con e-child\" data-id=\"169b41e\" data-element_type=\"container\" data-e-type=\"container\">\n\t\t\t\t<div class=\"elementor-element elementor-element-c6422bf elementor-widget elementor-widget-html\" data-id=\"c6422bf\" data-element_type=\"widget\" data-e-type=\"widget\" data-widget_type=\"html.default\">\n\t\t\t\t<div class=\"elementor-widget-container\">\n\t\t\t\t\t<a href=\"https:\/\/calerodiving.com\/fr\/?page_id=24531#tdi-closed\" class=\"tag-button\">technique<\/a>\n\t\t\t\t<\/div>\n\t\t\t\t<\/div>\n\t\t\t\t<div class=\"elementor-element elementor-element-6e8c58a elementor-widget elementor-widget-heading\" data-id=\"6e8c58a\" data-element_type=\"widget\" data-e-type=\"widget\" data-widget_type=\"heading.default\">\n\t\t\t\t<div class=\"elementor-widget-container\">\n\t\t\t\t\t<h2 class=\"elementor-heading-title elementor-size-default\">Advanced Mixed Gas CCR Diver (MOD 3)<\/h2>\t\t\t\t<\/div>\n\t\t\t\t<\/div>\n\t\t\t\t<\/div>\n\t\t\t\t<\/div>\n\t\t\t\t\t<\/div>\n\t\t\t\t<\/div>\n\t\t<div class=\"elementor-element elementor-element-9f53f83 e-flex e-con-boxed e-con e-parent\" data-id=\"9f53f83\" data-element_type=\"container\" data-e-type=\"container\">\n\t\t\t\t\t<div class=\"e-con-inner\">\n\t\t<div class=\"elementor-element elementor-element-10f390c e-con-full e-flex e-con e-child\" data-id=\"10f390c\" data-element_type=\"container\" data-e-type=\"container\">\n\t\t<div class=\"elementor-element elementor-element-422ba79 e-con-full e-flex e-con e-child\" data-id=\"422ba79\" data-element_type=\"container\" data-e-type=\"container\">\n\t\t\t\t<div class=\"elementor-element elementor-element-6db5827 elementor-widget elementor-widget-heading\" data-id=\"6db5827\" data-element_type=\"widget\" data-e-type=\"widget\" data-widget_type=\"heading.default\">\n\t\t\t\t<div class=\"elementor-widget-container\">\n\t\t\t\t\t<h2 class=\"elementor-heading-title elementor-size-default\">Explorez les profondeurs de l'oc\u00e9an<\/h2>\t\t\t\t<\/div>\n\t\t\t\t<\/div>\n\t\t\t\t<div class=\"elementor-element elementor-element-52889af elementor-widget elementor-widget-text-editor\" data-id=\"52889af\" data-element_type=\"widget\" data-e-type=\"widget\" data-widget_type=\"text-editor.default\">\n\t\t\t\t<div class=\"elementor-widget-container\">\n\t\t\t\t\t\t\t\t\t<div class=\"section-list\"><h3>Aper\u00e7u du programme :<\/h3><p>Le cours TDI Advanced Mixed Gas CCR est le plus haut niveau de formation en recycleur \u00e0 circuit ferm\u00e9 (CCR) propos\u00e9 par TDI et vous apprendra \u00e0 utiliser toutes les capacit\u00e9s de votre CCR. Avec une profondeur maximale de 100 m\u00e8tres, ce cours ouvre un tout nouveau domaine de plong\u00e9e, incluant de nouvelles \u00e9paves, grottes et parois \u00e0 explorer \u00e0 des profondeurs auparavant inaccessibles en recycleur. Ce cours intensif, r\u00e9parti sur sept plong\u00e9es, se concentrera sur tous les \u00e9l\u00e9ments n\u00e9cessaires pour planifier et ex\u00e9cuter des plong\u00e9es \u00e0 ces profondeurs.  <\/p><h3>Dur\u00e9e :<\/h3><ul><li>6 jours<\/li><\/ul><h3>Inclus :<\/h3><ul><li>7 plong\u00e9es de formation<\/li><li>Sofnolime<\/li><li>Supports num\u00e9riques<\/li><li>O<sub>2<\/sub><\/li><li>Bouteilles<\/li><li>Certification TDI Plongeur CCR Gaz Mixtes Avanc\u00e9<\/li><\/ul><h3>Non inclus :<\/h3><ul><li>Location d&rsquo;\u00e9quipement<\/li><li>Assurance plong\u00e9e<\/li><li>Location d&rsquo;unit\u00e9 CCR<\/li><li>Suppl\u00e9ment h\u00e9lium<\/li><\/ul><h3>Pr\u00e9requis :<\/h3><ul><li>\u00c2ge minimum 18 ans<\/li><li>Minimum 100 heures de plong\u00e9e en recycleur r\u00e9parties sur au moins 100 plong\u00e9es sur l&rsquo;unit\u00e9 sp\u00e9cifique ; un minimum de 50 heures sur 50 plong\u00e9es doit \u00eatre effectu\u00e9 sur l&rsquo;unit\u00e9 sp\u00e9cifique ; 50 % de ces plong\u00e9es doivent \u00eatre plus profondes que 30 m\u00e8tres et toutes doivent \u00eatre plus profondes que 9 m\u00e8tres.<\/li><li>Poss\u00e9der la certification TDI Plongeur CCR Gaz Mixtes ou \u00e9quivalent<\/li><\/ul><h3>Autres formations qui pourraient vous int\u00e9resser :<\/h3><ul><li><a href=\"https:\/\/calerodiving.com\/mixed-gas-ccr-diver-mod-2\/\">Plongeur CCR gaz mixtes<\/a><\/li><\/ul><\/div>\t\t\t\t\t\t\t\t<\/div>\n\t\t\t\t<\/div>\n\t\t\t\t<\/div>\n\t\t\t\t<\/div>\n\t\t<div class=\"elementor-element elementor-element-840b237 e-con-full e-flex e-con e-child\" data-id=\"840b237\" data-element_type=\"container\" data-e-type=\"container\">\n\t\t<div class=\"elementor-element elementor-element-5b73c11 e-con-full course-sidebar-box e-flex e-con e-child\" data-id=\"5b73c11\" data-element_type=\"container\" data-e-type=\"container\" data-settings=\"{&quot;sticky&quot;:&quot;top&quot;,&quot;sticky_offset&quot;:110,&quot;sticky_effects_offset&quot;:130,&quot;sticky_parent&quot;:&quot;yes&quot;,&quot;sticky_on&quot;:[&quot;desktop&quot;,&quot;tablet&quot;,&quot;mobile&quot;],&quot;sticky_anchor_link_offset&quot;:0}\">\n\t\t\t\t<div class=\"elementor-element elementor-element-087ab3a elementor-widget elementor-widget-text-editor\" data-id=\"087ab3a\" data-element_type=\"widget\" data-e-type=\"widget\" data-widget_type=\"text-editor.default\">\n\t\t\t\t<div class=\"elementor-widget-container\">\n\t\t\t\t\t\t\t\t\t<div class=\"courses-info\"><h6 class=\"no-margin\">Dur\u00e9e :<\/h6><p class=\"no-margin\">Formation de 6 jours<\/p><\/div><div class=\"courses-info\"><h6 class=\"no-margin\">Prix :<\/h6><p class=\"no-margin\">\u00c0 partir de 2500 \u20ac<\/p><\/div>\t\t\t\t\t\t\t\t<\/div>\n\t\t\t\t<\/div>\n\t\t\t\t<div class=\"elementor-element elementor-element-55832c0 elementor-mobile-align-center elementor-widget elementor-widget-button\" data-id=\"55832c0\" data-element_type=\"widget\" data-e-type=\"widget\" data-widget_type=\"button.default\">\n\t\t\t\t<div class=\"elementor-widget-container\">\n\t\t\t\t\t\t\t\t\t<div class=\"elementor-button-wrapper\">\n\t\t\t\t\t<a class=\"elementor-button elementor-button-link elementor-size-sm\" href=\"https:\/\/app.bukyapp.com\/front\/6213b2319a1bbf005fa0b870\/product\/6888c7c5f2d9b20bc71a103f?lang=fr\" target=\"_blank\">\n\t\t\t\t\t\t<span class=\"elementor-button-content-wrapper\">\n\t\t\t\t\t\t\t\t\t<span class=\"elementor-button-text\">acheter la formation<\/span>\n\t\t\t\t\t<\/span>\n\t\t\t\t\t<\/a>\n\t\t\t\t<\/div>\n\t\t\t\t\t\t\t\t<\/div>\n\t\t\t\t<\/div>\n\t\t\t\t<\/div>\n\t\t\t\t<\/div>\n\t\t\t\t\t<\/div>\n\t\t\t\t<\/div>\n\t\t\t\t<\/div>\n\t\t","protected":false},"excerpt":{"rendered":"<p>technique Advanced Mixed Gas CCR Diver (MOD 3) Explorez les profondeurs de l&rsquo;oc\u00e9an Aper\u00e7u du programme : Le cours TDI Advanced Mixed Gas CCR est le plus haut niveau de formation en recycleur \u00e0 circuit ferm\u00e9 (CCR) propos\u00e9 par TDI et vous apprendra \u00e0 utiliser toutes les capacit\u00e9s de votre CCR. Avec une profondeur maximale [&hellip;]<\/p>\n","protected":false},"author":10,"featured_media":0,"parent":0,"menu_order":0,"comment_status":"closed","ping_status":"closed","template":"","meta":{"_acf_changed":false,"footnotes":""},"class_list":["post-24608","page","type-page","status-publish","hentry"],"acf":[],"yoast_head":"<!-- This site is optimized with the Yoast SEO plugin v27.5 - https:\/\/yoast.com\/product\/yoast-seo-wordpress\/ -->\n<title>Advanced Mixed Gas CCR Diver (MOD 3) | Calero Diving Lanzarote<\/title>\n<meta name=\"robots\" content=\"index, follow, max-snippet:-1, max-image-preview:large, max-video-preview:-1\" \/>\n<link rel=\"canonical\" href=\"https:\/\/calerodiving.com\/advanced-mixed-gas-ccr-diver-mod-3\/\" \/>\n<meta property=\"og:locale\" content=\"fr_FR\" \/>\n<meta property=\"og:type\" content=\"article\" \/>\n<meta property=\"og:title\" content=\"Advanced Mixed Gas CCR Diver (MOD 3) | Calero Diving Lanzarote\" \/>\n<meta property=\"og:description\" content=\"technique Advanced Mixed Gas CCR Diver (MOD 3) Explorez les profondeurs de l&rsquo;oc\u00e9an Aper\u00e7u du programme : Le cours TDI Advanced Mixed Gas CCR est le plus haut niveau de formation en recycleur \u00e0 circuit ferm\u00e9 (CCR) propos\u00e9 par TDI et vous apprendra \u00e0 utiliser toutes les capacit\u00e9s de votre CCR. Avec une profondeur maximale [&hellip;]\" \/>\n<meta property=\"og:url\" content=\"https:\/\/calerodiving.com\/advanced-mixed-gas-ccr-diver-mod-3\/\" \/>\n<meta property=\"og:site_name\" content=\"Calero Diving Lanzarote\" \/>\n<meta property=\"article:publisher\" content=\"https:\/\/www.facebook.com\/calerodiving\/\" \/>\n<meta property=\"article:modified_time\" content=\"2025-09-09T15:03:21+00:00\" \/>\n<meta property=\"og:image\" content=\"https:\/\/calerodiving.com\/wp-content\/uploads\/2025\/08\/Advanced-Mixed-Gas-CCR-Diver-MOD-3-Course-.png\" \/>\n\t<meta property=\"og:image:width\" content=\"700\" \/>\n\t<meta property=\"og:image:height\" content=\"445\" \/>\n\t<meta property=\"og:image:type\" content=\"image\/png\" \/>\n<meta name=\"twitter:card\" content=\"summary_large_image\" \/>\n<meta name=\"twitter:label1\" content=\"Dur\u00e9e de lecture estim\u00e9e\" \/>\n\t<meta name=\"twitter:data1\" content=\"2 minutes\" \/>\n<script type=\"application\/ld+json\" class=\"yoast-schema-graph\">{\"@context\":\"https:\\\/\\\/schema.org\",\"@graph\":[{\"@type\":\"WebPage\",\"@id\":\"https:\\\/\\\/calerodiving.com\\\/advanced-mixed-gas-ccr-diver-mod-3\\\/\",\"url\":\"https:\\\/\\\/calerodiving.com\\\/advanced-mixed-gas-ccr-diver-mod-3\\\/\",\"name\":\"Advanced Mixed Gas CCR Diver (MOD 3) | Calero Diving Lanzarote\",\"isPartOf\":{\"@id\":\"https:\\\/\\\/calerodiving.com\\\/#website\"},\"primaryImageOfPage\":{\"@id\":\"https:\\\/\\\/calerodiving.com\\\/advanced-mixed-gas-ccr-diver-mod-3\\\/#primaryimage\"},\"image\":{\"@id\":\"https:\\\/\\\/calerodiving.com\\\/advanced-mixed-gas-ccr-diver-mod-3\\\/#primaryimage\"},\"thumbnailUrl\":\"https:\\\/\\\/calerodiving.com\\\/wp-content\\\/uploads\\\/2025\\\/08\\\/Advanced-Mixed-Gas-CCR-Diver-MOD-3-Course-.png\",\"datePublished\":\"2025-08-27T07:49:42+00:00\",\"dateModified\":\"2025-09-09T15:03:21+00:00\",\"breadcrumb\":{\"@id\":\"https:\\\/\\\/calerodiving.com\\\/advanced-mixed-gas-ccr-diver-mod-3\\\/#breadcrumb\"},\"inLanguage\":\"fr-FR\",\"potentialAction\":[{\"@type\":\"ReadAction\",\"target\":[\"https:\\\/\\\/calerodiving.com\\\/advanced-mixed-gas-ccr-diver-mod-3\\\/\"]}]},{\"@type\":\"ImageObject\",\"inLanguage\":\"fr-FR\",\"@id\":\"https:\\\/\\\/calerodiving.com\\\/advanced-mixed-gas-ccr-diver-mod-3\\\/#primaryimage\",\"url\":\"https:\\\/\\\/calerodiving.com\\\/wp-content\\\/uploads\\\/2025\\\/08\\\/Advanced-Mixed-Gas-CCR-Diver-MOD-3-Course-.png\",\"contentUrl\":\"https:\\\/\\\/calerodiving.com\\\/wp-content\\\/uploads\\\/2025\\\/08\\\/Advanced-Mixed-Gas-CCR-Diver-MOD-3-Course-.png\"},{\"@type\":\"BreadcrumbList\",\"@id\":\"https:\\\/\\\/calerodiving.com\\\/advanced-mixed-gas-ccr-diver-mod-3\\\/#breadcrumb\",\"itemListElement\":[{\"@type\":\"ListItem\",\"position\":1,\"name\":\"Home\",\"item\":\"https:\\\/\\\/calerodiving.com\\\/es\\\/\"},{\"@type\":\"ListItem\",\"position\":2,\"name\":\"Advanced Mixed Gas CCR Diver (MOD 3)\"}]},{\"@type\":\"WebSite\",\"@id\":\"https:\\\/\\\/calerodiving.com\\\/#website\",\"url\":\"https:\\\/\\\/calerodiving.com\\\/\",\"name\":\"Calero Diving Lanzarote\",\"description\":\"Dive Center - Marina Puerto Calero Lanzarote\",\"publisher\":{\"@id\":\"https:\\\/\\\/calerodiving.com\\\/#organization\"},\"alternateName\":\"Calero Diving\",\"potentialAction\":[{\"@type\":\"SearchAction\",\"target\":{\"@type\":\"EntryPoint\",\"urlTemplate\":\"https:\\\/\\\/calerodiving.com\\\/?s={search_term_string}\"},\"query-input\":{\"@type\":\"PropertyValueSpecification\",\"valueRequired\":true,\"valueName\":\"search_term_string\"}}],\"inLanguage\":\"fr-FR\"},{\"@type\":\"Organization\",\"@id\":\"https:\\\/\\\/calerodiving.com\\\/#organization\",\"name\":\"Calero Diving Lanzarote\",\"alternateName\":\"Calero Diving\",\"url\":\"https:\\\/\\\/calerodiving.com\\\/\",\"logo\":{\"@type\":\"ImageObject\",\"inLanguage\":\"fr-FR\",\"@id\":\"https:\\\/\\\/calerodiving.com\\\/#\\\/schema\\\/logo\\\/image\\\/\",\"url\":\"https:\\\/\\\/calerodiving.com\\\/wp-content\\\/uploads\\\/2025\\\/05\\\/Grupo.png\",\"contentUrl\":\"https:\\\/\\\/calerodiving.com\\\/wp-content\\\/uploads\\\/2025\\\/05\\\/Grupo.png\",\"width\":499,\"height\":590,\"caption\":\"Calero Diving Lanzarote\"},\"image\":{\"@id\":\"https:\\\/\\\/calerodiving.com\\\/#\\\/schema\\\/logo\\\/image\\\/\"},\"sameAs\":[\"https:\\\/\\\/www.facebook.com\\\/calerodiving\\\/\",\"https:\\\/\\\/www.instagram.com\\\/calerodiving\\\/\"]}]}<\/script>\n<!-- \/ Yoast SEO plugin. -->","yoast_head_json":{"title":"Advanced Mixed Gas CCR Diver (MOD 3) | Calero Diving Lanzarote","robots":{"index":"index","follow":"follow","max-snippet":"max-snippet:-1","max-image-preview":"max-image-preview:large","max-video-preview":"max-video-preview:-1"},"canonical":"https:\/\/calerodiving.com\/advanced-mixed-gas-ccr-diver-mod-3\/","og_locale":"fr_FR","og_type":"article","og_title":"Advanced Mixed Gas CCR Diver (MOD 3) | Calero Diving Lanzarote","og_description":"technique Advanced Mixed Gas CCR Diver (MOD 3) Explorez les profondeurs de l&rsquo;oc\u00e9an Aper\u00e7u du programme : Le cours TDI Advanced Mixed Gas CCR est le plus haut niveau de formation en recycleur \u00e0 circuit ferm\u00e9 (CCR) propos\u00e9 par TDI et vous apprendra \u00e0 utiliser toutes les capacit\u00e9s de votre CCR. Avec une profondeur maximale [&hellip;]","og_url":"https:\/\/calerodiving.com\/advanced-mixed-gas-ccr-diver-mod-3\/","og_site_name":"Calero Diving Lanzarote","article_publisher":"https:\/\/www.facebook.com\/calerodiving\/","article_modified_time":"2025-09-09T15:03:21+00:00","og_image":[{"width":700,"height":445,"url":"https:\/\/calerodiving.com\/wp-content\/uploads\/2025\/08\/Advanced-Mixed-Gas-CCR-Diver-MOD-3-Course-.png","type":"image\/png"}],"twitter_card":"summary_large_image","twitter_misc":{"Dur\u00e9e de lecture estim\u00e9e":"2 minutes"},"schema":{"@context":"https:\/\/schema.org","@graph":[{"@type":"WebPage","@id":"https:\/\/calerodiving.com\/advanced-mixed-gas-ccr-diver-mod-3\/","url":"https:\/\/calerodiving.com\/advanced-mixed-gas-ccr-diver-mod-3\/","name":"Advanced Mixed Gas CCR Diver (MOD 3) | Calero Diving Lanzarote","isPartOf":{"@id":"https:\/\/calerodiving.com\/#website"},"primaryImageOfPage":{"@id":"https:\/\/calerodiving.com\/advanced-mixed-gas-ccr-diver-mod-3\/#primaryimage"},"image":{"@id":"https:\/\/calerodiving.com\/advanced-mixed-gas-ccr-diver-mod-3\/#primaryimage"},"thumbnailUrl":"https:\/\/calerodiving.com\/wp-content\/uploads\/2025\/08\/Advanced-Mixed-Gas-CCR-Diver-MOD-3-Course-.png","datePublished":"2025-08-27T07:49:42+00:00","dateModified":"2025-09-09T15:03:21+00:00","breadcrumb":{"@id":"https:\/\/calerodiving.com\/advanced-mixed-gas-ccr-diver-mod-3\/#breadcrumb"},"inLanguage":"fr-FR","potentialAction":[{"@type":"ReadAction","target":["https:\/\/calerodiving.com\/advanced-mixed-gas-ccr-diver-mod-3\/"]}]},{"@type":"ImageObject","inLanguage":"fr-FR","@id":"https:\/\/calerodiving.com\/advanced-mixed-gas-ccr-diver-mod-3\/#primaryimage","url":"https:\/\/calerodiving.com\/wp-content\/uploads\/2025\/08\/Advanced-Mixed-Gas-CCR-Diver-MOD-3-Course-.png","contentUrl":"https:\/\/calerodiving.com\/wp-content\/uploads\/2025\/08\/Advanced-Mixed-Gas-CCR-Diver-MOD-3-Course-.png"},{"@type":"BreadcrumbList","@id":"https:\/\/calerodiving.com\/advanced-mixed-gas-ccr-diver-mod-3\/#breadcrumb","itemListElement":[{"@type":"ListItem","position":1,"name":"Home","item":"https:\/\/calerodiving.com\/es\/"},{"@type":"ListItem","position":2,"name":"Advanced Mixed Gas CCR Diver (MOD 3)"}]},{"@type":"WebSite","@id":"https:\/\/calerodiving.com\/#website","url":"https:\/\/calerodiving.com\/","name":"Calero Diving Lanzarote","description":"Dive Center - Marina Puerto Calero Lanzarote","publisher":{"@id":"https:\/\/calerodiving.com\/#organization"},"alternateName":"Calero Diving","potentialAction":[{"@type":"SearchAction","target":{"@type":"EntryPoint","urlTemplate":"https:\/\/calerodiving.com\/?s={search_term_string}"},"query-input":{"@type":"PropertyValueSpecification","valueRequired":true,"valueName":"search_term_string"}}],"inLanguage":"fr-FR"},{"@type":"Organization","@id":"https:\/\/calerodiving.com\/#organization","name":"Calero Diving Lanzarote","alternateName":"Calero Diving","url":"https:\/\/calerodiving.com\/","logo":{"@type":"ImageObject","inLanguage":"fr-FR","@id":"https:\/\/calerodiving.com\/#\/schema\/logo\/image\/","url":"https:\/\/calerodiving.com\/wp-content\/uploads\/2025\/05\/Grupo.png","contentUrl":"https:\/\/calerodiving.com\/wp-content\/uploads\/2025\/05\/Grupo.png","width":499,"height":590,"caption":"Calero Diving Lanzarote"},"image":{"@id":"https:\/\/calerodiving.com\/#\/schema\/logo\/image\/"},"sameAs":["https:\/\/www.facebook.com\/calerodiving\/","https:\/\/www.instagram.com\/calerodiving\/"]}]}},"_links":{"self":[{"href":"https:\/\/calerodiving.com\/fr\/wp-json\/wp\/v2\/pages\/24608","targetHints":{"allow":["GET"]}}],"collection":[{"href":"https:\/\/calerodiving.com\/fr\/wp-json\/wp\/v2\/pages"}],"about":[{"href":"https:\/\/calerodiving.com\/fr\/wp-json\/wp\/v2\/types\/page"}],"author":[{"embeddable":true,"href":"https:\/\/calerodiving.com\/fr\/wp-json\/wp\/v2\/users\/10"}],"replies":[{"embeddable":true,"href":"https:\/\/calerodiving.com\/fr\/wp-json\/wp\/v2\/comments?post=24608"}],"version-history":[{"count":5,"href":"https:\/\/calerodiving.com\/fr\/wp-json\/wp\/v2\/pages\/24608\/revisions"}],"predecessor-version":[{"id":25979,"href":"https:\/\/calerodiving.com\/fr\/wp-json\/wp\/v2\/pages\/24608\/revisions\/25979"}],"wp:attachment":[{"href":"https:\/\/calerodiving.com\/fr\/wp-json\/wp\/v2\/media?parent=24608"}],"curies":[{"name":"wp","href":"https:\/\/api.w.org\/{rel}","templated":true}]}}