{"id":24598,"date":"2025-08-27T08:49:29","date_gmt":"2025-08-27T07:49:29","guid":{"rendered":"https:\/\/calerodiving.com\/plongeur-trimix-avance\/"},"modified":"2025-08-27T08:49:32","modified_gmt":"2025-08-27T07:49:32","slug":"plongeur-trimix-avance","status":"publish","type":"page","link":"https:\/\/calerodiving.com\/fr\/plongeur-trimix-avance\/","title":{"rendered":"Plongeur trimix avanc\u00e9"},"content":{"rendered":"\t\t<div data-elementor-type=\"wp-page\" data-elementor-id=\"24598\" class=\"elementor elementor-24598 elementor-21214\" data-elementor-post-type=\"page\">\n\t\t\t\t<div class=\"elementor-element elementor-element-125fa3a e-flex e-con-boxed e-con e-parent\" data-id=\"125fa3a\" data-element_type=\"container\" data-e-type=\"container\">\n\t\t\t\t\t<div class=\"e-con-inner\">\n\t\t<div class=\"elementor-element elementor-element-84daf0b e-con-full e-flex e-con e-child\" data-id=\"84daf0b\" data-element_type=\"container\" data-e-type=\"container\">\n\t\t\t\t<div class=\"elementor-element elementor-element-d7533c8 elementor-widget elementor-widget-image\" data-id=\"d7533c8\" data-element_type=\"widget\" data-e-type=\"widget\" data-widget_type=\"image.default\">\n\t\t\t\t<div class=\"elementor-widget-container\">\n\t\t\t\t\t\t\t\t\t\t\t\t\t\t\t<img fetchpriority=\"high\" decoding=\"async\" width=\"700\" height=\"445\" src=\"https:\/\/calerodiving.com\/wp-content\/uploads\/2025\/07\/Advanced-Trimix-Diver-.png\" class=\"attachment-large size-large wp-image-20981\" alt=\"\" srcset=\"https:\/\/calerodiving.com\/wp-content\/uploads\/2025\/07\/Advanced-Trimix-Diver-.png 700w, https:\/\/calerodiving.com\/wp-content\/uploads\/2025\/07\/Advanced-Trimix-Diver--300x191.png 300w\" sizes=\"(max-width: 700px) 100vw, 700px\" \/>\t\t\t\t\t\t\t\t\t\t\t\t\t\t\t<\/div>\n\t\t\t\t<\/div>\n\t\t\t\t<\/div>\n\t\t<div class=\"elementor-element elementor-element-27fb28e e-con-full e-flex e-con e-child\" data-id=\"27fb28e\" data-element_type=\"container\" data-e-type=\"container\">\n\t\t<div class=\"elementor-element elementor-element-5cb92d5 e-con-full e-flex e-con e-child\" data-id=\"5cb92d5\" data-element_type=\"container\" data-e-type=\"container\">\n\t\t\t\t<div class=\"elementor-element elementor-element-32df248 elementor-widget elementor-widget-html\" data-id=\"32df248\" data-element_type=\"widget\" data-e-type=\"widget\" data-widget_type=\"html.default\">\n\t\t\t\t<div class=\"elementor-widget-container\">\n\t\t\t\t\t<a href=\"https:\/\/calerodiving.com\/fr\/?page_id=24515#tdi-open\" class=\"tag-button\">technique<\/a>\n\t\t\t\t<\/div>\n\t\t\t\t<\/div>\n\t\t\t\t<div class=\"elementor-element elementor-element-c5577b9 elementor-widget elementor-widget-heading\" data-id=\"c5577b9\" data-element_type=\"widget\" data-e-type=\"widget\" data-widget_type=\"heading.default\">\n\t\t\t\t<div class=\"elementor-widget-container\">\n\t\t\t\t\t<h2 class=\"elementor-heading-title elementor-size-default\">Plongeur trimix avanc\u00e9\n<\/h2>\t\t\t\t<\/div>\n\t\t\t\t<\/div>\n\t\t\t\t<\/div>\n\t\t\t\t<\/div>\n\t\t\t\t\t<\/div>\n\t\t\t\t<\/div>\n\t\t<div class=\"elementor-element elementor-element-232a17f e-flex e-con-boxed e-con e-parent\" data-id=\"232a17f\" data-element_type=\"container\" data-e-type=\"container\">\n\t\t\t\t\t<div class=\"e-con-inner\">\n\t\t<div class=\"elementor-element elementor-element-7dc9fe8 e-con-full e-flex e-con e-child\" data-id=\"7dc9fe8\" data-element_type=\"container\" data-e-type=\"container\">\n\t\t<div class=\"elementor-element elementor-element-5e84080 e-con-full e-flex e-con e-child\" data-id=\"5e84080\" data-element_type=\"container\" data-e-type=\"container\">\n\t\t\t\t<div class=\"elementor-element elementor-element-41bcc0c elementor-widget elementor-widget-heading\" data-id=\"41bcc0c\" data-element_type=\"widget\" data-e-type=\"widget\" data-widget_type=\"heading.default\">\n\t\t\t\t<div class=\"elementor-widget-container\">\n\t\t\t\t\t<h2 class=\"elementor-heading-title elementor-size-default\">Planifier des plong\u00e9es de d\u00e9compression s\u00e9curis\u00e9es avec des m\u00e9langes d'h\u00e9lium jusqu'\u00e0 100 m<\/h2>\t\t\t\t<\/div>\n\t\t\t\t<\/div>\n\t\t\t\t<div class=\"elementor-element elementor-element-6670e4f elementor-widget elementor-widget-text-editor\" data-id=\"6670e4f\" data-element_type=\"widget\" data-e-type=\"widget\" data-widget_type=\"text-editor.default\">\n\t\t\t\t<div class=\"elementor-widget-container\">\n\t\t\t\t\t\t\t\t\t<div class=\"section-list\">\n  <h3>Aper\u00e7u du programme :<\/h3>\n  <ul>\n    <li>Le cours TDI Advanced Trimix fournit la formation n\u00e9cessaire pour utiliser de mani\u00e8re comp\u00e9tente et s\u00fbre les gaz respiratoires contenant de l&rsquo;h\u00e9lium pour les plong\u00e9es n\u00e9cessitant une d\u00e9compression par paliers, en utilisant des m\u00e9langes de Nitrox et\/ou d&rsquo;oxyg\u00e8ne pendant la d\u00e9compression jusqu&rsquo;\u00e0 une profondeur maximale de 100 m\u00e8tres. L&rsquo;objectif du cours est de former les plongeurs aux avantages, aux risques et aux proc\u00e9dures appropri\u00e9es d&rsquo;utilisation des m\u00e9langes personnalis\u00e9s d&rsquo;oxyg\u00e8ne\/h\u00e9lium\/azote comme gaz respiratoires. <\/li>\n  <\/ul>\n  <h3>Dur\u00e9e :<\/h3>\n  <ul>\n    <li>5 jours<\/li>\n  <\/ul>\n  <h3>Inclus :<\/h3>\n  <ul>\n    <li>2 plong\u00e9es techniques<\/li>\n    <li>4 plong\u00e9es d&rsquo;entra\u00eenement<\/li>\n    <li>Supports num\u00e9riques<\/li>\n    <li>Certification TDI Advanced Trimix<\/li>\n  <\/ul>\n  <h3>Non inclus :<\/h3>\n  <ul>\n    <li>Location d&rsquo;\u00e9quipement<\/li>\n    <li>Assurance plong\u00e9e<\/li>\n    <li>Suppl\u00e9ment h\u00e9lium<\/li>\n  <\/ul>\n  <h3>Pr\u00e9requis :<\/h3>\n  <ul>\n    <li>\u00c2ge minimum 18 ans<\/li>\n    <li>Minimum de 100 plong\u00e9es enregistr\u00e9es (dont 25 doivent \u00eatre plus profondes que 30 m)<\/li>\n    <li>\u00catre certifi\u00e9 plongeur Extended Range ou plongeur Trimix ou \u00e9quivalent<\/li>\n    <li>Certificat m\u00e9dical valide de moins d&rsquo;un an (auto-certification non accept\u00e9e)<\/li>\n  <\/ul>\n  <h3>Autres formations qui pourraient vous int\u00e9resser :<\/h3>\n  <ul>\n    <li><a href=\"https:\/\/calerodiving.com\/extended-range-3\/\">Plongeur Extended Range<\/a><\/li>\n    <li><a href=\"https:\/\/calerodiving.com\/fr\/plongeur-trimix\/\">Plongeur Trimix<\/a><\/li>\n  <\/ul>\n<\/div>\n\t\t\t\t\t\t\t\t<\/div>\n\t\t\t\t<\/div>\n\t\t\t\t<\/div>\n\t\t\t\t<\/div>\n\t\t<div class=\"elementor-element elementor-element-b5e21d2 e-con-full e-flex e-con e-child\" data-id=\"b5e21d2\" data-element_type=\"container\" data-e-type=\"container\">\n\t\t<div class=\"elementor-element elementor-element-ecb4d67 e-con-full course-sidebar-box e-flex e-con e-child\" data-id=\"ecb4d67\" data-element_type=\"container\" data-e-type=\"container\" data-settings=\"{&quot;sticky&quot;:&quot;top&quot;,&quot;sticky_offset&quot;:110,&quot;sticky_effects_offset&quot;:130,&quot;sticky_parent&quot;:&quot;yes&quot;,&quot;sticky_on&quot;:[&quot;desktop&quot;,&quot;tablet&quot;,&quot;mobile&quot;],&quot;sticky_anchor_link_offset&quot;:0}\">\n\t\t\t\t<div class=\"elementor-element elementor-element-c258e33 elementor-widget elementor-widget-text-editor\" data-id=\"c258e33\" data-element_type=\"widget\" data-e-type=\"widget\" data-widget_type=\"text-editor.default\">\n\t\t\t\t<div class=\"elementor-widget-container\">\n\t\t\t\t\t\t\t\t\t<div class=\"courses-info\"><h6 class=\"no-margin\">Dur\u00e9e :<\/h6><p class=\"no-margin\">Formation de 5 jours<\/p><\/div><div class=\"courses-info\"><h6 class=\"no-margin\">Prix :<\/h6><p class=\"no-margin\">\u00c0 partir de 2500 \u20ac<\/p><\/div>\t\t\t\t\t\t\t\t<\/div>\n\t\t\t\t<\/div>\n\t\t\t\t<div class=\"elementor-element elementor-element-98607f6 elementor-mobile-align-center elementor-widget elementor-widget-button\" data-id=\"98607f6\" data-element_type=\"widget\" data-e-type=\"widget\" data-widget_type=\"button.default\">\n\t\t\t\t<div class=\"elementor-widget-container\">\n\t\t\t\t\t\t\t\t\t<div class=\"elementor-button-wrapper\">\n\t\t\t\t\t<a class=\"elementor-button elementor-button-link elementor-size-sm\" href=\"https:\/\/bukyapp.com\/booking?mode=pack&#038;product=625eabbb639c1f2053f25b0a&#038;lang=es&#038;_gl=1*1l8v28a*_ga*ODU1MDM5OTIuMTc0MTE5MTcyMQ..*_ga_4WWMT2EY3C*czE3NTMyNjgzMDUkbzc1JGcxJHQxNzUzMjcwMTMxJGo1NSRsMCRoMA..\" target=\"_blank\">\n\t\t\t\t\t\t<span class=\"elementor-button-content-wrapper\">\n\t\t\t\t\t\t\t\t\t<span class=\"elementor-button-text\">acheter la formation<\/span>\n\t\t\t\t\t<\/span>\n\t\t\t\t\t<\/a>\n\t\t\t\t<\/div>\n\t\t\t\t\t\t\t\t<\/div>\n\t\t\t\t<\/div>\n\t\t\t\t<\/div>\n\t\t\t\t<\/div>\n\t\t\t\t\t<\/div>\n\t\t\t\t<\/div>\n\t\t\t\t<\/div>\n\t\t","protected":false},"excerpt":{"rendered":"<p>technique Plongeur trimix avanc\u00e9 Planifier des plong\u00e9es de d\u00e9compression s\u00e9curis\u00e9es avec des m\u00e9langes d&rsquo;h\u00e9lium jusqu&rsquo;\u00e0 100 m Aper\u00e7u du programme : Le cours TDI Advanced Trimix fournit la formation n\u00e9cessaire pour utiliser de mani\u00e8re comp\u00e9tente et s\u00fbre les gaz respiratoires contenant de l&rsquo;h\u00e9lium pour les plong\u00e9es n\u00e9cessitant une d\u00e9compression par paliers, en utilisant des m\u00e9langes [&hellip;]<\/p>\n","protected":false},"author":10,"featured_media":0,"parent":0,"menu_order":0,"comment_status":"closed","ping_status":"closed","template":"","meta":{"_acf_changed":false,"footnotes":""},"class_list":["post-24598","page","type-page","status-publish","hentry"],"acf":[],"yoast_head":"<!-- This site is optimized with the Yoast SEO plugin v27.5 - https:\/\/yoast.com\/product\/yoast-seo-wordpress\/ -->\n<title>Plongeur trimix avanc\u00e9 | Calero Diving Lanzarote<\/title>\n<meta name=\"robots\" content=\"index, follow, max-snippet:-1, max-image-preview:large, max-video-preview:-1\" \/>\n<link rel=\"canonical\" href=\"https:\/\/calerodiving.com\/fr\/plongeur-trimix-avance\/\" \/>\n<meta property=\"og:locale\" content=\"fr_FR\" \/>\n<meta property=\"og:type\" content=\"article\" \/>\n<meta property=\"og:title\" content=\"Plongeur trimix avanc\u00e9 | Calero Diving Lanzarote\" \/>\n<meta property=\"og:description\" content=\"technique Plongeur trimix avanc\u00e9 Planifier des plong\u00e9es de d\u00e9compression s\u00e9curis\u00e9es avec des m\u00e9langes d&rsquo;h\u00e9lium jusqu&rsquo;\u00e0 100 m Aper\u00e7u du programme : Le cours TDI Advanced Trimix fournit la formation n\u00e9cessaire pour utiliser de mani\u00e8re comp\u00e9tente et s\u00fbre les gaz respiratoires contenant de l&rsquo;h\u00e9lium pour les plong\u00e9es n\u00e9cessitant une d\u00e9compression par paliers, en utilisant des m\u00e9langes [&hellip;]\" \/>\n<meta property=\"og:url\" content=\"https:\/\/calerodiving.com\/fr\/plongeur-trimix-avance\/\" \/>\n<meta property=\"og:site_name\" content=\"Calero Diving Lanzarote\" \/>\n<meta property=\"article:publisher\" content=\"https:\/\/www.facebook.com\/calerodiving\/\" \/>\n<meta property=\"article:modified_time\" content=\"2025-08-27T07:49:32+00:00\" \/>\n<meta property=\"og:image\" content=\"https:\/\/calerodiving.com\/wp-content\/uploads\/2025\/07\/Advanced-Trimix-Diver-.png\" \/>\n\t<meta property=\"og:image:width\" content=\"700\" \/>\n\t<meta property=\"og:image:height\" content=\"445\" \/>\n\t<meta property=\"og:image:type\" content=\"image\/png\" \/>\n<meta name=\"twitter:card\" content=\"summary_large_image\" \/>\n<meta name=\"twitter:label1\" content=\"Dur\u00e9e de lecture estim\u00e9e\" \/>\n\t<meta name=\"twitter:data1\" content=\"1 minute\" \/>\n<script type=\"application\/ld+json\" class=\"yoast-schema-graph\">{\"@context\":\"https:\\\/\\\/schema.org\",\"@graph\":[{\"@type\":\"WebPage\",\"@id\":\"https:\\\/\\\/calerodiving.com\\\/fr\\\/plongeur-trimix-avance\\\/\",\"url\":\"https:\\\/\\\/calerodiving.com\\\/fr\\\/plongeur-trimix-avance\\\/\",\"name\":\"Plongeur trimix avanc\u00e9 | Calero Diving Lanzarote\",\"isPartOf\":{\"@id\":\"https:\\\/\\\/calerodiving.com\\\/#website\"},\"primaryImageOfPage\":{\"@id\":\"https:\\\/\\\/calerodiving.com\\\/fr\\\/plongeur-trimix-avance\\\/#primaryimage\"},\"image\":{\"@id\":\"https:\\\/\\\/calerodiving.com\\\/fr\\\/plongeur-trimix-avance\\\/#primaryimage\"},\"thumbnailUrl\":\"https:\\\/\\\/calerodiving.com\\\/wp-content\\\/uploads\\\/2025\\\/07\\\/Advanced-Trimix-Diver-.png\",\"datePublished\":\"2025-08-27T07:49:29+00:00\",\"dateModified\":\"2025-08-27T07:49:32+00:00\",\"breadcrumb\":{\"@id\":\"https:\\\/\\\/calerodiving.com\\\/fr\\\/plongeur-trimix-avance\\\/#breadcrumb\"},\"inLanguage\":\"fr-FR\",\"potentialAction\":[{\"@type\":\"ReadAction\",\"target\":[\"https:\\\/\\\/calerodiving.com\\\/fr\\\/plongeur-trimix-avance\\\/\"]}]},{\"@type\":\"ImageObject\",\"inLanguage\":\"fr-FR\",\"@id\":\"https:\\\/\\\/calerodiving.com\\\/fr\\\/plongeur-trimix-avance\\\/#primaryimage\",\"url\":\"https:\\\/\\\/calerodiving.com\\\/wp-content\\\/uploads\\\/2025\\\/07\\\/Advanced-Trimix-Diver-.png\",\"contentUrl\":\"https:\\\/\\\/calerodiving.com\\\/wp-content\\\/uploads\\\/2025\\\/07\\\/Advanced-Trimix-Diver-.png\"},{\"@type\":\"BreadcrumbList\",\"@id\":\"https:\\\/\\\/calerodiving.com\\\/fr\\\/plongeur-trimix-avance\\\/#breadcrumb\",\"itemListElement\":[{\"@type\":\"ListItem\",\"position\":1,\"name\":\"Home\",\"item\":\"https:\\\/\\\/calerodiving.com\\\/es\\\/\"},{\"@type\":\"ListItem\",\"position\":2,\"name\":\"Plongeur trimix avanc\u00e9\"}]},{\"@type\":\"WebSite\",\"@id\":\"https:\\\/\\\/calerodiving.com\\\/#website\",\"url\":\"https:\\\/\\\/calerodiving.com\\\/\",\"name\":\"Calero Diving Lanzarote\",\"description\":\"Dive Center - Marina Puerto Calero Lanzarote\",\"publisher\":{\"@id\":\"https:\\\/\\\/calerodiving.com\\\/#organization\"},\"alternateName\":\"Calero Diving\",\"potentialAction\":[{\"@type\":\"SearchAction\",\"target\":{\"@type\":\"EntryPoint\",\"urlTemplate\":\"https:\\\/\\\/calerodiving.com\\\/?s={search_term_string}\"},\"query-input\":{\"@type\":\"PropertyValueSpecification\",\"valueRequired\":true,\"valueName\":\"search_term_string\"}}],\"inLanguage\":\"fr-FR\"},{\"@type\":\"Organization\",\"@id\":\"https:\\\/\\\/calerodiving.com\\\/#organization\",\"name\":\"Calero Diving Lanzarote\",\"alternateName\":\"Calero Diving\",\"url\":\"https:\\\/\\\/calerodiving.com\\\/\",\"logo\":{\"@type\":\"ImageObject\",\"inLanguage\":\"fr-FR\",\"@id\":\"https:\\\/\\\/calerodiving.com\\\/#\\\/schema\\\/logo\\\/image\\\/\",\"url\":\"https:\\\/\\\/calerodiving.com\\\/wp-content\\\/uploads\\\/2025\\\/05\\\/Grupo.png\",\"contentUrl\":\"https:\\\/\\\/calerodiving.com\\\/wp-content\\\/uploads\\\/2025\\\/05\\\/Grupo.png\",\"width\":499,\"height\":590,\"caption\":\"Calero Diving Lanzarote\"},\"image\":{\"@id\":\"https:\\\/\\\/calerodiving.com\\\/#\\\/schema\\\/logo\\\/image\\\/\"},\"sameAs\":[\"https:\\\/\\\/www.facebook.com\\\/calerodiving\\\/\",\"https:\\\/\\\/www.instagram.com\\\/calerodiving\\\/\"]}]}<\/script>\n<!-- \/ Yoast SEO plugin. -->","yoast_head_json":{"title":"Plongeur trimix avanc\u00e9 | Calero Diving Lanzarote","robots":{"index":"index","follow":"follow","max-snippet":"max-snippet:-1","max-image-preview":"max-image-preview:large","max-video-preview":"max-video-preview:-1"},"canonical":"https:\/\/calerodiving.com\/fr\/plongeur-trimix-avance\/","og_locale":"fr_FR","og_type":"article","og_title":"Plongeur trimix avanc\u00e9 | Calero Diving Lanzarote","og_description":"technique Plongeur trimix avanc\u00e9 Planifier des plong\u00e9es de d\u00e9compression s\u00e9curis\u00e9es avec des m\u00e9langes d&rsquo;h\u00e9lium jusqu&rsquo;\u00e0 100 m Aper\u00e7u du programme : Le cours TDI Advanced Trimix fournit la formation n\u00e9cessaire pour utiliser de mani\u00e8re comp\u00e9tente et s\u00fbre les gaz respiratoires contenant de l&rsquo;h\u00e9lium pour les plong\u00e9es n\u00e9cessitant une d\u00e9compression par paliers, en utilisant des m\u00e9langes [&hellip;]","og_url":"https:\/\/calerodiving.com\/fr\/plongeur-trimix-avance\/","og_site_name":"Calero Diving Lanzarote","article_publisher":"https:\/\/www.facebook.com\/calerodiving\/","article_modified_time":"2025-08-27T07:49:32+00:00","og_image":[{"width":700,"height":445,"url":"https:\/\/calerodiving.com\/wp-content\/uploads\/2025\/07\/Advanced-Trimix-Diver-.png","type":"image\/png"}],"twitter_card":"summary_large_image","twitter_misc":{"Dur\u00e9e de lecture estim\u00e9e":"1 minute"},"schema":{"@context":"https:\/\/schema.org","@graph":[{"@type":"WebPage","@id":"https:\/\/calerodiving.com\/fr\/plongeur-trimix-avance\/","url":"https:\/\/calerodiving.com\/fr\/plongeur-trimix-avance\/","name":"Plongeur trimix avanc\u00e9 | Calero Diving Lanzarote","isPartOf":{"@id":"https:\/\/calerodiving.com\/#website"},"primaryImageOfPage":{"@id":"https:\/\/calerodiving.com\/fr\/plongeur-trimix-avance\/#primaryimage"},"image":{"@id":"https:\/\/calerodiving.com\/fr\/plongeur-trimix-avance\/#primaryimage"},"thumbnailUrl":"https:\/\/calerodiving.com\/wp-content\/uploads\/2025\/07\/Advanced-Trimix-Diver-.png","datePublished":"2025-08-27T07:49:29+00:00","dateModified":"2025-08-27T07:49:32+00:00","breadcrumb":{"@id":"https:\/\/calerodiving.com\/fr\/plongeur-trimix-avance\/#breadcrumb"},"inLanguage":"fr-FR","potentialAction":[{"@type":"ReadAction","target":["https:\/\/calerodiving.com\/fr\/plongeur-trimix-avance\/"]}]},{"@type":"ImageObject","inLanguage":"fr-FR","@id":"https:\/\/calerodiving.com\/fr\/plongeur-trimix-avance\/#primaryimage","url":"https:\/\/calerodiving.com\/wp-content\/uploads\/2025\/07\/Advanced-Trimix-Diver-.png","contentUrl":"https:\/\/calerodiving.com\/wp-content\/uploads\/2025\/07\/Advanced-Trimix-Diver-.png"},{"@type":"BreadcrumbList","@id":"https:\/\/calerodiving.com\/fr\/plongeur-trimix-avance\/#breadcrumb","itemListElement":[{"@type":"ListItem","position":1,"name":"Home","item":"https:\/\/calerodiving.com\/es\/"},{"@type":"ListItem","position":2,"name":"Plongeur trimix avanc\u00e9"}]},{"@type":"WebSite","@id":"https:\/\/calerodiving.com\/#website","url":"https:\/\/calerodiving.com\/","name":"Calero Diving Lanzarote","description":"Dive Center - Marina Puerto Calero Lanzarote","publisher":{"@id":"https:\/\/calerodiving.com\/#organization"},"alternateName":"Calero Diving","potentialAction":[{"@type":"SearchAction","target":{"@type":"EntryPoint","urlTemplate":"https:\/\/calerodiving.com\/?s={search_term_string}"},"query-input":{"@type":"PropertyValueSpecification","valueRequired":true,"valueName":"search_term_string"}}],"inLanguage":"fr-FR"},{"@type":"Organization","@id":"https:\/\/calerodiving.com\/#organization","name":"Calero Diving Lanzarote","alternateName":"Calero Diving","url":"https:\/\/calerodiving.com\/","logo":{"@type":"ImageObject","inLanguage":"fr-FR","@id":"https:\/\/calerodiving.com\/#\/schema\/logo\/image\/","url":"https:\/\/calerodiving.com\/wp-content\/uploads\/2025\/05\/Grupo.png","contentUrl":"https:\/\/calerodiving.com\/wp-content\/uploads\/2025\/05\/Grupo.png","width":499,"height":590,"caption":"Calero Diving Lanzarote"},"image":{"@id":"https:\/\/calerodiving.com\/#\/schema\/logo\/image\/"},"sameAs":["https:\/\/www.facebook.com\/calerodiving\/","https:\/\/www.instagram.com\/calerodiving\/"]}]}},"_links":{"self":[{"href":"https:\/\/calerodiving.com\/fr\/wp-json\/wp\/v2\/pages\/24598","targetHints":{"allow":["GET"]}}],"collection":[{"href":"https:\/\/calerodiving.com\/fr\/wp-json\/wp\/v2\/pages"}],"about":[{"href":"https:\/\/calerodiving.com\/fr\/wp-json\/wp\/v2\/types\/page"}],"author":[{"embeddable":true,"href":"https:\/\/calerodiving.com\/fr\/wp-json\/wp\/v2\/users\/10"}],"replies":[{"embeddable":true,"href":"https:\/\/calerodiving.com\/fr\/wp-json\/wp\/v2\/comments?post=24598"}],"version-history":[{"count":1,"href":"https:\/\/calerodiving.com\/fr\/wp-json\/wp\/v2\/pages\/24598\/revisions"}],"predecessor-version":[{"id":24600,"href":"https:\/\/calerodiving.com\/fr\/wp-json\/wp\/v2\/pages\/24598\/revisions\/24600"}],"wp:attachment":[{"href":"https:\/\/calerodiving.com\/fr\/wp-json\/wp\/v2\/media?parent=24598"}],"curies":[{"name":"wp","href":"https:\/\/api.w.org\/{rel}","templated":true}]}}