{"id":24577,"date":"2025-08-27T08:48:53","date_gmt":"2025-08-27T07:48:53","guid":{"rendered":"https:\/\/calerodiving.com\/plongeur-trimix\/"},"modified":"2025-09-09T15:06:18","modified_gmt":"2025-09-09T14:06:18","slug":"trimix-diver-2","status":"publish","type":"page","link":"https:\/\/calerodiving.com\/fr\/trimix-diver-2\/","title":{"rendered":"Trimix Diver"},"content":{"rendered":"\t\t<div data-elementor-type=\"wp-page\" data-elementor-id=\"24577\" class=\"elementor elementor-24577 elementor-21253\" data-elementor-post-type=\"page\">\n\t\t\t\t<div class=\"elementor-element elementor-element-5c02613 e-flex e-con-boxed e-con e-parent\" data-id=\"5c02613\" data-element_type=\"container\" data-e-type=\"container\">\n\t\t\t\t\t<div class=\"e-con-inner\">\n\t\t<div class=\"elementor-element elementor-element-c85bdd4 e-con-full e-flex e-con e-child\" data-id=\"c85bdd4\" data-element_type=\"container\" data-e-type=\"container\">\n\t\t\t\t<div class=\"elementor-element elementor-element-b995c45 elementor-widget elementor-widget-image\" data-id=\"b995c45\" data-element_type=\"widget\" data-e-type=\"widget\" data-widget_type=\"image.default\">\n\t\t\t\t<div class=\"elementor-widget-container\">\n\t\t\t\t\t\t\t\t\t\t\t\t\t\t\t<img fetchpriority=\"high\" decoding=\"async\" width=\"700\" height=\"445\" src=\"https:\/\/calerodiving.com\/wp-content\/uploads\/2025\/07\/Logo-Iantd-Courses.png\" class=\"attachment-large size-large wp-image-20962\" alt=\"\" srcset=\"https:\/\/calerodiving.com\/wp-content\/uploads\/2025\/07\/Logo-Iantd-Courses.png 700w, https:\/\/calerodiving.com\/wp-content\/uploads\/2025\/07\/Logo-Iantd-Courses-300x191.png 300w\" sizes=\"(max-width: 700px) 100vw, 700px\" \/>\t\t\t\t\t\t\t\t\t\t\t\t\t\t\t<\/div>\n\t\t\t\t<\/div>\n\t\t\t\t<\/div>\n\t\t<div class=\"elementor-element elementor-element-5bc1ea5 e-con-full e-flex e-con e-child\" data-id=\"5bc1ea5\" data-element_type=\"container\" data-e-type=\"container\">\n\t\t<div class=\"elementor-element elementor-element-6967571 e-con-full e-flex e-con e-child\" data-id=\"6967571\" data-element_type=\"container\" data-e-type=\"container\">\n\t\t\t\t<div class=\"elementor-element elementor-element-af6c661 elementor-widget elementor-widget-html\" data-id=\"af6c661\" data-element_type=\"widget\" data-e-type=\"widget\" data-widget_type=\"html.default\">\n\t\t\t\t<div class=\"elementor-widget-container\">\n\t\t\t\t\t<a href=\"https:\/\/calerodiving.com\/fr\/?page_id=24515#iantd-open\" class=\"tag-button\">technique<\/a>\n\t\t\t\t<\/div>\n\t\t\t\t<\/div>\n\t\t\t\t<div class=\"elementor-element elementor-element-25f6d36 elementor-widget elementor-widget-heading\" data-id=\"25f6d36\" data-element_type=\"widget\" data-e-type=\"widget\" data-widget_type=\"heading.default\">\n\t\t\t\t<div class=\"elementor-widget-container\">\n\t\t\t\t\t<h2 class=\"elementor-heading-title elementor-size-default\">Trimix Diver<\/h2>\t\t\t\t<\/div>\n\t\t\t\t<\/div>\n\t\t\t\t<\/div>\n\t\t\t\t<\/div>\n\t\t\t\t\t<\/div>\n\t\t\t\t<\/div>\n\t\t<div class=\"elementor-element elementor-element-8791176 e-flex e-con-boxed e-con e-parent\" data-id=\"8791176\" data-element_type=\"container\" data-e-type=\"container\">\n\t\t\t\t\t<div class=\"e-con-inner\">\n\t\t<div class=\"elementor-element elementor-element-1224150 e-con-full e-flex e-con e-child\" data-id=\"1224150\" data-element_type=\"container\" data-e-type=\"container\">\n\t\t<div class=\"elementor-element elementor-element-12f2310 e-con-full e-flex e-con e-child\" data-id=\"12f2310\" data-element_type=\"container\" data-e-type=\"container\">\n\t\t\t\t<div class=\"elementor-element elementor-element-bc96b17 elementor-widget elementor-widget-heading\" data-id=\"bc96b17\" data-element_type=\"widget\" data-e-type=\"widget\" data-widget_type=\"heading.default\">\n\t\t\t\t<div class=\"elementor-widget-container\">\n\t\t\t\t\t<h2 class=\"elementor-heading-title elementor-size-default\">Repoussez vos limites jusqu'\u00e0 100 m\u00e8tres<\/h2>\t\t\t\t<\/div>\n\t\t\t\t<\/div>\n\t\t\t\t<div class=\"elementor-element elementor-element-374e373 elementor-widget elementor-widget-text-editor\" data-id=\"374e373\" data-element_type=\"widget\" data-e-type=\"widget\" data-widget_type=\"text-editor.default\">\n\t\t\t\t<div class=\"elementor-widget-container\">\n\t\t\t\t\t\t\t\t\t<div class=\"section-list\"><h3>Aper\u00e7u du programme :<\/h3><p>Le cours de plong\u00e9e Trimix est con\u00e7u pour les personnes d\u00e9j\u00e0 impliqu\u00e9es dans des activit\u00e9s de plong\u00e9e profonde et qui souhaitent approfondir leur formation pour apprendre \u00e0 effectuer en toute s\u00e9curit\u00e9 des plong\u00e9es jusqu&rsquo;\u00e0 une profondeur de 100 m\u00e8tres.<\/p><h3>Dur\u00e9e :<\/h3><ul><li>5 jours<\/li><\/ul><h3>Inclus :<\/h3><ul><li style=\"list-style-type: none;\"><ul><li>2 plong\u00e9es techniques<\/li><li>4 plong\u00e9es d&rsquo;entra\u00eenement<\/li><li>Supports num\u00e9riques<\/li><\/ul><\/li><\/ul><ul><li>Certification IANTD Plongeur Trimix<\/li><\/ul><h3>Non inclus :<\/h3><ul><li>Location d&rsquo;\u00e9quipement<\/li><li>Assurance plong\u00e9e<\/li><li>Suppl\u00e9ment h\u00e9lium<\/li><\/ul><h3>Pr\u00e9requis :<\/h3><ul><li>\u00c2ge minimum 18 ans<\/li><li>Minimum de 200 plong\u00e9es enregistr\u00e9es (dont 25 entre 42 et 60 m)<\/li><li>\u00catre certifi\u00e9 Plongeur IANTD Trimix Normoxique\/Trimix Normoxique Plus ou \u00e9quivalent<\/li><li>Certificat m\u00e9dical valide de moins d&rsquo;un an (auto-certification non accept\u00e9e)<\/li><\/ul><h3>Autres formations qui pourraient vous int\u00e9resser :<\/h3><ul><li><a href=\"https:\/\/calerodiving.com\/fr\/plongeur-trimix-expedition\/\">Plongeur trimix exp\u00e9dition<\/a><\/li><\/ul><\/div>\t\t\t\t\t\t\t\t<\/div>\n\t\t\t\t<\/div>\n\t\t\t\t<\/div>\n\t\t\t\t<\/div>\n\t\t<div class=\"elementor-element elementor-element-e1abdad e-con-full e-flex e-con e-child\" data-id=\"e1abdad\" data-element_type=\"container\" data-e-type=\"container\">\n\t\t<div class=\"elementor-element elementor-element-3da6efd e-con-full course-sidebar-box e-flex e-con e-child\" data-id=\"3da6efd\" data-element_type=\"container\" data-e-type=\"container\" data-settings=\"{&quot;sticky&quot;:&quot;top&quot;,&quot;sticky_offset&quot;:110,&quot;sticky_effects_offset&quot;:130,&quot;sticky_parent&quot;:&quot;yes&quot;,&quot;sticky_on&quot;:[&quot;desktop&quot;,&quot;tablet&quot;,&quot;mobile&quot;],&quot;sticky_anchor_link_offset&quot;:0}\">\n\t\t\t\t<div class=\"elementor-element elementor-element-d2a2b41 elementor-widget elementor-widget-text-editor\" data-id=\"d2a2b41\" data-element_type=\"widget\" data-e-type=\"widget\" data-widget_type=\"text-editor.default\">\n\t\t\t\t<div class=\"elementor-widget-container\">\n\t\t\t\t\t\t\t\t\t<div class=\"courses-info\"><h6 class=\"no-margin\">Dur\u00e9e :<\/h6><p class=\"no-margin\">Formation de 5 jours<\/p><\/div><div class=\"courses-info\"><h6 class=\"no-margin\">Prix :<\/h6><p class=\"no-margin\">\u00c0 partir de 2 250 \u20ac<\/p><\/div>\t\t\t\t\t\t\t\t<\/div>\n\t\t\t\t<\/div>\n\t\t\t\t<div class=\"elementor-element elementor-element-0aa223c elementor-mobile-align-center elementor-widget elementor-widget-button\" data-id=\"0aa223c\" data-element_type=\"widget\" data-e-type=\"widget\" data-widget_type=\"button.default\">\n\t\t\t\t<div class=\"elementor-widget-container\">\n\t\t\t\t\t\t\t\t\t<div class=\"elementor-button-wrapper\">\n\t\t\t\t\t<a class=\"elementor-button elementor-button-link elementor-size-sm\" href=\"https:\/\/app.bukyapp.com\/front\/6213b2319a1bbf005fa0b870\/product\/6888c316496a39fad5ffe356?lang=fr\" target=\"_blank\">\n\t\t\t\t\t\t<span class=\"elementor-button-content-wrapper\">\n\t\t\t\t\t\t\t\t\t<span class=\"elementor-button-text\">acheter la formation<\/span>\n\t\t\t\t\t<\/span>\n\t\t\t\t\t<\/a>\n\t\t\t\t<\/div>\n\t\t\t\t\t\t\t\t<\/div>\n\t\t\t\t<\/div>\n\t\t\t\t<\/div>\n\t\t\t\t<\/div>\n\t\t\t\t\t<\/div>\n\t\t\t\t<\/div>\n\t\t\t\t<\/div>\n\t\t","protected":false},"excerpt":{"rendered":"<p>technique Trimix Diver Repoussez vos limites jusqu&rsquo;\u00e0 100 m\u00e8tres Aper\u00e7u du programme : Le cours de plong\u00e9e Trimix est con\u00e7u pour les personnes d\u00e9j\u00e0 impliqu\u00e9es dans des activit\u00e9s de plong\u00e9e profonde et qui souhaitent approfondir leur formation pour apprendre \u00e0 effectuer en toute s\u00e9curit\u00e9 des plong\u00e9es jusqu&rsquo;\u00e0 une profondeur de 100 m\u00e8tres. Dur\u00e9e : 5 [&hellip;]<\/p>\n","protected":false},"author":10,"featured_media":0,"parent":0,"menu_order":0,"comment_status":"closed","ping_status":"closed","template":"","meta":{"_acf_changed":false,"footnotes":""},"class_list":["post-24577","page","type-page","status-publish","hentry"],"acf":[],"yoast_head":"<!-- This site is optimized with the Yoast SEO plugin v27.5 - https:\/\/yoast.com\/product\/yoast-seo-wordpress\/ -->\n<title>Trimix Diver | Calero Diving Lanzarote<\/title>\n<meta name=\"robots\" content=\"index, follow, max-snippet:-1, max-image-preview:large, max-video-preview:-1\" \/>\n<link rel=\"canonical\" href=\"https:\/\/calerodiving.com\/trimix-diver-3\/\" \/>\n<meta property=\"og:locale\" content=\"fr_FR\" \/>\n<meta property=\"og:type\" content=\"article\" \/>\n<meta property=\"og:title\" content=\"Trimix Diver | Calero Diving Lanzarote\" \/>\n<meta property=\"og:description\" content=\"technique Trimix Diver Repoussez vos limites jusqu&rsquo;\u00e0 100 m\u00e8tres Aper\u00e7u du programme : Le cours de plong\u00e9e Trimix est con\u00e7u pour les personnes d\u00e9j\u00e0 impliqu\u00e9es dans des activit\u00e9s de plong\u00e9e profonde et qui souhaitent approfondir leur formation pour apprendre \u00e0 effectuer en toute s\u00e9curit\u00e9 des plong\u00e9es jusqu&rsquo;\u00e0 une profondeur de 100 m\u00e8tres. Dur\u00e9e : 5 [&hellip;]\" \/>\n<meta property=\"og:url\" content=\"https:\/\/calerodiving.com\/trimix-diver-3\/\" \/>\n<meta property=\"og:site_name\" content=\"Calero Diving Lanzarote\" \/>\n<meta property=\"article:publisher\" content=\"https:\/\/www.facebook.com\/calerodiving\/\" \/>\n<meta property=\"article:modified_time\" content=\"2025-09-09T14:06:18+00:00\" \/>\n<meta property=\"og:image\" content=\"https:\/\/calerodiving.com\/wp-content\/uploads\/2025\/07\/Logo-Iantd-Courses.png\" \/>\n\t<meta property=\"og:image:width\" content=\"700\" \/>\n\t<meta property=\"og:image:height\" content=\"445\" \/>\n\t<meta property=\"og:image:type\" content=\"image\/png\" \/>\n<meta name=\"twitter:card\" content=\"summary_large_image\" \/>\n<meta name=\"twitter:label1\" content=\"Dur\u00e9e de lecture estim\u00e9e\" \/>\n\t<meta name=\"twitter:data1\" content=\"1 minute\" \/>\n<script type=\"application\/ld+json\" class=\"yoast-schema-graph\">{\"@context\":\"https:\\\/\\\/schema.org\",\"@graph\":[{\"@type\":\"WebPage\",\"@id\":\"https:\\\/\\\/calerodiving.com\\\/trimix-diver-3\\\/\",\"url\":\"https:\\\/\\\/calerodiving.com\\\/trimix-diver-3\\\/\",\"name\":\"Trimix Diver | Calero Diving Lanzarote\",\"isPartOf\":{\"@id\":\"https:\\\/\\\/calerodiving.com\\\/#website\"},\"primaryImageOfPage\":{\"@id\":\"https:\\\/\\\/calerodiving.com\\\/trimix-diver-3\\\/#primaryimage\"},\"image\":{\"@id\":\"https:\\\/\\\/calerodiving.com\\\/trimix-diver-3\\\/#primaryimage\"},\"thumbnailUrl\":\"https:\\\/\\\/calerodiving.com\\\/wp-content\\\/uploads\\\/2025\\\/07\\\/Logo-Iantd-Courses.png\",\"datePublished\":\"2025-08-27T07:48:53+00:00\",\"dateModified\":\"2025-09-09T14:06:18+00:00\",\"breadcrumb\":{\"@id\":\"https:\\\/\\\/calerodiving.com\\\/trimix-diver-3\\\/#breadcrumb\"},\"inLanguage\":\"fr-FR\",\"potentialAction\":[{\"@type\":\"ReadAction\",\"target\":[\"https:\\\/\\\/calerodiving.com\\\/trimix-diver-3\\\/\"]}]},{\"@type\":\"ImageObject\",\"inLanguage\":\"fr-FR\",\"@id\":\"https:\\\/\\\/calerodiving.com\\\/trimix-diver-3\\\/#primaryimage\",\"url\":\"https:\\\/\\\/calerodiving.com\\\/wp-content\\\/uploads\\\/2025\\\/07\\\/Logo-Iantd-Courses.png\",\"contentUrl\":\"https:\\\/\\\/calerodiving.com\\\/wp-content\\\/uploads\\\/2025\\\/07\\\/Logo-Iantd-Courses.png\"},{\"@type\":\"BreadcrumbList\",\"@id\":\"https:\\\/\\\/calerodiving.com\\\/trimix-diver-3\\\/#breadcrumb\",\"itemListElement\":[{\"@type\":\"ListItem\",\"position\":1,\"name\":\"Home\",\"item\":\"https:\\\/\\\/calerodiving.com\\\/es\\\/\"},{\"@type\":\"ListItem\",\"position\":2,\"name\":\"Trimix Diver\"}]},{\"@type\":\"WebSite\",\"@id\":\"https:\\\/\\\/calerodiving.com\\\/#website\",\"url\":\"https:\\\/\\\/calerodiving.com\\\/\",\"name\":\"Calero Diving Lanzarote\",\"description\":\"Dive Center - Marina Puerto Calero Lanzarote\",\"publisher\":{\"@id\":\"https:\\\/\\\/calerodiving.com\\\/#organization\"},\"alternateName\":\"Calero Diving\",\"potentialAction\":[{\"@type\":\"SearchAction\",\"target\":{\"@type\":\"EntryPoint\",\"urlTemplate\":\"https:\\\/\\\/calerodiving.com\\\/?s={search_term_string}\"},\"query-input\":{\"@type\":\"PropertyValueSpecification\",\"valueRequired\":true,\"valueName\":\"search_term_string\"}}],\"inLanguage\":\"fr-FR\"},{\"@type\":\"Organization\",\"@id\":\"https:\\\/\\\/calerodiving.com\\\/#organization\",\"name\":\"Calero Diving Lanzarote\",\"alternateName\":\"Calero Diving\",\"url\":\"https:\\\/\\\/calerodiving.com\\\/\",\"logo\":{\"@type\":\"ImageObject\",\"inLanguage\":\"fr-FR\",\"@id\":\"https:\\\/\\\/calerodiving.com\\\/#\\\/schema\\\/logo\\\/image\\\/\",\"url\":\"https:\\\/\\\/calerodiving.com\\\/wp-content\\\/uploads\\\/2025\\\/05\\\/Grupo.png\",\"contentUrl\":\"https:\\\/\\\/calerodiving.com\\\/wp-content\\\/uploads\\\/2025\\\/05\\\/Grupo.png\",\"width\":499,\"height\":590,\"caption\":\"Calero Diving Lanzarote\"},\"image\":{\"@id\":\"https:\\\/\\\/calerodiving.com\\\/#\\\/schema\\\/logo\\\/image\\\/\"},\"sameAs\":[\"https:\\\/\\\/www.facebook.com\\\/calerodiving\\\/\",\"https:\\\/\\\/www.instagram.com\\\/calerodiving\\\/\"]}]}<\/script>\n<!-- \/ Yoast SEO plugin. -->","yoast_head_json":{"title":"Trimix Diver | Calero Diving Lanzarote","robots":{"index":"index","follow":"follow","max-snippet":"max-snippet:-1","max-image-preview":"max-image-preview:large","max-video-preview":"max-video-preview:-1"},"canonical":"https:\/\/calerodiving.com\/trimix-diver-3\/","og_locale":"fr_FR","og_type":"article","og_title":"Trimix Diver | Calero Diving Lanzarote","og_description":"technique Trimix Diver Repoussez vos limites jusqu&rsquo;\u00e0 100 m\u00e8tres Aper\u00e7u du programme : Le cours de plong\u00e9e Trimix est con\u00e7u pour les personnes d\u00e9j\u00e0 impliqu\u00e9es dans des activit\u00e9s de plong\u00e9e profonde et qui souhaitent approfondir leur formation pour apprendre \u00e0 effectuer en toute s\u00e9curit\u00e9 des plong\u00e9es jusqu&rsquo;\u00e0 une profondeur de 100 m\u00e8tres. Dur\u00e9e : 5 [&hellip;]","og_url":"https:\/\/calerodiving.com\/trimix-diver-3\/","og_site_name":"Calero Diving Lanzarote","article_publisher":"https:\/\/www.facebook.com\/calerodiving\/","article_modified_time":"2025-09-09T14:06:18+00:00","og_image":[{"width":700,"height":445,"url":"https:\/\/calerodiving.com\/wp-content\/uploads\/2025\/07\/Logo-Iantd-Courses.png","type":"image\/png"}],"twitter_card":"summary_large_image","twitter_misc":{"Dur\u00e9e de lecture estim\u00e9e":"1 minute"},"schema":{"@context":"https:\/\/schema.org","@graph":[{"@type":"WebPage","@id":"https:\/\/calerodiving.com\/trimix-diver-3\/","url":"https:\/\/calerodiving.com\/trimix-diver-3\/","name":"Trimix Diver | Calero Diving Lanzarote","isPartOf":{"@id":"https:\/\/calerodiving.com\/#website"},"primaryImageOfPage":{"@id":"https:\/\/calerodiving.com\/trimix-diver-3\/#primaryimage"},"image":{"@id":"https:\/\/calerodiving.com\/trimix-diver-3\/#primaryimage"},"thumbnailUrl":"https:\/\/calerodiving.com\/wp-content\/uploads\/2025\/07\/Logo-Iantd-Courses.png","datePublished":"2025-08-27T07:48:53+00:00","dateModified":"2025-09-09T14:06:18+00:00","breadcrumb":{"@id":"https:\/\/calerodiving.com\/trimix-diver-3\/#breadcrumb"},"inLanguage":"fr-FR","potentialAction":[{"@type":"ReadAction","target":["https:\/\/calerodiving.com\/trimix-diver-3\/"]}]},{"@type":"ImageObject","inLanguage":"fr-FR","@id":"https:\/\/calerodiving.com\/trimix-diver-3\/#primaryimage","url":"https:\/\/calerodiving.com\/wp-content\/uploads\/2025\/07\/Logo-Iantd-Courses.png","contentUrl":"https:\/\/calerodiving.com\/wp-content\/uploads\/2025\/07\/Logo-Iantd-Courses.png"},{"@type":"BreadcrumbList","@id":"https:\/\/calerodiving.com\/trimix-diver-3\/#breadcrumb","itemListElement":[{"@type":"ListItem","position":1,"name":"Home","item":"https:\/\/calerodiving.com\/es\/"},{"@type":"ListItem","position":2,"name":"Trimix Diver"}]},{"@type":"WebSite","@id":"https:\/\/calerodiving.com\/#website","url":"https:\/\/calerodiving.com\/","name":"Calero Diving Lanzarote","description":"Dive Center - Marina Puerto Calero Lanzarote","publisher":{"@id":"https:\/\/calerodiving.com\/#organization"},"alternateName":"Calero Diving","potentialAction":[{"@type":"SearchAction","target":{"@type":"EntryPoint","urlTemplate":"https:\/\/calerodiving.com\/?s={search_term_string}"},"query-input":{"@type":"PropertyValueSpecification","valueRequired":true,"valueName":"search_term_string"}}],"inLanguage":"fr-FR"},{"@type":"Organization","@id":"https:\/\/calerodiving.com\/#organization","name":"Calero Diving Lanzarote","alternateName":"Calero Diving","url":"https:\/\/calerodiving.com\/","logo":{"@type":"ImageObject","inLanguage":"fr-FR","@id":"https:\/\/calerodiving.com\/#\/schema\/logo\/image\/","url":"https:\/\/calerodiving.com\/wp-content\/uploads\/2025\/05\/Grupo.png","contentUrl":"https:\/\/calerodiving.com\/wp-content\/uploads\/2025\/05\/Grupo.png","width":499,"height":590,"caption":"Calero Diving Lanzarote"},"image":{"@id":"https:\/\/calerodiving.com\/#\/schema\/logo\/image\/"},"sameAs":["https:\/\/www.facebook.com\/calerodiving\/","https:\/\/www.instagram.com\/calerodiving\/"]}]}},"_links":{"self":[{"href":"https:\/\/calerodiving.com\/fr\/wp-json\/wp\/v2\/pages\/24577","targetHints":{"allow":["GET"]}}],"collection":[{"href":"https:\/\/calerodiving.com\/fr\/wp-json\/wp\/v2\/pages"}],"about":[{"href":"https:\/\/calerodiving.com\/fr\/wp-json\/wp\/v2\/types\/page"}],"author":[{"embeddable":true,"href":"https:\/\/calerodiving.com\/fr\/wp-json\/wp\/v2\/users\/10"}],"replies":[{"embeddable":true,"href":"https:\/\/calerodiving.com\/fr\/wp-json\/wp\/v2\/comments?post=24577"}],"version-history":[{"count":8,"href":"https:\/\/calerodiving.com\/fr\/wp-json\/wp\/v2\/pages\/24577\/revisions"}],"predecessor-version":[{"id":25925,"href":"https:\/\/calerodiving.com\/fr\/wp-json\/wp\/v2\/pages\/24577\/revisions\/25925"}],"wp:attachment":[{"href":"https:\/\/calerodiving.com\/fr\/wp-json\/wp\/v2\/media?parent=24577"}],"curies":[{"name":"wp","href":"https:\/\/api.w.org\/{rel}","templated":true}]}}