{"id":24559,"date":"2025-08-27T08:48:30","date_gmt":"2025-08-27T07:48:30","guid":{"rendered":"https:\/\/calerodiving.com\/stress-et-sauvetage-en-plongee\/"},"modified":"2026-04-20T10:56:57","modified_gmt":"2026-04-20T09:56:57","slug":"diver-stress-and-rescue","status":"publish","type":"page","link":"https:\/\/calerodiving.com\/fr\/diver-stress-and-rescue\/","title":{"rendered":"Diver Stress and Rescue"},"content":{"rendered":"\t\t<div data-elementor-type=\"wp-page\" data-elementor-id=\"24559\" class=\"elementor elementor-24559 elementor-21508\" data-elementor-post-type=\"page\">\n\t\t\t\t<div class=\"elementor-element elementor-element-067e22e e-flex e-con-boxed e-con e-parent\" data-id=\"067e22e\" data-element_type=\"container\" data-e-type=\"container\">\n\t\t\t\t\t<div class=\"e-con-inner\">\n\t\t<div class=\"elementor-element elementor-element-326b9de e-con-full e-flex e-con e-child\" data-id=\"326b9de\" data-element_type=\"container\" data-e-type=\"container\">\n\t\t\t\t<div class=\"elementor-element elementor-element-daadfdd elementor-widget elementor-widget-image\" data-id=\"daadfdd\" data-element_type=\"widget\" data-e-type=\"widget\" data-widget_type=\"image.default\">\n\t\t\t\t<div class=\"elementor-widget-container\">\n\t\t\t\t\t\t\t\t\t\t\t\t\t\t\t<img fetchpriority=\"high\" decoding=\"async\" width=\"350\" height=\"222\" src=\"https:\/\/calerodiving.com\/wp-content\/uploads\/2017\/09\/diver-stress-rescue.jpg\" class=\"attachment-large size-large wp-image-198\" alt=\"\" srcset=\"https:\/\/calerodiving.com\/wp-content\/uploads\/2017\/09\/diver-stress-rescue.jpg 350w, https:\/\/calerodiving.com\/wp-content\/uploads\/2017\/09\/diver-stress-rescue-300x190.jpg 300w\" sizes=\"(max-width: 350px) 100vw, 350px\" \/>\t\t\t\t\t\t\t\t\t\t\t\t\t\t\t<\/div>\n\t\t\t\t<\/div>\n\t\t\t\t<\/div>\n\t\t<div class=\"elementor-element elementor-element-5214237 e-con-full e-flex e-con e-child\" data-id=\"5214237\" data-element_type=\"container\" data-e-type=\"container\">\n\t\t<div class=\"elementor-element elementor-element-3cb7c96 e-con-full e-flex e-con e-child\" data-id=\"3cb7c96\" data-element_type=\"container\" data-e-type=\"container\">\n\t\t\t\t<div class=\"elementor-element elementor-element-0313c2a elementor-widget elementor-widget-html\" data-id=\"0313c2a\" data-element_type=\"widget\" data-e-type=\"widget\" data-widget_type=\"html.default\">\n\t\t\t\t<div class=\"elementor-widget-container\">\n\t\t\t\t\t<a href=\"https:\/\/calerodiving.com\/fr\/cours-de-plongee-loisir\/#recreational\" class=\"tag-button\">r\u00e9cr\u00e9atif<\/a>\n\t\t\t\t<\/div>\n\t\t\t\t<\/div>\n\t\t\t\t<div class=\"elementor-element elementor-element-ed90195 elementor-widget elementor-widget-heading\" data-id=\"ed90195\" data-element_type=\"widget\" data-e-type=\"widget\" data-widget_type=\"heading.default\">\n\t\t\t\t<div class=\"elementor-widget-container\">\n\t\t\t\t\t<h2 class=\"elementor-heading-title elementor-size-default\">Diver Stress and Rescue<\/h2>\t\t\t\t<\/div>\n\t\t\t\t<\/div>\n\t\t\t\t<\/div>\n\t\t\t\t<\/div>\n\t\t\t\t\t<\/div>\n\t\t\t\t<\/div>\n\t\t<div class=\"elementor-element elementor-element-2ba742e e-flex e-con-boxed e-con e-parent\" data-id=\"2ba742e\" data-element_type=\"container\" data-e-type=\"container\">\n\t\t\t\t\t<div class=\"e-con-inner\">\n\t\t<div class=\"elementor-element elementor-element-c6c118b e-con-full e-flex e-con e-child\" data-id=\"c6c118b\" data-element_type=\"container\" data-e-type=\"container\">\n\t\t<div class=\"elementor-element elementor-element-e67ed81 e-con-full e-flex e-con e-child\" data-id=\"e67ed81\" data-element_type=\"container\" data-e-type=\"container\">\n\t\t\t\t<div class=\"elementor-element elementor-element-1301206 elementor-widget elementor-widget-heading\" data-id=\"1301206\" data-element_type=\"widget\" data-e-type=\"widget\" data-widget_type=\"heading.default\">\n\t\t\t\t<div class=\"elementor-widget-container\">\n\t\t\t\t\t<h2 class=\"elementor-heading-title elementor-size-default\">Apprenez les comp\u00e9tences vitales de sauvetage<\/h2>\t\t\t\t<\/div>\n\t\t\t\t<\/div>\n\t\t\t\t<div class=\"elementor-element elementor-element-ed0d103 elementor-widget elementor-widget-text-editor\" data-id=\"ed0d103\" data-element_type=\"widget\" data-e-type=\"widget\" data-widget_type=\"text-editor.default\">\n\t\t\t\t<div class=\"elementor-widget-container\">\n\t\t\t\t\t\t\t\t\t<div class=\"section-list\">\n<h3>Aper\u00e7u du programme :<\/h3>\nLa plupart des incidents de plong\u00e9e peuvent \u00eatre \u00e9vit\u00e9s bien avant de devenir de v\u00e9ritables urgences. Savoir reconna\u00eetre le stress \u00e0 temps, rester attentif \u00e0 son environnement et r\u00e9agir calmement fait partie des comp\u00e9tences les plus pr\u00e9cieuses qu\u2019un plongeur puisse d\u00e9velopper.<br><br>\n\nLa sp\u00e9cialit\u00e9 SSI Diver Stress and Rescue t\u2019apprend \u00e0 reconna\u00eetre le stress, \u00e0 emp\u00eacher qu\u2019un probl\u00e8me ne s\u2019aggrave et \u00e0 r\u00e9agir plus efficacement si une situation se d\u00e9veloppe pour toi ou ton bin\u00f4me.<br><br>\n\nCe cours repose sur la pr\u00e9vention, la vigilance et l\u2019action ma\u00eetris\u00e9e. Il t\u2019aide \u00e0 devenir un plongeur mieux pr\u00e9par\u00e9 \u2014 non seulement en cas d\u2019urgence, mais aussi dans la plong\u00e9e de tous les jours.<br><br>\n\nC\u2019est l\u2019une des sp\u00e9cialit\u00e9s les plus pr\u00e9cieuses pour les plongeurs loisir et aussi un pr\u00e9requis important si tu souhaites \u00e9voluer vers une formation de niveau professionnel comme SSI Dive Guide.<br><br>\n\nCela peut \u00eatre un cours exigeant, mais c\u2019est aussi l\u2019un des plus gratifiants, car les comp\u00e9tences que tu y d\u00e9veloppes am\u00e9liorent pratiquement toutes les plong\u00e9es que tu feras ensuite.\n\n<h3>Standards de formation<\/h3>\n<ul>\n  <li>Dur\u00e9e : 3\u20134 jours<\/li>\n  <li>Comprend : 3 sessions en milieu prot\u00e9g\u00e9, 3 plong\u00e9es de formation, supports num\u00e9riques et certification SSI Diver Stress and Rescue<\/li>\n<\/ul>\n\n<h3>Conditions requises<\/h3>\n<ul>\n  <li>avoir au moins 12 ans, une certification SSI Open Water Diver ou \u00e9quivalente, ainsi qu\u2019une certification SSI React Right ou \u00e9quivalente (incluant premiers secours, RCP, O\u2082 et AED)<\/li>\n<\/ul>\n\n<h3>Non inclus<\/h3>\n<ul>\n  <li>location d\u2019\u00e9quipement<\/li>\n  <li>assurance plong\u00e9e<\/li>\n  <li>certification SSI React Right (si elle n\u2019a pas encore \u00e9t\u00e9 obtenue)<\/li>\n<\/ul>\n\n<h3>Autres cours susceptibles de t\u2019int\u00e9resser<\/h3>\n<ul>\n  <li>React Right<\/li>\n  <li>Divemaster<\/li>\n<\/ul>\n<\/div>\t\t\t\t\t\t\t\t<\/div>\n\t\t\t\t<\/div>\n\t\t\t\t<\/div>\n\t\t\t\t<\/div>\n\t\t<div class=\"elementor-element elementor-element-3933558 e-con-full e-flex e-con e-child\" data-id=\"3933558\" data-element_type=\"container\" data-e-type=\"container\">\n\t\t<div class=\"elementor-element elementor-element-ac2ea6f e-con-full course-sidebar-box e-flex e-con e-child\" data-id=\"ac2ea6f\" data-element_type=\"container\" data-e-type=\"container\" data-settings=\"{&quot;sticky&quot;:&quot;top&quot;,&quot;sticky_offset&quot;:110,&quot;sticky_effects_offset&quot;:130,&quot;sticky_parent&quot;:&quot;yes&quot;,&quot;sticky_on&quot;:[&quot;desktop&quot;,&quot;tablet&quot;,&quot;mobile&quot;],&quot;sticky_anchor_link_offset&quot;:0}\">\n\t\t\t\t<div class=\"elementor-element elementor-element-bb66485 elementor-widget elementor-widget-text-editor\" data-id=\"bb66485\" data-element_type=\"widget\" data-e-type=\"widget\" data-widget_type=\"text-editor.default\">\n\t\t\t\t<div class=\"elementor-widget-container\">\n\t\t\t\t\t\t\t\t\t<div class=\"courses-info\"><h6 class=\"no-margin\">Dur\u00e9e :<\/h6><p class=\"no-margin\">Cours de 2-3 jours<\/p><\/div><div class=\"courses-info\"><h6 class=\"no-margin\">Prix :<\/h6><p class=\"no-margin\">\u00c0 partir de 450 \u20ac<\/p><\/div>\t\t\t\t\t\t\t\t<\/div>\n\t\t\t\t<\/div>\n\t\t\t\t<div class=\"elementor-element elementor-element-a2481d6 elementor-mobile-align-center elementor-widget elementor-widget-button\" data-id=\"a2481d6\" data-element_type=\"widget\" data-e-type=\"widget\" data-widget_type=\"button.default\">\n\t\t\t\t<div class=\"elementor-widget-container\">\n\t\t\t\t\t\t\t\t\t<div class=\"elementor-button-wrapper\">\n\t\t\t\t\t<a class=\"elementor-button elementor-button-link elementor-size-sm\" href=\"https:\/\/app.bukyapp.com\/front\/6213b2319a1bbf005fa0b870\/product\/622227aa4db01a005f511a1f?lang=fr\" target=\"_blank\">\n\t\t\t\t\t\t<span class=\"elementor-button-content-wrapper\">\n\t\t\t\t\t\t\t\t\t<span class=\"elementor-button-text\">R\u00e9server le cours<\/span>\n\t\t\t\t\t<\/span>\n\t\t\t\t\t<\/a>\n\t\t\t\t<\/div>\n\t\t\t\t\t\t\t\t<\/div>\n\t\t\t\t<\/div>\n\t\t\t\t<\/div>\n\t\t\t\t<\/div>\n\t\t\t\t\t<\/div>\n\t\t\t\t<\/div>\n\t\t\t\t<\/div>\n\t\t","protected":false},"excerpt":{"rendered":"<p>r\u00e9cr\u00e9atif Diver Stress and Rescue Apprenez les comp\u00e9tences vitales de sauvetage Aper\u00e7u du programme : La plupart des incidents de plong\u00e9e peuvent \u00eatre \u00e9vit\u00e9s bien avant de devenir de v\u00e9ritables urgences. Savoir reconna\u00eetre le stress \u00e0 temps, rester attentif \u00e0 son environnement et r\u00e9agir calmement fait partie des comp\u00e9tences les plus pr\u00e9cieuses qu\u2019un plongeur puisse [&hellip;]<\/p>\n","protected":false},"author":10,"featured_media":0,"parent":0,"menu_order":0,"comment_status":"closed","ping_status":"closed","template":"","meta":{"_acf_changed":false,"footnotes":""},"class_list":["post-24559","page","type-page","status-publish","hentry"],"acf":[],"yoast_head":"<!-- This site is optimized with the Yoast SEO plugin v27.5 - https:\/\/yoast.com\/product\/yoast-seo-wordpress\/ -->\n<title>Diver Stress and Rescue | Calero Diving Lanzarote<\/title>\n<meta name=\"robots\" content=\"index, follow, max-snippet:-1, max-image-preview:large, max-video-preview:-1\" \/>\n<link rel=\"canonical\" href=\"https:\/\/calerodiving.com\/diver-stress-and-rescue\/\" \/>\n<meta property=\"og:locale\" content=\"fr_FR\" \/>\n<meta property=\"og:type\" content=\"article\" \/>\n<meta property=\"og:title\" content=\"Diver Stress and Rescue | Calero Diving Lanzarote\" \/>\n<meta property=\"og:description\" content=\"r\u00e9cr\u00e9atif Diver Stress and Rescue Apprenez les comp\u00e9tences vitales de sauvetage Aper\u00e7u du programme : La plupart des incidents de plong\u00e9e peuvent \u00eatre \u00e9vit\u00e9s bien avant de devenir de v\u00e9ritables urgences. Savoir reconna\u00eetre le stress \u00e0 temps, rester attentif \u00e0 son environnement et r\u00e9agir calmement fait partie des comp\u00e9tences les plus pr\u00e9cieuses qu\u2019un plongeur puisse [&hellip;]\" \/>\n<meta property=\"og:url\" content=\"https:\/\/calerodiving.com\/diver-stress-and-rescue\/\" \/>\n<meta property=\"og:site_name\" content=\"Calero Diving Lanzarote\" \/>\n<meta property=\"article:publisher\" content=\"https:\/\/www.facebook.com\/calerodiving\/\" \/>\n<meta property=\"article:modified_time\" content=\"2026-04-20T09:56:57+00:00\" \/>\n<meta property=\"og:image\" content=\"https:\/\/calerodiving.com\/wp-content\/uploads\/2017\/09\/diver-stress-rescue.jpg\" \/>\n\t<meta property=\"og:image:width\" content=\"350\" \/>\n\t<meta property=\"og:image:height\" content=\"222\" \/>\n\t<meta property=\"og:image:type\" content=\"image\/jpeg\" \/>\n<meta name=\"twitter:card\" content=\"summary_large_image\" \/>\n<meta name=\"twitter:label1\" content=\"Dur\u00e9e de lecture estim\u00e9e\" \/>\n\t<meta name=\"twitter:data1\" content=\"2 minutes\" \/>\n<script type=\"application\/ld+json\" class=\"yoast-schema-graph\">{\"@context\":\"https:\\\/\\\/schema.org\",\"@graph\":[{\"@type\":\"WebPage\",\"@id\":\"https:\\\/\\\/calerodiving.com\\\/diver-stress-and-rescue\\\/\",\"url\":\"https:\\\/\\\/calerodiving.com\\\/diver-stress-and-rescue\\\/\",\"name\":\"Diver Stress and Rescue | Calero Diving Lanzarote\",\"isPartOf\":{\"@id\":\"https:\\\/\\\/calerodiving.com\\\/#website\"},\"primaryImageOfPage\":{\"@id\":\"https:\\\/\\\/calerodiving.com\\\/diver-stress-and-rescue\\\/#primaryimage\"},\"image\":{\"@id\":\"https:\\\/\\\/calerodiving.com\\\/diver-stress-and-rescue\\\/#primaryimage\"},\"thumbnailUrl\":\"https:\\\/\\\/calerodiving.com\\\/wp-content\\\/uploads\\\/2017\\\/09\\\/diver-stress-rescue.jpg\",\"datePublished\":\"2025-08-27T07:48:30+00:00\",\"dateModified\":\"2026-04-20T09:56:57+00:00\",\"breadcrumb\":{\"@id\":\"https:\\\/\\\/calerodiving.com\\\/diver-stress-and-rescue\\\/#breadcrumb\"},\"inLanguage\":\"fr-FR\",\"potentialAction\":[{\"@type\":\"ReadAction\",\"target\":[\"https:\\\/\\\/calerodiving.com\\\/diver-stress-and-rescue\\\/\"]}]},{\"@type\":\"ImageObject\",\"inLanguage\":\"fr-FR\",\"@id\":\"https:\\\/\\\/calerodiving.com\\\/diver-stress-and-rescue\\\/#primaryimage\",\"url\":\"https:\\\/\\\/calerodiving.com\\\/wp-content\\\/uploads\\\/2017\\\/09\\\/diver-stress-rescue.jpg\",\"contentUrl\":\"https:\\\/\\\/calerodiving.com\\\/wp-content\\\/uploads\\\/2017\\\/09\\\/diver-stress-rescue.jpg\"},{\"@type\":\"BreadcrumbList\",\"@id\":\"https:\\\/\\\/calerodiving.com\\\/diver-stress-and-rescue\\\/#breadcrumb\",\"itemListElement\":[{\"@type\":\"ListItem\",\"position\":1,\"name\":\"Home\",\"item\":\"https:\\\/\\\/calerodiving.com\\\/es\\\/\"},{\"@type\":\"ListItem\",\"position\":2,\"name\":\"Diver Stress and Rescue\"}]},{\"@type\":\"WebSite\",\"@id\":\"https:\\\/\\\/calerodiving.com\\\/#website\",\"url\":\"https:\\\/\\\/calerodiving.com\\\/\",\"name\":\"Calero Diving Lanzarote\",\"description\":\"Dive Center - Marina Puerto Calero Lanzarote\",\"publisher\":{\"@id\":\"https:\\\/\\\/calerodiving.com\\\/#organization\"},\"alternateName\":\"Calero Diving\",\"potentialAction\":[{\"@type\":\"SearchAction\",\"target\":{\"@type\":\"EntryPoint\",\"urlTemplate\":\"https:\\\/\\\/calerodiving.com\\\/?s={search_term_string}\"},\"query-input\":{\"@type\":\"PropertyValueSpecification\",\"valueRequired\":true,\"valueName\":\"search_term_string\"}}],\"inLanguage\":\"fr-FR\"},{\"@type\":\"Organization\",\"@id\":\"https:\\\/\\\/calerodiving.com\\\/#organization\",\"name\":\"Calero Diving Lanzarote\",\"alternateName\":\"Calero Diving\",\"url\":\"https:\\\/\\\/calerodiving.com\\\/\",\"logo\":{\"@type\":\"ImageObject\",\"inLanguage\":\"fr-FR\",\"@id\":\"https:\\\/\\\/calerodiving.com\\\/#\\\/schema\\\/logo\\\/image\\\/\",\"url\":\"https:\\\/\\\/calerodiving.com\\\/wp-content\\\/uploads\\\/2025\\\/05\\\/Grupo.png\",\"contentUrl\":\"https:\\\/\\\/calerodiving.com\\\/wp-content\\\/uploads\\\/2025\\\/05\\\/Grupo.png\",\"width\":499,\"height\":590,\"caption\":\"Calero Diving Lanzarote\"},\"image\":{\"@id\":\"https:\\\/\\\/calerodiving.com\\\/#\\\/schema\\\/logo\\\/image\\\/\"},\"sameAs\":[\"https:\\\/\\\/www.facebook.com\\\/calerodiving\\\/\",\"https:\\\/\\\/www.instagram.com\\\/calerodiving\\\/\"]}]}<\/script>\n<!-- \/ Yoast SEO plugin. -->","yoast_head_json":{"title":"Diver Stress and Rescue | Calero Diving Lanzarote","robots":{"index":"index","follow":"follow","max-snippet":"max-snippet:-1","max-image-preview":"max-image-preview:large","max-video-preview":"max-video-preview:-1"},"canonical":"https:\/\/calerodiving.com\/diver-stress-and-rescue\/","og_locale":"fr_FR","og_type":"article","og_title":"Diver Stress and Rescue | Calero Diving Lanzarote","og_description":"r\u00e9cr\u00e9atif Diver Stress and Rescue Apprenez les comp\u00e9tences vitales de sauvetage Aper\u00e7u du programme : La plupart des incidents de plong\u00e9e peuvent \u00eatre \u00e9vit\u00e9s bien avant de devenir de v\u00e9ritables urgences. Savoir reconna\u00eetre le stress \u00e0 temps, rester attentif \u00e0 son environnement et r\u00e9agir calmement fait partie des comp\u00e9tences les plus pr\u00e9cieuses qu\u2019un plongeur puisse [&hellip;]","og_url":"https:\/\/calerodiving.com\/diver-stress-and-rescue\/","og_site_name":"Calero Diving Lanzarote","article_publisher":"https:\/\/www.facebook.com\/calerodiving\/","article_modified_time":"2026-04-20T09:56:57+00:00","og_image":[{"width":350,"height":222,"url":"https:\/\/calerodiving.com\/wp-content\/uploads\/2017\/09\/diver-stress-rescue.jpg","type":"image\/jpeg"}],"twitter_card":"summary_large_image","twitter_misc":{"Dur\u00e9e de lecture estim\u00e9e":"2 minutes"},"schema":{"@context":"https:\/\/schema.org","@graph":[{"@type":"WebPage","@id":"https:\/\/calerodiving.com\/diver-stress-and-rescue\/","url":"https:\/\/calerodiving.com\/diver-stress-and-rescue\/","name":"Diver Stress and Rescue | Calero Diving Lanzarote","isPartOf":{"@id":"https:\/\/calerodiving.com\/#website"},"primaryImageOfPage":{"@id":"https:\/\/calerodiving.com\/diver-stress-and-rescue\/#primaryimage"},"image":{"@id":"https:\/\/calerodiving.com\/diver-stress-and-rescue\/#primaryimage"},"thumbnailUrl":"https:\/\/calerodiving.com\/wp-content\/uploads\/2017\/09\/diver-stress-rescue.jpg","datePublished":"2025-08-27T07:48:30+00:00","dateModified":"2026-04-20T09:56:57+00:00","breadcrumb":{"@id":"https:\/\/calerodiving.com\/diver-stress-and-rescue\/#breadcrumb"},"inLanguage":"fr-FR","potentialAction":[{"@type":"ReadAction","target":["https:\/\/calerodiving.com\/diver-stress-and-rescue\/"]}]},{"@type":"ImageObject","inLanguage":"fr-FR","@id":"https:\/\/calerodiving.com\/diver-stress-and-rescue\/#primaryimage","url":"https:\/\/calerodiving.com\/wp-content\/uploads\/2017\/09\/diver-stress-rescue.jpg","contentUrl":"https:\/\/calerodiving.com\/wp-content\/uploads\/2017\/09\/diver-stress-rescue.jpg"},{"@type":"BreadcrumbList","@id":"https:\/\/calerodiving.com\/diver-stress-and-rescue\/#breadcrumb","itemListElement":[{"@type":"ListItem","position":1,"name":"Home","item":"https:\/\/calerodiving.com\/es\/"},{"@type":"ListItem","position":2,"name":"Diver Stress and Rescue"}]},{"@type":"WebSite","@id":"https:\/\/calerodiving.com\/#website","url":"https:\/\/calerodiving.com\/","name":"Calero Diving Lanzarote","description":"Dive Center - Marina Puerto Calero Lanzarote","publisher":{"@id":"https:\/\/calerodiving.com\/#organization"},"alternateName":"Calero Diving","potentialAction":[{"@type":"SearchAction","target":{"@type":"EntryPoint","urlTemplate":"https:\/\/calerodiving.com\/?s={search_term_string}"},"query-input":{"@type":"PropertyValueSpecification","valueRequired":true,"valueName":"search_term_string"}}],"inLanguage":"fr-FR"},{"@type":"Organization","@id":"https:\/\/calerodiving.com\/#organization","name":"Calero Diving Lanzarote","alternateName":"Calero Diving","url":"https:\/\/calerodiving.com\/","logo":{"@type":"ImageObject","inLanguage":"fr-FR","@id":"https:\/\/calerodiving.com\/#\/schema\/logo\/image\/","url":"https:\/\/calerodiving.com\/wp-content\/uploads\/2025\/05\/Grupo.png","contentUrl":"https:\/\/calerodiving.com\/wp-content\/uploads\/2025\/05\/Grupo.png","width":499,"height":590,"caption":"Calero Diving Lanzarote"},"image":{"@id":"https:\/\/calerodiving.com\/#\/schema\/logo\/image\/"},"sameAs":["https:\/\/www.facebook.com\/calerodiving\/","https:\/\/www.instagram.com\/calerodiving\/"]}]}},"_links":{"self":[{"href":"https:\/\/calerodiving.com\/fr\/wp-json\/wp\/v2\/pages\/24559","targetHints":{"allow":["GET"]}}],"collection":[{"href":"https:\/\/calerodiving.com\/fr\/wp-json\/wp\/v2\/pages"}],"about":[{"href":"https:\/\/calerodiving.com\/fr\/wp-json\/wp\/v2\/types\/page"}],"author":[{"embeddable":true,"href":"https:\/\/calerodiving.com\/fr\/wp-json\/wp\/v2\/users\/10"}],"replies":[{"embeddable":true,"href":"https:\/\/calerodiving.com\/fr\/wp-json\/wp\/v2\/comments?post=24559"}],"version-history":[{"count":13,"href":"https:\/\/calerodiving.com\/fr\/wp-json\/wp\/v2\/pages\/24559\/revisions"}],"predecessor-version":[{"id":27957,"href":"https:\/\/calerodiving.com\/fr\/wp-json\/wp\/v2\/pages\/24559\/revisions\/27957"}],"wp:attachment":[{"href":"https:\/\/calerodiving.com\/fr\/wp-json\/wp\/v2\/media?parent=24559"}],"curies":[{"name":"wp","href":"https:\/\/api.w.org\/{rel}","templated":true}]}}