{"id":24522,"date":"2025-08-27T08:47:16","date_gmt":"2025-08-27T07:47:16","guid":{"rendered":"https:\/\/calerodiving.com\/plongeur-debutant\/"},"modified":"2026-04-20T13:37:15","modified_gmt":"2026-04-20T12:37:15","slug":"plongeur-debutant","status":"publish","type":"page","link":"https:\/\/calerodiving.com\/fr\/plongeur-debutant\/","title":{"rendered":"Plongeur d\u00e9butant"},"content":{"rendered":"\t\t<div data-elementor-type=\"wp-page\" data-elementor-id=\"24522\" class=\"elementor elementor-24522 elementor-21698\" data-elementor-post-type=\"page\">\n\t\t\t\t<div class=\"elementor-element elementor-element-8576626 e-flex e-con-boxed e-con e-parent\" data-id=\"8576626\" data-element_type=\"container\" data-e-type=\"container\">\n\t\t\t\t\t<div class=\"e-con-inner\">\n\t\t<div class=\"elementor-element elementor-element-2df522f e-con-full e-flex e-con e-child\" data-id=\"2df522f\" data-element_type=\"container\" data-e-type=\"container\">\n\t\t\t\t<div class=\"elementor-element elementor-element-4bbd99c elementor-widget elementor-widget-image\" data-id=\"4bbd99c\" data-element_type=\"widget\" data-e-type=\"widget\" data-widget_type=\"image.default\">\n\t\t\t\t<div class=\"elementor-widget-container\">\n\t\t\t\t\t\t\t\t\t\t\t\t\t\t\t<img fetchpriority=\"high\" decoding=\"async\" width=\"800\" height=\"508\" src=\"https:\/\/calerodiving.com\/wp-content\/uploads\/2022\/02\/1000-1.jpeg\" class=\"attachment-large size-large wp-image-14898\" alt=\"Basic Diver\" srcset=\"https:\/\/calerodiving.com\/wp-content\/uploads\/2022\/02\/1000-1.jpeg 1000w, https:\/\/calerodiving.com\/wp-content\/uploads\/2022\/02\/1000-1-300x191.jpeg 300w, https:\/\/calerodiving.com\/wp-content\/uploads\/2022\/02\/1000-1-768x488.jpeg 768w, https:\/\/calerodiving.com\/wp-content\/uploads\/2022\/02\/1000-1-705x448.jpeg 705w\" sizes=\"(max-width: 800px) 100vw, 800px\" \/>\t\t\t\t\t\t\t\t\t\t\t\t\t\t\t<\/div>\n\t\t\t\t<\/div>\n\t\t\t\t<\/div>\n\t\t<div class=\"elementor-element elementor-element-502d166 e-con-full e-flex e-con e-child\" data-id=\"502d166\" data-element_type=\"container\" data-e-type=\"container\">\n\t\t<div class=\"elementor-element elementor-element-257dae7 e-con-full e-flex e-con e-child\" data-id=\"257dae7\" data-element_type=\"container\" data-e-type=\"container\">\n\t\t\t\t<div class=\"elementor-element elementor-element-fe51e91 elementor-widget elementor-widget-html\" data-id=\"fe51e91\" data-element_type=\"widget\" data-e-type=\"widget\" data-widget_type=\"html.default\">\n\t\t\t\t<div class=\"elementor-widget-container\">\n\t\t\t\t\t<a href=\"https:\/\/calerodiving.com\/fr\/?page_id=24218#recreational\" class=\"tag-button\">loisir<\/a>\n\t\t\t\t<\/div>\n\t\t\t\t<\/div>\n\t\t\t\t<div class=\"elementor-element elementor-element-b6c7a0d elementor-widget elementor-widget-heading\" data-id=\"b6c7a0d\" data-element_type=\"widget\" data-e-type=\"widget\" data-widget_type=\"heading.default\">\n\t\t\t\t<div class=\"elementor-widget-container\">\n\t\t\t\t\t<h2 class=\"elementor-heading-title elementor-size-default\">Basic Diver<\/h2>\t\t\t\t<\/div>\n\t\t\t\t<\/div>\n\t\t\t\t<\/div>\n\t\t\t\t<\/div>\n\t\t\t\t\t<\/div>\n\t\t\t\t<\/div>\n\t\t<div class=\"elementor-element elementor-element-7791f5c e-flex e-con-boxed e-con e-parent\" data-id=\"7791f5c\" data-element_type=\"container\" data-e-type=\"container\">\n\t\t\t\t\t<div class=\"e-con-inner\">\n\t\t<div class=\"elementor-element elementor-element-9467938 e-con-full e-flex e-con e-child\" data-id=\"9467938\" data-element_type=\"container\" data-e-type=\"container\">\n\t\t<div class=\"elementor-element elementor-element-880ed0d e-con-full e-flex e-con e-child\" data-id=\"880ed0d\" data-element_type=\"container\" data-e-type=\"container\">\n\t\t\t\t<div class=\"elementor-element elementor-element-63a89ef elementor-widget elementor-widget-heading\" data-id=\"63a89ef\" data-element_type=\"widget\" data-e-type=\"widget\" data-widget_type=\"heading.default\">\n\t\t\t\t<div class=\"elementor-widget-container\">\n\t\t\t\t\t<h2 class=\"elementor-heading-title elementor-size-default\">Votre premi\u00e8re exp\u00e9rience de plong\u00e9e avec une certification temporaire<\/h2>\t\t\t\t<\/div>\n\t\t\t\t<\/div>\n\t\t\t\t<div class=\"elementor-element elementor-element-faf3442 elementor-widget elementor-widget-text-editor\" data-id=\"faf3442\" data-element_type=\"widget\" data-e-type=\"widget\" data-widget_type=\"text-editor.default\">\n\t\t\t\t<div class=\"elementor-widget-container\">\n\t\t\t\t\t\t\t\t\t<div class=\"section-list\"><h3>Aper\u00e7u du programme :<\/h3><p>Le programme SSI Basic Diver est ta premi\u00e8re v\u00e9ritable immersion dans la plong\u00e9e, combinant th\u00e9orie, pratique et deux plong\u00e9es en une seule exp\u00e9rience.<\/p><p><span style=\"font-family: -apple-system, BlinkMacSystemFont, 'SF Pro Display', 'Helvetica Neue', sans-serif;\">Tu commenceras par une courte introduction aux bases, suivie d\u2019une immersion peu profonde pour pratiquer la respiration, les mouvements et la flottabilit\u00e9.<\/span><\/p><p><span style=\"font-family: -apple-system, BlinkMacSystemFont, 'SF Pro Display', 'Helvetica Neue', sans-serif;\">Apr\u00e8s une courte pause, tu retourneras dans l\u2019eau pour une deuxi\u00e8me plong\u00e9e, o\u00f9 tu pourras te d\u00e9tendre et profiter d\u2019une visite guid\u00e9e d\u2019un site local.<\/span><\/p><p><span style=\"font-family: -apple-system, BlinkMacSystemFont, 'SF Pro Display', 'Helvetica Neue', sans-serif;\">\u00c0 la fin de l\u2019exp\u00e9rience, tu recevras ta certification SSI Basic Diver au format num\u00e9rique.<\/span><\/p><p><span style=\"font-family: -apple-system, BlinkMacSystemFont, 'SF Pro Display', 'Helvetica Neue', sans-serif;\">Cette certification est valable 6 mois et te permet de plonger jusqu\u2019\u00e0 12 m\u00e8tres sous la supervision directe d\u2019un professionnel.<\/span><\/p><p><span style=\"font-family: -apple-system, BlinkMacSystemFont, 'SF Pro Display', 'Helvetica Neue', sans-serif;\">Elle est \u00e9galement prise en compte pour le cours Open Water Diver et te donne une excellente base si tu poursuis ta formation.<\/span><\/p><h3>Dur\u00e9e<\/h3><ul><li>Env. 4 heures<\/li><\/ul><h3>Comprend<\/h3><ul><li>Location de l\u2019\u00e9quipement<\/li><li>Supports num\u00e9riques<\/li><li>Assurance plong\u00e9e<\/li><li>Certification SSI Basic Diver<\/li><\/ul><h3>Non inclus<\/h3><ul><li>Photos sous-marines (location de cam\u00e9ra disponible sur demande)<\/li><\/ul><h3>Conditions requises<\/h3><ul><li>Savoir nager de fa\u00e7on basique<\/li><li>Avoir au moins 10 ans<\/li><\/ul><\/div>\t\t\t\t\t\t\t\t<\/div>\n\t\t\t\t<\/div>\n\t\t\t\t<\/div>\n\t\t\t\t<\/div>\n\t\t<div class=\"elementor-element elementor-element-0e9dc12 e-con-full e-flex e-con e-child\" data-id=\"0e9dc12\" data-element_type=\"container\" data-e-type=\"container\">\n\t\t<div class=\"elementor-element elementor-element-15c061c e-con-full course-sidebar-box e-flex e-con e-child\" data-id=\"15c061c\" data-element_type=\"container\" data-e-type=\"container\" data-settings=\"{&quot;sticky&quot;:&quot;top&quot;,&quot;sticky_offset&quot;:110,&quot;sticky_effects_offset&quot;:130,&quot;sticky_parent&quot;:&quot;yes&quot;,&quot;sticky_on&quot;:[&quot;desktop&quot;,&quot;tablet&quot;,&quot;mobile&quot;],&quot;sticky_anchor_link_offset&quot;:0}\">\n\t\t\t\t<div class=\"elementor-element elementor-element-878e393 elementor-widget elementor-widget-text-editor\" data-id=\"878e393\" data-element_type=\"widget\" data-e-type=\"widget\" data-widget_type=\"text-editor.default\">\n\t\t\t\t<div class=\"elementor-widget-container\">\n\t\t\t\t\t\t\t\t\t<div class=\"courses-info\"><h6 class=\"no-margin\">Dur\u00e9e :<\/h6><p class=\"no-margin\">Cours de 4 heures<\/p><\/div><div class=\"courses-info\"><h6 class=\"no-margin\">Prix :<\/h6><p class=\"no-margin\">\u00c0 partir de 175 \u20ac<\/p><\/div>\t\t\t\t\t\t\t\t<\/div>\n\t\t\t\t<\/div>\n\t\t\t\t<div class=\"elementor-element elementor-element-3fc9a35 elementor-mobile-align-center elementor-widget elementor-widget-button\" data-id=\"3fc9a35\" data-element_type=\"widget\" data-e-type=\"widget\" data-widget_type=\"button.default\">\n\t\t\t\t<div class=\"elementor-widget-container\">\n\t\t\t\t\t\t\t\t\t<div class=\"elementor-button-wrapper\">\n\t\t\t\t\t<a class=\"elementor-button elementor-button-link elementor-size-sm\" href=\"https:\/\/bukyapp.com\/booking?mode=pack&#038;product=621d3a524db01a005f510d0e&#038;lang=en&#038;_gl=1*1fpl0cs*_ga*ODU1MDM5OTIuMTc0MTE5MTcyMQ..*_ga_4WWMT2EY3C*czE3NTI0ODMwNDIkbzYzJGcxJHQxNzUyNDgzNTA5JGo1MyRsMCRoMA..\" target=\"_blank\">\n\t\t\t\t\t\t<span class=\"elementor-button-content-wrapper\">\n\t\t\t\t\t\t\t\t\t<span class=\"elementor-button-text\">R\u00e9server le cours<\/span>\n\t\t\t\t\t<\/span>\n\t\t\t\t\t<\/a>\n\t\t\t\t<\/div>\n\t\t\t\t\t\t\t\t<\/div>\n\t\t\t\t<\/div>\n\t\t\t\t<\/div>\n\t\t\t\t<\/div>\n\t\t\t\t\t<\/div>\n\t\t\t\t<\/div>\n\t\t\t\t<\/div>\n\t\t","protected":false},"excerpt":{"rendered":"<p>loisir Basic Diver Votre premi\u00e8re exp\u00e9rience de plong\u00e9e avec une certification temporaire Aper\u00e7u du programme : Le programme SSI Basic Diver est ta premi\u00e8re v\u00e9ritable immersion dans la plong\u00e9e, combinant th\u00e9orie, pratique et deux plong\u00e9es en une seule exp\u00e9rience. Tu commenceras par une courte introduction aux bases, suivie d\u2019une immersion peu profonde pour pratiquer la [&hellip;]<\/p>\n","protected":false},"author":10,"featured_media":0,"parent":0,"menu_order":0,"comment_status":"closed","ping_status":"closed","template":"","meta":{"_acf_changed":false,"footnotes":""},"class_list":["post-24522","page","type-page","status-publish","hentry"],"acf":[],"yoast_head":"<!-- This site is optimized with the Yoast SEO plugin v27.5 - https:\/\/yoast.com\/product\/yoast-seo-wordpress\/ -->\n<title>Plongeur d\u00e9butant | Calero Diving Lanzarote<\/title>\n<meta name=\"robots\" content=\"index, follow, max-snippet:-1, max-image-preview:large, max-video-preview:-1\" \/>\n<link rel=\"canonical\" href=\"https:\/\/calerodiving.com\/basic-diver\/\" \/>\n<meta property=\"og:locale\" content=\"fr_FR\" \/>\n<meta property=\"og:type\" content=\"article\" \/>\n<meta property=\"og:title\" content=\"Plongeur d\u00e9butant | Calero Diving Lanzarote\" \/>\n<meta property=\"og:description\" content=\"loisir Basic Diver Votre premi\u00e8re exp\u00e9rience de plong\u00e9e avec une certification temporaire Aper\u00e7u du programme : Le programme SSI Basic Diver est ta premi\u00e8re v\u00e9ritable immersion dans la plong\u00e9e, combinant th\u00e9orie, pratique et deux plong\u00e9es en une seule exp\u00e9rience. Tu commenceras par une courte introduction aux bases, suivie d\u2019une immersion peu profonde pour pratiquer la [&hellip;]\" \/>\n<meta property=\"og:url\" content=\"https:\/\/calerodiving.com\/basic-diver\/\" \/>\n<meta property=\"og:site_name\" content=\"Calero Diving Lanzarote\" \/>\n<meta property=\"article:publisher\" content=\"https:\/\/www.facebook.com\/calerodiving\/\" \/>\n<meta property=\"article:modified_time\" content=\"2026-04-20T12:37:15+00:00\" \/>\n<meta property=\"og:image\" content=\"https:\/\/calerodiving.com\/wp-content\/uploads\/2022\/02\/1000-1.jpeg\" \/>\n\t<meta property=\"og:image:width\" content=\"1000\" \/>\n\t<meta property=\"og:image:height\" content=\"635\" \/>\n\t<meta property=\"og:image:type\" content=\"image\/jpeg\" \/>\n<meta name=\"twitter:card\" content=\"summary_large_image\" \/>\n<meta name=\"twitter:label1\" content=\"Dur\u00e9e de lecture estim\u00e9e\" \/>\n\t<meta name=\"twitter:data1\" content=\"2 minutes\" \/>\n<script type=\"application\/ld+json\" class=\"yoast-schema-graph\">{\"@context\":\"https:\\\/\\\/schema.org\",\"@graph\":[{\"@type\":\"WebPage\",\"@id\":\"https:\\\/\\\/calerodiving.com\\\/basic-diver\\\/\",\"url\":\"https:\\\/\\\/calerodiving.com\\\/basic-diver\\\/\",\"name\":\"Plongeur d\u00e9butant | Calero Diving Lanzarote\",\"isPartOf\":{\"@id\":\"https:\\\/\\\/calerodiving.com\\\/#website\"},\"primaryImageOfPage\":{\"@id\":\"https:\\\/\\\/calerodiving.com\\\/basic-diver\\\/#primaryimage\"},\"image\":{\"@id\":\"https:\\\/\\\/calerodiving.com\\\/basic-diver\\\/#primaryimage\"},\"thumbnailUrl\":\"https:\\\/\\\/calerodiving.com\\\/wp-content\\\/uploads\\\/2022\\\/02\\\/1000-1.jpeg\",\"datePublished\":\"2025-08-27T07:47:16+00:00\",\"dateModified\":\"2026-04-20T12:37:15+00:00\",\"breadcrumb\":{\"@id\":\"https:\\\/\\\/calerodiving.com\\\/basic-diver\\\/#breadcrumb\"},\"inLanguage\":\"fr-FR\",\"potentialAction\":[{\"@type\":\"ReadAction\",\"target\":[\"https:\\\/\\\/calerodiving.com\\\/basic-diver\\\/\"]}]},{\"@type\":\"ImageObject\",\"inLanguage\":\"fr-FR\",\"@id\":\"https:\\\/\\\/calerodiving.com\\\/basic-diver\\\/#primaryimage\",\"url\":\"https:\\\/\\\/calerodiving.com\\\/wp-content\\\/uploads\\\/2022\\\/02\\\/1000-1.jpeg\",\"contentUrl\":\"https:\\\/\\\/calerodiving.com\\\/wp-content\\\/uploads\\\/2022\\\/02\\\/1000-1.jpeg\"},{\"@type\":\"BreadcrumbList\",\"@id\":\"https:\\\/\\\/calerodiving.com\\\/basic-diver\\\/#breadcrumb\",\"itemListElement\":[{\"@type\":\"ListItem\",\"position\":1,\"name\":\"Home\",\"item\":\"https:\\\/\\\/calerodiving.com\\\/es\\\/\"},{\"@type\":\"ListItem\",\"position\":2,\"name\":\"Plongeur d\u00e9butant\"}]},{\"@type\":\"WebSite\",\"@id\":\"https:\\\/\\\/calerodiving.com\\\/#website\",\"url\":\"https:\\\/\\\/calerodiving.com\\\/\",\"name\":\"Calero Diving Lanzarote\",\"description\":\"Dive Center - Marina Puerto Calero Lanzarote\",\"publisher\":{\"@id\":\"https:\\\/\\\/calerodiving.com\\\/#organization\"},\"alternateName\":\"Calero Diving\",\"potentialAction\":[{\"@type\":\"SearchAction\",\"target\":{\"@type\":\"EntryPoint\",\"urlTemplate\":\"https:\\\/\\\/calerodiving.com\\\/?s={search_term_string}\"},\"query-input\":{\"@type\":\"PropertyValueSpecification\",\"valueRequired\":true,\"valueName\":\"search_term_string\"}}],\"inLanguage\":\"fr-FR\"},{\"@type\":\"Organization\",\"@id\":\"https:\\\/\\\/calerodiving.com\\\/#organization\",\"name\":\"Calero Diving Lanzarote\",\"alternateName\":\"Calero Diving\",\"url\":\"https:\\\/\\\/calerodiving.com\\\/\",\"logo\":{\"@type\":\"ImageObject\",\"inLanguage\":\"fr-FR\",\"@id\":\"https:\\\/\\\/calerodiving.com\\\/#\\\/schema\\\/logo\\\/image\\\/\",\"url\":\"https:\\\/\\\/calerodiving.com\\\/wp-content\\\/uploads\\\/2025\\\/05\\\/Grupo.png\",\"contentUrl\":\"https:\\\/\\\/calerodiving.com\\\/wp-content\\\/uploads\\\/2025\\\/05\\\/Grupo.png\",\"width\":499,\"height\":590,\"caption\":\"Calero Diving Lanzarote\"},\"image\":{\"@id\":\"https:\\\/\\\/calerodiving.com\\\/#\\\/schema\\\/logo\\\/image\\\/\"},\"sameAs\":[\"https:\\\/\\\/www.facebook.com\\\/calerodiving\\\/\",\"https:\\\/\\\/www.instagram.com\\\/calerodiving\\\/\"]}]}<\/script>\n<!-- \/ Yoast SEO plugin. -->","yoast_head_json":{"title":"Plongeur d\u00e9butant | Calero Diving Lanzarote","robots":{"index":"index","follow":"follow","max-snippet":"max-snippet:-1","max-image-preview":"max-image-preview:large","max-video-preview":"max-video-preview:-1"},"canonical":"https:\/\/calerodiving.com\/basic-diver\/","og_locale":"fr_FR","og_type":"article","og_title":"Plongeur d\u00e9butant | Calero Diving Lanzarote","og_description":"loisir Basic Diver Votre premi\u00e8re exp\u00e9rience de plong\u00e9e avec une certification temporaire Aper\u00e7u du programme : Le programme SSI Basic Diver est ta premi\u00e8re v\u00e9ritable immersion dans la plong\u00e9e, combinant th\u00e9orie, pratique et deux plong\u00e9es en une seule exp\u00e9rience. Tu commenceras par une courte introduction aux bases, suivie d\u2019une immersion peu profonde pour pratiquer la [&hellip;]","og_url":"https:\/\/calerodiving.com\/basic-diver\/","og_site_name":"Calero Diving Lanzarote","article_publisher":"https:\/\/www.facebook.com\/calerodiving\/","article_modified_time":"2026-04-20T12:37:15+00:00","og_image":[{"width":1000,"height":635,"url":"https:\/\/calerodiving.com\/wp-content\/uploads\/2022\/02\/1000-1.jpeg","type":"image\/jpeg"}],"twitter_card":"summary_large_image","twitter_misc":{"Dur\u00e9e de lecture estim\u00e9e":"2 minutes"},"schema":{"@context":"https:\/\/schema.org","@graph":[{"@type":"WebPage","@id":"https:\/\/calerodiving.com\/basic-diver\/","url":"https:\/\/calerodiving.com\/basic-diver\/","name":"Plongeur d\u00e9butant | Calero Diving Lanzarote","isPartOf":{"@id":"https:\/\/calerodiving.com\/#website"},"primaryImageOfPage":{"@id":"https:\/\/calerodiving.com\/basic-diver\/#primaryimage"},"image":{"@id":"https:\/\/calerodiving.com\/basic-diver\/#primaryimage"},"thumbnailUrl":"https:\/\/calerodiving.com\/wp-content\/uploads\/2022\/02\/1000-1.jpeg","datePublished":"2025-08-27T07:47:16+00:00","dateModified":"2026-04-20T12:37:15+00:00","breadcrumb":{"@id":"https:\/\/calerodiving.com\/basic-diver\/#breadcrumb"},"inLanguage":"fr-FR","potentialAction":[{"@type":"ReadAction","target":["https:\/\/calerodiving.com\/basic-diver\/"]}]},{"@type":"ImageObject","inLanguage":"fr-FR","@id":"https:\/\/calerodiving.com\/basic-diver\/#primaryimage","url":"https:\/\/calerodiving.com\/wp-content\/uploads\/2022\/02\/1000-1.jpeg","contentUrl":"https:\/\/calerodiving.com\/wp-content\/uploads\/2022\/02\/1000-1.jpeg"},{"@type":"BreadcrumbList","@id":"https:\/\/calerodiving.com\/basic-diver\/#breadcrumb","itemListElement":[{"@type":"ListItem","position":1,"name":"Home","item":"https:\/\/calerodiving.com\/es\/"},{"@type":"ListItem","position":2,"name":"Plongeur d\u00e9butant"}]},{"@type":"WebSite","@id":"https:\/\/calerodiving.com\/#website","url":"https:\/\/calerodiving.com\/","name":"Calero Diving Lanzarote","description":"Dive Center - Marina Puerto Calero Lanzarote","publisher":{"@id":"https:\/\/calerodiving.com\/#organization"},"alternateName":"Calero Diving","potentialAction":[{"@type":"SearchAction","target":{"@type":"EntryPoint","urlTemplate":"https:\/\/calerodiving.com\/?s={search_term_string}"},"query-input":{"@type":"PropertyValueSpecification","valueRequired":true,"valueName":"search_term_string"}}],"inLanguage":"fr-FR"},{"@type":"Organization","@id":"https:\/\/calerodiving.com\/#organization","name":"Calero Diving Lanzarote","alternateName":"Calero Diving","url":"https:\/\/calerodiving.com\/","logo":{"@type":"ImageObject","inLanguage":"fr-FR","@id":"https:\/\/calerodiving.com\/#\/schema\/logo\/image\/","url":"https:\/\/calerodiving.com\/wp-content\/uploads\/2025\/05\/Grupo.png","contentUrl":"https:\/\/calerodiving.com\/wp-content\/uploads\/2025\/05\/Grupo.png","width":499,"height":590,"caption":"Calero Diving Lanzarote"},"image":{"@id":"https:\/\/calerodiving.com\/#\/schema\/logo\/image\/"},"sameAs":["https:\/\/www.facebook.com\/calerodiving\/","https:\/\/www.instagram.com\/calerodiving\/"]}]}},"_links":{"self":[{"href":"https:\/\/calerodiving.com\/fr\/wp-json\/wp\/v2\/pages\/24522","targetHints":{"allow":["GET"]}}],"collection":[{"href":"https:\/\/calerodiving.com\/fr\/wp-json\/wp\/v2\/pages"}],"about":[{"href":"https:\/\/calerodiving.com\/fr\/wp-json\/wp\/v2\/types\/page"}],"author":[{"embeddable":true,"href":"https:\/\/calerodiving.com\/fr\/wp-json\/wp\/v2\/users\/10"}],"replies":[{"embeddable":true,"href":"https:\/\/calerodiving.com\/fr\/wp-json\/wp\/v2\/comments?post=24522"}],"version-history":[{"count":17,"href":"https:\/\/calerodiving.com\/fr\/wp-json\/wp\/v2\/pages\/24522\/revisions"}],"predecessor-version":[{"id":28372,"href":"https:\/\/calerodiving.com\/fr\/wp-json\/wp\/v2\/pages\/24522\/revisions\/28372"}],"wp:attachment":[{"href":"https:\/\/calerodiving.com\/fr\/wp-json\/wp\/v2\/media?parent=24522"}],"curies":[{"name":"wp","href":"https:\/\/api.w.org\/{rel}","templated":true}]}}