{"id":24461,"date":"2025-08-27T08:46:04","date_gmt":"2025-08-27T07:46:04","guid":{"rendered":"https:\/\/calerodiving.com\/divemaster\/"},"modified":"2025-08-27T08:46:05","modified_gmt":"2025-08-27T07:46:05","slug":"divemaster","status":"publish","type":"page","link":"https:\/\/calerodiving.com\/fr\/divemaster\/","title":{"rendered":"Divemaster"},"content":{"rendered":"\t\t<div data-elementor-type=\"wp-page\" data-elementor-id=\"24461\" class=\"elementor elementor-24461 elementor-21593\" data-elementor-post-type=\"page\">\n\t\t\t\t<div class=\"elementor-element elementor-element-fe46b58 e-flex e-con-boxed e-con e-parent\" data-id=\"fe46b58\" data-element_type=\"container\" data-e-type=\"container\">\n\t\t\t\t\t<div class=\"e-con-inner\">\n\t\t<div class=\"elementor-element elementor-element-601aaf2 e-con-full e-flex e-con e-child\" data-id=\"601aaf2\" data-element_type=\"container\" data-e-type=\"container\">\n\t\t\t\t<div class=\"elementor-element elementor-element-098eab2 elementor-widget elementor-widget-image\" data-id=\"098eab2\" data-element_type=\"widget\" data-e-type=\"widget\" data-widget_type=\"image.default\">\n\t\t\t\t<div class=\"elementor-widget-container\">\n\t\t\t\t\t\t\t\t\t\t\t\t\t\t\t<img fetchpriority=\"high\" decoding=\"async\" width=\"700\" height=\"445\" src=\"https:\/\/calerodiving.com\/wp-content\/uploads\/2025\/07\/Divemaster-course.webp\" class=\"attachment-large size-large wp-image-22331\" alt=\"\" srcset=\"https:\/\/calerodiving.com\/wp-content\/uploads\/2025\/07\/Divemaster-course.webp 700w, https:\/\/calerodiving.com\/wp-content\/uploads\/2025\/07\/Divemaster-course-300x191.webp 300w\" sizes=\"(max-width: 700px) 100vw, 700px\" \/>\t\t\t\t\t\t\t\t\t\t\t\t\t\t\t<\/div>\n\t\t\t\t<\/div>\n\t\t\t\t<\/div>\n\t\t<div class=\"elementor-element elementor-element-fa0b452 e-con-full e-flex e-con e-child\" data-id=\"fa0b452\" data-element_type=\"container\" data-e-type=\"container\">\n\t\t<div class=\"elementor-element elementor-element-69f7093 e-con-full e-flex e-con e-child\" data-id=\"69f7093\" data-element_type=\"container\" data-e-type=\"container\">\n\t\t\t\t<div class=\"elementor-element elementor-element-9f75b21 elementor-widget elementor-widget-html\" data-id=\"9f75b21\" data-element_type=\"widget\" data-e-type=\"widget\" data-widget_type=\"html.default\">\n\t\t\t\t<div class=\"elementor-widget-container\">\n\t\t\t\t\t<a href=\"https:\/\/calerodiving.com\/fr\/?page_id=24227\" class=\"tag-button\">Professionnel<\/a>\n\t\t\t\t<\/div>\n\t\t\t\t<\/div>\n\t\t\t\t<div class=\"elementor-element elementor-element-0c954df elementor-widget elementor-widget-heading\" data-id=\"0c954df\" data-element_type=\"widget\" data-e-type=\"widget\" data-widget_type=\"heading.default\">\n\t\t\t\t<div class=\"elementor-widget-container\">\n\t\t\t\t\t<h2 class=\"elementor-heading-title elementor-size-default\">Divemaster<\/h2>\t\t\t\t<\/div>\n\t\t\t\t<\/div>\n\t\t\t\t<\/div>\n\t\t\t\t<\/div>\n\t\t\t\t\t<\/div>\n\t\t\t\t<\/div>\n\t\t<div class=\"elementor-element elementor-element-5d314de e-flex e-con-boxed e-con e-parent\" data-id=\"5d314de\" data-element_type=\"container\" data-e-type=\"container\">\n\t\t\t\t\t<div class=\"e-con-inner\">\n\t\t<div class=\"elementor-element elementor-element-02c47ff e-con-full e-flex e-con e-child\" data-id=\"02c47ff\" data-element_type=\"container\" data-e-type=\"container\">\n\t\t<div class=\"elementor-element elementor-element-f09f315 e-con-full e-flex e-con e-child\" data-id=\"f09f315\" data-element_type=\"container\" data-e-type=\"container\">\n\t\t\t\t<div class=\"elementor-element elementor-element-09d27ff elementor-widget elementor-widget-heading\" data-id=\"09d27ff\" data-element_type=\"widget\" data-e-type=\"widget\" data-widget_type=\"heading.default\">\n\t\t\t\t<div class=\"elementor-widget-container\">\n\t\t\t\t\t<h2 class=\"elementor-heading-title elementor-size-default\">Devenez un plongeur professionnel<\/h2>\t\t\t\t<\/div>\n\t\t\t\t<\/div>\n\t\t\t\t<div class=\"elementor-element elementor-element-d900da4 elementor-widget elementor-widget-text-editor\" data-id=\"d900da4\" data-element_type=\"widget\" data-e-type=\"widget\" data-widget_type=\"text-editor.default\">\n\t\t\t\t<div class=\"elementor-widget-container\">\n\t\t\t\t\t\t\t\t\t<div class=\"section-list\"><h3>Aper\u00e7u du programme :<\/h3><p>Le cours Divemaster est la premi\u00e8re \u00e9tape de votre carri\u00e8re de professionnel de la plong\u00e9e et un pr\u00e9requis pour devenir Instructeur. Ce cours vous apprend \u00e0 guider des groupes de plongeurs d\u00e9j\u00e0 certifi\u00e9s dans une grande vari\u00e9t\u00e9 d&rsquo;environnements et de conditions.<br>Le cours est con\u00e7u pour fournir les comp\u00e9tences et les connaissances n\u00e9cessaires pour g\u00e9rer des groupes de plongeurs en toute s\u00e9curit\u00e9 et avec facilit\u00e9. <\/p><p>Les briefings, les protocoles de s\u00e9curit\u00e9, la gestion et l&rsquo;organisation des plong\u00e9es, les techniques de communication et de leadership ainsi que l&rsquo;identification et la r\u00e9solution des probl\u00e8mes ne sont que quelques-uns des aspects que le cours couvrira.<\/p><p>Le cours de sp\u00e9cialit\u00e9 SSI Science of Diving constitue l&rsquo;autre partie du programme de formation Divemaster. Ce segment vous enseigne tous les aspects scientifiques de la plong\u00e9e pour vous donner les connaissances n\u00e9cessaires \u00e0 la planification et \u00e0 la conduite d&rsquo;activit\u00e9s de plong\u00e9e en toute s\u00e9curit\u00e9. <\/p><p>Vous aurez deux options pour la dur\u00e9e du cours : soit 10 jours, soit 4 \u00e0 6 semaines.<\/p><p>Le cours de 10 jours est un programme de formation intensif qui vous fera participer \u00e0 des ateliers et des sc\u00e9narios qui vous pr\u00e9pareront \u00e0 guider en toute confiance des plongeurs certifi\u00e9s. Ce programme est id\u00e9al pour les plongeurs ayant beaucoup d&rsquo;exp\u00e9rience en plong\u00e9e ou pour ceux qui ne cherchent pas n\u00e9cessairement \u00e0 changer de carri\u00e8re, mais qui souhaitent gagner en confiance dans leurs capacit\u00e9s de plong\u00e9e et utiliser leurs nouvelles comp\u00e9tences chez eux. <\/p><p>Le programme de formation de 4 \u00e0 6 semaines est con\u00e7u pour les plongeurs qui souhaitent am\u00e9liorer leurs comp\u00e9tences en plong\u00e9e et acqu\u00e9rir une vision de l&rsquo;industrie de la plong\u00e9e en tant qu&rsquo;environnement de travail. Ce programme peut \u00eatre personnalis\u00e9 selon vos besoins individuels pour garantir votre immersion compl\u00e8te dans l&rsquo;\u00e9quipe de plong\u00e9e et vous permettre d&rsquo;apprendre non seulement les comp\u00e9tences pratiques de plong\u00e9e, mais aussi les proc\u00e9dures de planification et d&rsquo;organisation en coulisses d&rsquo;une op\u00e9ration de plong\u00e9e, y compris l&rsquo;utilisation d&rsquo;un compresseur et la r\u00e9alisation de l&rsquo;entretien de base du mat\u00e9riel. <\/p><p>Une fois certifi\u00e9 comme Guide de plong\u00e9e SSI, apr\u00e8s avoir effectu\u00e9 au moins 60 plong\u00e9es et compl\u00e9t\u00e9 la sp\u00e9cialit\u00e9 SSI Science of Diving, vous recevrez la certification SSI Divemaster.<\/p><h3>Dur\u00e9e :<\/h3><ul><li>10 jours<\/li><li>4-6 semaines<\/li><\/ul><h3>Inclus :<\/h3><ul><li>Mat\u00e9riel p\u00e9dagogique num\u00e9rique<\/li><li>Mat\u00e9riels de formation physiques<\/li><li>Tous<\/li><\/ul><\/div>\t\t\t\t\t\t\t\t<\/div>\n\t\t\t\t<\/div>\n\t\t\t\t<\/div>\n\t\t\t\t<\/div>\n\t\t<div class=\"elementor-element elementor-element-93430c8 e-con-full e-flex e-con e-child\" data-id=\"93430c8\" data-element_type=\"container\" data-e-type=\"container\">\n\t\t<div class=\"elementor-element elementor-element-a0490bd e-con-full course-sidebar-box e-flex e-con e-child\" data-id=\"a0490bd\" data-element_type=\"container\" data-e-type=\"container\" data-settings=\"{&quot;sticky&quot;:&quot;top&quot;,&quot;sticky_offset&quot;:110,&quot;sticky_effects_offset&quot;:130,&quot;sticky_parent&quot;:&quot;yes&quot;,&quot;sticky_on&quot;:[&quot;desktop&quot;,&quot;tablet&quot;,&quot;mobile&quot;],&quot;sticky_anchor_link_offset&quot;:0}\">\n\t\t\t\t<div class=\"elementor-element elementor-element-88b3797 elementor-widget elementor-widget-text-editor\" data-id=\"88b3797\" data-element_type=\"widget\" data-e-type=\"widget\" data-widget_type=\"text-editor.default\">\n\t\t\t\t<div class=\"elementor-widget-container\">\n\t\t\t\t\t\t\t\t\t<div class=\"courses-info\">\n<h6 class=\"no-margin\">Dur\u00e9e :<\/h6>\n<p class=\"no-margin\"><span style=\"font-size: 1rem;\">Cours de 10 jours<\/span><\/p>\n<\/div>\n<div class=\"courses-info\">\n<h6 class=\"no-margin\">Prix :<\/h6>\n<p class=\"no-margin\">\u00c0 partir de 950 \u20ac<\/p>\n<\/div>\t\t\t\t\t\t\t\t<\/div>\n\t\t\t\t<\/div>\n\t\t\t\t<div class=\"elementor-element elementor-element-814c695 elementor-mobile-align-center elementor-widget elementor-widget-button\" data-id=\"814c695\" data-element_type=\"widget\" data-e-type=\"widget\" data-widget_type=\"button.default\">\n\t\t\t\t<div class=\"elementor-widget-container\">\n\t\t\t\t\t\t\t\t\t<div class=\"elementor-button-wrapper\">\n\t\t\t\t\t<a class=\"elementor-button elementor-size-sm\" role=\"button\">\n\t\t\t\t\t\t<span class=\"elementor-button-content-wrapper\">\n\t\t\t\t\t\t\t\t\t<span class=\"elementor-button-text\">Contact<\/span>\n\t\t\t\t\t<\/span>\n\t\t\t\t\t<\/a>\n\t\t\t\t<\/div>\n\t\t\t\t\t\t\t\t<\/div>\n\t\t\t\t<\/div>\n\t\t\t\t<\/div>\n\t\t\t\t<\/div>\n\t\t\t\t\t<\/div>\n\t\t\t\t<\/div>\n\t\t\t\t<\/div>\n\t\t","protected":false},"excerpt":{"rendered":"<p>Professionnel Divemaster Devenez un plongeur professionnel Aper\u00e7u du programme : Le cours Divemaster est la premi\u00e8re \u00e9tape de votre carri\u00e8re de professionnel de la plong\u00e9e et un pr\u00e9requis pour devenir Instructeur. Ce cours vous apprend \u00e0 guider des groupes de plongeurs d\u00e9j\u00e0 certifi\u00e9s dans une grande vari\u00e9t\u00e9 d&rsquo;environnements et de conditions.Le cours est con\u00e7u pour [&hellip;]<\/p>\n","protected":false},"author":10,"featured_media":0,"parent":0,"menu_order":0,"comment_status":"closed","ping_status":"closed","template":"","meta":{"_acf_changed":false,"footnotes":""},"class_list":["post-24461","page","type-page","status-publish","hentry"],"acf":[],"yoast_head":"<!-- This site is optimized with the Yoast SEO plugin v27.5 - https:\/\/yoast.com\/product\/yoast-seo-wordpress\/ -->\n<title>Divemaster | Calero Diving Lanzarote<\/title>\n<meta name=\"robots\" content=\"index, follow, max-snippet:-1, max-image-preview:large, max-video-preview:-1\" \/>\n<link rel=\"canonical\" href=\"https:\/\/calerodiving.com\/fr\/?page_id=24461\" \/>\n<meta property=\"og:locale\" content=\"fr_FR\" \/>\n<meta property=\"og:type\" content=\"article\" \/>\n<meta property=\"og:title\" content=\"Divemaster | Calero Diving Lanzarote\" \/>\n<meta property=\"og:description\" content=\"Professionnel Divemaster Devenez un plongeur professionnel Aper\u00e7u du programme : Le cours Divemaster est la premi\u00e8re \u00e9tape de votre carri\u00e8re de professionnel de la plong\u00e9e et un pr\u00e9requis pour devenir Instructeur. Ce cours vous apprend \u00e0 guider des groupes de plongeurs d\u00e9j\u00e0 certifi\u00e9s dans une grande vari\u00e9t\u00e9 d&rsquo;environnements et de conditions.Le cours est con\u00e7u pour [&hellip;]\" \/>\n<meta property=\"og:url\" content=\"https:\/\/calerodiving.com\/fr\/?page_id=24461\" \/>\n<meta property=\"og:site_name\" content=\"Calero Diving Lanzarote\" \/>\n<meta property=\"article:publisher\" content=\"https:\/\/www.facebook.com\/calerodiving\/\" \/>\n<meta property=\"article:modified_time\" content=\"2025-08-27T07:46:05+00:00\" \/>\n<meta property=\"og:image\" content=\"https:\/\/calerodiving.com\/wp-content\/uploads\/2025\/07\/Divemaster-course.webp\" \/>\n<meta name=\"twitter:card\" content=\"summary_large_image\" \/>\n<meta name=\"twitter:label1\" content=\"Dur\u00e9e de lecture estim\u00e9e\" \/>\n\t<meta name=\"twitter:data1\" content=\"2 minutes\" \/>\n<script type=\"application\/ld+json\" class=\"yoast-schema-graph\">{\"@context\":\"https:\\\/\\\/schema.org\",\"@graph\":[{\"@type\":\"WebPage\",\"@id\":\"https:\\\/\\\/calerodiving.com\\\/fr\\\/?page_id=24461\",\"url\":\"https:\\\/\\\/calerodiving.com\\\/fr\\\/?page_id=24461\",\"name\":\"Divemaster | Calero Diving Lanzarote\",\"isPartOf\":{\"@id\":\"https:\\\/\\\/calerodiving.com\\\/#website\"},\"primaryImageOfPage\":{\"@id\":\"https:\\\/\\\/calerodiving.com\\\/fr\\\/?page_id=24461#primaryimage\"},\"image\":{\"@id\":\"https:\\\/\\\/calerodiving.com\\\/fr\\\/?page_id=24461#primaryimage\"},\"thumbnailUrl\":\"https:\\\/\\\/calerodiving.com\\\/wp-content\\\/uploads\\\/2025\\\/07\\\/Divemaster-course.webp\",\"datePublished\":\"2025-08-27T07:46:04+00:00\",\"dateModified\":\"2025-08-27T07:46:05+00:00\",\"breadcrumb\":{\"@id\":\"https:\\\/\\\/calerodiving.com\\\/fr\\\/?page_id=24461#breadcrumb\"},\"inLanguage\":\"fr-FR\",\"potentialAction\":[{\"@type\":\"ReadAction\",\"target\":[\"https:\\\/\\\/calerodiving.com\\\/fr\\\/?page_id=24461\"]}]},{\"@type\":\"ImageObject\",\"inLanguage\":\"fr-FR\",\"@id\":\"https:\\\/\\\/calerodiving.com\\\/fr\\\/?page_id=24461#primaryimage\",\"url\":\"https:\\\/\\\/calerodiving.com\\\/wp-content\\\/uploads\\\/2025\\\/07\\\/Divemaster-course.webp\",\"contentUrl\":\"https:\\\/\\\/calerodiving.com\\\/wp-content\\\/uploads\\\/2025\\\/07\\\/Divemaster-course.webp\"},{\"@type\":\"BreadcrumbList\",\"@id\":\"https:\\\/\\\/calerodiving.com\\\/fr\\\/?page_id=24461#breadcrumb\",\"itemListElement\":[{\"@type\":\"ListItem\",\"position\":1,\"name\":\"Home\",\"item\":\"https:\\\/\\\/calerodiving.com\\\/es\\\/\"},{\"@type\":\"ListItem\",\"position\":2,\"name\":\"Divemaster\"}]},{\"@type\":\"WebSite\",\"@id\":\"https:\\\/\\\/calerodiving.com\\\/#website\",\"url\":\"https:\\\/\\\/calerodiving.com\\\/\",\"name\":\"Calero Diving Lanzarote\",\"description\":\"Dive Center - Marina Puerto Calero Lanzarote\",\"publisher\":{\"@id\":\"https:\\\/\\\/calerodiving.com\\\/#organization\"},\"alternateName\":\"Calero Diving\",\"potentialAction\":[{\"@type\":\"SearchAction\",\"target\":{\"@type\":\"EntryPoint\",\"urlTemplate\":\"https:\\\/\\\/calerodiving.com\\\/?s={search_term_string}\"},\"query-input\":{\"@type\":\"PropertyValueSpecification\",\"valueRequired\":true,\"valueName\":\"search_term_string\"}}],\"inLanguage\":\"fr-FR\"},{\"@type\":\"Organization\",\"@id\":\"https:\\\/\\\/calerodiving.com\\\/#organization\",\"name\":\"Calero Diving Lanzarote\",\"alternateName\":\"Calero Diving\",\"url\":\"https:\\\/\\\/calerodiving.com\\\/\",\"logo\":{\"@type\":\"ImageObject\",\"inLanguage\":\"fr-FR\",\"@id\":\"https:\\\/\\\/calerodiving.com\\\/#\\\/schema\\\/logo\\\/image\\\/\",\"url\":\"https:\\\/\\\/calerodiving.com\\\/wp-content\\\/uploads\\\/2025\\\/05\\\/Grupo.png\",\"contentUrl\":\"https:\\\/\\\/calerodiving.com\\\/wp-content\\\/uploads\\\/2025\\\/05\\\/Grupo.png\",\"width\":499,\"height\":590,\"caption\":\"Calero Diving Lanzarote\"},\"image\":{\"@id\":\"https:\\\/\\\/calerodiving.com\\\/#\\\/schema\\\/logo\\\/image\\\/\"},\"sameAs\":[\"https:\\\/\\\/www.facebook.com\\\/calerodiving\\\/\",\"https:\\\/\\\/www.instagram.com\\\/calerodiving\\\/\"]}]}<\/script>\n<!-- \/ Yoast SEO plugin. -->","yoast_head_json":{"title":"Divemaster | Calero Diving Lanzarote","robots":{"index":"index","follow":"follow","max-snippet":"max-snippet:-1","max-image-preview":"max-image-preview:large","max-video-preview":"max-video-preview:-1"},"canonical":"https:\/\/calerodiving.com\/fr\/?page_id=24461","og_locale":"fr_FR","og_type":"article","og_title":"Divemaster | Calero Diving Lanzarote","og_description":"Professionnel Divemaster Devenez un plongeur professionnel Aper\u00e7u du programme : Le cours Divemaster est la premi\u00e8re \u00e9tape de votre carri\u00e8re de professionnel de la plong\u00e9e et un pr\u00e9requis pour devenir Instructeur. Ce cours vous apprend \u00e0 guider des groupes de plongeurs d\u00e9j\u00e0 certifi\u00e9s dans une grande vari\u00e9t\u00e9 d&rsquo;environnements et de conditions.Le cours est con\u00e7u pour [&hellip;]","og_url":"https:\/\/calerodiving.com\/fr\/?page_id=24461","og_site_name":"Calero Diving Lanzarote","article_publisher":"https:\/\/www.facebook.com\/calerodiving\/","article_modified_time":"2025-08-27T07:46:05+00:00","og_image":[{"url":"https:\/\/calerodiving.com\/wp-content\/uploads\/2025\/07\/Divemaster-course.webp","type":"","width":"","height":""}],"twitter_card":"summary_large_image","twitter_misc":{"Dur\u00e9e de lecture estim\u00e9e":"2 minutes"},"schema":{"@context":"https:\/\/schema.org","@graph":[{"@type":"WebPage","@id":"https:\/\/calerodiving.com\/fr\/?page_id=24461","url":"https:\/\/calerodiving.com\/fr\/?page_id=24461","name":"Divemaster | Calero Diving Lanzarote","isPartOf":{"@id":"https:\/\/calerodiving.com\/#website"},"primaryImageOfPage":{"@id":"https:\/\/calerodiving.com\/fr\/?page_id=24461#primaryimage"},"image":{"@id":"https:\/\/calerodiving.com\/fr\/?page_id=24461#primaryimage"},"thumbnailUrl":"https:\/\/calerodiving.com\/wp-content\/uploads\/2025\/07\/Divemaster-course.webp","datePublished":"2025-08-27T07:46:04+00:00","dateModified":"2025-08-27T07:46:05+00:00","breadcrumb":{"@id":"https:\/\/calerodiving.com\/fr\/?page_id=24461#breadcrumb"},"inLanguage":"fr-FR","potentialAction":[{"@type":"ReadAction","target":["https:\/\/calerodiving.com\/fr\/?page_id=24461"]}]},{"@type":"ImageObject","inLanguage":"fr-FR","@id":"https:\/\/calerodiving.com\/fr\/?page_id=24461#primaryimage","url":"https:\/\/calerodiving.com\/wp-content\/uploads\/2025\/07\/Divemaster-course.webp","contentUrl":"https:\/\/calerodiving.com\/wp-content\/uploads\/2025\/07\/Divemaster-course.webp"},{"@type":"BreadcrumbList","@id":"https:\/\/calerodiving.com\/fr\/?page_id=24461#breadcrumb","itemListElement":[{"@type":"ListItem","position":1,"name":"Home","item":"https:\/\/calerodiving.com\/es\/"},{"@type":"ListItem","position":2,"name":"Divemaster"}]},{"@type":"WebSite","@id":"https:\/\/calerodiving.com\/#website","url":"https:\/\/calerodiving.com\/","name":"Calero Diving Lanzarote","description":"Dive Center - Marina Puerto Calero Lanzarote","publisher":{"@id":"https:\/\/calerodiving.com\/#organization"},"alternateName":"Calero Diving","potentialAction":[{"@type":"SearchAction","target":{"@type":"EntryPoint","urlTemplate":"https:\/\/calerodiving.com\/?s={search_term_string}"},"query-input":{"@type":"PropertyValueSpecification","valueRequired":true,"valueName":"search_term_string"}}],"inLanguage":"fr-FR"},{"@type":"Organization","@id":"https:\/\/calerodiving.com\/#organization","name":"Calero Diving Lanzarote","alternateName":"Calero Diving","url":"https:\/\/calerodiving.com\/","logo":{"@type":"ImageObject","inLanguage":"fr-FR","@id":"https:\/\/calerodiving.com\/#\/schema\/logo\/image\/","url":"https:\/\/calerodiving.com\/wp-content\/uploads\/2025\/05\/Grupo.png","contentUrl":"https:\/\/calerodiving.com\/wp-content\/uploads\/2025\/05\/Grupo.png","width":499,"height":590,"caption":"Calero Diving Lanzarote"},"image":{"@id":"https:\/\/calerodiving.com\/#\/schema\/logo\/image\/"},"sameAs":["https:\/\/www.facebook.com\/calerodiving\/","https:\/\/www.instagram.com\/calerodiving\/"]}]}},"_links":{"self":[{"href":"https:\/\/calerodiving.com\/fr\/wp-json\/wp\/v2\/pages\/24461","targetHints":{"allow":["GET"]}}],"collection":[{"href":"https:\/\/calerodiving.com\/fr\/wp-json\/wp\/v2\/pages"}],"about":[{"href":"https:\/\/calerodiving.com\/fr\/wp-json\/wp\/v2\/types\/page"}],"author":[{"embeddable":true,"href":"https:\/\/calerodiving.com\/fr\/wp-json\/wp\/v2\/users\/10"}],"replies":[{"embeddable":true,"href":"https:\/\/calerodiving.com\/fr\/wp-json\/wp\/v2\/comments?post=24461"}],"version-history":[{"count":2,"href":"https:\/\/calerodiving.com\/fr\/wp-json\/wp\/v2\/pages\/24461\/revisions"}],"predecessor-version":[{"id":24463,"href":"https:\/\/calerodiving.com\/fr\/wp-json\/wp\/v2\/pages\/24461\/revisions\/24463"}],"wp:attachment":[{"href":"https:\/\/calerodiving.com\/fr\/wp-json\/wp\/v2\/media?parent=24461"}],"curies":[{"name":"wp","href":"https:\/\/api.w.org\/{rel}","templated":true}]}}