{"id":24446,"date":"2025-08-27T08:45:46","date_gmt":"2025-08-27T07:45:46","guid":{"rendered":"https:\/\/calerodiving.com\/assistant-instructeur\/"},"modified":"2025-09-09T16:20:15","modified_gmt":"2025-09-09T15:20:15","slug":"assistant-instructeur","status":"publish","type":"page","link":"https:\/\/calerodiving.com\/fr\/assistant-instructeur\/","title":{"rendered":"Assistant Instructeur"},"content":{"rendered":"\t\t<div data-elementor-type=\"wp-page\" data-elementor-id=\"24446\" class=\"elementor elementor-24446 elementor-21623\" data-elementor-post-type=\"page\">\n\t\t\t\t<div class=\"elementor-element elementor-element-f3e3bf8 e-flex e-con-boxed e-con e-parent\" data-id=\"f3e3bf8\" data-element_type=\"container\" data-e-type=\"container\">\n\t\t\t\t\t<div class=\"e-con-inner\">\n\t\t<div class=\"elementor-element elementor-element-6866aee e-con-full e-flex e-con e-child\" data-id=\"6866aee\" data-element_type=\"container\" data-e-type=\"container\">\n\t\t\t\t<div class=\"elementor-element elementor-element-ea01a4e elementor-widget elementor-widget-image\" data-id=\"ea01a4e\" data-element_type=\"widget\" data-e-type=\"widget\" data-widget_type=\"image.default\">\n\t\t\t\t<div class=\"elementor-widget-container\">\n\t\t\t\t\t\t\t\t\t\t\t\t\t\t\t<img fetchpriority=\"high\" decoding=\"async\" width=\"700\" height=\"445\" src=\"https:\/\/calerodiving.com\/wp-content\/uploads\/2025\/07\/Assistant-Instructor-couse-1.webp\" class=\"attachment-large size-large wp-image-22338\" alt=\"\" srcset=\"https:\/\/calerodiving.com\/wp-content\/uploads\/2025\/07\/Assistant-Instructor-couse-1.webp 700w, https:\/\/calerodiving.com\/wp-content\/uploads\/2025\/07\/Assistant-Instructor-couse-1-300x191.webp 300w\" sizes=\"(max-width: 700px) 100vw, 700px\" \/>\t\t\t\t\t\t\t\t\t\t\t\t\t\t\t<\/div>\n\t\t\t\t<\/div>\n\t\t\t\t<\/div>\n\t\t<div class=\"elementor-element elementor-element-705e91e e-con-full e-flex e-con e-child\" data-id=\"705e91e\" data-element_type=\"container\" data-e-type=\"container\">\n\t\t<div class=\"elementor-element elementor-element-5cd3c58 e-con-full e-flex e-con e-child\" data-id=\"5cd3c58\" data-element_type=\"container\" data-e-type=\"container\">\n\t\t\t\t<div class=\"elementor-element elementor-element-d9b5d3e elementor-widget elementor-widget-html\" data-id=\"d9b5d3e\" data-element_type=\"widget\" data-e-type=\"widget\" data-widget_type=\"html.default\">\n\t\t\t\t<div class=\"elementor-widget-container\">\n\t\t\t\t\t<a href=\"https:\/\/calerodiving.com\/fr\/?page_id=24227\" class=\"tag-button\">Professionnel<\/a>\n\t\t\t\t<\/div>\n\t\t\t\t<\/div>\n\t\t\t\t<div class=\"elementor-element elementor-element-ba9e3a7 elementor-widget elementor-widget-heading\" data-id=\"ba9e3a7\" data-element_type=\"widget\" data-e-type=\"widget\" data-widget_type=\"heading.default\">\n\t\t\t\t<div class=\"elementor-widget-container\">\n\t\t\t\t\t<h2 class=\"elementor-heading-title elementor-size-default\">Assistant Instructeur<\/h2>\t\t\t\t<\/div>\n\t\t\t\t<\/div>\n\t\t\t\t<\/div>\n\t\t\t\t<\/div>\n\t\t\t\t\t<\/div>\n\t\t\t\t<\/div>\n\t\t<div class=\"elementor-element elementor-element-99b0711 e-flex e-con-boxed e-con e-parent\" data-id=\"99b0711\" data-element_type=\"container\" data-e-type=\"container\">\n\t\t\t\t\t<div class=\"e-con-inner\">\n\t\t<div class=\"elementor-element elementor-element-9a2b635 e-con-full e-flex e-con e-child\" data-id=\"9a2b635\" data-element_type=\"container\" data-e-type=\"container\">\n\t\t<div class=\"elementor-element elementor-element-f2791de e-con-full e-flex e-con e-child\" data-id=\"f2791de\" data-element_type=\"container\" data-e-type=\"container\">\n\t\t\t\t<div class=\"elementor-element elementor-element-7f8dee2 elementor-widget elementor-widget-heading\" data-id=\"7f8dee2\" data-element_type=\"widget\" data-e-type=\"widget\" data-widget_type=\"heading.default\">\n\t\t\t\t<div class=\"elementor-widget-container\">\n\t\t\t\t\t<h2 class=\"elementor-heading-title elementor-size-default\">Devenez un plongeur professionnel<\/h2>\t\t\t\t<\/div>\n\t\t\t\t<\/div>\n\t\t\t\t<div class=\"elementor-element elementor-element-a541685 elementor-widget elementor-widget-text-editor\" data-id=\"a541685\" data-element_type=\"widget\" data-e-type=\"widget\" data-widget_type=\"text-editor.default\">\n\t\t\t\t<div class=\"elementor-widget-container\">\n\t\t\t\t\t\t\t\t\t<div class=\"section-list\"><h3>Aper\u00e7u du programme :<\/h3><p>Pendant le cours d&rsquo;Assistant Instructeur, vous acquerrez les comp\u00e9tences et les connaissances n\u00e9cessaires pour assister directement aux cours de plong\u00e9e.<\/p><p>Un Assistant Instructeur SSI peut directement superviser les sessions th\u00e9oriques ainsi que les sessions en eau confin\u00e9e ou en piscine d&rsquo;un cours Open Water Diver.<\/p><p>En tant qu&rsquo;Assistant Instructeur, vous pourrez \u00e9galement d\u00e9livrer des certifications pour des programmes tels que Try Dive, Scuba Skills Update et Perfect Buoyancy.<\/p><p>C&rsquo;est l&rsquo;\u00e9tape pr\u00e9alable pour devenir Instructeur Open Water et le cours est con\u00e7u pour transmettre les normes et la philosophie d&rsquo;enseignement de SSI en tant qu&rsquo;organisation.<br>Il est n\u00e9cessaire de comprendre et de savoir appliquer ces m\u00e9thodes d&rsquo;enseignement pour les transmettre correctement.<\/p><h3>Dur\u00e9e :<\/h3><ul><li>5 &#8211; 12 jours<\/li><\/ul><h3>Inclus :<\/h3><ul><li>Mat\u00e9riel de formation, incluant les supports d&rsquo;apprentissage num\u00e9riques, les kits physiques et les frais d&rsquo;inscription<\/li><li>Toutes les plong\u00e9es n\u00e9cessaires pour atteindre le minimum requis<\/li><li>Frais annuels de statut actif SSI<\/li><li>20 % de r\u00e9duction sur l&rsquo;acquisition de nouveaux \u00e9quipements<\/li><li>T-shirt Calero Diving<\/li><li>Conseils permanents de votre Instructeur Formateur pendant le cours<\/li><\/ul><h3>Non inclus :<\/h3><ul><li>Location d&rsquo;\u00e9quipement.<\/li><li>Assurance plong\u00e9e personnelle ou professionnelle.<\/li><\/ul><h3>Pr\u00e9requis :<\/h3><ul><li>Certification SSI Divemaster ou \u00e9quivalent.<\/li><li>Certification SSI React Right ou \u00e9quivalente, de moins de deux ans.<\/li><li>Un minimum de 75 plong\u00e9es enregistr\u00e9es.<\/li><li>Minimum 18 ans.<\/li><li>Certificat m\u00e9dical hyperbare.<\/li><li>Assurance plong\u00e9e professionnelle et personnelle.<\/li><\/ul><h3>Autres formations qui pourraient vous int\u00e9resser :<\/h3><ul><li><a href=\"https:\/\/calerodiving.com\/fr\/?page_id=24416\">Instructeur de sp\u00e9cialit\u00e9<\/a><\/li><\/ul><\/div>\t\t\t\t\t\t\t\t<\/div>\n\t\t\t\t<\/div>\n\t\t\t\t<\/div>\n\t\t\t\t<\/div>\n\t\t<div class=\"elementor-element elementor-element-077eb3b e-con-full e-flex e-con e-child\" data-id=\"077eb3b\" data-element_type=\"container\" data-e-type=\"container\">\n\t\t<div class=\"elementor-element elementor-element-9826e47 e-con-full course-sidebar-box e-flex e-con e-child\" data-id=\"9826e47\" data-element_type=\"container\" data-e-type=\"container\" data-settings=\"{&quot;sticky&quot;:&quot;top&quot;,&quot;sticky_offset&quot;:110,&quot;sticky_effects_offset&quot;:130,&quot;sticky_parent&quot;:&quot;yes&quot;,&quot;sticky_on&quot;:[&quot;desktop&quot;,&quot;tablet&quot;,&quot;mobile&quot;],&quot;sticky_anchor_link_offset&quot;:0}\">\n\t\t\t\t<div class=\"elementor-element elementor-element-5595639 elementor-widget elementor-widget-text-editor\" data-id=\"5595639\" data-element_type=\"widget\" data-e-type=\"widget\" data-widget_type=\"text-editor.default\">\n\t\t\t\t<div class=\"elementor-widget-container\">\n\t\t\t\t\t\t\t\t\t<div class=\"courses-info\"><h6 class=\"no-margin\">Dur\u00e9e :<\/h6><p class=\"no-margin\"><span style=\"font-size: 1rem;\">Formation de 5 jours<\/span><\/p><\/div><div class=\"courses-info\"><h6 class=\"no-margin\">Prix :<\/h6><p class=\"no-margin\">\u00c0 partir de 895 \u20ac<\/p><\/div>\t\t\t\t\t\t\t\t<\/div>\n\t\t\t\t<\/div>\n\t\t\t\t<div class=\"elementor-element elementor-element-3b3f1e9 elementor-mobile-align-center elementor-widget elementor-widget-button\" data-id=\"3b3f1e9\" data-element_type=\"widget\" data-e-type=\"widget\" data-widget_type=\"button.default\">\n\t\t\t\t<div class=\"elementor-widget-container\">\n\t\t\t\t\t\t\t\t\t<div class=\"elementor-button-wrapper\">\n\t\t\t\t\t<a class=\"elementor-button elementor-size-sm\" role=\"button\">\n\t\t\t\t\t\t<span class=\"elementor-button-content-wrapper\">\n\t\t\t\t\t\t\t\t\t<span class=\"elementor-button-text\">Contact<\/span>\n\t\t\t\t\t<\/span>\n\t\t\t\t\t<\/a>\n\t\t\t\t<\/div>\n\t\t\t\t\t\t\t\t<\/div>\n\t\t\t\t<\/div>\n\t\t\t\t<\/div>\n\t\t\t\t<\/div>\n\t\t\t\t\t<\/div>\n\t\t\t\t<\/div>\n\t\t\t\t<\/div>\n\t\t","protected":false},"excerpt":{"rendered":"<p>Professionnel Assistant Instructeur Devenez un plongeur professionnel Aper\u00e7u du programme : Pendant le cours d&rsquo;Assistant Instructeur, vous acquerrez les comp\u00e9tences et les connaissances n\u00e9cessaires pour assister directement aux cours de plong\u00e9e. Un Assistant Instructeur SSI peut directement superviser les sessions th\u00e9oriques ainsi que les sessions en eau confin\u00e9e ou en piscine d&rsquo;un cours Open Water [&hellip;]<\/p>\n","protected":false},"author":10,"featured_media":0,"parent":0,"menu_order":0,"comment_status":"closed","ping_status":"closed","template":"","meta":{"_acf_changed":false,"footnotes":""},"class_list":["post-24446","page","type-page","status-publish","hentry"],"acf":[],"yoast_head":"<!-- This site is optimized with the Yoast SEO plugin v27.5 - https:\/\/yoast.com\/product\/yoast-seo-wordpress\/ -->\n<title>Assistant Instructeur | Calero Diving Lanzarote<\/title>\n<meta name=\"robots\" content=\"index, follow, max-snippet:-1, max-image-preview:large, max-video-preview:-1\" \/>\n<link rel=\"canonical\" href=\"https:\/\/calerodiving.com\/assistant-instructor\/\" \/>\n<meta property=\"og:locale\" content=\"fr_FR\" \/>\n<meta property=\"og:type\" content=\"article\" \/>\n<meta property=\"og:title\" content=\"Assistant Instructeur | Calero Diving Lanzarote\" \/>\n<meta property=\"og:description\" content=\"Professionnel Assistant Instructeur Devenez un plongeur professionnel Aper\u00e7u du programme : Pendant le cours d&rsquo;Assistant Instructeur, vous acquerrez les comp\u00e9tences et les connaissances n\u00e9cessaires pour assister directement aux cours de plong\u00e9e. Un Assistant Instructeur SSI peut directement superviser les sessions th\u00e9oriques ainsi que les sessions en eau confin\u00e9e ou en piscine d&rsquo;un cours Open Water [&hellip;]\" \/>\n<meta property=\"og:url\" content=\"https:\/\/calerodiving.com\/assistant-instructor\/\" \/>\n<meta property=\"og:site_name\" content=\"Calero Diving Lanzarote\" \/>\n<meta property=\"article:publisher\" content=\"https:\/\/www.facebook.com\/calerodiving\/\" \/>\n<meta property=\"article:modified_time\" content=\"2025-09-09T15:20:15+00:00\" \/>\n<meta property=\"og:image\" content=\"https:\/\/calerodiving.com\/wp-content\/uploads\/2025\/07\/Assistant-Instructor-couse-1.webp\" \/>\n\t<meta property=\"og:image:width\" content=\"700\" \/>\n\t<meta property=\"og:image:height\" content=\"445\" \/>\n\t<meta property=\"og:image:type\" content=\"image\/webp\" \/>\n<meta name=\"twitter:card\" content=\"summary_large_image\" \/>\n<meta name=\"twitter:label1\" content=\"Dur\u00e9e de lecture estim\u00e9e\" \/>\n\t<meta name=\"twitter:data1\" content=\"2 minutes\" \/>\n<script type=\"application\/ld+json\" class=\"yoast-schema-graph\">{\"@context\":\"https:\\\/\\\/schema.org\",\"@graph\":[{\"@type\":\"WebPage\",\"@id\":\"https:\\\/\\\/calerodiving.com\\\/assistant-instructor\\\/\",\"url\":\"https:\\\/\\\/calerodiving.com\\\/assistant-instructor\\\/\",\"name\":\"Assistant Instructeur | Calero Diving Lanzarote\",\"isPartOf\":{\"@id\":\"https:\\\/\\\/calerodiving.com\\\/#website\"},\"primaryImageOfPage\":{\"@id\":\"https:\\\/\\\/calerodiving.com\\\/assistant-instructor\\\/#primaryimage\"},\"image\":{\"@id\":\"https:\\\/\\\/calerodiving.com\\\/assistant-instructor\\\/#primaryimage\"},\"thumbnailUrl\":\"https:\\\/\\\/calerodiving.com\\\/wp-content\\\/uploads\\\/2025\\\/07\\\/Assistant-Instructor-couse-1.webp\",\"datePublished\":\"2025-08-27T07:45:46+00:00\",\"dateModified\":\"2025-09-09T15:20:15+00:00\",\"breadcrumb\":{\"@id\":\"https:\\\/\\\/calerodiving.com\\\/assistant-instructor\\\/#breadcrumb\"},\"inLanguage\":\"fr-FR\",\"potentialAction\":[{\"@type\":\"ReadAction\",\"target\":[\"https:\\\/\\\/calerodiving.com\\\/assistant-instructor\\\/\"]}]},{\"@type\":\"ImageObject\",\"inLanguage\":\"fr-FR\",\"@id\":\"https:\\\/\\\/calerodiving.com\\\/assistant-instructor\\\/#primaryimage\",\"url\":\"https:\\\/\\\/calerodiving.com\\\/wp-content\\\/uploads\\\/2025\\\/07\\\/Assistant-Instructor-couse-1.webp\",\"contentUrl\":\"https:\\\/\\\/calerodiving.com\\\/wp-content\\\/uploads\\\/2025\\\/07\\\/Assistant-Instructor-couse-1.webp\"},{\"@type\":\"BreadcrumbList\",\"@id\":\"https:\\\/\\\/calerodiving.com\\\/assistant-instructor\\\/#breadcrumb\",\"itemListElement\":[{\"@type\":\"ListItem\",\"position\":1,\"name\":\"Home\",\"item\":\"https:\\\/\\\/calerodiving.com\\\/es\\\/\"},{\"@type\":\"ListItem\",\"position\":2,\"name\":\"Assistant Instructeur\"}]},{\"@type\":\"WebSite\",\"@id\":\"https:\\\/\\\/calerodiving.com\\\/#website\",\"url\":\"https:\\\/\\\/calerodiving.com\\\/\",\"name\":\"Calero Diving Lanzarote\",\"description\":\"Dive Center - Marina Puerto Calero Lanzarote\",\"publisher\":{\"@id\":\"https:\\\/\\\/calerodiving.com\\\/#organization\"},\"alternateName\":\"Calero Diving\",\"potentialAction\":[{\"@type\":\"SearchAction\",\"target\":{\"@type\":\"EntryPoint\",\"urlTemplate\":\"https:\\\/\\\/calerodiving.com\\\/?s={search_term_string}\"},\"query-input\":{\"@type\":\"PropertyValueSpecification\",\"valueRequired\":true,\"valueName\":\"search_term_string\"}}],\"inLanguage\":\"fr-FR\"},{\"@type\":\"Organization\",\"@id\":\"https:\\\/\\\/calerodiving.com\\\/#organization\",\"name\":\"Calero Diving Lanzarote\",\"alternateName\":\"Calero Diving\",\"url\":\"https:\\\/\\\/calerodiving.com\\\/\",\"logo\":{\"@type\":\"ImageObject\",\"inLanguage\":\"fr-FR\",\"@id\":\"https:\\\/\\\/calerodiving.com\\\/#\\\/schema\\\/logo\\\/image\\\/\",\"url\":\"https:\\\/\\\/calerodiving.com\\\/wp-content\\\/uploads\\\/2025\\\/05\\\/Grupo.png\",\"contentUrl\":\"https:\\\/\\\/calerodiving.com\\\/wp-content\\\/uploads\\\/2025\\\/05\\\/Grupo.png\",\"width\":499,\"height\":590,\"caption\":\"Calero Diving Lanzarote\"},\"image\":{\"@id\":\"https:\\\/\\\/calerodiving.com\\\/#\\\/schema\\\/logo\\\/image\\\/\"},\"sameAs\":[\"https:\\\/\\\/www.facebook.com\\\/calerodiving\\\/\",\"https:\\\/\\\/www.instagram.com\\\/calerodiving\\\/\"]}]}<\/script>\n<!-- \/ Yoast SEO plugin. -->","yoast_head_json":{"title":"Assistant Instructeur | Calero Diving Lanzarote","robots":{"index":"index","follow":"follow","max-snippet":"max-snippet:-1","max-image-preview":"max-image-preview:large","max-video-preview":"max-video-preview:-1"},"canonical":"https:\/\/calerodiving.com\/assistant-instructor\/","og_locale":"fr_FR","og_type":"article","og_title":"Assistant Instructeur | Calero Diving Lanzarote","og_description":"Professionnel Assistant Instructeur Devenez un plongeur professionnel Aper\u00e7u du programme : Pendant le cours d&rsquo;Assistant Instructeur, vous acquerrez les comp\u00e9tences et les connaissances n\u00e9cessaires pour assister directement aux cours de plong\u00e9e. Un Assistant Instructeur SSI peut directement superviser les sessions th\u00e9oriques ainsi que les sessions en eau confin\u00e9e ou en piscine d&rsquo;un cours Open Water [&hellip;]","og_url":"https:\/\/calerodiving.com\/assistant-instructor\/","og_site_name":"Calero Diving Lanzarote","article_publisher":"https:\/\/www.facebook.com\/calerodiving\/","article_modified_time":"2025-09-09T15:20:15+00:00","og_image":[{"width":700,"height":445,"url":"https:\/\/calerodiving.com\/wp-content\/uploads\/2025\/07\/Assistant-Instructor-couse-1.webp","type":"image\/webp"}],"twitter_card":"summary_large_image","twitter_misc":{"Dur\u00e9e de lecture estim\u00e9e":"2 minutes"},"schema":{"@context":"https:\/\/schema.org","@graph":[{"@type":"WebPage","@id":"https:\/\/calerodiving.com\/assistant-instructor\/","url":"https:\/\/calerodiving.com\/assistant-instructor\/","name":"Assistant Instructeur | Calero Diving Lanzarote","isPartOf":{"@id":"https:\/\/calerodiving.com\/#website"},"primaryImageOfPage":{"@id":"https:\/\/calerodiving.com\/assistant-instructor\/#primaryimage"},"image":{"@id":"https:\/\/calerodiving.com\/assistant-instructor\/#primaryimage"},"thumbnailUrl":"https:\/\/calerodiving.com\/wp-content\/uploads\/2025\/07\/Assistant-Instructor-couse-1.webp","datePublished":"2025-08-27T07:45:46+00:00","dateModified":"2025-09-09T15:20:15+00:00","breadcrumb":{"@id":"https:\/\/calerodiving.com\/assistant-instructor\/#breadcrumb"},"inLanguage":"fr-FR","potentialAction":[{"@type":"ReadAction","target":["https:\/\/calerodiving.com\/assistant-instructor\/"]}]},{"@type":"ImageObject","inLanguage":"fr-FR","@id":"https:\/\/calerodiving.com\/assistant-instructor\/#primaryimage","url":"https:\/\/calerodiving.com\/wp-content\/uploads\/2025\/07\/Assistant-Instructor-couse-1.webp","contentUrl":"https:\/\/calerodiving.com\/wp-content\/uploads\/2025\/07\/Assistant-Instructor-couse-1.webp"},{"@type":"BreadcrumbList","@id":"https:\/\/calerodiving.com\/assistant-instructor\/#breadcrumb","itemListElement":[{"@type":"ListItem","position":1,"name":"Home","item":"https:\/\/calerodiving.com\/es\/"},{"@type":"ListItem","position":2,"name":"Assistant Instructeur"}]},{"@type":"WebSite","@id":"https:\/\/calerodiving.com\/#website","url":"https:\/\/calerodiving.com\/","name":"Calero Diving Lanzarote","description":"Dive Center - Marina Puerto Calero Lanzarote","publisher":{"@id":"https:\/\/calerodiving.com\/#organization"},"alternateName":"Calero Diving","potentialAction":[{"@type":"SearchAction","target":{"@type":"EntryPoint","urlTemplate":"https:\/\/calerodiving.com\/?s={search_term_string}"},"query-input":{"@type":"PropertyValueSpecification","valueRequired":true,"valueName":"search_term_string"}}],"inLanguage":"fr-FR"},{"@type":"Organization","@id":"https:\/\/calerodiving.com\/#organization","name":"Calero Diving Lanzarote","alternateName":"Calero Diving","url":"https:\/\/calerodiving.com\/","logo":{"@type":"ImageObject","inLanguage":"fr-FR","@id":"https:\/\/calerodiving.com\/#\/schema\/logo\/image\/","url":"https:\/\/calerodiving.com\/wp-content\/uploads\/2025\/05\/Grupo.png","contentUrl":"https:\/\/calerodiving.com\/wp-content\/uploads\/2025\/05\/Grupo.png","width":499,"height":590,"caption":"Calero Diving Lanzarote"},"image":{"@id":"https:\/\/calerodiving.com\/#\/schema\/logo\/image\/"},"sameAs":["https:\/\/www.facebook.com\/calerodiving\/","https:\/\/www.instagram.com\/calerodiving\/"]}]}},"_links":{"self":[{"href":"https:\/\/calerodiving.com\/fr\/wp-json\/wp\/v2\/pages\/24446","targetHints":{"allow":["GET"]}}],"collection":[{"href":"https:\/\/calerodiving.com\/fr\/wp-json\/wp\/v2\/pages"}],"about":[{"href":"https:\/\/calerodiving.com\/fr\/wp-json\/wp\/v2\/types\/page"}],"author":[{"embeddable":true,"href":"https:\/\/calerodiving.com\/fr\/wp-json\/wp\/v2\/users\/10"}],"replies":[{"embeddable":true,"href":"https:\/\/calerodiving.com\/fr\/wp-json\/wp\/v2\/comments?post=24446"}],"version-history":[{"count":5,"href":"https:\/\/calerodiving.com\/fr\/wp-json\/wp\/v2\/pages\/24446\/revisions"}],"predecessor-version":[{"id":26020,"href":"https:\/\/calerodiving.com\/fr\/wp-json\/wp\/v2\/pages\/24446\/revisions\/26020"}],"wp:attachment":[{"href":"https:\/\/calerodiving.com\/fr\/wp-json\/wp\/v2\/media?parent=24446"}],"curies":[{"name":"wp","href":"https:\/\/api.w.org\/{rel}","templated":true}]}}