{"id":24431,"date":"2025-08-27T08:45:27","date_gmt":"2025-08-27T07:45:27","guid":{"rendered":"https:\/\/calerodiving.com\/instructeur-open-water\/"},"modified":"2025-09-09T16:21:45","modified_gmt":"2025-09-09T15:21:45","slug":"instructeur-open-water","status":"publish","type":"page","link":"https:\/\/calerodiving.com\/fr\/instructeur-open-water\/","title":{"rendered":"Instructeur Open Water"},"content":{"rendered":"\t\t<div data-elementor-type=\"wp-page\" data-elementor-id=\"24431\" class=\"elementor elementor-24431 elementor-21647\" data-elementor-post-type=\"page\">\n\t\t\t\t<div class=\"elementor-element elementor-element-7d25b86 e-flex e-con-boxed e-con e-parent\" data-id=\"7d25b86\" data-element_type=\"container\" data-e-type=\"container\">\n\t\t\t\t\t<div class=\"e-con-inner\">\n\t\t<div class=\"elementor-element elementor-element-c7539e1 e-con-full e-flex e-con e-child\" data-id=\"c7539e1\" data-element_type=\"container\" data-e-type=\"container\">\n\t\t\t\t<div class=\"elementor-element elementor-element-f0b0209 elementor-widget elementor-widget-image\" data-id=\"f0b0209\" data-element_type=\"widget\" data-e-type=\"widget\" data-widget_type=\"image.default\">\n\t\t\t\t<div class=\"elementor-widget-container\">\n\t\t\t\t\t\t\t\t\t\t\t\t\t\t\t<img fetchpriority=\"high\" decoding=\"async\" width=\"700\" height=\"445\" src=\"https:\/\/calerodiving.com\/wp-content\/uploads\/2025\/07\/OpenWater-Instructor-course.webp\" class=\"attachment-large size-large wp-image-22337\" alt=\"\" srcset=\"https:\/\/calerodiving.com\/wp-content\/uploads\/2025\/07\/OpenWater-Instructor-course.webp 700w, https:\/\/calerodiving.com\/wp-content\/uploads\/2025\/07\/OpenWater-Instructor-course-300x191.webp 300w\" sizes=\"(max-width: 700px) 100vw, 700px\" \/>\t\t\t\t\t\t\t\t\t\t\t\t\t\t\t<\/div>\n\t\t\t\t<\/div>\n\t\t\t\t<\/div>\n\t\t<div class=\"elementor-element elementor-element-1914ba5 e-con-full e-flex e-con e-child\" data-id=\"1914ba5\" data-element_type=\"container\" data-e-type=\"container\">\n\t\t<div class=\"elementor-element elementor-element-b120bab e-con-full e-flex e-con e-child\" data-id=\"b120bab\" data-element_type=\"container\" data-e-type=\"container\">\n\t\t\t\t<div class=\"elementor-element elementor-element-e2aabe9 elementor-widget elementor-widget-html\" data-id=\"e2aabe9\" data-element_type=\"widget\" data-e-type=\"widget\" data-widget_type=\"html.default\">\n\t\t\t\t<div class=\"elementor-widget-container\">\n\t\t\t\t\t<a href=\"https:\/\/calerodiving.com\/fr\/?page_id=24227\" class=\"tag-button\">professionnel<\/a>\n\t\t\t\t<\/div>\n\t\t\t\t<\/div>\n\t\t\t\t<div class=\"elementor-element elementor-element-164a328 elementor-widget elementor-widget-heading\" data-id=\"164a328\" data-element_type=\"widget\" data-e-type=\"widget\" data-widget_type=\"heading.default\">\n\t\t\t\t<div class=\"elementor-widget-container\">\n\t\t\t\t\t<h2 class=\"elementor-heading-title elementor-size-default\">Instructeur Open Water<\/h2>\t\t\t\t<\/div>\n\t\t\t\t<\/div>\n\t\t\t\t<\/div>\n\t\t\t\t<\/div>\n\t\t\t\t\t<\/div>\n\t\t\t\t<\/div>\n\t\t<div class=\"elementor-element elementor-element-21a1a67 e-flex e-con-boxed e-con e-parent\" data-id=\"21a1a67\" data-element_type=\"container\" data-e-type=\"container\">\n\t\t\t\t\t<div class=\"e-con-inner\">\n\t\t<div class=\"elementor-element elementor-element-e02fd79 e-con-full e-flex e-con e-child\" data-id=\"e02fd79\" data-element_type=\"container\" data-e-type=\"container\">\n\t\t<div class=\"elementor-element elementor-element-3e7291f e-con-full e-flex e-con e-child\" data-id=\"3e7291f\" data-element_type=\"container\" data-e-type=\"container\">\n\t\t\t\t<div class=\"elementor-element elementor-element-ca28922 elementor-widget elementor-widget-heading\" data-id=\"ca28922\" data-element_type=\"widget\" data-e-type=\"widget\" data-widget_type=\"heading.default\">\n\t\t\t\t<div class=\"elementor-widget-container\">\n\t\t\t\t\t<h2 class=\"elementor-heading-title elementor-size-default\">Progressez dans votre carri\u00e8re d'instructeur et gagnez en exp\u00e9rience<\/h2>\t\t\t\t<\/div>\n\t\t\t\t<\/div>\n\t\t\t\t<div class=\"elementor-element elementor-element-e72b622 elementor-widget elementor-widget-text-editor\" data-id=\"e72b622\" data-element_type=\"widget\" data-e-type=\"widget\" data-widget_type=\"text-editor.default\">\n\t\t\t\t<div class=\"elementor-widget-container\">\n\t\t\t\t\t\t\t\t\t<div class=\"section-list\"><h3>Aper\u00e7u du programme :<\/h3><ul><li><p>C&rsquo;est l&rsquo;\u00e9tape principale dans la carri\u00e8re de tout professionnel de la plong\u00e9e. \u00catre un instructeur Open Water SSI offre la possibilit\u00e9 d&rsquo;enseigner et de superviser des cours pour plongeurs de loisir depuis le d\u00e9but. De plus, une fois instructeur, vous pouvez poursuivre votre formation en tant qu&rsquo;instructeur Advanced Open Water et \u00e9largir encore davantage vos horizons et votre polyvalence en tant que professionnel.  <\/p><p>Calero Diving est l&rsquo;un des centres qui forme le plus de professionnels chaque ann\u00e9e \u00e0 l&rsquo;\u00e9chelle nationale. Parmi notre personnel, nous avons deux formateurs d&rsquo;instructeurs, pour que votre formation de professionnel de la plong\u00e9e soit la meilleure. <\/p><p>Le cours ITC (Instructor Training Course) dure au total 10 jours et pr\u00e9pare les candidats \u00e0 l&rsquo;\u00e9valuation ou \u00e0 l&rsquo;examen d&rsquo;instructeur qui se d\u00e9roule \u00e0 la fin du cours.<\/p><p>Il fournit les connaissances, les comp\u00e9tences et la pr\u00e9paration n\u00e9cessaires pour organiser, former et enseigner correctement aux plongeurs certifi\u00e9s. Les normes et la philosophie SSI constituent une fois de plus un pilier fondamental dans la m\u00e9thodologie et le contenu du cours. <\/p><p>Vous apprendrez \u00e0 faire des pr\u00e9sentations acad\u00e9miques en classe, des d\u00e9monstrations de comp\u00e9tences en milieu confin\u00e9 et en eau libre, et participerez \u00e0 des simulations d&rsquo;examens et bien plus encore. Tout cela sous la supervision et les conseils de votre formateur d&rsquo;instructeurs. <\/p><p>Nous disposons d&rsquo;excellentes installations compl\u00e8tes, comprenant des piscines et des salles de classe \u00e0 la pointe de la technologie pour le d\u00e9roulement de votre ITC. Nous pouvons \u00e9galement vous aider \u00e0 g\u00e9rer votre s\u00e9jour sur l&rsquo;\u00eele si vous n&rsquo;avez pas de logement. <\/p><p>Une fois certifi\u00e9 instructeur Open Water SSI, vous pourrez enseigner les cours SSI Open Water Diver et les cours correspondants, ainsi que les cours de sp\u00e9cialit\u00e9 Enriched Air Nitrox, Diver Stress  Rescue, Perfect Buoyancy et Dive Guide, dans n&rsquo;importe quel centre de plong\u00e9e SSI dans le monde.<\/p><\/li><\/ul><h3>Dur\u00e9e :<\/h3><ul><li>10 jours<\/li><\/ul><h3>Inclus :<\/h3><ul><li>Tous les mat\u00e9riels de formation, y compris les supports d&rsquo;apprentissage num\u00e9riques, les kits de mat\u00e9riels de formation physiques et les frais d&rsquo;inscription SSI<\/li><li>Toutes les plong\u00e9es n\u00e9cessaires pour atteindre le minimum requis<\/li><li>Frais annuels de statut actif SSI<\/li><li>Frais d&rsquo;\u00e9valuation (IE)<\/li><li>20 % de r\u00e9duction sur l&rsquo;acquisition de nouveaux \u00e9quipements<\/li><li>T-shirt Calero Diving<\/li><li>Conseils constants pendant le cours par votre formateur d&rsquo;instructeurs<\/li><li>4 sp\u00e9cialit\u00e9s \u00e0 enseigner en tant qu&rsquo;instructeur : Diver Stress  Rescue, Perfect Buoyancy, Enriched Air Nitrox et Dive Guide<\/li><\/ul><h3>Non inclus :<\/h3><ul><li>Assurance plong\u00e9e personnelle ou professionnelle<\/li><li>Location d&rsquo;\u00e9quipement<\/li><\/ul><h3>Pr\u00e9requis :<\/h3><ul><li>Certification SSI Divemaster ou \u00e9quivalent<\/li><li>Certification SSI React Right ou \u00e9quivalent, de moins de deux ans<\/li><li>Un minimum de 75 plong\u00e9es enregistr\u00e9es<\/li><li>\u00c2ge minimum 18 ans<\/li><li>Certificat m\u00e9dical hyperbare<\/li><li>Assurance plong\u00e9e professionnelle et personnelle<\/li><\/ul><h3>Autres cours qui pourraient vous int\u00e9resser :<\/h3><ul><li><a href=\"https:\/\/calerodiving.com\/fr\/?page_id=24416\">Instructeur de sp\u00e9cialit\u00e9<\/a><\/li><\/ul><\/div>\t\t\t\t\t\t\t\t<\/div>\n\t\t\t\t<\/div>\n\t\t\t\t<\/div>\n\t\t\t\t<\/div>\n\t\t<div class=\"elementor-element elementor-element-d26d47f e-con-full e-flex e-con e-child\" data-id=\"d26d47f\" data-element_type=\"container\" data-e-type=\"container\">\n\t\t<div class=\"elementor-element elementor-element-4953fef e-con-full course-sidebar-box e-flex e-con e-child\" data-id=\"4953fef\" data-element_type=\"container\" data-e-type=\"container\" data-settings=\"{&quot;sticky&quot;:&quot;top&quot;,&quot;sticky_offset&quot;:110,&quot;sticky_effects_offset&quot;:130,&quot;sticky_parent&quot;:&quot;yes&quot;,&quot;sticky_on&quot;:[&quot;desktop&quot;,&quot;tablet&quot;,&quot;mobile&quot;],&quot;sticky_anchor_link_offset&quot;:0}\">\n\t\t\t\t<div class=\"elementor-element elementor-element-35e1c95 elementor-widget elementor-widget-text-editor\" data-id=\"35e1c95\" data-element_type=\"widget\" data-e-type=\"widget\" data-widget_type=\"text-editor.default\">\n\t\t\t\t<div class=\"elementor-widget-container\">\n\t\t\t\t\t\t\t\t\t<div class=\"courses-info\"><h6 class=\"no-margin\">Dur\u00e9e :<\/h6><p class=\"no-margin\">Variable<\/p><\/div><div class=\"courses-info\"><h6 class=\"no-margin\">Prix :<\/h6><p class=\"no-margin\">\u00c0 partir de 2600 \u20ac<\/p><\/div>\t\t\t\t\t\t\t\t<\/div>\n\t\t\t\t<\/div>\n\t\t\t\t<div class=\"elementor-element elementor-element-93be4c3 elementor-mobile-align-center elementor-widget elementor-widget-button\" data-id=\"93be4c3\" data-element_type=\"widget\" data-e-type=\"widget\" data-widget_type=\"button.default\">\n\t\t\t\t<div class=\"elementor-widget-container\">\n\t\t\t\t\t\t\t\t\t<div class=\"elementor-button-wrapper\">\n\t\t\t\t\t<a class=\"elementor-button elementor-size-sm\" role=\"button\">\n\t\t\t\t\t\t<span class=\"elementor-button-content-wrapper\">\n\t\t\t\t\t\t\t\t\t<span class=\"elementor-button-text\">Contact<\/span>\n\t\t\t\t\t<\/span>\n\t\t\t\t\t<\/a>\n\t\t\t\t<\/div>\n\t\t\t\t\t\t\t\t<\/div>\n\t\t\t\t<\/div>\n\t\t\t\t<\/div>\n\t\t\t\t<\/div>\n\t\t\t\t\t<\/div>\n\t\t\t\t<\/div>\n\t\t\t\t<\/div>\n\t\t","protected":false},"excerpt":{"rendered":"<p>professionnel Instructeur Open Water Progressez dans votre carri\u00e8re d&rsquo;instructeur et gagnez en exp\u00e9rience Aper\u00e7u du programme : C&rsquo;est l&rsquo;\u00e9tape principale dans la carri\u00e8re de tout professionnel de la plong\u00e9e. \u00catre un instructeur Open Water SSI offre la possibilit\u00e9 d&rsquo;enseigner et de superviser des cours pour plongeurs de loisir depuis le d\u00e9but. De plus, une fois [&hellip;]<\/p>\n","protected":false},"author":10,"featured_media":0,"parent":0,"menu_order":0,"comment_status":"closed","ping_status":"closed","template":"","meta":{"_acf_changed":false,"footnotes":""},"class_list":["post-24431","page","type-page","status-publish","hentry"],"acf":[],"yoast_head":"<!-- This site is optimized with the Yoast SEO plugin v27.5 - https:\/\/yoast.com\/product\/yoast-seo-wordpress\/ -->\n<title>Instructeur Open Water | Calero Diving Lanzarote<\/title>\n<meta name=\"robots\" content=\"index, follow, max-snippet:-1, max-image-preview:large, max-video-preview:-1\" \/>\n<link rel=\"canonical\" href=\"https:\/\/calerodiving.com\/open-water-instructor-3\/\" \/>\n<meta property=\"og:locale\" content=\"fr_FR\" \/>\n<meta property=\"og:type\" content=\"article\" \/>\n<meta property=\"og:title\" content=\"Instructeur Open Water | Calero Diving Lanzarote\" \/>\n<meta property=\"og:description\" content=\"professionnel Instructeur Open Water Progressez dans votre carri\u00e8re d&rsquo;instructeur et gagnez en exp\u00e9rience Aper\u00e7u du programme : C&rsquo;est l&rsquo;\u00e9tape principale dans la carri\u00e8re de tout professionnel de la plong\u00e9e. \u00catre un instructeur Open Water SSI offre la possibilit\u00e9 d&rsquo;enseigner et de superviser des cours pour plongeurs de loisir depuis le d\u00e9but. De plus, une fois [&hellip;]\" \/>\n<meta property=\"og:url\" content=\"https:\/\/calerodiving.com\/open-water-instructor-3\/\" \/>\n<meta property=\"og:site_name\" content=\"Calero Diving Lanzarote\" \/>\n<meta property=\"article:publisher\" content=\"https:\/\/www.facebook.com\/calerodiving\/\" \/>\n<meta property=\"article:modified_time\" content=\"2025-09-09T15:21:45+00:00\" \/>\n<meta property=\"og:image\" content=\"https:\/\/calerodiving.com\/wp-content\/uploads\/2025\/07\/OpenWater-Instructor-course.webp\" \/>\n\t<meta property=\"og:image:width\" content=\"700\" \/>\n\t<meta property=\"og:image:height\" content=\"445\" \/>\n\t<meta property=\"og:image:type\" content=\"image\/webp\" \/>\n<meta name=\"twitter:card\" content=\"summary_large_image\" \/>\n<meta name=\"twitter:label1\" content=\"Dur\u00e9e de lecture estim\u00e9e\" \/>\n\t<meta name=\"twitter:data1\" content=\"3 minutes\" \/>\n<script type=\"application\/ld+json\" class=\"yoast-schema-graph\">{\"@context\":\"https:\\\/\\\/schema.org\",\"@graph\":[{\"@type\":\"WebPage\",\"@id\":\"https:\\\/\\\/calerodiving.com\\\/open-water-instructor-3\\\/\",\"url\":\"https:\\\/\\\/calerodiving.com\\\/open-water-instructor-3\\\/\",\"name\":\"Instructeur Open Water | Calero Diving Lanzarote\",\"isPartOf\":{\"@id\":\"https:\\\/\\\/calerodiving.com\\\/#website\"},\"primaryImageOfPage\":{\"@id\":\"https:\\\/\\\/calerodiving.com\\\/open-water-instructor-3\\\/#primaryimage\"},\"image\":{\"@id\":\"https:\\\/\\\/calerodiving.com\\\/open-water-instructor-3\\\/#primaryimage\"},\"thumbnailUrl\":\"https:\\\/\\\/calerodiving.com\\\/wp-content\\\/uploads\\\/2025\\\/07\\\/OpenWater-Instructor-course.webp\",\"datePublished\":\"2025-08-27T07:45:27+00:00\",\"dateModified\":\"2025-09-09T15:21:45+00:00\",\"breadcrumb\":{\"@id\":\"https:\\\/\\\/calerodiving.com\\\/open-water-instructor-3\\\/#breadcrumb\"},\"inLanguage\":\"fr-FR\",\"potentialAction\":[{\"@type\":\"ReadAction\",\"target\":[\"https:\\\/\\\/calerodiving.com\\\/open-water-instructor-3\\\/\"]}]},{\"@type\":\"ImageObject\",\"inLanguage\":\"fr-FR\",\"@id\":\"https:\\\/\\\/calerodiving.com\\\/open-water-instructor-3\\\/#primaryimage\",\"url\":\"https:\\\/\\\/calerodiving.com\\\/wp-content\\\/uploads\\\/2025\\\/07\\\/OpenWater-Instructor-course.webp\",\"contentUrl\":\"https:\\\/\\\/calerodiving.com\\\/wp-content\\\/uploads\\\/2025\\\/07\\\/OpenWater-Instructor-course.webp\"},{\"@type\":\"BreadcrumbList\",\"@id\":\"https:\\\/\\\/calerodiving.com\\\/open-water-instructor-3\\\/#breadcrumb\",\"itemListElement\":[{\"@type\":\"ListItem\",\"position\":1,\"name\":\"Home\",\"item\":\"https:\\\/\\\/calerodiving.com\\\/es\\\/\"},{\"@type\":\"ListItem\",\"position\":2,\"name\":\"Instructeur Open Water\"}]},{\"@type\":\"WebSite\",\"@id\":\"https:\\\/\\\/calerodiving.com\\\/#website\",\"url\":\"https:\\\/\\\/calerodiving.com\\\/\",\"name\":\"Calero Diving Lanzarote\",\"description\":\"Dive Center - Marina Puerto Calero Lanzarote\",\"publisher\":{\"@id\":\"https:\\\/\\\/calerodiving.com\\\/#organization\"},\"alternateName\":\"Calero Diving\",\"potentialAction\":[{\"@type\":\"SearchAction\",\"target\":{\"@type\":\"EntryPoint\",\"urlTemplate\":\"https:\\\/\\\/calerodiving.com\\\/?s={search_term_string}\"},\"query-input\":{\"@type\":\"PropertyValueSpecification\",\"valueRequired\":true,\"valueName\":\"search_term_string\"}}],\"inLanguage\":\"fr-FR\"},{\"@type\":\"Organization\",\"@id\":\"https:\\\/\\\/calerodiving.com\\\/#organization\",\"name\":\"Calero Diving Lanzarote\",\"alternateName\":\"Calero Diving\",\"url\":\"https:\\\/\\\/calerodiving.com\\\/\",\"logo\":{\"@type\":\"ImageObject\",\"inLanguage\":\"fr-FR\",\"@id\":\"https:\\\/\\\/calerodiving.com\\\/#\\\/schema\\\/logo\\\/image\\\/\",\"url\":\"https:\\\/\\\/calerodiving.com\\\/wp-content\\\/uploads\\\/2025\\\/05\\\/Grupo.png\",\"contentUrl\":\"https:\\\/\\\/calerodiving.com\\\/wp-content\\\/uploads\\\/2025\\\/05\\\/Grupo.png\",\"width\":499,\"height\":590,\"caption\":\"Calero Diving Lanzarote\"},\"image\":{\"@id\":\"https:\\\/\\\/calerodiving.com\\\/#\\\/schema\\\/logo\\\/image\\\/\"},\"sameAs\":[\"https:\\\/\\\/www.facebook.com\\\/calerodiving\\\/\",\"https:\\\/\\\/www.instagram.com\\\/calerodiving\\\/\"]}]}<\/script>\n<!-- \/ Yoast SEO plugin. -->","yoast_head_json":{"title":"Instructeur Open Water | Calero Diving Lanzarote","robots":{"index":"index","follow":"follow","max-snippet":"max-snippet:-1","max-image-preview":"max-image-preview:large","max-video-preview":"max-video-preview:-1"},"canonical":"https:\/\/calerodiving.com\/open-water-instructor-3\/","og_locale":"fr_FR","og_type":"article","og_title":"Instructeur Open Water | Calero Diving Lanzarote","og_description":"professionnel Instructeur Open Water Progressez dans votre carri\u00e8re d&rsquo;instructeur et gagnez en exp\u00e9rience Aper\u00e7u du programme : C&rsquo;est l&rsquo;\u00e9tape principale dans la carri\u00e8re de tout professionnel de la plong\u00e9e. \u00catre un instructeur Open Water SSI offre la possibilit\u00e9 d&rsquo;enseigner et de superviser des cours pour plongeurs de loisir depuis le d\u00e9but. De plus, une fois [&hellip;]","og_url":"https:\/\/calerodiving.com\/open-water-instructor-3\/","og_site_name":"Calero Diving Lanzarote","article_publisher":"https:\/\/www.facebook.com\/calerodiving\/","article_modified_time":"2025-09-09T15:21:45+00:00","og_image":[{"width":700,"height":445,"url":"https:\/\/calerodiving.com\/wp-content\/uploads\/2025\/07\/OpenWater-Instructor-course.webp","type":"image\/webp"}],"twitter_card":"summary_large_image","twitter_misc":{"Dur\u00e9e de lecture estim\u00e9e":"3 minutes"},"schema":{"@context":"https:\/\/schema.org","@graph":[{"@type":"WebPage","@id":"https:\/\/calerodiving.com\/open-water-instructor-3\/","url":"https:\/\/calerodiving.com\/open-water-instructor-3\/","name":"Instructeur Open Water | Calero Diving Lanzarote","isPartOf":{"@id":"https:\/\/calerodiving.com\/#website"},"primaryImageOfPage":{"@id":"https:\/\/calerodiving.com\/open-water-instructor-3\/#primaryimage"},"image":{"@id":"https:\/\/calerodiving.com\/open-water-instructor-3\/#primaryimage"},"thumbnailUrl":"https:\/\/calerodiving.com\/wp-content\/uploads\/2025\/07\/OpenWater-Instructor-course.webp","datePublished":"2025-08-27T07:45:27+00:00","dateModified":"2025-09-09T15:21:45+00:00","breadcrumb":{"@id":"https:\/\/calerodiving.com\/open-water-instructor-3\/#breadcrumb"},"inLanguage":"fr-FR","potentialAction":[{"@type":"ReadAction","target":["https:\/\/calerodiving.com\/open-water-instructor-3\/"]}]},{"@type":"ImageObject","inLanguage":"fr-FR","@id":"https:\/\/calerodiving.com\/open-water-instructor-3\/#primaryimage","url":"https:\/\/calerodiving.com\/wp-content\/uploads\/2025\/07\/OpenWater-Instructor-course.webp","contentUrl":"https:\/\/calerodiving.com\/wp-content\/uploads\/2025\/07\/OpenWater-Instructor-course.webp"},{"@type":"BreadcrumbList","@id":"https:\/\/calerodiving.com\/open-water-instructor-3\/#breadcrumb","itemListElement":[{"@type":"ListItem","position":1,"name":"Home","item":"https:\/\/calerodiving.com\/es\/"},{"@type":"ListItem","position":2,"name":"Instructeur Open Water"}]},{"@type":"WebSite","@id":"https:\/\/calerodiving.com\/#website","url":"https:\/\/calerodiving.com\/","name":"Calero Diving Lanzarote","description":"Dive Center - Marina Puerto Calero Lanzarote","publisher":{"@id":"https:\/\/calerodiving.com\/#organization"},"alternateName":"Calero Diving","potentialAction":[{"@type":"SearchAction","target":{"@type":"EntryPoint","urlTemplate":"https:\/\/calerodiving.com\/?s={search_term_string}"},"query-input":{"@type":"PropertyValueSpecification","valueRequired":true,"valueName":"search_term_string"}}],"inLanguage":"fr-FR"},{"@type":"Organization","@id":"https:\/\/calerodiving.com\/#organization","name":"Calero Diving Lanzarote","alternateName":"Calero Diving","url":"https:\/\/calerodiving.com\/","logo":{"@type":"ImageObject","inLanguage":"fr-FR","@id":"https:\/\/calerodiving.com\/#\/schema\/logo\/image\/","url":"https:\/\/calerodiving.com\/wp-content\/uploads\/2025\/05\/Grupo.png","contentUrl":"https:\/\/calerodiving.com\/wp-content\/uploads\/2025\/05\/Grupo.png","width":499,"height":590,"caption":"Calero Diving Lanzarote"},"image":{"@id":"https:\/\/calerodiving.com\/#\/schema\/logo\/image\/"},"sameAs":["https:\/\/www.facebook.com\/calerodiving\/","https:\/\/www.instagram.com\/calerodiving\/"]}]}},"_links":{"self":[{"href":"https:\/\/calerodiving.com\/fr\/wp-json\/wp\/v2\/pages\/24431","targetHints":{"allow":["GET"]}}],"collection":[{"href":"https:\/\/calerodiving.com\/fr\/wp-json\/wp\/v2\/pages"}],"about":[{"href":"https:\/\/calerodiving.com\/fr\/wp-json\/wp\/v2\/types\/page"}],"author":[{"embeddable":true,"href":"https:\/\/calerodiving.com\/fr\/wp-json\/wp\/v2\/users\/10"}],"replies":[{"embeddable":true,"href":"https:\/\/calerodiving.com\/fr\/wp-json\/wp\/v2\/comments?post=24431"}],"version-history":[{"count":14,"href":"https:\/\/calerodiving.com\/fr\/wp-json\/wp\/v2\/pages\/24431\/revisions"}],"predecessor-version":[{"id":26029,"href":"https:\/\/calerodiving.com\/fr\/wp-json\/wp\/v2\/pages\/24431\/revisions\/26029"}],"wp:attachment":[{"href":"https:\/\/calerodiving.com\/fr\/wp-json\/wp\/v2\/media?parent=24431"}],"curies":[{"name":"wp","href":"https:\/\/api.w.org\/{rel}","templated":true}]}}