{"id":24416,"date":"2025-08-27T08:45:03","date_gmt":"2025-08-27T07:45:03","guid":{"rendered":"https:\/\/calerodiving.com\/instructeur-de-specialite\/"},"modified":"2025-09-09T16:21:54","modified_gmt":"2025-09-09T15:21:54","slug":"specialty-instructor","status":"publish","type":"page","link":"https:\/\/calerodiving.com\/fr\/specialty-instructor\/","title":{"rendered":"Instructeur de Sp\u00e9cialit\u00e9"},"content":{"rendered":"\t\t<div data-elementor-type=\"wp-page\" data-elementor-id=\"24416\" class=\"elementor elementor-24416 elementor-21632\" data-elementor-post-type=\"page\">\n\t\t\t\t<div class=\"elementor-element elementor-element-db82f28 e-flex e-con-boxed e-con e-parent\" data-id=\"db82f28\" data-element_type=\"container\" data-e-type=\"container\">\n\t\t\t\t\t<div class=\"e-con-inner\">\n\t\t<div class=\"elementor-element elementor-element-b8519fd e-con-full e-flex e-con e-child\" data-id=\"b8519fd\" data-element_type=\"container\" data-e-type=\"container\">\n\t\t\t\t<div class=\"elementor-element elementor-element-0c7e96d elementor-widget elementor-widget-image\" data-id=\"0c7e96d\" data-element_type=\"widget\" data-e-type=\"widget\" data-widget_type=\"image.default\">\n\t\t\t\t<div class=\"elementor-widget-container\">\n\t\t\t\t\t\t\t\t\t\t\t\t\t\t\t<img fetchpriority=\"high\" decoding=\"async\" width=\"700\" height=\"445\" src=\"https:\/\/calerodiving.com\/wp-content\/uploads\/2025\/07\/Specialty-Instructor-course-.webp\" class=\"attachment-large size-large wp-image-22336\" alt=\"\" srcset=\"https:\/\/calerodiving.com\/wp-content\/uploads\/2025\/07\/Specialty-Instructor-course-.webp 700w, https:\/\/calerodiving.com\/wp-content\/uploads\/2025\/07\/Specialty-Instructor-course--300x191.webp 300w\" sizes=\"(max-width: 700px) 100vw, 700px\" \/>\t\t\t\t\t\t\t\t\t\t\t\t\t\t\t<\/div>\n\t\t\t\t<\/div>\n\t\t\t\t<\/div>\n\t\t<div class=\"elementor-element elementor-element-b14be40 e-con-full e-flex e-con e-child\" data-id=\"b14be40\" data-element_type=\"container\" data-e-type=\"container\">\n\t\t<div class=\"elementor-element elementor-element-0b1b756 e-con-full e-flex e-con e-child\" data-id=\"0b1b756\" data-element_type=\"container\" data-e-type=\"container\">\n\t\t\t\t<div class=\"elementor-element elementor-element-410bdff elementor-widget elementor-widget-html\" data-id=\"410bdff\" data-element_type=\"widget\" data-e-type=\"widget\" data-widget_type=\"html.default\">\n\t\t\t\t<div class=\"elementor-widget-container\">\n\t\t\t\t\t<a href=\"https:\/\/calerodiving.com\/fr\/?page_id=24227\" class=\"tag-button\">professionnel<\/a>\n\t\t\t\t<\/div>\n\t\t\t\t<\/div>\n\t\t\t\t<div class=\"elementor-element elementor-element-733c9e7 elementor-widget elementor-widget-heading\" data-id=\"733c9e7\" data-element_type=\"widget\" data-e-type=\"widget\" data-widget_type=\"heading.default\">\n\t\t\t\t<div class=\"elementor-widget-container\">\n\t\t\t\t\t<h2 class=\"elementor-heading-title elementor-size-default\">Instructeur de sp\u00e9cialit\u00e9<\/h2>\t\t\t\t<\/div>\n\t\t\t\t<\/div>\n\t\t\t\t<\/div>\n\t\t\t\t<\/div>\n\t\t\t\t\t<\/div>\n\t\t\t\t<\/div>\n\t\t<div class=\"elementor-element elementor-element-55b941c e-flex e-con-boxed e-con e-parent\" data-id=\"55b941c\" data-element_type=\"container\" data-e-type=\"container\">\n\t\t\t\t\t<div class=\"e-con-inner\">\n\t\t<div class=\"elementor-element elementor-element-8720e02 e-con-full e-flex e-con e-child\" data-id=\"8720e02\" data-element_type=\"container\" data-e-type=\"container\">\n\t\t<div class=\"elementor-element elementor-element-a8c718f e-con-full e-flex e-con e-child\" data-id=\"a8c718f\" data-element_type=\"container\" data-e-type=\"container\">\n\t\t\t\t<div class=\"elementor-element elementor-element-7784dcb elementor-widget elementor-widget-heading\" data-id=\"7784dcb\" data-element_type=\"widget\" data-e-type=\"widget\" data-widget_type=\"heading.default\">\n\t\t\t\t<div class=\"elementor-widget-container\">\n\t\t\t\t\t<h2 class=\"elementor-heading-title elementor-size-default\">Progressez dans votre carri\u00e8re d'instructeur et gagnez en exp\u00e9rience<\/h2>\t\t\t\t<\/div>\n\t\t\t\t<\/div>\n\t\t\t\t<div class=\"elementor-element elementor-element-05782db elementor-widget elementor-widget-text-editor\" data-id=\"05782db\" data-element_type=\"widget\" data-e-type=\"widget\" data-widget_type=\"text-editor.default\">\n\t\t\t\t<div class=\"elementor-widget-container\">\n\t\t\t\t\t\t\t\t\t<div class=\"section-list\"><h3>Aper\u00e7u du programme :<\/h3><ul><li><p>Vous \u00eates d\u00e9j\u00e0 instructeur SSI Open Water et vous vous sentez pr\u00eat \u00e0 enseigner davantage ?<\/p><p>Vous pouvez alors vous former comme instructeur dans diff\u00e9rentes sp\u00e9cialit\u00e9s afin d&rsquo;\u00e9largir vos possibilit\u00e9s en tant que professionnel ou vous sp\u00e9cialiser dans un domaine sp\u00e9cifique qui vous int\u00e9resse.<\/p><p>De la plong\u00e9e profonde, la plong\u00e9e en combinaison \u00e9tanche et la plong\u00e9e sur \u00e9pave \u00e0 la navigation, le scooter\/DPV et la plong\u00e9e avec d\u00e9compression, les possibilit\u00e9s sont infinies.<\/p><p>\u00catre capable d&rsquo;enseigner diff\u00e9rentes sp\u00e9cialit\u00e9s rendra votre carri\u00e8re d&rsquo;instructeur non seulement plus r\u00e9ussie, mais aussi beaucoup plus enrichissante et vari\u00e9e.<\/p><p>Certaines sp\u00e9cialit\u00e9s, comme l&rsquo;instructeur de plong\u00e9e avec d\u00e9compression, ont des exigences plus \u00e9lev\u00e9es concernant les sessions pratiques et th\u00e9oriques, leur prix peut donc varier.<\/p><p>Contactez-nous pour plus d&rsquo;informations.<br>Si vous souhaitez vous former \u00e0 plus d&rsquo;une sp\u00e9cialit\u00e9, vous pouvez acheter un forfait de 5 sp\u00e9cialit\u00e9s d&rsquo;instructeur pour seulement 550<span style=\"background-color: unset;\">\u20ac<\/span><\/p><\/li><\/ul><h3>Dur\u00e9e :<\/h3><ul><li>Variable<\/li><\/ul><h3>Inclus :<\/h3><ul><li>Tous les mat\u00e9riels de formation, y compris les supports d&rsquo;apprentissage num\u00e9riques et les mat\u00e9riels de formation physiques<\/li><li>Frais d&rsquo;inscription SSI<\/li><li>Frais annuels de statut actif SSI<\/li><li>20 % de r\u00e9duction sur l&rsquo;acquisition de nouveaux \u00e9quipements<\/li><li>T-shirt Calero Diving<\/li><\/ul><h3>Non inclus :<\/h3><ul><li>Location d&rsquo;\u00e9quipement<\/li><li>Assurance plong\u00e9e personnelle ou professionnelle.<\/li><\/ul><h3>Pr\u00e9requis :<\/h3><ul><li>Qualification d&rsquo;instructeur Open Water ou sup\u00e9rieure.<\/li><li>Certification SSI React Right ou \u00e9quivalent, datant de moins de deux ans.<\/li><li>\u00c2ge minimum 18 ans<\/li><li>Certificat m\u00e9dical hyperbare.<\/li><li>Assurance plong\u00e9e professionnelle et personnelle.<\/li><\/ul><h3>Autres formations qui pourraient vous int\u00e9resser :<\/h3><ul><li><a href=\"https:\/\/calerodiving.com\/assistant-instructor-trainer\/\">Assistant instructeur formateur<\/a><\/li><\/ul><\/div>\t\t\t\t\t\t\t\t<\/div>\n\t\t\t\t<\/div>\n\t\t\t\t<\/div>\n\t\t\t\t<\/div>\n\t\t<div class=\"elementor-element elementor-element-1f2ce6d e-con-full e-flex e-con e-child\" data-id=\"1f2ce6d\" data-element_type=\"container\" data-e-type=\"container\">\n\t\t<div class=\"elementor-element elementor-element-6f31e2e e-con-full course-sidebar-box e-flex e-con e-child\" data-id=\"6f31e2e\" data-element_type=\"container\" data-e-type=\"container\" data-settings=\"{&quot;sticky&quot;:&quot;top&quot;,&quot;sticky_offset&quot;:110,&quot;sticky_effects_offset&quot;:130,&quot;sticky_parent&quot;:&quot;yes&quot;,&quot;sticky_on&quot;:[&quot;desktop&quot;,&quot;tablet&quot;,&quot;mobile&quot;],&quot;sticky_anchor_link_offset&quot;:0}\">\n\t\t\t\t<div class=\"elementor-element elementor-element-cfed437 elementor-widget elementor-widget-text-editor\" data-id=\"cfed437\" data-element_type=\"widget\" data-e-type=\"widget\" data-widget_type=\"text-editor.default\">\n\t\t\t\t<div class=\"elementor-widget-container\">\n\t\t\t\t\t\t\t\t\t<div class=\"courses-info\"><h6 class=\"no-margin\">Dur\u00e9e :<\/h6><p class=\"no-margin\">Variable<\/p><\/div><div class=\"courses-info\"><h6 class=\"no-margin\">Prix :<\/h6><p class=\"no-margin\">\u00c0 partir de 170 \u20ac<\/p><\/div>\t\t\t\t\t\t\t\t<\/div>\n\t\t\t\t<\/div>\n\t\t\t\t<div class=\"elementor-element elementor-element-4082e55 elementor-mobile-align-center elementor-widget elementor-widget-button\" data-id=\"4082e55\" data-element_type=\"widget\" data-e-type=\"widget\" data-widget_type=\"button.default\">\n\t\t\t\t<div class=\"elementor-widget-container\">\n\t\t\t\t\t\t\t\t\t<div class=\"elementor-button-wrapper\">\n\t\t\t\t\t<a class=\"elementor-button elementor-size-sm\" role=\"button\">\n\t\t\t\t\t\t<span class=\"elementor-button-content-wrapper\">\n\t\t\t\t\t\t\t\t\t<span class=\"elementor-button-text\">Contact<\/span>\n\t\t\t\t\t<\/span>\n\t\t\t\t\t<\/a>\n\t\t\t\t<\/div>\n\t\t\t\t\t\t\t\t<\/div>\n\t\t\t\t<\/div>\n\t\t\t\t<\/div>\n\t\t\t\t<\/div>\n\t\t\t\t\t<\/div>\n\t\t\t\t<\/div>\n\t\t\t\t<\/div>\n\t\t","protected":false},"excerpt":{"rendered":"<p>professionnel Instructeur de sp\u00e9cialit\u00e9 Progressez dans votre carri\u00e8re d&rsquo;instructeur et gagnez en exp\u00e9rience Aper\u00e7u du programme : Vous \u00eates d\u00e9j\u00e0 instructeur SSI Open Water et vous vous sentez pr\u00eat \u00e0 enseigner davantage ? Vous pouvez alors vous former comme instructeur dans diff\u00e9rentes sp\u00e9cialit\u00e9s afin d&rsquo;\u00e9largir vos possibilit\u00e9s en tant que professionnel ou vous sp\u00e9cialiser dans [&hellip;]<\/p>\n","protected":false},"author":10,"featured_media":0,"parent":0,"menu_order":0,"comment_status":"closed","ping_status":"closed","template":"","meta":{"_acf_changed":false,"footnotes":""},"class_list":["post-24416","page","type-page","status-publish","hentry"],"acf":[],"yoast_head":"<!-- This site is optimized with the Yoast SEO plugin v27.5 - https:\/\/yoast.com\/product\/yoast-seo-wordpress\/ -->\n<title>Instructeur de Sp\u00e9cialit\u00e9 | Calero Diving Lanzarote<\/title>\n<meta name=\"robots\" content=\"index, follow, max-snippet:-1, max-image-preview:large, max-video-preview:-1\" \/>\n<link rel=\"canonical\" href=\"https:\/\/calerodiving.com\/specialty-instructor\/\" \/>\n<meta property=\"og:locale\" content=\"fr_FR\" \/>\n<meta property=\"og:type\" content=\"article\" \/>\n<meta property=\"og:title\" content=\"Instructeur de Sp\u00e9cialit\u00e9 | Calero Diving Lanzarote\" \/>\n<meta property=\"og:description\" content=\"professionnel Instructeur de sp\u00e9cialit\u00e9 Progressez dans votre carri\u00e8re d&rsquo;instructeur et gagnez en exp\u00e9rience Aper\u00e7u du programme : Vous \u00eates d\u00e9j\u00e0 instructeur SSI Open Water et vous vous sentez pr\u00eat \u00e0 enseigner davantage ? Vous pouvez alors vous former comme instructeur dans diff\u00e9rentes sp\u00e9cialit\u00e9s afin d&rsquo;\u00e9largir vos possibilit\u00e9s en tant que professionnel ou vous sp\u00e9cialiser dans [&hellip;]\" \/>\n<meta property=\"og:url\" content=\"https:\/\/calerodiving.com\/specialty-instructor\/\" \/>\n<meta property=\"og:site_name\" content=\"Calero Diving Lanzarote\" \/>\n<meta property=\"article:publisher\" content=\"https:\/\/www.facebook.com\/calerodiving\/\" \/>\n<meta property=\"article:modified_time\" content=\"2025-09-09T15:21:54+00:00\" \/>\n<meta property=\"og:image\" content=\"https:\/\/calerodiving.com\/wp-content\/uploads\/2025\/07\/Specialty-Instructor-course-.webp\" \/>\n\t<meta property=\"og:image:width\" content=\"700\" \/>\n\t<meta property=\"og:image:height\" content=\"445\" \/>\n\t<meta property=\"og:image:type\" content=\"image\/webp\" \/>\n<meta name=\"twitter:card\" content=\"summary_large_image\" \/>\n<meta name=\"twitter:label1\" content=\"Dur\u00e9e de lecture estim\u00e9e\" \/>\n\t<meta name=\"twitter:data1\" content=\"2 minutes\" \/>\n<script type=\"application\/ld+json\" class=\"yoast-schema-graph\">{\"@context\":\"https:\\\/\\\/schema.org\",\"@graph\":[{\"@type\":\"WebPage\",\"@id\":\"https:\\\/\\\/calerodiving.com\\\/specialty-instructor\\\/\",\"url\":\"https:\\\/\\\/calerodiving.com\\\/specialty-instructor\\\/\",\"name\":\"Instructeur de Sp\u00e9cialit\u00e9 | Calero Diving Lanzarote\",\"isPartOf\":{\"@id\":\"https:\\\/\\\/calerodiving.com\\\/#website\"},\"primaryImageOfPage\":{\"@id\":\"https:\\\/\\\/calerodiving.com\\\/specialty-instructor\\\/#primaryimage\"},\"image\":{\"@id\":\"https:\\\/\\\/calerodiving.com\\\/specialty-instructor\\\/#primaryimage\"},\"thumbnailUrl\":\"https:\\\/\\\/calerodiving.com\\\/wp-content\\\/uploads\\\/2025\\\/07\\\/Specialty-Instructor-course-.webp\",\"datePublished\":\"2025-08-27T07:45:03+00:00\",\"dateModified\":\"2025-09-09T15:21:54+00:00\",\"breadcrumb\":{\"@id\":\"https:\\\/\\\/calerodiving.com\\\/specialty-instructor\\\/#breadcrumb\"},\"inLanguage\":\"fr-FR\",\"potentialAction\":[{\"@type\":\"ReadAction\",\"target\":[\"https:\\\/\\\/calerodiving.com\\\/specialty-instructor\\\/\"]}]},{\"@type\":\"ImageObject\",\"inLanguage\":\"fr-FR\",\"@id\":\"https:\\\/\\\/calerodiving.com\\\/specialty-instructor\\\/#primaryimage\",\"url\":\"https:\\\/\\\/calerodiving.com\\\/wp-content\\\/uploads\\\/2025\\\/07\\\/Specialty-Instructor-course-.webp\",\"contentUrl\":\"https:\\\/\\\/calerodiving.com\\\/wp-content\\\/uploads\\\/2025\\\/07\\\/Specialty-Instructor-course-.webp\"},{\"@type\":\"BreadcrumbList\",\"@id\":\"https:\\\/\\\/calerodiving.com\\\/specialty-instructor\\\/#breadcrumb\",\"itemListElement\":[{\"@type\":\"ListItem\",\"position\":1,\"name\":\"Home\",\"item\":\"https:\\\/\\\/calerodiving.com\\\/es\\\/\"},{\"@type\":\"ListItem\",\"position\":2,\"name\":\"Instructeur de Sp\u00e9cialit\u00e9\"}]},{\"@type\":\"WebSite\",\"@id\":\"https:\\\/\\\/calerodiving.com\\\/#website\",\"url\":\"https:\\\/\\\/calerodiving.com\\\/\",\"name\":\"Calero Diving Lanzarote\",\"description\":\"Dive Center - Marina Puerto Calero Lanzarote\",\"publisher\":{\"@id\":\"https:\\\/\\\/calerodiving.com\\\/#organization\"},\"alternateName\":\"Calero Diving\",\"potentialAction\":[{\"@type\":\"SearchAction\",\"target\":{\"@type\":\"EntryPoint\",\"urlTemplate\":\"https:\\\/\\\/calerodiving.com\\\/?s={search_term_string}\"},\"query-input\":{\"@type\":\"PropertyValueSpecification\",\"valueRequired\":true,\"valueName\":\"search_term_string\"}}],\"inLanguage\":\"fr-FR\"},{\"@type\":\"Organization\",\"@id\":\"https:\\\/\\\/calerodiving.com\\\/#organization\",\"name\":\"Calero Diving Lanzarote\",\"alternateName\":\"Calero Diving\",\"url\":\"https:\\\/\\\/calerodiving.com\\\/\",\"logo\":{\"@type\":\"ImageObject\",\"inLanguage\":\"fr-FR\",\"@id\":\"https:\\\/\\\/calerodiving.com\\\/#\\\/schema\\\/logo\\\/image\\\/\",\"url\":\"https:\\\/\\\/calerodiving.com\\\/wp-content\\\/uploads\\\/2025\\\/05\\\/Grupo.png\",\"contentUrl\":\"https:\\\/\\\/calerodiving.com\\\/wp-content\\\/uploads\\\/2025\\\/05\\\/Grupo.png\",\"width\":499,\"height\":590,\"caption\":\"Calero Diving Lanzarote\"},\"image\":{\"@id\":\"https:\\\/\\\/calerodiving.com\\\/#\\\/schema\\\/logo\\\/image\\\/\"},\"sameAs\":[\"https:\\\/\\\/www.facebook.com\\\/calerodiving\\\/\",\"https:\\\/\\\/www.instagram.com\\\/calerodiving\\\/\"]}]}<\/script>\n<!-- \/ Yoast SEO plugin. -->","yoast_head_json":{"title":"Instructeur de Sp\u00e9cialit\u00e9 | Calero Diving Lanzarote","robots":{"index":"index","follow":"follow","max-snippet":"max-snippet:-1","max-image-preview":"max-image-preview:large","max-video-preview":"max-video-preview:-1"},"canonical":"https:\/\/calerodiving.com\/specialty-instructor\/","og_locale":"fr_FR","og_type":"article","og_title":"Instructeur de Sp\u00e9cialit\u00e9 | Calero Diving Lanzarote","og_description":"professionnel Instructeur de sp\u00e9cialit\u00e9 Progressez dans votre carri\u00e8re d&rsquo;instructeur et gagnez en exp\u00e9rience Aper\u00e7u du programme : Vous \u00eates d\u00e9j\u00e0 instructeur SSI Open Water et vous vous sentez pr\u00eat \u00e0 enseigner davantage ? Vous pouvez alors vous former comme instructeur dans diff\u00e9rentes sp\u00e9cialit\u00e9s afin d&rsquo;\u00e9largir vos possibilit\u00e9s en tant que professionnel ou vous sp\u00e9cialiser dans [&hellip;]","og_url":"https:\/\/calerodiving.com\/specialty-instructor\/","og_site_name":"Calero Diving Lanzarote","article_publisher":"https:\/\/www.facebook.com\/calerodiving\/","article_modified_time":"2025-09-09T15:21:54+00:00","og_image":[{"width":700,"height":445,"url":"https:\/\/calerodiving.com\/wp-content\/uploads\/2025\/07\/Specialty-Instructor-course-.webp","type":"image\/webp"}],"twitter_card":"summary_large_image","twitter_misc":{"Dur\u00e9e de lecture estim\u00e9e":"2 minutes"},"schema":{"@context":"https:\/\/schema.org","@graph":[{"@type":"WebPage","@id":"https:\/\/calerodiving.com\/specialty-instructor\/","url":"https:\/\/calerodiving.com\/specialty-instructor\/","name":"Instructeur de Sp\u00e9cialit\u00e9 | Calero Diving Lanzarote","isPartOf":{"@id":"https:\/\/calerodiving.com\/#website"},"primaryImageOfPage":{"@id":"https:\/\/calerodiving.com\/specialty-instructor\/#primaryimage"},"image":{"@id":"https:\/\/calerodiving.com\/specialty-instructor\/#primaryimage"},"thumbnailUrl":"https:\/\/calerodiving.com\/wp-content\/uploads\/2025\/07\/Specialty-Instructor-course-.webp","datePublished":"2025-08-27T07:45:03+00:00","dateModified":"2025-09-09T15:21:54+00:00","breadcrumb":{"@id":"https:\/\/calerodiving.com\/specialty-instructor\/#breadcrumb"},"inLanguage":"fr-FR","potentialAction":[{"@type":"ReadAction","target":["https:\/\/calerodiving.com\/specialty-instructor\/"]}]},{"@type":"ImageObject","inLanguage":"fr-FR","@id":"https:\/\/calerodiving.com\/specialty-instructor\/#primaryimage","url":"https:\/\/calerodiving.com\/wp-content\/uploads\/2025\/07\/Specialty-Instructor-course-.webp","contentUrl":"https:\/\/calerodiving.com\/wp-content\/uploads\/2025\/07\/Specialty-Instructor-course-.webp"},{"@type":"BreadcrumbList","@id":"https:\/\/calerodiving.com\/specialty-instructor\/#breadcrumb","itemListElement":[{"@type":"ListItem","position":1,"name":"Home","item":"https:\/\/calerodiving.com\/es\/"},{"@type":"ListItem","position":2,"name":"Instructeur de Sp\u00e9cialit\u00e9"}]},{"@type":"WebSite","@id":"https:\/\/calerodiving.com\/#website","url":"https:\/\/calerodiving.com\/","name":"Calero Diving Lanzarote","description":"Dive Center - Marina Puerto Calero Lanzarote","publisher":{"@id":"https:\/\/calerodiving.com\/#organization"},"alternateName":"Calero Diving","potentialAction":[{"@type":"SearchAction","target":{"@type":"EntryPoint","urlTemplate":"https:\/\/calerodiving.com\/?s={search_term_string}"},"query-input":{"@type":"PropertyValueSpecification","valueRequired":true,"valueName":"search_term_string"}}],"inLanguage":"fr-FR"},{"@type":"Organization","@id":"https:\/\/calerodiving.com\/#organization","name":"Calero Diving Lanzarote","alternateName":"Calero Diving","url":"https:\/\/calerodiving.com\/","logo":{"@type":"ImageObject","inLanguage":"fr-FR","@id":"https:\/\/calerodiving.com\/#\/schema\/logo\/image\/","url":"https:\/\/calerodiving.com\/wp-content\/uploads\/2025\/05\/Grupo.png","contentUrl":"https:\/\/calerodiving.com\/wp-content\/uploads\/2025\/05\/Grupo.png","width":499,"height":590,"caption":"Calero Diving Lanzarote"},"image":{"@id":"https:\/\/calerodiving.com\/#\/schema\/logo\/image\/"},"sameAs":["https:\/\/www.facebook.com\/calerodiving\/","https:\/\/www.instagram.com\/calerodiving\/"]}]}},"_links":{"self":[{"href":"https:\/\/calerodiving.com\/fr\/wp-json\/wp\/v2\/pages\/24416","targetHints":{"allow":["GET"]}}],"collection":[{"href":"https:\/\/calerodiving.com\/fr\/wp-json\/wp\/v2\/pages"}],"about":[{"href":"https:\/\/calerodiving.com\/fr\/wp-json\/wp\/v2\/types\/page"}],"author":[{"embeddable":true,"href":"https:\/\/calerodiving.com\/fr\/wp-json\/wp\/v2\/users\/10"}],"replies":[{"embeddable":true,"href":"https:\/\/calerodiving.com\/fr\/wp-json\/wp\/v2\/comments?post=24416"}],"version-history":[{"count":15,"href":"https:\/\/calerodiving.com\/fr\/wp-json\/wp\/v2\/pages\/24416\/revisions"}],"predecessor-version":[{"id":26032,"href":"https:\/\/calerodiving.com\/fr\/wp-json\/wp\/v2\/pages\/24416\/revisions\/26032"}],"wp:attachment":[{"href":"https:\/\/calerodiving.com\/fr\/wp-json\/wp\/v2\/media?parent=24416"}],"curies":[{"name":"wp","href":"https:\/\/api.w.org\/{rel}","templated":true}]}}