{"id":24407,"date":"2025-08-27T08:44:50","date_gmt":"2025-08-27T07:44:50","guid":{"rendered":"https:\/\/calerodiving.com\/passerelle-professionnel-de-plongee\/"},"modified":"2025-09-09T16:26:01","modified_gmt":"2025-09-09T15:26:01","slug":"dive-professional-crossover","status":"publish","type":"page","link":"https:\/\/calerodiving.com\/fr\/dive-professional-crossover\/","title":{"rendered":"Dive Professional Crossover"},"content":{"rendered":"\t\t<div data-elementor-type=\"wp-page\" data-elementor-id=\"24407\" class=\"elementor elementor-24407 elementor-21668\" data-elementor-post-type=\"page\">\n\t\t\t\t<div class=\"elementor-element elementor-element-3837434 e-flex e-con-boxed e-con e-parent\" data-id=\"3837434\" data-element_type=\"container\" data-e-type=\"container\">\n\t\t\t\t\t<div class=\"e-con-inner\">\n\t\t<div class=\"elementor-element elementor-element-39edf96 e-con-full e-flex e-con e-child\" data-id=\"39edf96\" data-element_type=\"container\" data-e-type=\"container\">\n\t\t\t\t<div class=\"elementor-element elementor-element-0605660 elementor-widget elementor-widget-image\" data-id=\"0605660\" data-element_type=\"widget\" data-e-type=\"widget\" data-widget_type=\"image.default\">\n\t\t\t\t<div class=\"elementor-widget-container\">\n\t\t\t\t\t\t\t\t\t\t\t\t\t\t\t<img fetchpriority=\"high\" decoding=\"async\" width=\"700\" height=\"445\" src=\"https:\/\/calerodiving.com\/wp-content\/uploads\/2025\/07\/Dive-Professional-Crossover-course.webp\" class=\"attachment-large size-large wp-image-22339\" alt=\"\" srcset=\"https:\/\/calerodiving.com\/wp-content\/uploads\/2025\/07\/Dive-Professional-Crossover-course.webp 700w, https:\/\/calerodiving.com\/wp-content\/uploads\/2025\/07\/Dive-Professional-Crossover-course-300x191.webp 300w\" sizes=\"(max-width: 700px) 100vw, 700px\" \/>\t\t\t\t\t\t\t\t\t\t\t\t\t\t\t<\/div>\n\t\t\t\t<\/div>\n\t\t\t\t<\/div>\n\t\t<div class=\"elementor-element elementor-element-f38d3d9 e-con-full e-flex e-con e-child\" data-id=\"f38d3d9\" data-element_type=\"container\" data-e-type=\"container\">\n\t\t<div class=\"elementor-element elementor-element-89343cf e-con-full e-flex e-con e-child\" data-id=\"89343cf\" data-element_type=\"container\" data-e-type=\"container\">\n\t\t\t\t<div class=\"elementor-element elementor-element-1b5bdcc elementor-widget elementor-widget-html\" data-id=\"1b5bdcc\" data-element_type=\"widget\" data-e-type=\"widget\" data-widget_type=\"html.default\">\n\t\t\t\t<div class=\"elementor-widget-container\">\n\t\t\t\t\t<a href=\"https:\/\/calerodiving.com\/fr\/?page_id=24227\" class=\"tag-button\">Professionnel<\/a>\n\t\t\t\t<\/div>\n\t\t\t\t<\/div>\n\t\t\t\t<div class=\"elementor-element elementor-element-09506d3 elementor-widget elementor-widget-heading\" data-id=\"09506d3\" data-element_type=\"widget\" data-e-type=\"widget\" data-widget_type=\"heading.default\">\n\t\t\t\t<div class=\"elementor-widget-container\">\n\t\t\t\t\t<h2 class=\"elementor-heading-title elementor-size-default\">Dive Professional Crossover<\/h2>\t\t\t\t<\/div>\n\t\t\t\t<\/div>\n\t\t\t\t<\/div>\n\t\t\t\t<\/div>\n\t\t\t\t\t<\/div>\n\t\t\t\t<\/div>\n\t\t<div class=\"elementor-element elementor-element-f86afef e-flex e-con-boxed e-con e-parent\" data-id=\"f86afef\" data-element_type=\"container\" data-e-type=\"container\">\n\t\t\t\t\t<div class=\"e-con-inner\">\n\t\t<div class=\"elementor-element elementor-element-2a527cb e-con-full e-flex e-con e-child\" data-id=\"2a527cb\" data-element_type=\"container\" data-e-type=\"container\">\n\t\t<div class=\"elementor-element elementor-element-2a8399f e-con-full e-flex e-con e-child\" data-id=\"2a8399f\" data-element_type=\"container\" data-e-type=\"container\">\n\t\t\t\t<div class=\"elementor-element elementor-element-0aacba1 elementor-widget elementor-widget-heading\" data-id=\"0aacba1\" data-element_type=\"widget\" data-e-type=\"widget\" data-widget_type=\"heading.default\">\n\t\t\t\t<div class=\"elementor-widget-container\">\n\t\t\t\t\t<h2 class=\"elementor-heading-title elementor-size-default\">Passez \u00e0 SSI, l'organisme de formation leader mondial<\/h2>\t\t\t\t<\/div>\n\t\t\t\t<\/div>\n\t\t\t\t<div class=\"elementor-element elementor-element-a172b50 elementor-widget elementor-widget-text-editor\" data-id=\"a172b50\" data-element_type=\"widget\" data-e-type=\"widget\" data-widget_type=\"text-editor.default\">\n\t\t\t\t<div class=\"elementor-widget-container\">\n\t\t\t\t\t\t\t\t\t<div class=\"section-list\">\n<h3>Aper\u00e7u du programme :<\/h3>\n<p>La plong\u00e9e est connue pour \u00eatre l&rsquo;une des professions avec le moins de ch\u00f4mage, tout en permettant de travailler presque partout dans le monde.<\/p>\n<p>Vous \u00eates d\u00e9j\u00e0 un professionnel de la plong\u00e9e et vous pensez changer d&rsquo;organisme ?<\/p>\n<p>SSI compte plus de 3 000 centres de plong\u00e9e r\u00e9partis dans plus de 100 pays \u00e0 travers le monde et ces derni\u00e8res ann\u00e9es, SSI est devenu l&rsquo;organisme de r\u00e9f\u00e9rence pour les centres de plong\u00e9e et les instructeurs gr\u00e2ce, entre autres, au d\u00e9veloppement d&rsquo;outils et de manuels num\u00e9riques, \u00e0 sa philosophie d&rsquo;enseignement, aux avantages pour les instructeurs et les centres, aux r\u00e9compenses et \u00e0 la reconnaissance ainsi qu&rsquo;\u00e0 leur flexibilit\u00e9 dans l&rsquo;enseignement.<\/p>\n<p>Pendant le cours, vous apprendrez les diff\u00e9rences entre SSI et les autres organismes pour appliquer la philosophie et le syst\u00e8me d&rsquo;enseignement dans vos prochains cours, ainsi que l&rsquo;utilisation des diff\u00e9rents outils utiles que l&rsquo;organisme propose \u00e0 ses professionnels.<\/p>\n<p>Un instructeur SSI Open Water peut directement enseigner les cours suivants : Open Water Diver, Enriched Air Nitrox (jusqu&rsquo;\u00e0 40 %), Diver Stress  Rescue, Perfect Buoyancy, Dive Guide, ainsi que de nombreux autres cours de niveau d\u00e9butant.<\/p>\n<p>Si vous \u00eates Divemaster, Assistant Instructeur ou Assistant Instructeur Formateur ou \u00e9quivalent, vous pouvez \u00e9galement faire un Crossover vers SSI. Contactez-nous pour plus d&rsquo;informations. <\/p>\n<h3>Dur\u00e9e :<\/h3>\n<ul>\n<li>3 jours<\/li>\n<\/ul>\n<h3>Inclus :<\/h3>\n<ul>\n<li>Tous les mat\u00e9riels de formation, y compris les supports d&rsquo;apprentissage num\u00e9riques et les mat\u00e9riels de formation physiques.<\/li>\n<li>Frais d&rsquo;inscription SSI.<\/li>\n<li>Frais annuels de statut actif SSI.<\/li>\n<li>20 % de r\u00e9duction sur l&rsquo;acquisition de nouveaux \u00e9quipements.<\/li>\n<li>T-shirt Calero Diving<\/li>\n<\/ul>\n<h3>Non inclus :<\/h3>\n<ul>\n<li>Location d&rsquo;\u00e9quipement<\/li>\n<li>Assurance plong\u00e9e personnelle ou professionnelle<\/li>\n<\/ul>\n<h3>Pr\u00e9requis :<\/h3>\n<ul>\n<li>Certification minimum SSI Divemaster ou \u00e9quivalent.<\/li>\n<li>Certification SSI React Right First ou \u00e9quivalent, datant de moins de deux ans.<\/li>\n<li>Minimum 18 ans.<\/li>\n<li>Certificat m\u00e9dical hyperbare.<\/li>\n<li>Assurance plong\u00e9e professionnelle et personnelle.<\/li>\n<\/ul>\n<h3>Autres formations qui pourraient vous int\u00e9resser :<\/h3>\n<ul>\n<li><a href=\"https:\/\/calerodiving.com\/assistant-instructor\/\">Assistant instructeur<\/a><\/li>\n<li><a href=\"https:\/\/calerodiving.com\/open-water-instructor-3\/\">Instructeur Open Water<\/a><\/li>\n<li><a href=\"https:\/\/calerodiving.com\/assistant-instructor-trainer\/\">Formateur d&rsquo;assistant instructeur<\/a><\/li>\n<\/ul>\n<\/div>\t\t\t\t\t\t\t\t<\/div>\n\t\t\t\t<\/div>\n\t\t\t\t<\/div>\n\t\t\t\t<\/div>\n\t\t<div class=\"elementor-element elementor-element-5334a1f e-con-full e-flex e-con e-child\" data-id=\"5334a1f\" data-element_type=\"container\" data-e-type=\"container\">\n\t\t<div class=\"elementor-element elementor-element-74c7b50 e-con-full course-sidebar-box e-flex e-con e-child\" data-id=\"74c7b50\" data-element_type=\"container\" data-e-type=\"container\" data-settings=\"{&quot;sticky&quot;:&quot;top&quot;,&quot;sticky_offset&quot;:110,&quot;sticky_effects_offset&quot;:130,&quot;sticky_parent&quot;:&quot;yes&quot;,&quot;sticky_on&quot;:[&quot;desktop&quot;,&quot;tablet&quot;,&quot;mobile&quot;],&quot;sticky_anchor_link_offset&quot;:0}\">\n\t\t\t\t<div class=\"elementor-element elementor-element-032c544 elementor-widget elementor-widget-text-editor\" data-id=\"032c544\" data-element_type=\"widget\" data-e-type=\"widget\" data-widget_type=\"text-editor.default\">\n\t\t\t\t<div class=\"elementor-widget-container\">\n\t\t\t\t\t\t\t\t\t<div class=\"courses-info\"><h6 class=\"no-margin\">Dur\u00e9e :<\/h6><p class=\"no-margin\">3 jours<\/p><\/div><div class=\"courses-info\"><h6 class=\"no-margin\">Prix :<\/h6><p class=\"no-margin\">\u00c0 partir de 990 \u20ac<\/p><\/div>\t\t\t\t\t\t\t\t<\/div>\n\t\t\t\t<\/div>\n\t\t\t\t<div class=\"elementor-element elementor-element-8374efe elementor-mobile-align-center elementor-widget elementor-widget-button\" data-id=\"8374efe\" data-element_type=\"widget\" data-e-type=\"widget\" data-widget_type=\"button.default\">\n\t\t\t\t<div class=\"elementor-widget-container\">\n\t\t\t\t\t\t\t\t\t<div class=\"elementor-button-wrapper\">\n\t\t\t\t\t<a class=\"elementor-button elementor-size-sm\" role=\"button\">\n\t\t\t\t\t\t<span class=\"elementor-button-content-wrapper\">\n\t\t\t\t\t\t\t\t\t<span class=\"elementor-button-text\">Contact<\/span>\n\t\t\t\t\t<\/span>\n\t\t\t\t\t<\/a>\n\t\t\t\t<\/div>\n\t\t\t\t\t\t\t\t<\/div>\n\t\t\t\t<\/div>\n\t\t\t\t<\/div>\n\t\t\t\t<\/div>\n\t\t\t\t\t<\/div>\n\t\t\t\t<\/div>\n\t\t\t\t<\/div>\n\t\t","protected":false},"excerpt":{"rendered":"<p>Professionnel Dive Professional Crossover Passez \u00e0 SSI, l&rsquo;organisme de formation leader mondial Aper\u00e7u du programme : La plong\u00e9e est connue pour \u00eatre l&rsquo;une des professions avec le moins de ch\u00f4mage, tout en permettant de travailler presque partout dans le monde. Vous \u00eates d\u00e9j\u00e0 un professionnel de la plong\u00e9e et vous pensez changer d&rsquo;organisme ? SSI [&hellip;]<\/p>\n","protected":false},"author":10,"featured_media":0,"parent":0,"menu_order":0,"comment_status":"closed","ping_status":"closed","template":"","meta":{"_acf_changed":false,"footnotes":""},"class_list":["post-24407","page","type-page","status-publish","hentry"],"acf":[],"yoast_head":"<!-- This site is optimized with the Yoast SEO plugin v27.5 - https:\/\/yoast.com\/product\/yoast-seo-wordpress\/ -->\n<title>Dive Professional Crossover | Calero Diving Lanzarote<\/title>\n<meta name=\"robots\" content=\"index, follow, max-snippet:-1, max-image-preview:large, max-video-preview:-1\" \/>\n<link rel=\"canonical\" href=\"https:\/\/calerodiving.com\/dive-professional-crossover\/\" \/>\n<meta property=\"og:locale\" content=\"fr_FR\" \/>\n<meta property=\"og:type\" content=\"article\" \/>\n<meta property=\"og:title\" content=\"Dive Professional Crossover | Calero Diving Lanzarote\" \/>\n<meta property=\"og:description\" content=\"Professionnel Dive Professional Crossover Passez \u00e0 SSI, l&rsquo;organisme de formation leader mondial Aper\u00e7u du programme : La plong\u00e9e est connue pour \u00eatre l&rsquo;une des professions avec le moins de ch\u00f4mage, tout en permettant de travailler presque partout dans le monde. Vous \u00eates d\u00e9j\u00e0 un professionnel de la plong\u00e9e et vous pensez changer d&rsquo;organisme ? SSI [&hellip;]\" \/>\n<meta property=\"og:url\" content=\"https:\/\/calerodiving.com\/dive-professional-crossover\/\" \/>\n<meta property=\"og:site_name\" content=\"Calero Diving Lanzarote\" \/>\n<meta property=\"article:publisher\" content=\"https:\/\/www.facebook.com\/calerodiving\/\" \/>\n<meta property=\"article:modified_time\" content=\"2025-09-09T15:26:01+00:00\" \/>\n<meta property=\"og:image\" content=\"https:\/\/calerodiving.com\/wp-content\/uploads\/2025\/07\/Dive-Professional-Crossover-course.webp\" \/>\n\t<meta property=\"og:image:width\" content=\"700\" \/>\n\t<meta property=\"og:image:height\" content=\"445\" \/>\n\t<meta property=\"og:image:type\" content=\"image\/webp\" \/>\n<meta name=\"twitter:card\" content=\"summary_large_image\" \/>\n<meta name=\"twitter:label1\" content=\"Dur\u00e9e de lecture estim\u00e9e\" \/>\n\t<meta name=\"twitter:data1\" content=\"2 minutes\" \/>\n<script type=\"application\/ld+json\" class=\"yoast-schema-graph\">{\"@context\":\"https:\\\/\\\/schema.org\",\"@graph\":[{\"@type\":\"WebPage\",\"@id\":\"https:\\\/\\\/calerodiving.com\\\/dive-professional-crossover\\\/\",\"url\":\"https:\\\/\\\/calerodiving.com\\\/dive-professional-crossover\\\/\",\"name\":\"Dive Professional Crossover | Calero Diving Lanzarote\",\"isPartOf\":{\"@id\":\"https:\\\/\\\/calerodiving.com\\\/#website\"},\"primaryImageOfPage\":{\"@id\":\"https:\\\/\\\/calerodiving.com\\\/dive-professional-crossover\\\/#primaryimage\"},\"image\":{\"@id\":\"https:\\\/\\\/calerodiving.com\\\/dive-professional-crossover\\\/#primaryimage\"},\"thumbnailUrl\":\"https:\\\/\\\/calerodiving.com\\\/wp-content\\\/uploads\\\/2025\\\/07\\\/Dive-Professional-Crossover-course.webp\",\"datePublished\":\"2025-08-27T07:44:50+00:00\",\"dateModified\":\"2025-09-09T15:26:01+00:00\",\"breadcrumb\":{\"@id\":\"https:\\\/\\\/calerodiving.com\\\/dive-professional-crossover\\\/#breadcrumb\"},\"inLanguage\":\"fr-FR\",\"potentialAction\":[{\"@type\":\"ReadAction\",\"target\":[\"https:\\\/\\\/calerodiving.com\\\/dive-professional-crossover\\\/\"]}]},{\"@type\":\"ImageObject\",\"inLanguage\":\"fr-FR\",\"@id\":\"https:\\\/\\\/calerodiving.com\\\/dive-professional-crossover\\\/#primaryimage\",\"url\":\"https:\\\/\\\/calerodiving.com\\\/wp-content\\\/uploads\\\/2025\\\/07\\\/Dive-Professional-Crossover-course.webp\",\"contentUrl\":\"https:\\\/\\\/calerodiving.com\\\/wp-content\\\/uploads\\\/2025\\\/07\\\/Dive-Professional-Crossover-course.webp\"},{\"@type\":\"BreadcrumbList\",\"@id\":\"https:\\\/\\\/calerodiving.com\\\/dive-professional-crossover\\\/#breadcrumb\",\"itemListElement\":[{\"@type\":\"ListItem\",\"position\":1,\"name\":\"Home\",\"item\":\"https:\\\/\\\/calerodiving.com\\\/es\\\/\"},{\"@type\":\"ListItem\",\"position\":2,\"name\":\"Dive Professional Crossover\"}]},{\"@type\":\"WebSite\",\"@id\":\"https:\\\/\\\/calerodiving.com\\\/#website\",\"url\":\"https:\\\/\\\/calerodiving.com\\\/\",\"name\":\"Calero Diving Lanzarote\",\"description\":\"Dive Center - Marina Puerto Calero Lanzarote\",\"publisher\":{\"@id\":\"https:\\\/\\\/calerodiving.com\\\/#organization\"},\"alternateName\":\"Calero Diving\",\"potentialAction\":[{\"@type\":\"SearchAction\",\"target\":{\"@type\":\"EntryPoint\",\"urlTemplate\":\"https:\\\/\\\/calerodiving.com\\\/?s={search_term_string}\"},\"query-input\":{\"@type\":\"PropertyValueSpecification\",\"valueRequired\":true,\"valueName\":\"search_term_string\"}}],\"inLanguage\":\"fr-FR\"},{\"@type\":\"Organization\",\"@id\":\"https:\\\/\\\/calerodiving.com\\\/#organization\",\"name\":\"Calero Diving Lanzarote\",\"alternateName\":\"Calero Diving\",\"url\":\"https:\\\/\\\/calerodiving.com\\\/\",\"logo\":{\"@type\":\"ImageObject\",\"inLanguage\":\"fr-FR\",\"@id\":\"https:\\\/\\\/calerodiving.com\\\/#\\\/schema\\\/logo\\\/image\\\/\",\"url\":\"https:\\\/\\\/calerodiving.com\\\/wp-content\\\/uploads\\\/2025\\\/05\\\/Grupo.png\",\"contentUrl\":\"https:\\\/\\\/calerodiving.com\\\/wp-content\\\/uploads\\\/2025\\\/05\\\/Grupo.png\",\"width\":499,\"height\":590,\"caption\":\"Calero Diving Lanzarote\"},\"image\":{\"@id\":\"https:\\\/\\\/calerodiving.com\\\/#\\\/schema\\\/logo\\\/image\\\/\"},\"sameAs\":[\"https:\\\/\\\/www.facebook.com\\\/calerodiving\\\/\",\"https:\\\/\\\/www.instagram.com\\\/calerodiving\\\/\"]}]}<\/script>\n<!-- \/ Yoast SEO plugin. -->","yoast_head_json":{"title":"Dive Professional Crossover | Calero Diving Lanzarote","robots":{"index":"index","follow":"follow","max-snippet":"max-snippet:-1","max-image-preview":"max-image-preview:large","max-video-preview":"max-video-preview:-1"},"canonical":"https:\/\/calerodiving.com\/dive-professional-crossover\/","og_locale":"fr_FR","og_type":"article","og_title":"Dive Professional Crossover | Calero Diving Lanzarote","og_description":"Professionnel Dive Professional Crossover Passez \u00e0 SSI, l&rsquo;organisme de formation leader mondial Aper\u00e7u du programme : La plong\u00e9e est connue pour \u00eatre l&rsquo;une des professions avec le moins de ch\u00f4mage, tout en permettant de travailler presque partout dans le monde. Vous \u00eates d\u00e9j\u00e0 un professionnel de la plong\u00e9e et vous pensez changer d&rsquo;organisme ? SSI [&hellip;]","og_url":"https:\/\/calerodiving.com\/dive-professional-crossover\/","og_site_name":"Calero Diving Lanzarote","article_publisher":"https:\/\/www.facebook.com\/calerodiving\/","article_modified_time":"2025-09-09T15:26:01+00:00","og_image":[{"width":700,"height":445,"url":"https:\/\/calerodiving.com\/wp-content\/uploads\/2025\/07\/Dive-Professional-Crossover-course.webp","type":"image\/webp"}],"twitter_card":"summary_large_image","twitter_misc":{"Dur\u00e9e de lecture estim\u00e9e":"2 minutes"},"schema":{"@context":"https:\/\/schema.org","@graph":[{"@type":"WebPage","@id":"https:\/\/calerodiving.com\/dive-professional-crossover\/","url":"https:\/\/calerodiving.com\/dive-professional-crossover\/","name":"Dive Professional Crossover | Calero Diving Lanzarote","isPartOf":{"@id":"https:\/\/calerodiving.com\/#website"},"primaryImageOfPage":{"@id":"https:\/\/calerodiving.com\/dive-professional-crossover\/#primaryimage"},"image":{"@id":"https:\/\/calerodiving.com\/dive-professional-crossover\/#primaryimage"},"thumbnailUrl":"https:\/\/calerodiving.com\/wp-content\/uploads\/2025\/07\/Dive-Professional-Crossover-course.webp","datePublished":"2025-08-27T07:44:50+00:00","dateModified":"2025-09-09T15:26:01+00:00","breadcrumb":{"@id":"https:\/\/calerodiving.com\/dive-professional-crossover\/#breadcrumb"},"inLanguage":"fr-FR","potentialAction":[{"@type":"ReadAction","target":["https:\/\/calerodiving.com\/dive-professional-crossover\/"]}]},{"@type":"ImageObject","inLanguage":"fr-FR","@id":"https:\/\/calerodiving.com\/dive-professional-crossover\/#primaryimage","url":"https:\/\/calerodiving.com\/wp-content\/uploads\/2025\/07\/Dive-Professional-Crossover-course.webp","contentUrl":"https:\/\/calerodiving.com\/wp-content\/uploads\/2025\/07\/Dive-Professional-Crossover-course.webp"},{"@type":"BreadcrumbList","@id":"https:\/\/calerodiving.com\/dive-professional-crossover\/#breadcrumb","itemListElement":[{"@type":"ListItem","position":1,"name":"Home","item":"https:\/\/calerodiving.com\/es\/"},{"@type":"ListItem","position":2,"name":"Dive Professional Crossover"}]},{"@type":"WebSite","@id":"https:\/\/calerodiving.com\/#website","url":"https:\/\/calerodiving.com\/","name":"Calero Diving Lanzarote","description":"Dive Center - Marina Puerto Calero Lanzarote","publisher":{"@id":"https:\/\/calerodiving.com\/#organization"},"alternateName":"Calero Diving","potentialAction":[{"@type":"SearchAction","target":{"@type":"EntryPoint","urlTemplate":"https:\/\/calerodiving.com\/?s={search_term_string}"},"query-input":{"@type":"PropertyValueSpecification","valueRequired":true,"valueName":"search_term_string"}}],"inLanguage":"fr-FR"},{"@type":"Organization","@id":"https:\/\/calerodiving.com\/#organization","name":"Calero Diving Lanzarote","alternateName":"Calero Diving","url":"https:\/\/calerodiving.com\/","logo":{"@type":"ImageObject","inLanguage":"fr-FR","@id":"https:\/\/calerodiving.com\/#\/schema\/logo\/image\/","url":"https:\/\/calerodiving.com\/wp-content\/uploads\/2025\/05\/Grupo.png","contentUrl":"https:\/\/calerodiving.com\/wp-content\/uploads\/2025\/05\/Grupo.png","width":499,"height":590,"caption":"Calero Diving Lanzarote"},"image":{"@id":"https:\/\/calerodiving.com\/#\/schema\/logo\/image\/"},"sameAs":["https:\/\/www.facebook.com\/calerodiving\/","https:\/\/www.instagram.com\/calerodiving\/"]}]}},"_links":{"self":[{"href":"https:\/\/calerodiving.com\/fr\/wp-json\/wp\/v2\/pages\/24407","targetHints":{"allow":["GET"]}}],"collection":[{"href":"https:\/\/calerodiving.com\/fr\/wp-json\/wp\/v2\/pages"}],"about":[{"href":"https:\/\/calerodiving.com\/fr\/wp-json\/wp\/v2\/types\/page"}],"author":[{"embeddable":true,"href":"https:\/\/calerodiving.com\/fr\/wp-json\/wp\/v2\/users\/10"}],"replies":[{"embeddable":true,"href":"https:\/\/calerodiving.com\/fr\/wp-json\/wp\/v2\/comments?post=24407"}],"version-history":[{"count":6,"href":"https:\/\/calerodiving.com\/fr\/wp-json\/wp\/v2\/pages\/24407\/revisions"}],"predecessor-version":[{"id":26045,"href":"https:\/\/calerodiving.com\/fr\/wp-json\/wp\/v2\/pages\/24407\/revisions\/26045"}],"wp:attachment":[{"href":"https:\/\/calerodiving.com\/fr\/wp-json\/wp\/v2\/media?parent=24407"}],"curies":[{"name":"wp","href":"https:\/\/api.w.org\/{rel}","templated":true}]}}