{"id":24398,"date":"2025-08-27T08:44:28","date_gmt":"2025-08-27T07:44:28","guid":{"rendered":"https:\/\/calerodiving.com\/politique-de-confidentialite\/"},"modified":"2026-02-17T14:57:38","modified_gmt":"2026-02-17T13:57:38","slug":"politique-de-confidentialite","status":"publish","type":"page","link":"https:\/\/calerodiving.com\/fr\/politique-de-confidentialite\/","title":{"rendered":"Politique de confidentialit\u00e9"},"content":{"rendered":"\t\t<div data-elementor-type=\"wp-page\" data-elementor-id=\"24398\" class=\"elementor elementor-24398 elementor-22449\" data-elementor-post-type=\"page\">\n\t\t\t\t<div class=\"elementor-element elementor-element-4d787fb e-flex e-con-boxed e-con e-parent\" data-id=\"4d787fb\" data-element_type=\"container\" data-e-type=\"container\">\n\t\t\t\t\t<div class=\"e-con-inner\">\n\t\t\t\t<div class=\"elementor-element elementor-element-45962ab elementor-widget elementor-widget-heading\" data-id=\"45962ab\" data-element_type=\"widget\" data-e-type=\"widget\" data-widget_type=\"heading.default\">\n\t\t\t\t<div class=\"elementor-widget-container\">\n\t\t\t\t\t<h2 class=\"elementor-heading-title elementor-size-default\">Politique de confidentialit\u00e9<\/h2>\t\t\t\t<\/div>\n\t\t\t\t<\/div>\n\t\t<div class=\"elementor-element elementor-element-33297b2 e-con-full e-flex e-con e-child\" data-id=\"33297b2\" data-element_type=\"container\" data-e-type=\"container\">\n\t\t\t\t<div class=\"elementor-element elementor-element-be59fdb elementor-widget elementor-widget-text-editor\" data-id=\"be59fdb\" data-element_type=\"widget\" data-e-type=\"widget\" data-widget_type=\"text-editor.default\">\n\t\t\t\t<div class=\"elementor-widget-container\">\n\t\t\t\t\t\t\t\t\t<p>L&rsquo;utilisation de notre site web est possible sans fournir de donn\u00e9es personnelles. Des r\u00e8gles diff\u00e9rentes peuvent s&rsquo;appliquer \u00e0 l&rsquo;utilisation de services individuels sur notre site web, qui seront expliqu\u00e9es s\u00e9par\u00e9ment ci-dessous. Nous ne traiterons vos donn\u00e9es personnelles (par exemple, nom, adresse, adresse e-mail, num\u00e9ro de t\u00e9l\u00e9phone, etc.) que conform\u00e9ment aux dispositions de la loi allemande sur la protection des donn\u00e9es. Les donn\u00e9es sont consid\u00e9r\u00e9es comme personnelles lorsqu&rsquo;elles peuvent \u00eatre clairement attribu\u00e9es \u00e0 une personne physique sp\u00e9cifique. La base juridique de la protection des donn\u00e9es se trouve dans la loi f\u00e9d\u00e9rale sur la protection des donn\u00e9es (BDSG) et la loi sur les t\u00e9l\u00e9m\u00e9dias (TMG). Les r\u00e8gles suivantes vous informent sur le type, l&rsquo;\u00e9tendue et l&rsquo;objectif de la collecte, de l&rsquo;utilisation et du traitement des donn\u00e9es personnelles par le fournisseur.<\/p><p>Mariposa Diving S.L<br \/>CIF: B26578021<br \/>Plaza del Arte 11-14<br \/>35571 &#8211; Yaiza, Puerto Calero<br \/>Lanzarote<\/p><p>Chiffrement SSL<br \/>Pour prot\u00e9ger la s\u00e9curit\u00e9 de vos donn\u00e9es lors de la transmission, nous utilisons une technologie de chiffrement avanc\u00e9e (SSL) via HTTPS.<\/p><h2>Cookies<\/h2><p>Nous utilisons des cookies sur notre site web pour reconna\u00eetre les utilisations multiples de nos services par le m\u00eame utilisateur\/titulaire d&rsquo;acc\u00e8s Internet. Les cookies sont de petits fichiers texte que votre navigateur Internet stocke sur votre ordinateur. Ils sont utilis\u00e9s pour optimiser notre site web et nos services. La plupart d&rsquo;entre eux sont des \u00ab cookies de session \u00bb, qui sont supprim\u00e9s apr\u00e8s votre visite.<br \/>Cependant, ces cookies fournissent parfois des informations pour une reconnaissance automatique. Cette reconnaissance est bas\u00e9e sur l&rsquo;adresse IP stock\u00e9e dans les cookies. Les informations obtenues de cette mani\u00e8re sont utilis\u00e9es pour optimiser nos services et vous faciliter l&rsquo;acc\u00e8s \u00e0 notre site web.<br \/>Vous pouvez emp\u00eacher l&rsquo;installation des cookies en configurant votre navigateur en cons\u00e9quence ; cependant, nous vous signalons que dans ce cas, vous ne pourrez peut-\u00eatre pas utiliser toutes les fonctions de notre site web.<\/p><h2>Donn\u00e9es du serveur<\/h2><p>Pour des raisons techniques, les donn\u00e9es suivantes sont enregistr\u00e9es (appel\u00e9es fichiers journaux du serveur) que votre navigateur Internet nous transmet ou transmet \u00e0 notre fournisseur d&rsquo;espace web :<br \/>\u2013 Type de navigateur et version du navigateur<br \/>\u2013 Syst\u00e8me d&rsquo;exploitation utilis\u00e9<br \/>\u2013 Site web \u00e0 partir duquel vous nous visitez (URL de r\u00e9f\u00e9rence)<br \/>\u2013 Site web que vous visitez<br \/>\u2013 Date et heure de votre acc\u00e8s<br \/>\u2013 Votre adresse de protocole Internet (IP).<br \/>Ces donn\u00e9es anonymes sont stock\u00e9es s\u00e9par\u00e9ment de toute information personnelle que vous pourriez fournir et ne permettent donc pas de tirer des conclusions sur une personne sp\u00e9cifique. Elles sont \u00e9valu\u00e9es \u00e0 des fins statistiques pour optimiser notre site web et nos offres.<\/p><h2>Formulaire de contact<\/h2><p>Nous vous offrons la possibilit\u00e9 de nous contacter par e-mail et\/ou via un formulaire de contact. Dans ce cas, les informations fournies par l&rsquo;utilisateur seront stock\u00e9es dans le but de traiter votre contact. Aucun transfert \u00e0 des tiers n&rsquo;a lieu. Les donn\u00e9es collect\u00e9es ne sont pas non plus compar\u00e9es aux donn\u00e9es qui peuvent \u00eatre collect\u00e9es par d&rsquo;autres composants de notre site web.<\/p><h2>Commentaires<\/h2><p>Nous vous offrons la possibilit\u00e9 de laisser des commentaires sur des contributions individuelles sur notre site. Cela enregistre l&rsquo;adresse IP de l&rsquo;auteur\/abonn\u00e9. Ce stockage est effectu\u00e9 pour notre s\u00e9curit\u00e9 au cas o\u00f9 l&rsquo;auteur interf\u00e9rerait par ses commentaires avec les droits de tiers et\/ou du contenu ill\u00e9gal serait vendu. Par cons\u00e9quent, nous n&rsquo;avons aucun int\u00e9r\u00eat personnel dans les donn\u00e9es stock\u00e9es de l&rsquo;auteur, d&rsquo;autant plus que nous pourrions \u00eatre poursuivis pour de telles violations. Le transfert \u00e0 des tiers n&rsquo;est pas autoris\u00e9. Les donn\u00e9es collect\u00e9es ne sont pas non plus compar\u00e9es aux donn\u00e9es qui peuvent \u00eatre collect\u00e9es par d&rsquo;autres composants de notre site.<\/p><h2>Utilisation de Google Analytics avec fonction d&rsquo;anonymisation<\/h2><p>Nous utilisons Google Analytics, un service d&rsquo;analyse web fourni par Google Inc., 1600 Amphitheatre Parkway, Mountain View, CA 94043 USA, ci-apr\u00e8s \u00ab Google \u00bb. Google Analytics utilise des \u00ab cookies \u00bb, des fichiers texte qui sont stock\u00e9s sur votre ordinateur et permettent ainsi une analyse de votre utilisation du site web.<\/p><p>Les informations g\u00e9n\u00e9r\u00e9es par ces cookies, telles que l&rsquo;heure, le lieu et la fr\u00e9quence de vos visites sur le site web, y compris votre adresse IP, sont transmises \u00e0 Google aux \u00c9tats-Unis et y sont stock\u00e9es.<br \/>Nous utilisons Google Analytics sur notre site web avec une fonction d&rsquo;anonymisation de l&rsquo;IP. Dans ce cas, votre adresse IP sera d\u00e9j\u00e0 raccourcie et ainsi anonymis\u00e9e par Google au sein des \u00c9tats membres de l&rsquo;Union europ\u00e9enne ou dans d&rsquo;autres \u00c9tats parties \u00e0 l&rsquo;accord sur l&rsquo;Espace \u00e9conomique europ\u00e9en.<br \/>Google utilisera ces informations pour \u00e9valuer votre utilisation de notre site web, pour compiler des rapports sur l&rsquo;activit\u00e9 du site web et pour fournir d&rsquo;autres services li\u00e9s \u00e0 l&rsquo;activit\u00e9 du site web et \u00e0 l&rsquo;utilisation d&rsquo;Internet.<\/p>\t\t\t\t\t\t\t\t<\/div>\n\t\t\t\t<\/div>\n\t\t\t\t<\/div>\n\t\t\t\t\t<\/div>\n\t\t\t\t<\/div>\n\t\t\t\t<\/div>\n\t\t","protected":false},"excerpt":{"rendered":"<p>Politique de confidentialit\u00e9 L&rsquo;utilisation de notre site web est possible sans fournir de donn\u00e9es personnelles. Des r\u00e8gles diff\u00e9rentes peuvent s&rsquo;appliquer \u00e0 l&rsquo;utilisation de services individuels sur notre site web, qui seront expliqu\u00e9es s\u00e9par\u00e9ment ci-dessous. Nous ne traiterons vos donn\u00e9es personnelles (par exemple, nom, adresse, adresse e-mail, num\u00e9ro de t\u00e9l\u00e9phone, etc.) que conform\u00e9ment aux dispositions de [&hellip;]<\/p>\n","protected":false},"author":10,"featured_media":0,"parent":0,"menu_order":0,"comment_status":"closed","ping_status":"closed","template":"","meta":{"_acf_changed":false,"footnotes":""},"class_list":["post-24398","page","type-page","status-publish","hentry"],"acf":[],"yoast_head":"<!-- This site is optimized with the Yoast SEO plugin v27.5 - https:\/\/yoast.com\/product\/yoast-seo-wordpress\/ -->\n<title>Politique de confidentialit\u00e9 | Calero Diving Lanzarote<\/title>\n<meta name=\"robots\" content=\"index, follow, max-snippet:-1, max-image-preview:large, max-video-preview:-1\" \/>\n<link rel=\"canonical\" href=\"https:\/\/calerodiving.com\/privacy-policy\/\" \/>\n<meta property=\"og:locale\" content=\"fr_FR\" \/>\n<meta property=\"og:type\" content=\"article\" \/>\n<meta property=\"og:title\" content=\"Politique de confidentialit\u00e9 | Calero Diving Lanzarote\" \/>\n<meta property=\"og:description\" content=\"Politique de confidentialit\u00e9 L&rsquo;utilisation de notre site web est possible sans fournir de donn\u00e9es personnelles. Des r\u00e8gles diff\u00e9rentes peuvent s&rsquo;appliquer \u00e0 l&rsquo;utilisation de services individuels sur notre site web, qui seront expliqu\u00e9es s\u00e9par\u00e9ment ci-dessous. Nous ne traiterons vos donn\u00e9es personnelles (par exemple, nom, adresse, adresse e-mail, num\u00e9ro de t\u00e9l\u00e9phone, etc.) que conform\u00e9ment aux dispositions de [&hellip;]\" \/>\n<meta property=\"og:url\" content=\"https:\/\/calerodiving.com\/privacy-policy\/\" \/>\n<meta property=\"og:site_name\" content=\"Calero Diving Lanzarote\" \/>\n<meta property=\"article:publisher\" content=\"https:\/\/www.facebook.com\/calerodiving\/\" \/>\n<meta property=\"article:modified_time\" content=\"2026-02-17T13:57:38+00:00\" \/>\n<meta property=\"og:image\" content=\"https:\/\/calerodiving.com\/wp-content\/uploads\/2025\/05\/Grupo.png\" \/>\n\t<meta property=\"og:image:width\" content=\"499\" \/>\n\t<meta property=\"og:image:height\" content=\"590\" \/>\n\t<meta property=\"og:image:type\" content=\"image\/png\" \/>\n<meta name=\"twitter:card\" content=\"summary_large_image\" \/>\n<meta name=\"twitter:label1\" content=\"Dur\u00e9e de lecture estim\u00e9e\" \/>\n\t<meta name=\"twitter:data1\" content=\"4 minutes\" \/>\n<script type=\"application\/ld+json\" class=\"yoast-schema-graph\">{\"@context\":\"https:\\\/\\\/schema.org\",\"@graph\":[{\"@type\":\"WebPage\",\"@id\":\"https:\\\/\\\/calerodiving.com\\\/privacy-policy\\\/\",\"url\":\"https:\\\/\\\/calerodiving.com\\\/privacy-policy\\\/\",\"name\":\"Politique de confidentialit\u00e9 | Calero Diving Lanzarote\",\"isPartOf\":{\"@id\":\"https:\\\/\\\/calerodiving.com\\\/#website\"},\"datePublished\":\"2025-08-27T07:44:28+00:00\",\"dateModified\":\"2026-02-17T13:57:38+00:00\",\"breadcrumb\":{\"@id\":\"https:\\\/\\\/calerodiving.com\\\/privacy-policy\\\/#breadcrumb\"},\"inLanguage\":\"fr-FR\",\"potentialAction\":[{\"@type\":\"ReadAction\",\"target\":[\"https:\\\/\\\/calerodiving.com\\\/privacy-policy\\\/\"]}]},{\"@type\":\"BreadcrumbList\",\"@id\":\"https:\\\/\\\/calerodiving.com\\\/privacy-policy\\\/#breadcrumb\",\"itemListElement\":[{\"@type\":\"ListItem\",\"position\":1,\"name\":\"Home\",\"item\":\"https:\\\/\\\/calerodiving.com\\\/es\\\/\"},{\"@type\":\"ListItem\",\"position\":2,\"name\":\"Politique de confidentialit\u00e9\"}]},{\"@type\":\"WebSite\",\"@id\":\"https:\\\/\\\/calerodiving.com\\\/#website\",\"url\":\"https:\\\/\\\/calerodiving.com\\\/\",\"name\":\"Calero Diving Lanzarote\",\"description\":\"Dive Center - Marina Puerto Calero Lanzarote\",\"publisher\":{\"@id\":\"https:\\\/\\\/calerodiving.com\\\/#organization\"},\"alternateName\":\"Calero Diving\",\"potentialAction\":[{\"@type\":\"SearchAction\",\"target\":{\"@type\":\"EntryPoint\",\"urlTemplate\":\"https:\\\/\\\/calerodiving.com\\\/?s={search_term_string}\"},\"query-input\":{\"@type\":\"PropertyValueSpecification\",\"valueRequired\":true,\"valueName\":\"search_term_string\"}}],\"inLanguage\":\"fr-FR\"},{\"@type\":\"Organization\",\"@id\":\"https:\\\/\\\/calerodiving.com\\\/#organization\",\"name\":\"Calero Diving Lanzarote\",\"alternateName\":\"Calero Diving\",\"url\":\"https:\\\/\\\/calerodiving.com\\\/\",\"logo\":{\"@type\":\"ImageObject\",\"inLanguage\":\"fr-FR\",\"@id\":\"https:\\\/\\\/calerodiving.com\\\/#\\\/schema\\\/logo\\\/image\\\/\",\"url\":\"https:\\\/\\\/calerodiving.com\\\/wp-content\\\/uploads\\\/2025\\\/05\\\/Grupo.png\",\"contentUrl\":\"https:\\\/\\\/calerodiving.com\\\/wp-content\\\/uploads\\\/2025\\\/05\\\/Grupo.png\",\"width\":499,\"height\":590,\"caption\":\"Calero Diving Lanzarote\"},\"image\":{\"@id\":\"https:\\\/\\\/calerodiving.com\\\/#\\\/schema\\\/logo\\\/image\\\/\"},\"sameAs\":[\"https:\\\/\\\/www.facebook.com\\\/calerodiving\\\/\",\"https:\\\/\\\/www.instagram.com\\\/calerodiving\\\/\"]}]}<\/script>\n<!-- \/ Yoast SEO plugin. -->","yoast_head_json":{"title":"Politique de confidentialit\u00e9 | Calero Diving Lanzarote","robots":{"index":"index","follow":"follow","max-snippet":"max-snippet:-1","max-image-preview":"max-image-preview:large","max-video-preview":"max-video-preview:-1"},"canonical":"https:\/\/calerodiving.com\/privacy-policy\/","og_locale":"fr_FR","og_type":"article","og_title":"Politique de confidentialit\u00e9 | Calero Diving Lanzarote","og_description":"Politique de confidentialit\u00e9 L&rsquo;utilisation de notre site web est possible sans fournir de donn\u00e9es personnelles. Des r\u00e8gles diff\u00e9rentes peuvent s&rsquo;appliquer \u00e0 l&rsquo;utilisation de services individuels sur notre site web, qui seront expliqu\u00e9es s\u00e9par\u00e9ment ci-dessous. Nous ne traiterons vos donn\u00e9es personnelles (par exemple, nom, adresse, adresse e-mail, num\u00e9ro de t\u00e9l\u00e9phone, etc.) que conform\u00e9ment aux dispositions de [&hellip;]","og_url":"https:\/\/calerodiving.com\/privacy-policy\/","og_site_name":"Calero Diving Lanzarote","article_publisher":"https:\/\/www.facebook.com\/calerodiving\/","article_modified_time":"2026-02-17T13:57:38+00:00","og_image":[{"width":499,"height":590,"url":"https:\/\/calerodiving.com\/wp-content\/uploads\/2025\/05\/Grupo.png","type":"image\/png"}],"twitter_card":"summary_large_image","twitter_misc":{"Dur\u00e9e de lecture estim\u00e9e":"4 minutes"},"schema":{"@context":"https:\/\/schema.org","@graph":[{"@type":"WebPage","@id":"https:\/\/calerodiving.com\/privacy-policy\/","url":"https:\/\/calerodiving.com\/privacy-policy\/","name":"Politique de confidentialit\u00e9 | Calero Diving Lanzarote","isPartOf":{"@id":"https:\/\/calerodiving.com\/#website"},"datePublished":"2025-08-27T07:44:28+00:00","dateModified":"2026-02-17T13:57:38+00:00","breadcrumb":{"@id":"https:\/\/calerodiving.com\/privacy-policy\/#breadcrumb"},"inLanguage":"fr-FR","potentialAction":[{"@type":"ReadAction","target":["https:\/\/calerodiving.com\/privacy-policy\/"]}]},{"@type":"BreadcrumbList","@id":"https:\/\/calerodiving.com\/privacy-policy\/#breadcrumb","itemListElement":[{"@type":"ListItem","position":1,"name":"Home","item":"https:\/\/calerodiving.com\/es\/"},{"@type":"ListItem","position":2,"name":"Politique de confidentialit\u00e9"}]},{"@type":"WebSite","@id":"https:\/\/calerodiving.com\/#website","url":"https:\/\/calerodiving.com\/","name":"Calero Diving Lanzarote","description":"Dive Center - Marina Puerto Calero Lanzarote","publisher":{"@id":"https:\/\/calerodiving.com\/#organization"},"alternateName":"Calero Diving","potentialAction":[{"@type":"SearchAction","target":{"@type":"EntryPoint","urlTemplate":"https:\/\/calerodiving.com\/?s={search_term_string}"},"query-input":{"@type":"PropertyValueSpecification","valueRequired":true,"valueName":"search_term_string"}}],"inLanguage":"fr-FR"},{"@type":"Organization","@id":"https:\/\/calerodiving.com\/#organization","name":"Calero Diving Lanzarote","alternateName":"Calero Diving","url":"https:\/\/calerodiving.com\/","logo":{"@type":"ImageObject","inLanguage":"fr-FR","@id":"https:\/\/calerodiving.com\/#\/schema\/logo\/image\/","url":"https:\/\/calerodiving.com\/wp-content\/uploads\/2025\/05\/Grupo.png","contentUrl":"https:\/\/calerodiving.com\/wp-content\/uploads\/2025\/05\/Grupo.png","width":499,"height":590,"caption":"Calero Diving Lanzarote"},"image":{"@id":"https:\/\/calerodiving.com\/#\/schema\/logo\/image\/"},"sameAs":["https:\/\/www.facebook.com\/calerodiving\/","https:\/\/www.instagram.com\/calerodiving\/"]}]}},"_links":{"self":[{"href":"https:\/\/calerodiving.com\/fr\/wp-json\/wp\/v2\/pages\/24398","targetHints":{"allow":["GET"]}}],"collection":[{"href":"https:\/\/calerodiving.com\/fr\/wp-json\/wp\/v2\/pages"}],"about":[{"href":"https:\/\/calerodiving.com\/fr\/wp-json\/wp\/v2\/types\/page"}],"author":[{"embeddable":true,"href":"https:\/\/calerodiving.com\/fr\/wp-json\/wp\/v2\/users\/10"}],"replies":[{"embeddable":true,"href":"https:\/\/calerodiving.com\/fr\/wp-json\/wp\/v2\/comments?post=24398"}],"version-history":[{"count":5,"href":"https:\/\/calerodiving.com\/fr\/wp-json\/wp\/v2\/pages\/24398\/revisions"}],"predecessor-version":[{"id":26817,"href":"https:\/\/calerodiving.com\/fr\/wp-json\/wp\/v2\/pages\/24398\/revisions\/26817"}],"wp:attachment":[{"href":"https:\/\/calerodiving.com\/fr\/wp-json\/wp\/v2\/media?parent=24398"}],"curies":[{"name":"wp","href":"https:\/\/api.w.org\/{rel}","templated":true}]}}