{"id":24383,"date":"2025-08-27T08:43:37","date_gmt":"2025-08-27T07:43:37","guid":{"rendered":"https:\/\/calerodiving.com\/conditions-generales-et-reservations\/"},"modified":"2026-02-17T14:55:59","modified_gmt":"2026-02-17T13:55:59","slug":"conditions-generales-et-reservations","status":"publish","type":"page","link":"https:\/\/calerodiving.com\/fr\/conditions-generales-et-reservations\/","title":{"rendered":"Conditions g\u00e9n\u00e9rales et r\u00e9servations"},"content":{"rendered":"\t\t<div data-elementor-type=\"wp-page\" data-elementor-id=\"24383\" class=\"elementor elementor-24383 elementor-22461\" data-elementor-post-type=\"page\">\n\t\t\t\t<div class=\"elementor-element elementor-element-bd2a22b e-flex e-con-boxed e-con e-parent\" data-id=\"bd2a22b\" data-element_type=\"container\" data-e-type=\"container\">\n\t\t\t\t\t<div class=\"e-con-inner\">\n\t\t\t\t<div class=\"elementor-element elementor-element-4805f06 elementor-widget elementor-widget-heading\" data-id=\"4805f06\" data-element_type=\"widget\" data-e-type=\"widget\" data-widget_type=\"heading.default\">\n\t\t\t\t<div class=\"elementor-widget-container\">\n\t\t\t\t\t<h2 class=\"elementor-heading-title elementor-size-default\">CONDITIONS G\u00c9N\u00c9RALES ET R\u00c9SERVATIONS<\/h2>\t\t\t\t<\/div>\n\t\t\t\t<\/div>\n\t\t\t\t<div class=\"elementor-element elementor-element-2cd8f98 elementor-widget elementor-widget-text-editor\" data-id=\"2cd8f98\" data-element_type=\"widget\" data-e-type=\"widget\" data-widget_type=\"text-editor.default\">\n\t\t\t\t<div class=\"elementor-widget-container\">\n\t\t\t\t\t\t\t\t\t<p>POLITIQUE DE R\u00c9SERVATION ET D&rsquo;ANNULATION POUR LES ACTIVIT\u00c9S R\u00c9SERV\u00c9ES AVEC RUBICON DIVING<\/p><p>INFORMATIONS SUR LA SOCI\u00c9T\u00c9 :<\/p><p>Mariposa Diving S.L<br \/>CIF: B26578021<br \/>Plaza del Arte 11-14<br \/>35571 &#8211; Yaiza, Puerto Calero<br \/>Lanzarote<\/p><p>R\u00c9SERVATION DES COURS ET DE LA PLONG\u00c9E R\u00c9CR\u00c9ATIVE :<\/p><p>Pour les activit\u00e9s auxquelles vous souhaitez participer avec Calero Diving, il est recommand\u00e9 de r\u00e9server votre place, mais ce n&rsquo;est pas obligatoire. Si vous ne r\u00e9servez pas votre place \u00e0 l&rsquo;avance, elle sera soumise \u00e0 disponibilit\u00e9. Si vous souhaitez garantir votre place pour l&rsquo;une de nos activit\u00e9s, nous exigeons un acompte de 50 % lors de la r\u00e9servation. Les 50 % restants de votre achat total doivent \u00eatre pay\u00e9s avant le d\u00e9but de l&rsquo;activit\u00e9 r\u00e9serv\u00e9e. L&rsquo;acompte de 50 % n&rsquo;est pas remboursable.<\/p><p><br \/>ASSURANCE ET EXAMENS M\u00c9DICAUX :<\/p><p>Les plongeurs doivent disposer d&rsquo;une assurance m\u00e9dicale couvrant l&rsquo;activit\u00e9 qu&rsquo;ils vont pratiquer et d&rsquo;un certificat m\u00e9dical valable pour une dur\u00e9e maximale de deux ans. Si le plongeur ne dispose pas d&rsquo;une assurance couvrant la plong\u00e9e, nous proposons la possibilit\u00e9 d&rsquo;acqu\u00e9rir une assurance plong\u00e9e ou de l&rsquo;\u00e9tendre \u00e0 un plus large \u00e9ventail d&rsquo;activit\u00e9s.<\/p><p>Il est de l&rsquo;obligation et de la responsabilit\u00e9 de chaque plongeur de d\u00e9tenir sa certification de plong\u00e9e correspondant au niveau de plong\u00e9e pour l&rsquo;activit\u00e9 qu&rsquo;il va effectuer. S&rsquo;ils ne disposent pas de la certification appropri\u00e9e, ou si le chef de plong\u00e9e de l&rsquo;activit\u00e9 estime que pour une raison quelconque le client n&rsquo;est pas qualifi\u00e9 pour effectuer l&rsquo;activit\u00e9, Calero Diving refusera l&rsquo;admission.<\/p><p>Les informations que l&rsquo;utilisateur fournit \u00e0 Calero Diving lors de l&rsquo;inscription seront trait\u00e9es conform\u00e9ment aux normes et obligations l\u00e9gales, ainsi qu&rsquo;avec les mesures de s\u00e9curit\u00e9 appropri\u00e9es pour prot\u00e9ger les informations contre toute alt\u00e9ration, perte, utilisation ou acc\u00e8s non autoris\u00e9.<\/p><p>Vous pouvez vous d\u00e9sinscrire de notre base de donn\u00e9es \u00e0 tout moment. Pour ce faire, vous devrez nous envoyer un e-mail expliquant pourquoi vous souhaitez supprimer vos informations de notre base de donn\u00e9es.<\/p><p>LOCATION D&rsquo;\u00c9QUIPEMENT :<\/p><p>Pour les services de plong\u00e9e contract\u00e9s, la ceinture, les plombs et la bouteille d&rsquo;air de 10, 12 ou 15 litres sont inclus dans le prix \u00e9tabli. Le reste de l&rsquo;\u00e9quipement de plong\u00e9e n&rsquo;est pas inclus. Si vous souhaitez louer tout ou partie de l&rsquo;\u00e9quipement de plong\u00e9e, il est recommand\u00e9 de le r\u00e9server avant votre arriv\u00e9e pour garantir la disponibilit\u00e9. Il est de la responsabilit\u00e9 du plongeur de restituer l&rsquo;\u00e9quipement au centre de plong\u00e9e dans le m\u00eame \u00e9tat que lors de sa livraison. En cas de perte, Calero Diving pourra r\u00e9clamer le paiement dudit \u00e9quipement au client locataire.<\/p><p>Veuillez noter que, pour tout cours, initiation ou forfait journ\u00e9e mus\u00e9e, le co\u00fbt de la location d&rsquo;\u00e9quipement est inclus dans le prix du cours ou de l&rsquo;activit\u00e9.<\/p><p>R\u00c9SERVATIONS ET CONDITIONS DE GROUPE :<\/p><p>Des conditions sp\u00e9ciales s&rsquo;appliquent aux Clubs de Plong\u00e9e et aux groupes de 10 plongeurs. Nous proposons des bateaux priv\u00e9s pour les groupes d&rsquo;un minimum de 10 personnes. Si, pendant la plong\u00e9e programm\u00e9e, certains plongeurs du groupe d\u00e9cident de ne pas participer aux plong\u00e9es r\u00e9serv\u00e9es pour des raisons ind\u00e9pendantes de la volont\u00e9 de Calero Diving, la responsabilit\u00e9 incombera au groupe et non \u00e0 Calero Diving. Dans ces cas, le paiement de toutes les plong\u00e9es r\u00e9serv\u00e9es est obligatoire.<\/p><p>POLITIQUE D&rsquo;ANNULATION :<\/p><p>Dans le cas o\u00f9 un cours de plong\u00e9e est r\u00e9serv\u00e9 et ne peut \u00eatre compl\u00e9t\u00e9 pour des raisons ind\u00e9pendantes de la volont\u00e9 de l&rsquo;entreprise, les frais de cours ne peuvent pas \u00eatre \u00e9chang\u00e9s contre des plong\u00e9es. Dans ces cas, si la partie th\u00e9orique du cours a \u00e9t\u00e9 achet\u00e9e et\/ou d\u00e9livr\u00e9e, elle ne peut \u00eatre ni \u00e9chang\u00e9e ni rembours\u00e9e, ni \u00eatre utilis\u00e9e en \u00e9change de plong\u00e9es.<\/p><p>Toute modification ou annulation d&rsquo;une r\u00e9servation doit \u00eatre soumise par \u00e9crit et confirm\u00e9e par Calero Diving. Des frais d&rsquo;annulation seront appliqu\u00e9s selon la date et les conditions d&rsquo;annulation de la r\u00e9servation :<\/p><p>\u2022 Tout l&rsquo;argent pay\u00e9 pour les services contract\u00e9s avec Calero Diving sera rembours\u00e9 en cas d&rsquo;annulation de l&rsquo;activit\u00e9 par le centre de plong\u00e9e, quelle que soit la raison de l&rsquo;annulation.<br \/>\u2022 Tout l&rsquo;argent pay\u00e9 moins 10 % du total pour les frais administratifs sera rembours\u00e9 en cas d&rsquo;annulation de l&rsquo;activit\u00e9 par le plongeur si l&rsquo;annulation est effectu\u00e9e dans les 5 jours pr\u00e9c\u00e9dant l&rsquo;activit\u00e9. Si l&rsquo;annulation est effectu\u00e9e 4 jours ou moins avant l&rsquo;activit\u00e9 pr\u00e9vue, aucun remboursement ne sera effectu\u00e9. <br \/>\u2022 En cas de condition m\u00e9dicale, 50 % du montant pay\u00e9 sera rembours\u00e9 \u00e0 la personne pr\u00e9sentant la condition m\u00e9dicale uniquement si elle pr\u00e9sente des documents prouvant son \u00e9tat m\u00e9dical, temporaire ou permanent, l&#8217;emp\u00eachant de plonger. Si aucune preuve m\u00e9dicale n&rsquo;est pr\u00e9sent\u00e9e, l&rsquo;acompte ne sera pas rembours\u00e9. <br \/>\u2022 Si les services ont \u00e9t\u00e9 contract\u00e9s par l&rsquo;interm\u00e9diaire d&rsquo;un tiers et que l&rsquo;activit\u00e9 contract\u00e9e par cette personne ne peut \u00eatre r\u00e9alis\u00e9e, elle n&rsquo;aura droit \u00e0 aucune indemnisation.<\/p><p>Une fois que le client est \u00e0 bord de notre navire, l&rsquo;argent ne sera pas rembours\u00e9 si l&rsquo;activit\u00e9 est annul\u00e9e.<\/p>\t\t\t\t\t\t\t\t<\/div>\n\t\t\t\t<\/div>\n\t\t\t\t\t<\/div>\n\t\t\t\t<\/div>\n\t\t\t\t<\/div>\n\t\t","protected":false},"excerpt":{"rendered":"<p>CONDITIONS G\u00c9N\u00c9RALES ET R\u00c9SERVATIONS POLITIQUE DE R\u00c9SERVATION ET D&rsquo;ANNULATION POUR LES ACTIVIT\u00c9S R\u00c9SERV\u00c9ES AVEC RUBICON DIVING INFORMATIONS SUR LA SOCI\u00c9T\u00c9 : Mariposa Diving S.LCIF: B26578021Plaza del Arte 11-1435571 &#8211; Yaiza, Puerto CaleroLanzarote R\u00c9SERVATION DES COURS ET DE LA PLONG\u00c9E R\u00c9CR\u00c9ATIVE : Pour les activit\u00e9s auxquelles vous souhaitez participer avec Calero Diving, il est recommand\u00e9 de [&hellip;]<\/p>\n","protected":false},"author":10,"featured_media":0,"parent":0,"menu_order":0,"comment_status":"closed","ping_status":"closed","template":"","meta":{"_acf_changed":false,"footnotes":""},"class_list":["post-24383","page","type-page","status-publish","hentry"],"acf":[],"yoast_head":"<!-- This site is optimized with the Yoast SEO plugin v27.5 - https:\/\/yoast.com\/product\/yoast-seo-wordpress\/ -->\n<title>Conditions g\u00e9n\u00e9rales et r\u00e9servations | Calero Diving Lanzarote<\/title>\n<meta name=\"robots\" content=\"index, follow, max-snippet:-1, max-image-preview:large, max-video-preview:-1\" \/>\n<link rel=\"canonical\" href=\"https:\/\/calerodiving.com\/general-conditions-and-reservations\/\" \/>\n<meta property=\"og:locale\" content=\"fr_FR\" \/>\n<meta property=\"og:type\" content=\"article\" \/>\n<meta property=\"og:title\" content=\"Conditions g\u00e9n\u00e9rales et r\u00e9servations | Calero Diving Lanzarote\" \/>\n<meta property=\"og:description\" content=\"CONDITIONS G\u00c9N\u00c9RALES ET R\u00c9SERVATIONS POLITIQUE DE R\u00c9SERVATION ET D&rsquo;ANNULATION POUR LES ACTIVIT\u00c9S R\u00c9SERV\u00c9ES AVEC RUBICON DIVING INFORMATIONS SUR LA SOCI\u00c9T\u00c9 : Mariposa Diving S.LCIF: B26578021Plaza del Arte 11-1435571 &#8211; Yaiza, Puerto CaleroLanzarote R\u00c9SERVATION DES COURS ET DE LA PLONG\u00c9E R\u00c9CR\u00c9ATIVE : Pour les activit\u00e9s auxquelles vous souhaitez participer avec Calero Diving, il est recommand\u00e9 de [&hellip;]\" \/>\n<meta property=\"og:url\" content=\"https:\/\/calerodiving.com\/general-conditions-and-reservations\/\" \/>\n<meta property=\"og:site_name\" content=\"Calero Diving Lanzarote\" \/>\n<meta property=\"article:publisher\" content=\"https:\/\/www.facebook.com\/calerodiving\/\" \/>\n<meta property=\"article:modified_time\" content=\"2026-02-17T13:55:59+00:00\" \/>\n<meta property=\"og:image\" content=\"https:\/\/calerodiving.com\/wp-content\/uploads\/2025\/05\/Grupo.png\" \/>\n\t<meta property=\"og:image:width\" content=\"499\" \/>\n\t<meta property=\"og:image:height\" content=\"590\" \/>\n\t<meta property=\"og:image:type\" content=\"image\/png\" \/>\n<meta name=\"twitter:card\" content=\"summary_large_image\" \/>\n<meta name=\"twitter:label1\" content=\"Dur\u00e9e de lecture estim\u00e9e\" \/>\n\t<meta name=\"twitter:data1\" content=\"5 minutes\" \/>\n<script type=\"application\/ld+json\" class=\"yoast-schema-graph\">{\"@context\":\"https:\\\/\\\/schema.org\",\"@graph\":[{\"@type\":\"WebPage\",\"@id\":\"https:\\\/\\\/calerodiving.com\\\/general-conditions-and-reservations\\\/\",\"url\":\"https:\\\/\\\/calerodiving.com\\\/general-conditions-and-reservations\\\/\",\"name\":\"Conditions g\u00e9n\u00e9rales et r\u00e9servations | Calero Diving Lanzarote\",\"isPartOf\":{\"@id\":\"https:\\\/\\\/calerodiving.com\\\/#website\"},\"datePublished\":\"2025-08-27T07:43:37+00:00\",\"dateModified\":\"2026-02-17T13:55:59+00:00\",\"breadcrumb\":{\"@id\":\"https:\\\/\\\/calerodiving.com\\\/general-conditions-and-reservations\\\/#breadcrumb\"},\"inLanguage\":\"fr-FR\",\"potentialAction\":[{\"@type\":\"ReadAction\",\"target\":[\"https:\\\/\\\/calerodiving.com\\\/general-conditions-and-reservations\\\/\"]}]},{\"@type\":\"BreadcrumbList\",\"@id\":\"https:\\\/\\\/calerodiving.com\\\/general-conditions-and-reservations\\\/#breadcrumb\",\"itemListElement\":[{\"@type\":\"ListItem\",\"position\":1,\"name\":\"Home\",\"item\":\"https:\\\/\\\/calerodiving.com\\\/es\\\/\"},{\"@type\":\"ListItem\",\"position\":2,\"name\":\"Conditions g\u00e9n\u00e9rales et r\u00e9servations\"}]},{\"@type\":\"WebSite\",\"@id\":\"https:\\\/\\\/calerodiving.com\\\/#website\",\"url\":\"https:\\\/\\\/calerodiving.com\\\/\",\"name\":\"Calero Diving Lanzarote\",\"description\":\"Dive Center - Marina Puerto Calero Lanzarote\",\"publisher\":{\"@id\":\"https:\\\/\\\/calerodiving.com\\\/#organization\"},\"alternateName\":\"Calero Diving\",\"potentialAction\":[{\"@type\":\"SearchAction\",\"target\":{\"@type\":\"EntryPoint\",\"urlTemplate\":\"https:\\\/\\\/calerodiving.com\\\/?s={search_term_string}\"},\"query-input\":{\"@type\":\"PropertyValueSpecification\",\"valueRequired\":true,\"valueName\":\"search_term_string\"}}],\"inLanguage\":\"fr-FR\"},{\"@type\":\"Organization\",\"@id\":\"https:\\\/\\\/calerodiving.com\\\/#organization\",\"name\":\"Calero Diving Lanzarote\",\"alternateName\":\"Calero Diving\",\"url\":\"https:\\\/\\\/calerodiving.com\\\/\",\"logo\":{\"@type\":\"ImageObject\",\"inLanguage\":\"fr-FR\",\"@id\":\"https:\\\/\\\/calerodiving.com\\\/#\\\/schema\\\/logo\\\/image\\\/\",\"url\":\"https:\\\/\\\/calerodiving.com\\\/wp-content\\\/uploads\\\/2025\\\/05\\\/Grupo.png\",\"contentUrl\":\"https:\\\/\\\/calerodiving.com\\\/wp-content\\\/uploads\\\/2025\\\/05\\\/Grupo.png\",\"width\":499,\"height\":590,\"caption\":\"Calero Diving Lanzarote\"},\"image\":{\"@id\":\"https:\\\/\\\/calerodiving.com\\\/#\\\/schema\\\/logo\\\/image\\\/\"},\"sameAs\":[\"https:\\\/\\\/www.facebook.com\\\/calerodiving\\\/\",\"https:\\\/\\\/www.instagram.com\\\/calerodiving\\\/\"]}]}<\/script>\n<!-- \/ Yoast SEO plugin. -->","yoast_head_json":{"title":"Conditions g\u00e9n\u00e9rales et r\u00e9servations | Calero Diving Lanzarote","robots":{"index":"index","follow":"follow","max-snippet":"max-snippet:-1","max-image-preview":"max-image-preview:large","max-video-preview":"max-video-preview:-1"},"canonical":"https:\/\/calerodiving.com\/general-conditions-and-reservations\/","og_locale":"fr_FR","og_type":"article","og_title":"Conditions g\u00e9n\u00e9rales et r\u00e9servations | Calero Diving Lanzarote","og_description":"CONDITIONS G\u00c9N\u00c9RALES ET R\u00c9SERVATIONS POLITIQUE DE R\u00c9SERVATION ET D&rsquo;ANNULATION POUR LES ACTIVIT\u00c9S R\u00c9SERV\u00c9ES AVEC RUBICON DIVING INFORMATIONS SUR LA SOCI\u00c9T\u00c9 : Mariposa Diving S.LCIF: B26578021Plaza del Arte 11-1435571 &#8211; Yaiza, Puerto CaleroLanzarote R\u00c9SERVATION DES COURS ET DE LA PLONG\u00c9E R\u00c9CR\u00c9ATIVE : Pour les activit\u00e9s auxquelles vous souhaitez participer avec Calero Diving, il est recommand\u00e9 de [&hellip;]","og_url":"https:\/\/calerodiving.com\/general-conditions-and-reservations\/","og_site_name":"Calero Diving Lanzarote","article_publisher":"https:\/\/www.facebook.com\/calerodiving\/","article_modified_time":"2026-02-17T13:55:59+00:00","og_image":[{"width":499,"height":590,"url":"https:\/\/calerodiving.com\/wp-content\/uploads\/2025\/05\/Grupo.png","type":"image\/png"}],"twitter_card":"summary_large_image","twitter_misc":{"Dur\u00e9e de lecture estim\u00e9e":"5 minutes"},"schema":{"@context":"https:\/\/schema.org","@graph":[{"@type":"WebPage","@id":"https:\/\/calerodiving.com\/general-conditions-and-reservations\/","url":"https:\/\/calerodiving.com\/general-conditions-and-reservations\/","name":"Conditions g\u00e9n\u00e9rales et r\u00e9servations | Calero Diving Lanzarote","isPartOf":{"@id":"https:\/\/calerodiving.com\/#website"},"datePublished":"2025-08-27T07:43:37+00:00","dateModified":"2026-02-17T13:55:59+00:00","breadcrumb":{"@id":"https:\/\/calerodiving.com\/general-conditions-and-reservations\/#breadcrumb"},"inLanguage":"fr-FR","potentialAction":[{"@type":"ReadAction","target":["https:\/\/calerodiving.com\/general-conditions-and-reservations\/"]}]},{"@type":"BreadcrumbList","@id":"https:\/\/calerodiving.com\/general-conditions-and-reservations\/#breadcrumb","itemListElement":[{"@type":"ListItem","position":1,"name":"Home","item":"https:\/\/calerodiving.com\/es\/"},{"@type":"ListItem","position":2,"name":"Conditions g\u00e9n\u00e9rales et r\u00e9servations"}]},{"@type":"WebSite","@id":"https:\/\/calerodiving.com\/#website","url":"https:\/\/calerodiving.com\/","name":"Calero Diving Lanzarote","description":"Dive Center - Marina Puerto Calero Lanzarote","publisher":{"@id":"https:\/\/calerodiving.com\/#organization"},"alternateName":"Calero Diving","potentialAction":[{"@type":"SearchAction","target":{"@type":"EntryPoint","urlTemplate":"https:\/\/calerodiving.com\/?s={search_term_string}"},"query-input":{"@type":"PropertyValueSpecification","valueRequired":true,"valueName":"search_term_string"}}],"inLanguage":"fr-FR"},{"@type":"Organization","@id":"https:\/\/calerodiving.com\/#organization","name":"Calero Diving Lanzarote","alternateName":"Calero Diving","url":"https:\/\/calerodiving.com\/","logo":{"@type":"ImageObject","inLanguage":"fr-FR","@id":"https:\/\/calerodiving.com\/#\/schema\/logo\/image\/","url":"https:\/\/calerodiving.com\/wp-content\/uploads\/2025\/05\/Grupo.png","contentUrl":"https:\/\/calerodiving.com\/wp-content\/uploads\/2025\/05\/Grupo.png","width":499,"height":590,"caption":"Calero Diving Lanzarote"},"image":{"@id":"https:\/\/calerodiving.com\/#\/schema\/logo\/image\/"},"sameAs":["https:\/\/www.facebook.com\/calerodiving\/","https:\/\/www.instagram.com\/calerodiving\/"]}]}},"_links":{"self":[{"href":"https:\/\/calerodiving.com\/fr\/wp-json\/wp\/v2\/pages\/24383","targetHints":{"allow":["GET"]}}],"collection":[{"href":"https:\/\/calerodiving.com\/fr\/wp-json\/wp\/v2\/pages"}],"about":[{"href":"https:\/\/calerodiving.com\/fr\/wp-json\/wp\/v2\/types\/page"}],"author":[{"embeddable":true,"href":"https:\/\/calerodiving.com\/fr\/wp-json\/wp\/v2\/users\/10"}],"replies":[{"embeddable":true,"href":"https:\/\/calerodiving.com\/fr\/wp-json\/wp\/v2\/comments?post=24383"}],"version-history":[{"count":5,"href":"https:\/\/calerodiving.com\/fr\/wp-json\/wp\/v2\/pages\/24383\/revisions"}],"predecessor-version":[{"id":26805,"href":"https:\/\/calerodiving.com\/fr\/wp-json\/wp\/v2\/pages\/24383\/revisions\/26805"}],"wp:attachment":[{"href":"https:\/\/calerodiving.com\/fr\/wp-json\/wp\/v2\/media?parent=24383"}],"curies":[{"name":"wp","href":"https:\/\/api.w.org\/{rel}","templated":true}]}}