{"id":24328,"date":"2025-08-27T08:42:26","date_gmt":"2025-08-27T07:42:26","guid":{"rendered":"https:\/\/calerodiving.com\/combo-adv-nitrox-procedures-deco-plongee-profonde\/"},"modified":"2025-09-09T14:54:34","modified_gmt":"2025-09-09T13:54:34","slug":"combo-adv-nitrox-deco-procedures-extended-range","status":"publish","type":"page","link":"https:\/\/calerodiving.com\/fr\/combo-adv-nitrox-deco-procedures-extended-range\/","title":{"rendered":"Combo Adv Nitrox Deco procedures extended Range"},"content":{"rendered":"\t\t<div data-elementor-type=\"wp-page\" data-elementor-id=\"24328\" class=\"elementor elementor-24328 elementor-23471\" data-elementor-post-type=\"page\">\n\t\t\t\t<div class=\"elementor-element elementor-element-a96cb4d e-flex e-con-boxed e-con e-parent\" data-id=\"a96cb4d\" data-element_type=\"container\" data-e-type=\"container\">\n\t\t\t\t\t<div class=\"e-con-inner\">\n\t\t<div class=\"elementor-element elementor-element-e2b61f2 e-con-full e-flex e-con e-child\" data-id=\"e2b61f2\" data-element_type=\"container\" data-e-type=\"container\">\n\t\t\t\t<div class=\"elementor-element elementor-element-f992856 elementor-widget elementor-widget-image\" data-id=\"f992856\" data-element_type=\"widget\" data-e-type=\"widget\" data-widget_type=\"image.default\">\n\t\t\t\t<div class=\"elementor-widget-container\">\n\t\t\t\t\t\t\t\t\t\t\t\t\t\t\t<img fetchpriority=\"high\" decoding=\"async\" width=\"700\" height=\"445\" src=\"https:\/\/calerodiving.com\/wp-content\/uploads\/2025\/07\/Trimix-Diver-.png\" class=\"attachment-large size-large wp-image-20980\" alt=\"\" srcset=\"https:\/\/calerodiving.com\/wp-content\/uploads\/2025\/07\/Trimix-Diver-.png 700w, https:\/\/calerodiving.com\/wp-content\/uploads\/2025\/07\/Trimix-Diver--300x191.png 300w\" sizes=\"(max-width: 700px) 100vw, 700px\" \/>\t\t\t\t\t\t\t\t\t\t\t\t\t\t\t<\/div>\n\t\t\t\t<\/div>\n\t\t\t\t<\/div>\n\t\t<div class=\"elementor-element elementor-element-582a948 e-con-full e-flex e-con e-child\" data-id=\"582a948\" data-element_type=\"container\" data-e-type=\"container\">\n\t\t<div class=\"elementor-element elementor-element-7b7f91b e-con-full e-flex e-con e-child\" data-id=\"7b7f91b\" data-element_type=\"container\" data-e-type=\"container\">\n\t\t\t\t<div class=\"elementor-element elementor-element-70dab39 elementor-widget elementor-widget-html\" data-id=\"70dab39\" data-element_type=\"widget\" data-e-type=\"widget\" data-widget_type=\"html.default\">\n\t\t\t\t<div class=\"elementor-widget-container\">\n\t\t\t\t\t<a href=\"https:\/\/calerodiving.com\/open-circuit\/#tdi-open\" class=\"tag-button\">technique<\/a>\n\t\t\t\t<\/div>\n\t\t\t\t<\/div>\n\t\t\t\t<div class=\"elementor-element elementor-element-0da7401 elementor-widget elementor-widget-heading\" data-id=\"0da7401\" data-element_type=\"widget\" data-e-type=\"widget\" data-widget_type=\"heading.default\">\n\t\t\t\t<div class=\"elementor-widget-container\">\n\t\t\t\t\t<h2 class=\"elementor-heading-title elementor-size-default\">Combo Adv Nitrox Deco procedures extended Range<\/h2>\t\t\t\t<\/div>\n\t\t\t\t<\/div>\n\t\t\t\t<\/div>\n\t\t\t\t<\/div>\n\t\t\t\t\t<\/div>\n\t\t\t\t<\/div>\n\t\t<div class=\"elementor-element elementor-element-e8db676 e-flex e-con-boxed e-con e-parent\" data-id=\"e8db676\" data-element_type=\"container\" data-e-type=\"container\">\n\t\t\t\t\t<div class=\"e-con-inner\">\n\t\t<div class=\"elementor-element elementor-element-71e2059 e-con-full e-flex e-con e-child\" data-id=\"71e2059\" data-element_type=\"container\" data-e-type=\"container\">\n\t\t<div class=\"elementor-element elementor-element-7ad907c e-con-full e-flex e-con e-child\" data-id=\"7ad907c\" data-element_type=\"container\" data-e-type=\"container\">\n\t\t\t\t<div class=\"elementor-element elementor-element-e6a36fd elementor-widget elementor-widget-heading\" data-id=\"e6a36fd\" data-element_type=\"widget\" data-e-type=\"widget\" data-widget_type=\"heading.default\">\n\t\t\t\t<div class=\"elementor-widget-container\">\n\t\t\t\t\t<h2 class=\"elementor-heading-title elementor-size-default\">Un regard plus approfondi sur les incroyables esp\u00e8ces marines qui vous attendent au-del\u00e0 de 30 m\u00e8tres<\/h2>\t\t\t\t<\/div>\n\t\t\t\t<\/div>\n\t\t\t\t<div class=\"elementor-element elementor-element-bf9d4c4 elementor-widget elementor-widget-text-editor\" data-id=\"bf9d4c4\" data-element_type=\"widget\" data-e-type=\"widget\" data-widget_type=\"text-editor.default\">\n\t\t\t\t<div class=\"elementor-widget-container\">\n\t\t\t\t\t\t\t\t\t<div class=\"section-list\">\n<h3>Aper\u00e7u du programme :<\/h3>\n<ul>\n<li style=\"list-style-type: none;\">Passez \u00e0 l&rsquo;\u00e9tape sup\u00e9rieure avec ce programme tout-en-un, combinant trois des cours techniques les plus reconnus de TDI. Au cours d&rsquo;une formation intensive, vous ma\u00eetriserez :\n<p><b>Nitrox Avanc\u00e9<\/b> \u2013 Utilisation d&rsquo;oxyg\u00e8ne de 22 % \u00e0 100 %, compr\u00e9hension de la physiologie de l&rsquo;oxyg\u00e8ne, s\u00e9lection du meilleur m\u00e9lange, planification des gaz et configuration de l&rsquo;\u00e9quipement.<\/p>\n<p><b>Proc\u00e9dures de D\u00e9compression<\/b> \u2013 Planification et ex\u00e9cution de plong\u00e9es avec paliers de d\u00e9compression jusqu&rsquo;\u00e0 45 m, avec changements de gaz multiples pour plus d&rsquo;efficacit\u00e9 et de s\u00e9curit\u00e9.<\/p>\n<p><b>Plong\u00e9e Profonde<\/b> \u2013 Allez plus loin avec des techniques avanc\u00e9es pour les plong\u00e9es \u00e0 l&rsquo;air jusqu&rsquo;\u00e0 55 m, d\u00e9compression acc\u00e9l\u00e9r\u00e9e, exercices d&rsquo;\u00e9quipe et planification d&rsquo;urgence.<\/p>\n<p><strong>\u00c0 qui s&rsquo;adresse cette formation ?<\/strong><\/p>\n<p>Aux plongeurs exp\u00e9riment\u00e9s pr\u00eats \u00e0 approfondir leurs comp\u00e9tences, leur profondeur d&rsquo;intervention et leur confiance dans les environnements techniques.<\/p>\n<p><strong>Ce que vous obtiendrez :<\/strong><\/p>\n<p>Certification pour effectuer des plong\u00e9es avanc\u00e9es avec paliers de d\u00e9compression jusqu&rsquo;\u00e0 55 m\u00e8tres en utilisant plusieurs m\u00e9langes gazeux, y compris l&rsquo;oxyg\u00e8ne pur.<\/p>\n<p>Pr\u00eat \u00e0 aller plus loin, rester plus longtemps et plonger plus intelligemment ?<\/p>\n<p>Rejoignez-nous et lib\u00e9rez tout le potentiel de votre plong\u00e9e technique.<\/p>\n<\/li>\n<\/ul>\n<h3>Dur\u00e9e :<\/h3>\n<ul>\n<li>Formation de 6 jours<\/li>\n<\/ul>\n<h3>Inclus :<\/h3>\n<ul>\n<li style=\"list-style-type: none;\">\n<ul>\n<li>Location d&rsquo;\u00e9quipement<\/li>\n<li>Supports num\u00e9riques<\/li>\n<li>Assurance plong\u00e9e<\/li>\n<\/ul>\n<\/li>\n<\/ul>\n<h3>Autres formations qui pourraient vous int\u00e9resser :<\/h3>\n<ul>\n \t<li><a href=\"https:\/\/calerodiving.com\/ssi-scuba-diver\/\">Plongeur niveau 1<\/a><\/li>\n \t<li><a href=\"https:\/\/calerodiving.com\/ssi-open-water-diver\/\">Plongeur en eau libre<\/a><\/li>\n<\/ul>\n<\/div>\t\t\t\t\t\t\t\t<\/div>\n\t\t\t\t<\/div>\n\t\t\t\t<\/div>\n\t\t\t\t<\/div>\n\t\t<div class=\"elementor-element elementor-element-a39eeff e-con-full e-flex e-con e-child\" data-id=\"a39eeff\" data-element_type=\"container\" data-e-type=\"container\">\n\t\t<div class=\"elementor-element elementor-element-1a299c0 e-con-full course-sidebar-box e-flex e-con e-child\" data-id=\"1a299c0\" data-element_type=\"container\" data-e-type=\"container\" data-settings=\"{&quot;sticky&quot;:&quot;top&quot;,&quot;sticky_offset&quot;:110,&quot;sticky_effects_offset&quot;:130,&quot;sticky_parent&quot;:&quot;yes&quot;,&quot;sticky_on&quot;:[&quot;desktop&quot;,&quot;tablet&quot;,&quot;mobile&quot;],&quot;sticky_anchor_link_offset&quot;:0}\">\n\t\t\t\t<div class=\"elementor-element elementor-element-cd2604e elementor-widget elementor-widget-text-editor\" data-id=\"cd2604e\" data-element_type=\"widget\" data-e-type=\"widget\" data-widget_type=\"text-editor.default\">\n\t\t\t\t<div class=\"elementor-widget-container\">\n\t\t\t\t\t\t\t\t\t<div class=\"courses-info\"><h6 class=\"no-margin\">Dur\u00e9e :<\/h6><p class=\"no-margin\">Formation de 6 jours<\/p><\/div><div class=\"courses-info\"><h6 class=\"no-margin\">Prix :<\/h6><p class=\"no-margin\">\u00c0 partir de 1 850 \u20ac<\/p><\/div>\t\t\t\t\t\t\t\t<\/div>\n\t\t\t\t<\/div>\n\t\t\t\t<div class=\"elementor-element elementor-element-24dd7de elementor-mobile-align-center elementor-widget elementor-widget-button\" data-id=\"24dd7de\" data-element_type=\"widget\" data-e-type=\"widget\" data-widget_type=\"button.default\">\n\t\t\t\t<div class=\"elementor-widget-container\">\n\t\t\t\t\t\t\t\t\t<div class=\"elementor-button-wrapper\">\n\t\t\t\t\t<a class=\"elementor-button elementor-button-link elementor-size-sm\" href=\"https:\/\/app.bukyapp.com\/front\/6213b2319a1bbf005fa0b870\/product\/68908dc029008802aee82c2b?lang=fr\" target=\"_blank\">\n\t\t\t\t\t\t<span class=\"elementor-button-content-wrapper\">\n\t\t\t\t\t\t\t\t\t<span class=\"elementor-button-text\">acheter la formation<\/span>\n\t\t\t\t\t<\/span>\n\t\t\t\t\t<\/a>\n\t\t\t\t<\/div>\n\t\t\t\t\t\t\t\t<\/div>\n\t\t\t\t<\/div>\n\t\t\t\t<\/div>\n\t\t\t\t<\/div>\n\t\t\t\t\t<\/div>\n\t\t\t\t<\/div>\n\t\t\t\t<\/div>\n\t\t","protected":false},"excerpt":{"rendered":"<p>technique Combo Adv Nitrox Deco procedures extended Range Un regard plus approfondi sur les incroyables esp\u00e8ces marines qui vous attendent au-del\u00e0 de 30 m\u00e8tres Aper\u00e7u du programme : Passez \u00e0 l&rsquo;\u00e9tape sup\u00e9rieure avec ce programme tout-en-un, combinant trois des cours techniques les plus reconnus de TDI. Au cours d&rsquo;une formation intensive, vous ma\u00eetriserez : Nitrox [&hellip;]<\/p>\n","protected":false},"author":10,"featured_media":0,"parent":0,"menu_order":0,"comment_status":"closed","ping_status":"closed","template":"","meta":{"_acf_changed":false,"footnotes":""},"class_list":["post-24328","page","type-page","status-publish","hentry"],"acf":[],"yoast_head":"<!-- This site is optimized with the Yoast SEO plugin v27.5 - https:\/\/yoast.com\/product\/yoast-seo-wordpress\/ -->\n<title>Combo Adv Nitrox Deco procedures extended Range | Calero Diving Lanzarote<\/title>\n<meta name=\"robots\" content=\"index, follow, max-snippet:-1, max-image-preview:large, max-video-preview:-1\" \/>\n<link rel=\"canonical\" href=\"https:\/\/calerodiving.com\/combo-adv-nitrox-deco-procedures-extended-range\/\" \/>\n<meta property=\"og:locale\" content=\"fr_FR\" \/>\n<meta property=\"og:type\" content=\"article\" \/>\n<meta property=\"og:title\" content=\"Combo Adv Nitrox Deco procedures extended Range | Calero Diving Lanzarote\" \/>\n<meta property=\"og:description\" content=\"technique Combo Adv Nitrox Deco procedures extended Range Un regard plus approfondi sur les incroyables esp\u00e8ces marines qui vous attendent au-del\u00e0 de 30 m\u00e8tres Aper\u00e7u du programme : Passez \u00e0 l&rsquo;\u00e9tape sup\u00e9rieure avec ce programme tout-en-un, combinant trois des cours techniques les plus reconnus de TDI. Au cours d&rsquo;une formation intensive, vous ma\u00eetriserez : Nitrox [&hellip;]\" \/>\n<meta property=\"og:url\" content=\"https:\/\/calerodiving.com\/combo-adv-nitrox-deco-procedures-extended-range\/\" \/>\n<meta property=\"og:site_name\" content=\"Calero Diving Lanzarote\" \/>\n<meta property=\"article:publisher\" content=\"https:\/\/www.facebook.com\/calerodiving\/\" \/>\n<meta property=\"article:modified_time\" content=\"2025-09-09T13:54:34+00:00\" \/>\n<meta property=\"og:image\" content=\"https:\/\/calerodiving.com\/wp-content\/uploads\/2025\/07\/Trimix-Diver-.png\" \/>\n\t<meta property=\"og:image:width\" content=\"700\" \/>\n\t<meta property=\"og:image:height\" content=\"445\" \/>\n\t<meta property=\"og:image:type\" content=\"image\/png\" \/>\n<meta name=\"twitter:card\" content=\"summary_large_image\" \/>\n<meta name=\"twitter:label1\" content=\"Dur\u00e9e de lecture estim\u00e9e\" \/>\n\t<meta name=\"twitter:data1\" content=\"2 minutes\" \/>\n<script type=\"application\/ld+json\" class=\"yoast-schema-graph\">{\"@context\":\"https:\\\/\\\/schema.org\",\"@graph\":[{\"@type\":\"WebPage\",\"@id\":\"https:\\\/\\\/calerodiving.com\\\/combo-adv-nitrox-deco-procedures-extended-range\\\/\",\"url\":\"https:\\\/\\\/calerodiving.com\\\/combo-adv-nitrox-deco-procedures-extended-range\\\/\",\"name\":\"Combo Adv Nitrox Deco procedures extended Range | Calero Diving Lanzarote\",\"isPartOf\":{\"@id\":\"https:\\\/\\\/calerodiving.com\\\/#website\"},\"primaryImageOfPage\":{\"@id\":\"https:\\\/\\\/calerodiving.com\\\/combo-adv-nitrox-deco-procedures-extended-range\\\/#primaryimage\"},\"image\":{\"@id\":\"https:\\\/\\\/calerodiving.com\\\/combo-adv-nitrox-deco-procedures-extended-range\\\/#primaryimage\"},\"thumbnailUrl\":\"https:\\\/\\\/calerodiving.com\\\/wp-content\\\/uploads\\\/2025\\\/07\\\/Trimix-Diver-.png\",\"datePublished\":\"2025-08-27T07:42:26+00:00\",\"dateModified\":\"2025-09-09T13:54:34+00:00\",\"breadcrumb\":{\"@id\":\"https:\\\/\\\/calerodiving.com\\\/combo-adv-nitrox-deco-procedures-extended-range\\\/#breadcrumb\"},\"inLanguage\":\"fr-FR\",\"potentialAction\":[{\"@type\":\"ReadAction\",\"target\":[\"https:\\\/\\\/calerodiving.com\\\/combo-adv-nitrox-deco-procedures-extended-range\\\/\"]}]},{\"@type\":\"ImageObject\",\"inLanguage\":\"fr-FR\",\"@id\":\"https:\\\/\\\/calerodiving.com\\\/combo-adv-nitrox-deco-procedures-extended-range\\\/#primaryimage\",\"url\":\"https:\\\/\\\/calerodiving.com\\\/wp-content\\\/uploads\\\/2025\\\/07\\\/Trimix-Diver-.png\",\"contentUrl\":\"https:\\\/\\\/calerodiving.com\\\/wp-content\\\/uploads\\\/2025\\\/07\\\/Trimix-Diver-.png\"},{\"@type\":\"BreadcrumbList\",\"@id\":\"https:\\\/\\\/calerodiving.com\\\/combo-adv-nitrox-deco-procedures-extended-range\\\/#breadcrumb\",\"itemListElement\":[{\"@type\":\"ListItem\",\"position\":1,\"name\":\"Home\",\"item\":\"https:\\\/\\\/calerodiving.com\\\/es\\\/\"},{\"@type\":\"ListItem\",\"position\":2,\"name\":\"Combo Adv Nitrox Deco procedures extended Range\"}]},{\"@type\":\"WebSite\",\"@id\":\"https:\\\/\\\/calerodiving.com\\\/#website\",\"url\":\"https:\\\/\\\/calerodiving.com\\\/\",\"name\":\"Calero Diving Lanzarote\",\"description\":\"Dive Center - Marina Puerto Calero Lanzarote\",\"publisher\":{\"@id\":\"https:\\\/\\\/calerodiving.com\\\/#organization\"},\"alternateName\":\"Calero Diving\",\"potentialAction\":[{\"@type\":\"SearchAction\",\"target\":{\"@type\":\"EntryPoint\",\"urlTemplate\":\"https:\\\/\\\/calerodiving.com\\\/?s={search_term_string}\"},\"query-input\":{\"@type\":\"PropertyValueSpecification\",\"valueRequired\":true,\"valueName\":\"search_term_string\"}}],\"inLanguage\":\"fr-FR\"},{\"@type\":\"Organization\",\"@id\":\"https:\\\/\\\/calerodiving.com\\\/#organization\",\"name\":\"Calero Diving Lanzarote\",\"alternateName\":\"Calero Diving\",\"url\":\"https:\\\/\\\/calerodiving.com\\\/\",\"logo\":{\"@type\":\"ImageObject\",\"inLanguage\":\"fr-FR\",\"@id\":\"https:\\\/\\\/calerodiving.com\\\/#\\\/schema\\\/logo\\\/image\\\/\",\"url\":\"https:\\\/\\\/calerodiving.com\\\/wp-content\\\/uploads\\\/2025\\\/05\\\/Grupo.png\",\"contentUrl\":\"https:\\\/\\\/calerodiving.com\\\/wp-content\\\/uploads\\\/2025\\\/05\\\/Grupo.png\",\"width\":499,\"height\":590,\"caption\":\"Calero Diving Lanzarote\"},\"image\":{\"@id\":\"https:\\\/\\\/calerodiving.com\\\/#\\\/schema\\\/logo\\\/image\\\/\"},\"sameAs\":[\"https:\\\/\\\/www.facebook.com\\\/calerodiving\\\/\",\"https:\\\/\\\/www.instagram.com\\\/calerodiving\\\/\"]}]}<\/script>\n<!-- \/ Yoast SEO plugin. -->","yoast_head_json":{"title":"Combo Adv Nitrox Deco procedures extended Range | Calero Diving Lanzarote","robots":{"index":"index","follow":"follow","max-snippet":"max-snippet:-1","max-image-preview":"max-image-preview:large","max-video-preview":"max-video-preview:-1"},"canonical":"https:\/\/calerodiving.com\/combo-adv-nitrox-deco-procedures-extended-range\/","og_locale":"fr_FR","og_type":"article","og_title":"Combo Adv Nitrox Deco procedures extended Range | Calero Diving Lanzarote","og_description":"technique Combo Adv Nitrox Deco procedures extended Range Un regard plus approfondi sur les incroyables esp\u00e8ces marines qui vous attendent au-del\u00e0 de 30 m\u00e8tres Aper\u00e7u du programme : Passez \u00e0 l&rsquo;\u00e9tape sup\u00e9rieure avec ce programme tout-en-un, combinant trois des cours techniques les plus reconnus de TDI. Au cours d&rsquo;une formation intensive, vous ma\u00eetriserez : Nitrox [&hellip;]","og_url":"https:\/\/calerodiving.com\/combo-adv-nitrox-deco-procedures-extended-range\/","og_site_name":"Calero Diving Lanzarote","article_publisher":"https:\/\/www.facebook.com\/calerodiving\/","article_modified_time":"2025-09-09T13:54:34+00:00","og_image":[{"width":700,"height":445,"url":"https:\/\/calerodiving.com\/wp-content\/uploads\/2025\/07\/Trimix-Diver-.png","type":"image\/png"}],"twitter_card":"summary_large_image","twitter_misc":{"Dur\u00e9e de lecture estim\u00e9e":"2 minutes"},"schema":{"@context":"https:\/\/schema.org","@graph":[{"@type":"WebPage","@id":"https:\/\/calerodiving.com\/combo-adv-nitrox-deco-procedures-extended-range\/","url":"https:\/\/calerodiving.com\/combo-adv-nitrox-deco-procedures-extended-range\/","name":"Combo Adv Nitrox Deco procedures extended Range | Calero Diving Lanzarote","isPartOf":{"@id":"https:\/\/calerodiving.com\/#website"},"primaryImageOfPage":{"@id":"https:\/\/calerodiving.com\/combo-adv-nitrox-deco-procedures-extended-range\/#primaryimage"},"image":{"@id":"https:\/\/calerodiving.com\/combo-adv-nitrox-deco-procedures-extended-range\/#primaryimage"},"thumbnailUrl":"https:\/\/calerodiving.com\/wp-content\/uploads\/2025\/07\/Trimix-Diver-.png","datePublished":"2025-08-27T07:42:26+00:00","dateModified":"2025-09-09T13:54:34+00:00","breadcrumb":{"@id":"https:\/\/calerodiving.com\/combo-adv-nitrox-deco-procedures-extended-range\/#breadcrumb"},"inLanguage":"fr-FR","potentialAction":[{"@type":"ReadAction","target":["https:\/\/calerodiving.com\/combo-adv-nitrox-deco-procedures-extended-range\/"]}]},{"@type":"ImageObject","inLanguage":"fr-FR","@id":"https:\/\/calerodiving.com\/combo-adv-nitrox-deco-procedures-extended-range\/#primaryimage","url":"https:\/\/calerodiving.com\/wp-content\/uploads\/2025\/07\/Trimix-Diver-.png","contentUrl":"https:\/\/calerodiving.com\/wp-content\/uploads\/2025\/07\/Trimix-Diver-.png"},{"@type":"BreadcrumbList","@id":"https:\/\/calerodiving.com\/combo-adv-nitrox-deco-procedures-extended-range\/#breadcrumb","itemListElement":[{"@type":"ListItem","position":1,"name":"Home","item":"https:\/\/calerodiving.com\/es\/"},{"@type":"ListItem","position":2,"name":"Combo Adv Nitrox Deco procedures extended Range"}]},{"@type":"WebSite","@id":"https:\/\/calerodiving.com\/#website","url":"https:\/\/calerodiving.com\/","name":"Calero Diving Lanzarote","description":"Dive Center - Marina Puerto Calero Lanzarote","publisher":{"@id":"https:\/\/calerodiving.com\/#organization"},"alternateName":"Calero Diving","potentialAction":[{"@type":"SearchAction","target":{"@type":"EntryPoint","urlTemplate":"https:\/\/calerodiving.com\/?s={search_term_string}"},"query-input":{"@type":"PropertyValueSpecification","valueRequired":true,"valueName":"search_term_string"}}],"inLanguage":"fr-FR"},{"@type":"Organization","@id":"https:\/\/calerodiving.com\/#organization","name":"Calero Diving Lanzarote","alternateName":"Calero Diving","url":"https:\/\/calerodiving.com\/","logo":{"@type":"ImageObject","inLanguage":"fr-FR","@id":"https:\/\/calerodiving.com\/#\/schema\/logo\/image\/","url":"https:\/\/calerodiving.com\/wp-content\/uploads\/2025\/05\/Grupo.png","contentUrl":"https:\/\/calerodiving.com\/wp-content\/uploads\/2025\/05\/Grupo.png","width":499,"height":590,"caption":"Calero Diving Lanzarote"},"image":{"@id":"https:\/\/calerodiving.com\/#\/schema\/logo\/image\/"},"sameAs":["https:\/\/www.facebook.com\/calerodiving\/","https:\/\/www.instagram.com\/calerodiving\/"]}]}},"_links":{"self":[{"href":"https:\/\/calerodiving.com\/fr\/wp-json\/wp\/v2\/pages\/24328","targetHints":{"allow":["GET"]}}],"collection":[{"href":"https:\/\/calerodiving.com\/fr\/wp-json\/wp\/v2\/pages"}],"about":[{"href":"https:\/\/calerodiving.com\/fr\/wp-json\/wp\/v2\/types\/page"}],"author":[{"embeddable":true,"href":"https:\/\/calerodiving.com\/fr\/wp-json\/wp\/v2\/users\/10"}],"replies":[{"embeddable":true,"href":"https:\/\/calerodiving.com\/fr\/wp-json\/wp\/v2\/comments?post=24328"}],"version-history":[{"count":6,"href":"https:\/\/calerodiving.com\/fr\/wp-json\/wp\/v2\/pages\/24328\/revisions"}],"predecessor-version":[{"id":25894,"href":"https:\/\/calerodiving.com\/fr\/wp-json\/wp\/v2\/pages\/24328\/revisions\/25894"}],"wp:attachment":[{"href":"https:\/\/calerodiving.com\/fr\/wp-json\/wp\/v2\/media?parent=24328"}],"curies":[{"name":"wp","href":"https:\/\/api.w.org\/{rel}","templated":true}]}}