{"id":24319,"date":"2025-08-27T08:42:22","date_gmt":"2025-08-27T07:42:22","guid":{"rendered":"https:\/\/calerodiving.com\/essayez-le-ccr-tdi\/"},"modified":"2025-09-09T15:55:26","modified_gmt":"2025-09-09T14:55:26","slug":"try-the-ccr-tdi","status":"publish","type":"page","link":"https:\/\/calerodiving.com\/fr\/try-the-ccr-tdi\/","title":{"rendered":"Try the CCR Course"},"content":{"rendered":"\t\t<div data-elementor-type=\"wp-page\" data-elementor-id=\"24319\" class=\"elementor elementor-24319 elementor-22647\" data-elementor-post-type=\"page\">\n\t\t\t\t<div class=\"elementor-element elementor-element-9db4cbf e-flex e-con-boxed e-con e-parent\" data-id=\"9db4cbf\" data-element_type=\"container\" data-e-type=\"container\">\n\t\t\t\t\t<div class=\"e-con-inner\">\n\t\t<div class=\"elementor-element elementor-element-0586273 e-con-full e-flex e-con e-child\" data-id=\"0586273\" data-element_type=\"container\" data-e-type=\"container\">\n\t\t\t\t<div class=\"elementor-element elementor-element-693965e elementor-widget elementor-widget-image\" data-id=\"693965e\" data-element_type=\"widget\" data-e-type=\"widget\" data-widget_type=\"image.default\">\n\t\t\t\t<div class=\"elementor-widget-container\">\n\t\t\t\t\t\t\t\t\t\t\t\t\t\t\t<img fetchpriority=\"high\" decoding=\"async\" width=\"700\" height=\"445\" src=\"https:\/\/calerodiving.com\/wp-content\/uploads\/2025\/08\/Try-the-CCR-course-tdi.png\" class=\"attachment-large size-large wp-image-22539\" alt=\"\" srcset=\"https:\/\/calerodiving.com\/wp-content\/uploads\/2025\/08\/Try-the-CCR-course-tdi.png 700w, https:\/\/calerodiving.com\/wp-content\/uploads\/2025\/08\/Try-the-CCR-course-tdi-300x191.png 300w\" sizes=\"(max-width: 700px) 100vw, 700px\" \/>\t\t\t\t\t\t\t\t\t\t\t\t\t\t\t<\/div>\n\t\t\t\t<\/div>\n\t\t\t\t<\/div>\n\t\t<div class=\"elementor-element elementor-element-df96096 e-con-full e-flex e-con e-child\" data-id=\"df96096\" data-element_type=\"container\" data-e-type=\"container\">\n\t\t<div class=\"elementor-element elementor-element-303f770 e-con-full e-flex e-con e-child\" data-id=\"303f770\" data-element_type=\"container\" data-e-type=\"container\">\n\t\t\t\t<div class=\"elementor-element elementor-element-738d27d elementor-widget elementor-widget-html\" data-id=\"738d27d\" data-element_type=\"widget\" data-e-type=\"widget\" data-widget_type=\"html.default\">\n\t\t\t\t<div class=\"elementor-widget-container\">\n\t\t\t\t\t<a href=\"https:\/\/calerodiving.com\/closed-circuit\/#tdi-closed\" class=\"tag-button\">technique<\/a>\n\t\t\t\t<\/div>\n\t\t\t\t<\/div>\n\t\t\t\t<div class=\"elementor-element elementor-element-1252d92 elementor-widget elementor-widget-heading\" data-id=\"1252d92\" data-element_type=\"widget\" data-e-type=\"widget\" data-widget_type=\"heading.default\">\n\t\t\t\t<div class=\"elementor-widget-container\">\n\t\t\t\t\t<h2 class=\"elementor-heading-title elementor-size-default\">Try the CCR Course<\/h2>\t\t\t\t<\/div>\n\t\t\t\t<\/div>\n\t\t\t\t<\/div>\n\t\t\t\t<\/div>\n\t\t\t\t\t<\/div>\n\t\t\t\t<\/div>\n\t\t<div class=\"elementor-element elementor-element-49a471a e-flex e-con-boxed e-con e-parent\" data-id=\"49a471a\" data-element_type=\"container\" data-e-type=\"container\">\n\t\t\t\t\t<div class=\"e-con-inner\">\n\t\t<div class=\"elementor-element elementor-element-cdaa601 e-con-full e-flex e-con e-child\" data-id=\"cdaa601\" data-element_type=\"container\" data-e-type=\"container\">\n\t\t<div class=\"elementor-element elementor-element-4bd6a99 e-con-full e-flex e-con e-child\" data-id=\"4bd6a99\" data-element_type=\"container\" data-e-type=\"container\">\n\t\t\t\t<div class=\"elementor-element elementor-element-5e00710 elementor-widget elementor-widget-heading\" data-id=\"5e00710\" data-element_type=\"widget\" data-e-type=\"widget\" data-widget_type=\"heading.default\">\n\t\t\t\t<div class=\"elementor-widget-container\">\n\t\t\t\t\t<h2 class=\"elementor-heading-title elementor-size-default\">S\u00e9r\u00e9nit\u00e9 silencieuse : plongez dans l'univers de la plong\u00e9e CCR<\/h2>\t\t\t\t<\/div>\n\t\t\t\t<\/div>\n\t\t\t\t<div class=\"elementor-element elementor-element-a65db0f elementor-widget elementor-widget-text-editor\" data-id=\"a65db0f\" data-element_type=\"widget\" data-e-type=\"widget\" data-widget_type=\"text-editor.default\">\n\t\t\t\t<div class=\"elementor-widget-container\">\n\t\t\t\t\t\t\t\t\t<div class=\"section-list\"><h3>Aper\u00e7u du programme :<\/h3><ul><li>Vivez l&rsquo;extraordinaire avec l&rsquo;initiation \u00e0 la plong\u00e9e CCR, votre passerelle vers un royaume sous-marin silencieux et fascinant. Ce programme offre une introduction captivante aux recycleurs en circuit ferm\u00e9, vous permettant d&rsquo;explorer les profondeurs dans une tranquillit\u00e9 parfaite, sans perturber l&rsquo;\u00e9cosyst\u00e8me marin serein. Avec l&rsquo;initiation \u00e0 la plong\u00e9e CCR, vous laisserez derri\u00e8re vous les bulles bruyantes pour embrasser un monde de merveilles silencieuses. Plongez dans le silence et laissez les secrets de l&rsquo;oc\u00e9an se d\u00e9voiler autour de vous. Votre aventure silencieuse vous attend.    <\/li><\/ul><h3>Dur\u00e9e :<\/h3><ul><li>Formation d&rsquo;1 jour<\/li><\/ul><h3>Inclus :<\/h3><ul><li>1 session en eau confin\u00e9e<\/li><li>Supports num\u00e9riques<\/li><li>1 plong\u00e9e de formation<\/li><li>Sofnolime<\/li><li>O<sub>2<\/sub><\/li><li>Bouteilles<\/li><\/ul><h3>Non inclus :<\/h3><ul><li>Location d&rsquo;unit\u00e9 CCR<\/li><li>Location d&rsquo;unit\u00e9<\/li><li>Assurance plong\u00e9e<\/li><\/ul><h3>Pr\u00e9requis :<\/h3><ul><li>\u00c2ge minimum : 18 ans<\/li><li>Minimum 24 plong\u00e9es enregistr\u00e9es<\/li><li>Poss\u00e9der les certifications SSI Deep Diving et Enriched Air Nitrox ou \u00e9quivalent<\/li><li>Certificat m\u00e9dical valide de moins d&rsquo;un an (auto-certification non accept\u00e9e)<\/li><\/ul><h3>Autres cours qui pourraient vous int\u00e9resser :<\/h3><ul><li><a href=\"https:\/\/calerodiving.com\/ccr-air-diluent-diver-mod-1\/\">Plongeur CCR Air Diluent (MOD 1)<\/a><\/li><\/ul><\/div>\t\t\t\t\t\t\t\t<\/div>\n\t\t\t\t<\/div>\n\t\t\t\t<\/div>\n\t\t\t\t<\/div>\n\t\t<div class=\"elementor-element elementor-element-6ba875d e-con-full e-flex e-con e-child\" data-id=\"6ba875d\" data-element_type=\"container\" data-e-type=\"container\">\n\t\t<div class=\"elementor-element elementor-element-397abcc e-con-full course-sidebar-box e-flex e-con e-child\" data-id=\"397abcc\" data-element_type=\"container\" data-e-type=\"container\" data-settings=\"{&quot;sticky&quot;:&quot;top&quot;,&quot;sticky_offset&quot;:110,&quot;sticky_effects_offset&quot;:130,&quot;sticky_parent&quot;:&quot;yes&quot;,&quot;sticky_on&quot;:[&quot;desktop&quot;,&quot;tablet&quot;,&quot;mobile&quot;],&quot;sticky_anchor_link_offset&quot;:0}\">\n\t\t\t\t<div class=\"elementor-element elementor-element-af51dbf elementor-widget elementor-widget-text-editor\" data-id=\"af51dbf\" data-element_type=\"widget\" data-e-type=\"widget\" data-widget_type=\"text-editor.default\">\n\t\t\t\t<div class=\"elementor-widget-container\">\n\t\t\t\t\t\t\t\t\t<div class=\"courses-info\"><h6 class=\"no-margin\">Dur\u00e9e :<\/h6><p class=\"no-margin\">Formation d&rsquo;1 jour<\/p><\/div><div class=\"courses-info\"><h6 class=\"no-margin\">Prix :<\/h6><p class=\"no-margin\">\u00c0 partir de 250 \u20ac<\/p><\/div>\t\t\t\t\t\t\t\t<\/div>\n\t\t\t\t<\/div>\n\t\t\t\t<div class=\"elementor-element elementor-element-50d3918 elementor-mobile-align-center elementor-widget elementor-widget-button\" data-id=\"50d3918\" data-element_type=\"widget\" data-e-type=\"widget\" data-widget_type=\"button.default\">\n\t\t\t\t<div class=\"elementor-widget-container\">\n\t\t\t\t\t\t\t\t\t<div class=\"elementor-button-wrapper\">\n\t\t\t\t\t<a class=\"elementor-button elementor-button-link elementor-size-sm\" href=\"https:\/\/app.bukyapp.com\/front\/6213b2319a1bbf005fa0b870\/product\/68931caaf424a85721cab5be?lang=fr\" target=\"_blank\">\n\t\t\t\t\t\t<span class=\"elementor-button-content-wrapper\">\n\t\t\t\t\t\t\t\t\t<span class=\"elementor-button-text\">acheter la formation<\/span>\n\t\t\t\t\t<\/span>\n\t\t\t\t\t<\/a>\n\t\t\t\t<\/div>\n\t\t\t\t\t\t\t\t<\/div>\n\t\t\t\t<\/div>\n\t\t\t\t<\/div>\n\t\t\t\t<\/div>\n\t\t\t\t\t<\/div>\n\t\t\t\t<\/div>\n\t\t\t\t<\/div>\n\t\t","protected":false},"excerpt":{"rendered":"<p>technique Try the CCR Course S\u00e9r\u00e9nit\u00e9 silencieuse : plongez dans l&rsquo;univers de la plong\u00e9e CCR Aper\u00e7u du programme : Vivez l&rsquo;extraordinaire avec l&rsquo;initiation \u00e0 la plong\u00e9e CCR, votre passerelle vers un royaume sous-marin silencieux et fascinant. Ce programme offre une introduction captivante aux recycleurs en circuit ferm\u00e9, vous permettant d&rsquo;explorer les profondeurs dans une tranquillit\u00e9 [&hellip;]<\/p>\n","protected":false},"author":10,"featured_media":0,"parent":0,"menu_order":0,"comment_status":"closed","ping_status":"closed","template":"","meta":{"_acf_changed":false,"footnotes":""},"class_list":["post-24319","page","type-page","status-publish","hentry"],"acf":[],"yoast_head":"<!-- This site is optimized with the Yoast SEO plugin v27.5 - https:\/\/yoast.com\/product\/yoast-seo-wordpress\/ -->\n<title>Try the CCR Course | Calero Diving Lanzarote<\/title>\n<meta name=\"robots\" content=\"index, follow, max-snippet:-1, max-image-preview:large, max-video-preview:-1\" \/>\n<link rel=\"canonical\" href=\"https:\/\/calerodiving.com\/try-the-ccr-tdi\/\" \/>\n<meta property=\"og:locale\" content=\"fr_FR\" \/>\n<meta property=\"og:type\" content=\"article\" \/>\n<meta property=\"og:title\" content=\"Try the CCR Course | Calero Diving Lanzarote\" \/>\n<meta property=\"og:description\" content=\"technique Try the CCR Course S\u00e9r\u00e9nit\u00e9 silencieuse : plongez dans l&rsquo;univers de la plong\u00e9e CCR Aper\u00e7u du programme : Vivez l&rsquo;extraordinaire avec l&rsquo;initiation \u00e0 la plong\u00e9e CCR, votre passerelle vers un royaume sous-marin silencieux et fascinant. Ce programme offre une introduction captivante aux recycleurs en circuit ferm\u00e9, vous permettant d&rsquo;explorer les profondeurs dans une tranquillit\u00e9 [&hellip;]\" \/>\n<meta property=\"og:url\" content=\"https:\/\/calerodiving.com\/try-the-ccr-tdi\/\" \/>\n<meta property=\"og:site_name\" content=\"Calero Diving Lanzarote\" \/>\n<meta property=\"article:publisher\" content=\"https:\/\/www.facebook.com\/calerodiving\/\" \/>\n<meta property=\"article:modified_time\" content=\"2025-09-09T14:55:26+00:00\" \/>\n<meta property=\"og:image\" content=\"https:\/\/calerodiving.com\/wp-content\/uploads\/2025\/08\/Try-the-CCR-course-tdi.png\" \/>\n\t<meta property=\"og:image:width\" content=\"700\" \/>\n\t<meta property=\"og:image:height\" content=\"445\" \/>\n\t<meta property=\"og:image:type\" content=\"image\/png\" \/>\n<meta name=\"twitter:card\" content=\"summary_large_image\" \/>\n<meta name=\"twitter:label1\" content=\"Dur\u00e9e de lecture estim\u00e9e\" \/>\n\t<meta name=\"twitter:data1\" content=\"2 minutes\" \/>\n<script type=\"application\/ld+json\" class=\"yoast-schema-graph\">{\"@context\":\"https:\\\/\\\/schema.org\",\"@graph\":[{\"@type\":\"WebPage\",\"@id\":\"https:\\\/\\\/calerodiving.com\\\/try-the-ccr-tdi\\\/\",\"url\":\"https:\\\/\\\/calerodiving.com\\\/try-the-ccr-tdi\\\/\",\"name\":\"Try the CCR Course | Calero Diving Lanzarote\",\"isPartOf\":{\"@id\":\"https:\\\/\\\/calerodiving.com\\\/#website\"},\"primaryImageOfPage\":{\"@id\":\"https:\\\/\\\/calerodiving.com\\\/try-the-ccr-tdi\\\/#primaryimage\"},\"image\":{\"@id\":\"https:\\\/\\\/calerodiving.com\\\/try-the-ccr-tdi\\\/#primaryimage\"},\"thumbnailUrl\":\"https:\\\/\\\/calerodiving.com\\\/wp-content\\\/uploads\\\/2025\\\/08\\\/Try-the-CCR-course-tdi.png\",\"datePublished\":\"2025-08-27T07:42:22+00:00\",\"dateModified\":\"2025-09-09T14:55:26+00:00\",\"breadcrumb\":{\"@id\":\"https:\\\/\\\/calerodiving.com\\\/try-the-ccr-tdi\\\/#breadcrumb\"},\"inLanguage\":\"fr-FR\",\"potentialAction\":[{\"@type\":\"ReadAction\",\"target\":[\"https:\\\/\\\/calerodiving.com\\\/try-the-ccr-tdi\\\/\"]}]},{\"@type\":\"ImageObject\",\"inLanguage\":\"fr-FR\",\"@id\":\"https:\\\/\\\/calerodiving.com\\\/try-the-ccr-tdi\\\/#primaryimage\",\"url\":\"https:\\\/\\\/calerodiving.com\\\/wp-content\\\/uploads\\\/2025\\\/08\\\/Try-the-CCR-course-tdi.png\",\"contentUrl\":\"https:\\\/\\\/calerodiving.com\\\/wp-content\\\/uploads\\\/2025\\\/08\\\/Try-the-CCR-course-tdi.png\"},{\"@type\":\"BreadcrumbList\",\"@id\":\"https:\\\/\\\/calerodiving.com\\\/try-the-ccr-tdi\\\/#breadcrumb\",\"itemListElement\":[{\"@type\":\"ListItem\",\"position\":1,\"name\":\"Home\",\"item\":\"https:\\\/\\\/calerodiving.com\\\/es\\\/\"},{\"@type\":\"ListItem\",\"position\":2,\"name\":\"Try the CCR Course\"}]},{\"@type\":\"WebSite\",\"@id\":\"https:\\\/\\\/calerodiving.com\\\/#website\",\"url\":\"https:\\\/\\\/calerodiving.com\\\/\",\"name\":\"Calero Diving Lanzarote\",\"description\":\"Dive Center - Marina Puerto Calero Lanzarote\",\"publisher\":{\"@id\":\"https:\\\/\\\/calerodiving.com\\\/#organization\"},\"alternateName\":\"Calero Diving\",\"potentialAction\":[{\"@type\":\"SearchAction\",\"target\":{\"@type\":\"EntryPoint\",\"urlTemplate\":\"https:\\\/\\\/calerodiving.com\\\/?s={search_term_string}\"},\"query-input\":{\"@type\":\"PropertyValueSpecification\",\"valueRequired\":true,\"valueName\":\"search_term_string\"}}],\"inLanguage\":\"fr-FR\"},{\"@type\":\"Organization\",\"@id\":\"https:\\\/\\\/calerodiving.com\\\/#organization\",\"name\":\"Calero Diving Lanzarote\",\"alternateName\":\"Calero Diving\",\"url\":\"https:\\\/\\\/calerodiving.com\\\/\",\"logo\":{\"@type\":\"ImageObject\",\"inLanguage\":\"fr-FR\",\"@id\":\"https:\\\/\\\/calerodiving.com\\\/#\\\/schema\\\/logo\\\/image\\\/\",\"url\":\"https:\\\/\\\/calerodiving.com\\\/wp-content\\\/uploads\\\/2025\\\/05\\\/Grupo.png\",\"contentUrl\":\"https:\\\/\\\/calerodiving.com\\\/wp-content\\\/uploads\\\/2025\\\/05\\\/Grupo.png\",\"width\":499,\"height\":590,\"caption\":\"Calero Diving Lanzarote\"},\"image\":{\"@id\":\"https:\\\/\\\/calerodiving.com\\\/#\\\/schema\\\/logo\\\/image\\\/\"},\"sameAs\":[\"https:\\\/\\\/www.facebook.com\\\/calerodiving\\\/\",\"https:\\\/\\\/www.instagram.com\\\/calerodiving\\\/\"]}]}<\/script>\n<!-- \/ Yoast SEO plugin. -->","yoast_head_json":{"title":"Try the CCR Course | Calero Diving Lanzarote","robots":{"index":"index","follow":"follow","max-snippet":"max-snippet:-1","max-image-preview":"max-image-preview:large","max-video-preview":"max-video-preview:-1"},"canonical":"https:\/\/calerodiving.com\/try-the-ccr-tdi\/","og_locale":"fr_FR","og_type":"article","og_title":"Try the CCR Course | Calero Diving Lanzarote","og_description":"technique Try the CCR Course S\u00e9r\u00e9nit\u00e9 silencieuse : plongez dans l&rsquo;univers de la plong\u00e9e CCR Aper\u00e7u du programme : Vivez l&rsquo;extraordinaire avec l&rsquo;initiation \u00e0 la plong\u00e9e CCR, votre passerelle vers un royaume sous-marin silencieux et fascinant. Ce programme offre une introduction captivante aux recycleurs en circuit ferm\u00e9, vous permettant d&rsquo;explorer les profondeurs dans une tranquillit\u00e9 [&hellip;]","og_url":"https:\/\/calerodiving.com\/try-the-ccr-tdi\/","og_site_name":"Calero Diving Lanzarote","article_publisher":"https:\/\/www.facebook.com\/calerodiving\/","article_modified_time":"2025-09-09T14:55:26+00:00","og_image":[{"width":700,"height":445,"url":"https:\/\/calerodiving.com\/wp-content\/uploads\/2025\/08\/Try-the-CCR-course-tdi.png","type":"image\/png"}],"twitter_card":"summary_large_image","twitter_misc":{"Dur\u00e9e de lecture estim\u00e9e":"2 minutes"},"schema":{"@context":"https:\/\/schema.org","@graph":[{"@type":"WebPage","@id":"https:\/\/calerodiving.com\/try-the-ccr-tdi\/","url":"https:\/\/calerodiving.com\/try-the-ccr-tdi\/","name":"Try the CCR Course | Calero Diving Lanzarote","isPartOf":{"@id":"https:\/\/calerodiving.com\/#website"},"primaryImageOfPage":{"@id":"https:\/\/calerodiving.com\/try-the-ccr-tdi\/#primaryimage"},"image":{"@id":"https:\/\/calerodiving.com\/try-the-ccr-tdi\/#primaryimage"},"thumbnailUrl":"https:\/\/calerodiving.com\/wp-content\/uploads\/2025\/08\/Try-the-CCR-course-tdi.png","datePublished":"2025-08-27T07:42:22+00:00","dateModified":"2025-09-09T14:55:26+00:00","breadcrumb":{"@id":"https:\/\/calerodiving.com\/try-the-ccr-tdi\/#breadcrumb"},"inLanguage":"fr-FR","potentialAction":[{"@type":"ReadAction","target":["https:\/\/calerodiving.com\/try-the-ccr-tdi\/"]}]},{"@type":"ImageObject","inLanguage":"fr-FR","@id":"https:\/\/calerodiving.com\/try-the-ccr-tdi\/#primaryimage","url":"https:\/\/calerodiving.com\/wp-content\/uploads\/2025\/08\/Try-the-CCR-course-tdi.png","contentUrl":"https:\/\/calerodiving.com\/wp-content\/uploads\/2025\/08\/Try-the-CCR-course-tdi.png"},{"@type":"BreadcrumbList","@id":"https:\/\/calerodiving.com\/try-the-ccr-tdi\/#breadcrumb","itemListElement":[{"@type":"ListItem","position":1,"name":"Home","item":"https:\/\/calerodiving.com\/es\/"},{"@type":"ListItem","position":2,"name":"Try the CCR Course"}]},{"@type":"WebSite","@id":"https:\/\/calerodiving.com\/#website","url":"https:\/\/calerodiving.com\/","name":"Calero Diving Lanzarote","description":"Dive Center - Marina Puerto Calero Lanzarote","publisher":{"@id":"https:\/\/calerodiving.com\/#organization"},"alternateName":"Calero Diving","potentialAction":[{"@type":"SearchAction","target":{"@type":"EntryPoint","urlTemplate":"https:\/\/calerodiving.com\/?s={search_term_string}"},"query-input":{"@type":"PropertyValueSpecification","valueRequired":true,"valueName":"search_term_string"}}],"inLanguage":"fr-FR"},{"@type":"Organization","@id":"https:\/\/calerodiving.com\/#organization","name":"Calero Diving Lanzarote","alternateName":"Calero Diving","url":"https:\/\/calerodiving.com\/","logo":{"@type":"ImageObject","inLanguage":"fr-FR","@id":"https:\/\/calerodiving.com\/#\/schema\/logo\/image\/","url":"https:\/\/calerodiving.com\/wp-content\/uploads\/2025\/05\/Grupo.png","contentUrl":"https:\/\/calerodiving.com\/wp-content\/uploads\/2025\/05\/Grupo.png","width":499,"height":590,"caption":"Calero Diving Lanzarote"},"image":{"@id":"https:\/\/calerodiving.com\/#\/schema\/logo\/image\/"},"sameAs":["https:\/\/www.facebook.com\/calerodiving\/","https:\/\/www.instagram.com\/calerodiving\/"]}]}},"_links":{"self":[{"href":"https:\/\/calerodiving.com\/fr\/wp-json\/wp\/v2\/pages\/24319","targetHints":{"allow":["GET"]}}],"collection":[{"href":"https:\/\/calerodiving.com\/fr\/wp-json\/wp\/v2\/pages"}],"about":[{"href":"https:\/\/calerodiving.com\/fr\/wp-json\/wp\/v2\/types\/page"}],"author":[{"embeddable":true,"href":"https:\/\/calerodiving.com\/fr\/wp-json\/wp\/v2\/users\/10"}],"replies":[{"embeddable":true,"href":"https:\/\/calerodiving.com\/fr\/wp-json\/wp\/v2\/comments?post=24319"}],"version-history":[{"count":6,"href":"https:\/\/calerodiving.com\/fr\/wp-json\/wp\/v2\/pages\/24319\/revisions"}],"predecessor-version":[{"id":25963,"href":"https:\/\/calerodiving.com\/fr\/wp-json\/wp\/v2\/pages\/24319\/revisions\/25963"}],"wp:attachment":[{"href":"https:\/\/calerodiving.com\/fr\/wp-json\/wp\/v2\/media?parent=24319"}],"curies":[{"name":"wp","href":"https:\/\/api.w.org\/{rel}","templated":true}]}}