{"id":24283,"date":"2025-08-27T08:41:46","date_gmt":"2025-08-27T07:41:46","guid":{"rendered":"https:\/\/calerodiving.com\/pack-stress-et-sauvetage-en-plongee-react-right\/"},"modified":"2026-04-20T11:07:28","modified_gmt":"2026-04-20T10:07:28","slug":"combo-diver-stress-and-rescue-react-right","status":"publish","type":"page","link":"https:\/\/calerodiving.com\/fr\/combo-diver-stress-and-rescue-react-right\/","title":{"rendered":"Combo Diver Stress and Rescue + React Right"},"content":{"rendered":"\t\t<div data-elementor-type=\"wp-page\" data-elementor-id=\"24283\" class=\"elementor elementor-24283 elementor-23268\" data-elementor-post-type=\"page\">\n\t\t\t\t<div class=\"elementor-element elementor-element-fac2133 e-flex e-con-boxed e-con e-parent\" data-id=\"fac2133\" data-element_type=\"container\" data-e-type=\"container\">\n\t\t\t\t\t<div class=\"e-con-inner\">\n\t\t<div class=\"elementor-element elementor-element-fa6356c e-con-full e-flex e-con e-child\" data-id=\"fa6356c\" data-element_type=\"container\" data-e-type=\"container\">\n\t\t\t\t<div class=\"elementor-element elementor-element-8c6c791 elementor-widget elementor-widget-image\" data-id=\"8c6c791\" data-element_type=\"widget\" data-e-type=\"widget\" data-widget_type=\"image.default\">\n\t\t\t\t<div class=\"elementor-widget-container\">\n\t\t\t\t\t\t\t\t\t\t\t\t\t\t\t<img fetchpriority=\"high\" decoding=\"async\" width=\"800\" height=\"533\" src=\"https:\/\/calerodiving.com\/wp-content\/uploads\/2025\/06\/401002642_359009419825747_5638747193618793038_n-1030x686.jpg\" class=\"attachment-large size-large wp-image-19199\" alt=\"\" srcset=\"https:\/\/calerodiving.com\/wp-content\/uploads\/2025\/06\/401002642_359009419825747_5638747193618793038_n-1030x686.jpg 1030w, https:\/\/calerodiving.com\/wp-content\/uploads\/2025\/06\/401002642_359009419825747_5638747193618793038_n-300x200.jpg 300w, https:\/\/calerodiving.com\/wp-content\/uploads\/2025\/06\/401002642_359009419825747_5638747193618793038_n-768x512.jpg 768w, https:\/\/calerodiving.com\/wp-content\/uploads\/2025\/06\/401002642_359009419825747_5638747193618793038_n-1536x1024.jpg 1536w, https:\/\/calerodiving.com\/wp-content\/uploads\/2025\/06\/401002642_359009419825747_5638747193618793038_n.jpg 2048w\" sizes=\"(max-width: 800px) 100vw, 800px\" \/>\t\t\t\t\t\t\t\t\t\t\t\t\t\t\t<\/div>\n\t\t\t\t<\/div>\n\t\t\t\t<\/div>\n\t\t<div class=\"elementor-element elementor-element-87c84de e-con-full e-flex e-con e-child\" data-id=\"87c84de\" data-element_type=\"container\" data-e-type=\"container\">\n\t\t<div class=\"elementor-element elementor-element-a0b31f5 e-con-full e-flex e-con e-child\" data-id=\"a0b31f5\" data-element_type=\"container\" data-e-type=\"container\">\n\t\t\t\t<div class=\"elementor-element elementor-element-e0491d8 elementor-widget elementor-widget-html\" data-id=\"e0491d8\" data-element_type=\"widget\" data-e-type=\"widget\" data-widget_type=\"html.default\">\n\t\t\t\t<div class=\"elementor-widget-container\">\n\t\t\t\t\t<a href=\"https:\/\/calerodiving.com\/fr\/?page_id=24218#specialties\" class=\"tag-button\">sp\u00e9cialit\u00e9s<\/a>\n\t\t\t\t<\/div>\n\t\t\t\t<\/div>\n\t\t\t\t<div class=\"elementor-element elementor-element-0749148 elementor-widget elementor-widget-heading\" data-id=\"0749148\" data-element_type=\"widget\" data-e-type=\"widget\" data-widget_type=\"heading.default\">\n\t\t\t\t<div class=\"elementor-widget-container\">\n\t\t\t\t\t<h2 class=\"elementor-heading-title elementor-size-default\">Combo Diver Stress and Rescue + React Right<\/h2>\t\t\t\t<\/div>\n\t\t\t\t<\/div>\n\t\t\t\t<\/div>\n\t\t\t\t<\/div>\n\t\t\t\t\t<\/div>\n\t\t\t\t<\/div>\n\t\t<div class=\"elementor-element elementor-element-02808b5 e-flex e-con-boxed e-con e-parent\" data-id=\"02808b5\" data-element_type=\"container\" data-e-type=\"container\">\n\t\t\t\t\t<div class=\"e-con-inner\">\n\t\t<div class=\"elementor-element elementor-element-0a4b4f4 e-con-full e-flex e-con e-child\" data-id=\"0a4b4f4\" data-element_type=\"container\" data-e-type=\"container\">\n\t\t<div class=\"elementor-element elementor-element-e8e4afc e-con-full e-flex e-con e-child\" data-id=\"e8e4afc\" data-element_type=\"container\" data-e-type=\"container\">\n\t\t\t\t<div class=\"elementor-element elementor-element-8fd003d elementor-widget elementor-widget-text-editor\" data-id=\"8fd003d\" data-element_type=\"widget\" data-e-type=\"widget\" data-widget_type=\"text-editor.default\">\n\t\t\t\t<div class=\"elementor-widget-container\">\n\t\t\t\t\t\t\t\t\t<div class=\"section-list\">\n<h3>Aper\u00e7u du programme :<\/h3>\n<p>Ce pack complet combine React Right et Diver Stress and Rescue, en t\u2019apportant \u00e0 la fois les bases de la r\u00e9ponse aux urgences et les comp\u00e9tences de sauvetage dans l\u2019eau que tout plongeur s\u00e9rieux devrait poss\u00e9der.<\/p>\n<p>Ce combo est l\u2019un des packs de formation les plus pr\u00e9cieux qu\u2019un plongeur loisir puisse suivre. Il t\u2019aide \u00e0 reconna\u00eetre le stress \u00e0 temps, \u00e0 pr\u00e9venir les incidents avant qu\u2019ils ne s\u2019aggravent et \u00e0 r\u00e9agir plus efficacement dans l\u2019eau comme hors de l\u2019eau.<\/p>\n<p>React Right t\u2019apporte des comp\u00e9tences pratiques de prise en charge d\u2019urgence comme l\u2019\u00e9valuation primaire, les premiers secours, la RCP, l\u2019administration d\u2019oxyg\u00e8ne et l\u2019utilisation d\u2019un DAE.<\/p>\n<p>Diver Stress and Rescue s\u2019appuie ensuite sur cette base et t\u2019apprend \u00e0 reconna\u00eetre le stress chez le plongeur, \u00e0 emp\u00eacher qu\u2019un probl\u00e8me ne s\u2019aggrave et \u00e0 r\u00e9agir plus efficacement si une situation se d\u00e9veloppe pour toi ou ton bin\u00f4me.<\/p>\n<p>Ensemble, ces deux certifications font de toi un plongeur mieux pr\u00e9par\u00e9, plus attentif et plus utile \u2014 et elles constituent \u00e9galement une \u00e9tape importante vers des formations compl\u00e9mentaires comme SSI Dive Guide et Divemaster.<\/p>\n<h3>Standards de formation<\/h3>\n<ul>\n<li>Dur\u00e9e : 4\u20135 jours<\/li>\n<li>Comprend : 1 jour de React Right, 3\u20134 jours de Diver Stress and Rescue, supports num\u00e9riques et certifications SSI React Right + SSI Diver Stress and Rescue<\/li>\n<\/ul>\n<h3>Conditions requises<\/h3>\n<ul>\n<li>Avoir au moins 12 ans et une certification SSI Open Water Diver ou \u00e9quivalente<\/li>\n<\/ul>\n<h3>Non inclus<\/h3>\n<ul>\n<li>Location d\u2019\u00e9quipement et assurance plong\u00e9e<\/li>\n<\/ul>\n<h3>Autres cours susceptibles de t\u2019int\u00e9resser<\/h3>\n<ul>\n<li>Dive Guide<\/li>\n<li>Divemaster<\/li>\n<li>Independent Diving<\/li>\n<\/ul>\n<\/div>\t\t\t\t\t\t\t\t<\/div>\n\t\t\t\t<\/div>\n\t\t\t\t<\/div>\n\t\t\t\t<\/div>\n\t\t<div class=\"elementor-element elementor-element-904d205 e-con-full e-flex e-con e-child\" data-id=\"904d205\" data-element_type=\"container\" data-e-type=\"container\">\n\t\t<div class=\"elementor-element elementor-element-141f4e1 e-con-full course-sidebar-box e-flex e-con e-child\" data-id=\"141f4e1\" data-element_type=\"container\" data-e-type=\"container\" data-settings=\"{&quot;sticky&quot;:&quot;top&quot;,&quot;sticky_offset&quot;:110,&quot;sticky_effects_offset&quot;:130,&quot;sticky_parent&quot;:&quot;yes&quot;,&quot;sticky_on&quot;:[&quot;desktop&quot;,&quot;tablet&quot;,&quot;mobile&quot;],&quot;sticky_anchor_link_offset&quot;:0}\">\n\t\t\t\t<div class=\"elementor-element elementor-element-4244f58 elementor-widget elementor-widget-text-editor\" data-id=\"4244f58\" data-element_type=\"widget\" data-e-type=\"widget\" data-widget_type=\"text-editor.default\">\n\t\t\t\t<div class=\"elementor-widget-container\">\n\t\t\t\t\t\t\t\t\t<div class=\"courses-info\"><h6 class=\"no-margin\">Dur\u00e9e :<\/h6><p class=\"no-margin\">4 &#8211; 5\u00a0 jours<\/p><\/div><div class=\"courses-info\"><h6 class=\"no-margin\">Prix :<\/h6><p class=\"no-margin\">\u00c0 partir de 475 \u20ac<\/p><\/div>\t\t\t\t\t\t\t\t<\/div>\n\t\t\t\t<\/div>\n\t\t\t\t<div class=\"elementor-element elementor-element-5c3c1c1 elementor-mobile-align-center elementor-widget elementor-widget-button\" data-id=\"5c3c1c1\" data-element_type=\"widget\" data-e-type=\"widget\" data-widget_type=\"button.default\">\n\t\t\t\t<div class=\"elementor-widget-container\">\n\t\t\t\t\t\t\t\t\t<div class=\"elementor-button-wrapper\">\n\t\t\t\t\t<a class=\"elementor-button elementor-button-link elementor-size-sm\" href=\"https:\/\/app.bukyapp.com\/front\/6213b2319a1bbf005fa0b870\/product\/689c7f4f00fa4e8e657ea364?lang=fr\" target=\"_blank\">\n\t\t\t\t\t\t<span class=\"elementor-button-content-wrapper\">\n\t\t\t\t\t\t\t\t\t<span class=\"elementor-button-text\">R\u00e9server le cours<\/span>\n\t\t\t\t\t<\/span>\n\t\t\t\t\t<\/a>\n\t\t\t\t<\/div>\n\t\t\t\t\t\t\t\t<\/div>\n\t\t\t\t<\/div>\n\t\t\t\t<\/div>\n\t\t\t\t<\/div>\n\t\t\t\t\t<\/div>\n\t\t\t\t<\/div>\n\t\t\t\t<\/div>\n\t\t","protected":false},"excerpt":{"rendered":"<p>sp\u00e9cialit\u00e9s Combo Diver Stress and Rescue + React Right Aper\u00e7u du programme : Ce pack complet combine React Right et Diver Stress and Rescue, en t\u2019apportant \u00e0 la fois les bases de la r\u00e9ponse aux urgences et les comp\u00e9tences de sauvetage dans l\u2019eau que tout plongeur s\u00e9rieux devrait poss\u00e9der. Ce combo est l\u2019un des packs [&hellip;]<\/p>\n","protected":false},"author":10,"featured_media":0,"parent":0,"menu_order":0,"comment_status":"closed","ping_status":"closed","template":"","meta":{"_acf_changed":false,"footnotes":""},"class_list":["post-24283","page","type-page","status-publish","hentry"],"acf":[],"yoast_head":"<!-- This site is optimized with the Yoast SEO plugin v27.5 - https:\/\/yoast.com\/product\/yoast-seo-wordpress\/ -->\n<title>Combo Diver Stress and Rescue + React Right | Calero Diving Lanzarote<\/title>\n<meta name=\"robots\" content=\"index, follow, max-snippet:-1, max-image-preview:large, max-video-preview:-1\" \/>\n<link rel=\"canonical\" href=\"https:\/\/calerodiving.com\/combo-diver-stress-and-rescue-react-right\/\" \/>\n<meta property=\"og:locale\" content=\"fr_FR\" \/>\n<meta property=\"og:type\" content=\"article\" \/>\n<meta property=\"og:title\" content=\"Combo Diver Stress and Rescue + React Right | Calero Diving Lanzarote\" \/>\n<meta property=\"og:description\" content=\"sp\u00e9cialit\u00e9s Combo Diver Stress and Rescue + React Right Aper\u00e7u du programme : Ce pack complet combine React Right et Diver Stress and Rescue, en t\u2019apportant \u00e0 la fois les bases de la r\u00e9ponse aux urgences et les comp\u00e9tences de sauvetage dans l\u2019eau que tout plongeur s\u00e9rieux devrait poss\u00e9der. Ce combo est l\u2019un des packs [&hellip;]\" \/>\n<meta property=\"og:url\" content=\"https:\/\/calerodiving.com\/combo-diver-stress-and-rescue-react-right\/\" \/>\n<meta property=\"og:site_name\" content=\"Calero Diving Lanzarote\" \/>\n<meta property=\"article:publisher\" content=\"https:\/\/www.facebook.com\/calerodiving\/\" \/>\n<meta property=\"article:modified_time\" content=\"2026-04-20T10:07:28+00:00\" \/>\n<meta property=\"og:image\" content=\"https:\/\/calerodiving.com\/wp-content\/uploads\/2025\/06\/401002642_359009419825747_5638747193618793038_n.jpg\" \/>\n\t<meta property=\"og:image:width\" content=\"2048\" \/>\n\t<meta property=\"og:image:height\" content=\"1365\" \/>\n\t<meta property=\"og:image:type\" content=\"image\/jpeg\" \/>\n<meta name=\"twitter:card\" content=\"summary_large_image\" \/>\n<meta name=\"twitter:label1\" content=\"Dur\u00e9e de lecture estim\u00e9e\" \/>\n\t<meta name=\"twitter:data1\" content=\"2 minutes\" \/>\n<script type=\"application\/ld+json\" class=\"yoast-schema-graph\">{\"@context\":\"https:\\\/\\\/schema.org\",\"@graph\":[{\"@type\":\"WebPage\",\"@id\":\"https:\\\/\\\/calerodiving.com\\\/combo-diver-stress-and-rescue-react-right\\\/\",\"url\":\"https:\\\/\\\/calerodiving.com\\\/combo-diver-stress-and-rescue-react-right\\\/\",\"name\":\"Combo Diver Stress and Rescue + React Right | Calero Diving Lanzarote\",\"isPartOf\":{\"@id\":\"https:\\\/\\\/calerodiving.com\\\/#website\"},\"primaryImageOfPage\":{\"@id\":\"https:\\\/\\\/calerodiving.com\\\/combo-diver-stress-and-rescue-react-right\\\/#primaryimage\"},\"image\":{\"@id\":\"https:\\\/\\\/calerodiving.com\\\/combo-diver-stress-and-rescue-react-right\\\/#primaryimage\"},\"thumbnailUrl\":\"https:\\\/\\\/calerodiving.com\\\/wp-content\\\/uploads\\\/2025\\\/06\\\/401002642_359009419825747_5638747193618793038_n-1030x686.jpg\",\"datePublished\":\"2025-08-27T07:41:46+00:00\",\"dateModified\":\"2026-04-20T10:07:28+00:00\",\"breadcrumb\":{\"@id\":\"https:\\\/\\\/calerodiving.com\\\/combo-diver-stress-and-rescue-react-right\\\/#breadcrumb\"},\"inLanguage\":\"fr-FR\",\"potentialAction\":[{\"@type\":\"ReadAction\",\"target\":[\"https:\\\/\\\/calerodiving.com\\\/combo-diver-stress-and-rescue-react-right\\\/\"]}]},{\"@type\":\"ImageObject\",\"inLanguage\":\"fr-FR\",\"@id\":\"https:\\\/\\\/calerodiving.com\\\/combo-diver-stress-and-rescue-react-right\\\/#primaryimage\",\"url\":\"https:\\\/\\\/calerodiving.com\\\/wp-content\\\/uploads\\\/2025\\\/06\\\/401002642_359009419825747_5638747193618793038_n-1030x686.jpg\",\"contentUrl\":\"https:\\\/\\\/calerodiving.com\\\/wp-content\\\/uploads\\\/2025\\\/06\\\/401002642_359009419825747_5638747193618793038_n-1030x686.jpg\"},{\"@type\":\"BreadcrumbList\",\"@id\":\"https:\\\/\\\/calerodiving.com\\\/combo-diver-stress-and-rescue-react-right\\\/#breadcrumb\",\"itemListElement\":[{\"@type\":\"ListItem\",\"position\":1,\"name\":\"Home\",\"item\":\"https:\\\/\\\/calerodiving.com\\\/es\\\/\"},{\"@type\":\"ListItem\",\"position\":2,\"name\":\"Combo Diver Stress and Rescue + React Right\"}]},{\"@type\":\"WebSite\",\"@id\":\"https:\\\/\\\/calerodiving.com\\\/#website\",\"url\":\"https:\\\/\\\/calerodiving.com\\\/\",\"name\":\"Calero Diving Lanzarote\",\"description\":\"Dive Center - Marina Puerto Calero Lanzarote\",\"publisher\":{\"@id\":\"https:\\\/\\\/calerodiving.com\\\/#organization\"},\"alternateName\":\"Calero Diving\",\"potentialAction\":[{\"@type\":\"SearchAction\",\"target\":{\"@type\":\"EntryPoint\",\"urlTemplate\":\"https:\\\/\\\/calerodiving.com\\\/?s={search_term_string}\"},\"query-input\":{\"@type\":\"PropertyValueSpecification\",\"valueRequired\":true,\"valueName\":\"search_term_string\"}}],\"inLanguage\":\"fr-FR\"},{\"@type\":\"Organization\",\"@id\":\"https:\\\/\\\/calerodiving.com\\\/#organization\",\"name\":\"Calero Diving Lanzarote\",\"alternateName\":\"Calero Diving\",\"url\":\"https:\\\/\\\/calerodiving.com\\\/\",\"logo\":{\"@type\":\"ImageObject\",\"inLanguage\":\"fr-FR\",\"@id\":\"https:\\\/\\\/calerodiving.com\\\/#\\\/schema\\\/logo\\\/image\\\/\",\"url\":\"https:\\\/\\\/calerodiving.com\\\/wp-content\\\/uploads\\\/2025\\\/05\\\/Grupo.png\",\"contentUrl\":\"https:\\\/\\\/calerodiving.com\\\/wp-content\\\/uploads\\\/2025\\\/05\\\/Grupo.png\",\"width\":499,\"height\":590,\"caption\":\"Calero Diving Lanzarote\"},\"image\":{\"@id\":\"https:\\\/\\\/calerodiving.com\\\/#\\\/schema\\\/logo\\\/image\\\/\"},\"sameAs\":[\"https:\\\/\\\/www.facebook.com\\\/calerodiving\\\/\",\"https:\\\/\\\/www.instagram.com\\\/calerodiving\\\/\"]}]}<\/script>\n<!-- \/ Yoast SEO plugin. -->","yoast_head_json":{"title":"Combo Diver Stress and Rescue + React Right | Calero Diving Lanzarote","robots":{"index":"index","follow":"follow","max-snippet":"max-snippet:-1","max-image-preview":"max-image-preview:large","max-video-preview":"max-video-preview:-1"},"canonical":"https:\/\/calerodiving.com\/combo-diver-stress-and-rescue-react-right\/","og_locale":"fr_FR","og_type":"article","og_title":"Combo Diver Stress and Rescue + React Right | Calero Diving Lanzarote","og_description":"sp\u00e9cialit\u00e9s Combo Diver Stress and Rescue + React Right Aper\u00e7u du programme : Ce pack complet combine React Right et Diver Stress and Rescue, en t\u2019apportant \u00e0 la fois les bases de la r\u00e9ponse aux urgences et les comp\u00e9tences de sauvetage dans l\u2019eau que tout plongeur s\u00e9rieux devrait poss\u00e9der. Ce combo est l\u2019un des packs [&hellip;]","og_url":"https:\/\/calerodiving.com\/combo-diver-stress-and-rescue-react-right\/","og_site_name":"Calero Diving Lanzarote","article_publisher":"https:\/\/www.facebook.com\/calerodiving\/","article_modified_time":"2026-04-20T10:07:28+00:00","og_image":[{"width":2048,"height":1365,"url":"https:\/\/calerodiving.com\/wp-content\/uploads\/2025\/06\/401002642_359009419825747_5638747193618793038_n.jpg","type":"image\/jpeg"}],"twitter_card":"summary_large_image","twitter_misc":{"Dur\u00e9e de lecture estim\u00e9e":"2 minutes"},"schema":{"@context":"https:\/\/schema.org","@graph":[{"@type":"WebPage","@id":"https:\/\/calerodiving.com\/combo-diver-stress-and-rescue-react-right\/","url":"https:\/\/calerodiving.com\/combo-diver-stress-and-rescue-react-right\/","name":"Combo Diver Stress and Rescue + React Right | Calero Diving Lanzarote","isPartOf":{"@id":"https:\/\/calerodiving.com\/#website"},"primaryImageOfPage":{"@id":"https:\/\/calerodiving.com\/combo-diver-stress-and-rescue-react-right\/#primaryimage"},"image":{"@id":"https:\/\/calerodiving.com\/combo-diver-stress-and-rescue-react-right\/#primaryimage"},"thumbnailUrl":"https:\/\/calerodiving.com\/wp-content\/uploads\/2025\/06\/401002642_359009419825747_5638747193618793038_n-1030x686.jpg","datePublished":"2025-08-27T07:41:46+00:00","dateModified":"2026-04-20T10:07:28+00:00","breadcrumb":{"@id":"https:\/\/calerodiving.com\/combo-diver-stress-and-rescue-react-right\/#breadcrumb"},"inLanguage":"fr-FR","potentialAction":[{"@type":"ReadAction","target":["https:\/\/calerodiving.com\/combo-diver-stress-and-rescue-react-right\/"]}]},{"@type":"ImageObject","inLanguage":"fr-FR","@id":"https:\/\/calerodiving.com\/combo-diver-stress-and-rescue-react-right\/#primaryimage","url":"https:\/\/calerodiving.com\/wp-content\/uploads\/2025\/06\/401002642_359009419825747_5638747193618793038_n-1030x686.jpg","contentUrl":"https:\/\/calerodiving.com\/wp-content\/uploads\/2025\/06\/401002642_359009419825747_5638747193618793038_n-1030x686.jpg"},{"@type":"BreadcrumbList","@id":"https:\/\/calerodiving.com\/combo-diver-stress-and-rescue-react-right\/#breadcrumb","itemListElement":[{"@type":"ListItem","position":1,"name":"Home","item":"https:\/\/calerodiving.com\/es\/"},{"@type":"ListItem","position":2,"name":"Combo Diver Stress and Rescue + React Right"}]},{"@type":"WebSite","@id":"https:\/\/calerodiving.com\/#website","url":"https:\/\/calerodiving.com\/","name":"Calero Diving Lanzarote","description":"Dive Center - Marina Puerto Calero Lanzarote","publisher":{"@id":"https:\/\/calerodiving.com\/#organization"},"alternateName":"Calero Diving","potentialAction":[{"@type":"SearchAction","target":{"@type":"EntryPoint","urlTemplate":"https:\/\/calerodiving.com\/?s={search_term_string}"},"query-input":{"@type":"PropertyValueSpecification","valueRequired":true,"valueName":"search_term_string"}}],"inLanguage":"fr-FR"},{"@type":"Organization","@id":"https:\/\/calerodiving.com\/#organization","name":"Calero Diving Lanzarote","alternateName":"Calero Diving","url":"https:\/\/calerodiving.com\/","logo":{"@type":"ImageObject","inLanguage":"fr-FR","@id":"https:\/\/calerodiving.com\/#\/schema\/logo\/image\/","url":"https:\/\/calerodiving.com\/wp-content\/uploads\/2025\/05\/Grupo.png","contentUrl":"https:\/\/calerodiving.com\/wp-content\/uploads\/2025\/05\/Grupo.png","width":499,"height":590,"caption":"Calero Diving Lanzarote"},"image":{"@id":"https:\/\/calerodiving.com\/#\/schema\/logo\/image\/"},"sameAs":["https:\/\/www.facebook.com\/calerodiving\/","https:\/\/www.instagram.com\/calerodiving\/"]}]}},"_links":{"self":[{"href":"https:\/\/calerodiving.com\/fr\/wp-json\/wp\/v2\/pages\/24283","targetHints":{"allow":["GET"]}}],"collection":[{"href":"https:\/\/calerodiving.com\/fr\/wp-json\/wp\/v2\/pages"}],"about":[{"href":"https:\/\/calerodiving.com\/fr\/wp-json\/wp\/v2\/types\/page"}],"author":[{"embeddable":true,"href":"https:\/\/calerodiving.com\/fr\/wp-json\/wp\/v2\/users\/10"}],"replies":[{"embeddable":true,"href":"https:\/\/calerodiving.com\/fr\/wp-json\/wp\/v2\/comments?post=24283"}],"version-history":[{"count":14,"href":"https:\/\/calerodiving.com\/fr\/wp-json\/wp\/v2\/pages\/24283\/revisions"}],"predecessor-version":[{"id":27999,"href":"https:\/\/calerodiving.com\/fr\/wp-json\/wp\/v2\/pages\/24283\/revisions\/27999"}],"wp:attachment":[{"href":"https:\/\/calerodiving.com\/fr\/wp-json\/wp\/v2\/media?parent=24283"}],"curies":[{"name":"wp","href":"https:\/\/api.w.org\/{rel}","templated":true}]}}