{"id":29162,"date":"2026-04-24T07:57:38","date_gmt":"2026-04-24T06:57:38","guid":{"rendered":"https:\/\/calerodiving.com\/?page_id=29162"},"modified":"2026-04-24T08:33:43","modified_gmt":"2026-04-24T07:33:43","slug":"advanced-wreck-diving-1","status":"publish","type":"page","link":"https:\/\/calerodiving.com\/es\/advanced-wreck-diving-1\/","title":{"rendered":"Advanced Wreck Diving"},"content":{"rendered":"\t\t<div data-elementor-type=\"wp-page\" data-elementor-id=\"29162\" class=\"elementor elementor-29162\" data-elementor-post-type=\"page\">\n\t\t\t\t<div class=\"elementor-element elementor-element-3be2401 e-flex e-con-boxed e-con e-parent\" data-id=\"3be2401\" data-element_type=\"container\" data-e-type=\"container\">\n\t\t\t\t\t<div class=\"e-con-inner\">\n\t\t<div class=\"elementor-element elementor-element-ac05a8d e-con-full e-flex e-con e-child\" data-id=\"ac05a8d\" data-element_type=\"container\" data-e-type=\"container\">\n\t\t\t\t<div class=\"elementor-element elementor-element-c13a6c9 elementor-widget elementor-widget-image\" data-id=\"c13a6c9\" data-element_type=\"widget\" data-e-type=\"widget\" data-widget_type=\"image.default\">\n\t\t\t\t<div class=\"elementor-widget-container\">\n\t\t\t\t\t\t\t\t\t\t\t\t\t\t\t<img fetchpriority=\"high\" decoding=\"async\" width=\"690\" height=\"438\" src=\"https:\/\/calerodiving.com\/wp-content\/uploads\/2026\/04\/Advanced-Wreck-Diving_lanzarote_calero.jpg\" class=\"attachment-large size-large wp-image-29165\" alt=\"\" srcset=\"https:\/\/calerodiving.com\/wp-content\/uploads\/2026\/04\/Advanced-Wreck-Diving_lanzarote_calero.jpg 690w, https:\/\/calerodiving.com\/wp-content\/uploads\/2026\/04\/Advanced-Wreck-Diving_lanzarote_calero-300x190.jpg 300w\" sizes=\"(max-width: 690px) 100vw, 690px\" \/>\t\t\t\t\t\t\t\t\t\t\t\t\t\t\t<\/div>\n\t\t\t\t<\/div>\n\t\t\t\t<\/div>\n\t\t<div class=\"elementor-element elementor-element-157b33f e-con-full e-flex e-con e-child\" data-id=\"157b33f\" data-element_type=\"container\" data-e-type=\"container\">\n\t\t<div class=\"elementor-element elementor-element-d6cc48f e-con-full e-flex e-con e-child\" data-id=\"d6cc48f\" data-element_type=\"container\" data-e-type=\"container\">\n\t\t\t\t<div class=\"elementor-element elementor-element-c9bd462 elementor-widget elementor-widget-html\" data-id=\"c9bd462\" data-element_type=\"widget\" data-e-type=\"widget\" data-widget_type=\"html.default\">\n\t\t\t\t<div class=\"elementor-widget-container\">\n\t\t\t\t\t<a href=\"\/recreational-diving-courses\/#recreational\" class=\"tag-button\">recreational<\/a>\n\t\t\t\t<\/div>\n\t\t\t\t<\/div>\n\t\t\t\t<div class=\"elementor-element elementor-element-03d5541 elementor-widget elementor-widget-heading\" data-id=\"03d5541\" data-element_type=\"widget\" data-e-type=\"widget\" data-widget_type=\"heading.default\">\n\t\t\t\t<div class=\"elementor-widget-container\">\n\t\t\t\t\t<h2 class=\"elementor-heading-title elementor-size-default\">Advanced Wreck Diving<\/h2>\t\t\t\t<\/div>\n\t\t\t\t<\/div>\n\t\t\t\t<\/div>\n\t\t\t\t<\/div>\n\t\t\t\t\t<\/div>\n\t\t\t\t<\/div>\n\t\t<div class=\"elementor-element elementor-element-3755977 e-flex e-con-boxed e-con e-parent\" data-id=\"3755977\" data-element_type=\"container\" data-e-type=\"container\">\n\t\t\t\t\t<div class=\"e-con-inner\">\n\t\t<div class=\"elementor-element elementor-element-c22980e e-con-full e-flex e-con e-child\" data-id=\"c22980e\" data-element_type=\"container\" data-e-type=\"container\">\n\t\t<div class=\"elementor-element elementor-element-9fb93dc e-con-full e-flex e-con e-child\" data-id=\"9fb93dc\" data-element_type=\"container\" data-e-type=\"container\">\n\t\t\t\t<div class=\"elementor-element elementor-element-54f82d1 elementor-widget elementor-widget-heading\" data-id=\"54f82d1\" data-element_type=\"widget\" data-e-type=\"widget\" data-widget_type=\"heading.default\">\n\t\t\t\t<div class=\"elementor-widget-container\">\n\t\t\t\t\t<h2 class=\"elementor-heading-title elementor-size-default\">Explora pecios con confianza y control.<\/h2>\t\t\t\t<\/div>\n\t\t\t\t<\/div>\n\t\t\t\t<div class=\"elementor-element elementor-element-b163460 elementor-widget elementor-widget-text-editor\" data-id=\"b163460\" data-element_type=\"widget\" data-e-type=\"widget\" data-widget_type=\"text-editor.default\">\n\t\t\t\t<div class=\"elementor-widget-container\">\n\t\t\t\t\t\t\t\t\t<div class=\"section-list\"><h3>Advanced Wreck Diving<\/h3><p>Ve m\u00e1s all\u00e1 del buceo b\u00e1sico en pecios y explora entornos de pecios m\u00e1s avanzados con mayor control y confianza.<\/p><p><span style=\"font-family: -apple-system, BlinkMacSystemFont, 'SF Pro Display', 'Helvetica Neue', sans-serif;\">La especialidad SSI Advanced Wreck Diving est\u00e1 pensada para buceadores que ya disfrutan del buceo en pecios y quieren desarrollar un mayor nivel de confianza, precisi\u00f3n y atenci\u00f3n en entornos de pecios m\u00e1s avanzados.<\/span><\/p><p><span style=\"font-family: -apple-system, BlinkMacSystemFont, 'SF Pro Display', 'Helvetica Neue', sans-serif;\">Los pecios son algunos de los puntos de inmersi\u00f3n m\u00e1s fascinantes del oc\u00e9ano, pero tambi\u00e9n requieren un enfoque m\u00e1s disciplinado. La estructura, la profundidad, la orientaci\u00f3n, la visibilidad y las consideraciones de entorno cerrado hacen que el buceo avanzado en pecios sea una especialidad en la que la formaci\u00f3n, el control y la toma de decisiones son realmente importantes.<\/span><\/p><h3>Gana m\u00e1s confianza alrededor de estructuras de pecios m\u00e1s complejas<\/h3><p><span style=\"font-family: -apple-system, BlinkMacSystemFont, 'SF Pro Display', 'Helvetica Neue', sans-serif;\">Este curso es ideal para buceadores que quieren ir m\u00e1s all\u00e1 de simplemente visitar el exterior de un pecio y desarrollar las habilidades necesarias para afrontar escenarios de pecios m\u00e1s avanzados de una forma m\u00e1s segura, m\u00e1s controlada y m\u00e1s consciente.<\/span><\/p><p><span style=\"font-family: -apple-system, BlinkMacSystemFont, 'SF Pro Display', 'Helvetica Neue', sans-serif;\">A lo largo de varios d\u00edas de formaci\u00f3n, mejorar\u00e1s tu criterio sobre el uso de l\u00edneas, la navegaci\u00f3n, la comunicaci\u00f3n en equipo, la configuraci\u00f3n del equipo y la forma de moverte alrededor de estructuras de pecios con m\u00e1s confianza y precisi\u00f3n.<\/span><\/p><h3>\u00bfQu\u00e9 aprender\u00e1s?<\/h3><ul><li>Planificaci\u00f3n espec\u00edfica para pecios<\/li><li>Identificaci\u00f3n de riesgos y gesti\u00f3n del peligro<\/li><li>Navegaci\u00f3n alrededor y dentro de estructuras de pecios<\/li><li>Manejo de l\u00edneas y procedimientos con carrete<\/li><li>Posicionamiento y comunicaci\u00f3n en equipo<\/li><li>Flotabilidad, trimado y t\u00e9cnicas de aleteo en entornos de pecios<\/li><li>Movimiento seguro en entornos tipo overhead<\/li><li>Toma de decisiones responsable y respeto de los l\u00edmites personales<\/li><\/ul><h3>Nota importante<\/h3><p><span style=\"font-family: -apple-system, BlinkMacSystemFont, 'SF Pro Display', 'Helvetica Neue', sans-serif;\">Este curso est\u00e1 dise\u00f1ado para desarrollar tus habilidades de buceo en pecios hacia un nivel m\u00e1s avanzado, pero toda la formaci\u00f3n debe mantenerse siempre dentro de los est\u00e1ndares y l\u00edmites de la certificaci\u00f3n impartida.<\/span><\/p><h3>Informaci\u00f3n del curso<\/h3><ul><li>Duraci\u00f3n: 3\u20134 d\u00edas<\/li><li>Incluye: 1 sesi\u00f3n en seco en tierra, 4 inmersiones en aguas abiertas, materiales digitales y certificaci\u00f3n SSI Advanced Wreck Diving<\/li><li>Requisitos: certificaci\u00f3n Wreck Diving o experiencia equivalente, adem\u00e1s de un nivel de experiencia adecuado para formaci\u00f3n avanzada<\/li><li>No incluido: seguro de buceo, alquiler del equipo y cualquier equipo espec\u00edfico de la especialidad que no est\u00e9 expresamente incluido<\/li><\/ul><h3>Otros cursos que podr\u00edan interesarte<\/h3><ul><li>Perfect Buoyancy<\/li><li>Recreational Sidemount Diving<\/li><li>Independent Diving<\/li><li>Scooter \/ DPV Diving<\/li><\/ul><\/div>\t\t\t\t\t\t\t\t<\/div>\n\t\t\t\t<\/div>\n\t\t\t\t<\/div>\n\t\t\t\t<\/div>\n\t\t<div class=\"elementor-element elementor-element-7051abe e-con-full e-flex e-con e-child\" data-id=\"7051abe\" data-element_type=\"container\" data-e-type=\"container\">\n\t\t<div class=\"elementor-element elementor-element-5cd02d4 e-con-full course-sidebar-box e-flex e-con e-child\" data-id=\"5cd02d4\" data-element_type=\"container\" data-e-type=\"container\" data-settings=\"{&quot;sticky&quot;:&quot;top&quot;,&quot;sticky_offset&quot;:110,&quot;sticky_effects_offset&quot;:130,&quot;sticky_parent&quot;:&quot;yes&quot;,&quot;sticky_on&quot;:[&quot;desktop&quot;,&quot;tablet&quot;,&quot;mobile&quot;],&quot;sticky_anchor_link_offset&quot;:0}\">\n\t\t\t\t<div class=\"elementor-element elementor-element-c8ca203 elementor-widget elementor-widget-text-editor\" data-id=\"c8ca203\" data-element_type=\"widget\" data-e-type=\"widget\" data-widget_type=\"text-editor.default\">\n\t\t\t\t<div class=\"elementor-widget-container\">\n\t\t\t\t\t\t\t\t\t<div class=\"courses-info\"><h6 class=\"no-margin\">Duraci\u00f3n:<\/h6><p class=\"no-margin\">3 &#8211; 4 d\u00edas<\/p><\/div><div class=\"courses-info\"><h6 class=\"no-margin\">Precio:<\/h6><p class=\"no-margin\">Desde \u20ac<\/p><\/div>\t\t\t\t\t\t\t\t<\/div>\n\t\t\t\t<\/div>\n\t\t\t\t<div class=\"elementor-element elementor-element-d2ab093 elementor-mobile-align-center elementor-widget elementor-widget-button\" data-id=\"d2ab093\" data-element_type=\"widget\" data-e-type=\"widget\" data-widget_type=\"button.default\">\n\t\t\t\t<div class=\"elementor-widget-container\">\n\t\t\t\t\t\t\t\t\t<div class=\"elementor-button-wrapper\">\n\t\t\t\t\t<a class=\"elementor-button elementor-button-link elementor-size-sm\" href=\"https:\/\/booking.calerodiving.com\/front\/6213b2319a1bbf005fa0b870\/product\/69eb1c50e8ef599459b7fc7a\" target=\"_blank\">\n\t\t\t\t\t\t<span class=\"elementor-button-content-wrapper\">\n\t\t\t\t\t\t\t\t\t<span class=\"elementor-button-text\">Reservar Curso<\/span>\n\t\t\t\t\t<\/span>\n\t\t\t\t\t<\/a>\n\t\t\t\t<\/div>\n\t\t\t\t\t\t\t\t<\/div>\n\t\t\t\t<\/div>\n\t\t\t\t<\/div>\n\t\t\t\t<\/div>\n\t\t\t\t\t<\/div>\n\t\t\t\t<\/div>\n\t\t\t\t<\/div>\n\t\t","protected":false},"excerpt":{"rendered":"<p>recreational Advanced Wreck Diving Explora pecios con confianza y control. Advanced Wreck Diving Ve m\u00e1s all\u00e1 del buceo b\u00e1sico en pecios y explora entornos de pecios m\u00e1s avanzados con mayor control y confianza. La especialidad SSI Advanced Wreck Diving est\u00e1 pensada para buceadores que ya disfrutan del buceo en pecios y quieren desarrollar un mayor [&hellip;]<\/p>\n","protected":false},"author":10,"featured_media":0,"parent":0,"menu_order":0,"comment_status":"closed","ping_status":"closed","template":"","meta":{"_acf_changed":false,"footnotes":""},"class_list":["post-29162","page","type-page","status-publish","hentry"],"acf":[],"yoast_head":"<!-- This site is optimized with the Yoast SEO plugin v27.5 - https:\/\/yoast.com\/product\/yoast-seo-wordpress\/ -->\n<title>Advanced Wreck Diving | Calero Diving Lanzarote<\/title>\n<meta name=\"robots\" content=\"index, follow, max-snippet:-1, max-image-preview:large, max-video-preview:-1\" \/>\n<link rel=\"canonical\" href=\"https:\/\/calerodiving.com\/advanced-wreck-diving\/\" \/>\n<meta property=\"og:locale\" content=\"es_ES\" \/>\n<meta property=\"og:type\" content=\"article\" \/>\n<meta property=\"og:title\" content=\"Advanced Wreck Diving | Calero Diving Lanzarote\" \/>\n<meta property=\"og:description\" content=\"recreational Advanced Wreck Diving Explora pecios con confianza y control. Advanced Wreck Diving Ve m\u00e1s all\u00e1 del buceo b\u00e1sico en pecios y explora entornos de pecios m\u00e1s avanzados con mayor control y confianza. La especialidad SSI Advanced Wreck Diving est\u00e1 pensada para buceadores que ya disfrutan del buceo en pecios y quieren desarrollar un mayor [&hellip;]\" \/>\n<meta property=\"og:url\" content=\"https:\/\/calerodiving.com\/advanced-wreck-diving\/\" \/>\n<meta property=\"og:site_name\" content=\"Calero Diving Lanzarote\" \/>\n<meta property=\"article:publisher\" content=\"https:\/\/www.facebook.com\/calerodiving\/\" \/>\n<meta property=\"article:modified_time\" content=\"2026-04-24T07:33:43+00:00\" \/>\n<meta property=\"og:image\" content=\"https:\/\/calerodiving.com\/wp-content\/uploads\/2026\/04\/Advanced-Wreck-Diving_lanzarote_calero.jpg\" \/>\n\t<meta property=\"og:image:width\" content=\"690\" \/>\n\t<meta property=\"og:image:height\" content=\"438\" \/>\n\t<meta property=\"og:image:type\" content=\"image\/jpeg\" \/>\n<meta name=\"twitter:card\" content=\"summary_large_image\" \/>\n<meta name=\"twitter:label1\" content=\"Tiempo de lectura\" \/>\n\t<meta name=\"twitter:data1\" content=\"3 minutos\" \/>\n<script type=\"application\/ld+json\" class=\"yoast-schema-graph\">{\"@context\":\"https:\\\/\\\/schema.org\",\"@graph\":[{\"@type\":\"WebPage\",\"@id\":\"https:\\\/\\\/calerodiving.com\\\/advanced-wreck-diving\\\/\",\"url\":\"https:\\\/\\\/calerodiving.com\\\/advanced-wreck-diving\\\/\",\"name\":\"Advanced Wreck Diving | Calero Diving Lanzarote\",\"isPartOf\":{\"@id\":\"https:\\\/\\\/calerodiving.com\\\/#website\"},\"primaryImageOfPage\":{\"@id\":\"https:\\\/\\\/calerodiving.com\\\/advanced-wreck-diving\\\/#primaryimage\"},\"image\":{\"@id\":\"https:\\\/\\\/calerodiving.com\\\/advanced-wreck-diving\\\/#primaryimage\"},\"thumbnailUrl\":\"https:\\\/\\\/calerodiving.com\\\/wp-content\\\/uploads\\\/2026\\\/04\\\/Advanced-Wreck-Diving_lanzarote_calero.jpg\",\"datePublished\":\"2026-04-24T06:57:38+00:00\",\"dateModified\":\"2026-04-24T07:33:43+00:00\",\"breadcrumb\":{\"@id\":\"https:\\\/\\\/calerodiving.com\\\/advanced-wreck-diving\\\/#breadcrumb\"},\"inLanguage\":\"es\",\"potentialAction\":[{\"@type\":\"ReadAction\",\"target\":[\"https:\\\/\\\/calerodiving.com\\\/advanced-wreck-diving\\\/\"]}]},{\"@type\":\"ImageObject\",\"inLanguage\":\"es\",\"@id\":\"https:\\\/\\\/calerodiving.com\\\/advanced-wreck-diving\\\/#primaryimage\",\"url\":\"https:\\\/\\\/calerodiving.com\\\/wp-content\\\/uploads\\\/2026\\\/04\\\/Advanced-Wreck-Diving_lanzarote_calero.jpg\",\"contentUrl\":\"https:\\\/\\\/calerodiving.com\\\/wp-content\\\/uploads\\\/2026\\\/04\\\/Advanced-Wreck-Diving_lanzarote_calero.jpg\"},{\"@type\":\"BreadcrumbList\",\"@id\":\"https:\\\/\\\/calerodiving.com\\\/advanced-wreck-diving\\\/#breadcrumb\",\"itemListElement\":[{\"@type\":\"ListItem\",\"position\":1,\"name\":\"Home\",\"item\":\"https:\\\/\\\/calerodiving.com\\\/es\\\/\"},{\"@type\":\"ListItem\",\"position\":2,\"name\":\"Advanced Wreck Diving\"}]},{\"@type\":\"WebSite\",\"@id\":\"https:\\\/\\\/calerodiving.com\\\/#website\",\"url\":\"https:\\\/\\\/calerodiving.com\\\/\",\"name\":\"Calero Diving Lanzarote\",\"description\":\"Diving Center Lanzarote\",\"publisher\":{\"@id\":\"https:\\\/\\\/calerodiving.com\\\/#organization\"},\"alternateName\":\"Calero Diving\",\"potentialAction\":[{\"@type\":\"SearchAction\",\"target\":{\"@type\":\"EntryPoint\",\"urlTemplate\":\"https:\\\/\\\/calerodiving.com\\\/?s={search_term_string}\"},\"query-input\":{\"@type\":\"PropertyValueSpecification\",\"valueRequired\":true,\"valueName\":\"search_term_string\"}}],\"inLanguage\":\"es\"},{\"@type\":\"Organization\",\"@id\":\"https:\\\/\\\/calerodiving.com\\\/#organization\",\"name\":\"Calero Diving Lanzarote\",\"alternateName\":\"Calero Diving\",\"url\":\"https:\\\/\\\/calerodiving.com\\\/\",\"logo\":{\"@type\":\"ImageObject\",\"inLanguage\":\"es\",\"@id\":\"https:\\\/\\\/calerodiving.com\\\/#\\\/schema\\\/logo\\\/image\\\/\",\"url\":\"https:\\\/\\\/calerodiving.com\\\/wp-content\\\/uploads\\\/2025\\\/05\\\/Grupo.png\",\"contentUrl\":\"https:\\\/\\\/calerodiving.com\\\/wp-content\\\/uploads\\\/2025\\\/05\\\/Grupo.png\",\"width\":499,\"height\":590,\"caption\":\"Calero Diving Lanzarote\"},\"image\":{\"@id\":\"https:\\\/\\\/calerodiving.com\\\/#\\\/schema\\\/logo\\\/image\\\/\"},\"sameAs\":[\"https:\\\/\\\/www.facebook.com\\\/calerodiving\\\/\",\"https:\\\/\\\/www.instagram.com\\\/calerodiving\\\/\"]}]}<\/script>\n<!-- \/ Yoast SEO plugin. -->","yoast_head_json":{"title":"Advanced Wreck Diving | Calero Diving Lanzarote","robots":{"index":"index","follow":"follow","max-snippet":"max-snippet:-1","max-image-preview":"max-image-preview:large","max-video-preview":"max-video-preview:-1"},"canonical":"https:\/\/calerodiving.com\/advanced-wreck-diving\/","og_locale":"es_ES","og_type":"article","og_title":"Advanced Wreck Diving | Calero Diving Lanzarote","og_description":"recreational Advanced Wreck Diving Explora pecios con confianza y control. Advanced Wreck Diving Ve m\u00e1s all\u00e1 del buceo b\u00e1sico en pecios y explora entornos de pecios m\u00e1s avanzados con mayor control y confianza. La especialidad SSI Advanced Wreck Diving est\u00e1 pensada para buceadores que ya disfrutan del buceo en pecios y quieren desarrollar un mayor [&hellip;]","og_url":"https:\/\/calerodiving.com\/advanced-wreck-diving\/","og_site_name":"Calero Diving Lanzarote","article_publisher":"https:\/\/www.facebook.com\/calerodiving\/","article_modified_time":"2026-04-24T07:33:43+00:00","og_image":[{"width":690,"height":438,"url":"https:\/\/calerodiving.com\/wp-content\/uploads\/2026\/04\/Advanced-Wreck-Diving_lanzarote_calero.jpg","type":"image\/jpeg"}],"twitter_card":"summary_large_image","twitter_misc":{"Tiempo de lectura":"3 minutos"},"schema":{"@context":"https:\/\/schema.org","@graph":[{"@type":"WebPage","@id":"https:\/\/calerodiving.com\/advanced-wreck-diving\/","url":"https:\/\/calerodiving.com\/advanced-wreck-diving\/","name":"Advanced Wreck Diving | Calero Diving Lanzarote","isPartOf":{"@id":"https:\/\/calerodiving.com\/#website"},"primaryImageOfPage":{"@id":"https:\/\/calerodiving.com\/advanced-wreck-diving\/#primaryimage"},"image":{"@id":"https:\/\/calerodiving.com\/advanced-wreck-diving\/#primaryimage"},"thumbnailUrl":"https:\/\/calerodiving.com\/wp-content\/uploads\/2026\/04\/Advanced-Wreck-Diving_lanzarote_calero.jpg","datePublished":"2026-04-24T06:57:38+00:00","dateModified":"2026-04-24T07:33:43+00:00","breadcrumb":{"@id":"https:\/\/calerodiving.com\/advanced-wreck-diving\/#breadcrumb"},"inLanguage":"es","potentialAction":[{"@type":"ReadAction","target":["https:\/\/calerodiving.com\/advanced-wreck-diving\/"]}]},{"@type":"ImageObject","inLanguage":"es","@id":"https:\/\/calerodiving.com\/advanced-wreck-diving\/#primaryimage","url":"https:\/\/calerodiving.com\/wp-content\/uploads\/2026\/04\/Advanced-Wreck-Diving_lanzarote_calero.jpg","contentUrl":"https:\/\/calerodiving.com\/wp-content\/uploads\/2026\/04\/Advanced-Wreck-Diving_lanzarote_calero.jpg"},{"@type":"BreadcrumbList","@id":"https:\/\/calerodiving.com\/advanced-wreck-diving\/#breadcrumb","itemListElement":[{"@type":"ListItem","position":1,"name":"Home","item":"https:\/\/calerodiving.com\/es\/"},{"@type":"ListItem","position":2,"name":"Advanced Wreck Diving"}]},{"@type":"WebSite","@id":"https:\/\/calerodiving.com\/#website","url":"https:\/\/calerodiving.com\/","name":"Calero Diving Lanzarote","description":"Diving Center Lanzarote","publisher":{"@id":"https:\/\/calerodiving.com\/#organization"},"alternateName":"Calero Diving","potentialAction":[{"@type":"SearchAction","target":{"@type":"EntryPoint","urlTemplate":"https:\/\/calerodiving.com\/?s={search_term_string}"},"query-input":{"@type":"PropertyValueSpecification","valueRequired":true,"valueName":"search_term_string"}}],"inLanguage":"es"},{"@type":"Organization","@id":"https:\/\/calerodiving.com\/#organization","name":"Calero Diving Lanzarote","alternateName":"Calero Diving","url":"https:\/\/calerodiving.com\/","logo":{"@type":"ImageObject","inLanguage":"es","@id":"https:\/\/calerodiving.com\/#\/schema\/logo\/image\/","url":"https:\/\/calerodiving.com\/wp-content\/uploads\/2025\/05\/Grupo.png","contentUrl":"https:\/\/calerodiving.com\/wp-content\/uploads\/2025\/05\/Grupo.png","width":499,"height":590,"caption":"Calero Diving Lanzarote"},"image":{"@id":"https:\/\/calerodiving.com\/#\/schema\/logo\/image\/"},"sameAs":["https:\/\/www.facebook.com\/calerodiving\/","https:\/\/www.instagram.com\/calerodiving\/"]}]}},"_links":{"self":[{"href":"https:\/\/calerodiving.com\/es\/wp-json\/wp\/v2\/pages\/29162","targetHints":{"allow":["GET"]}}],"collection":[{"href":"https:\/\/calerodiving.com\/es\/wp-json\/wp\/v2\/pages"}],"about":[{"href":"https:\/\/calerodiving.com\/es\/wp-json\/wp\/v2\/types\/page"}],"author":[{"embeddable":true,"href":"https:\/\/calerodiving.com\/es\/wp-json\/wp\/v2\/users\/10"}],"replies":[{"embeddable":true,"href":"https:\/\/calerodiving.com\/es\/wp-json\/wp\/v2\/comments?post=29162"}],"version-history":[{"count":24,"href":"https:\/\/calerodiving.com\/es\/wp-json\/wp\/v2\/pages\/29162\/revisions"}],"predecessor-version":[{"id":29225,"href":"https:\/\/calerodiving.com\/es\/wp-json\/wp\/v2\/pages\/29162\/revisions\/29225"}],"wp:attachment":[{"href":"https:\/\/calerodiving.com\/es\/wp-json\/wp\/v2\/media?parent=29162"}],"curies":[{"name":"wp","href":"https:\/\/api.w.org\/{rel}","templated":true}]}}