{"id":27517,"date":"2026-04-18T01:45:31","date_gmt":"2026-04-18T00:45:31","guid":{"rendered":"https:\/\/calerodiving.com\/dive-guide\/"},"modified":"2026-04-20T08:55:41","modified_gmt":"2026-04-20T07:55:41","slug":"dive-guide-2","status":"publish","type":"page","link":"https:\/\/calerodiving.com\/es\/dive-guide-2\/","title":{"rendered":"Dive Guide"},"content":{"rendered":"\t\t<div data-elementor-type=\"wp-page\" data-elementor-id=\"27517\" class=\"elementor elementor-27517 elementor-27501\" data-elementor-post-type=\"page\">\n\t\t\t\t<div class=\"elementor-element elementor-element-6027205 e-flex e-con-boxed e-con e-parent\" data-id=\"6027205\" data-element_type=\"container\" data-e-type=\"container\">\n\t\t\t\t\t<div class=\"e-con-inner\">\n\t\t<div class=\"elementor-element elementor-element-1dd30da e-con-full e-flex e-con e-child\" data-id=\"1dd30da\" data-element_type=\"container\" data-e-type=\"container\">\n\t\t\t\t<div class=\"elementor-element elementor-element-5b4f173 elementor-widget elementor-widget-image\" data-id=\"5b4f173\" data-element_type=\"widget\" data-e-type=\"widget\" data-widget_type=\"image.default\">\n\t\t\t\t<div class=\"elementor-widget-container\">\n\t\t\t\t\t\t\t\t\t\t\t\t\t\t\t<img fetchpriority=\"high\" decoding=\"async\" width=\"400\" height=\"254\" src=\"https:\/\/calerodiving.com\/wp-content\/uploads\/2026\/04\/Dive_guide_SSI.jpg\" class=\"attachment-large size-large wp-image-27500\" alt=\"\" srcset=\"https:\/\/calerodiving.com\/wp-content\/uploads\/2026\/04\/Dive_guide_SSI.jpg 400w, https:\/\/calerodiving.com\/wp-content\/uploads\/2026\/04\/Dive_guide_SSI-300x191.jpg 300w\" sizes=\"(max-width: 400px) 100vw, 400px\" \/>\t\t\t\t\t\t\t\t\t\t\t\t\t\t\t<\/div>\n\t\t\t\t<\/div>\n\t\t\t\t<\/div>\n\t\t<div class=\"elementor-element elementor-element-a0195cb e-con-full e-flex e-con e-child\" data-id=\"a0195cb\" data-element_type=\"container\" data-e-type=\"container\">\n\t\t<div class=\"elementor-element elementor-element-7aa9939 e-con-full e-flex e-con e-child\" data-id=\"7aa9939\" data-element_type=\"container\" data-e-type=\"container\">\n\t\t\t\t<div class=\"elementor-element elementor-element-f215c88 elementor-widget elementor-widget-html\" data-id=\"f215c88\" data-element_type=\"widget\" data-e-type=\"widget\" data-widget_type=\"html.default\">\n\t\t\t\t<div class=\"elementor-widget-container\">\n\t\t\t\t\t<a href=\"https:\/\/calerodiving.com\/es\/?page_id=24212#recreational\" class=\"tag-button\">recreativo<\/a>\n\t\t\t\t<\/div>\n\t\t\t\t<\/div>\n\t\t\t\t<div class=\"elementor-element elementor-element-5fa226a elementor-widget elementor-widget-heading\" data-id=\"5fa226a\" data-element_type=\"widget\" data-e-type=\"widget\" data-widget_type=\"heading.default\">\n\t\t\t\t<div class=\"elementor-widget-container\">\n\t\t\t\t\t<h2 class=\"elementor-heading-title elementor-size-default\">Dive Guide<\/h2>\t\t\t\t<\/div>\n\t\t\t\t<\/div>\n\t\t\t\t<\/div>\n\t\t\t\t<\/div>\n\t\t\t\t\t<\/div>\n\t\t\t\t<\/div>\n\t\t<div class=\"elementor-element elementor-element-d98ae9f e-flex e-con-boxed e-con e-parent\" data-id=\"d98ae9f\" data-element_type=\"container\" data-e-type=\"container\">\n\t\t\t\t\t<div class=\"e-con-inner\">\n\t\t<div class=\"elementor-element elementor-element-8135ecb e-con-full e-flex e-con e-child\" data-id=\"8135ecb\" data-element_type=\"container\" data-e-type=\"container\">\n\t\t<div class=\"elementor-element elementor-element-56f7f6a e-con-full e-flex e-con e-child\" data-id=\"56f7f6a\" data-element_type=\"container\" data-e-type=\"container\">\n\t\t\t\t<div class=\"elementor-element elementor-element-545beaf elementor-widget elementor-widget-heading\" data-id=\"545beaf\" data-element_type=\"widget\" data-e-type=\"widget\" data-widget_type=\"heading.default\">\n\t\t\t\t<div class=\"elementor-widget-container\">\n\t\t\t\t\t<h2 class=\"elementor-heading-title elementor-size-default\">Da el paso al mundo profesional.<\/h2>\t\t\t\t<\/div>\n\t\t\t\t<\/div>\n\t\t\t\t<div class=\"elementor-element elementor-element-868cb30 elementor-widget elementor-widget-text-editor\" data-id=\"868cb30\" data-element_type=\"widget\" data-e-type=\"widget\" data-widget_type=\"text-editor.default\">\n\t\t\t\t<div class=\"elementor-widget-container\">\n\t\t\t\t\t\t\t\t\t<div class=\"section-list\"><h3>Resumen del programa.<\/h3><p>Si quieres dar el siguiente paso en tu formaci\u00f3n como buceador, el programa SSI Dive Guide es el punto de partida hacia el mundo profesional del buceo.<\/p><p>Este curso est\u00e1 dise\u00f1ado para desarrollar tus habilidades de liderazgo, permiti\u00e9ndote guiar a buceadores certificados y asistir a instructores durante las formaciones. A lo largo del programa, mejorar\u00e1s tus conocimientos de buceo, tu capacidad de anticipaci\u00f3n y ganar\u00e1s la confianza necesaria para supervisar actividades de buceo de forma segura y profesional.<\/p><p>Durante el curso, realizar\u00e1s sesiones pr\u00e1cticas centradas en la planificaci\u00f3n de inmersiones, la gu\u00eda de buceadores certificados, la gesti\u00f3n de riesgos y la supervisi\u00f3n de grupos.<\/p><p>Tambi\u00e9n aprender\u00e1s a realizar briefings efectivos, mejorar tu navegaci\u00f3n submarina y garantizar una experiencia segura y agradable para todos los participantes.<\/p><p>El programa SSI Dive Guide es ideal para buceadores que quieren convertir su pasi\u00f3n en una profesi\u00f3n y comenzar a trabajar en el sector del buceo.<\/p><p>Adem\u00e1s, es el primer paso para convertirte en SSI Divemaster y seguir avanzando hacia niveles profesionales superiores.<\/p><p>Al finalizar el programa, estar\u00e1s cualificado para guiar a buceadores certificados en entornos de aguas abiertas y asistir a instructores durante las formaciones.<\/p><p>Este curso te ayudar\u00e1 a desarrollar habilidades de liderazgo, mejorar tu nivel de buceo y adquirir experiencia real en la supervisi\u00f3n de inmersiones.<\/p><h3>Duraci\u00f3n<\/h3><ul><li>6 d\u00edas<\/li><\/ul><h3>Incluye<\/h3><ul><li>Inmersiones de formaci\u00f3n<\/li><li>Materiales digitales<\/li><li>Sesiones pr\u00e1cticas con un instructor profesional<\/li><\/ul><h3>Requisitos<\/h3><ul><li>Edad m\u00ednima: 15 a\u00f1os<\/li><li>Certificaci\u00f3n Open Water Diver<\/li><li>Certificaci\u00f3n Diver Stress and Rescue<\/li><li>Al menos 40 inmersiones registradas para comenzar<\/li><li>Al menos 50 inmersiones registradas para obtener la certificaci\u00f3n<\/li><\/ul><h3>No incluye<\/h3><ul><li>Seguro de buceo<\/li><li>Alquiler de equipo<\/li><li>Tasas de certificaci\u00f3n<\/li><\/ul><h3>Otros cursos que pueden interesarte<\/h3><ul><li><a href=\"#\">Diver Stress and Rescue<\/a><\/li><li><a href=\"#\">SSI Advanced Specialty Diver<\/a><\/li><li><a href=\"#\">Assistant Instructor<\/a><\/li><li><a href=\"#\">Divemaster<\/a><\/li><\/ul><\/div>\t\t\t\t\t\t\t\t<\/div>\n\t\t\t\t<\/div>\n\t\t\t\t<\/div>\n\t\t\t\t<\/div>\n\t\t<div class=\"elementor-element elementor-element-ef75c48 e-con-full e-flex e-con e-child\" data-id=\"ef75c48\" data-element_type=\"container\" data-e-type=\"container\">\n\t\t<div class=\"elementor-element elementor-element-d5ad796 e-con-full course-sidebar-box e-flex e-con e-child\" data-id=\"d5ad796\" data-element_type=\"container\" data-e-type=\"container\" data-settings=\"{&quot;sticky&quot;:&quot;top&quot;,&quot;sticky_offset&quot;:110,&quot;sticky_effects_offset&quot;:130,&quot;sticky_parent&quot;:&quot;yes&quot;,&quot;sticky_on&quot;:[&quot;desktop&quot;,&quot;tablet&quot;,&quot;mobile&quot;],&quot;sticky_anchor_link_offset&quot;:0}\">\n\t\t\t\t<div class=\"elementor-element elementor-element-e411042 elementor-widget elementor-widget-text-editor\" data-id=\"e411042\" data-element_type=\"widget\" data-e-type=\"widget\" data-widget_type=\"text-editor.default\">\n\t\t\t\t<div class=\"elementor-widget-container\">\n\t\t\t\t\t\t\t\t\t<div class=\"courses-info\"><h6 class=\"no-margin\">Duraci\u00f3n:<\/h6><p class=\"no-margin\"><span style=\"font-size: 1rem;\">6 d\u00edas<\/span><\/p><\/div><div class=\"courses-info\"><h6 class=\"no-margin\">Precio:<\/h6><p class=\"no-margin\">Desde 650 \u20ac<\/p><\/div>\t\t\t\t\t\t\t\t<\/div>\n\t\t\t\t<\/div>\n\t\t\t\t<div class=\"elementor-element elementor-element-acafe14 elementor-mobile-align-center elementor-widget elementor-widget-button\" data-id=\"acafe14\" data-element_type=\"widget\" data-e-type=\"widget\" data-widget_type=\"button.default\">\n\t\t\t\t<div class=\"elementor-widget-container\">\n\t\t\t\t\t\t\t\t\t<div class=\"elementor-button-wrapper\">\n\t\t\t\t\t<a class=\"elementor-button elementor-button-link elementor-size-sm\" href=\"#\">\n\t\t\t\t\t\t<span class=\"elementor-button-content-wrapper\">\n\t\t\t\t\t\t\t\t\t<span class=\"elementor-button-text\">Comprar curso<\/span>\n\t\t\t\t\t<\/span>\n\t\t\t\t\t<\/a>\n\t\t\t\t<\/div>\n\t\t\t\t\t\t\t\t<\/div>\n\t\t\t\t<\/div>\n\t\t\t\t<\/div>\n\t\t\t\t<\/div>\n\t\t\t\t\t<\/div>\n\t\t\t\t<\/div>\n\t\t\t\t<\/div>\n\t\t","protected":false},"excerpt":{"rendered":"<p>recreativo Dive Guide Da el paso al mundo profesional. Resumen del programa. Si quieres dar el siguiente paso en tu formaci\u00f3n como buceador, el programa SSI Dive Guide es el punto de partida hacia el mundo profesional del buceo. Este curso est\u00e1 dise\u00f1ado para desarrollar tus habilidades de liderazgo, permiti\u00e9ndote guiar a buceadores certificados y [&hellip;]<\/p>\n","protected":false},"author":10,"featured_media":0,"parent":0,"menu_order":0,"comment_status":"closed","ping_status":"closed","template":"","meta":{"_acf_changed":false,"footnotes":""},"class_list":["post-27517","page","type-page","status-publish","hentry"],"acf":[],"yoast_head":"<!-- This site is optimized with the Yoast SEO plugin v27.5 - https:\/\/yoast.com\/product\/yoast-seo-wordpress\/ -->\n<title>Dive Guide | Calero Diving Lanzarote<\/title>\n<meta name=\"robots\" content=\"index, follow, max-snippet:-1, max-image-preview:large, max-video-preview:-1\" \/>\n<link rel=\"canonical\" href=\"https:\/\/calerodiving.com\/fr\/dive-guide\/\" \/>\n<meta property=\"og:locale\" content=\"es_ES\" \/>\n<meta property=\"og:type\" content=\"article\" \/>\n<meta property=\"og:title\" content=\"Dive Guide | Calero Diving Lanzarote\" \/>\n<meta property=\"og:description\" content=\"recreativo Dive Guide Da el paso al mundo profesional. Resumen del programa. Si quieres dar el siguiente paso en tu formaci\u00f3n como buceador, el programa SSI Dive Guide es el punto de partida hacia el mundo profesional del buceo. Este curso est\u00e1 dise\u00f1ado para desarrollar tus habilidades de liderazgo, permiti\u00e9ndote guiar a buceadores certificados y [&hellip;]\" \/>\n<meta property=\"og:url\" content=\"https:\/\/calerodiving.com\/fr\/dive-guide\/\" \/>\n<meta property=\"og:site_name\" content=\"Calero Diving Lanzarote\" \/>\n<meta property=\"article:publisher\" content=\"https:\/\/www.facebook.com\/calerodiving\/\" \/>\n<meta property=\"article:modified_time\" content=\"2026-04-20T07:55:41+00:00\" \/>\n<meta property=\"og:image\" content=\"https:\/\/calerodiving.com\/wp-content\/uploads\/2026\/04\/Dive_guide_SSI.jpg\" \/>\n\t<meta property=\"og:image:width\" content=\"400\" \/>\n\t<meta property=\"og:image:height\" content=\"254\" \/>\n\t<meta property=\"og:image:type\" content=\"image\/jpeg\" \/>\n<meta name=\"twitter:card\" content=\"summary_large_image\" \/>\n<meta name=\"twitter:label1\" content=\"Tiempo de lectura\" \/>\n\t<meta name=\"twitter:data1\" content=\"2 minutos\" \/>\n<script type=\"application\/ld+json\" class=\"yoast-schema-graph\">{\"@context\":\"https:\\\/\\\/schema.org\",\"@graph\":[{\"@type\":\"WebPage\",\"@id\":\"https:\\\/\\\/calerodiving.com\\\/fr\\\/dive-guide\\\/\",\"url\":\"https:\\\/\\\/calerodiving.com\\\/fr\\\/dive-guide\\\/\",\"name\":\"Dive Guide | Calero Diving Lanzarote\",\"isPartOf\":{\"@id\":\"https:\\\/\\\/calerodiving.com\\\/#website\"},\"primaryImageOfPage\":{\"@id\":\"https:\\\/\\\/calerodiving.com\\\/fr\\\/dive-guide\\\/#primaryimage\"},\"image\":{\"@id\":\"https:\\\/\\\/calerodiving.com\\\/fr\\\/dive-guide\\\/#primaryimage\"},\"thumbnailUrl\":\"https:\\\/\\\/calerodiving.com\\\/wp-content\\\/uploads\\\/2026\\\/04\\\/Dive_guide_SSI.jpg\",\"datePublished\":\"2026-04-18T00:45:31+00:00\",\"dateModified\":\"2026-04-20T07:55:41+00:00\",\"breadcrumb\":{\"@id\":\"https:\\\/\\\/calerodiving.com\\\/fr\\\/dive-guide\\\/#breadcrumb\"},\"inLanguage\":\"es\",\"potentialAction\":[{\"@type\":\"ReadAction\",\"target\":[\"https:\\\/\\\/calerodiving.com\\\/fr\\\/dive-guide\\\/\"]}]},{\"@type\":\"ImageObject\",\"inLanguage\":\"es\",\"@id\":\"https:\\\/\\\/calerodiving.com\\\/fr\\\/dive-guide\\\/#primaryimage\",\"url\":\"https:\\\/\\\/calerodiving.com\\\/wp-content\\\/uploads\\\/2026\\\/04\\\/Dive_guide_SSI.jpg\",\"contentUrl\":\"https:\\\/\\\/calerodiving.com\\\/wp-content\\\/uploads\\\/2026\\\/04\\\/Dive_guide_SSI.jpg\"},{\"@type\":\"BreadcrumbList\",\"@id\":\"https:\\\/\\\/calerodiving.com\\\/fr\\\/dive-guide\\\/#breadcrumb\",\"itemListElement\":[{\"@type\":\"ListItem\",\"position\":1,\"name\":\"Home\",\"item\":\"https:\\\/\\\/calerodiving.com\\\/es\\\/\"},{\"@type\":\"ListItem\",\"position\":2,\"name\":\"Dive Guide\"}]},{\"@type\":\"WebSite\",\"@id\":\"https:\\\/\\\/calerodiving.com\\\/#website\",\"url\":\"https:\\\/\\\/calerodiving.com\\\/\",\"name\":\"Calero Diving Lanzarote\",\"description\":\"Diving Center Lanzarote\",\"publisher\":{\"@id\":\"https:\\\/\\\/calerodiving.com\\\/#organization\"},\"alternateName\":\"Calero Diving\",\"potentialAction\":[{\"@type\":\"SearchAction\",\"target\":{\"@type\":\"EntryPoint\",\"urlTemplate\":\"https:\\\/\\\/calerodiving.com\\\/?s={search_term_string}\"},\"query-input\":{\"@type\":\"PropertyValueSpecification\",\"valueRequired\":true,\"valueName\":\"search_term_string\"}}],\"inLanguage\":\"es\"},{\"@type\":\"Organization\",\"@id\":\"https:\\\/\\\/calerodiving.com\\\/#organization\",\"name\":\"Calero Diving Lanzarote\",\"alternateName\":\"Calero Diving\",\"url\":\"https:\\\/\\\/calerodiving.com\\\/\",\"logo\":{\"@type\":\"ImageObject\",\"inLanguage\":\"es\",\"@id\":\"https:\\\/\\\/calerodiving.com\\\/#\\\/schema\\\/logo\\\/image\\\/\",\"url\":\"https:\\\/\\\/calerodiving.com\\\/wp-content\\\/uploads\\\/2025\\\/05\\\/Grupo.png\",\"contentUrl\":\"https:\\\/\\\/calerodiving.com\\\/wp-content\\\/uploads\\\/2025\\\/05\\\/Grupo.png\",\"width\":499,\"height\":590,\"caption\":\"Calero Diving Lanzarote\"},\"image\":{\"@id\":\"https:\\\/\\\/calerodiving.com\\\/#\\\/schema\\\/logo\\\/image\\\/\"},\"sameAs\":[\"https:\\\/\\\/www.facebook.com\\\/calerodiving\\\/\",\"https:\\\/\\\/www.instagram.com\\\/calerodiving\\\/\"]}]}<\/script>\n<!-- \/ Yoast SEO plugin. -->","yoast_head_json":{"title":"Dive Guide | Calero Diving Lanzarote","robots":{"index":"index","follow":"follow","max-snippet":"max-snippet:-1","max-image-preview":"max-image-preview:large","max-video-preview":"max-video-preview:-1"},"canonical":"https:\/\/calerodiving.com\/fr\/dive-guide\/","og_locale":"es_ES","og_type":"article","og_title":"Dive Guide | Calero Diving Lanzarote","og_description":"recreativo Dive Guide Da el paso al mundo profesional. Resumen del programa. Si quieres dar el siguiente paso en tu formaci\u00f3n como buceador, el programa SSI Dive Guide es el punto de partida hacia el mundo profesional del buceo. Este curso est\u00e1 dise\u00f1ado para desarrollar tus habilidades de liderazgo, permiti\u00e9ndote guiar a buceadores certificados y [&hellip;]","og_url":"https:\/\/calerodiving.com\/fr\/dive-guide\/","og_site_name":"Calero Diving Lanzarote","article_publisher":"https:\/\/www.facebook.com\/calerodiving\/","article_modified_time":"2026-04-20T07:55:41+00:00","og_image":[{"width":400,"height":254,"url":"https:\/\/calerodiving.com\/wp-content\/uploads\/2026\/04\/Dive_guide_SSI.jpg","type":"image\/jpeg"}],"twitter_card":"summary_large_image","twitter_misc":{"Tiempo de lectura":"2 minutos"},"schema":{"@context":"https:\/\/schema.org","@graph":[{"@type":"WebPage","@id":"https:\/\/calerodiving.com\/fr\/dive-guide\/","url":"https:\/\/calerodiving.com\/fr\/dive-guide\/","name":"Dive Guide | Calero Diving Lanzarote","isPartOf":{"@id":"https:\/\/calerodiving.com\/#website"},"primaryImageOfPage":{"@id":"https:\/\/calerodiving.com\/fr\/dive-guide\/#primaryimage"},"image":{"@id":"https:\/\/calerodiving.com\/fr\/dive-guide\/#primaryimage"},"thumbnailUrl":"https:\/\/calerodiving.com\/wp-content\/uploads\/2026\/04\/Dive_guide_SSI.jpg","datePublished":"2026-04-18T00:45:31+00:00","dateModified":"2026-04-20T07:55:41+00:00","breadcrumb":{"@id":"https:\/\/calerodiving.com\/fr\/dive-guide\/#breadcrumb"},"inLanguage":"es","potentialAction":[{"@type":"ReadAction","target":["https:\/\/calerodiving.com\/fr\/dive-guide\/"]}]},{"@type":"ImageObject","inLanguage":"es","@id":"https:\/\/calerodiving.com\/fr\/dive-guide\/#primaryimage","url":"https:\/\/calerodiving.com\/wp-content\/uploads\/2026\/04\/Dive_guide_SSI.jpg","contentUrl":"https:\/\/calerodiving.com\/wp-content\/uploads\/2026\/04\/Dive_guide_SSI.jpg"},{"@type":"BreadcrumbList","@id":"https:\/\/calerodiving.com\/fr\/dive-guide\/#breadcrumb","itemListElement":[{"@type":"ListItem","position":1,"name":"Home","item":"https:\/\/calerodiving.com\/es\/"},{"@type":"ListItem","position":2,"name":"Dive Guide"}]},{"@type":"WebSite","@id":"https:\/\/calerodiving.com\/#website","url":"https:\/\/calerodiving.com\/","name":"Calero Diving Lanzarote","description":"Diving Center Lanzarote","publisher":{"@id":"https:\/\/calerodiving.com\/#organization"},"alternateName":"Calero Diving","potentialAction":[{"@type":"SearchAction","target":{"@type":"EntryPoint","urlTemplate":"https:\/\/calerodiving.com\/?s={search_term_string}"},"query-input":{"@type":"PropertyValueSpecification","valueRequired":true,"valueName":"search_term_string"}}],"inLanguage":"es"},{"@type":"Organization","@id":"https:\/\/calerodiving.com\/#organization","name":"Calero Diving Lanzarote","alternateName":"Calero Diving","url":"https:\/\/calerodiving.com\/","logo":{"@type":"ImageObject","inLanguage":"es","@id":"https:\/\/calerodiving.com\/#\/schema\/logo\/image\/","url":"https:\/\/calerodiving.com\/wp-content\/uploads\/2025\/05\/Grupo.png","contentUrl":"https:\/\/calerodiving.com\/wp-content\/uploads\/2025\/05\/Grupo.png","width":499,"height":590,"caption":"Calero Diving Lanzarote"},"image":{"@id":"https:\/\/calerodiving.com\/#\/schema\/logo\/image\/"},"sameAs":["https:\/\/www.facebook.com\/calerodiving\/","https:\/\/www.instagram.com\/calerodiving\/"]}]}},"_links":{"self":[{"href":"https:\/\/calerodiving.com\/es\/wp-json\/wp\/v2\/pages\/27517","targetHints":{"allow":["GET"]}}],"collection":[{"href":"https:\/\/calerodiving.com\/es\/wp-json\/wp\/v2\/pages"}],"about":[{"href":"https:\/\/calerodiving.com\/es\/wp-json\/wp\/v2\/types\/page"}],"author":[{"embeddable":true,"href":"https:\/\/calerodiving.com\/es\/wp-json\/wp\/v2\/users\/10"}],"replies":[{"embeddable":true,"href":"https:\/\/calerodiving.com\/es\/wp-json\/wp\/v2\/comments?post=27517"}],"version-history":[{"count":21,"href":"https:\/\/calerodiving.com\/es\/wp-json\/wp\/v2\/pages\/27517\/revisions"}],"predecessor-version":[{"id":27688,"href":"https:\/\/calerodiving.com\/es\/wp-json\/wp\/v2\/pages\/27517\/revisions\/27688"}],"wp:attachment":[{"href":"https:\/\/calerodiving.com\/es\/wp-json\/wp\/v2\/media?parent=27517"}],"curies":[{"name":"wp","href":"https:\/\/api.w.org\/{rel}","templated":true}]}}